{"id":132788,"date":"2022-07-25T10:17:57","date_gmt":"2022-07-25T08:18:06","guid":{"rendered":"https:\/\/tourtravelandmore.com\/?post_type=product&#038;p=132788"},"modified":"2023-03-25T08:14:46","modified_gmt":"2023-03-25T07:14:46","slug":"visite-privee-de-letna-et-de-taormina-au-depart-de-messine","status":"publish","type":"product","link":"https:\/\/tourtravelandmore.com\/fr\/tours\/italie-fr\/messina-fr\/toutes-les-visites-et-activites-privees-fr-3\/visite-privee-de-letna-et-de-taormina-au-depart-de-messine\/","title":{"rendered":"Visite priv\u00e9e de l&#8217;Etna et de Taormina au d\u00e9part de Messine"},"content":{"rendered":"<h2><b>Description de l&#8217;excursion priv\u00e9e, Etna et Taormine au d\u00e9part de Messine<\/b><\/h2>\n<p><span style=\"font-weight: 400;\">Visite priv\u00e9e de l&#8217;Etna et de Taormine au d\u00e9part de Messine : une exp\u00e9rience unique et inoubliable. Le volcan Etna et la ville m\u00e9di\u00e9vale de Taormine sont deux des attractions les plus populaires de Sicile, et pour cause. L&#8217;\u00eele est r\u00e9put\u00e9e pour sa beaut\u00e9 naturelle, et ces deux sites sont sans aucun doute des joyaux. Si vous cherchez le moyen id\u00e9al de d\u00e9couvrir ces merveilles siciliennes, cette visite priv\u00e9e est faite pour vous.<\/span><\/p>\n<p><span style=\"font-weight: 400;\">Notre guide expert partagera ses connaissances approfondies sur l&#8217;histoire, la culture et la g\u00e9ographie de la Sicile, ajoutant une couche suppl\u00e9mentaire de profondeur et de perspicacit\u00e9 \u00e0 votre visite. Vous d\u00e9couvrirez les caract\u00e9ristiques g\u00e9ologiques uniques du volcan Etna, les l\u00e9gendes et les mythes qui entourent Taormine, et bien d&#8217;autres choses encore.<\/span><\/p>\n<p><span style=\"font-weight: 400;\">Vous n&#8217;aurez \u00e0 vous soucier de rien d&#8217;autre que de profiter de la vue magnifique. Votre guide expert vous conduira aux meilleurs endroits pour prendre des photos, vous racontera l&#8217;histoire de chaque lieu et r\u00e9pondra \u00e0 toutes vos questions. En outre, nos visites priv\u00e9es offrent la possibilit\u00e9 de personnaliser l&#8217;itin\u00e9raire en fonction de vos pr\u00e9f\u00e9rences, ce qui en fait une option id\u00e9ale pour les familles, les couples ou les petits groupes d&#8217;amis.<\/span><\/p>\n<p><span style=\"font-weight: 400;\">Votre chauffeur et votre v\u00e9hicule priv\u00e9 viendront vous chercher \u00e0 un point central de Messine ou \u00e0 votre lieu d&#8217;h\u00e9bergement pour commencer cette aventure. Tout au long de l&#8217;excursion, vous voyagerez dans le confort et le style, avec un v\u00e9hicule de luxe et un chauffeur professionnel \u00e0 votre disposition.<\/span><\/p>\n<p><span style=\"font-weight: 400;\">\u00c0 la fin de l&#8217;excursion priv\u00e9e, votre v\u00e9hicule et votre chauffeur vous ram\u00e8neront \u00e0 votre point de d\u00e9part pour que vous puissiez continuer \u00e0 d\u00e9couvrir cette destination \u00e9tonnante. Il convient de mentionner que Tour Travel and More propose une gamme d&#8217;excursions priv\u00e9es \u00e0 Messine et \u00e0 Taormine, alors n&#8217;h\u00e9sitez pas \u00e0 consulter notre liste compl\u00e8te d&#8217;options pour plus d&#8217;inspiration.<\/span><\/p>\n<h2><b>Visite priv\u00e9e de l&#8217;Etna et de Taormine au d\u00e9part de Messine<\/b><\/h2>\n<p><span style=\"font-weight: 400;\">Dans le cadre de la visite priv\u00e9e de l&#8217;Etna et de Taormine au d\u00e9part de Messine, votre guide et votre v\u00e9hicule priv\u00e9 vous feront d\u00e9couvrir les points les plus importants de la r\u00e9gion, tels que<\/span><\/p>\n<h3><b>Volcan Etna :\u00a0<\/b><\/h3>\n<p><span style=\"font-weight: 400;\">Le plus haut volcan d&#8217;Europe et l&#8217;une des principales attractions de la Sicile. Votre guide vous expliquera l&#8217;histoire et la g\u00e9ologie du volcan, et vous conduira aux meilleurs endroits pour voir les sites.<\/span><\/p>\n<h3><b>La ville m\u00e9di\u00e9vale de Taormine :\u00a0<\/b><\/h3>\n<p><span style=\"font-weight: 400;\">Cette belle ville est situ\u00e9e au sommet d&#8217;une falaise surplombant la mer. Vous pouvez vous promener dans ses rues pav\u00e9es, visiter ses magasins et ses caf\u00e9s, et admirer la vue magnifique depuis le th\u00e9\u00e2tre gr\u00e9co-romain.<\/span><\/p>\n<h3><b>Refuge Sapienza :\u00a0<\/b><\/h3>\n<p><span style=\"font-weight: 400;\">Le refuge Sapienza est la porte d&#8217;entr\u00e9e de l&#8217;Etna et offre des vues panoramiques \u00e9poustouflantes sur le paysage environnant. Vous pouvez y faire une pause et profiter de l&#8217;air frais de la montagne tout en admirant le paysage \u00e0 couper le souffle.<\/span><\/p>\n<h3><b>T\u00e9l\u00e9ph\u00e9rique (en option) :\u00a0<\/b><\/h3>\n<p><span style=\"font-weight: 400;\">Pour une exp\u00e9rience unique et inoubliable, vous pouvez prendre le t\u00e9l\u00e9ph\u00e9rique optionnel jusqu&#8217;au sommet de l&#8217;Etna. Ce trajet vous offrira une vue a\u00e9rienne \u00e9poustouflante du volcan et de la r\u00e9gion environnante.<\/span><\/p>\n<h3><b>Taormina :\u00a0<\/b><\/h3>\n<p><span style=\"font-weight: 400;\">Taormine est l&#8217;une des villes les plus pittoresques de Sicile, avec une histoire riche et des vues imprenables. Vous pouvez explorer ses rues charmantes, visiter ses sites historiques et profiter des vues panoramiques sur la mer et l&#8217;Etna.<\/span><\/p>\n<h3><b>\u00c9glises et monuments :\u00a0<\/b><\/h3>\n<p><span style=\"font-weight: 400;\">Taormine abrite de nombreuses \u00e9glises et monuments magnifiques, dont l&#8217;ancien th\u00e9\u00e2tre grec et la cath\u00e9drale Saint-Nicolas. Ces sites ne sont pas seulement beaux \u00e0 voir, ils sont aussi impr\u00e9gn\u00e9s d&#8217;histoire et de culture.<\/span><\/p>\n<h3><b>Rue Umberto :\u00a0<\/b><\/h3>\n<p><span style=\"font-weight: 400;\">Corso Umberto est la rue principale de Taormina et est bord\u00e9e de boutiques, de caf\u00e9s et de restaurants. C&#8217;est l&#8217;endroit id\u00e9al pour se promener, faire du shopping et savourer la d\u00e9licieuse cuisine sicilienne.<\/span><\/p>\n<h3><b>Gastronomie sicilienne (facultatif) :\u00a0<\/b><\/h3>\n<p><span style=\"font-weight: 400;\">La cuisine sicilienne est r\u00e9put\u00e9e pour ses saveurs d\u00e9licieuses et ses ingr\u00e9dients frais. Vous pouvez profiter de l&#8217;occasion pour d\u00e9guster certains des plats les plus c\u00e9l\u00e8bres de l&#8217;\u00eele, comme les p\u00e2tes \u00e0 la Norma, les arancini et les cannoli, dans l&#8217;un des nombreux restaurants ou caf\u00e9s traditionnels.<\/span><\/p>\n<p><span style=\"font-weight: 400;\">En r\u00e9servant cette excursion, vous aurez l&#8217;occasion de voir les plus beaux endroits de la Sicile avec un guide expert. Vous ne regretterez pas cette exp\u00e9rience unique et inoubliable.<\/span><\/p>\n<p><span style=\"font-weight: 400;\">\u00c0 la fin de l&#8217;excursion, votre v\u00e9hicule priv\u00e9 et votre chauffeur vous ram\u00e8neront \u00e0 votre point de d\u00e9part \u00e0 Messine.<\/span><\/p>\n<p><b>Si vous souhaitez en savoir plus sur la Sicile, nous vous recommandons de participer \u00e0 l&#8217;une de nos <\/b><a href=\"https:\/\/tourtravelandmore.com\/fr\/city\/italie-fr\/messina-fr\/\"><b>visites priv\u00e9es \u00e0 Messine.<\/b><\/a><b> Ce sera une exp\u00e9rience luxueuse et, bien s\u00fbr, inoubliable.<\/b><\/p>\n","protected":false},"excerpt":{"rendered":"<p><span style=\"font-weight: 400;\">\u00a0Vous n&#8217;aurez \u00e0 vous soucier de rien, si ce n&#8217;est de profiter de la vue magnifique. Votre guide expert vous emm\u00e8nera aux meilleurs endroits pour prendre des photos, vous racontera l&#8217;histoire de chaque lieu et r\u00e9pondra \u00e0 toutes vos questions.<\/span><\/p>\n","protected":false},"featured_media":132800,"comment_status":"open","ping_status":"closed","template":"","meta":{"_acf_changed":false},"product_brand":[],"product_cat":[3549,4169,4189,4177,4188],"product_tag":[],"class_list":{"0":"post-132788","1":"product","2":"type-product","3":"status-publish","4":"has-post-thumbnail","6":"product_cat-italie-fr","7":"product_cat-messina-fr","8":"product_cat-excursions-privees-a-terre-fr-3","9":"product_cat-toutes-les-visites-et-activites-privees-fr-3","10":"product_cat-visites-guidees-privees-fr-3","12":"first","13":"instock","14":"shipping-taxable","15":"purchasable","16":"product-type-simple"},"acf":[],"yoast_head":"<!-- This site is optimized with the Yoast SEO Premium plugin v25.3.1 (Yoast SEO v25.3.1) - https:\/\/yoast.com\/wordpress\/plugins\/seo\/ -->\n<title>\u27a1\ufe0f Private Etna &amp; Taormina Tour from Messina | Tour Travel &amp; More<\/title>\n<meta name=\"description\" content=\"Etna &amp; Taormina, si vous cherchez la fa\u00e7on parfaite de voir ces merveilles siciliennes, alors cette visite priv\u00e9e est pour vous \u2705\" \/>\n<meta name=\"robots\" content=\"index, follow, max-snippet:-1, max-image-preview:large, max-video-preview:-1\" \/>\n<link rel=\"canonical\" href=\"https:\/\/tourtravelandmore.com\/fr\/tours\/italie-fr\/messina-fr\/toutes-les-visites-et-activites-privees-fr-3\/visite-privee-de-letna-et-de-taormina-au-depart-de-messine\/\" \/>\n<meta property=\"og:locale\" content=\"fr_FR\" \/>\n<meta property=\"og:type\" content=\"article\" \/>\n<meta property=\"og:title\" content=\"Visite priv\u00e9e de l&#039;Etna et de Taormina au d\u00e9part de Messine\" \/>\n<meta property=\"og:description\" content=\"Etna &amp; Taormina, si vous cherchez la fa\u00e7on parfaite de voir ces merveilles siciliennes, alors cette visite priv\u00e9e est pour vous \u2705\" \/>\n<meta property=\"og:url\" content=\"https:\/\/tourtravelandmore.com\/fr\/tours\/italie-fr\/messina-fr\/toutes-les-visites-et-activites-privees-fr-3\/visite-privee-de-letna-et-de-taormina-au-depart-de-messine\/\" \/>\n<meta property=\"og:site_name\" content=\"Tour Travel And More\" \/>\n<meta property=\"article:publisher\" content=\"https:\/\/www.facebook.com\/tourtravelandmore\/\" \/>\n<meta property=\"article:modified_time\" content=\"2023-03-25T07:14:46+00:00\" \/>\n<meta property=\"og:image\" content=\"https:\/\/tourtravelandmore.com\/wp-content\/uploads\/2022\/07\/image1-2.jpg\" \/>\n\t<meta property=\"og:image:width\" content=\"900\" \/>\n\t<meta property=\"og:image:height\" content=\"750\" \/>\n\t<meta property=\"og:image:type\" content=\"image\/jpeg\" \/>\n<meta name=\"twitter:card\" content=\"summary_large_image\" \/>\n<meta name=\"twitter:site\" content=\"@TourTravel_More\" \/>\n<meta name=\"twitter:label1\" content=\"Dur\u00e9e de lecture estim\u00e9e\" \/>\n\t<meta name=\"twitter:data1\" content=\"4 minutes\" \/>\n<script type=\"application\/ld+json\" class=\"yoast-schema-graph\">{\"@context\":\"https:\/\/schema.org\",\"@graph\":[{\"@type\":\"WebPage\",\"@id\":\"https:\/\/tourtravelandmore.com\/fr\/tours\/italie-fr\/messina-fr\/toutes-les-visites-et-activites-privees-fr-3\/visite-privee-de-letna-et-de-taormina-au-depart-de-messine\/\",\"url\":\"https:\/\/tourtravelandmore.com\/fr\/tours\/italie-fr\/messina-fr\/toutes-les-visites-et-activites-privees-fr-3\/visite-privee-de-letna-et-de-taormina-au-depart-de-messine\/\",\"name\":\"\u27a1\ufe0f Private Etna & Taormina Tour from Messina | Tour Travel & More\",\"isPartOf\":{\"@id\":\"https:\/\/tourtravelandmore.com\/fr\/#website\"},\"primaryImageOfPage\":{\"@id\":\"https:\/\/tourtravelandmore.com\/fr\/tours\/italie-fr\/messina-fr\/toutes-les-visites-et-activites-privees-fr-3\/visite-privee-de-letna-et-de-taormina-au-depart-de-messine\/#primaryimage\"},\"image\":{\"@id\":\"https:\/\/tourtravelandmore.com\/fr\/tours\/italie-fr\/messina-fr\/toutes-les-visites-et-activites-privees-fr-3\/visite-privee-de-letna-et-de-taormina-au-depart-de-messine\/#primaryimage\"},\"thumbnailUrl\":\"https:\/\/tourtravelandmore.com\/wp-content\/uploads\/2022\/07\/image1-2.jpg\",\"datePublished\":\"2022-07-25T08:18:06+00:00\",\"dateModified\":\"2023-03-25T07:14:46+00:00\",\"description\":\"Etna & Taormina, si vous cherchez la fa\u00e7on parfaite de voir ces merveilles siciliennes, alors cette visite priv\u00e9e est pour vous \u2705\",\"breadcrumb\":{\"@id\":\"https:\/\/tourtravelandmore.com\/fr\/tours\/italie-fr\/messina-fr\/toutes-les-visites-et-activites-privees-fr-3\/visite-privee-de-letna-et-de-taormina-au-depart-de-messine\/#breadcrumb\"},\"inLanguage\":\"fr-FR\",\"potentialAction\":[{\"@type\":\"ReadAction\",\"target\":[\"https:\/\/tourtravelandmore.com\/fr\/tours\/italie-fr\/messina-fr\/toutes-les-visites-et-activites-privees-fr-3\/visite-privee-de-letna-et-de-taormina-au-depart-de-messine\/\"]}]},{\"@type\":\"ImageObject\",\"inLanguage\":\"fr-FR\",\"@id\":\"https:\/\/tourtravelandmore.com\/fr\/tours\/italie-fr\/messina-fr\/toutes-les-visites-et-activites-privees-fr-3\/visite-privee-de-letna-et-de-taormina-au-depart-de-messine\/#primaryimage\",\"url\":\"https:\/\/tourtravelandmore.com\/wp-content\/uploads\/2022\/07\/image1-2.jpg\",\"contentUrl\":\"https:\/\/tourtravelandmore.com\/wp-content\/uploads\/2022\/07\/image1-2.jpg\",\"width\":900,\"height\":750},{\"@type\":\"BreadcrumbList\",\"@id\":\"https:\/\/tourtravelandmore.com\/fr\/tours\/italie-fr\/messina-fr\/toutes-les-visites-et-activites-privees-fr-3\/visite-privee-de-letna-et-de-taormina-au-depart-de-messine\/#breadcrumb\",\"itemListElement\":[{\"@type\":\"ListItem\",\"position\":1,\"name\":\"Home\",\"item\":\"https:\/\/tourtravelandmore.com\/fr\/\"},{\"@type\":\"ListItem\",\"position\":2,\"name\":\"Tours\",\"item\":\"https:\/\/tourtravelandmore.com\/fr\/tours\/\"},{\"@type\":\"ListItem\",\"position\":3,\"name\":\"Visite priv\u00e9e de l&rsquo;Etna et de Taormina au d\u00e9part de Messine\"}]},{\"@type\":\"WebSite\",\"@id\":\"https:\/\/tourtravelandmore.com\/fr\/#website\",\"url\":\"https:\/\/tourtravelandmore.com\/fr\/\",\"name\":\"Tour Travel And More\",\"description\":\"Private sightseeing tours and luxury transfers in Spain\",\"publisher\":{\"@id\":\"https:\/\/tourtravelandmore.com\/fr\/#organization\"},\"potentialAction\":[{\"@type\":\"SearchAction\",\"target\":{\"@type\":\"EntryPoint\",\"urlTemplate\":\"https:\/\/tourtravelandmore.com\/fr\/?s={search_term_string}\"},\"query-input\":{\"@type\":\"PropertyValueSpecification\",\"valueRequired\":true,\"valueName\":\"search_term_string\"}}],\"inLanguage\":\"fr-FR\"},{\"@type\":\"Organization\",\"@id\":\"https:\/\/tourtravelandmore.com\/fr\/#organization\",\"name\":\"Tour Travel And More\",\"url\":\"https:\/\/tourtravelandmore.com\/fr\/\",\"logo\":{\"@type\":\"ImageObject\",\"inLanguage\":\"fr-FR\",\"@id\":\"https:\/\/tourtravelandmore.com\/fr\/#\/schema\/logo\/image\/\",\"url\":\"https:\/\/tourtravelandmore.com\/wp-content\/uploads\/2022\/12\/cropped-logo-cabecera-new.png\",\"contentUrl\":\"https:\/\/tourtravelandmore.com\/wp-content\/uploads\/2022\/12\/cropped-logo-cabecera-new.png\",\"width\":430,\"height\":61,\"caption\":\"Tour Travel And More\"},\"image\":{\"@id\":\"https:\/\/tourtravelandmore.com\/fr\/#\/schema\/logo\/image\/\"},\"sameAs\":[\"https:\/\/www.facebook.com\/tourtravelandmore\/\",\"https:\/\/x.com\/TourTravel_More\"]}]}<\/script>\n<!-- \/ Yoast SEO Premium plugin. -->","yoast_head_json":{"title":"\u27a1\ufe0f Private Etna & Taormina Tour from Messina | Tour Travel & More","description":"Etna & Taormina, si vous cherchez la fa\u00e7on parfaite de voir ces merveilles siciliennes, alors cette visite priv\u00e9e est pour vous \u2705","robots":{"index":"index","follow":"follow","max-snippet":"max-snippet:-1","max-image-preview":"max-image-preview:large","max-video-preview":"max-video-preview:-1"},"canonical":"https:\/\/tourtravelandmore.com\/fr\/tours\/italie-fr\/messina-fr\/toutes-les-visites-et-activites-privees-fr-3\/visite-privee-de-letna-et-de-taormina-au-depart-de-messine\/","og_locale":"fr_FR","og_type":"article","og_title":"Visite priv\u00e9e de l'Etna et de Taormina au d\u00e9part de Messine","og_description":"Etna & Taormina, si vous cherchez la fa\u00e7on parfaite de voir ces merveilles siciliennes, alors cette visite priv\u00e9e est pour vous \u2705","og_url":"https:\/\/tourtravelandmore.com\/fr\/tours\/italie-fr\/messina-fr\/toutes-les-visites-et-activites-privees-fr-3\/visite-privee-de-letna-et-de-taormina-au-depart-de-messine\/","og_site_name":"Tour Travel And More","article_publisher":"https:\/\/www.facebook.com\/tourtravelandmore\/","article_modified_time":"2023-03-25T07:14:46+00:00","og_image":[{"width":900,"height":750,"url":"https:\/\/tourtravelandmore.com\/wp-content\/uploads\/2022\/07\/image1-2.jpg","type":"image\/jpeg"}],"twitter_card":"summary_large_image","twitter_site":"@TourTravel_More","twitter_misc":{"Dur\u00e9e de lecture estim\u00e9e":"4 minutes"},"schema":{"@context":"https:\/\/schema.org","@graph":[{"@type":"WebPage","@id":"https:\/\/tourtravelandmore.com\/fr\/tours\/italie-fr\/messina-fr\/toutes-les-visites-et-activites-privees-fr-3\/visite-privee-de-letna-et-de-taormina-au-depart-de-messine\/","url":"https:\/\/tourtravelandmore.com\/fr\/tours\/italie-fr\/messina-fr\/toutes-les-visites-et-activites-privees-fr-3\/visite-privee-de-letna-et-de-taormina-au-depart-de-messine\/","name":"\u27a1\ufe0f Private Etna & Taormina Tour from Messina | Tour Travel & More","isPartOf":{"@id":"https:\/\/tourtravelandmore.com\/fr\/#website"},"primaryImageOfPage":{"@id":"https:\/\/tourtravelandmore.com\/fr\/tours\/italie-fr\/messina-fr\/toutes-les-visites-et-activites-privees-fr-3\/visite-privee-de-letna-et-de-taormina-au-depart-de-messine\/#primaryimage"},"image":{"@id":"https:\/\/tourtravelandmore.com\/fr\/tours\/italie-fr\/messina-fr\/toutes-les-visites-et-activites-privees-fr-3\/visite-privee-de-letna-et-de-taormina-au-depart-de-messine\/#primaryimage"},"thumbnailUrl":"https:\/\/tourtravelandmore.com\/wp-content\/uploads\/2022\/07\/image1-2.jpg","datePublished":"2022-07-25T08:18:06+00:00","dateModified":"2023-03-25T07:14:46+00:00","description":"Etna & Taormina, si vous cherchez la fa\u00e7on parfaite de voir ces merveilles siciliennes, alors cette visite priv\u00e9e est pour vous \u2705","breadcrumb":{"@id":"https:\/\/tourtravelandmore.com\/fr\/tours\/italie-fr\/messina-fr\/toutes-les-visites-et-activites-privees-fr-3\/visite-privee-de-letna-et-de-taormina-au-depart-de-messine\/#breadcrumb"},"inLanguage":"fr-FR","potentialAction":[{"@type":"ReadAction","target":["https:\/\/tourtravelandmore.com\/fr\/tours\/italie-fr\/messina-fr\/toutes-les-visites-et-activites-privees-fr-3\/visite-privee-de-letna-et-de-taormina-au-depart-de-messine\/"]}]},{"@type":"ImageObject","inLanguage":"fr-FR","@id":"https:\/\/tourtravelandmore.com\/fr\/tours\/italie-fr\/messina-fr\/toutes-les-visites-et-activites-privees-fr-3\/visite-privee-de-letna-et-de-taormina-au-depart-de-messine\/#primaryimage","url":"https:\/\/tourtravelandmore.com\/wp-content\/uploads\/2022\/07\/image1-2.jpg","contentUrl":"https:\/\/tourtravelandmore.com\/wp-content\/uploads\/2022\/07\/image1-2.jpg","width":900,"height":750},{"@type":"BreadcrumbList","@id":"https:\/\/tourtravelandmore.com\/fr\/tours\/italie-fr\/messina-fr\/toutes-les-visites-et-activites-privees-fr-3\/visite-privee-de-letna-et-de-taormina-au-depart-de-messine\/#breadcrumb","itemListElement":[{"@type":"ListItem","position":1,"name":"Home","item":"https:\/\/tourtravelandmore.com\/fr\/"},{"@type":"ListItem","position":2,"name":"Tours","item":"https:\/\/tourtravelandmore.com\/fr\/tours\/"},{"@type":"ListItem","position":3,"name":"Visite priv\u00e9e de l&rsquo;Etna et de Taormina au d\u00e9part de Messine"}]},{"@type":"WebSite","@id":"https:\/\/tourtravelandmore.com\/fr\/#website","url":"https:\/\/tourtravelandmore.com\/fr\/","name":"Tour Travel And More","description":"Private sightseeing tours and luxury transfers in Spain","publisher":{"@id":"https:\/\/tourtravelandmore.com\/fr\/#organization"},"potentialAction":[{"@type":"SearchAction","target":{"@type":"EntryPoint","urlTemplate":"https:\/\/tourtravelandmore.com\/fr\/?s={search_term_string}"},"query-input":{"@type":"PropertyValueSpecification","valueRequired":true,"valueName":"search_term_string"}}],"inLanguage":"fr-FR"},{"@type":"Organization","@id":"https:\/\/tourtravelandmore.com\/fr\/#organization","name":"Tour Travel And More","url":"https:\/\/tourtravelandmore.com\/fr\/","logo":{"@type":"ImageObject","inLanguage":"fr-FR","@id":"https:\/\/tourtravelandmore.com\/fr\/#\/schema\/logo\/image\/","url":"https:\/\/tourtravelandmore.com\/wp-content\/uploads\/2022\/12\/cropped-logo-cabecera-new.png","contentUrl":"https:\/\/tourtravelandmore.com\/wp-content\/uploads\/2022\/12\/cropped-logo-cabecera-new.png","width":430,"height":61,"caption":"Tour Travel And More"},"image":{"@id":"https:\/\/tourtravelandmore.com\/fr\/#\/schema\/logo\/image\/"},"sameAs":["https:\/\/www.facebook.com\/tourtravelandmore\/","https:\/\/x.com\/TourTravel_More"]}]}},"_links":{"self":[{"href":"https:\/\/tourtravelandmore.com\/fr\/wp-json\/wp\/v2\/product\/132788","targetHints":{"allow":["GET"]}}],"collection":[{"href":"https:\/\/tourtravelandmore.com\/fr\/wp-json\/wp\/v2\/product"}],"about":[{"href":"https:\/\/tourtravelandmore.com\/fr\/wp-json\/wp\/v2\/types\/product"}],"replies":[{"embeddable":true,"href":"https:\/\/tourtravelandmore.com\/fr\/wp-json\/wp\/v2\/comments?post=132788"}],"wp:featuredmedia":[{"embeddable":true,"href":"https:\/\/tourtravelandmore.com\/fr\/wp-json\/wp\/v2\/media\/132800"}],"wp:attachment":[{"href":"https:\/\/tourtravelandmore.com\/fr\/wp-json\/wp\/v2\/media?parent=132788"}],"wp:term":[{"taxonomy":"product_brand","embeddable":true,"href":"https:\/\/tourtravelandmore.com\/fr\/wp-json\/wp\/v2\/product_brand?post=132788"},{"taxonomy":"product_cat","embeddable":true,"href":"https:\/\/tourtravelandmore.com\/fr\/wp-json\/wp\/v2\/product_cat?post=132788"},{"taxonomy":"product_tag","embeddable":true,"href":"https:\/\/tourtravelandmore.com\/fr\/wp-json\/wp\/v2\/product_tag?post=132788"}],"curies":[{"name":"wp","href":"https:\/\/api.w.org\/{rel}","templated":true}]}}