{"id":132677,"date":"2022-07-24T19:04:00","date_gmt":"2022-07-24T17:04:09","guid":{"rendered":"https:\/\/tourtravelandmore.com\/?post_type=product&#038;p=132677"},"modified":"2023-05-01T21:48:33","modified_gmt":"2023-05-01T19:48:33","slug":"visite-privee-de-taormina-depuis-le-terminal-de-croisiere-ou-messine","status":"publish","type":"product","link":"https:\/\/tourtravelandmore.com\/fr\/tours\/italie-fr\/messina-fr\/toutes-les-visites-et-activites-privees-fr-3\/visite-privee-de-taormina-depuis-le-terminal-de-croisiere-ou-messine\/","title":{"rendered":"Visite priv\u00e9e de Taormine depuis l&#8217;h\u00f4tel ou le terminal de croisi\u00e8re de Messine"},"content":{"rendered":"<h2><b>Description de l&#8217;excursion priv\u00e9e \u00e0 Taormina depuis le terminal de croisi\u00e8re ou Messine<\/b><\/h2>\n<p><span style=\"font-weight: 400;\">La visite priv\u00e9e de Taormina depuis le terminal de croisi\u00e8re ou Messine est une visite de l&#8217;une des plus belles villes de Sicile. Au cours de la visite, vous verrez les sites les plus embl\u00e9matiques de Taormine, comme le Teatro Greco, la Piazza IX Aprile et le Palazzo Corvaja. Vous visiterez \u00e9galement le c\u00e9l\u00e8bre jardin botanique Giardino Naxos et prendrez un caf\u00e9 dans un caf\u00e9 italien typique. Le guide vous fournira des informations int\u00e9ressantes sur l&#8217;histoire et la culture de Taormine pendant la visite. En outre, vous pourrez poser des questions et participer \u00e0 la conversation. La visite priv\u00e9e de Taormine depuis le terminal de croisi\u00e8re ou Messine est un excellent moyen de d\u00e9couvrir cette belle ville italienne.<\/span><\/p>\n<p><span style=\"font-weight: 400;\">L&#8217;excursion priv\u00e9e commencera par une prise en charge \u00e0 votre point de d\u00e9part, soit au terminal de croisi\u00e8re, soit \u00e0 un point central ou un lieu d&#8217;h\u00e9bergement \u00e0 Messine, nous commencerons l&#8217;excursion avec votre v\u00e9hicule priv\u00e9 et votre chauffeur pour une exp\u00e9rience inoubliable.<\/span><\/p>\n<p><span style=\"font-weight: 400;\">Au cours de cette visite priv\u00e9e, vous aurez l&#8217;occasion d&#8217;admirer les vues imprenables sur la mer Ionienne et la baie de Naxos depuis le point de vue panoramique du Belv\u00e9d\u00e8re. Vous aurez \u00e9galement la chance d&#8217;explorer le centre historique de Taormina, avec ses rues \u00e9troites et ses places pittoresques.<\/span><\/p>\n<p><span style=\"font-weight: 400;\">L&#8217;une des principales attractions de la visite est le Teatro Greco, un ancien th\u00e9\u00e2tre grec bien pr\u00e9serv\u00e9 offrant une vue imprenable sur la mer. Vous visiterez \u00e9galement la Piazza IX Aprile, une charmante place offrant une vue panoramique sur l&#8217;Etna, et le Palazzo Corvaja, un palais m\u00e9di\u00e9val \u00e0 l&#8217;histoire fascinante.<\/span><\/p>\n<p><span style=\"font-weight: 400;\">Le jardin botanique Giardino Naxos est une attraction incontournable de la visite, o\u00f9 vous pourrez profiter d&#8217;une promenade paisible entour\u00e9e d&#8217;une v\u00e9g\u00e9tation luxuriante et de belles fleurs. Vous vous arr\u00eaterez \u00e9galement dans un caf\u00e9 italien typique, o\u00f9 vous pourrez d\u00e9guster un d\u00e9licieux caf\u00e9 local et des p\u00e2tisseries.<\/span><\/p>\n<p><span style=\"font-weight: 400;\">Notre guide comp\u00e9tent vous fournira des informations int\u00e9ressantes sur l&#8217;histoire, la culture et les traditions de Taormine, afin que vous profitiez au maximum de votre exp\u00e9rience. Vous pouvez \u00e9galement personnaliser l&#8217;excursion \u00e0 votre guise et passer plus de temps dans les endroits qui vous int\u00e9ressent le plus.<\/span><\/p>\n<p><a href=\"https:\/\/tourtravelandmore.com\/fr\/city\/italie-fr\/messina-fr\/\"><span style=\"font-weight: 400;\">R\u00e9servez d\u00e8s aujourd&#8217;hui votre visite priv\u00e9e de Taormina depuis le terminal de croisi\u00e8re ou Messine<\/span><\/a><span style=\"font-weight: 400;\"> et pr\u00e9parez-vous \u00e0 explorer l&#8217;une des plus belles villes d&#8217;Italie de mani\u00e8re exclusive et inoubliable.<\/span><\/p>\n<h2><b>Points d&#8217;int\u00e9r\u00eat de l&#8217;excursion priv\u00e9e \u00e0 Taormina depuis le terminal de croisi\u00e8re ou Messine<\/b><\/h2>\n<p><span style=\"font-weight: 400;\">Une fois l&#8217;excursion commenc\u00e9e, votre v\u00e9hicule priv\u00e9 et votre guide vous emm\u00e8neront pendant 5 heures \u00e0 la d\u00e9couverte des lieux les plus embl\u00e9matiques de Taormina, tels que.. :<\/span><b><\/b><\/p>\n<ul>\n<li aria-level=\"1\"><b>Fa\u00e7ade du palais de Corvaja<\/b><\/li>\n<\/ul>\n<ul>\n<li aria-level=\"1\"><b>Th\u00e9\u00e2tre grec<\/b><\/li>\n<\/ul>\n<ul>\n<li aria-level=\"1\"><b>Le plus haut volcan actif d&#8217;Europe : L&#8217;Etna<\/b><\/li>\n<\/ul>\n<ul>\n<li aria-level=\"1\"><b>Place du Duomo<\/b><\/li>\n<\/ul>\n<ul>\n<li aria-level=\"1\"><b>Monast\u00e8re dominicain<\/b><\/li>\n<li aria-level=\"1\"><b>Magasins d&#8217;artisanat local<\/b><\/li>\n<\/ul>\n<p><span style=\"font-weight: 400;\">La fa\u00e7ade du palais Corvaja est un exemple \u00e9tonnant d&#8217;architecture m\u00e9di\u00e9vale situ\u00e9e au c\u0153ur de Taormine. Les visiteurs peuvent admirer la belle porte en arc et la ma\u00e7onnerie orn\u00e9e de ce b\u00e2timent historique, qui a servi de palais, de prison et de mus\u00e9e au fil des si\u00e8cles.<\/span><\/p>\n<p><span style=\"font-weight: 400;\">Le Th\u00e9\u00e2tre grec est l&#8217;un des sites les plus c\u00e9l\u00e8bres de Taormine et une attraction incontournable de la visite priv\u00e9e. Les visiteurs peuvent profiter d&#8217;une vue imprenable sur le paysage environnant et la mer tout en apprenant l&#8217;histoire et l&#8217;architecture fascinantes du th\u00e9\u00e2tre.<\/span><\/p>\n<p><span style=\"font-weight: 400;\">L&#8217;Etna est le plus haut volcan actif d&#8217;Europe et un symbole embl\u00e9matique de la Sicile. Au cours de cette visite priv\u00e9e, les visiteurs auront l&#8217;occasion d&#8217;admirer les vues imprenables sur cette montagne majestueuse et d&#8217;en apprendre davantage sur sa signification g\u00e9ologique et l&#8217;importance culturelle qu&#8217;elle rev\u00eat pour les habitants de la Sicile.<\/span><\/p>\n<p><span style=\"font-weight: 400;\">La place Duomo est le c\u0153ur de Taormina et l&#8217;emplacement de la principale cath\u00e9drale de la ville. La place est entour\u00e9e de beaux b\u00e2timents, de caf\u00e9s et de boutiques, et c&#8217;est un endroit id\u00e9al pour se d\u00e9tendre et s&#8217;impr\u00e9gner de l&#8217;atmosph\u00e8re locale.<\/span><\/p>\n<p><span style=\"font-weight: 400;\">Le monast\u00e8re dominicain est un bel exemple d&#8217;architecture m\u00e9di\u00e9vale situ\u00e9 au c\u0153ur de Taormine. Les visiteurs peuvent admirer les superbes fresques et sculptures de ce b\u00e2timent historique, qui sert \u00e9galement de centre culturel et de mus\u00e9e.<\/span><\/p>\n<p><span style=\"font-weight: 400;\">Les boutiques d&#8217;artisanat local sont un \u00e9l\u00e9ment essentiel de tout voyage en Italie, et Taormina ne fait pas exception. Les visiteurs peuvent explorer les nombreuses boutiques d&#8217;artisans et galeries de la ville, o\u00f9 ils peuvent trouver des souvenirs uniques et faits main, des cadeaux et des souvenirs \u00e0 rapporter chez eux.<\/span><\/p>\n<p><span style=\"font-weight: 400;\">\u00c0 la fin de cette visite priv\u00e9e de 5 heures, les visiteurs auront d\u00e9couvert le meilleur de Taormina et auront acquis une meilleure appr\u00e9ciation de cette belle destination italienne.<\/span><\/p>\n","protected":false},"excerpt":{"rendered":"<p><span style=\"font-weight: 400;\">La visite priv\u00e9e de Taormina depuis le terminal de croisi\u00e8re ou Messine est une visite de l&#8217;une des plus belles villes de Sicile. Au cours de la visite, vous verrez les lieux les plus embl\u00e9matiques de Taormina, comme le Teatro Greco, la place IX Aprile et le palais Corvaja.<\/span><\/p>\n","protected":false},"featured_media":132695,"comment_status":"open","ping_status":"closed","template":"","meta":{"_acf_changed":false},"product_brand":[],"product_cat":[3549,4169,4189,4177,4188],"product_tag":[],"class_list":{"0":"post-132677","1":"product","2":"type-product","3":"status-publish","4":"has-post-thumbnail","6":"product_cat-italie-fr","7":"product_cat-messina-fr","8":"product_cat-excursions-privees-a-terre-fr-3","9":"product_cat-toutes-les-visites-et-activites-privees-fr-3","10":"product_cat-visites-guidees-privees-fr-3","12":"first","13":"instock","14":"shipping-taxable","15":"purchasable","16":"product-type-simple"},"acf":[],"yoast_head":"<!-- This site is optimized with the Yoast SEO Premium plugin v25.3.1 (Yoast SEO v25.3.1) - https:\/\/yoast.com\/wordpress\/plugins\/seo\/ -->\n<title>\u27a1\ufe0f Visite priv\u00e9e de Taormina depuis le terminal de croisi\u00e8re ou Messine | Tour Travel &amp; More<\/title>\n<meta name=\"description\" content=\"L&#039;excursion priv\u00e9e \u00e0 Taormina depuis le terminal de croisi\u00e8re ou Messine est une excellente fa\u00e7on de d\u00e9couvrir cette belle ville italienne - r\u00e9servez d\u00e8s aujourd&#039;hui ! \u2705\" \/>\n<meta name=\"robots\" content=\"index, follow, max-snippet:-1, max-image-preview:large, max-video-preview:-1\" \/>\n<link rel=\"canonical\" href=\"https:\/\/tourtravelandmore.com\/fr\/tours\/italie-fr\/messina-fr\/toutes-les-visites-et-activites-privees-fr-3\/visite-privee-de-taormina-depuis-le-terminal-de-croisiere-ou-messine\/\" \/>\n<meta property=\"og:locale\" content=\"fr_FR\" \/>\n<meta property=\"og:type\" content=\"article\" \/>\n<meta property=\"og:title\" content=\"Visite priv\u00e9e de Taormine depuis l&#039;h\u00f4tel ou le terminal de croisi\u00e8re de Messine\" \/>\n<meta property=\"og:description\" content=\"L&#039;excursion priv\u00e9e \u00e0 Taormina depuis le terminal de croisi\u00e8re ou Messine est une excellente fa\u00e7on de d\u00e9couvrir cette belle ville italienne - r\u00e9servez d\u00e8s aujourd&#039;hui ! \u2705\" \/>\n<meta property=\"og:url\" content=\"https:\/\/tourtravelandmore.com\/fr\/tours\/italie-fr\/messina-fr\/toutes-les-visites-et-activites-privees-fr-3\/visite-privee-de-taormina-depuis-le-terminal-de-croisiere-ou-messine\/\" \/>\n<meta property=\"og:site_name\" content=\"Tour Travel And More\" \/>\n<meta property=\"article:publisher\" content=\"https:\/\/www.facebook.com\/tourtravelandmore\/\" \/>\n<meta property=\"article:modified_time\" content=\"2023-05-01T19:48:33+00:00\" \/>\n<meta property=\"og:image\" content=\"https:\/\/tourtravelandmore.com\/wp-content\/uploads\/2022\/07\/image2-1.jpg\" \/>\n\t<meta property=\"og:image:width\" content=\"900\" \/>\n\t<meta property=\"og:image:height\" content=\"750\" \/>\n\t<meta property=\"og:image:type\" content=\"image\/jpeg\" \/>\n<meta name=\"twitter:card\" content=\"summary_large_image\" \/>\n<meta name=\"twitter:site\" content=\"@TourTravel_More\" \/>\n<meta name=\"twitter:label1\" content=\"Dur\u00e9e de lecture estim\u00e9e\" \/>\n\t<meta name=\"twitter:data1\" content=\"4 minutes\" \/>\n<script type=\"application\/ld+json\" class=\"yoast-schema-graph\">{\"@context\":\"https:\/\/schema.org\",\"@graph\":[{\"@type\":\"WebPage\",\"@id\":\"https:\/\/tourtravelandmore.com\/fr\/tours\/italie-fr\/messina-fr\/toutes-les-visites-et-activites-privees-fr-3\/visite-privee-de-taormina-depuis-le-terminal-de-croisiere-ou-messine\/\",\"url\":\"https:\/\/tourtravelandmore.com\/fr\/tours\/italie-fr\/messina-fr\/toutes-les-visites-et-activites-privees-fr-3\/visite-privee-de-taormina-depuis-le-terminal-de-croisiere-ou-messine\/\",\"name\":\"\u27a1\ufe0f Visite priv\u00e9e de Taormina depuis le terminal de croisi\u00e8re ou Messine | Tour Travel & More\",\"isPartOf\":{\"@id\":\"https:\/\/tourtravelandmore.com\/fr\/#website\"},\"primaryImageOfPage\":{\"@id\":\"https:\/\/tourtravelandmore.com\/fr\/tours\/italie-fr\/messina-fr\/toutes-les-visites-et-activites-privees-fr-3\/visite-privee-de-taormina-depuis-le-terminal-de-croisiere-ou-messine\/#primaryimage\"},\"image\":{\"@id\":\"https:\/\/tourtravelandmore.com\/fr\/tours\/italie-fr\/messina-fr\/toutes-les-visites-et-activites-privees-fr-3\/visite-privee-de-taormina-depuis-le-terminal-de-croisiere-ou-messine\/#primaryimage\"},\"thumbnailUrl\":\"https:\/\/tourtravelandmore.com\/wp-content\/uploads\/2022\/07\/image2-1.jpg\",\"datePublished\":\"2022-07-24T17:04:09+00:00\",\"dateModified\":\"2023-05-01T19:48:33+00:00\",\"description\":\"L'excursion priv\u00e9e \u00e0 Taormina depuis le terminal de croisi\u00e8re ou Messine est une excellente fa\u00e7on de d\u00e9couvrir cette belle ville italienne - r\u00e9servez d\u00e8s aujourd'hui ! \u2705\",\"breadcrumb\":{\"@id\":\"https:\/\/tourtravelandmore.com\/fr\/tours\/italie-fr\/messina-fr\/toutes-les-visites-et-activites-privees-fr-3\/visite-privee-de-taormina-depuis-le-terminal-de-croisiere-ou-messine\/#breadcrumb\"},\"inLanguage\":\"fr-FR\",\"potentialAction\":[{\"@type\":\"ReadAction\",\"target\":[\"https:\/\/tourtravelandmore.com\/fr\/tours\/italie-fr\/messina-fr\/toutes-les-visites-et-activites-privees-fr-3\/visite-privee-de-taormina-depuis-le-terminal-de-croisiere-ou-messine\/\"]}]},{\"@type\":\"ImageObject\",\"inLanguage\":\"fr-FR\",\"@id\":\"https:\/\/tourtravelandmore.com\/fr\/tours\/italie-fr\/messina-fr\/toutes-les-visites-et-activites-privees-fr-3\/visite-privee-de-taormina-depuis-le-terminal-de-croisiere-ou-messine\/#primaryimage\",\"url\":\"https:\/\/tourtravelandmore.com\/wp-content\/uploads\/2022\/07\/image2-1.jpg\",\"contentUrl\":\"https:\/\/tourtravelandmore.com\/wp-content\/uploads\/2022\/07\/image2-1.jpg\",\"width\":900,\"height\":750},{\"@type\":\"BreadcrumbList\",\"@id\":\"https:\/\/tourtravelandmore.com\/fr\/tours\/italie-fr\/messina-fr\/toutes-les-visites-et-activites-privees-fr-3\/visite-privee-de-taormina-depuis-le-terminal-de-croisiere-ou-messine\/#breadcrumb\",\"itemListElement\":[{\"@type\":\"ListItem\",\"position\":1,\"name\":\"Home\",\"item\":\"https:\/\/tourtravelandmore.com\/fr\/\"},{\"@type\":\"ListItem\",\"position\":2,\"name\":\"Tours\",\"item\":\"https:\/\/tourtravelandmore.com\/fr\/tours\/\"},{\"@type\":\"ListItem\",\"position\":3,\"name\":\"Visite priv\u00e9e de Taormine depuis l&rsquo;h\u00f4tel ou le terminal de croisi\u00e8re de Messine\"}]},{\"@type\":\"WebSite\",\"@id\":\"https:\/\/tourtravelandmore.com\/fr\/#website\",\"url\":\"https:\/\/tourtravelandmore.com\/fr\/\",\"name\":\"Tour Travel And More\",\"description\":\"Private sightseeing tours and luxury transfers in Spain\",\"publisher\":{\"@id\":\"https:\/\/tourtravelandmore.com\/fr\/#organization\"},\"potentialAction\":[{\"@type\":\"SearchAction\",\"target\":{\"@type\":\"EntryPoint\",\"urlTemplate\":\"https:\/\/tourtravelandmore.com\/fr\/?s={search_term_string}\"},\"query-input\":{\"@type\":\"PropertyValueSpecification\",\"valueRequired\":true,\"valueName\":\"search_term_string\"}}],\"inLanguage\":\"fr-FR\"},{\"@type\":\"Organization\",\"@id\":\"https:\/\/tourtravelandmore.com\/fr\/#organization\",\"name\":\"Tour Travel And More\",\"url\":\"https:\/\/tourtravelandmore.com\/fr\/\",\"logo\":{\"@type\":\"ImageObject\",\"inLanguage\":\"fr-FR\",\"@id\":\"https:\/\/tourtravelandmore.com\/fr\/#\/schema\/logo\/image\/\",\"url\":\"https:\/\/tourtravelandmore.com\/wp-content\/uploads\/2022\/12\/cropped-logo-cabecera-new.png\",\"contentUrl\":\"https:\/\/tourtravelandmore.com\/wp-content\/uploads\/2022\/12\/cropped-logo-cabecera-new.png\",\"width\":430,\"height\":61,\"caption\":\"Tour Travel And More\"},\"image\":{\"@id\":\"https:\/\/tourtravelandmore.com\/fr\/#\/schema\/logo\/image\/\"},\"sameAs\":[\"https:\/\/www.facebook.com\/tourtravelandmore\/\",\"https:\/\/x.com\/TourTravel_More\"]}]}<\/script>\n<!-- \/ Yoast SEO Premium plugin. -->","yoast_head_json":{"title":"\u27a1\ufe0f Visite priv\u00e9e de Taormina depuis le terminal de croisi\u00e8re ou Messine | Tour Travel & More","description":"L'excursion priv\u00e9e \u00e0 Taormina depuis le terminal de croisi\u00e8re ou Messine est une excellente fa\u00e7on de d\u00e9couvrir cette belle ville italienne - r\u00e9servez d\u00e8s aujourd'hui ! \u2705","robots":{"index":"index","follow":"follow","max-snippet":"max-snippet:-1","max-image-preview":"max-image-preview:large","max-video-preview":"max-video-preview:-1"},"canonical":"https:\/\/tourtravelandmore.com\/fr\/tours\/italie-fr\/messina-fr\/toutes-les-visites-et-activites-privees-fr-3\/visite-privee-de-taormina-depuis-le-terminal-de-croisiere-ou-messine\/","og_locale":"fr_FR","og_type":"article","og_title":"Visite priv\u00e9e de Taormine depuis l'h\u00f4tel ou le terminal de croisi\u00e8re de Messine","og_description":"L'excursion priv\u00e9e \u00e0 Taormina depuis le terminal de croisi\u00e8re ou Messine est une excellente fa\u00e7on de d\u00e9couvrir cette belle ville italienne - r\u00e9servez d\u00e8s aujourd'hui ! \u2705","og_url":"https:\/\/tourtravelandmore.com\/fr\/tours\/italie-fr\/messina-fr\/toutes-les-visites-et-activites-privees-fr-3\/visite-privee-de-taormina-depuis-le-terminal-de-croisiere-ou-messine\/","og_site_name":"Tour Travel And More","article_publisher":"https:\/\/www.facebook.com\/tourtravelandmore\/","article_modified_time":"2023-05-01T19:48:33+00:00","og_image":[{"width":900,"height":750,"url":"https:\/\/tourtravelandmore.com\/wp-content\/uploads\/2022\/07\/image2-1.jpg","type":"image\/jpeg"}],"twitter_card":"summary_large_image","twitter_site":"@TourTravel_More","twitter_misc":{"Dur\u00e9e de lecture estim\u00e9e":"4 minutes"},"schema":{"@context":"https:\/\/schema.org","@graph":[{"@type":"WebPage","@id":"https:\/\/tourtravelandmore.com\/fr\/tours\/italie-fr\/messina-fr\/toutes-les-visites-et-activites-privees-fr-3\/visite-privee-de-taormina-depuis-le-terminal-de-croisiere-ou-messine\/","url":"https:\/\/tourtravelandmore.com\/fr\/tours\/italie-fr\/messina-fr\/toutes-les-visites-et-activites-privees-fr-3\/visite-privee-de-taormina-depuis-le-terminal-de-croisiere-ou-messine\/","name":"\u27a1\ufe0f Visite priv\u00e9e de Taormina depuis le terminal de croisi\u00e8re ou Messine | Tour Travel & More","isPartOf":{"@id":"https:\/\/tourtravelandmore.com\/fr\/#website"},"primaryImageOfPage":{"@id":"https:\/\/tourtravelandmore.com\/fr\/tours\/italie-fr\/messina-fr\/toutes-les-visites-et-activites-privees-fr-3\/visite-privee-de-taormina-depuis-le-terminal-de-croisiere-ou-messine\/#primaryimage"},"image":{"@id":"https:\/\/tourtravelandmore.com\/fr\/tours\/italie-fr\/messina-fr\/toutes-les-visites-et-activites-privees-fr-3\/visite-privee-de-taormina-depuis-le-terminal-de-croisiere-ou-messine\/#primaryimage"},"thumbnailUrl":"https:\/\/tourtravelandmore.com\/wp-content\/uploads\/2022\/07\/image2-1.jpg","datePublished":"2022-07-24T17:04:09+00:00","dateModified":"2023-05-01T19:48:33+00:00","description":"L'excursion priv\u00e9e \u00e0 Taormina depuis le terminal de croisi\u00e8re ou Messine est une excellente fa\u00e7on de d\u00e9couvrir cette belle ville italienne - r\u00e9servez d\u00e8s aujourd'hui ! \u2705","breadcrumb":{"@id":"https:\/\/tourtravelandmore.com\/fr\/tours\/italie-fr\/messina-fr\/toutes-les-visites-et-activites-privees-fr-3\/visite-privee-de-taormina-depuis-le-terminal-de-croisiere-ou-messine\/#breadcrumb"},"inLanguage":"fr-FR","potentialAction":[{"@type":"ReadAction","target":["https:\/\/tourtravelandmore.com\/fr\/tours\/italie-fr\/messina-fr\/toutes-les-visites-et-activites-privees-fr-3\/visite-privee-de-taormina-depuis-le-terminal-de-croisiere-ou-messine\/"]}]},{"@type":"ImageObject","inLanguage":"fr-FR","@id":"https:\/\/tourtravelandmore.com\/fr\/tours\/italie-fr\/messina-fr\/toutes-les-visites-et-activites-privees-fr-3\/visite-privee-de-taormina-depuis-le-terminal-de-croisiere-ou-messine\/#primaryimage","url":"https:\/\/tourtravelandmore.com\/wp-content\/uploads\/2022\/07\/image2-1.jpg","contentUrl":"https:\/\/tourtravelandmore.com\/wp-content\/uploads\/2022\/07\/image2-1.jpg","width":900,"height":750},{"@type":"BreadcrumbList","@id":"https:\/\/tourtravelandmore.com\/fr\/tours\/italie-fr\/messina-fr\/toutes-les-visites-et-activites-privees-fr-3\/visite-privee-de-taormina-depuis-le-terminal-de-croisiere-ou-messine\/#breadcrumb","itemListElement":[{"@type":"ListItem","position":1,"name":"Home","item":"https:\/\/tourtravelandmore.com\/fr\/"},{"@type":"ListItem","position":2,"name":"Tours","item":"https:\/\/tourtravelandmore.com\/fr\/tours\/"},{"@type":"ListItem","position":3,"name":"Visite priv\u00e9e de Taormine depuis l&rsquo;h\u00f4tel ou le terminal de croisi\u00e8re de Messine"}]},{"@type":"WebSite","@id":"https:\/\/tourtravelandmore.com\/fr\/#website","url":"https:\/\/tourtravelandmore.com\/fr\/","name":"Tour Travel And More","description":"Private sightseeing tours and luxury transfers in Spain","publisher":{"@id":"https:\/\/tourtravelandmore.com\/fr\/#organization"},"potentialAction":[{"@type":"SearchAction","target":{"@type":"EntryPoint","urlTemplate":"https:\/\/tourtravelandmore.com\/fr\/?s={search_term_string}"},"query-input":{"@type":"PropertyValueSpecification","valueRequired":true,"valueName":"search_term_string"}}],"inLanguage":"fr-FR"},{"@type":"Organization","@id":"https:\/\/tourtravelandmore.com\/fr\/#organization","name":"Tour Travel And More","url":"https:\/\/tourtravelandmore.com\/fr\/","logo":{"@type":"ImageObject","inLanguage":"fr-FR","@id":"https:\/\/tourtravelandmore.com\/fr\/#\/schema\/logo\/image\/","url":"https:\/\/tourtravelandmore.com\/wp-content\/uploads\/2022\/12\/cropped-logo-cabecera-new.png","contentUrl":"https:\/\/tourtravelandmore.com\/wp-content\/uploads\/2022\/12\/cropped-logo-cabecera-new.png","width":430,"height":61,"caption":"Tour Travel And More"},"image":{"@id":"https:\/\/tourtravelandmore.com\/fr\/#\/schema\/logo\/image\/"},"sameAs":["https:\/\/www.facebook.com\/tourtravelandmore\/","https:\/\/x.com\/TourTravel_More"]}]}},"_links":{"self":[{"href":"https:\/\/tourtravelandmore.com\/fr\/wp-json\/wp\/v2\/product\/132677","targetHints":{"allow":["GET"]}}],"collection":[{"href":"https:\/\/tourtravelandmore.com\/fr\/wp-json\/wp\/v2\/product"}],"about":[{"href":"https:\/\/tourtravelandmore.com\/fr\/wp-json\/wp\/v2\/types\/product"}],"replies":[{"embeddable":true,"href":"https:\/\/tourtravelandmore.com\/fr\/wp-json\/wp\/v2\/comments?post=132677"}],"wp:featuredmedia":[{"embeddable":true,"href":"https:\/\/tourtravelandmore.com\/fr\/wp-json\/wp\/v2\/media\/132695"}],"wp:attachment":[{"href":"https:\/\/tourtravelandmore.com\/fr\/wp-json\/wp\/v2\/media?parent=132677"}],"wp:term":[{"taxonomy":"product_brand","embeddable":true,"href":"https:\/\/tourtravelandmore.com\/fr\/wp-json\/wp\/v2\/product_brand?post=132677"},{"taxonomy":"product_cat","embeddable":true,"href":"https:\/\/tourtravelandmore.com\/fr\/wp-json\/wp\/v2\/product_cat?post=132677"},{"taxonomy":"product_tag","embeddable":true,"href":"https:\/\/tourtravelandmore.com\/fr\/wp-json\/wp\/v2\/product_tag?post=132677"}],"curies":[{"name":"wp","href":"https:\/\/api.w.org\/{rel}","templated":true}]}}