{"id":132634,"date":"2022-07-24T18:40:33","date_gmt":"2022-07-24T16:40:44","guid":{"rendered":"https:\/\/tourtravelandmore.com\/?post_type=product&#038;p=132634"},"modified":"2023-03-25T07:51:53","modified_gmt":"2023-03-25T06:51:53","slug":"visite-privee-a-pied-de-messine","status":"publish","type":"product","link":"https:\/\/tourtravelandmore.com\/fr\/tours\/italie-fr\/messina-fr\/toutes-les-visites-et-activites-privees-fr-3\/visite-privee-a-pied-de-messine\/","title":{"rendered":"Visite priv\u00e9e \u00e0 pied de Messine"},"content":{"rendered":"<h2><b>Description de la visite priv\u00e9e \u00e0 pied \u00e0 Messine<\/b><\/h2>\n<p><span style=\"font-weight: 400;\">Notre guide local vous emm\u00e8nera sur les sites les plus fascinants de Messine, vous d\u00e9couvrirez l&#8217;histoire, la culture et l&#8217;architecture de la ville, vous pourrez poser des questions et apprendre tout ce que vous devez savoir sur Messine.<\/span><\/p>\n<p><span style=\"font-weight: 400;\">Vous profiterez d&#8217;une agr\u00e9able promenade dans la ville, et vous verrez ses plus beaux endroits. Ne manquez pas cette occasion de conna\u00eetre Messine d&#8217;une mani\u00e8re inoubliable !<\/span><\/p>\n<p><span style=\"font-weight: 400;\">La visite priv\u00e9e \u00e0 pied commence par la rencontre avec votre guide \u00e0 un endroit central de la belle ville de Messine, o\u00f9 vous commencerez une exp\u00e9rience que vous n&#8217;oublierez jamais.<\/span><\/p>\n<p><span style=\"font-weight: 400;\">Pendant la visite, vous serez \u00e9merveill\u00e9 par l&#8217;architecture \u00e9tonnante des monuments et des b\u00e2timents de la ville. Notre guide bien inform\u00e9 vous expliquera tout sur la richesse de l&#8217;histoire et de la culture de la ville, afin que vous puissiez profiter au maximum de votre exp\u00e9rience.<\/span><\/p>\n<p><span style=\"font-weight: 400;\">Messine est une ville charmante situ\u00e9e sur la c\u00f4te nord-est de la Sicile, et notre visite priv\u00e9e \u00e0 pied vous permettra d&#8217;explorer ses joyaux cach\u00e9s et d&#8217;en apprendre davantage sur son pass\u00e9 fascinant. Vous vous prom\u00e8nerez dans ses rues \u00e9troites, admirerez ses belles places et ressentirez l&#8217;\u00e9nergie vibrante de la ville.<\/span><\/p>\n<p><span style=\"font-weight: 400;\">Notre visite priv\u00e9e \u00e0 pied est parfaite pour ceux qui veulent \u00e9viter les foules et vivre une exp\u00e9rience plus personnalis\u00e9e. Vous pouvez personnaliser la visite \u00e0 votre guise et passer plus de temps dans les endroits qui vous int\u00e9ressent le plus.<\/span><\/p>\n<p><span style=\"font-weight: 400;\">Que vous soyez un passionn\u00e9 d&#8217;histoire, un amateur d&#8217;architecture ou que vous souhaitiez simplement explorer une belle ville, notre visite priv\u00e9e \u00e0 pied de Messine est le moyen id\u00e9al de le faire. R\u00e9servez votre visite aujourd&#8217;hui et pr\u00e9parez-vous \u00e0 d\u00e9couvrir l&#8217;une des villes les plus charmantes d&#8217;Italie.<\/span><\/p>\n<h2><b>Points forts de la visite priv\u00e9e \u00e0 pied de Messine<\/b><\/h2>\n<p><span style=\"font-weight: 400;\">La visite priv\u00e9e \u00e0 pied de Messine est une excursion \u00e0 ne pas manquer pour ceux qui veulent apprendre \u00e0 conna\u00eetre cette belle ville. Au cours de la visite, les visiteurs pourront voir des points d&#8217;int\u00e9r\u00eat tels que :<\/span><\/p>\n<ul>\n<li style=\"font-weight: 400;\" aria-level=\"1\"><span style=\"font-weight: 400;\">Port de Messine\u00a0<\/span><\/li>\n<li style=\"font-weight: 400;\" aria-level=\"1\"><span style=\"font-weight: 400;\">Statue en or de la Vierge Marie<\/span><\/li>\n<li style=\"font-weight: 400;\" aria-level=\"1\"><span style=\"font-weight: 400;\">Piazza del Duomo.<\/span><\/li>\n<li style=\"font-weight: 400;\" aria-level=\"1\"><span style=\"font-weight: 400;\">Tour de l&#8217;horloge<\/span><\/li>\n<li style=\"font-weight: 400;\" aria-level=\"1\"><span style=\"font-weight: 400;\">\u00c9glise de la Tr\u00e8s Sainte Annunziata,<\/span><\/li>\n<li style=\"font-weight: 400;\" aria-level=\"1\"><span style=\"font-weight: 400;\">P\u00e2tisserie de Messine<\/span><\/li>\n<\/ul>\n<p><span style=\"font-weight: 400;\">Le port de Messine est l&#8217;une des principales attractions de la ville, o\u00f9 les visiteurs peuvent observer le va-et-vient des navires, l&#8217;atmosph\u00e8re anim\u00e9e du lieu et les belles vues sur le d\u00e9troit de Messine.<\/span><\/p>\n<p><span style=\"font-weight: 400;\">La statue dor\u00e9e de la Vierge Marie est une magnifique \u0153uvre d&#8217;art situ\u00e9e sur un haut pi\u00e9destal sur la place centrale de Messine. La statue est impressionnante par sa taille et brille de mille feux au soleil, ce qui en fait une attraction incontournable de la visite priv\u00e9e \u00e0 pied.<\/span><\/p>\n<p><span style=\"font-weight: 400;\">La Piazza del Duomo est le c\u0153ur de la ville et l&#8217;emplacement de la cath\u00e9drale de Messine. La place est entour\u00e9e de beaux b\u00e2timents, de sculptures et de fontaines. La cath\u00e9drale, \u00e9galement connue sous le nom d&#8217;\u00e9glise de Santa Maria Assunta, est un exemple \u00e9tonnant d&#8217;architecture normande et poss\u00e8de un beau clocher.<\/span><\/p>\n<p><span style=\"font-weight: 400;\">La tour de l&#8217;horloge, \u00e9galement connue sous le nom de tour de la cloche, est un point de rep\u00e8re de la ville et un symbole de son histoire. Les visiteurs peuvent profiter de la vue imprenable sur la ville depuis le sommet de la tour et admirer son architecture impressionnante et le m\u00e9canisme de l&#8217;horloge.<\/span><\/p>\n<p><span style=\"font-weight: 400;\">L&#8217;\u00e9glise de la Tr\u00e8s Sainte Annunziata est une belle \u00e9glise baroque situ\u00e9e au c\u0153ur de Messine. Les visiteurs peuvent admirer les magnifiques fresques, sculptures et peintures de cette \u00e9glise \u00e9tonnante, qui est consid\u00e9r\u00e9e comme l&#8217;un des plus importants monuments artistiques de la ville.<\/span><\/p>\n<p><span style=\"font-weight: 400;\">La p\u00e2tisserie de Messine est un joyau gastronomique de la ville, c\u00e9l\u00e8bre pour ses d\u00e9licieux bonbons et ses p\u00e2tisseries traditionnelles siciliennes. Les visiteurs peuvent se laisser tenter par les d\u00e9lices locaux et go\u00fbter aux saveurs authentiques de Messine.<\/span><\/p>\n<p><b>\u00c0 la fin de la visite \u00e0 pied de deux heures, les visiteurs peuvent continuer \u00e0 explorer Messine par eux-m\u00eames ou<\/b><a href=\"https:\/\/tourtravelandmore.com\/fr\/city\/italie-fr\/messina-fr\/\"><b> choisir de r\u00e9server l&#8217;une de nos visites priv\u00e9es pour d\u00e9couvrir davantage les merveilles de la ville.<\/b><\/a><\/p>\n","protected":false},"excerpt":{"rendered":"<p><span style=\"font-weight: 400;\">Vous voulez d\u00e9couvrir Messine d&#8217;une mani\u00e8re unique et passionnante ? Venez profiter de notre visite priv\u00e9e \u00e0 pied ! Notre guide local vous emm\u00e8nera aux endroits les plus int\u00e9ressants et vous dira tout ce que vous devez savoir sur la ville. Ne manquez pas cette occasion de d\u00e9couvrir Messine d&#8217;une mani\u00e8re inoubliable !<\/span><\/p>\n","protected":false},"featured_media":132655,"comment_status":"open","ping_status":"closed","template":"","meta":{"_acf_changed":false},"product_brand":[],"product_cat":[3549,4169,4180,4177,4188],"product_tag":[],"class_list":{"0":"post-132634","1":"product","2":"type-product","3":"status-publish","4":"has-post-thumbnail","6":"product_cat-italie-fr","7":"product_cat-messina-fr","8":"product_cat-visites-privees-a-pied-fr-2","9":"product_cat-toutes-les-visites-et-activites-privees-fr-3","10":"product_cat-visites-guidees-privees-fr-3","12":"first","13":"instock","14":"shipping-taxable","15":"purchasable","16":"product-type-simple"},"acf":[],"yoast_head":"<!-- This site is optimized with the Yoast SEO Premium plugin v25.3.1 (Yoast SEO v25.3.1) - https:\/\/yoast.com\/wordpress\/plugins\/seo\/ -->\n<title>\u27a1\ufe0f Visite priv\u00e9e \u00e0 pied de Messine - 2 heures | Tour Travel &amp; More<\/title>\n<meta name=\"description\" content=\"D\u00e9couvrez la ville de Messine lors d&#039;une visite priv\u00e9e \u00e0 pied avec un guide local. Profitez d&#039;une visite guid\u00e9e de 2 heures \u00e0 travers l&#039;histoire et les rues de cette ville \u00e9tonnante \u2705\" \/>\n<meta name=\"robots\" content=\"index, follow, max-snippet:-1, max-image-preview:large, max-video-preview:-1\" \/>\n<link rel=\"canonical\" href=\"https:\/\/tourtravelandmore.com\/fr\/tours\/italie-fr\/messina-fr\/toutes-les-visites-et-activites-privees-fr-3\/visite-privee-a-pied-de-messine\/\" \/>\n<meta property=\"og:locale\" content=\"fr_FR\" \/>\n<meta property=\"og:type\" content=\"article\" \/>\n<meta property=\"og:title\" content=\"Visite priv\u00e9e \u00e0 pied de Messine\" \/>\n<meta property=\"og:description\" content=\"D\u00e9couvrez la ville de Messine lors d&#039;une visite priv\u00e9e \u00e0 pied avec un guide local. Profitez d&#039;une visite guid\u00e9e de 2 heures \u00e0 travers l&#039;histoire et les rues de cette ville \u00e9tonnante \u2705\" \/>\n<meta property=\"og:url\" content=\"https:\/\/tourtravelandmore.com\/fr\/tours\/italie-fr\/messina-fr\/toutes-les-visites-et-activites-privees-fr-3\/visite-privee-a-pied-de-messine\/\" \/>\n<meta property=\"og:site_name\" content=\"Tour Travel And More\" \/>\n<meta property=\"article:publisher\" content=\"https:\/\/www.facebook.com\/tourtravelandmore\/\" \/>\n<meta property=\"article:modified_time\" content=\"2023-03-25T06:51:53+00:00\" \/>\n<meta property=\"og:image\" content=\"https:\/\/tourtravelandmore.com\/wp-content\/uploads\/2022\/07\/image3.jpg\" \/>\n\t<meta property=\"og:image:width\" content=\"900\" \/>\n\t<meta property=\"og:image:height\" content=\"750\" \/>\n\t<meta property=\"og:image:type\" content=\"image\/jpeg\" \/>\n<meta name=\"twitter:card\" content=\"summary_large_image\" \/>\n<meta name=\"twitter:site\" content=\"@TourTravel_More\" \/>\n<meta name=\"twitter:label1\" content=\"Dur\u00e9e de lecture estim\u00e9e\" \/>\n\t<meta name=\"twitter:data1\" content=\"4 minutes\" \/>\n<script type=\"application\/ld+json\" class=\"yoast-schema-graph\">{\"@context\":\"https:\/\/schema.org\",\"@graph\":[{\"@type\":\"WebPage\",\"@id\":\"https:\/\/tourtravelandmore.com\/fr\/tours\/italie-fr\/messina-fr\/toutes-les-visites-et-activites-privees-fr-3\/visite-privee-a-pied-de-messine\/\",\"url\":\"https:\/\/tourtravelandmore.com\/fr\/tours\/italie-fr\/messina-fr\/toutes-les-visites-et-activites-privees-fr-3\/visite-privee-a-pied-de-messine\/\",\"name\":\"\u27a1\ufe0f Visite priv\u00e9e \u00e0 pied de Messine - 2 heures | Tour Travel & More\",\"isPartOf\":{\"@id\":\"https:\/\/tourtravelandmore.com\/fr\/#website\"},\"primaryImageOfPage\":{\"@id\":\"https:\/\/tourtravelandmore.com\/fr\/tours\/italie-fr\/messina-fr\/toutes-les-visites-et-activites-privees-fr-3\/visite-privee-a-pied-de-messine\/#primaryimage\"},\"image\":{\"@id\":\"https:\/\/tourtravelandmore.com\/fr\/tours\/italie-fr\/messina-fr\/toutes-les-visites-et-activites-privees-fr-3\/visite-privee-a-pied-de-messine\/#primaryimage\"},\"thumbnailUrl\":\"https:\/\/tourtravelandmore.com\/wp-content\/uploads\/2022\/07\/image3.jpg\",\"datePublished\":\"2022-07-24T16:40:44+00:00\",\"dateModified\":\"2023-03-25T06:51:53+00:00\",\"description\":\"D\u00e9couvrez la ville de Messine lors d'une visite priv\u00e9e \u00e0 pied avec un guide local. Profitez d'une visite guid\u00e9e de 2 heures \u00e0 travers l'histoire et les rues de cette ville \u00e9tonnante \u2705\",\"breadcrumb\":{\"@id\":\"https:\/\/tourtravelandmore.com\/fr\/tours\/italie-fr\/messina-fr\/toutes-les-visites-et-activites-privees-fr-3\/visite-privee-a-pied-de-messine\/#breadcrumb\"},\"inLanguage\":\"fr-FR\",\"potentialAction\":[{\"@type\":\"ReadAction\",\"target\":[\"https:\/\/tourtravelandmore.com\/fr\/tours\/italie-fr\/messina-fr\/toutes-les-visites-et-activites-privees-fr-3\/visite-privee-a-pied-de-messine\/\"]}]},{\"@type\":\"ImageObject\",\"inLanguage\":\"fr-FR\",\"@id\":\"https:\/\/tourtravelandmore.com\/fr\/tours\/italie-fr\/messina-fr\/toutes-les-visites-et-activites-privees-fr-3\/visite-privee-a-pied-de-messine\/#primaryimage\",\"url\":\"https:\/\/tourtravelandmore.com\/wp-content\/uploads\/2022\/07\/image3.jpg\",\"contentUrl\":\"https:\/\/tourtravelandmore.com\/wp-content\/uploads\/2022\/07\/image3.jpg\",\"width\":900,\"height\":750},{\"@type\":\"BreadcrumbList\",\"@id\":\"https:\/\/tourtravelandmore.com\/fr\/tours\/italie-fr\/messina-fr\/toutes-les-visites-et-activites-privees-fr-3\/visite-privee-a-pied-de-messine\/#breadcrumb\",\"itemListElement\":[{\"@type\":\"ListItem\",\"position\":1,\"name\":\"Home\",\"item\":\"https:\/\/tourtravelandmore.com\/fr\/\"},{\"@type\":\"ListItem\",\"position\":2,\"name\":\"Tours\",\"item\":\"https:\/\/tourtravelandmore.com\/fr\/tours\/\"},{\"@type\":\"ListItem\",\"position\":3,\"name\":\"Visite priv\u00e9e \u00e0 pied de Messine\"}]},{\"@type\":\"WebSite\",\"@id\":\"https:\/\/tourtravelandmore.com\/fr\/#website\",\"url\":\"https:\/\/tourtravelandmore.com\/fr\/\",\"name\":\"Tour Travel And More\",\"description\":\"Private sightseeing tours and luxury transfers in Spain\",\"publisher\":{\"@id\":\"https:\/\/tourtravelandmore.com\/fr\/#organization\"},\"potentialAction\":[{\"@type\":\"SearchAction\",\"target\":{\"@type\":\"EntryPoint\",\"urlTemplate\":\"https:\/\/tourtravelandmore.com\/fr\/?s={search_term_string}\"},\"query-input\":{\"@type\":\"PropertyValueSpecification\",\"valueRequired\":true,\"valueName\":\"search_term_string\"}}],\"inLanguage\":\"fr-FR\"},{\"@type\":\"Organization\",\"@id\":\"https:\/\/tourtravelandmore.com\/fr\/#organization\",\"name\":\"Tour Travel And More\",\"url\":\"https:\/\/tourtravelandmore.com\/fr\/\",\"logo\":{\"@type\":\"ImageObject\",\"inLanguage\":\"fr-FR\",\"@id\":\"https:\/\/tourtravelandmore.com\/fr\/#\/schema\/logo\/image\/\",\"url\":\"https:\/\/tourtravelandmore.com\/wp-content\/uploads\/2022\/12\/cropped-logo-cabecera-new.png\",\"contentUrl\":\"https:\/\/tourtravelandmore.com\/wp-content\/uploads\/2022\/12\/cropped-logo-cabecera-new.png\",\"width\":430,\"height\":61,\"caption\":\"Tour Travel And More\"},\"image\":{\"@id\":\"https:\/\/tourtravelandmore.com\/fr\/#\/schema\/logo\/image\/\"},\"sameAs\":[\"https:\/\/www.facebook.com\/tourtravelandmore\/\",\"https:\/\/x.com\/TourTravel_More\"]}]}<\/script>\n<!-- \/ Yoast SEO Premium plugin. -->","yoast_head_json":{"title":"\u27a1\ufe0f Visite priv\u00e9e \u00e0 pied de Messine - 2 heures | Tour Travel & More","description":"D\u00e9couvrez la ville de Messine lors d'une visite priv\u00e9e \u00e0 pied avec un guide local. Profitez d'une visite guid\u00e9e de 2 heures \u00e0 travers l'histoire et les rues de cette ville \u00e9tonnante \u2705","robots":{"index":"index","follow":"follow","max-snippet":"max-snippet:-1","max-image-preview":"max-image-preview:large","max-video-preview":"max-video-preview:-1"},"canonical":"https:\/\/tourtravelandmore.com\/fr\/tours\/italie-fr\/messina-fr\/toutes-les-visites-et-activites-privees-fr-3\/visite-privee-a-pied-de-messine\/","og_locale":"fr_FR","og_type":"article","og_title":"Visite priv\u00e9e \u00e0 pied de Messine","og_description":"D\u00e9couvrez la ville de Messine lors d'une visite priv\u00e9e \u00e0 pied avec un guide local. Profitez d'une visite guid\u00e9e de 2 heures \u00e0 travers l'histoire et les rues de cette ville \u00e9tonnante \u2705","og_url":"https:\/\/tourtravelandmore.com\/fr\/tours\/italie-fr\/messina-fr\/toutes-les-visites-et-activites-privees-fr-3\/visite-privee-a-pied-de-messine\/","og_site_name":"Tour Travel And More","article_publisher":"https:\/\/www.facebook.com\/tourtravelandmore\/","article_modified_time":"2023-03-25T06:51:53+00:00","og_image":[{"width":900,"height":750,"url":"https:\/\/tourtravelandmore.com\/wp-content\/uploads\/2022\/07\/image3.jpg","type":"image\/jpeg"}],"twitter_card":"summary_large_image","twitter_site":"@TourTravel_More","twitter_misc":{"Dur\u00e9e de lecture estim\u00e9e":"4 minutes"},"schema":{"@context":"https:\/\/schema.org","@graph":[{"@type":"WebPage","@id":"https:\/\/tourtravelandmore.com\/fr\/tours\/italie-fr\/messina-fr\/toutes-les-visites-et-activites-privees-fr-3\/visite-privee-a-pied-de-messine\/","url":"https:\/\/tourtravelandmore.com\/fr\/tours\/italie-fr\/messina-fr\/toutes-les-visites-et-activites-privees-fr-3\/visite-privee-a-pied-de-messine\/","name":"\u27a1\ufe0f Visite priv\u00e9e \u00e0 pied de Messine - 2 heures | Tour Travel & More","isPartOf":{"@id":"https:\/\/tourtravelandmore.com\/fr\/#website"},"primaryImageOfPage":{"@id":"https:\/\/tourtravelandmore.com\/fr\/tours\/italie-fr\/messina-fr\/toutes-les-visites-et-activites-privees-fr-3\/visite-privee-a-pied-de-messine\/#primaryimage"},"image":{"@id":"https:\/\/tourtravelandmore.com\/fr\/tours\/italie-fr\/messina-fr\/toutes-les-visites-et-activites-privees-fr-3\/visite-privee-a-pied-de-messine\/#primaryimage"},"thumbnailUrl":"https:\/\/tourtravelandmore.com\/wp-content\/uploads\/2022\/07\/image3.jpg","datePublished":"2022-07-24T16:40:44+00:00","dateModified":"2023-03-25T06:51:53+00:00","description":"D\u00e9couvrez la ville de Messine lors d'une visite priv\u00e9e \u00e0 pied avec un guide local. Profitez d'une visite guid\u00e9e de 2 heures \u00e0 travers l'histoire et les rues de cette ville \u00e9tonnante \u2705","breadcrumb":{"@id":"https:\/\/tourtravelandmore.com\/fr\/tours\/italie-fr\/messina-fr\/toutes-les-visites-et-activites-privees-fr-3\/visite-privee-a-pied-de-messine\/#breadcrumb"},"inLanguage":"fr-FR","potentialAction":[{"@type":"ReadAction","target":["https:\/\/tourtravelandmore.com\/fr\/tours\/italie-fr\/messina-fr\/toutes-les-visites-et-activites-privees-fr-3\/visite-privee-a-pied-de-messine\/"]}]},{"@type":"ImageObject","inLanguage":"fr-FR","@id":"https:\/\/tourtravelandmore.com\/fr\/tours\/italie-fr\/messina-fr\/toutes-les-visites-et-activites-privees-fr-3\/visite-privee-a-pied-de-messine\/#primaryimage","url":"https:\/\/tourtravelandmore.com\/wp-content\/uploads\/2022\/07\/image3.jpg","contentUrl":"https:\/\/tourtravelandmore.com\/wp-content\/uploads\/2022\/07\/image3.jpg","width":900,"height":750},{"@type":"BreadcrumbList","@id":"https:\/\/tourtravelandmore.com\/fr\/tours\/italie-fr\/messina-fr\/toutes-les-visites-et-activites-privees-fr-3\/visite-privee-a-pied-de-messine\/#breadcrumb","itemListElement":[{"@type":"ListItem","position":1,"name":"Home","item":"https:\/\/tourtravelandmore.com\/fr\/"},{"@type":"ListItem","position":2,"name":"Tours","item":"https:\/\/tourtravelandmore.com\/fr\/tours\/"},{"@type":"ListItem","position":3,"name":"Visite priv\u00e9e \u00e0 pied de Messine"}]},{"@type":"WebSite","@id":"https:\/\/tourtravelandmore.com\/fr\/#website","url":"https:\/\/tourtravelandmore.com\/fr\/","name":"Tour Travel And More","description":"Private sightseeing tours and luxury transfers in Spain","publisher":{"@id":"https:\/\/tourtravelandmore.com\/fr\/#organization"},"potentialAction":[{"@type":"SearchAction","target":{"@type":"EntryPoint","urlTemplate":"https:\/\/tourtravelandmore.com\/fr\/?s={search_term_string}"},"query-input":{"@type":"PropertyValueSpecification","valueRequired":true,"valueName":"search_term_string"}}],"inLanguage":"fr-FR"},{"@type":"Organization","@id":"https:\/\/tourtravelandmore.com\/fr\/#organization","name":"Tour Travel And More","url":"https:\/\/tourtravelandmore.com\/fr\/","logo":{"@type":"ImageObject","inLanguage":"fr-FR","@id":"https:\/\/tourtravelandmore.com\/fr\/#\/schema\/logo\/image\/","url":"https:\/\/tourtravelandmore.com\/wp-content\/uploads\/2022\/12\/cropped-logo-cabecera-new.png","contentUrl":"https:\/\/tourtravelandmore.com\/wp-content\/uploads\/2022\/12\/cropped-logo-cabecera-new.png","width":430,"height":61,"caption":"Tour Travel And More"},"image":{"@id":"https:\/\/tourtravelandmore.com\/fr\/#\/schema\/logo\/image\/"},"sameAs":["https:\/\/www.facebook.com\/tourtravelandmore\/","https:\/\/x.com\/TourTravel_More"]}]}},"_links":{"self":[{"href":"https:\/\/tourtravelandmore.com\/fr\/wp-json\/wp\/v2\/product\/132634","targetHints":{"allow":["GET"]}}],"collection":[{"href":"https:\/\/tourtravelandmore.com\/fr\/wp-json\/wp\/v2\/product"}],"about":[{"href":"https:\/\/tourtravelandmore.com\/fr\/wp-json\/wp\/v2\/types\/product"}],"replies":[{"embeddable":true,"href":"https:\/\/tourtravelandmore.com\/fr\/wp-json\/wp\/v2\/comments?post=132634"}],"wp:featuredmedia":[{"embeddable":true,"href":"https:\/\/tourtravelandmore.com\/fr\/wp-json\/wp\/v2\/media\/132655"}],"wp:attachment":[{"href":"https:\/\/tourtravelandmore.com\/fr\/wp-json\/wp\/v2\/media?parent=132634"}],"wp:term":[{"taxonomy":"product_brand","embeddable":true,"href":"https:\/\/tourtravelandmore.com\/fr\/wp-json\/wp\/v2\/product_brand?post=132634"},{"taxonomy":"product_cat","embeddable":true,"href":"https:\/\/tourtravelandmore.com\/fr\/wp-json\/wp\/v2\/product_cat?post=132634"},{"taxonomy":"product_tag","embeddable":true,"href":"https:\/\/tourtravelandmore.com\/fr\/wp-json\/wp\/v2\/product_tag?post=132634"}],"curies":[{"name":"wp","href":"https:\/\/api.w.org\/{rel}","templated":true}]}}