{"id":132451,"date":"2022-07-22T15:17:54","date_gmt":"2022-07-22T13:17:59","guid":{"rendered":"https:\/\/tourtravelandmore.com\/?post_type=product&#038;p=132451"},"modified":"2023-10-24T14:32:48","modified_gmt":"2023-10-24T12:32:48","slug":"visite-privee-des-vallees-du-danube-et-de-la-wachau","status":"publish","type":"product","link":"https:\/\/tourtravelandmore.com\/fr\/tours\/lautriche-fr\/vienna-fr\/visite-privee-des-vallees-du-danube-et-de-la-wachau\/","title":{"rendered":"Visite priv\u00e9e des vall\u00e9es du Danube et de la Wachau"},"content":{"rendered":"<h2><b>Description de l&#8217;excursion priv\u00e9e dans les vall\u00e9es du Danube et de la Wachau<\/b><\/h2>\n<p><span style=\"font-weight: 400;\">D\u00e9couvrez les pittoresques vall\u00e9es autrichiennes du Danube et de la Wachau<\/span><\/p>\n<p><span style=\"font-weight: 400;\">Embarquer pour un voyage \u00e0 travers les vall\u00e9es du Danube et de la Wachau, c&#8217;est partir \u00e0 la d\u00e9couverte des paysages les plus enchanteurs d&#8217;Autriche. Ces destinations embl\u00e9matiques regorgent de merveilles intemporelles et de sites remarquables. Lors de cette visite priv\u00e9e captivante de 9 heures, attendez-vous \u00e0 une exp\u00e9rience immersive men\u00e9e par notre guide local expert qui d\u00e9voilera des histoires cach\u00e9es et des histoires riches \u00e0 chaque coin de rue.<\/span><\/p>\n<p><span style=\"font-weight: 400;\">Laissez-vous emporter au c\u0153ur des paysages pittoresques de l&#8217;Autriche, en d\u00e9couvrant des \u00e9tendues de vignobles qui offrent un aper\u00e7u des vins fins du pays. Le Danube, le deuxi\u00e8me plus long fleuve d&#8217;Europe, serpente \u00e0 travers l&#8217;Autriche et relie la beaut\u00e9 immacul\u00e9e de la nature \u00e0 la tapisserie des civilisations qui ont prosp\u00e9r\u00e9 le long de ses rives. Il ne s&#8217;agit pas d&#8217;une simple visite, mais d&#8217;un voyage dans le temps.<\/span><\/p>\n<p><span style=\"font-weight: 400;\">Il y a une certaine magie en Autriche, en particulier dans les r\u00e9gions des vall\u00e9es du Danube et de la Wachau. Nich\u00e9es entre les sommets alpins et les vignobles luxuriants, ces vall\u00e9es incarnent l&#8217;esprit de l&#8217;Europe. Chaque ville et village, construit sur des si\u00e8cles de tradition, vous invite \u00e0 faire partie de son histoire.<\/span><\/p>\n<p><span style=\"font-weight: 400;\">Des rues pav\u00e9es des villes anciennes, qui r\u00e9sonnent d&#8217;histoires de chevaliers et de royaut\u00e9, aux vignobles verdoyants qui sont les t\u00e9moins silencieux du passage du temps, tous les \u00e9l\u00e9ments sont soigneusement imbriqu\u00e9s les uns dans les autres. En traversant le Danube, le puissant fleuve emporte avec lui des r\u00e9cits de pays lointains, reliant les civilisations et cr\u00e9ant un m\u00e9lange harmonieux de cultures. Ce fleuve majestueux, associ\u00e9 \u00e0 la beaut\u00e9 panoramique des vall\u00e9es, cr\u00e9e un cadre si surr\u00e9aliste qu&#8217;il ressemble souvent \u00e0 un paysage peint.<\/span><\/p>\n<h2><b>Visite priv\u00e9e des vall\u00e9es du Danube et de la Wachau Points forts<\/b><b><\/b><\/h2>\n<ul>\n<li aria-level=\"1\"><b>Melk : Le tr\u00e9sor intemporel de l&#8217;Autriche<\/b><\/li>\n<\/ul>\n<p><span style=\"font-weight: 400;\">Plongez dans Melk, une ville ancienne qui capture sans effort l&#8217;esprit historique et culturel de l&#8217;Autriche. La place du march\u00e9 vous invite \u00e0 explorer tranquillement ses boutiques, en savourant les d\u00e9lices artisanaux et le savoir-faire traditionnel. Plus loin, l&#8217;illustre cath\u00e9drale de Melk, plus connue sous le nom de chapelle bleue, est un t\u00e9moignage de l&#8217;art religieux. Ses vitraux complexes offrent un spectacle vibrant qui ne demande qu&#8217;\u00e0 \u00eatre immortalis\u00e9 dans vos m\u00e9moires.<\/span><b><\/b><\/p>\n<ul>\n<li aria-level=\"1\"><b>Ch\u00e2teau d&#8217;Aggstein : Sentinelle de la vall\u00e9e de la Wachau<\/b><\/li>\n<\/ul>\n<p><span style=\"font-weight: 400;\">Cet \u00e9difice imposant \u00e9voque des histoires de bravoure et d&#8217;intrigues m\u00e9di\u00e9vales. En traversant ses couloirs, laissez-vous envo\u00fbter par les vues majestueuses sur la rivi\u00e8re Wachau et les vastes vignobles. Des secrets persistent ici, de la chaleur de l&#8217;imposante chemin\u00e9e de la salle des demoiselles aux passages clandestins qui laissent pr\u00e9sager des \u00e9vasions secr\u00e8tes.<\/span><b><\/b><\/p>\n<ul>\n<li aria-level=\"1\"><b>Spitz : Le c\u0153ur de la r\u00e9gion viticole de la Wachau<\/b><\/li>\n<\/ul>\n<p><span style=\"font-weight: 400;\">Nich\u00e9e au milieu de vignobles verdoyants, Spitz offre une \u00e9chapp\u00e9e sereine. Promenez-vous dans ses ruelles historiques et montez sur les ruines du ch\u00e2teau de Hinterhaus, o\u00f9 des vues panoramiques vous attendent.<\/span><b><\/b><\/p>\n<ul>\n<li aria-level=\"1\"><b>Weisserkirchen in der Wachau : Un voyage dans le temps<\/b><\/li>\n<\/ul>\n<p><span style=\"font-weight: 400;\">Chaque recoin de Weisserkirchen respire l&#8217;histoire. En vous promenant dans sa rue principale, vous d\u00e9couvrirez une \u00e9poque r\u00e9volue, faite de contes et de l\u00e9gendes.<\/span><b><\/b><\/p>\n<ul>\n<li aria-level=\"1\"><b>D\u00fcrnstein : La splendeur du Danube<\/b><\/li>\n<\/ul>\n<p><span style=\"font-weight: 400;\">Situ\u00e9 entre des vignobles luxuriants et la douceur du Danube, D\u00fcrnstein offre des vues dignes d&#8217;une carte postale. Les ruines du ch\u00e2teau de D\u00fcrnstein, que l&#8217;on peut explorer librement, font \u00e9cho aux r\u00e9cits d&#8217;aventures m\u00e9di\u00e9vales.<\/span><b><\/b><\/p>\n<ul>\n<li aria-level=\"1\"><b>Krems : le portail de la Wachau<\/b><\/li>\n<\/ul>\n<p><span style=\"font-weight: 400;\">Joyau m\u00e9di\u00e9val, Krems poss\u00e8de des merveilles architecturales datant du XIIe si\u00e8cle. Admirez sa tour de l&#8217;horloge, ses \u00e9glises baroques et son embl\u00e9matique forteresse m\u00e9di\u00e9vale. Au fil des rues, l&#8217;histoire et la culture s&#8217;entrem\u00ealent, offrant un aper\u00e7u de l&#8217;illustre pass\u00e9 de l&#8217;Autriche.<\/span><\/p>\n<p><span style=\"font-weight: 400;\">Pour conclure cette visite fascinante, nous vous proposons de d\u00e9couvrir la grandeur du ch\u00e2teau de Schoenbrunn. Son ambiance royale et ses superbes jardins promettent une autre aventure <\/span><a href=\"https:\/\/tourtravelandmore.com\/fr\/city\/lautriche-fr\/vienna-fr\/\"><span style=\"font-weight: 400;\">autrichienne inoubliable.<\/span><\/a><\/p>\n","protected":false},"excerpt":{"rendered":"<p><span style=\"font-weight: 400;\">Partez en voyage \u00e0 travers les paysages les plus enchanteurs d&#8217;Autriche &#8211; les vall\u00e9es du Danube et de la Wachau. Avec des sites captivants comme Melk, le ch\u00e2teau d&#8217;Aggstein et la ville de Krems, d\u00e9couvrez un m\u00e9lange de nature, d&#8217;histoire et de culture comme jamais auparavant.<\/span><\/p>\n","protected":false},"featured_media":132472,"comment_status":"open","ping_status":"closed","template":"","meta":{"_acf_changed":false},"product_brand":[],"product_cat":[3708,4181,4182],"product_tag":[],"class_list":{"0":"post-132451","1":"product","2":"type-product","3":"status-publish","4":"has-post-thumbnail","6":"product_cat-vienna-fr","7":"product_cat-toutes-les-visites-et-activites","8":"product_cat-visites-guidees-privees-fr-2","10":"first","11":"instock","12":"shipping-taxable","13":"purchasable","14":"product-type-simple"},"acf":[],"yoast_head":"<!-- This site is optimized with the Yoast SEO Premium plugin v25.3.1 (Yoast SEO v25.3.1) - https:\/\/yoast.com\/wordpress\/plugins\/seo\/ -->\n<title>Visite priv\u00e9e des vall\u00e9es du Danube et de la Wachau au d\u00e9part de Vienne<\/title>\n<meta name=\"description\" content=\"Le site web de l&#039;Office national de l&#039;aviation civile (ONAC) est un site de r\u00e9f\u00e9rence pour l&#039;organisation d&#039;\u00e9v\u00e9nements sportifs et de manifestations sportives. Les visiteurs pourront d\u00e9couvrir des villes historiques, des ch\u00e2teaux majestueux et s&#039;immerger dans la riche culture de la r\u00e9gion.\" \/>\n<meta name=\"robots\" content=\"index, follow, max-snippet:-1, max-image-preview:large, max-video-preview:-1\" \/>\n<link rel=\"canonical\" href=\"https:\/\/tourtravelandmore.com\/fr\/tours\/lautriche-fr\/vienna-fr\/visite-privee-des-vallees-du-danube-et-de-la-wachau\/\" \/>\n<meta property=\"og:locale\" content=\"fr_FR\" \/>\n<meta property=\"og:type\" content=\"article\" \/>\n<meta property=\"og:title\" content=\"Visite priv\u00e9e des vall\u00e9es du Danube et de la Wachau\" \/>\n<meta property=\"og:description\" content=\"Le site web de l&#039;Office national de l&#039;aviation civile (ONAC) est un site de r\u00e9f\u00e9rence pour l&#039;organisation d&#039;\u00e9v\u00e9nements sportifs et de manifestations sportives. Les visiteurs pourront d\u00e9couvrir des villes historiques, des ch\u00e2teaux majestueux et s&#039;immerger dans la riche culture de la r\u00e9gion.\" \/>\n<meta property=\"og:url\" content=\"https:\/\/tourtravelandmore.com\/fr\/tours\/lautriche-fr\/vienna-fr\/visite-privee-des-vallees-du-danube-et-de-la-wachau\/\" \/>\n<meta property=\"og:site_name\" content=\"Tour Travel And More\" \/>\n<meta property=\"article:publisher\" content=\"https:\/\/www.facebook.com\/tourtravelandmore\/\" \/>\n<meta property=\"article:modified_time\" content=\"2023-10-24T12:32:48+00:00\" \/>\n<meta property=\"og:image\" content=\"https:\/\/tourtravelandmore.com\/wp-content\/uploads\/2022\/07\/image4-3.png\" \/>\n\t<meta property=\"og:image:width\" content=\"900\" \/>\n\t<meta property=\"og:image:height\" content=\"680\" \/>\n\t<meta property=\"og:image:type\" content=\"image\/png\" \/>\n<meta name=\"twitter:card\" content=\"summary_large_image\" \/>\n<meta name=\"twitter:site\" content=\"@TourTravel_More\" \/>\n<meta name=\"twitter:label1\" content=\"Dur\u00e9e de lecture estim\u00e9e\" \/>\n\t<meta name=\"twitter:data1\" content=\"4 minutes\" \/>\n<script type=\"application\/ld+json\" class=\"yoast-schema-graph\">{\"@context\":\"https:\/\/schema.org\",\"@graph\":[{\"@type\":\"WebPage\",\"@id\":\"https:\/\/tourtravelandmore.com\/fr\/tours\/lautriche-fr\/vienna-fr\/visite-privee-des-vallees-du-danube-et-de-la-wachau\/\",\"url\":\"https:\/\/tourtravelandmore.com\/fr\/tours\/lautriche-fr\/vienna-fr\/visite-privee-des-vallees-du-danube-et-de-la-wachau\/\",\"name\":\"Visite priv\u00e9e des vall\u00e9es du Danube et de la Wachau au d\u00e9part de Vienne\",\"isPartOf\":{\"@id\":\"https:\/\/tourtravelandmore.com\/fr\/#website\"},\"primaryImageOfPage\":{\"@id\":\"https:\/\/tourtravelandmore.com\/fr\/tours\/lautriche-fr\/vienna-fr\/visite-privee-des-vallees-du-danube-et-de-la-wachau\/#primaryimage\"},\"image\":{\"@id\":\"https:\/\/tourtravelandmore.com\/fr\/tours\/lautriche-fr\/vienna-fr\/visite-privee-des-vallees-du-danube-et-de-la-wachau\/#primaryimage\"},\"thumbnailUrl\":\"https:\/\/tourtravelandmore.com\/wp-content\/uploads\/2022\/07\/image4-3.png\",\"datePublished\":\"2022-07-22T13:17:59+00:00\",\"dateModified\":\"2023-10-24T12:32:48+00:00\",\"description\":\"Le site web de l'Office national de l'aviation civile (ONAC) est un site de r\u00e9f\u00e9rence pour l'organisation d'\u00e9v\u00e9nements sportifs et de manifestations sportives. Les visiteurs pourront d\u00e9couvrir des villes historiques, des ch\u00e2teaux majestueux et s'immerger dans la riche culture de la r\u00e9gion.\",\"breadcrumb\":{\"@id\":\"https:\/\/tourtravelandmore.com\/fr\/tours\/lautriche-fr\/vienna-fr\/visite-privee-des-vallees-du-danube-et-de-la-wachau\/#breadcrumb\"},\"inLanguage\":\"fr-FR\",\"potentialAction\":[{\"@type\":\"ReadAction\",\"target\":[\"https:\/\/tourtravelandmore.com\/fr\/tours\/lautriche-fr\/vienna-fr\/visite-privee-des-vallees-du-danube-et-de-la-wachau\/\"]}]},{\"@type\":\"ImageObject\",\"inLanguage\":\"fr-FR\",\"@id\":\"https:\/\/tourtravelandmore.com\/fr\/tours\/lautriche-fr\/vienna-fr\/visite-privee-des-vallees-du-danube-et-de-la-wachau\/#primaryimage\",\"url\":\"https:\/\/tourtravelandmore.com\/wp-content\/uploads\/2022\/07\/image4-3.png\",\"contentUrl\":\"https:\/\/tourtravelandmore.com\/wp-content\/uploads\/2022\/07\/image4-3.png\",\"width\":900,\"height\":680},{\"@type\":\"BreadcrumbList\",\"@id\":\"https:\/\/tourtravelandmore.com\/fr\/tours\/lautriche-fr\/vienna-fr\/visite-privee-des-vallees-du-danube-et-de-la-wachau\/#breadcrumb\",\"itemListElement\":[{\"@type\":\"ListItem\",\"position\":1,\"name\":\"Home\",\"item\":\"https:\/\/tourtravelandmore.com\/fr\/\"},{\"@type\":\"ListItem\",\"position\":2,\"name\":\"Tours\",\"item\":\"https:\/\/tourtravelandmore.com\/fr\/tours\/\"},{\"@type\":\"ListItem\",\"position\":3,\"name\":\"Visite priv\u00e9e des vall\u00e9es du Danube et de la Wachau\"}]},{\"@type\":\"WebSite\",\"@id\":\"https:\/\/tourtravelandmore.com\/fr\/#website\",\"url\":\"https:\/\/tourtravelandmore.com\/fr\/\",\"name\":\"Tour Travel And More\",\"description\":\"Private sightseeing tours and luxury transfers in Spain\",\"publisher\":{\"@id\":\"https:\/\/tourtravelandmore.com\/fr\/#organization\"},\"potentialAction\":[{\"@type\":\"SearchAction\",\"target\":{\"@type\":\"EntryPoint\",\"urlTemplate\":\"https:\/\/tourtravelandmore.com\/fr\/?s={search_term_string}\"},\"query-input\":{\"@type\":\"PropertyValueSpecification\",\"valueRequired\":true,\"valueName\":\"search_term_string\"}}],\"inLanguage\":\"fr-FR\"},{\"@type\":\"Organization\",\"@id\":\"https:\/\/tourtravelandmore.com\/fr\/#organization\",\"name\":\"Tour Travel And More\",\"url\":\"https:\/\/tourtravelandmore.com\/fr\/\",\"logo\":{\"@type\":\"ImageObject\",\"inLanguage\":\"fr-FR\",\"@id\":\"https:\/\/tourtravelandmore.com\/fr\/#\/schema\/logo\/image\/\",\"url\":\"https:\/\/tourtravelandmore.com\/wp-content\/uploads\/2022\/12\/cropped-logo-cabecera-new.png\",\"contentUrl\":\"https:\/\/tourtravelandmore.com\/wp-content\/uploads\/2022\/12\/cropped-logo-cabecera-new.png\",\"width\":430,\"height\":61,\"caption\":\"Tour Travel And More\"},\"image\":{\"@id\":\"https:\/\/tourtravelandmore.com\/fr\/#\/schema\/logo\/image\/\"},\"sameAs\":[\"https:\/\/www.facebook.com\/tourtravelandmore\/\",\"https:\/\/x.com\/TourTravel_More\"]}]}<\/script>\n<!-- \/ Yoast SEO Premium plugin. -->","yoast_head_json":{"title":"Visite priv\u00e9e des vall\u00e9es du Danube et de la Wachau au d\u00e9part de Vienne","description":"Le site web de l'Office national de l'aviation civile (ONAC) est un site de r\u00e9f\u00e9rence pour l'organisation d'\u00e9v\u00e9nements sportifs et de manifestations sportives. Les visiteurs pourront d\u00e9couvrir des villes historiques, des ch\u00e2teaux majestueux et s'immerger dans la riche culture de la r\u00e9gion.","robots":{"index":"index","follow":"follow","max-snippet":"max-snippet:-1","max-image-preview":"max-image-preview:large","max-video-preview":"max-video-preview:-1"},"canonical":"https:\/\/tourtravelandmore.com\/fr\/tours\/lautriche-fr\/vienna-fr\/visite-privee-des-vallees-du-danube-et-de-la-wachau\/","og_locale":"fr_FR","og_type":"article","og_title":"Visite priv\u00e9e des vall\u00e9es du Danube et de la Wachau","og_description":"Le site web de l'Office national de l'aviation civile (ONAC) est un site de r\u00e9f\u00e9rence pour l'organisation d'\u00e9v\u00e9nements sportifs et de manifestations sportives. Les visiteurs pourront d\u00e9couvrir des villes historiques, des ch\u00e2teaux majestueux et s'immerger dans la riche culture de la r\u00e9gion.","og_url":"https:\/\/tourtravelandmore.com\/fr\/tours\/lautriche-fr\/vienna-fr\/visite-privee-des-vallees-du-danube-et-de-la-wachau\/","og_site_name":"Tour Travel And More","article_publisher":"https:\/\/www.facebook.com\/tourtravelandmore\/","article_modified_time":"2023-10-24T12:32:48+00:00","og_image":[{"width":900,"height":680,"url":"https:\/\/tourtravelandmore.com\/wp-content\/uploads\/2022\/07\/image4-3.png","type":"image\/png"}],"twitter_card":"summary_large_image","twitter_site":"@TourTravel_More","twitter_misc":{"Dur\u00e9e de lecture estim\u00e9e":"4 minutes"},"schema":{"@context":"https:\/\/schema.org","@graph":[{"@type":"WebPage","@id":"https:\/\/tourtravelandmore.com\/fr\/tours\/lautriche-fr\/vienna-fr\/visite-privee-des-vallees-du-danube-et-de-la-wachau\/","url":"https:\/\/tourtravelandmore.com\/fr\/tours\/lautriche-fr\/vienna-fr\/visite-privee-des-vallees-du-danube-et-de-la-wachau\/","name":"Visite priv\u00e9e des vall\u00e9es du Danube et de la Wachau au d\u00e9part de Vienne","isPartOf":{"@id":"https:\/\/tourtravelandmore.com\/fr\/#website"},"primaryImageOfPage":{"@id":"https:\/\/tourtravelandmore.com\/fr\/tours\/lautriche-fr\/vienna-fr\/visite-privee-des-vallees-du-danube-et-de-la-wachau\/#primaryimage"},"image":{"@id":"https:\/\/tourtravelandmore.com\/fr\/tours\/lautriche-fr\/vienna-fr\/visite-privee-des-vallees-du-danube-et-de-la-wachau\/#primaryimage"},"thumbnailUrl":"https:\/\/tourtravelandmore.com\/wp-content\/uploads\/2022\/07\/image4-3.png","datePublished":"2022-07-22T13:17:59+00:00","dateModified":"2023-10-24T12:32:48+00:00","description":"Le site web de l'Office national de l'aviation civile (ONAC) est un site de r\u00e9f\u00e9rence pour l'organisation d'\u00e9v\u00e9nements sportifs et de manifestations sportives. Les visiteurs pourront d\u00e9couvrir des villes historiques, des ch\u00e2teaux majestueux et s'immerger dans la riche culture de la r\u00e9gion.","breadcrumb":{"@id":"https:\/\/tourtravelandmore.com\/fr\/tours\/lautriche-fr\/vienna-fr\/visite-privee-des-vallees-du-danube-et-de-la-wachau\/#breadcrumb"},"inLanguage":"fr-FR","potentialAction":[{"@type":"ReadAction","target":["https:\/\/tourtravelandmore.com\/fr\/tours\/lautriche-fr\/vienna-fr\/visite-privee-des-vallees-du-danube-et-de-la-wachau\/"]}]},{"@type":"ImageObject","inLanguage":"fr-FR","@id":"https:\/\/tourtravelandmore.com\/fr\/tours\/lautriche-fr\/vienna-fr\/visite-privee-des-vallees-du-danube-et-de-la-wachau\/#primaryimage","url":"https:\/\/tourtravelandmore.com\/wp-content\/uploads\/2022\/07\/image4-3.png","contentUrl":"https:\/\/tourtravelandmore.com\/wp-content\/uploads\/2022\/07\/image4-3.png","width":900,"height":680},{"@type":"BreadcrumbList","@id":"https:\/\/tourtravelandmore.com\/fr\/tours\/lautriche-fr\/vienna-fr\/visite-privee-des-vallees-du-danube-et-de-la-wachau\/#breadcrumb","itemListElement":[{"@type":"ListItem","position":1,"name":"Home","item":"https:\/\/tourtravelandmore.com\/fr\/"},{"@type":"ListItem","position":2,"name":"Tours","item":"https:\/\/tourtravelandmore.com\/fr\/tours\/"},{"@type":"ListItem","position":3,"name":"Visite priv\u00e9e des vall\u00e9es du Danube et de la Wachau"}]},{"@type":"WebSite","@id":"https:\/\/tourtravelandmore.com\/fr\/#website","url":"https:\/\/tourtravelandmore.com\/fr\/","name":"Tour Travel And More","description":"Private sightseeing tours and luxury transfers in Spain","publisher":{"@id":"https:\/\/tourtravelandmore.com\/fr\/#organization"},"potentialAction":[{"@type":"SearchAction","target":{"@type":"EntryPoint","urlTemplate":"https:\/\/tourtravelandmore.com\/fr\/?s={search_term_string}"},"query-input":{"@type":"PropertyValueSpecification","valueRequired":true,"valueName":"search_term_string"}}],"inLanguage":"fr-FR"},{"@type":"Organization","@id":"https:\/\/tourtravelandmore.com\/fr\/#organization","name":"Tour Travel And More","url":"https:\/\/tourtravelandmore.com\/fr\/","logo":{"@type":"ImageObject","inLanguage":"fr-FR","@id":"https:\/\/tourtravelandmore.com\/fr\/#\/schema\/logo\/image\/","url":"https:\/\/tourtravelandmore.com\/wp-content\/uploads\/2022\/12\/cropped-logo-cabecera-new.png","contentUrl":"https:\/\/tourtravelandmore.com\/wp-content\/uploads\/2022\/12\/cropped-logo-cabecera-new.png","width":430,"height":61,"caption":"Tour Travel And More"},"image":{"@id":"https:\/\/tourtravelandmore.com\/fr\/#\/schema\/logo\/image\/"},"sameAs":["https:\/\/www.facebook.com\/tourtravelandmore\/","https:\/\/x.com\/TourTravel_More"]}]}},"_links":{"self":[{"href":"https:\/\/tourtravelandmore.com\/fr\/wp-json\/wp\/v2\/product\/132451","targetHints":{"allow":["GET"]}}],"collection":[{"href":"https:\/\/tourtravelandmore.com\/fr\/wp-json\/wp\/v2\/product"}],"about":[{"href":"https:\/\/tourtravelandmore.com\/fr\/wp-json\/wp\/v2\/types\/product"}],"replies":[{"embeddable":true,"href":"https:\/\/tourtravelandmore.com\/fr\/wp-json\/wp\/v2\/comments?post=132451"}],"wp:featuredmedia":[{"embeddable":true,"href":"https:\/\/tourtravelandmore.com\/fr\/wp-json\/wp\/v2\/media\/132472"}],"wp:attachment":[{"href":"https:\/\/tourtravelandmore.com\/fr\/wp-json\/wp\/v2\/media?parent=132451"}],"wp:term":[{"taxonomy":"product_brand","embeddable":true,"href":"https:\/\/tourtravelandmore.com\/fr\/wp-json\/wp\/v2\/product_brand?post=132451"},{"taxonomy":"product_cat","embeddable":true,"href":"https:\/\/tourtravelandmore.com\/fr\/wp-json\/wp\/v2\/product_cat?post=132451"},{"taxonomy":"product_tag","embeddable":true,"href":"https:\/\/tourtravelandmore.com\/fr\/wp-json\/wp\/v2\/product_tag?post=132451"}],"curies":[{"name":"wp","href":"https:\/\/api.w.org\/{rel}","templated":true}]}}