{"id":132368,"date":"2022-07-22T14:29:37","date_gmt":"2022-07-22T12:29:42","guid":{"rendered":"https:\/\/tourtravelandmore.com\/?post_type=product&#038;p=132368"},"modified":"2023-10-23T11:53:15","modified_gmt":"2023-10-23T09:53:15","slug":"visite-privee-de-budapest-au-depart-de-vienne","status":"publish","type":"product","link":"https:\/\/tourtravelandmore.com\/fr\/tours\/lautriche-fr\/vienna-fr\/visite-privee-de-budapest-au-depart-de-vienne\/","title":{"rendered":"Visite priv\u00e9e de Budapest au d\u00e9part de Vienne"},"content":{"rendered":"<h2><b>Visite priv\u00e9e de Budapest au d\u00e9part de Vienne Description<\/b><\/h2>\n<p><span style=\"font-weight: 400;\">Plongez au c\u0153ur de l&#8217;Europe centrale en vous aventurant des rues royales de Vienne aux ruelles historiques de Budapest. Impr\u00e9gn\u00e9 d&#8217;une histoire riche, d&#8217;une architecture \u00e0 couper le souffle et des r\u00e9cits de deux villes anciennes, ce circuit priv\u00e9 est un m\u00e9lange harmonieux de confort, de luxe et d&#8217;exp\u00e9rience immersive.<\/span><\/p>\n<p><span style=\"font-weight: 400;\">En commen\u00e7ant par la ville imp\u00e9riale de Vienne, connue pour ses palais royaux et ses l\u00e9gendes musicales, embarquez pour un voyage de 14 heures qui vous d\u00e9voilera la splendeur de Budapest, souvent surnomm\u00e9e le &#8220;Paris de l&#8217;Est&#8221;. Il ne s&#8217;agit pas d&#8217;une simple visite, mais d&#8217;un passage \u00e0 travers le temps, d&#8217;un r\u00e9cit d&#8217;empires et de l&#8217;histoire de deux villes.<\/span><\/p>\n<p><span style=\"font-weight: 400;\">D\u00e8s votre prise en charge \u00e0 votre h\u00e9bergement \u00e0 Vienne, d\u00e9tendez-vous dans un v\u00e9hicule luxueux pendant que votre guide professionnel brosse un tableau saisissant des paysages qui d\u00e9filent, rendant le voyage aussi instructif que la destination. Au fur et \u00e0 mesure que la campagne autrichienne se fond dans les paysages hongrois, l&#8217;impatience monte.<\/span><\/p>\n<p><span style=\"font-weight: 400;\">\u00c0 l&#8217;arriv\u00e9e \u00e0 Budapest, plongez directement dans une exploration guid\u00e9e d\u00e9taill\u00e9e de 4 heures, o\u00f9 chaque pav\u00e9 et chaque fa\u00e7ade ont une histoire \u00e0 raconter. Il ne s&#8217;agit pas d&#8217;une simple visite touristique, mais d&#8217;une plong\u00e9e au c\u0153ur de l&#8217;une des villes les plus riches en histoire d&#8217;Europe.<\/span><\/p>\n<h2><b>Visite priv\u00e9e de Budapest au d\u00e9part de Vienne Points forts<\/b><\/h2>\n<ul>\n<li style=\"font-weight: 400;\" aria-level=\"1\"><b>Le Parlement de Budapest :<\/b><span style=\"font-weight: 400;\"> Admirez la grandeur du chef-d&#8217;\u0153uvre n\u00e9oclassique qui tr\u00f4ne majestueusement au bord du Danube. Il t\u00e9moigne de l&#8217;\u00e9poque r\u00e9volue de la Hongrie et est le troisi\u00e8me plus grand \u00e9difice parlementaire au monde. \u00c0 proximit\u00e9, rendez hommage au poignant monument des chaussures sur le Danube, un rappel d\u00e9chirant des trag\u00e9dies de la Seconde Guerre mondiale.<\/span><\/li>\n<li style=\"font-weight: 400;\" aria-level=\"1\"><b>Pont des cha\u00eenes :<\/b><span style=\"font-weight: 400;\"> Traversez le pont historique qui relie Buda et Pest, r\u00e9sistant apr\u00e8s avoir subi le poids de la Seconde Guerre mondiale, et reconstruit pour faire \u00e9cho \u00e0 sa gloire d&#8217;antan.<\/span><\/li>\n<li style=\"font-weight: 400;\" aria-level=\"1\"><b>V\u00e1ci Utca et la place Vorosmarty :<\/b><span style=\"font-weight: 400;\"> Fl\u00e2nez dans les rues anim\u00e9es et pleines de vie, bord\u00e9es de boutiques, de restaurants et de la toujours tr\u00e8s vivante place Vorosmarty, l&#8217;\u00e9picentre des \u00e9v\u00e9nements de la ville.<\/span><\/li>\n<li style=\"font-weight: 400;\" aria-level=\"1\"><b>Quartier juif :<\/b><span style=\"font-weight: 400;\"> marchez sur les terres sacr\u00e9es o\u00f9 s&#8217;entrem\u00ealent des histoires de pers\u00e9v\u00e9rance et de trag\u00e9die. Admirez la merveille architecturale qu&#8217;est la Grande Synagogue et le poignant monument de l&#8217;Arbre de Vie, t\u00e9moignage silencieux de la r\u00e9silience d&#8217;une communaut\u00e9.<\/span><\/li>\n<li style=\"font-weight: 400;\" aria-level=\"1\"><b>Ch\u00e2teau de Buda <\/b><span style=\"font-weight: 400;\">: Montez jusqu&#8217;au majestueux ch\u00e2teau qui offre une vue panoramique sur la ville. Plongez dans l&#8217;art hongrois et les reliques anciennes au mus\u00e9e national qui s&#8217;y trouve.<\/span><\/li>\n<li style=\"font-weight: 400;\" aria-level=\"1\"><b>Basilique Saint-\u00c9tienne : <\/b><span style=\"font-weight: 400;\">Entrez dans cette merveille n\u00e9oclassique d\u00e9di\u00e9e au premier roi de Hongrie. Admirez ses \u0153uvres d&#8217;art complexes et, si vous \u00eates pr\u00eat \u00e0 le faire, montez dans la tour pour avoir une vue incomparable sur la ville.<\/span><\/li>\n<li style=\"font-weight: 400;\" aria-level=\"1\"><b>Colline de Gell\u00e9rt et Citadelle :<\/b><span style=\"font-weight: 400;\"> Point de vue naturel de Budapest, la colline de Gell\u00e9rt offre une vue panoramique sur toute la ville. La Citadelle, perch\u00e9e au sommet, est un symbole de libert\u00e9. Au milieu de la beaut\u00e9 du paysage, on peut percevoir les chuchotements des batailles et des r\u00e9volutions pass\u00e9es qui r\u00e9sonnent \u00e0 travers ses monuments.<\/span><\/li>\n<li style=\"font-weight: 400;\" aria-level=\"1\"><b>Place des H\u00e9ros :<\/b><span style=\"font-weight: 400;\"> Impr\u00e9gn\u00e9 d&#8217;histoire et de culture, ce site class\u00e9 au patrimoine mondial de l&#8217;UNESCO pr\u00e9sente des statues de dirigeants hongrois et l&#8217;embl\u00e9matique monument du Mill\u00e9naire. Flanqu\u00e9e du Mus\u00e9e des beaux-arts et du Palais des arts, cette place n&#8217;est pas seulement le confluent de l&#8217;histoire et de l&#8217;art, mais aussi un clin d&#8217;\u0153il au parcours tumultueux de la Hongrie vers la constitution d&#8217;une nation.<\/span><\/li>\n<\/ul>\n<p><span style=\"font-weight: 400;\">Tout au long de ce voyage, il y aura de nombreuses occasions de s&#8217;arr\u00eater pour prendre des photos et, si l&#8217;envie vous en prend, de personnaliser le voyage en visitant le spa th\u00e9rapeutique de Gellert ou le ch\u00e2teau mystique de Vajdahunyad.<\/span><\/p>\n<p><span style=\"font-weight: 400;\">Apr\u00e8s cette exp\u00e9rience immersive, reposez-vous dans votre v\u00e9hicule de luxe, tandis que les souvenirs de Budapest s&#8217;estompent \u00e0 l&#8217;horizon et que la grandeur famili\u00e8re de Vienne vous accueille \u00e0 nouveau. Pour les voyageurs d\u00e9sireux d&#8217;explorer d&#8217;autres joyaux de l&#8217;Europe, <\/span><a href=\"https:\/\/tourtravelandmore.com\/fr\/city\/lautriche-fr\/vienna-fr\/\"><span style=\"font-weight: 400;\">pensez \u00e0 notre prochain circuit dans les vall\u00e9es du Danube et de la Wachau.<\/span><\/a><\/p>\n","protected":false},"excerpt":{"rendered":"<p><span style=\"font-weight: 400;\">De la grandeur royale de Vienne \u00e0 l&#8217;allure intemporelle de Budapest, voyagez au c\u0153ur de l&#8217;Europe centrale en d\u00e9couvrant des histoires d&#8217;empires, une architecture majestueuse et des villes impr\u00e9gn\u00e9es d&#8217;une riche histoire. Une exp\u00e9rience de luxe vous attend !<\/span><\/p>\n","protected":false},"featured_media":132386,"comment_status":"open","ping_status":"closed","template":"","meta":{"_acf_changed":false},"product_brand":[],"product_cat":[3708,4181,4182],"product_tag":[],"class_list":{"0":"post-132368","1":"product","2":"type-product","3":"status-publish","4":"has-post-thumbnail","6":"product_cat-vienna-fr","7":"product_cat-toutes-les-visites-et-activites","8":"product_cat-visites-guidees-privees-fr-2","10":"first","11":"instock","12":"shipping-taxable","13":"purchasable","14":"product-type-simple"},"acf":[],"yoast_head":"<!-- This site is optimized with the Yoast SEO Premium plugin v25.3.1 (Yoast SEO v25.3.1) - https:\/\/yoast.com\/wordpress\/plugins\/seo\/ -->\n<title>Visite priv\u00e9e de Budapest au d\u00e9part de Vienne : D\u00e9couvrez deux joyaux europ\u00e9ens<\/title>\n<meta name=\"description\" content=\"La ville de Vienne est l&#039;une des plus belles villes d&#039;Europe et l&#039;une des plus belles villes du monde. Les visiteurs sont invit\u00e9s \u00e0 d\u00e9couvrir les monuments, \u00e0 \u00e9couter les r\u00e9cits d&#039;\u00e9poques r\u00e9volues et \u00e0 saisir l&#039;essence de ces deux villes europ\u00e9ennes embl\u00e9matiques.\" \/>\n<meta name=\"robots\" content=\"index, follow, max-snippet:-1, max-image-preview:large, max-video-preview:-1\" \/>\n<link rel=\"canonical\" href=\"https:\/\/tourtravelandmore.com\/fr\/tours\/lautriche-fr\/vienna-fr\/visite-privee-de-budapest-au-depart-de-vienne\/\" \/>\n<meta property=\"og:locale\" content=\"fr_FR\" \/>\n<meta property=\"og:type\" content=\"article\" \/>\n<meta property=\"og:title\" content=\"Visite priv\u00e9e de Budapest au d\u00e9part de Vienne\" \/>\n<meta property=\"og:description\" content=\"La ville de Vienne est l&#039;une des plus belles villes d&#039;Europe et l&#039;une des plus belles villes du monde. Les visiteurs sont invit\u00e9s \u00e0 d\u00e9couvrir les monuments, \u00e0 \u00e9couter les r\u00e9cits d&#039;\u00e9poques r\u00e9volues et \u00e0 saisir l&#039;essence de ces deux villes europ\u00e9ennes embl\u00e9matiques.\" \/>\n<meta property=\"og:url\" content=\"https:\/\/tourtravelandmore.com\/fr\/tours\/lautriche-fr\/vienna-fr\/visite-privee-de-budapest-au-depart-de-vienne\/\" \/>\n<meta property=\"og:site_name\" content=\"Tour Travel And More\" \/>\n<meta property=\"article:publisher\" content=\"https:\/\/www.facebook.com\/tourtravelandmore\/\" \/>\n<meta property=\"article:modified_time\" content=\"2023-10-23T09:53:15+00:00\" \/>\n<meta property=\"og:image\" content=\"https:\/\/tourtravelandmore.com\/wp-content\/uploads\/2022\/07\/image4-1.png\" \/>\n\t<meta property=\"og:image:width\" content=\"900\" \/>\n\t<meta property=\"og:image:height\" content=\"680\" \/>\n\t<meta property=\"og:image:type\" content=\"image\/png\" \/>\n<meta name=\"twitter:card\" content=\"summary_large_image\" \/>\n<meta name=\"twitter:site\" content=\"@TourTravel_More\" \/>\n<meta name=\"twitter:label1\" content=\"Dur\u00e9e de lecture estim\u00e9e\" \/>\n\t<meta name=\"twitter:data1\" content=\"4 minutes\" \/>\n<script type=\"application\/ld+json\" class=\"yoast-schema-graph\">{\"@context\":\"https:\/\/schema.org\",\"@graph\":[{\"@type\":\"WebPage\",\"@id\":\"https:\/\/tourtravelandmore.com\/fr\/tours\/lautriche-fr\/vienna-fr\/visite-privee-de-budapest-au-depart-de-vienne\/\",\"url\":\"https:\/\/tourtravelandmore.com\/fr\/tours\/lautriche-fr\/vienna-fr\/visite-privee-de-budapest-au-depart-de-vienne\/\",\"name\":\"Visite priv\u00e9e de Budapest au d\u00e9part de Vienne : D\u00e9couvrez deux joyaux europ\u00e9ens\",\"isPartOf\":{\"@id\":\"https:\/\/tourtravelandmore.com\/fr\/#website\"},\"primaryImageOfPage\":{\"@id\":\"https:\/\/tourtravelandmore.com\/fr\/tours\/lautriche-fr\/vienna-fr\/visite-privee-de-budapest-au-depart-de-vienne\/#primaryimage\"},\"image\":{\"@id\":\"https:\/\/tourtravelandmore.com\/fr\/tours\/lautriche-fr\/vienna-fr\/visite-privee-de-budapest-au-depart-de-vienne\/#primaryimage\"},\"thumbnailUrl\":\"https:\/\/tourtravelandmore.com\/wp-content\/uploads\/2022\/07\/image4-1.png\",\"datePublished\":\"2022-07-22T12:29:42+00:00\",\"dateModified\":\"2023-10-23T09:53:15+00:00\",\"description\":\"La ville de Vienne est l'une des plus belles villes d'Europe et l'une des plus belles villes du monde. Les visiteurs sont invit\u00e9s \u00e0 d\u00e9couvrir les monuments, \u00e0 \u00e9couter les r\u00e9cits d'\u00e9poques r\u00e9volues et \u00e0 saisir l'essence de ces deux villes europ\u00e9ennes embl\u00e9matiques.\",\"breadcrumb\":{\"@id\":\"https:\/\/tourtravelandmore.com\/fr\/tours\/lautriche-fr\/vienna-fr\/visite-privee-de-budapest-au-depart-de-vienne\/#breadcrumb\"},\"inLanguage\":\"fr-FR\",\"potentialAction\":[{\"@type\":\"ReadAction\",\"target\":[\"https:\/\/tourtravelandmore.com\/fr\/tours\/lautriche-fr\/vienna-fr\/visite-privee-de-budapest-au-depart-de-vienne\/\"]}]},{\"@type\":\"ImageObject\",\"inLanguage\":\"fr-FR\",\"@id\":\"https:\/\/tourtravelandmore.com\/fr\/tours\/lautriche-fr\/vienna-fr\/visite-privee-de-budapest-au-depart-de-vienne\/#primaryimage\",\"url\":\"https:\/\/tourtravelandmore.com\/wp-content\/uploads\/2022\/07\/image4-1.png\",\"contentUrl\":\"https:\/\/tourtravelandmore.com\/wp-content\/uploads\/2022\/07\/image4-1.png\",\"width\":900,\"height\":680},{\"@type\":\"BreadcrumbList\",\"@id\":\"https:\/\/tourtravelandmore.com\/fr\/tours\/lautriche-fr\/vienna-fr\/visite-privee-de-budapest-au-depart-de-vienne\/#breadcrumb\",\"itemListElement\":[{\"@type\":\"ListItem\",\"position\":1,\"name\":\"Home\",\"item\":\"https:\/\/tourtravelandmore.com\/fr\/\"},{\"@type\":\"ListItem\",\"position\":2,\"name\":\"Tours\",\"item\":\"https:\/\/tourtravelandmore.com\/fr\/tours\/\"},{\"@type\":\"ListItem\",\"position\":3,\"name\":\"Visite priv\u00e9e de Budapest au d\u00e9part de Vienne\"}]},{\"@type\":\"WebSite\",\"@id\":\"https:\/\/tourtravelandmore.com\/fr\/#website\",\"url\":\"https:\/\/tourtravelandmore.com\/fr\/\",\"name\":\"Tour Travel And More\",\"description\":\"Private sightseeing tours and luxury transfers in Spain\",\"publisher\":{\"@id\":\"https:\/\/tourtravelandmore.com\/fr\/#organization\"},\"potentialAction\":[{\"@type\":\"SearchAction\",\"target\":{\"@type\":\"EntryPoint\",\"urlTemplate\":\"https:\/\/tourtravelandmore.com\/fr\/?s={search_term_string}\"},\"query-input\":{\"@type\":\"PropertyValueSpecification\",\"valueRequired\":true,\"valueName\":\"search_term_string\"}}],\"inLanguage\":\"fr-FR\"},{\"@type\":\"Organization\",\"@id\":\"https:\/\/tourtravelandmore.com\/fr\/#organization\",\"name\":\"Tour Travel And More\",\"url\":\"https:\/\/tourtravelandmore.com\/fr\/\",\"logo\":{\"@type\":\"ImageObject\",\"inLanguage\":\"fr-FR\",\"@id\":\"https:\/\/tourtravelandmore.com\/fr\/#\/schema\/logo\/image\/\",\"url\":\"https:\/\/tourtravelandmore.com\/wp-content\/uploads\/2022\/12\/cropped-logo-cabecera-new.png\",\"contentUrl\":\"https:\/\/tourtravelandmore.com\/wp-content\/uploads\/2022\/12\/cropped-logo-cabecera-new.png\",\"width\":430,\"height\":61,\"caption\":\"Tour Travel And More\"},\"image\":{\"@id\":\"https:\/\/tourtravelandmore.com\/fr\/#\/schema\/logo\/image\/\"},\"sameAs\":[\"https:\/\/www.facebook.com\/tourtravelandmore\/\",\"https:\/\/x.com\/TourTravel_More\"]}]}<\/script>\n<!-- \/ Yoast SEO Premium plugin. -->","yoast_head_json":{"title":"Visite priv\u00e9e de Budapest au d\u00e9part de Vienne : D\u00e9couvrez deux joyaux europ\u00e9ens","description":"La ville de Vienne est l'une des plus belles villes d'Europe et l'une des plus belles villes du monde. Les visiteurs sont invit\u00e9s \u00e0 d\u00e9couvrir les monuments, \u00e0 \u00e9couter les r\u00e9cits d'\u00e9poques r\u00e9volues et \u00e0 saisir l'essence de ces deux villes europ\u00e9ennes embl\u00e9matiques.","robots":{"index":"index","follow":"follow","max-snippet":"max-snippet:-1","max-image-preview":"max-image-preview:large","max-video-preview":"max-video-preview:-1"},"canonical":"https:\/\/tourtravelandmore.com\/fr\/tours\/lautriche-fr\/vienna-fr\/visite-privee-de-budapest-au-depart-de-vienne\/","og_locale":"fr_FR","og_type":"article","og_title":"Visite priv\u00e9e de Budapest au d\u00e9part de Vienne","og_description":"La ville de Vienne est l'une des plus belles villes d'Europe et l'une des plus belles villes du monde. Les visiteurs sont invit\u00e9s \u00e0 d\u00e9couvrir les monuments, \u00e0 \u00e9couter les r\u00e9cits d'\u00e9poques r\u00e9volues et \u00e0 saisir l'essence de ces deux villes europ\u00e9ennes embl\u00e9matiques.","og_url":"https:\/\/tourtravelandmore.com\/fr\/tours\/lautriche-fr\/vienna-fr\/visite-privee-de-budapest-au-depart-de-vienne\/","og_site_name":"Tour Travel And More","article_publisher":"https:\/\/www.facebook.com\/tourtravelandmore\/","article_modified_time":"2023-10-23T09:53:15+00:00","og_image":[{"width":900,"height":680,"url":"https:\/\/tourtravelandmore.com\/wp-content\/uploads\/2022\/07\/image4-1.png","type":"image\/png"}],"twitter_card":"summary_large_image","twitter_site":"@TourTravel_More","twitter_misc":{"Dur\u00e9e de lecture estim\u00e9e":"4 minutes"},"schema":{"@context":"https:\/\/schema.org","@graph":[{"@type":"WebPage","@id":"https:\/\/tourtravelandmore.com\/fr\/tours\/lautriche-fr\/vienna-fr\/visite-privee-de-budapest-au-depart-de-vienne\/","url":"https:\/\/tourtravelandmore.com\/fr\/tours\/lautriche-fr\/vienna-fr\/visite-privee-de-budapest-au-depart-de-vienne\/","name":"Visite priv\u00e9e de Budapest au d\u00e9part de Vienne : D\u00e9couvrez deux joyaux europ\u00e9ens","isPartOf":{"@id":"https:\/\/tourtravelandmore.com\/fr\/#website"},"primaryImageOfPage":{"@id":"https:\/\/tourtravelandmore.com\/fr\/tours\/lautriche-fr\/vienna-fr\/visite-privee-de-budapest-au-depart-de-vienne\/#primaryimage"},"image":{"@id":"https:\/\/tourtravelandmore.com\/fr\/tours\/lautriche-fr\/vienna-fr\/visite-privee-de-budapest-au-depart-de-vienne\/#primaryimage"},"thumbnailUrl":"https:\/\/tourtravelandmore.com\/wp-content\/uploads\/2022\/07\/image4-1.png","datePublished":"2022-07-22T12:29:42+00:00","dateModified":"2023-10-23T09:53:15+00:00","description":"La ville de Vienne est l'une des plus belles villes d'Europe et l'une des plus belles villes du monde. Les visiteurs sont invit\u00e9s \u00e0 d\u00e9couvrir les monuments, \u00e0 \u00e9couter les r\u00e9cits d'\u00e9poques r\u00e9volues et \u00e0 saisir l'essence de ces deux villes europ\u00e9ennes embl\u00e9matiques.","breadcrumb":{"@id":"https:\/\/tourtravelandmore.com\/fr\/tours\/lautriche-fr\/vienna-fr\/visite-privee-de-budapest-au-depart-de-vienne\/#breadcrumb"},"inLanguage":"fr-FR","potentialAction":[{"@type":"ReadAction","target":["https:\/\/tourtravelandmore.com\/fr\/tours\/lautriche-fr\/vienna-fr\/visite-privee-de-budapest-au-depart-de-vienne\/"]}]},{"@type":"ImageObject","inLanguage":"fr-FR","@id":"https:\/\/tourtravelandmore.com\/fr\/tours\/lautriche-fr\/vienna-fr\/visite-privee-de-budapest-au-depart-de-vienne\/#primaryimage","url":"https:\/\/tourtravelandmore.com\/wp-content\/uploads\/2022\/07\/image4-1.png","contentUrl":"https:\/\/tourtravelandmore.com\/wp-content\/uploads\/2022\/07\/image4-1.png","width":900,"height":680},{"@type":"BreadcrumbList","@id":"https:\/\/tourtravelandmore.com\/fr\/tours\/lautriche-fr\/vienna-fr\/visite-privee-de-budapest-au-depart-de-vienne\/#breadcrumb","itemListElement":[{"@type":"ListItem","position":1,"name":"Home","item":"https:\/\/tourtravelandmore.com\/fr\/"},{"@type":"ListItem","position":2,"name":"Tours","item":"https:\/\/tourtravelandmore.com\/fr\/tours\/"},{"@type":"ListItem","position":3,"name":"Visite priv\u00e9e de Budapest au d\u00e9part de Vienne"}]},{"@type":"WebSite","@id":"https:\/\/tourtravelandmore.com\/fr\/#website","url":"https:\/\/tourtravelandmore.com\/fr\/","name":"Tour Travel And More","description":"Private sightseeing tours and luxury transfers in Spain","publisher":{"@id":"https:\/\/tourtravelandmore.com\/fr\/#organization"},"potentialAction":[{"@type":"SearchAction","target":{"@type":"EntryPoint","urlTemplate":"https:\/\/tourtravelandmore.com\/fr\/?s={search_term_string}"},"query-input":{"@type":"PropertyValueSpecification","valueRequired":true,"valueName":"search_term_string"}}],"inLanguage":"fr-FR"},{"@type":"Organization","@id":"https:\/\/tourtravelandmore.com\/fr\/#organization","name":"Tour Travel And More","url":"https:\/\/tourtravelandmore.com\/fr\/","logo":{"@type":"ImageObject","inLanguage":"fr-FR","@id":"https:\/\/tourtravelandmore.com\/fr\/#\/schema\/logo\/image\/","url":"https:\/\/tourtravelandmore.com\/wp-content\/uploads\/2022\/12\/cropped-logo-cabecera-new.png","contentUrl":"https:\/\/tourtravelandmore.com\/wp-content\/uploads\/2022\/12\/cropped-logo-cabecera-new.png","width":430,"height":61,"caption":"Tour Travel And More"},"image":{"@id":"https:\/\/tourtravelandmore.com\/fr\/#\/schema\/logo\/image\/"},"sameAs":["https:\/\/www.facebook.com\/tourtravelandmore\/","https:\/\/x.com\/TourTravel_More"]}]}},"_links":{"self":[{"href":"https:\/\/tourtravelandmore.com\/fr\/wp-json\/wp\/v2\/product\/132368","targetHints":{"allow":["GET"]}}],"collection":[{"href":"https:\/\/tourtravelandmore.com\/fr\/wp-json\/wp\/v2\/product"}],"about":[{"href":"https:\/\/tourtravelandmore.com\/fr\/wp-json\/wp\/v2\/types\/product"}],"replies":[{"embeddable":true,"href":"https:\/\/tourtravelandmore.com\/fr\/wp-json\/wp\/v2\/comments?post=132368"}],"wp:featuredmedia":[{"embeddable":true,"href":"https:\/\/tourtravelandmore.com\/fr\/wp-json\/wp\/v2\/media\/132386"}],"wp:attachment":[{"href":"https:\/\/tourtravelandmore.com\/fr\/wp-json\/wp\/v2\/media?parent=132368"}],"wp:term":[{"taxonomy":"product_brand","embeddable":true,"href":"https:\/\/tourtravelandmore.com\/fr\/wp-json\/wp\/v2\/product_brand?post=132368"},{"taxonomy":"product_cat","embeddable":true,"href":"https:\/\/tourtravelandmore.com\/fr\/wp-json\/wp\/v2\/product_cat?post=132368"},{"taxonomy":"product_tag","embeddable":true,"href":"https:\/\/tourtravelandmore.com\/fr\/wp-json\/wp\/v2\/product_tag?post=132368"}],"curies":[{"name":"wp","href":"https:\/\/api.w.org\/{rel}","templated":true}]}}