{"id":132322,"date":"2022-07-22T14:02:26","date_gmt":"2022-07-22T12:02:34","guid":{"rendered":"https:\/\/tourtravelandmore.com\/?post_type=product&#038;p=132322"},"modified":"2026-02-11T16:44:13","modified_gmt":"2026-02-11T15:44:13","slug":"excursion-privee-dune-journee-a-hallstatt-au-depart-de-vienne","status":"publish","type":"product","link":"https:\/\/tourtravelandmore.com\/fr\/tours\/lautriche-fr\/vienna-fr\/excursion-privee-dune-journee-a-hallstatt-au-depart-de-vienne\/","title":{"rendered":"Excursion priv\u00e9e d&#8217;une journ\u00e9e \u00e0 Hallstatt au d\u00e9part de Vienne"},"content":{"rendered":"<h2><b>Excursion priv\u00e9e d&#8217;une journ\u00e9e \u00e0 Hallstatt au d\u00e9part de Vienne Description<\/b><\/h2>\n<p>D\u00e9couvrez le charme de Hallstatt lors d&#8217;une excursion priv\u00e9e d&#8217;une journ\u00e9e au d\u00e9part de Vienne. Cette excursion de 12 heures vous emm\u00e8ne dans le village lacustre le plus pittoresque d&#8217;Autriche, connu pour sa beaut\u00e9 intemporelle et son riche patrimoine culturel. D\u00e9tendez-vous dans le confort d&#8217;un v\u00e9hicule priv\u00e9 avec un chauffeur professionnel qui vous guidera tout au long du trajet pittoresque de Vienne \u00e0 Hallstatt. \u00c0 votre arriv\u00e9e, vous rencontrerez votre guide local qui vous conduira pour une visite de 3 heures \u00e0 travers les rues enchanteresses de Hallstatt, ses monuments historiques et ses vues panoramiques sur le lac.<\/p>\n<p>Fl\u00e2nez le long de la promenade color\u00e9e du bord du lac de Hallstatt, o\u00f9 les maisons traditionnelles en bois surplombent les eaux sereines du Hallst\u00e4tter See. Visitez l&#8217;\u00e9glise paroissiale de Hallstatt, datant du XIIe si\u00e8cle, r\u00e9put\u00e9e pour son charnier unique rempli de cr\u00e2nes peints \u00e0 la main et vieux de plusieurs si\u00e8cles. Continuez jusqu&#8217;\u00e0 la place du march\u00e9 anim\u00e9e, encadr\u00e9e par de charmants caf\u00e9s et boutiques. Depuis le c\u0153ur du village, profitez d&#8217;une vue inoubliable sur les Alpes de Dachstein qui s&#8217;\u00e9l\u00e8vent de fa\u00e7on spectaculaire au-dessus du lac.<\/p>\n<h2><b>Excursion priv\u00e9e d&#8217;une journ\u00e9e \u00e0 Hallstatt au d\u00e9part de Vienne Points forts<\/b><\/h2>\n<p>Cette excursion vous permet de d\u00e9couvrir les sites les plus embl\u00e9matiques du village tout en vous laissant suffisamment de temps pour explorer \u00e0 votre rythme. Absorbez la riche culture et l&#8217;histoire de Hallstatt lors d&#8217;une excursion d&#8217;une journ\u00e9e parfaite au d\u00e9part de Vienne.<\/p>\n<ul>\n<li><b><strong>Excursion priv\u00e9e d&#8217;une journ\u00e9e<\/strong><\/b>: Profitez d&#8217;un confortable transfert aller-retour de 12 heures de Vienne \u00e0 Hallstatt dans un v\u00e9hicule priv\u00e9 avec un chauffeur professionnel.<\/li>\n<li><b><strong>Visite guid\u00e9e de Hallstatt<\/strong><\/b>: D\u00e9couvrez le village avec un guide local comp\u00e9tent au cours d&#8217;une visite guid\u00e9e de 3 heures, mettant l&#8217;accent sur les monuments historiques et les sites pittoresques de Hallstatt.<\/li>\n<li><b><strong>Place du march\u00e9 pittoresque<\/strong><\/b>: Promenez-vous sur la pittoresque place du march\u00e9, entour\u00e9e de b\u00e2timents traditionnels, de caf\u00e9s et de boutiques.<\/li>\n<li><b><strong>Promenade au bord du lac<\/strong><\/b>: Promenez-vous le long du magnifique front de lac et admirez la vue imprenable sur le Hallst\u00e4tter See et les Alpes de Dachstein.<\/li>\n<li><b><strong>Temps libre pour explorer<\/strong><\/b>: Apr\u00e8s la visite guid\u00e9e, vous aurez du temps libre pour d\u00e9couvrir les coins cach\u00e9s de Hallstatt, prendre des photos et profiter de l&#8217;atmosph\u00e8re paisible du village.<\/li>\n<\/ul>\n<p>Et si l&#8217;attrait de l&#8217;Europe vous tient encore \u00e0 c\u0153ur, pensez \u00e0 compl\u00e9ter votre voyage avec notre visite priv\u00e9e exclusive de Salzbourg au d\u00e9part de Vienne. <a href=\"https:\/\/tourtravelandmore.com\/fr\/city\/lautriche-fr\/vienna-fr\/\">C&#8217;est un autre chapitre qui attend d&#8217;\u00eatre explor\u00e9 dans la grande aventure europ\u00e9enne.<\/a><\/p>\n","protected":false},"excerpt":{"rendered":"<p><span style=\"font-weight: 400;\">D\u00e9couvrez Hallstatt, un tr\u00e9sor de l&#8217;UNESCO, lors d&#8217;une luxueuse excursion d&#8217;une journ\u00e9e au d\u00e9part de Vienne. Plongez dans un monde de beaut\u00e9 pittoresque, d&#8217;histoire riche et de merveilles culturelles.<\/span><\/p>\n","protected":false},"featured_media":132346,"comment_status":"open","ping_status":"closed","template":"","meta":{"_acf_changed":false},"product_brand":[],"product_cat":[3721,3708,4181,4182],"product_tag":[],"class_list":{"0":"post-132322","1":"product","2":"type-product","3":"status-publish","4":"has-post-thumbnail","6":"product_cat-hallstatt-fr","7":"product_cat-vienna-fr","8":"product_cat-toutes-les-visites-et-activites","9":"product_cat-visites-guidees-privees-fr-2","11":"first","12":"instock","13":"shipping-taxable","14":"purchasable","15":"product-type-simple"},"acf":[],"yoast_head":"<!-- This site is optimized with the Yoast SEO Premium plugin v25.3.1 (Yoast SEO v25.3.1) - https:\/\/yoast.com\/wordpress\/plugins\/seo\/ -->\n<title>Excursion priv\u00e9e d&#039;une journ\u00e9e \u00e0 Hallstatt au d\u00e9part de Vienne : Un joyau de l&#039;UNESCO vous attend !<\/title>\n<meta name=\"description\" content=\"Embarquez pour un voyage priv\u00e9 de 10 heures vers le village enchanteur de Hallstatt. Des lacs vierges aux anciennes mines de sel en passant par les mus\u00e9es historiques, percez les myst\u00e8res de ce site class\u00e9 au patrimoine mondial de l&#039;UNESCO.\" \/>\n<meta name=\"robots\" content=\"index, follow, max-snippet:-1, max-image-preview:large, max-video-preview:-1\" \/>\n<link rel=\"canonical\" href=\"https:\/\/tourtravelandmore.com\/fr\/tours\/lautriche-fr\/vienna-fr\/excursion-privee-dune-journee-a-hallstatt-au-depart-de-vienne\/\" \/>\n<meta property=\"og:locale\" content=\"fr_FR\" \/>\n<meta property=\"og:type\" content=\"article\" \/>\n<meta property=\"og:title\" content=\"Excursion priv\u00e9e d&#039;une journ\u00e9e \u00e0 Hallstatt au d\u00e9part de Vienne\" \/>\n<meta property=\"og:description\" content=\"Embarquez pour un voyage priv\u00e9 de 10 heures vers le village enchanteur de Hallstatt. Des lacs vierges aux anciennes mines de sel en passant par les mus\u00e9es historiques, percez les myst\u00e8res de ce site class\u00e9 au patrimoine mondial de l&#039;UNESCO.\" \/>\n<meta property=\"og:url\" content=\"https:\/\/tourtravelandmore.com\/fr\/tours\/lautriche-fr\/vienna-fr\/excursion-privee-dune-journee-a-hallstatt-au-depart-de-vienne\/\" \/>\n<meta property=\"og:site_name\" content=\"Tour Travel And More\" \/>\n<meta property=\"article:publisher\" content=\"https:\/\/www.facebook.com\/tourtravelandmore\/\" \/>\n<meta property=\"article:modified_time\" content=\"2026-02-11T15:44:13+00:00\" \/>\n<meta property=\"og:image\" content=\"https:\/\/tourtravelandmore.com\/wp-content\/uploads\/2022\/07\/image5.png\" \/>\n\t<meta property=\"og:image:width\" content=\"900\" \/>\n\t<meta property=\"og:image:height\" content=\"680\" \/>\n\t<meta property=\"og:image:type\" content=\"image\/png\" \/>\n<meta name=\"twitter:card\" content=\"summary_large_image\" \/>\n<meta name=\"twitter:site\" content=\"@TourTravel_More\" \/>\n<meta name=\"twitter:label1\" content=\"Dur\u00e9e de lecture estim\u00e9e\" \/>\n\t<meta name=\"twitter:data1\" content=\"2 minutes\" \/>\n<script type=\"application\/ld+json\" class=\"yoast-schema-graph\">{\"@context\":\"https:\/\/schema.org\",\"@graph\":[{\"@type\":\"WebPage\",\"@id\":\"https:\/\/tourtravelandmore.com\/fr\/tours\/lautriche-fr\/vienna-fr\/excursion-privee-dune-journee-a-hallstatt-au-depart-de-vienne\/\",\"url\":\"https:\/\/tourtravelandmore.com\/fr\/tours\/lautriche-fr\/vienna-fr\/excursion-privee-dune-journee-a-hallstatt-au-depart-de-vienne\/\",\"name\":\"Excursion priv\u00e9e d'une journ\u00e9e \u00e0 Hallstatt au d\u00e9part de Vienne : Un joyau de l'UNESCO vous attend !\",\"isPartOf\":{\"@id\":\"https:\/\/tourtravelandmore.com\/fr\/#website\"},\"primaryImageOfPage\":{\"@id\":\"https:\/\/tourtravelandmore.com\/fr\/tours\/lautriche-fr\/vienna-fr\/excursion-privee-dune-journee-a-hallstatt-au-depart-de-vienne\/#primaryimage\"},\"image\":{\"@id\":\"https:\/\/tourtravelandmore.com\/fr\/tours\/lautriche-fr\/vienna-fr\/excursion-privee-dune-journee-a-hallstatt-au-depart-de-vienne\/#primaryimage\"},\"thumbnailUrl\":\"https:\/\/tourtravelandmore.com\/wp-content\/uploads\/2022\/07\/image5.png\",\"datePublished\":\"2022-07-22T12:02:34+00:00\",\"dateModified\":\"2026-02-11T15:44:13+00:00\",\"description\":\"Embarquez pour un voyage priv\u00e9 de 10 heures vers le village enchanteur de Hallstatt. Des lacs vierges aux anciennes mines de sel en passant par les mus\u00e9es historiques, percez les myst\u00e8res de ce site class\u00e9 au patrimoine mondial de l'UNESCO.\",\"breadcrumb\":{\"@id\":\"https:\/\/tourtravelandmore.com\/fr\/tours\/lautriche-fr\/vienna-fr\/excursion-privee-dune-journee-a-hallstatt-au-depart-de-vienne\/#breadcrumb\"},\"inLanguage\":\"fr-FR\",\"potentialAction\":[{\"@type\":\"ReadAction\",\"target\":[\"https:\/\/tourtravelandmore.com\/fr\/tours\/lautriche-fr\/vienna-fr\/excursion-privee-dune-journee-a-hallstatt-au-depart-de-vienne\/\"]}]},{\"@type\":\"ImageObject\",\"inLanguage\":\"fr-FR\",\"@id\":\"https:\/\/tourtravelandmore.com\/fr\/tours\/lautriche-fr\/vienna-fr\/excursion-privee-dune-journee-a-hallstatt-au-depart-de-vienne\/#primaryimage\",\"url\":\"https:\/\/tourtravelandmore.com\/wp-content\/uploads\/2022\/07\/image5.png\",\"contentUrl\":\"https:\/\/tourtravelandmore.com\/wp-content\/uploads\/2022\/07\/image5.png\",\"width\":900,\"height\":680},{\"@type\":\"BreadcrumbList\",\"@id\":\"https:\/\/tourtravelandmore.com\/fr\/tours\/lautriche-fr\/vienna-fr\/excursion-privee-dune-journee-a-hallstatt-au-depart-de-vienne\/#breadcrumb\",\"itemListElement\":[{\"@type\":\"ListItem\",\"position\":1,\"name\":\"Home\",\"item\":\"https:\/\/tourtravelandmore.com\/fr\/\"},{\"@type\":\"ListItem\",\"position\":2,\"name\":\"Tours\",\"item\":\"https:\/\/tourtravelandmore.com\/fr\/tours\/\"},{\"@type\":\"ListItem\",\"position\":3,\"name\":\"Excursion priv\u00e9e d&#8217;une journ\u00e9e \u00e0 Hallstatt au d\u00e9part de Vienne\"}]},{\"@type\":\"WebSite\",\"@id\":\"https:\/\/tourtravelandmore.com\/fr\/#website\",\"url\":\"https:\/\/tourtravelandmore.com\/fr\/\",\"name\":\"Tour Travel And More\",\"description\":\"Private sightseeing tours and luxury transfers in Spain\",\"publisher\":{\"@id\":\"https:\/\/tourtravelandmore.com\/fr\/#organization\"},\"potentialAction\":[{\"@type\":\"SearchAction\",\"target\":{\"@type\":\"EntryPoint\",\"urlTemplate\":\"https:\/\/tourtravelandmore.com\/fr\/?s={search_term_string}\"},\"query-input\":{\"@type\":\"PropertyValueSpecification\",\"valueRequired\":true,\"valueName\":\"search_term_string\"}}],\"inLanguage\":\"fr-FR\"},{\"@type\":\"Organization\",\"@id\":\"https:\/\/tourtravelandmore.com\/fr\/#organization\",\"name\":\"Tour Travel And More\",\"url\":\"https:\/\/tourtravelandmore.com\/fr\/\",\"logo\":{\"@type\":\"ImageObject\",\"inLanguage\":\"fr-FR\",\"@id\":\"https:\/\/tourtravelandmore.com\/fr\/#\/schema\/logo\/image\/\",\"url\":\"https:\/\/tourtravelandmore.com\/wp-content\/uploads\/2022\/12\/cropped-logo-cabecera-new.png\",\"contentUrl\":\"https:\/\/tourtravelandmore.com\/wp-content\/uploads\/2022\/12\/cropped-logo-cabecera-new.png\",\"width\":430,\"height\":61,\"caption\":\"Tour Travel And More\"},\"image\":{\"@id\":\"https:\/\/tourtravelandmore.com\/fr\/#\/schema\/logo\/image\/\"},\"sameAs\":[\"https:\/\/www.facebook.com\/tourtravelandmore\/\",\"https:\/\/x.com\/TourTravel_More\"]}]}<\/script>\n<!-- \/ Yoast SEO Premium plugin. -->","yoast_head_json":{"title":"Excursion priv\u00e9e d'une journ\u00e9e \u00e0 Hallstatt au d\u00e9part de Vienne : Un joyau de l'UNESCO vous attend !","description":"Embarquez pour un voyage priv\u00e9 de 10 heures vers le village enchanteur de Hallstatt. Des lacs vierges aux anciennes mines de sel en passant par les mus\u00e9es historiques, percez les myst\u00e8res de ce site class\u00e9 au patrimoine mondial de l'UNESCO.","robots":{"index":"index","follow":"follow","max-snippet":"max-snippet:-1","max-image-preview":"max-image-preview:large","max-video-preview":"max-video-preview:-1"},"canonical":"https:\/\/tourtravelandmore.com\/fr\/tours\/lautriche-fr\/vienna-fr\/excursion-privee-dune-journee-a-hallstatt-au-depart-de-vienne\/","og_locale":"fr_FR","og_type":"article","og_title":"Excursion priv\u00e9e d'une journ\u00e9e \u00e0 Hallstatt au d\u00e9part de Vienne","og_description":"Embarquez pour un voyage priv\u00e9 de 10 heures vers le village enchanteur de Hallstatt. Des lacs vierges aux anciennes mines de sel en passant par les mus\u00e9es historiques, percez les myst\u00e8res de ce site class\u00e9 au patrimoine mondial de l'UNESCO.","og_url":"https:\/\/tourtravelandmore.com\/fr\/tours\/lautriche-fr\/vienna-fr\/excursion-privee-dune-journee-a-hallstatt-au-depart-de-vienne\/","og_site_name":"Tour Travel And More","article_publisher":"https:\/\/www.facebook.com\/tourtravelandmore\/","article_modified_time":"2026-02-11T15:44:13+00:00","og_image":[{"width":900,"height":680,"url":"https:\/\/tourtravelandmore.com\/wp-content\/uploads\/2022\/07\/image5.png","type":"image\/png"}],"twitter_card":"summary_large_image","twitter_site":"@TourTravel_More","twitter_misc":{"Dur\u00e9e de lecture estim\u00e9e":"2 minutes"},"schema":{"@context":"https:\/\/schema.org","@graph":[{"@type":"WebPage","@id":"https:\/\/tourtravelandmore.com\/fr\/tours\/lautriche-fr\/vienna-fr\/excursion-privee-dune-journee-a-hallstatt-au-depart-de-vienne\/","url":"https:\/\/tourtravelandmore.com\/fr\/tours\/lautriche-fr\/vienna-fr\/excursion-privee-dune-journee-a-hallstatt-au-depart-de-vienne\/","name":"Excursion priv\u00e9e d'une journ\u00e9e \u00e0 Hallstatt au d\u00e9part de Vienne : Un joyau de l'UNESCO vous attend !","isPartOf":{"@id":"https:\/\/tourtravelandmore.com\/fr\/#website"},"primaryImageOfPage":{"@id":"https:\/\/tourtravelandmore.com\/fr\/tours\/lautriche-fr\/vienna-fr\/excursion-privee-dune-journee-a-hallstatt-au-depart-de-vienne\/#primaryimage"},"image":{"@id":"https:\/\/tourtravelandmore.com\/fr\/tours\/lautriche-fr\/vienna-fr\/excursion-privee-dune-journee-a-hallstatt-au-depart-de-vienne\/#primaryimage"},"thumbnailUrl":"https:\/\/tourtravelandmore.com\/wp-content\/uploads\/2022\/07\/image5.png","datePublished":"2022-07-22T12:02:34+00:00","dateModified":"2026-02-11T15:44:13+00:00","description":"Embarquez pour un voyage priv\u00e9 de 10 heures vers le village enchanteur de Hallstatt. Des lacs vierges aux anciennes mines de sel en passant par les mus\u00e9es historiques, percez les myst\u00e8res de ce site class\u00e9 au patrimoine mondial de l'UNESCO.","breadcrumb":{"@id":"https:\/\/tourtravelandmore.com\/fr\/tours\/lautriche-fr\/vienna-fr\/excursion-privee-dune-journee-a-hallstatt-au-depart-de-vienne\/#breadcrumb"},"inLanguage":"fr-FR","potentialAction":[{"@type":"ReadAction","target":["https:\/\/tourtravelandmore.com\/fr\/tours\/lautriche-fr\/vienna-fr\/excursion-privee-dune-journee-a-hallstatt-au-depart-de-vienne\/"]}]},{"@type":"ImageObject","inLanguage":"fr-FR","@id":"https:\/\/tourtravelandmore.com\/fr\/tours\/lautriche-fr\/vienna-fr\/excursion-privee-dune-journee-a-hallstatt-au-depart-de-vienne\/#primaryimage","url":"https:\/\/tourtravelandmore.com\/wp-content\/uploads\/2022\/07\/image5.png","contentUrl":"https:\/\/tourtravelandmore.com\/wp-content\/uploads\/2022\/07\/image5.png","width":900,"height":680},{"@type":"BreadcrumbList","@id":"https:\/\/tourtravelandmore.com\/fr\/tours\/lautriche-fr\/vienna-fr\/excursion-privee-dune-journee-a-hallstatt-au-depart-de-vienne\/#breadcrumb","itemListElement":[{"@type":"ListItem","position":1,"name":"Home","item":"https:\/\/tourtravelandmore.com\/fr\/"},{"@type":"ListItem","position":2,"name":"Tours","item":"https:\/\/tourtravelandmore.com\/fr\/tours\/"},{"@type":"ListItem","position":3,"name":"Excursion priv\u00e9e d&#8217;une journ\u00e9e \u00e0 Hallstatt au d\u00e9part de Vienne"}]},{"@type":"WebSite","@id":"https:\/\/tourtravelandmore.com\/fr\/#website","url":"https:\/\/tourtravelandmore.com\/fr\/","name":"Tour Travel And More","description":"Private sightseeing tours and luxury transfers in Spain","publisher":{"@id":"https:\/\/tourtravelandmore.com\/fr\/#organization"},"potentialAction":[{"@type":"SearchAction","target":{"@type":"EntryPoint","urlTemplate":"https:\/\/tourtravelandmore.com\/fr\/?s={search_term_string}"},"query-input":{"@type":"PropertyValueSpecification","valueRequired":true,"valueName":"search_term_string"}}],"inLanguage":"fr-FR"},{"@type":"Organization","@id":"https:\/\/tourtravelandmore.com\/fr\/#organization","name":"Tour Travel And More","url":"https:\/\/tourtravelandmore.com\/fr\/","logo":{"@type":"ImageObject","inLanguage":"fr-FR","@id":"https:\/\/tourtravelandmore.com\/fr\/#\/schema\/logo\/image\/","url":"https:\/\/tourtravelandmore.com\/wp-content\/uploads\/2022\/12\/cropped-logo-cabecera-new.png","contentUrl":"https:\/\/tourtravelandmore.com\/wp-content\/uploads\/2022\/12\/cropped-logo-cabecera-new.png","width":430,"height":61,"caption":"Tour Travel And More"},"image":{"@id":"https:\/\/tourtravelandmore.com\/fr\/#\/schema\/logo\/image\/"},"sameAs":["https:\/\/www.facebook.com\/tourtravelandmore\/","https:\/\/x.com\/TourTravel_More"]}]}},"_links":{"self":[{"href":"https:\/\/tourtravelandmore.com\/fr\/wp-json\/wp\/v2\/product\/132322","targetHints":{"allow":["GET"]}}],"collection":[{"href":"https:\/\/tourtravelandmore.com\/fr\/wp-json\/wp\/v2\/product"}],"about":[{"href":"https:\/\/tourtravelandmore.com\/fr\/wp-json\/wp\/v2\/types\/product"}],"replies":[{"embeddable":true,"href":"https:\/\/tourtravelandmore.com\/fr\/wp-json\/wp\/v2\/comments?post=132322"}],"wp:featuredmedia":[{"embeddable":true,"href":"https:\/\/tourtravelandmore.com\/fr\/wp-json\/wp\/v2\/media\/132346"}],"wp:attachment":[{"href":"https:\/\/tourtravelandmore.com\/fr\/wp-json\/wp\/v2\/media?parent=132322"}],"wp:term":[{"taxonomy":"product_brand","embeddable":true,"href":"https:\/\/tourtravelandmore.com\/fr\/wp-json\/wp\/v2\/product_brand?post=132322"},{"taxonomy":"product_cat","embeddable":true,"href":"https:\/\/tourtravelandmore.com\/fr\/wp-json\/wp\/v2\/product_cat?post=132322"},{"taxonomy":"product_tag","embeddable":true,"href":"https:\/\/tourtravelandmore.com\/fr\/wp-json\/wp\/v2\/product_tag?post=132322"}],"curies":[{"name":"wp","href":"https:\/\/api.w.org\/{rel}","templated":true}]}}