{"id":130485,"date":"2022-06-30T17:38:28","date_gmt":"2022-06-30T15:38:33","guid":{"rendered":"https:\/\/tourtravelandmore.com\/?post_type=product&#038;p=130485"},"modified":"2024-02-04T17:00:19","modified_gmt":"2024-02-04T16:00:19","slug":"transfert-prive-de-rome-a-sorrento","status":"publish","type":"product","link":"https:\/\/tourtravelandmore.com\/fr\/tours\/italie-fr\/sorrento-fr\/transfert-prive-de-rome-a-sorrento\/","title":{"rendered":"Transfert priv\u00e9 de Rome \u00e0 Sorrento"},"content":{"rendered":"<h2><b>Transfert priv\u00e9 de Rome \u00e0 Sorrente Description<\/b><\/h2>\n<p><span style=\"font-weight: 400;\">Plongez dans l&#8217;\u00e9l\u00e9gance et le confort de notre transfert priv\u00e9 de Rome \u00e0 Sorrente. Ce service n&#8217;est pas seulement un voyage, c&#8217;est une transition au c\u0153ur de la beaut\u00e9 pittoresque de l&#8217;Italie. Alors que vous voyagez de la grandeur historique de Rome \u00e0 la charmante ville c\u00f4ti\u00e8re de Sorrento, d\u00e9tendez-vous dans nos v\u00e9hicules luxueux, \u00e9quip\u00e9s de toutes les commodit\u00e9s pour votre confort. Nos chauffeurs professionnels s&#8217;efforcent de vous offrir une exp\u00e9rience sans faille, en naviguant \u00e0 travers des paysages pittoresques et en garantissant un voyage efficace et sans heurts.<\/span><\/p>\n<p><span style=\"font-weight: 400;\">Le trajet lui-m\u00eame est une exp\u00e9rience \u00e0 vivre, offrant des vues sur la campagne italienne vallonn\u00e9e, parsem\u00e9e de villages anciens et d&#8217;oliveraies. Notre service s&#8217;adapte \u00e0 votre emploi du temps et \u00e0 vos pr\u00e9f\u00e9rences, assurant des prises en charge et des d\u00e9poses en temps voulu. Qu&#8217;il s&#8217;agisse de loisirs ou d&#8217;affaires, notre transfert priv\u00e9 offre un m\u00e9lange parfait de commodit\u00e9, de luxe et de style.<\/span><\/p>\n<p><span style=\"font-weight: 400;\">Au fil du voyage, vous serez captiv\u00e9 par la transition entre le paysage urbain anim\u00e9 de Rome et le cadre serein et pittoresque de la campagne italienne. L&#8217;itin\u00e9raire traverse des r\u00e9gions impr\u00e9gn\u00e9es d&#8217;histoire et de culture, vous permettant d&#8217;entrevoir le riche patrimoine de l&#8217;Italie. Ce service de transfert exclusif est plus qu&#8217;un simple trajet, c&#8217;est une porte d&#8217;entr\u00e9e dans le monde enchanteur du sud de l&#8217;Italie, un pr\u00e9lude aux merveilles qui vous attendent \u00e0 Sorrente. Notre engagement \u00e0 l&#8217;excellence garantit que chaque moment de votre voyage est agr\u00e9able et m\u00e9morable, vous offrant une exp\u00e9rience qui va au-del\u00e0 du simple transport. Ce transfert est le point de d\u00e9part id\u00e9al d&#8217;un voyage qui promet d\u00e9tente, d\u00e9couverte et charme italien.<\/span><\/p>\n<h2><b>Points forts du transfert priv\u00e9 de Rome \u00e0 Sorrente<\/b><\/h2>\n<ul>\n<li style=\"font-weight: 400;\" aria-level=\"1\"><b>Paysage pittoresque de la campagne italienne : <\/b><span style=\"font-weight: 400;\">En quittant Rome, le paysage se transforme en un tableau pittoresque de collines ondulantes, de vignobles et d&#8217;oliveraies, chacun offrant un aper\u00e7u de la beaut\u00e9 rurale et de l&#8217;h\u00e9ritage agricole de l&#8217;Italie.<\/span><\/li>\n<li style=\"font-weight: 400;\" aria-level=\"1\"><b>Le charme de Sorrente : <\/b><span style=\"font-weight: 400;\">Cette ville c\u00f4ti\u00e8re s\u00e9duit par son m\u00e9lange unique de beaut\u00e9 naturelle, de culture italienne traditionnelle et de riche histoire. Sorrente est c\u00e9l\u00e8bre pour ses magnifiques falaises, ses march\u00e9s anim\u00e9s et l&#8217;ar\u00f4me envo\u00fbtant des citronniers.<\/span><\/li>\n<li style=\"font-weight: 400;\" aria-level=\"1\"><b>Marina Grande :<\/b><span style=\"font-weight: 400;\"> La plus grande plage de Sorrente offre un m\u00e9lange parfait de d\u00e9tente et de beaut\u00e9. Vous pourrez y profiter du soleil m\u00e9diterran\u00e9en, d\u00eener dans des restaurants de bord de mer et observer les p\u00eacheurs locaux dans leurs bateaux traditionnels.<\/span><\/li>\n<li style=\"font-weight: 400;\" aria-level=\"1\"><b>Piazza Tasso :<\/b><span style=\"font-weight: 400;\"> La place principale de Sorrente est un centre d&#8217;activit\u00e9, entour\u00e9e de b\u00e2timents historiques, de caf\u00e9s charmants et de boutiques. C&#8217;est l&#8217;endroit id\u00e9al pour observer les gens et s&#8217;impr\u00e9gner de l&#8217;atmosph\u00e8re italienne anim\u00e9e.<\/span><\/li>\n<li style=\"font-weight: 400;\" aria-level=\"1\"><b>La p\u00e9ninsule de Sorrente :<\/b><span style=\"font-weight: 400;\"> Connue pour ses falaises spectaculaires et ses vues panoramiques, la p\u00e9ninsule est un \u00e9crin de beaut\u00e9 naturelle. La route qui longe la c\u00f4te offre des vues \u00e0 couper le souffle sur la mer Tyrrh\u00e9nienne.<\/span><\/li>\n<li style=\"font-weight: 400;\" aria-level=\"1\"><b>Proximit\u00e9 de Capri et de Naples :<\/b><span style=\"font-weight: 400;\"> Le transfert vous permet de vous rendre facilement \u00e0 Capri, connue pour ses stations baln\u00e9aires haut de gamme et ses merveilles naturelles, et \u00e0 Naples, ville riche en histoire, en culture et en d\u00e9lices culinaires. Ces deux destinations ajoutent \u00e0 l&#8217;attrait d&#8217;un s\u00e9jour \u00e0 Sorrente.<\/span><\/li>\n<\/ul>\n<p><span style=\"font-weight: 400;\">Embarquez pour un voyage de luxe et de commodit\u00e9 avec notre transfert priv\u00e9 de Rome \u00e0 Sorrente. Exp\u00e9rimentez le confort sans effort d&#8217;\u00eatre conduit \u00e0 travers les paysages enchanteurs de l&#8217;Italie dans un v\u00e9hicule haut de gamme. Notre service garantit la ponctualit\u00e9, la fiabilit\u00e9 et un confort de premier ordre, assurant que vos besoins de voyage sont satisfaits avec les normes les plus \u00e9lev\u00e9es. Que vous recherchiez la d\u00e9tente apr\u00e8s un vol ou un trajet pittoresque depuis la gare, nous nous adaptons \u00e0 votre emploi du temps et \u00e0 vos pr\u00e9f\u00e9rences. <\/span><a href=\"https:\/\/tourtravelandmore.com\/fr\/city\/italie-fr\/sorrento-fr\/\"><span style=\"font-weight: 400;\">R\u00e9servez d\u00e8s maintenant pour vivre une exp\u00e9rience de voyage alliant luxe,<\/span><\/a><span style=\"font-weight: 400;\"> confort et beaut\u00e9 captivante de l&#8217;Italie. Appr\u00e9ciez la facilit\u00e9 d&#8217;un transfert sans tracas et laissez-nous faire de votre voyage \u00e0 Sorrente une partie inoubliable de votre aventure italienne.<\/span><\/p>\n","protected":false},"excerpt":{"rendered":"<p><span style=\"font-weight: 400;\">D\u00e9couvrez le summum du luxe et de la commodit\u00e9 avec notre transfert priv\u00e9 de Rome \u00e0 Sorrente. D\u00e9couvrez la campagne italienne pittoresque, le charme de Sorrente et la facilit\u00e9 de voyager avec style. Notre service garantit un voyage confortable, efficace et m\u00e9morable de la ville historique de Rome \u00e0 la pittoresque ville c\u00f4ti\u00e8re de Sorrente<\/span><\/p>\n","protected":false},"featured_media":95791,"comment_status":"open","ping_status":"closed","template":"","meta":{"_acf_changed":false},"product_brand":[],"product_cat":[4149],"product_tag":[],"class_list":{"0":"post-130485","1":"product","2":"type-product","3":"status-publish","4":"has-post-thumbnail","6":"product_cat-sorrento-fr","8":"first","9":"instock","10":"shipping-taxable","11":"purchasable","12":"product-type-simple"},"acf":[],"yoast_head":"<!-- This site is optimized with the Yoast SEO Premium plugin v25.3.1 (Yoast SEO v25.3.1) - https:\/\/yoast.com\/wordpress\/plugins\/seo\/ -->\n<title>\u27a1\ufe0f Transfert priv\u00e9 exclusif de Rome \u00e0 Sorrente | Tour Travel &amp; More<\/title>\n<meta name=\"description\" content=\"Voyagez avec style gr\u00e2ce \u00e0 notre transfert priv\u00e9 de Rome \u00e0 Sorrente. Profitez de la beaut\u00e9 pittoresque de l&#039;Italie dans des v\u00e9hicules de luxe avec des chauffeurs professionnels \u2705\" \/>\n<meta name=\"robots\" content=\"index, follow, max-snippet:-1, max-image-preview:large, max-video-preview:-1\" \/>\n<link rel=\"canonical\" href=\"https:\/\/tourtravelandmore.com\/fr\/tours\/italie-fr\/sorrento-fr\/transfert-prive-de-rome-a-sorrento\/\" \/>\n<meta property=\"og:locale\" content=\"fr_FR\" \/>\n<meta property=\"og:type\" content=\"article\" \/>\n<meta property=\"og:title\" content=\"Transfert priv\u00e9 de Rome \u00e0 Sorrento\" \/>\n<meta property=\"og:description\" content=\"Voyagez avec style gr\u00e2ce \u00e0 notre transfert priv\u00e9 de Rome \u00e0 Sorrente. Profitez de la beaut\u00e9 pittoresque de l&#039;Italie dans des v\u00e9hicules de luxe avec des chauffeurs professionnels \u2705\" \/>\n<meta property=\"og:url\" content=\"https:\/\/tourtravelandmore.com\/fr\/tours\/italie-fr\/sorrento-fr\/transfert-prive-de-rome-a-sorrento\/\" \/>\n<meta property=\"og:site_name\" content=\"Tour Travel And More\" \/>\n<meta property=\"article:publisher\" content=\"https:\/\/www.facebook.com\/tourtravelandmore\/\" \/>\n<meta property=\"article:modified_time\" content=\"2024-02-04T16:00:19+00:00\" \/>\n<meta property=\"og:image\" content=\"https:\/\/tourtravelandmore.com\/wp-content\/uploads\/2016\/11\/Luxurycar.jpg\" \/>\n\t<meta property=\"og:image:width\" content=\"800\" \/>\n\t<meta property=\"og:image:height\" content=\"500\" \/>\n\t<meta property=\"og:image:type\" content=\"image\/jpeg\" \/>\n<meta name=\"twitter:card\" content=\"summary_large_image\" \/>\n<meta name=\"twitter:site\" content=\"@TourTravel_More\" \/>\n<meta name=\"twitter:label1\" content=\"Dur\u00e9e de lecture estim\u00e9e\" \/>\n\t<meta name=\"twitter:data1\" content=\"4 minutes\" \/>\n<script type=\"application\/ld+json\" class=\"yoast-schema-graph\">{\"@context\":\"https:\/\/schema.org\",\"@graph\":[{\"@type\":\"WebPage\",\"@id\":\"https:\/\/tourtravelandmore.com\/fr\/tours\/italie-fr\/sorrento-fr\/transfert-prive-de-rome-a-sorrento\/\",\"url\":\"https:\/\/tourtravelandmore.com\/fr\/tours\/italie-fr\/sorrento-fr\/transfert-prive-de-rome-a-sorrento\/\",\"name\":\"\u27a1\ufe0f Transfert priv\u00e9 exclusif de Rome \u00e0 Sorrente | Tour Travel & More\",\"isPartOf\":{\"@id\":\"https:\/\/tourtravelandmore.com\/fr\/#website\"},\"primaryImageOfPage\":{\"@id\":\"https:\/\/tourtravelandmore.com\/fr\/tours\/italie-fr\/sorrento-fr\/transfert-prive-de-rome-a-sorrento\/#primaryimage\"},\"image\":{\"@id\":\"https:\/\/tourtravelandmore.com\/fr\/tours\/italie-fr\/sorrento-fr\/transfert-prive-de-rome-a-sorrento\/#primaryimage\"},\"thumbnailUrl\":\"https:\/\/tourtravelandmore.com\/wp-content\/uploads\/2016\/11\/Luxurycar.jpg\",\"datePublished\":\"2022-06-30T15:38:33+00:00\",\"dateModified\":\"2024-02-04T16:00:19+00:00\",\"description\":\"Voyagez avec style gr\u00e2ce \u00e0 notre transfert priv\u00e9 de Rome \u00e0 Sorrente. Profitez de la beaut\u00e9 pittoresque de l'Italie dans des v\u00e9hicules de luxe avec des chauffeurs professionnels \u2705\",\"breadcrumb\":{\"@id\":\"https:\/\/tourtravelandmore.com\/fr\/tours\/italie-fr\/sorrento-fr\/transfert-prive-de-rome-a-sorrento\/#breadcrumb\"},\"inLanguage\":\"fr-FR\",\"potentialAction\":[{\"@type\":\"ReadAction\",\"target\":[\"https:\/\/tourtravelandmore.com\/fr\/tours\/italie-fr\/sorrento-fr\/transfert-prive-de-rome-a-sorrento\/\"]}]},{\"@type\":\"ImageObject\",\"inLanguage\":\"fr-FR\",\"@id\":\"https:\/\/tourtravelandmore.com\/fr\/tours\/italie-fr\/sorrento-fr\/transfert-prive-de-rome-a-sorrento\/#primaryimage\",\"url\":\"https:\/\/tourtravelandmore.com\/wp-content\/uploads\/2016\/11\/Luxurycar.jpg\",\"contentUrl\":\"https:\/\/tourtravelandmore.com\/wp-content\/uploads\/2016\/11\/Luxurycar.jpg\",\"width\":800,\"height\":500},{\"@type\":\"BreadcrumbList\",\"@id\":\"https:\/\/tourtravelandmore.com\/fr\/tours\/italie-fr\/sorrento-fr\/transfert-prive-de-rome-a-sorrento\/#breadcrumb\",\"itemListElement\":[{\"@type\":\"ListItem\",\"position\":1,\"name\":\"Home\",\"item\":\"https:\/\/tourtravelandmore.com\/fr\/\"},{\"@type\":\"ListItem\",\"position\":2,\"name\":\"Tours\",\"item\":\"https:\/\/tourtravelandmore.com\/fr\/tours\/\"},{\"@type\":\"ListItem\",\"position\":3,\"name\":\"Transfert priv\u00e9 de Rome \u00e0 Sorrento\"}]},{\"@type\":\"WebSite\",\"@id\":\"https:\/\/tourtravelandmore.com\/fr\/#website\",\"url\":\"https:\/\/tourtravelandmore.com\/fr\/\",\"name\":\"Tour Travel And More\",\"description\":\"Private sightseeing tours and luxury transfers in Spain\",\"publisher\":{\"@id\":\"https:\/\/tourtravelandmore.com\/fr\/#organization\"},\"potentialAction\":[{\"@type\":\"SearchAction\",\"target\":{\"@type\":\"EntryPoint\",\"urlTemplate\":\"https:\/\/tourtravelandmore.com\/fr\/?s={search_term_string}\"},\"query-input\":{\"@type\":\"PropertyValueSpecification\",\"valueRequired\":true,\"valueName\":\"search_term_string\"}}],\"inLanguage\":\"fr-FR\"},{\"@type\":\"Organization\",\"@id\":\"https:\/\/tourtravelandmore.com\/fr\/#organization\",\"name\":\"Tour Travel And More\",\"url\":\"https:\/\/tourtravelandmore.com\/fr\/\",\"logo\":{\"@type\":\"ImageObject\",\"inLanguage\":\"fr-FR\",\"@id\":\"https:\/\/tourtravelandmore.com\/fr\/#\/schema\/logo\/image\/\",\"url\":\"https:\/\/tourtravelandmore.com\/wp-content\/uploads\/2022\/12\/cropped-logo-cabecera-new.png\",\"contentUrl\":\"https:\/\/tourtravelandmore.com\/wp-content\/uploads\/2022\/12\/cropped-logo-cabecera-new.png\",\"width\":430,\"height\":61,\"caption\":\"Tour Travel And More\"},\"image\":{\"@id\":\"https:\/\/tourtravelandmore.com\/fr\/#\/schema\/logo\/image\/\"},\"sameAs\":[\"https:\/\/www.facebook.com\/tourtravelandmore\/\",\"https:\/\/x.com\/TourTravel_More\"]}]}<\/script>\n<!-- \/ Yoast SEO Premium plugin. -->","yoast_head_json":{"title":"\u27a1\ufe0f Transfert priv\u00e9 exclusif de Rome \u00e0 Sorrente | Tour Travel & More","description":"Voyagez avec style gr\u00e2ce \u00e0 notre transfert priv\u00e9 de Rome \u00e0 Sorrente. Profitez de la beaut\u00e9 pittoresque de l'Italie dans des v\u00e9hicules de luxe avec des chauffeurs professionnels \u2705","robots":{"index":"index","follow":"follow","max-snippet":"max-snippet:-1","max-image-preview":"max-image-preview:large","max-video-preview":"max-video-preview:-1"},"canonical":"https:\/\/tourtravelandmore.com\/fr\/tours\/italie-fr\/sorrento-fr\/transfert-prive-de-rome-a-sorrento\/","og_locale":"fr_FR","og_type":"article","og_title":"Transfert priv\u00e9 de Rome \u00e0 Sorrento","og_description":"Voyagez avec style gr\u00e2ce \u00e0 notre transfert priv\u00e9 de Rome \u00e0 Sorrente. Profitez de la beaut\u00e9 pittoresque de l'Italie dans des v\u00e9hicules de luxe avec des chauffeurs professionnels \u2705","og_url":"https:\/\/tourtravelandmore.com\/fr\/tours\/italie-fr\/sorrento-fr\/transfert-prive-de-rome-a-sorrento\/","og_site_name":"Tour Travel And More","article_publisher":"https:\/\/www.facebook.com\/tourtravelandmore\/","article_modified_time":"2024-02-04T16:00:19+00:00","og_image":[{"width":800,"height":500,"url":"https:\/\/tourtravelandmore.com\/wp-content\/uploads\/2016\/11\/Luxurycar.jpg","type":"image\/jpeg"}],"twitter_card":"summary_large_image","twitter_site":"@TourTravel_More","twitter_misc":{"Dur\u00e9e de lecture estim\u00e9e":"4 minutes"},"schema":{"@context":"https:\/\/schema.org","@graph":[{"@type":"WebPage","@id":"https:\/\/tourtravelandmore.com\/fr\/tours\/italie-fr\/sorrento-fr\/transfert-prive-de-rome-a-sorrento\/","url":"https:\/\/tourtravelandmore.com\/fr\/tours\/italie-fr\/sorrento-fr\/transfert-prive-de-rome-a-sorrento\/","name":"\u27a1\ufe0f Transfert priv\u00e9 exclusif de Rome \u00e0 Sorrente | Tour Travel & More","isPartOf":{"@id":"https:\/\/tourtravelandmore.com\/fr\/#website"},"primaryImageOfPage":{"@id":"https:\/\/tourtravelandmore.com\/fr\/tours\/italie-fr\/sorrento-fr\/transfert-prive-de-rome-a-sorrento\/#primaryimage"},"image":{"@id":"https:\/\/tourtravelandmore.com\/fr\/tours\/italie-fr\/sorrento-fr\/transfert-prive-de-rome-a-sorrento\/#primaryimage"},"thumbnailUrl":"https:\/\/tourtravelandmore.com\/wp-content\/uploads\/2016\/11\/Luxurycar.jpg","datePublished":"2022-06-30T15:38:33+00:00","dateModified":"2024-02-04T16:00:19+00:00","description":"Voyagez avec style gr\u00e2ce \u00e0 notre transfert priv\u00e9 de Rome \u00e0 Sorrente. Profitez de la beaut\u00e9 pittoresque de l'Italie dans des v\u00e9hicules de luxe avec des chauffeurs professionnels \u2705","breadcrumb":{"@id":"https:\/\/tourtravelandmore.com\/fr\/tours\/italie-fr\/sorrento-fr\/transfert-prive-de-rome-a-sorrento\/#breadcrumb"},"inLanguage":"fr-FR","potentialAction":[{"@type":"ReadAction","target":["https:\/\/tourtravelandmore.com\/fr\/tours\/italie-fr\/sorrento-fr\/transfert-prive-de-rome-a-sorrento\/"]}]},{"@type":"ImageObject","inLanguage":"fr-FR","@id":"https:\/\/tourtravelandmore.com\/fr\/tours\/italie-fr\/sorrento-fr\/transfert-prive-de-rome-a-sorrento\/#primaryimage","url":"https:\/\/tourtravelandmore.com\/wp-content\/uploads\/2016\/11\/Luxurycar.jpg","contentUrl":"https:\/\/tourtravelandmore.com\/wp-content\/uploads\/2016\/11\/Luxurycar.jpg","width":800,"height":500},{"@type":"BreadcrumbList","@id":"https:\/\/tourtravelandmore.com\/fr\/tours\/italie-fr\/sorrento-fr\/transfert-prive-de-rome-a-sorrento\/#breadcrumb","itemListElement":[{"@type":"ListItem","position":1,"name":"Home","item":"https:\/\/tourtravelandmore.com\/fr\/"},{"@type":"ListItem","position":2,"name":"Tours","item":"https:\/\/tourtravelandmore.com\/fr\/tours\/"},{"@type":"ListItem","position":3,"name":"Transfert priv\u00e9 de Rome \u00e0 Sorrento"}]},{"@type":"WebSite","@id":"https:\/\/tourtravelandmore.com\/fr\/#website","url":"https:\/\/tourtravelandmore.com\/fr\/","name":"Tour Travel And More","description":"Private sightseeing tours and luxury transfers in Spain","publisher":{"@id":"https:\/\/tourtravelandmore.com\/fr\/#organization"},"potentialAction":[{"@type":"SearchAction","target":{"@type":"EntryPoint","urlTemplate":"https:\/\/tourtravelandmore.com\/fr\/?s={search_term_string}"},"query-input":{"@type":"PropertyValueSpecification","valueRequired":true,"valueName":"search_term_string"}}],"inLanguage":"fr-FR"},{"@type":"Organization","@id":"https:\/\/tourtravelandmore.com\/fr\/#organization","name":"Tour Travel And More","url":"https:\/\/tourtravelandmore.com\/fr\/","logo":{"@type":"ImageObject","inLanguage":"fr-FR","@id":"https:\/\/tourtravelandmore.com\/fr\/#\/schema\/logo\/image\/","url":"https:\/\/tourtravelandmore.com\/wp-content\/uploads\/2022\/12\/cropped-logo-cabecera-new.png","contentUrl":"https:\/\/tourtravelandmore.com\/wp-content\/uploads\/2022\/12\/cropped-logo-cabecera-new.png","width":430,"height":61,"caption":"Tour Travel And More"},"image":{"@id":"https:\/\/tourtravelandmore.com\/fr\/#\/schema\/logo\/image\/"},"sameAs":["https:\/\/www.facebook.com\/tourtravelandmore\/","https:\/\/x.com\/TourTravel_More"]}]}},"_links":{"self":[{"href":"https:\/\/tourtravelandmore.com\/fr\/wp-json\/wp\/v2\/product\/130485","targetHints":{"allow":["GET"]}}],"collection":[{"href":"https:\/\/tourtravelandmore.com\/fr\/wp-json\/wp\/v2\/product"}],"about":[{"href":"https:\/\/tourtravelandmore.com\/fr\/wp-json\/wp\/v2\/types\/product"}],"replies":[{"embeddable":true,"href":"https:\/\/tourtravelandmore.com\/fr\/wp-json\/wp\/v2\/comments?post=130485"}],"wp:featuredmedia":[{"embeddable":true,"href":"https:\/\/tourtravelandmore.com\/fr\/wp-json\/wp\/v2\/media\/95791"}],"wp:attachment":[{"href":"https:\/\/tourtravelandmore.com\/fr\/wp-json\/wp\/v2\/media?parent=130485"}],"wp:term":[{"taxonomy":"product_brand","embeddable":true,"href":"https:\/\/tourtravelandmore.com\/fr\/wp-json\/wp\/v2\/product_brand?post=130485"},{"taxonomy":"product_cat","embeddable":true,"href":"https:\/\/tourtravelandmore.com\/fr\/wp-json\/wp\/v2\/product_cat?post=130485"},{"taxonomy":"product_tag","embeddable":true,"href":"https:\/\/tourtravelandmore.com\/fr\/wp-json\/wp\/v2\/product_tag?post=130485"}],"curies":[{"name":"wp","href":"https:\/\/api.w.org\/{rel}","templated":true}]}}