{"id":130354,"date":"2022-06-29T19:06:33","date_gmt":"2022-06-29T17:06:45","guid":{"rendered":"https:\/\/tourtravelandmore.com\/?post_type=product&#038;p=130354"},"modified":"2024-03-10T17:19:07","modified_gmt":"2024-03-10T16:19:07","slug":"visite-privee-a-pied-de-sorrento-2-heures","status":"publish","type":"product","link":"https:\/\/tourtravelandmore.com\/fr\/tours\/italie-fr\/sorrento-fr\/tous-les-circuits-et-activites-prives-fr-2\/visite-privee-a-pied-de-sorrento-2-heures\/","title":{"rendered":"Visite priv\u00e9e \u00e0 pied de Sorrento (2 heures)"},"content":{"rendered":"<h2><b>D\u00e9couvrez le charme de Sorrente &#8211; Visite \u00e0 pied priv\u00e9e de 2 heures | Description<\/b><\/h2>\n<p><span style=\"font-weight: 400;\">Pr\u00e9parez-vous \u00e0 un voyage enchanteur dans les rues pittoresques de Sorrente avec notre visite \u00e0 pied priv\u00e9e de 2 heures. Sous la conduite de votre guide priv\u00e9 expert, vous d\u00e9couvrirez l&#8217;histoire captivante, la culture et les d\u00e9lices culinaires de cette magnifique ville tout en profitant d&#8217;une promenade tranquille.<\/span><\/p>\n<p><span style=\"font-weight: 400;\">Votre aventure commence par un point de rencontre dans le centre de Sorrente, o\u00f9 votre guide bien inform\u00e9 vous accueillera et vous guidera vers une exploration fascinante des sites les plus embl\u00e9matiques de Sorrente. En parcourant les charmantes rues de la ville, vous comprendrez mieux le riche patrimoine et l&#8217;atmosph\u00e8re vibrante de Sorrente.<\/span><\/p>\n<p><span style=\"font-weight: 400;\">Cette visite immersive propose \u00e9galement de d\u00e9licieuses d\u00e9gustations de plats et de vins locaux, qui enrichiront votre exp\u00e9rience tout en vous permettant de savourer les saveurs de Sorrente. Ne manquez pas l&#8217;occasion de r\u00e9server ce voyage inoubliable dans l&#8217;une des villes les plus captivantes d&#8217;Italie.<\/span><\/p>\n<p><span style=\"font-weight: 400;\">D\u00e9couvrez les secrets de Sorrente en serpentant dans ses ruelles pav\u00e9es, chaque pas r\u00e9v\u00e9lant les joyaux cach\u00e9s de la ville. Votre guide expert vous r\u00e9galera d&#8217;anecdotes fascinantes, des l\u00e9gendes anciennes aux r\u00e9cits modernes, faisant revivre l&#8217;histoire sous vos yeux.<\/span><\/p>\n<p><span style=\"font-weight: 400;\">Cette visite \u00e0 pied priv\u00e9e de 2 heures est con\u00e7ue pour \u00eatre une exp\u00e9rience tranquille et immersive, vous permettant d&#8217;absorber l&#8217;essence de la ville \u00e0 votre propre rythme. Capturez la beaut\u00e9 de Sorrente avec des photographies qui \u00e9voqueront \u00e0 jamais les souvenirs de ce voyage enchanteur.<\/span><\/p>\n<h2><b>D\u00e9couvrez le charme de Sorrente &#8211; Visite \u00e0 pied priv\u00e9e de 2 heures | Points forts<\/b><\/h2>\n<p><span style=\"font-weight: 400;\">Embarquez pour une aventure enrichissante guid\u00e9e par un expert local, qui vous d\u00e9voilera les secrets et les histoires des lieux et des sites les plus embl\u00e9matiques de Sorrente. L&#8217;excursion est personnalisable selon vos pr\u00e9f\u00e9rences, mais voici quelques-uns des sites enchanteurs que vous pourrez rencontrer :<\/span><\/p>\n<ul>\n<li style=\"font-weight: 400;\" aria-level=\"1\"><b><a href=\"https:\/\/fr.wikipedia.org\/wiki\/Le_Tasse\">La place Tasso (Piazza Tasso)<\/a>:<\/b><span style=\"font-weight: 400;\"> Votre voyage commence au c\u0153ur de Sorrente, sur l&#8217;embl\u00e9matique place Tasso. Nomm\u00e9e d&#8217;apr\u00e8s le c\u00e9l\u00e8bre po\u00e8te Torquato Tasso, cette place anim\u00e9e est un centre d&#8217;activit\u00e9 et d&#8217;histoire o\u00f9 convergent les habitants et les visiteurs.<\/span><\/li>\n<li style=\"font-weight: 400;\" aria-level=\"1\"><b>Basilique de San Antonio Abad :<\/b><span style=\"font-weight: 400;\"> Explorez la merveille architecturale qu&#8217;est la basilique de San Antonio Abad. En p\u00e9n\u00e9trant \u00e0 l&#8217;int\u00e9rieur, vous serez captiv\u00e9 par la grandeur et la beaut\u00e9 sacr\u00e9e qui caract\u00e9risent ce lieu de culte historique.<\/span><\/li>\n<li style=\"font-weight: 400;\" aria-level=\"1\"><b>Couvent de San Francisco : <\/b><span style=\"font-weight: 400;\">Le couvent de San Francisco est une oasis de tranquillit\u00e9 au milieu de l&#8217;agitation de la ville. D\u00e9couvrez la signification spirituelle et l&#8217;\u00e9l\u00e9gance architecturale de ce sanctuaire cach\u00e9.<\/span><\/li>\n<li style=\"font-weight: 400;\" aria-level=\"1\"><b>Marina Grande Port :<\/b><span style=\"font-weight: 400;\"> Admirez la splendeur pittoresque de Marina Grande Port, le charmant village de p\u00eacheurs de Sorrente. Admirez les vues pittoresques des bateaux color\u00e9s qui flottent dans les eaux cristallines de la mer Tyrrh\u00e9nienne.<\/span><\/li>\n<li style=\"font-weight: 400;\" aria-level=\"1\"><b>Plage de Marina Piccola :<\/b><span style=\"font-weight: 400;\"> Dans le cadre de votre aventure \u00e0 Sorrente, vous aurez \u00e9galement l&#8217;occasion d&#8217;explorer la plage de Marina Piccola. Nich\u00e9e sous d&#8217;imposantes falaises, cette plage idyllique offre une \u00e9chapp\u00e9e sereine et des vues c\u00f4ti\u00e8res \u00e9poustouflantes. Sentez la brise m\u00e9diterran\u00e9enne sur votre peau et impr\u00e9gnez-vous de la beaut\u00e9 de la mer.<\/span><\/li>\n<li style=\"font-weight: 400;\" aria-level=\"1\"><b>Les citronniers :<\/b><span style=\"font-weight: 400;\"> Sorrente est r\u00e9put\u00e9e pour ses citrons succulents, et vous aurez l&#8217;occasion de vous promener dans des citronni\u00e8res parfum\u00e9es au cours de votre visite. Vous d\u00e9couvrirez l&#8217;importance des citrons dans la culture de Sorrente et d\u00e9gusterez de d\u00e9licieuses friandises \u00e0 base de citron.<\/span><\/li>\n<li style=\"font-weight: 400;\" aria-level=\"1\"><b>Artisans locaux :<\/b><span style=\"font-weight: 400;\"> En chemin, vous rencontrerez des artisans locaux qui contribuent au dynamisme de la sc\u00e8ne artisanale de Sorrente. Explorez leurs boutiques et admirez le savoir-faire traditionnel, du travail complexe du bois aux c\u00e9ramiques exquises.<\/span><\/li>\n<li style=\"font-weight: 400;\" aria-level=\"1\"><b>Coucher de soleil \u00e0 Sorrente :<\/b><span style=\"font-weight: 400;\"> En fonction de l&#8217;horaire de votre visite, vous pourrez conclure votre exp\u00e9rience \u00e0 Sorrente par un coucher de soleil \u00e0 couper le souffle. Regardez le soleil descendre sous l&#8217;horizon, projetant une lueur chaude et dor\u00e9e sur cette ville enchanteresse, vous laissant des souvenirs inoubliables.<\/span><\/li>\n<\/ul>\n<p><span style=\"font-weight: 400;\">\u00c0 l&#8217;issue de cette visite enrichissante, vous \u00eates libre de continuer \u00e0 explorer la ville captivante de Sorrente \u00e0 votre propre rythme<\/span><a href=\"https:\/\/tourtravelandmore.com\/fr\/city\/italie-fr\/naplespompei-fr\/\"><span style=\"font-weight: 400;\">. Cependant, nous vous invitons \u00e0 explorer nos visites priv\u00e9es \u00e0 Sorrente pour une exp\u00e9rience personnalis\u00e9e et inoubliable adapt\u00e9e \u00e0 vos pr\u00e9f\u00e9rences.<\/span><\/a><\/p>\n","protected":false},"excerpt":{"rendered":"<p><span style=\"font-weight: 400;\">D\u00e9couvrez l&#8217;allure enchanteresse de Sorrente lors d&#8217;une visite priv\u00e9e de deux heures \u00e0 pied, guid\u00e9e par un expert local. Plongez dans l&#8217;histoire, la culture et les d\u00e9lices culinaires de la ville en explorant les sites embl\u00e9matiques et en savourant les saveurs locales. Ne manquez pas cette occasion de d\u00e9couvrir l&#8217;essence m\u00eame du charme de Sorrente.<\/span><\/p>\n","protected":false},"featured_media":130376,"comment_status":"open","ping_status":"closed","template":"","meta":{"_acf_changed":false},"product_brand":[],"product_cat":[4907,3549,4149,4151,4150,4152],"product_tag":[],"class_list":{"0":"post-130354","1":"product","2":"type-product","3":"status-publish","4":"has-post-thumbnail","6":"product_cat-visites-a-pied-privees-fr-9","7":"product_cat-italie-fr","8":"product_cat-sorrento-fr","9":"product_cat-excursions-privees-a-terre-fr","10":"product_cat-tous-les-circuits-et-activites-prives-fr-2","11":"product_cat-visites-guidees-privees-fr","13":"first","14":"instock","15":"shipping-taxable","16":"purchasable","17":"product-type-simple"},"acf":[],"yoast_head":"<!-- This site is optimized with the Yoast SEO Premium plugin v25.3.1 (Yoast SEO v25.3.1) - https:\/\/yoast.com\/wordpress\/plugins\/seo\/ -->\n<title>D\u00e9couvrez le charme de Sorrente - Visite \u00e0 pied priv\u00e9e de 2 heures<\/title>\n<meta name=\"description\" content=\"La visite de Sorrente est une visite guid\u00e9e priv\u00e9e de 2 heures qui vous permettra de d\u00e9couvrir l&#039;histoire, la culture et les saveurs de la ville \u2705\" \/>\n<meta name=\"robots\" content=\"index, follow, max-snippet:-1, max-image-preview:large, max-video-preview:-1\" \/>\n<link rel=\"canonical\" href=\"https:\/\/tourtravelandmore.com\/fr\/tours\/italie-fr\/sorrento-fr\/tous-les-circuits-et-activites-prives-fr-2\/visite-privee-a-pied-de-sorrento-2-heures\/\" \/>\n<meta property=\"og:locale\" content=\"fr_FR\" \/>\n<meta property=\"og:type\" content=\"article\" \/>\n<meta property=\"og:title\" content=\"Visite priv\u00e9e \u00e0 pied de Sorrento (2 heures)\" \/>\n<meta property=\"og:description\" content=\"La visite de Sorrente est une visite guid\u00e9e priv\u00e9e de 2 heures qui vous permettra de d\u00e9couvrir l&#039;histoire, la culture et les saveurs de la ville \u2705\" \/>\n<meta property=\"og:url\" content=\"https:\/\/tourtravelandmore.com\/fr\/tours\/italie-fr\/sorrento-fr\/tous-les-circuits-et-activites-prives-fr-2\/visite-privee-a-pied-de-sorrento-2-heures\/\" \/>\n<meta property=\"og:site_name\" content=\"Tour Travel And More\" \/>\n<meta property=\"article:publisher\" content=\"https:\/\/www.facebook.com\/tourtravelandmore\/\" \/>\n<meta property=\"article:modified_time\" content=\"2024-03-10T16:19:07+00:00\" \/>\n<meta property=\"og:image\" content=\"https:\/\/tourtravelandmore.com\/wp-content\/uploads\/2022\/06\/image1-15.jpg\" \/>\n\t<meta property=\"og:image:width\" content=\"900\" \/>\n\t<meta property=\"og:image:height\" content=\"700\" \/>\n\t<meta property=\"og:image:type\" content=\"image\/jpeg\" \/>\n<meta name=\"twitter:card\" content=\"summary_large_image\" \/>\n<meta name=\"twitter:site\" content=\"@TourTravel_More\" \/>\n<meta name=\"twitter:label1\" content=\"Dur\u00e9e de lecture estim\u00e9e\" \/>\n\t<meta name=\"twitter:data1\" content=\"4 minutes\" \/>\n<script type=\"application\/ld+json\" class=\"yoast-schema-graph\">{\"@context\":\"https:\/\/schema.org\",\"@graph\":[{\"@type\":\"WebPage\",\"@id\":\"https:\/\/tourtravelandmore.com\/fr\/tours\/italie-fr\/sorrento-fr\/tous-les-circuits-et-activites-prives-fr-2\/visite-privee-a-pied-de-sorrento-2-heures\/\",\"url\":\"https:\/\/tourtravelandmore.com\/fr\/tours\/italie-fr\/sorrento-fr\/tous-les-circuits-et-activites-prives-fr-2\/visite-privee-a-pied-de-sorrento-2-heures\/\",\"name\":\"D\u00e9couvrez le charme de Sorrente - Visite \u00e0 pied priv\u00e9e de 2 heures\",\"isPartOf\":{\"@id\":\"https:\/\/tourtravelandmore.com\/fr\/#website\"},\"primaryImageOfPage\":{\"@id\":\"https:\/\/tourtravelandmore.com\/fr\/tours\/italie-fr\/sorrento-fr\/tous-les-circuits-et-activites-prives-fr-2\/visite-privee-a-pied-de-sorrento-2-heures\/#primaryimage\"},\"image\":{\"@id\":\"https:\/\/tourtravelandmore.com\/fr\/tours\/italie-fr\/sorrento-fr\/tous-les-circuits-et-activites-prives-fr-2\/visite-privee-a-pied-de-sorrento-2-heures\/#primaryimage\"},\"thumbnailUrl\":\"https:\/\/tourtravelandmore.com\/wp-content\/uploads\/2022\/06\/image1-15.jpg\",\"datePublished\":\"2022-06-29T17:06:45+00:00\",\"dateModified\":\"2024-03-10T16:19:07+00:00\",\"description\":\"La visite de Sorrente est une visite guid\u00e9e priv\u00e9e de 2 heures qui vous permettra de d\u00e9couvrir l'histoire, la culture et les saveurs de la ville \u2705\",\"breadcrumb\":{\"@id\":\"https:\/\/tourtravelandmore.com\/fr\/tours\/italie-fr\/sorrento-fr\/tous-les-circuits-et-activites-prives-fr-2\/visite-privee-a-pied-de-sorrento-2-heures\/#breadcrumb\"},\"inLanguage\":\"fr-FR\",\"potentialAction\":[{\"@type\":\"ReadAction\",\"target\":[\"https:\/\/tourtravelandmore.com\/fr\/tours\/italie-fr\/sorrento-fr\/tous-les-circuits-et-activites-prives-fr-2\/visite-privee-a-pied-de-sorrento-2-heures\/\"]}]},{\"@type\":\"ImageObject\",\"inLanguage\":\"fr-FR\",\"@id\":\"https:\/\/tourtravelandmore.com\/fr\/tours\/italie-fr\/sorrento-fr\/tous-les-circuits-et-activites-prives-fr-2\/visite-privee-a-pied-de-sorrento-2-heures\/#primaryimage\",\"url\":\"https:\/\/tourtravelandmore.com\/wp-content\/uploads\/2022\/06\/image1-15.jpg\",\"contentUrl\":\"https:\/\/tourtravelandmore.com\/wp-content\/uploads\/2022\/06\/image1-15.jpg\",\"width\":900,\"height\":700},{\"@type\":\"BreadcrumbList\",\"@id\":\"https:\/\/tourtravelandmore.com\/fr\/tours\/italie-fr\/sorrento-fr\/tous-les-circuits-et-activites-prives-fr-2\/visite-privee-a-pied-de-sorrento-2-heures\/#breadcrumb\",\"itemListElement\":[{\"@type\":\"ListItem\",\"position\":1,\"name\":\"Home\",\"item\":\"https:\/\/tourtravelandmore.com\/fr\/\"},{\"@type\":\"ListItem\",\"position\":2,\"name\":\"Tours\",\"item\":\"https:\/\/tourtravelandmore.com\/fr\/tours\/\"},{\"@type\":\"ListItem\",\"position\":3,\"name\":\"Visite priv\u00e9e \u00e0 pied de Sorrento (2 heures)\"}]},{\"@type\":\"WebSite\",\"@id\":\"https:\/\/tourtravelandmore.com\/fr\/#website\",\"url\":\"https:\/\/tourtravelandmore.com\/fr\/\",\"name\":\"Tour Travel And More\",\"description\":\"Private sightseeing tours and luxury transfers in Spain\",\"publisher\":{\"@id\":\"https:\/\/tourtravelandmore.com\/fr\/#organization\"},\"potentialAction\":[{\"@type\":\"SearchAction\",\"target\":{\"@type\":\"EntryPoint\",\"urlTemplate\":\"https:\/\/tourtravelandmore.com\/fr\/?s={search_term_string}\"},\"query-input\":{\"@type\":\"PropertyValueSpecification\",\"valueRequired\":true,\"valueName\":\"search_term_string\"}}],\"inLanguage\":\"fr-FR\"},{\"@type\":\"Organization\",\"@id\":\"https:\/\/tourtravelandmore.com\/fr\/#organization\",\"name\":\"Tour Travel And More\",\"url\":\"https:\/\/tourtravelandmore.com\/fr\/\",\"logo\":{\"@type\":\"ImageObject\",\"inLanguage\":\"fr-FR\",\"@id\":\"https:\/\/tourtravelandmore.com\/fr\/#\/schema\/logo\/image\/\",\"url\":\"https:\/\/tourtravelandmore.com\/wp-content\/uploads\/2022\/12\/cropped-logo-cabecera-new.png\",\"contentUrl\":\"https:\/\/tourtravelandmore.com\/wp-content\/uploads\/2022\/12\/cropped-logo-cabecera-new.png\",\"width\":430,\"height\":61,\"caption\":\"Tour Travel And More\"},\"image\":{\"@id\":\"https:\/\/tourtravelandmore.com\/fr\/#\/schema\/logo\/image\/\"},\"sameAs\":[\"https:\/\/www.facebook.com\/tourtravelandmore\/\",\"https:\/\/x.com\/TourTravel_More\"]}]}<\/script>\n<!-- \/ Yoast SEO Premium plugin. -->","yoast_head_json":{"title":"D\u00e9couvrez le charme de Sorrente - Visite \u00e0 pied priv\u00e9e de 2 heures","description":"La visite de Sorrente est une visite guid\u00e9e priv\u00e9e de 2 heures qui vous permettra de d\u00e9couvrir l'histoire, la culture et les saveurs de la ville \u2705","robots":{"index":"index","follow":"follow","max-snippet":"max-snippet:-1","max-image-preview":"max-image-preview:large","max-video-preview":"max-video-preview:-1"},"canonical":"https:\/\/tourtravelandmore.com\/fr\/tours\/italie-fr\/sorrento-fr\/tous-les-circuits-et-activites-prives-fr-2\/visite-privee-a-pied-de-sorrento-2-heures\/","og_locale":"fr_FR","og_type":"article","og_title":"Visite priv\u00e9e \u00e0 pied de Sorrento (2 heures)","og_description":"La visite de Sorrente est une visite guid\u00e9e priv\u00e9e de 2 heures qui vous permettra de d\u00e9couvrir l'histoire, la culture et les saveurs de la ville \u2705","og_url":"https:\/\/tourtravelandmore.com\/fr\/tours\/italie-fr\/sorrento-fr\/tous-les-circuits-et-activites-prives-fr-2\/visite-privee-a-pied-de-sorrento-2-heures\/","og_site_name":"Tour Travel And More","article_publisher":"https:\/\/www.facebook.com\/tourtravelandmore\/","article_modified_time":"2024-03-10T16:19:07+00:00","og_image":[{"width":900,"height":700,"url":"https:\/\/tourtravelandmore.com\/wp-content\/uploads\/2022\/06\/image1-15.jpg","type":"image\/jpeg"}],"twitter_card":"summary_large_image","twitter_site":"@TourTravel_More","twitter_misc":{"Dur\u00e9e de lecture estim\u00e9e":"4 minutes"},"schema":{"@context":"https:\/\/schema.org","@graph":[{"@type":"WebPage","@id":"https:\/\/tourtravelandmore.com\/fr\/tours\/italie-fr\/sorrento-fr\/tous-les-circuits-et-activites-prives-fr-2\/visite-privee-a-pied-de-sorrento-2-heures\/","url":"https:\/\/tourtravelandmore.com\/fr\/tours\/italie-fr\/sorrento-fr\/tous-les-circuits-et-activites-prives-fr-2\/visite-privee-a-pied-de-sorrento-2-heures\/","name":"D\u00e9couvrez le charme de Sorrente - Visite \u00e0 pied priv\u00e9e de 2 heures","isPartOf":{"@id":"https:\/\/tourtravelandmore.com\/fr\/#website"},"primaryImageOfPage":{"@id":"https:\/\/tourtravelandmore.com\/fr\/tours\/italie-fr\/sorrento-fr\/tous-les-circuits-et-activites-prives-fr-2\/visite-privee-a-pied-de-sorrento-2-heures\/#primaryimage"},"image":{"@id":"https:\/\/tourtravelandmore.com\/fr\/tours\/italie-fr\/sorrento-fr\/tous-les-circuits-et-activites-prives-fr-2\/visite-privee-a-pied-de-sorrento-2-heures\/#primaryimage"},"thumbnailUrl":"https:\/\/tourtravelandmore.com\/wp-content\/uploads\/2022\/06\/image1-15.jpg","datePublished":"2022-06-29T17:06:45+00:00","dateModified":"2024-03-10T16:19:07+00:00","description":"La visite de Sorrente est une visite guid\u00e9e priv\u00e9e de 2 heures qui vous permettra de d\u00e9couvrir l'histoire, la culture et les saveurs de la ville \u2705","breadcrumb":{"@id":"https:\/\/tourtravelandmore.com\/fr\/tours\/italie-fr\/sorrento-fr\/tous-les-circuits-et-activites-prives-fr-2\/visite-privee-a-pied-de-sorrento-2-heures\/#breadcrumb"},"inLanguage":"fr-FR","potentialAction":[{"@type":"ReadAction","target":["https:\/\/tourtravelandmore.com\/fr\/tours\/italie-fr\/sorrento-fr\/tous-les-circuits-et-activites-prives-fr-2\/visite-privee-a-pied-de-sorrento-2-heures\/"]}]},{"@type":"ImageObject","inLanguage":"fr-FR","@id":"https:\/\/tourtravelandmore.com\/fr\/tours\/italie-fr\/sorrento-fr\/tous-les-circuits-et-activites-prives-fr-2\/visite-privee-a-pied-de-sorrento-2-heures\/#primaryimage","url":"https:\/\/tourtravelandmore.com\/wp-content\/uploads\/2022\/06\/image1-15.jpg","contentUrl":"https:\/\/tourtravelandmore.com\/wp-content\/uploads\/2022\/06\/image1-15.jpg","width":900,"height":700},{"@type":"BreadcrumbList","@id":"https:\/\/tourtravelandmore.com\/fr\/tours\/italie-fr\/sorrento-fr\/tous-les-circuits-et-activites-prives-fr-2\/visite-privee-a-pied-de-sorrento-2-heures\/#breadcrumb","itemListElement":[{"@type":"ListItem","position":1,"name":"Home","item":"https:\/\/tourtravelandmore.com\/fr\/"},{"@type":"ListItem","position":2,"name":"Tours","item":"https:\/\/tourtravelandmore.com\/fr\/tours\/"},{"@type":"ListItem","position":3,"name":"Visite priv\u00e9e \u00e0 pied de Sorrento (2 heures)"}]},{"@type":"WebSite","@id":"https:\/\/tourtravelandmore.com\/fr\/#website","url":"https:\/\/tourtravelandmore.com\/fr\/","name":"Tour Travel And More","description":"Private sightseeing tours and luxury transfers in Spain","publisher":{"@id":"https:\/\/tourtravelandmore.com\/fr\/#organization"},"potentialAction":[{"@type":"SearchAction","target":{"@type":"EntryPoint","urlTemplate":"https:\/\/tourtravelandmore.com\/fr\/?s={search_term_string}"},"query-input":{"@type":"PropertyValueSpecification","valueRequired":true,"valueName":"search_term_string"}}],"inLanguage":"fr-FR"},{"@type":"Organization","@id":"https:\/\/tourtravelandmore.com\/fr\/#organization","name":"Tour Travel And More","url":"https:\/\/tourtravelandmore.com\/fr\/","logo":{"@type":"ImageObject","inLanguage":"fr-FR","@id":"https:\/\/tourtravelandmore.com\/fr\/#\/schema\/logo\/image\/","url":"https:\/\/tourtravelandmore.com\/wp-content\/uploads\/2022\/12\/cropped-logo-cabecera-new.png","contentUrl":"https:\/\/tourtravelandmore.com\/wp-content\/uploads\/2022\/12\/cropped-logo-cabecera-new.png","width":430,"height":61,"caption":"Tour Travel And More"},"image":{"@id":"https:\/\/tourtravelandmore.com\/fr\/#\/schema\/logo\/image\/"},"sameAs":["https:\/\/www.facebook.com\/tourtravelandmore\/","https:\/\/x.com\/TourTravel_More"]}]}},"_links":{"self":[{"href":"https:\/\/tourtravelandmore.com\/fr\/wp-json\/wp\/v2\/product\/130354","targetHints":{"allow":["GET"]}}],"collection":[{"href":"https:\/\/tourtravelandmore.com\/fr\/wp-json\/wp\/v2\/product"}],"about":[{"href":"https:\/\/tourtravelandmore.com\/fr\/wp-json\/wp\/v2\/types\/product"}],"replies":[{"embeddable":true,"href":"https:\/\/tourtravelandmore.com\/fr\/wp-json\/wp\/v2\/comments?post=130354"}],"wp:featuredmedia":[{"embeddable":true,"href":"https:\/\/tourtravelandmore.com\/fr\/wp-json\/wp\/v2\/media\/130376"}],"wp:attachment":[{"href":"https:\/\/tourtravelandmore.com\/fr\/wp-json\/wp\/v2\/media?parent=130354"}],"wp:term":[{"taxonomy":"product_brand","embeddable":true,"href":"https:\/\/tourtravelandmore.com\/fr\/wp-json\/wp\/v2\/product_brand?post=130354"},{"taxonomy":"product_cat","embeddable":true,"href":"https:\/\/tourtravelandmore.com\/fr\/wp-json\/wp\/v2\/product_cat?post=130354"},{"taxonomy":"product_tag","embeddable":true,"href":"https:\/\/tourtravelandmore.com\/fr\/wp-json\/wp\/v2\/product_tag?post=130354"}],"curies":[{"name":"wp","href":"https:\/\/api.w.org\/{rel}","templated":true}]}}