{"id":130310,"date":"2022-06-29T18:48:13","date_gmt":"2022-06-29T16:48:20","guid":{"rendered":"https:\/\/tourtravelandmore.com\/?post_type=product&#038;p=130310"},"modified":"2025-02-24T15:08:46","modified_gmt":"2025-02-24T14:08:46","slug":"visite-privee-de-naples-depuis-sorrento","status":"publish","type":"product","link":"https:\/\/tourtravelandmore.com\/fr\/tours\/italie-fr\/sorrento-fr\/tous-les-circuits-et-activites-prives-fr-2\/visite-privee-de-naples-depuis-sorrento\/","title":{"rendered":"Visite priv\u00e9e de Naples depuis Sorrento"},"content":{"rendered":"<h2><b>Description de l&#8217;excursion priv\u00e9e \u00e0 Naples depuis Sorrente :<\/b><\/h2>\n<p><span style=\"font-weight: 400;\">Embarquez pour une journ\u00e9e compl\u00e8te d&#8217;excursion priv\u00e9e personnalisable de Sorrente \u00e0 la ville historique de Naples. Votre voyage commence par un trajet pittoresque le long de la c\u00f4te amalfitaine, menant au c\u0153ur de Naples, o\u00f9 la culture et l&#8217;histoire prennent vie. Explorez les sites les plus embl\u00e9matiques de la ville, notamment la Piazza del Plebiscito, le palais royal et l&#8217;op\u00e9ra San Carlo. D\u00e9couvrez les merveilles de la chapelle Sansevero, qui abrite l&#8217;\u00e9nigmatique Christ voil\u00e9. D\u00e9couvrez la riche tapisserie de la vie napolitaine, ses rues anim\u00e9es et ses d\u00e9lices culinaires. Avec votre guide personnel et un transport de luxe, plongez dans la profondeur de l&#8217;importance culturelle et historique de Naples, en fonction de vos int\u00e9r\u00eats.<\/span><\/p>\n<p><span style=\"font-weight: 400;\">Cette visite priv\u00e9e offre une rencontre intime avec les multiples facettes de l&#8217;histoire de Naples, de ses racines antiques \u00e0 son attrait moderne. Aventurez-vous sous terre pour explorer les merveilles souterraines de Naples, r\u00e9v\u00e9lant un monde cach\u00e9 sous les rues de la ville. La Galleria Borbonica et les Catacombes de San Gennaro offrent un aper\u00e7u unique du pass\u00e9, tandis que le mus\u00e9e de la Cappella Sansevero pr\u00e9sente des chefs-d&#8217;\u0153uvre artistiques, dont l&#8217;\u00e9tonnant Christ voil\u00e9. Fl\u00e2nez dans la Via San Gregorio Armeno, c\u00e9l\u00e8bre pour ses boutiques d&#8217;artisans, et impr\u00e9gnez-vous de l&#8217;atmosph\u00e8re anim\u00e9e du Lungomare Caracciolo. Soyez t\u00e9moin de la grandeur architecturale de Spaccanapoli, du Castel dell&#8217;Ovo, du th\u00e9\u00e2tre San Carlo et du Castel Sant&#8217;Elmo, chaque site faisant \u00e9cho \u00e0 des histoires d&#8217;une \u00e9poque r\u00e9volue. Cette visite est un m\u00e9lange d&#8217;exploration culturelle, de connaissance historique et de splendeur visuelle, cr\u00e9ant une exp\u00e9rience inoubliable du charme et de la complexit\u00e9 de Naples.<\/span><\/p>\n<h2><b>Points forts de l&#8217;excursion priv\u00e9e \u00e0 Naples au d\u00e9part de Sorrente :<\/b><\/h2>\n<ul>\n<li style=\"font-weight: 400;\" aria-level=\"1\"><b>Naples souterraine <\/b><span style=\"font-weight: 400;\">: Plongez sous les rues anim\u00e9es pour d\u00e9couvrir le monde souterrain de Naples, un royaume o\u00f9 l&#8217;histoire r\u00e9sonne dans les tunnels et les cavernes cach\u00e9s.<\/span><\/li>\n<li style=\"font-weight: 400;\" aria-level=\"1\"><b>Galleria Borbonica :<\/b><span style=\"font-weight: 400;\"> Explorez cet intrigant passage souterrain, t\u00e9moin du pass\u00e9 complexe de Naples, qui offre une perspective unique sur l&#8217;histoire de la ville.<\/span><\/li>\n<li style=\"font-weight: 400;\" aria-level=\"1\"><b>Catacombes de San Gennaro <\/b><span style=\"font-weight: 400;\">: voyagez dans les catacombes sacr\u00e9es, un site religieux important avec une histoire riche tiss\u00e9e dans ses couloirs solennels.<\/span><\/li>\n<li style=\"font-weight: 400;\" aria-level=\"1\"><b>Mus\u00e9e de la Cappella Sansevero <\/b><span style=\"font-weight: 400;\">: Laissez-vous s\u00e9duire par le g\u00e9nie artistique qu&#8217;il renferme, en particulier par le Christ voil\u00e9, un chef-d&#8217;\u0153uvre de sculpture qui suscite une \u00e9motion et une admiration profondes.<\/span><\/li>\n<li style=\"font-weight: 400;\" aria-level=\"1\"><b>Via San Gregorio Armeno <\/b><span style=\"font-weight: 400;\">: Promenez-vous le long de cette rue artisanale embl\u00e9matique, anim\u00e9e par l&#8217;artisanat traditionnel et l&#8217;esprit de la culture napolitaine.<\/span><\/li>\n<li style=\"font-weight: 400;\" aria-level=\"1\"><b>Th\u00e9\u00e2tre San Carlo <\/b><span style=\"font-weight: 400;\">: Admirez la grandeur de l&#8217;un des op\u00e9ras les plus anciens et les plus prestigieux d&#8217;Europe, qui refl\u00e8te le riche h\u00e9ritage artistique de Naples.<\/span><\/li>\n<li style=\"font-weight: 400;\" aria-level=\"1\"><b>Castel Sant&#8217;Elmo :<\/b><span style=\"font-weight: 400;\"> Montez sur cette forteresse strat\u00e9gique pour profiter d&#8217;une vue panoramique \u00e0 couper le souffle sur Naples, un point d&#8217;observation comme aucun autre dans la ville.<\/span><\/li>\n<\/ul>\n<p><span style=\"font-weight: 400;\">Embarquez pour un voyage de d\u00e9couverte avec notre visite priv\u00e9e de Naples au d\u00e9part de Sorrente. D&#8217;une dur\u00e9e de 8 heures avec chauffeur et d&#8217;une exploration guid\u00e9e de 5 heures, cette visite est un m\u00e9lange id\u00e9al de confort et d&#8217;intuition. Plongez au c\u0153ur de Naples, d\u00e9couvrez ses joyaux historiques, ses merveilles artistiques et ses rues anim\u00e9es. De la mystique des souterrains de Naples \u00e0 la grandeur du th\u00e9\u00e2tre San Carlo, chaque moment promet d&#8217;\u00eatre captivant. \u00c0 la fin de la journ\u00e9e, vous rentrerez \u00e0 Sorrente enrichi de souvenirs et d&#8217;une meilleure appr\u00e9ciation de l&#8217;h\u00e9ritage unique de Naples. Ne manquez pas cette occasion de d\u00e9couvrir Naples dans toute sa splendeur. <\/span><a href=\"https:\/\/tourtravelandmore.com\/fr\/city\/italie-fr\/sorrento-fr\/\"><span style=\"font-weight: 400;\">Contactez-nous pour r\u00e9server votre excursion et cr\u00e9er des souvenirs inoubliables dans l&#8217;une des villes les plus fascinantes d&#8217;Italie.<\/span><\/a><\/p>\n","protected":false},"excerpt":{"rendered":"<p><span style=\"font-weight: 400;\">Rejoignez-nous pour un voyage captivant de Sorrente \u00e0 Naples, \u00e0 la d\u00e9couverte de la riche histoire, de l&#8217;architecture \u00e0 couper le souffle et des rues enchanteresses de l&#8217;une des villes les plus c\u00e9l\u00e8bres d&#8217;Italie. Cette visite priv\u00e9e exclusive promet une exp\u00e9rience immersive des tr\u00e9sors culturels de Naples, des merveilles souterraines aux vues panoramiques. Parfait pour les passionn\u00e9s d&#8217;histoire et les explorateurs, pr\u00e9parez-vous \u00e0 une journ\u00e9e remplie de d\u00e9couvertes impressionnantes.<\/span><\/p>\n","protected":false},"featured_media":130328,"comment_status":"open","ping_status":"closed","template":"","meta":{"_acf_changed":false},"product_brand":[],"product_cat":[3549,4149,4151,4150,4152],"product_tag":[],"class_list":{"0":"post-130310","1":"product","2":"type-product","3":"status-publish","4":"has-post-thumbnail","6":"product_cat-italie-fr","7":"product_cat-sorrento-fr","8":"product_cat-excursions-privees-a-terre-fr","9":"product_cat-tous-les-circuits-et-activites-prives-fr-2","10":"product_cat-visites-guidees-privees-fr","12":"first","13":"instock","14":"shipping-taxable","15":"purchasable","16":"product-type-simple"},"acf":[],"yoast_head":"<!-- This site is optimized with the Yoast SEO Premium plugin v25.3.1 (Yoast SEO v25.3.1) - https:\/\/yoast.com\/wordpress\/plugins\/seo\/ -->\n<title>\u27a1\ufe0f Visite priv\u00e9e de Naples depuis Sorrento | Tour Travel &amp; More<\/title>\n<meta name=\"description\" content=\"D\u00e9couvrez Naples si vous s\u00e9journez \u00e0 Sorrento avec notre visite priv\u00e9e de 6 heures avec guide expert inclus \u00e0 Naples \u2705\" \/>\n<meta name=\"robots\" content=\"index, follow, max-snippet:-1, max-image-preview:large, max-video-preview:-1\" \/>\n<link rel=\"canonical\" href=\"https:\/\/tourtravelandmore.com\/fr\/tours\/italie-fr\/sorrento-fr\/tous-les-circuits-et-activites-prives-fr-2\/visite-privee-de-naples-depuis-sorrento\/\" \/>\n<meta property=\"og:locale\" content=\"fr_FR\" \/>\n<meta property=\"og:type\" content=\"article\" \/>\n<meta property=\"og:title\" content=\"Visite priv\u00e9e de Naples depuis Sorrento\" \/>\n<meta property=\"og:description\" content=\"D\u00e9couvrez Naples si vous s\u00e9journez \u00e0 Sorrento avec notre visite priv\u00e9e de 6 heures avec guide expert inclus \u00e0 Naples \u2705\" \/>\n<meta property=\"og:url\" content=\"https:\/\/tourtravelandmore.com\/fr\/tours\/italie-fr\/sorrento-fr\/tous-les-circuits-et-activites-prives-fr-2\/visite-privee-de-naples-depuis-sorrento\/\" \/>\n<meta property=\"og:site_name\" content=\"Tour Travel And More\" \/>\n<meta property=\"article:publisher\" content=\"https:\/\/www.facebook.com\/tourtravelandmore\/\" \/>\n<meta property=\"article:modified_time\" content=\"2025-02-24T14:08:46+00:00\" \/>\n<meta property=\"og:image\" content=\"https:\/\/tourtravelandmore.com\/wp-content\/uploads\/2022\/06\/image3-14.jpg\" \/>\n\t<meta property=\"og:image:width\" content=\"900\" \/>\n\t<meta property=\"og:image:height\" content=\"700\" \/>\n\t<meta property=\"og:image:type\" content=\"image\/jpeg\" \/>\n<meta name=\"twitter:card\" content=\"summary_large_image\" \/>\n<meta name=\"twitter:site\" content=\"@TourTravel_More\" \/>\n<meta name=\"twitter:label1\" content=\"Dur\u00e9e de lecture estim\u00e9e\" \/>\n\t<meta name=\"twitter:data1\" content=\"4 minutes\" \/>\n<script type=\"application\/ld+json\" class=\"yoast-schema-graph\">{\"@context\":\"https:\/\/schema.org\",\"@graph\":[{\"@type\":\"WebPage\",\"@id\":\"https:\/\/tourtravelandmore.com\/fr\/tours\/italie-fr\/sorrento-fr\/tous-les-circuits-et-activites-prives-fr-2\/visite-privee-de-naples-depuis-sorrento\/\",\"url\":\"https:\/\/tourtravelandmore.com\/fr\/tours\/italie-fr\/sorrento-fr\/tous-les-circuits-et-activites-prives-fr-2\/visite-privee-de-naples-depuis-sorrento\/\",\"name\":\"\u27a1\ufe0f Visite priv\u00e9e de Naples depuis Sorrento | Tour Travel & More\",\"isPartOf\":{\"@id\":\"https:\/\/tourtravelandmore.com\/fr\/#website\"},\"primaryImageOfPage\":{\"@id\":\"https:\/\/tourtravelandmore.com\/fr\/tours\/italie-fr\/sorrento-fr\/tous-les-circuits-et-activites-prives-fr-2\/visite-privee-de-naples-depuis-sorrento\/#primaryimage\"},\"image\":{\"@id\":\"https:\/\/tourtravelandmore.com\/fr\/tours\/italie-fr\/sorrento-fr\/tous-les-circuits-et-activites-prives-fr-2\/visite-privee-de-naples-depuis-sorrento\/#primaryimage\"},\"thumbnailUrl\":\"https:\/\/tourtravelandmore.com\/wp-content\/uploads\/2022\/06\/image3-14.jpg\",\"datePublished\":\"2022-06-29T16:48:20+00:00\",\"dateModified\":\"2025-02-24T14:08:46+00:00\",\"description\":\"D\u00e9couvrez Naples si vous s\u00e9journez \u00e0 Sorrento avec notre visite priv\u00e9e de 6 heures avec guide expert inclus \u00e0 Naples \u2705\",\"breadcrumb\":{\"@id\":\"https:\/\/tourtravelandmore.com\/fr\/tours\/italie-fr\/sorrento-fr\/tous-les-circuits-et-activites-prives-fr-2\/visite-privee-de-naples-depuis-sorrento\/#breadcrumb\"},\"inLanguage\":\"fr-FR\",\"potentialAction\":[{\"@type\":\"ReadAction\",\"target\":[\"https:\/\/tourtravelandmore.com\/fr\/tours\/italie-fr\/sorrento-fr\/tous-les-circuits-et-activites-prives-fr-2\/visite-privee-de-naples-depuis-sorrento\/\"]}]},{\"@type\":\"ImageObject\",\"inLanguage\":\"fr-FR\",\"@id\":\"https:\/\/tourtravelandmore.com\/fr\/tours\/italie-fr\/sorrento-fr\/tous-les-circuits-et-activites-prives-fr-2\/visite-privee-de-naples-depuis-sorrento\/#primaryimage\",\"url\":\"https:\/\/tourtravelandmore.com\/wp-content\/uploads\/2022\/06\/image3-14.jpg\",\"contentUrl\":\"https:\/\/tourtravelandmore.com\/wp-content\/uploads\/2022\/06\/image3-14.jpg\",\"width\":900,\"height\":700},{\"@type\":\"BreadcrumbList\",\"@id\":\"https:\/\/tourtravelandmore.com\/fr\/tours\/italie-fr\/sorrento-fr\/tous-les-circuits-et-activites-prives-fr-2\/visite-privee-de-naples-depuis-sorrento\/#breadcrumb\",\"itemListElement\":[{\"@type\":\"ListItem\",\"position\":1,\"name\":\"Home\",\"item\":\"https:\/\/tourtravelandmore.com\/fr\/\"},{\"@type\":\"ListItem\",\"position\":2,\"name\":\"Tours\",\"item\":\"https:\/\/tourtravelandmore.com\/fr\/tours\/\"},{\"@type\":\"ListItem\",\"position\":3,\"name\":\"Visite priv\u00e9e de Naples depuis Sorrento\"}]},{\"@type\":\"WebSite\",\"@id\":\"https:\/\/tourtravelandmore.com\/fr\/#website\",\"url\":\"https:\/\/tourtravelandmore.com\/fr\/\",\"name\":\"Tour Travel And More\",\"description\":\"Private sightseeing tours and luxury transfers in Spain\",\"publisher\":{\"@id\":\"https:\/\/tourtravelandmore.com\/fr\/#organization\"},\"potentialAction\":[{\"@type\":\"SearchAction\",\"target\":{\"@type\":\"EntryPoint\",\"urlTemplate\":\"https:\/\/tourtravelandmore.com\/fr\/?s={search_term_string}\"},\"query-input\":{\"@type\":\"PropertyValueSpecification\",\"valueRequired\":true,\"valueName\":\"search_term_string\"}}],\"inLanguage\":\"fr-FR\"},{\"@type\":\"Organization\",\"@id\":\"https:\/\/tourtravelandmore.com\/fr\/#organization\",\"name\":\"Tour Travel And More\",\"url\":\"https:\/\/tourtravelandmore.com\/fr\/\",\"logo\":{\"@type\":\"ImageObject\",\"inLanguage\":\"fr-FR\",\"@id\":\"https:\/\/tourtravelandmore.com\/fr\/#\/schema\/logo\/image\/\",\"url\":\"https:\/\/tourtravelandmore.com\/wp-content\/uploads\/2022\/12\/cropped-logo-cabecera-new.png\",\"contentUrl\":\"https:\/\/tourtravelandmore.com\/wp-content\/uploads\/2022\/12\/cropped-logo-cabecera-new.png\",\"width\":430,\"height\":61,\"caption\":\"Tour Travel And More\"},\"image\":{\"@id\":\"https:\/\/tourtravelandmore.com\/fr\/#\/schema\/logo\/image\/\"},\"sameAs\":[\"https:\/\/www.facebook.com\/tourtravelandmore\/\",\"https:\/\/x.com\/TourTravel_More\"]}]}<\/script>\n<!-- \/ Yoast SEO Premium plugin. -->","yoast_head_json":{"title":"\u27a1\ufe0f Visite priv\u00e9e de Naples depuis Sorrento | Tour Travel & More","description":"D\u00e9couvrez Naples si vous s\u00e9journez \u00e0 Sorrento avec notre visite priv\u00e9e de 6 heures avec guide expert inclus \u00e0 Naples \u2705","robots":{"index":"index","follow":"follow","max-snippet":"max-snippet:-1","max-image-preview":"max-image-preview:large","max-video-preview":"max-video-preview:-1"},"canonical":"https:\/\/tourtravelandmore.com\/fr\/tours\/italie-fr\/sorrento-fr\/tous-les-circuits-et-activites-prives-fr-2\/visite-privee-de-naples-depuis-sorrento\/","og_locale":"fr_FR","og_type":"article","og_title":"Visite priv\u00e9e de Naples depuis Sorrento","og_description":"D\u00e9couvrez Naples si vous s\u00e9journez \u00e0 Sorrento avec notre visite priv\u00e9e de 6 heures avec guide expert inclus \u00e0 Naples \u2705","og_url":"https:\/\/tourtravelandmore.com\/fr\/tours\/italie-fr\/sorrento-fr\/tous-les-circuits-et-activites-prives-fr-2\/visite-privee-de-naples-depuis-sorrento\/","og_site_name":"Tour Travel And More","article_publisher":"https:\/\/www.facebook.com\/tourtravelandmore\/","article_modified_time":"2025-02-24T14:08:46+00:00","og_image":[{"width":900,"height":700,"url":"https:\/\/tourtravelandmore.com\/wp-content\/uploads\/2022\/06\/image3-14.jpg","type":"image\/jpeg"}],"twitter_card":"summary_large_image","twitter_site":"@TourTravel_More","twitter_misc":{"Dur\u00e9e de lecture estim\u00e9e":"4 minutes"},"schema":{"@context":"https:\/\/schema.org","@graph":[{"@type":"WebPage","@id":"https:\/\/tourtravelandmore.com\/fr\/tours\/italie-fr\/sorrento-fr\/tous-les-circuits-et-activites-prives-fr-2\/visite-privee-de-naples-depuis-sorrento\/","url":"https:\/\/tourtravelandmore.com\/fr\/tours\/italie-fr\/sorrento-fr\/tous-les-circuits-et-activites-prives-fr-2\/visite-privee-de-naples-depuis-sorrento\/","name":"\u27a1\ufe0f Visite priv\u00e9e de Naples depuis Sorrento | Tour Travel & More","isPartOf":{"@id":"https:\/\/tourtravelandmore.com\/fr\/#website"},"primaryImageOfPage":{"@id":"https:\/\/tourtravelandmore.com\/fr\/tours\/italie-fr\/sorrento-fr\/tous-les-circuits-et-activites-prives-fr-2\/visite-privee-de-naples-depuis-sorrento\/#primaryimage"},"image":{"@id":"https:\/\/tourtravelandmore.com\/fr\/tours\/italie-fr\/sorrento-fr\/tous-les-circuits-et-activites-prives-fr-2\/visite-privee-de-naples-depuis-sorrento\/#primaryimage"},"thumbnailUrl":"https:\/\/tourtravelandmore.com\/wp-content\/uploads\/2022\/06\/image3-14.jpg","datePublished":"2022-06-29T16:48:20+00:00","dateModified":"2025-02-24T14:08:46+00:00","description":"D\u00e9couvrez Naples si vous s\u00e9journez \u00e0 Sorrento avec notre visite priv\u00e9e de 6 heures avec guide expert inclus \u00e0 Naples \u2705","breadcrumb":{"@id":"https:\/\/tourtravelandmore.com\/fr\/tours\/italie-fr\/sorrento-fr\/tous-les-circuits-et-activites-prives-fr-2\/visite-privee-de-naples-depuis-sorrento\/#breadcrumb"},"inLanguage":"fr-FR","potentialAction":[{"@type":"ReadAction","target":["https:\/\/tourtravelandmore.com\/fr\/tours\/italie-fr\/sorrento-fr\/tous-les-circuits-et-activites-prives-fr-2\/visite-privee-de-naples-depuis-sorrento\/"]}]},{"@type":"ImageObject","inLanguage":"fr-FR","@id":"https:\/\/tourtravelandmore.com\/fr\/tours\/italie-fr\/sorrento-fr\/tous-les-circuits-et-activites-prives-fr-2\/visite-privee-de-naples-depuis-sorrento\/#primaryimage","url":"https:\/\/tourtravelandmore.com\/wp-content\/uploads\/2022\/06\/image3-14.jpg","contentUrl":"https:\/\/tourtravelandmore.com\/wp-content\/uploads\/2022\/06\/image3-14.jpg","width":900,"height":700},{"@type":"BreadcrumbList","@id":"https:\/\/tourtravelandmore.com\/fr\/tours\/italie-fr\/sorrento-fr\/tous-les-circuits-et-activites-prives-fr-2\/visite-privee-de-naples-depuis-sorrento\/#breadcrumb","itemListElement":[{"@type":"ListItem","position":1,"name":"Home","item":"https:\/\/tourtravelandmore.com\/fr\/"},{"@type":"ListItem","position":2,"name":"Tours","item":"https:\/\/tourtravelandmore.com\/fr\/tours\/"},{"@type":"ListItem","position":3,"name":"Visite priv\u00e9e de Naples depuis Sorrento"}]},{"@type":"WebSite","@id":"https:\/\/tourtravelandmore.com\/fr\/#website","url":"https:\/\/tourtravelandmore.com\/fr\/","name":"Tour Travel And More","description":"Private sightseeing tours and luxury transfers in Spain","publisher":{"@id":"https:\/\/tourtravelandmore.com\/fr\/#organization"},"potentialAction":[{"@type":"SearchAction","target":{"@type":"EntryPoint","urlTemplate":"https:\/\/tourtravelandmore.com\/fr\/?s={search_term_string}"},"query-input":{"@type":"PropertyValueSpecification","valueRequired":true,"valueName":"search_term_string"}}],"inLanguage":"fr-FR"},{"@type":"Organization","@id":"https:\/\/tourtravelandmore.com\/fr\/#organization","name":"Tour Travel And More","url":"https:\/\/tourtravelandmore.com\/fr\/","logo":{"@type":"ImageObject","inLanguage":"fr-FR","@id":"https:\/\/tourtravelandmore.com\/fr\/#\/schema\/logo\/image\/","url":"https:\/\/tourtravelandmore.com\/wp-content\/uploads\/2022\/12\/cropped-logo-cabecera-new.png","contentUrl":"https:\/\/tourtravelandmore.com\/wp-content\/uploads\/2022\/12\/cropped-logo-cabecera-new.png","width":430,"height":61,"caption":"Tour Travel And More"},"image":{"@id":"https:\/\/tourtravelandmore.com\/fr\/#\/schema\/logo\/image\/"},"sameAs":["https:\/\/www.facebook.com\/tourtravelandmore\/","https:\/\/x.com\/TourTravel_More"]}]}},"_links":{"self":[{"href":"https:\/\/tourtravelandmore.com\/fr\/wp-json\/wp\/v2\/product\/130310","targetHints":{"allow":["GET"]}}],"collection":[{"href":"https:\/\/tourtravelandmore.com\/fr\/wp-json\/wp\/v2\/product"}],"about":[{"href":"https:\/\/tourtravelandmore.com\/fr\/wp-json\/wp\/v2\/types\/product"}],"replies":[{"embeddable":true,"href":"https:\/\/tourtravelandmore.com\/fr\/wp-json\/wp\/v2\/comments?post=130310"}],"wp:featuredmedia":[{"embeddable":true,"href":"https:\/\/tourtravelandmore.com\/fr\/wp-json\/wp\/v2\/media\/130328"}],"wp:attachment":[{"href":"https:\/\/tourtravelandmore.com\/fr\/wp-json\/wp\/v2\/media?parent=130310"}],"wp:term":[{"taxonomy":"product_brand","embeddable":true,"href":"https:\/\/tourtravelandmore.com\/fr\/wp-json\/wp\/v2\/product_brand?post=130310"},{"taxonomy":"product_cat","embeddable":true,"href":"https:\/\/tourtravelandmore.com\/fr\/wp-json\/wp\/v2\/product_cat?post=130310"},{"taxonomy":"product_tag","embeddable":true,"href":"https:\/\/tourtravelandmore.com\/fr\/wp-json\/wp\/v2\/product_tag?post=130310"}],"curies":[{"name":"wp","href":"https:\/\/api.w.org\/{rel}","templated":true}]}}