{"id":130268,"date":"2022-06-29T18:31:38","date_gmt":"2022-06-29T16:31:49","guid":{"rendered":"https:\/\/tourtravelandmore.com\/?post_type=product&#038;p=130268"},"modified":"2024-02-02T10:13:26","modified_gmt":"2024-02-02T09:13:26","slug":"visite-privee-de-pompei-et-dherculanum-depuis-sorrento","status":"publish","type":"product","link":"https:\/\/tourtravelandmore.com\/fr\/tours\/italie-fr\/sorrento-fr\/tous-les-circuits-et-activites-prives-fr-2\/visite-privee-de-pompei-et-dherculanum-depuis-sorrento\/","title":{"rendered":"Visite priv\u00e9e de Pomp\u00e9i et d&#8217;Herculanum depuis Sorrento"},"content":{"rendered":"<h2><b>Visite priv\u00e9e de Pomp\u00e9i et Herculanum au d\u00e9part de Sorrente Description<\/b><\/h2>\n<p><span style=\"font-weight: 400;\">D\u00e9couvrez les merveilles antiques de Pomp\u00e9i et d&#8217;Herculanum lors de cette visite priv\u00e9e de 8 heures au d\u00e9part de Sorrente. L&#8217;excursion propose une exploration intime de ces deux villes romaines, pr\u00e9serv\u00e9es sous les cendres volcaniques depuis la tristement c\u00e9l\u00e8bre \u00e9ruption du V\u00e9suve en 79 apr\u00e8s J\u00e9sus-Christ. Vous voyagerez dans le confort et le style avec un v\u00e9hicule priv\u00e9, \u00e0 partir d&#8217;un point de d\u00e9part pratique \u00e0 Sorrente. Votre voyage est enrichi par les commentaires d&#8217;un guide comp\u00e9tent qui d\u00e9voile les secrets des ruines, r\u00e9v\u00e9lant les histoires qui se cachent derri\u00e8re des sites c\u00e9l\u00e8bres comme la maison des Vettii et les thermes de Stabia.<\/span><\/p>\n<p><span style=\"font-weight: 400;\">En vous promenant dans les rues anciennes, vous vous sentirez transport\u00e9 dans le temps, d\u00e9couvrant la grandeur de l&#8217;architecture romaine et la vie quotidienne. \u00c0 Herculanum, vous explorerez les vestiges bien pr\u00e9serv\u00e9s de cette ville riche, offrant un aper\u00e7u du mode de vie luxueux de ses anciens habitants. L&#8217;excursion comprend des visites de sites moins connus mais tout aussi captivants, ce qui permet d&#8217;acqu\u00e9rir une connaissance approfondie de ces tr\u00e9sors arch\u00e9ologiques.<\/span><\/p>\n<p><span style=\"font-weight: 400;\">Votre journ\u00e9e d&#8217;exploration se termine par un retour \u00e0 Sorrente, vous laissant avec des connaissances approfondies et des exp\u00e9riences m\u00e9morables de ces merveilles historiques.<\/span><\/p>\n<p><span style=\"font-weight: 400;\">Poursuivez votre voyage au c\u0153ur de l&#8217;Italie antique avec notre excursion priv\u00e9e \u00e0 Pomp\u00e9i et Herculanum au d\u00e9part de Sorrente. Au fur et \u00e0 mesure de la visite, vous plongerez dans les myst\u00e8res de ces villes antiques, leurs rues et leurs b\u00e2timents prenant vie gr\u00e2ce aux r\u00e9cits vivants de votre guide. Sentez le pouls de la vie romaine en naviguant dans les rues anim\u00e9es et les coins tranquilles de Pomp\u00e9i et d&#8217;Herculanum, chaque pas apportant une nouvelle d\u00e9couverte. Votre visite ne sera pas seulement une exploration de ruines antiques, mais un retour dans le temps, offrant une image vivante de la vie dans ces villes romaines autrefois prosp\u00e8res. Le m\u00e9lange unique d&#8217;histoire, de culture et d&#8217;architecture offre une exp\u00e9rience enrichissante qui va au-del\u00e0 de la simple visite touristique.<\/span><\/p>\n<h2><b>Points forts de l&#8217;excursion priv\u00e9e \u00e0 Pomp\u00e9i et Herculanum au d\u00e9part de Sorrente<\/b><\/h2>\n<ul>\n<li style=\"font-weight: 400;\" aria-level=\"1\"><b>Ruines de Pomp\u00e9i :<\/b><span style=\"font-weight: 400;\"> Aventurez-vous dans ce site class\u00e9 au patrimoine mondial de l&#8217;UNESCO, o\u00f9 la vie quotidienne des anciens Romains est fig\u00e9e dans le temps. Vous serez \u00e9merveill\u00e9s par le plan de la ville, les maisons et les espaces publics, qui vous donneront un rare aper\u00e7u du pass\u00e9.<\/span><\/li>\n<li style=\"font-weight: 400;\" aria-level=\"1\"><b>D\u00e9couverte d&#8217;Herculanum : <\/b><span style=\"font-weight: 400;\">D\u00e9couvrez l&#8217;\u00e9tat de conservation exceptionnel d&#8217;Herculanum, o\u00f9 les mat\u00e9riaux volcaniques ont pr\u00e9serv\u00e9 de mani\u00e8re unique les structures en bois et les mosa\u00efques complexes, offrant une perspective diff\u00e9rente de celle de Pomp\u00e9i.<\/span><\/li>\n<li style=\"font-weight: 400;\" aria-level=\"1\"><b>Maison des Vettii :<\/b><span style=\"font-weight: 400;\"> Cette luxueuse r\u00e9sidence pr\u00e9sente des fresques d\u00e9taill\u00e9es d\u00e9crivant la mythologie romaine et la vie quotidienne, donnant un aper\u00e7u de la richesse et des go\u00fbts artistiques de ses anciens habitants.<\/span><\/li>\n<li style=\"font-weight: 400;\" aria-level=\"1\"><b>Thermes de Stabia :<\/b><span style=\"font-weight: 400;\"> Ces thermes publics bien conserv\u00e9s mettent en \u00e9vidence l&#8217;engagement des Romains en faveur de la sant\u00e9 et de la socialisation, gr\u00e2ce \u00e0 des syst\u00e8mes de chauffage perfectionn\u00e9s et \u00e0 de superbes d\u00e9corations.<\/span><\/li>\n<li style=\"font-weight: 400;\" aria-level=\"1\"><b>Villa Oplontis et porte d&#8217;Herculanum : <\/b><span style=\"font-weight: 400;\">Visitez l&#8217;opulente Villa Oplontis, avec ses fresques \u00e9tonnantes et son plan tentaculaire, et la Porte d&#8217;Herculanum, un rappel poignant de la fin abrupte de la ville.<\/span><\/li>\n<li style=\"font-weight: 400;\" aria-level=\"1\"><b>Un guide expert :<\/b><span style=\"font-weight: 400;\"> Votre guide fait revivre ces villes antiques avec des histoires et des faits, ce qui permet de mieux comprendre leur importance historique et arch\u00e9ologique.<\/span><\/li>\n<li style=\"font-weight: 400;\" aria-level=\"1\"><b>Voyage confortable <\/b><span style=\"font-weight: 400;\">: Appr\u00e9ciez la facilit\u00e9 de voyager entre ces sites historiques dans un v\u00e9hicule priv\u00e9 et climatis\u00e9.<\/span><\/li>\n<li style=\"font-weight: 400;\" aria-level=\"1\"><b>Exp\u00e9rience personnalis\u00e9e :<\/b><span style=\"font-weight: 400;\"> La visite peut \u00eatre adapt\u00e9e \u00e0 vos int\u00e9r\u00eats, qu&#8217;il s&#8217;agisse de se concentrer sur des aspects sp\u00e9cifiques de la vie romaine ou d&#8217;explorer des zones moins connues des sites.<\/span><\/li>\n<li style=\"font-weight: 400;\" aria-level=\"1\"><b>Paysage de Sorrente <\/b><span style=\"font-weight: 400;\">: Profitez de la route panoramique entre Sorrente et ces villes antiques, avec des vues pittoresques sur la campagne et le littoral italiens.<\/span><\/li>\n<li style=\"font-weight: 400;\" aria-level=\"1\"><b>D\u00e9lices culinaires :<\/b><span style=\"font-weight: 400;\"> Agr\u00e9mentez votre visite d&#8217;une exp\u00e9rience gastronomique, en savourant la cuisine napolitaine locale, connue pour ses riches saveurs et ses plats traditionnels.<\/span><\/li>\n<\/ul>\n<p><span style=\"font-weight: 400;\">Embarquez pour un voyage dans le temps et l&#8217;histoire avec notre visite priv\u00e9e exclusive de Pomp\u00e9i et Herculanum au d\u00e9part de Sorrente. D\u00e9couvrez le monde antique comme jamais auparavant, guid\u00e9 par des experts en arch\u00e9ologie et en histoire. Soyez t\u00e9moin de la grandeur de la vie romaine et de l&#8217;impact profond de l&#8217;\u00e9ruption du V\u00e9suve. R\u00e9servez d\u00e8s aujourd&#8217;hui votre aventure personnalis\u00e9e et plongez au c\u0153ur des civilisations anciennes, dans le confort d&#8217;un v\u00e9hicule priv\u00e9 de luxe.<\/span><a href=\"https:\/\/tourtravelandmore.com\/fr\/city\/italie-fr\/sorrento-fr\/\"><span style=\"font-weight: 400;\"> Contactez-nous pour r\u00e9server votre place et cr\u00e9er des souvenirs inoubliables dans ces lieux historiques embl\u00e9matiques.<\/span><\/a><\/p>\n","protected":false},"excerpt":{"rendered":"<p><span style=\"font-weight: 400;\">D\u00e9couvrez les secrets de Pomp\u00e9i et d&#8217;Herculanum lors de cette visite priv\u00e9e immersive de 8 heures au d\u00e9part de Sorrente. Plongez dans l&#8217;histoire ancienne avec un guide expert et d\u00e9couvrez l&#8217;opulence et la trag\u00e9die de ces villes romaines.<\/span><\/p>\n","protected":false},"featured_media":130290,"comment_status":"open","ping_status":"closed","template":"","meta":{"_acf_changed":false},"product_brand":[],"product_cat":[3549,4149,4151,4150,4152],"product_tag":[],"class_list":{"0":"post-130268","1":"product","2":"type-product","3":"status-publish","4":"has-post-thumbnail","6":"product_cat-italie-fr","7":"product_cat-sorrento-fr","8":"product_cat-excursions-privees-a-terre-fr","9":"product_cat-tous-les-circuits-et-activites-prives-fr-2","10":"product_cat-visites-guidees-privees-fr","12":"first","13":"instock","14":"shipping-taxable","15":"purchasable","16":"product-type-simple"},"acf":[],"yoast_head":"<!-- This site is optimized with the Yoast SEO Premium plugin v25.3.1 (Yoast SEO v25.3.1) - https:\/\/yoast.com\/wordpress\/plugins\/seo\/ -->\n<title>\u27a1\ufe0f Visite priv\u00e9e de Pomp\u00e9i et Herculanum depuis Sorrento : Tour Travel &amp; More<\/title>\n<meta name=\"description\" content=\"Visite priv\u00e9e de Pomp\u00e9i et Herculanum depuis Sorrento. R\u00e9servez d\u00e8s aujourd&#039;hui votre visite priv\u00e9e de Pomp\u00e9i et Herculanum au d\u00e9part de Sorrento ! \u2705\" \/>\n<meta name=\"robots\" content=\"index, follow, max-snippet:-1, max-image-preview:large, max-video-preview:-1\" \/>\n<link rel=\"canonical\" href=\"https:\/\/tourtravelandmore.com\/fr\/tours\/italie-fr\/sorrento-fr\/tous-les-circuits-et-activites-prives-fr-2\/visite-privee-de-pompei-et-dherculanum-depuis-sorrento\/\" \/>\n<meta property=\"og:locale\" content=\"fr_FR\" \/>\n<meta property=\"og:type\" content=\"article\" \/>\n<meta property=\"og:title\" content=\"Visite priv\u00e9e de Pomp\u00e9i et d&#039;Herculanum depuis Sorrento\" \/>\n<meta property=\"og:description\" content=\"Visite priv\u00e9e de Pomp\u00e9i et Herculanum depuis Sorrento. R\u00e9servez d\u00e8s aujourd&#039;hui votre visite priv\u00e9e de Pomp\u00e9i et Herculanum au d\u00e9part de Sorrento ! \u2705\" \/>\n<meta property=\"og:url\" content=\"https:\/\/tourtravelandmore.com\/fr\/tours\/italie-fr\/sorrento-fr\/tous-les-circuits-et-activites-prives-fr-2\/visite-privee-de-pompei-et-dherculanum-depuis-sorrento\/\" \/>\n<meta property=\"og:site_name\" content=\"Tour Travel And More\" \/>\n<meta property=\"article:publisher\" content=\"https:\/\/www.facebook.com\/tourtravelandmore\/\" \/>\n<meta property=\"article:modified_time\" content=\"2024-02-02T09:13:26+00:00\" \/>\n<meta property=\"og:image\" content=\"https:\/\/tourtravelandmore.com\/wp-content\/uploads\/2022\/06\/image4-13.jpg\" \/>\n\t<meta property=\"og:image:width\" content=\"900\" \/>\n\t<meta property=\"og:image:height\" content=\"700\" \/>\n\t<meta property=\"og:image:type\" content=\"image\/jpeg\" \/>\n<meta name=\"twitter:card\" content=\"summary_large_image\" \/>\n<meta name=\"twitter:site\" content=\"@TourTravel_More\" \/>\n<meta name=\"twitter:label1\" content=\"Dur\u00e9e de lecture estim\u00e9e\" \/>\n\t<meta name=\"twitter:data1\" content=\"4 minutes\" \/>\n<script type=\"application\/ld+json\" class=\"yoast-schema-graph\">{\"@context\":\"https:\/\/schema.org\",\"@graph\":[{\"@type\":\"WebPage\",\"@id\":\"https:\/\/tourtravelandmore.com\/fr\/tours\/italie-fr\/sorrento-fr\/tous-les-circuits-et-activites-prives-fr-2\/visite-privee-de-pompei-et-dherculanum-depuis-sorrento\/\",\"url\":\"https:\/\/tourtravelandmore.com\/fr\/tours\/italie-fr\/sorrento-fr\/tous-les-circuits-et-activites-prives-fr-2\/visite-privee-de-pompei-et-dherculanum-depuis-sorrento\/\",\"name\":\"\u27a1\ufe0f Visite priv\u00e9e de Pomp\u00e9i et Herculanum depuis Sorrento : Tour Travel & More\",\"isPartOf\":{\"@id\":\"https:\/\/tourtravelandmore.com\/fr\/#website\"},\"primaryImageOfPage\":{\"@id\":\"https:\/\/tourtravelandmore.com\/fr\/tours\/italie-fr\/sorrento-fr\/tous-les-circuits-et-activites-prives-fr-2\/visite-privee-de-pompei-et-dherculanum-depuis-sorrento\/#primaryimage\"},\"image\":{\"@id\":\"https:\/\/tourtravelandmore.com\/fr\/tours\/italie-fr\/sorrento-fr\/tous-les-circuits-et-activites-prives-fr-2\/visite-privee-de-pompei-et-dherculanum-depuis-sorrento\/#primaryimage\"},\"thumbnailUrl\":\"https:\/\/tourtravelandmore.com\/wp-content\/uploads\/2022\/06\/image4-13.jpg\",\"datePublished\":\"2022-06-29T16:31:49+00:00\",\"dateModified\":\"2024-02-02T09:13:26+00:00\",\"description\":\"Visite priv\u00e9e de Pomp\u00e9i et Herculanum depuis Sorrento. R\u00e9servez d\u00e8s aujourd'hui votre visite priv\u00e9e de Pomp\u00e9i et Herculanum au d\u00e9part de Sorrento ! \u2705\",\"breadcrumb\":{\"@id\":\"https:\/\/tourtravelandmore.com\/fr\/tours\/italie-fr\/sorrento-fr\/tous-les-circuits-et-activites-prives-fr-2\/visite-privee-de-pompei-et-dherculanum-depuis-sorrento\/#breadcrumb\"},\"inLanguage\":\"fr-FR\",\"potentialAction\":[{\"@type\":\"ReadAction\",\"target\":[\"https:\/\/tourtravelandmore.com\/fr\/tours\/italie-fr\/sorrento-fr\/tous-les-circuits-et-activites-prives-fr-2\/visite-privee-de-pompei-et-dherculanum-depuis-sorrento\/\"]}]},{\"@type\":\"ImageObject\",\"inLanguage\":\"fr-FR\",\"@id\":\"https:\/\/tourtravelandmore.com\/fr\/tours\/italie-fr\/sorrento-fr\/tous-les-circuits-et-activites-prives-fr-2\/visite-privee-de-pompei-et-dherculanum-depuis-sorrento\/#primaryimage\",\"url\":\"https:\/\/tourtravelandmore.com\/wp-content\/uploads\/2022\/06\/image4-13.jpg\",\"contentUrl\":\"https:\/\/tourtravelandmore.com\/wp-content\/uploads\/2022\/06\/image4-13.jpg\",\"width\":900,\"height\":700},{\"@type\":\"BreadcrumbList\",\"@id\":\"https:\/\/tourtravelandmore.com\/fr\/tours\/italie-fr\/sorrento-fr\/tous-les-circuits-et-activites-prives-fr-2\/visite-privee-de-pompei-et-dherculanum-depuis-sorrento\/#breadcrumb\",\"itemListElement\":[{\"@type\":\"ListItem\",\"position\":1,\"name\":\"Home\",\"item\":\"https:\/\/tourtravelandmore.com\/fr\/\"},{\"@type\":\"ListItem\",\"position\":2,\"name\":\"Tours\",\"item\":\"https:\/\/tourtravelandmore.com\/fr\/tours\/\"},{\"@type\":\"ListItem\",\"position\":3,\"name\":\"Visite priv\u00e9e de Pomp\u00e9i et d&#8217;Herculanum depuis Sorrento\"}]},{\"@type\":\"WebSite\",\"@id\":\"https:\/\/tourtravelandmore.com\/fr\/#website\",\"url\":\"https:\/\/tourtravelandmore.com\/fr\/\",\"name\":\"Tour Travel And More\",\"description\":\"Private sightseeing tours and luxury transfers in Spain\",\"publisher\":{\"@id\":\"https:\/\/tourtravelandmore.com\/fr\/#organization\"},\"potentialAction\":[{\"@type\":\"SearchAction\",\"target\":{\"@type\":\"EntryPoint\",\"urlTemplate\":\"https:\/\/tourtravelandmore.com\/fr\/?s={search_term_string}\"},\"query-input\":{\"@type\":\"PropertyValueSpecification\",\"valueRequired\":true,\"valueName\":\"search_term_string\"}}],\"inLanguage\":\"fr-FR\"},{\"@type\":\"Organization\",\"@id\":\"https:\/\/tourtravelandmore.com\/fr\/#organization\",\"name\":\"Tour Travel And More\",\"url\":\"https:\/\/tourtravelandmore.com\/fr\/\",\"logo\":{\"@type\":\"ImageObject\",\"inLanguage\":\"fr-FR\",\"@id\":\"https:\/\/tourtravelandmore.com\/fr\/#\/schema\/logo\/image\/\",\"url\":\"https:\/\/tourtravelandmore.com\/wp-content\/uploads\/2022\/12\/cropped-logo-cabecera-new.png\",\"contentUrl\":\"https:\/\/tourtravelandmore.com\/wp-content\/uploads\/2022\/12\/cropped-logo-cabecera-new.png\",\"width\":430,\"height\":61,\"caption\":\"Tour Travel And More\"},\"image\":{\"@id\":\"https:\/\/tourtravelandmore.com\/fr\/#\/schema\/logo\/image\/\"},\"sameAs\":[\"https:\/\/www.facebook.com\/tourtravelandmore\/\",\"https:\/\/x.com\/TourTravel_More\"]}]}<\/script>\n<!-- \/ Yoast SEO Premium plugin. -->","yoast_head_json":{"title":"\u27a1\ufe0f Visite priv\u00e9e de Pomp\u00e9i et Herculanum depuis Sorrento : Tour Travel & More","description":"Visite priv\u00e9e de Pomp\u00e9i et Herculanum depuis Sorrento. R\u00e9servez d\u00e8s aujourd'hui votre visite priv\u00e9e de Pomp\u00e9i et Herculanum au d\u00e9part de Sorrento ! \u2705","robots":{"index":"index","follow":"follow","max-snippet":"max-snippet:-1","max-image-preview":"max-image-preview:large","max-video-preview":"max-video-preview:-1"},"canonical":"https:\/\/tourtravelandmore.com\/fr\/tours\/italie-fr\/sorrento-fr\/tous-les-circuits-et-activites-prives-fr-2\/visite-privee-de-pompei-et-dherculanum-depuis-sorrento\/","og_locale":"fr_FR","og_type":"article","og_title":"Visite priv\u00e9e de Pomp\u00e9i et d'Herculanum depuis Sorrento","og_description":"Visite priv\u00e9e de Pomp\u00e9i et Herculanum depuis Sorrento. R\u00e9servez d\u00e8s aujourd'hui votre visite priv\u00e9e de Pomp\u00e9i et Herculanum au d\u00e9part de Sorrento ! \u2705","og_url":"https:\/\/tourtravelandmore.com\/fr\/tours\/italie-fr\/sorrento-fr\/tous-les-circuits-et-activites-prives-fr-2\/visite-privee-de-pompei-et-dherculanum-depuis-sorrento\/","og_site_name":"Tour Travel And More","article_publisher":"https:\/\/www.facebook.com\/tourtravelandmore\/","article_modified_time":"2024-02-02T09:13:26+00:00","og_image":[{"width":900,"height":700,"url":"https:\/\/tourtravelandmore.com\/wp-content\/uploads\/2022\/06\/image4-13.jpg","type":"image\/jpeg"}],"twitter_card":"summary_large_image","twitter_site":"@TourTravel_More","twitter_misc":{"Dur\u00e9e de lecture estim\u00e9e":"4 minutes"},"schema":{"@context":"https:\/\/schema.org","@graph":[{"@type":"WebPage","@id":"https:\/\/tourtravelandmore.com\/fr\/tours\/italie-fr\/sorrento-fr\/tous-les-circuits-et-activites-prives-fr-2\/visite-privee-de-pompei-et-dherculanum-depuis-sorrento\/","url":"https:\/\/tourtravelandmore.com\/fr\/tours\/italie-fr\/sorrento-fr\/tous-les-circuits-et-activites-prives-fr-2\/visite-privee-de-pompei-et-dherculanum-depuis-sorrento\/","name":"\u27a1\ufe0f Visite priv\u00e9e de Pomp\u00e9i et Herculanum depuis Sorrento : Tour Travel & More","isPartOf":{"@id":"https:\/\/tourtravelandmore.com\/fr\/#website"},"primaryImageOfPage":{"@id":"https:\/\/tourtravelandmore.com\/fr\/tours\/italie-fr\/sorrento-fr\/tous-les-circuits-et-activites-prives-fr-2\/visite-privee-de-pompei-et-dherculanum-depuis-sorrento\/#primaryimage"},"image":{"@id":"https:\/\/tourtravelandmore.com\/fr\/tours\/italie-fr\/sorrento-fr\/tous-les-circuits-et-activites-prives-fr-2\/visite-privee-de-pompei-et-dherculanum-depuis-sorrento\/#primaryimage"},"thumbnailUrl":"https:\/\/tourtravelandmore.com\/wp-content\/uploads\/2022\/06\/image4-13.jpg","datePublished":"2022-06-29T16:31:49+00:00","dateModified":"2024-02-02T09:13:26+00:00","description":"Visite priv\u00e9e de Pomp\u00e9i et Herculanum depuis Sorrento. R\u00e9servez d\u00e8s aujourd'hui votre visite priv\u00e9e de Pomp\u00e9i et Herculanum au d\u00e9part de Sorrento ! \u2705","breadcrumb":{"@id":"https:\/\/tourtravelandmore.com\/fr\/tours\/italie-fr\/sorrento-fr\/tous-les-circuits-et-activites-prives-fr-2\/visite-privee-de-pompei-et-dherculanum-depuis-sorrento\/#breadcrumb"},"inLanguage":"fr-FR","potentialAction":[{"@type":"ReadAction","target":["https:\/\/tourtravelandmore.com\/fr\/tours\/italie-fr\/sorrento-fr\/tous-les-circuits-et-activites-prives-fr-2\/visite-privee-de-pompei-et-dherculanum-depuis-sorrento\/"]}]},{"@type":"ImageObject","inLanguage":"fr-FR","@id":"https:\/\/tourtravelandmore.com\/fr\/tours\/italie-fr\/sorrento-fr\/tous-les-circuits-et-activites-prives-fr-2\/visite-privee-de-pompei-et-dherculanum-depuis-sorrento\/#primaryimage","url":"https:\/\/tourtravelandmore.com\/wp-content\/uploads\/2022\/06\/image4-13.jpg","contentUrl":"https:\/\/tourtravelandmore.com\/wp-content\/uploads\/2022\/06\/image4-13.jpg","width":900,"height":700},{"@type":"BreadcrumbList","@id":"https:\/\/tourtravelandmore.com\/fr\/tours\/italie-fr\/sorrento-fr\/tous-les-circuits-et-activites-prives-fr-2\/visite-privee-de-pompei-et-dherculanum-depuis-sorrento\/#breadcrumb","itemListElement":[{"@type":"ListItem","position":1,"name":"Home","item":"https:\/\/tourtravelandmore.com\/fr\/"},{"@type":"ListItem","position":2,"name":"Tours","item":"https:\/\/tourtravelandmore.com\/fr\/tours\/"},{"@type":"ListItem","position":3,"name":"Visite priv\u00e9e de Pomp\u00e9i et d&#8217;Herculanum depuis Sorrento"}]},{"@type":"WebSite","@id":"https:\/\/tourtravelandmore.com\/fr\/#website","url":"https:\/\/tourtravelandmore.com\/fr\/","name":"Tour Travel And More","description":"Private sightseeing tours and luxury transfers in Spain","publisher":{"@id":"https:\/\/tourtravelandmore.com\/fr\/#organization"},"potentialAction":[{"@type":"SearchAction","target":{"@type":"EntryPoint","urlTemplate":"https:\/\/tourtravelandmore.com\/fr\/?s={search_term_string}"},"query-input":{"@type":"PropertyValueSpecification","valueRequired":true,"valueName":"search_term_string"}}],"inLanguage":"fr-FR"},{"@type":"Organization","@id":"https:\/\/tourtravelandmore.com\/fr\/#organization","name":"Tour Travel And More","url":"https:\/\/tourtravelandmore.com\/fr\/","logo":{"@type":"ImageObject","inLanguage":"fr-FR","@id":"https:\/\/tourtravelandmore.com\/fr\/#\/schema\/logo\/image\/","url":"https:\/\/tourtravelandmore.com\/wp-content\/uploads\/2022\/12\/cropped-logo-cabecera-new.png","contentUrl":"https:\/\/tourtravelandmore.com\/wp-content\/uploads\/2022\/12\/cropped-logo-cabecera-new.png","width":430,"height":61,"caption":"Tour Travel And More"},"image":{"@id":"https:\/\/tourtravelandmore.com\/fr\/#\/schema\/logo\/image\/"},"sameAs":["https:\/\/www.facebook.com\/tourtravelandmore\/","https:\/\/x.com\/TourTravel_More"]}]}},"_links":{"self":[{"href":"https:\/\/tourtravelandmore.com\/fr\/wp-json\/wp\/v2\/product\/130268","targetHints":{"allow":["GET"]}}],"collection":[{"href":"https:\/\/tourtravelandmore.com\/fr\/wp-json\/wp\/v2\/product"}],"about":[{"href":"https:\/\/tourtravelandmore.com\/fr\/wp-json\/wp\/v2\/types\/product"}],"replies":[{"embeddable":true,"href":"https:\/\/tourtravelandmore.com\/fr\/wp-json\/wp\/v2\/comments?post=130268"}],"wp:featuredmedia":[{"embeddable":true,"href":"https:\/\/tourtravelandmore.com\/fr\/wp-json\/wp\/v2\/media\/130290"}],"wp:attachment":[{"href":"https:\/\/tourtravelandmore.com\/fr\/wp-json\/wp\/v2\/media?parent=130268"}],"wp:term":[{"taxonomy":"product_brand","embeddable":true,"href":"https:\/\/tourtravelandmore.com\/fr\/wp-json\/wp\/v2\/product_brand?post=130268"},{"taxonomy":"product_cat","embeddable":true,"href":"https:\/\/tourtravelandmore.com\/fr\/wp-json\/wp\/v2\/product_cat?post=130268"},{"taxonomy":"product_tag","embeddable":true,"href":"https:\/\/tourtravelandmore.com\/fr\/wp-json\/wp\/v2\/product_tag?post=130268"}],"curies":[{"name":"wp","href":"https:\/\/api.w.org\/{rel}","templated":true}]}}