{"id":129939,"date":"2022-06-26T10:01:48","date_gmt":"2022-06-26T08:01:53","guid":{"rendered":"https:\/\/tourtravelandmore.com\/?post_type=product&#038;p=129939"},"modified":"2023-09-01T16:12:50","modified_gmt":"2023-09-01T14:12:50","slug":"visite-privee-de-milan-au-depart-de-genes","status":"publish","type":"product","link":"https:\/\/tourtravelandmore.com\/fr\/tours\/italie-fr\/genoa-fr\/toutes-les-visites-privees-activites\/visite-privee-de-milan-au-depart-de-genes\/","title":{"rendered":"Visite priv\u00e9e de Milan au d\u00e9part de G\u00eanes"},"content":{"rendered":"<h2><b>Description de l&#8217;exp\u00e9dition exclusive \u00e0 Milan depuis G\u00eanes<\/b><\/h2>\n<p><span style=\"font-weight: 400;\">Plongez dans le charme magn\u00e9tique de Milan, en passant par la beaut\u00e9 envo\u00fbtante de la c\u00f4te de G\u00eanes, lors de notre exp\u00e9dition priv\u00e9e con\u00e7ue de mani\u00e8re complexe. En partant pour ce voyage, attendez-vous \u00e0 une tapisserie immersive d&#8217;\u00e9poques historiques, d&#8217;expressions artistiques in\u00e9gal\u00e9es et de la sophistication intemporelle pour laquelle Milan est v\u00e9n\u00e9r\u00e9e dans le monde entier. La ville, dans toute sa splendeur rayonnante, est un amalgame de merveilles architecturales et de profonds h\u00e9ritages artistiques. \u00c0 chaque coin de rue, on entend parler de son illustre pass\u00e9 et de son pr\u00e9sent. Milan est l&#8217;embl\u00e8me de la grandeur culturelle. En parcourant ses sentiers en compagnie de notre guide exp\u00e9riment\u00e9, vous d\u00e9couvrirez des id\u00e9es, des anecdotes et des exp\u00e9riences qui transcendent les sentiers touristiques habituels.<\/span><\/p>\n<p><span style=\"font-weight: 400;\">Au d\u00e9but de votre escapade milanaise, nous donnons la priorit\u00e9 \u00e0 votre confort et \u00e0 l&#8217;exclusivit\u00e9. D\u00e8s le d\u00e9but, attendez-vous \u00e0 un rendez-vous empreint de luxe et d&#8217;une touche personnelle. Que vous pr\u00e9f\u00e9riez le c\u0153ur anim\u00e9 de G\u00eanes ou l&#8217;ambiance tranquille de votre h\u00e9bergement, notre guide comp\u00e9tent, compl\u00e9t\u00e9 par un chauffeur professionnel, veillera \u00e0 ce que votre voyage commence en toute simplicit\u00e9, donnant le ton parfait pour les aventures \u00e0 venir.<\/span><\/p>\n<h2><b>Principales attractions de l&#8217;exp\u00e9dition exclusive \u00e0 Milan depuis G\u00eanes<\/b><\/h2>\n<p><span style=\"font-weight: 400;\">Au fur et \u00e0 mesure que votre exp\u00e9dition milanaise se d\u00e9roule, les tr\u00e9sors embl\u00e9matiques de la ville se d\u00e9voilent peu \u00e0 peu :<\/span><\/p>\n<ul>\n<li style=\"font-weight: 400;\" aria-level=\"1\"><b>La cath\u00e9drale de Milan (Duomo) :<\/b><span style=\"font-weight: 400;\"> Derri\u00e8re ses fl\u00e8ches gothiques se cache une histoire qui s&#8217;\u00e9tend sur plusieurs si\u00e8cles, un t\u00e9moignage de l&#8217;h\u00e9ritage religieux et architectural de Milan.<\/span><\/li>\n<li style=\"font-weight: 400;\" aria-level=\"1\"><b>La C\u00e8ne <\/b><span style=\"font-weight: 400;\">: Le chef-d&#8217;\u0153uvre de L\u00e9onard de Vinci fascine les amateurs d&#8217;art depuis des g\u00e9n\u00e9rations.<\/span><\/li>\n<li style=\"font-weight: 400;\" aria-level=\"1\"><b>Galleria Vittorio Emanuele II :<\/b><span style=\"font-weight: 400;\"> Admirez la grandeur de l&#8217;un des plus anciens centres commerciaux en activit\u00e9 au monde, un m\u00e9lange harmonieux de luxe, d&#8217;art et d&#8217;histoire.<\/span><\/li>\n<li style=\"font-weight: 400;\" aria-level=\"1\"><b>Castello Sforzesco :<\/b><span style=\"font-weight: 400;\"> Plongez dans la p\u00e9riode de la Renaissance en explorant cette forteresse embl\u00e9matique, riche de l&#8217;histoire et de la culture milanaises.<\/span><\/li>\n<li style=\"font-weight: 400;\" aria-level=\"1\"><b>Les toits du Duomo <\/b><span style=\"font-weight: 400;\">: Faites l&#8217;exp\u00e9rience d&#8217;une vue \u00e0 vol d&#8217;oiseau de Milan, capturant les paysages tentaculaires de la ville et les lointains sommets alpins.<\/span><\/li>\n<\/ul>\n<p><span style=\"font-weight: 400;\">Au-del\u00e0 des monuments c\u00e9l\u00e8bres, Milan abrite un tr\u00e9sor de joyaux moins connus, tous charg\u00e9s d&#8217;histoire et regorgeant de r\u00e9cits qui captivent le c\u0153ur et l&#8217;\u00e2me. Des chapelles orn\u00e9es d&#8217;art aux piazzas historiques, chaque coin et recoin de cette ville murmure des histoires sur son pass\u00e9 glorieux et son avenir visionnaire.<\/span><\/p>\n<p><span style=\"font-weight: 400;\">En parcourant la ville, les ar\u00f4mes de l&#8217;h\u00e9ritage culinaire milanais vous interpelleront. Profitez d&#8217;un repas de midi dans l&#8217;un des restaurants d&#8217;\u00e9lite de la ville, choisi non seulement pour ses plats d\u00e9lectables, mais aussi pour l&#8217;ambiance milanaise qu&#8217;il incarne. Savourez une symphonie de saveurs, chaque plat refl\u00e9tant le riche patrimoine gastronomique de la ville et les innovations culinaires contemporaines.<\/span><\/p>\n<p><span style=\"font-weight: 400;\">Alors que le cr\u00e9puscule drape Milan d&#8217;une teinte dor\u00e9e, accordez-vous un moment de r\u00e9flexion sur la myriade d&#8217;exp\u00e9riences v\u00e9cues au cours de la journ\u00e9e. Votre luxueux v\u00e9hicule priv\u00e9 se tient pr\u00eat, offrant un havre de confort alors qu&#8217;il vous ram\u00e8ne vers les royaumes enchanteurs de G\u00eanes. L&#8217;histoire de l&#8217;Italie ne s&#8217;arr\u00eate pas l\u00e0. Pour ceux qui sont intrigu\u00e9s par le chant des sir\u00e8nes de G\u00eanes, nous vous invitons \u00e0 explorer notre s\u00e9lection de visites priv\u00e9es, chacune d&#8217;entre elles \u00e9tant m\u00e9ticuleusement con\u00e7ue pour <\/span><a href=\"https:\/\/tourtravelandmore.com\/fr\/city\/italie-fr\/genoa-fr\/\"><span style=\"font-weight: 400;\">d\u00e9voiler les multiples facettes de l&#8217;histoire, de la culture et de l&#8217;attrait intemporel de G\u00eanes.<\/span><\/a><\/p>\n","protected":false},"excerpt":{"rendered":"<p><span style=\"font-weight: 400;\">Vous voulez d\u00e9couvrir Milan sans vous soucier des foules et des longues files d&#8217;attente ? Avec notre visite priv\u00e9e de Milan au d\u00e9part de G\u00eanes, vous pouvez explorer cette magnifique ville \u00e0 votre propre rythme avec un guide local expert.<\/span><\/p>\n","protected":false},"featured_media":129954,"comment_status":"open","ping_status":"closed","template":"","meta":{"_acf_changed":false},"product_brand":[],"product_cat":[4456,4455,4454,4457,3696],"product_tag":[],"class_list":{"0":"post-129939","1":"product","2":"type-product","3":"status-publish","4":"has-post-thumbnail","6":"product_cat-excursions-a-terre-privees","7":"product_cat-excursions-privees-dune-journee-fr-2","8":"product_cat-toutes-les-visites-privees-activites","9":"product_cat-visites-guidees-privees-fr-5","10":"product_cat-genoa-fr","12":"first","13":"instock","14":"shipping-taxable","15":"purchasable","16":"product-type-simple"},"acf":[],"yoast_head":"<!-- This site is optimized with the Yoast SEO Premium plugin v25.3.1 (Yoast SEO v25.3.1) - https:\/\/yoast.com\/wordpress\/plugins\/seo\/ -->\n<title>Tour priv\u00e9 \u00e0 Milan depuis G\u00eanes | Tour Travel &amp; More<\/title>\n<meta name=\"description\" content=\"Profitez d&#039;une visite priv\u00e9e \u00e0 Milan depuis G\u00eanes avec un v\u00e9hicule de luxe et un guide expert. Cette visite de 3 heures comprend tous les points forts de Milan - r\u00e9servez maintenant et profitez-en ! \u2705\" \/>\n<meta name=\"robots\" content=\"index, follow, max-snippet:-1, max-image-preview:large, max-video-preview:-1\" \/>\n<link rel=\"canonical\" href=\"https:\/\/tourtravelandmore.com\/fr\/tours\/italie-fr\/genoa-fr\/toutes-les-visites-privees-activites\/visite-privee-de-milan-au-depart-de-genes\/\" \/>\n<meta property=\"og:locale\" content=\"fr_FR\" \/>\n<meta property=\"og:type\" content=\"article\" \/>\n<meta property=\"og:title\" content=\"Visite priv\u00e9e de Milan au d\u00e9part de G\u00eanes\" \/>\n<meta property=\"og:description\" content=\"Profitez d&#039;une visite priv\u00e9e \u00e0 Milan depuis G\u00eanes avec un v\u00e9hicule de luxe et un guide expert. Cette visite de 3 heures comprend tous les points forts de Milan - r\u00e9servez maintenant et profitez-en ! \u2705\" \/>\n<meta property=\"og:url\" content=\"https:\/\/tourtravelandmore.com\/fr\/tours\/italie-fr\/genoa-fr\/toutes-les-visites-privees-activites\/visite-privee-de-milan-au-depart-de-genes\/\" \/>\n<meta property=\"og:site_name\" content=\"Tour Travel And More\" \/>\n<meta property=\"article:publisher\" content=\"https:\/\/www.facebook.com\/tourtravelandmore\/\" \/>\n<meta property=\"article:modified_time\" content=\"2023-09-01T14:12:50+00:00\" \/>\n<meta property=\"og:image\" content=\"https:\/\/tourtravelandmore.com\/wp-content\/uploads\/2022\/06\/image2-12.jpg\" \/>\n\t<meta property=\"og:image:width\" content=\"900\" \/>\n\t<meta property=\"og:image:height\" content=\"700\" \/>\n\t<meta property=\"og:image:type\" content=\"image\/jpeg\" \/>\n<meta name=\"twitter:card\" content=\"summary_large_image\" \/>\n<meta name=\"twitter:site\" content=\"@TourTravel_More\" \/>\n<meta name=\"twitter:label1\" content=\"Dur\u00e9e de lecture estim\u00e9e\" \/>\n\t<meta name=\"twitter:data1\" content=\"3 minutes\" \/>\n<script type=\"application\/ld+json\" class=\"yoast-schema-graph\">{\"@context\":\"https:\/\/schema.org\",\"@graph\":[{\"@type\":\"WebPage\",\"@id\":\"https:\/\/tourtravelandmore.com\/fr\/tours\/italie-fr\/genoa-fr\/toutes-les-visites-privees-activites\/visite-privee-de-milan-au-depart-de-genes\/\",\"url\":\"https:\/\/tourtravelandmore.com\/fr\/tours\/italie-fr\/genoa-fr\/toutes-les-visites-privees-activites\/visite-privee-de-milan-au-depart-de-genes\/\",\"name\":\"Tour priv\u00e9 \u00e0 Milan depuis G\u00eanes | Tour Travel & More\",\"isPartOf\":{\"@id\":\"https:\/\/tourtravelandmore.com\/fr\/#website\"},\"primaryImageOfPage\":{\"@id\":\"https:\/\/tourtravelandmore.com\/fr\/tours\/italie-fr\/genoa-fr\/toutes-les-visites-privees-activites\/visite-privee-de-milan-au-depart-de-genes\/#primaryimage\"},\"image\":{\"@id\":\"https:\/\/tourtravelandmore.com\/fr\/tours\/italie-fr\/genoa-fr\/toutes-les-visites-privees-activites\/visite-privee-de-milan-au-depart-de-genes\/#primaryimage\"},\"thumbnailUrl\":\"https:\/\/tourtravelandmore.com\/wp-content\/uploads\/2022\/06\/image2-12.jpg\",\"datePublished\":\"2022-06-26T08:01:53+00:00\",\"dateModified\":\"2023-09-01T14:12:50+00:00\",\"description\":\"Profitez d'une visite priv\u00e9e \u00e0 Milan depuis G\u00eanes avec un v\u00e9hicule de luxe et un guide expert. Cette visite de 3 heures comprend tous les points forts de Milan - r\u00e9servez maintenant et profitez-en ! \u2705\",\"breadcrumb\":{\"@id\":\"https:\/\/tourtravelandmore.com\/fr\/tours\/italie-fr\/genoa-fr\/toutes-les-visites-privees-activites\/visite-privee-de-milan-au-depart-de-genes\/#breadcrumb\"},\"inLanguage\":\"fr-FR\",\"potentialAction\":[{\"@type\":\"ReadAction\",\"target\":[\"https:\/\/tourtravelandmore.com\/fr\/tours\/italie-fr\/genoa-fr\/toutes-les-visites-privees-activites\/visite-privee-de-milan-au-depart-de-genes\/\"]}]},{\"@type\":\"ImageObject\",\"inLanguage\":\"fr-FR\",\"@id\":\"https:\/\/tourtravelandmore.com\/fr\/tours\/italie-fr\/genoa-fr\/toutes-les-visites-privees-activites\/visite-privee-de-milan-au-depart-de-genes\/#primaryimage\",\"url\":\"https:\/\/tourtravelandmore.com\/wp-content\/uploads\/2022\/06\/image2-12.jpg\",\"contentUrl\":\"https:\/\/tourtravelandmore.com\/wp-content\/uploads\/2022\/06\/image2-12.jpg\",\"width\":900,\"height\":700},{\"@type\":\"BreadcrumbList\",\"@id\":\"https:\/\/tourtravelandmore.com\/fr\/tours\/italie-fr\/genoa-fr\/toutes-les-visites-privees-activites\/visite-privee-de-milan-au-depart-de-genes\/#breadcrumb\",\"itemListElement\":[{\"@type\":\"ListItem\",\"position\":1,\"name\":\"Home\",\"item\":\"https:\/\/tourtravelandmore.com\/fr\/\"},{\"@type\":\"ListItem\",\"position\":2,\"name\":\"Tours\",\"item\":\"https:\/\/tourtravelandmore.com\/fr\/tours\/\"},{\"@type\":\"ListItem\",\"position\":3,\"name\":\"Visite priv\u00e9e de Milan au d\u00e9part de G\u00eanes\"}]},{\"@type\":\"WebSite\",\"@id\":\"https:\/\/tourtravelandmore.com\/fr\/#website\",\"url\":\"https:\/\/tourtravelandmore.com\/fr\/\",\"name\":\"Tour Travel And More\",\"description\":\"Private sightseeing tours and luxury transfers in Spain\",\"publisher\":{\"@id\":\"https:\/\/tourtravelandmore.com\/fr\/#organization\"},\"potentialAction\":[{\"@type\":\"SearchAction\",\"target\":{\"@type\":\"EntryPoint\",\"urlTemplate\":\"https:\/\/tourtravelandmore.com\/fr\/?s={search_term_string}\"},\"query-input\":{\"@type\":\"PropertyValueSpecification\",\"valueRequired\":true,\"valueName\":\"search_term_string\"}}],\"inLanguage\":\"fr-FR\"},{\"@type\":\"Organization\",\"@id\":\"https:\/\/tourtravelandmore.com\/fr\/#organization\",\"name\":\"Tour Travel And More\",\"url\":\"https:\/\/tourtravelandmore.com\/fr\/\",\"logo\":{\"@type\":\"ImageObject\",\"inLanguage\":\"fr-FR\",\"@id\":\"https:\/\/tourtravelandmore.com\/fr\/#\/schema\/logo\/image\/\",\"url\":\"https:\/\/tourtravelandmore.com\/wp-content\/uploads\/2022\/12\/cropped-logo-cabecera-new.png\",\"contentUrl\":\"https:\/\/tourtravelandmore.com\/wp-content\/uploads\/2022\/12\/cropped-logo-cabecera-new.png\",\"width\":430,\"height\":61,\"caption\":\"Tour Travel And More\"},\"image\":{\"@id\":\"https:\/\/tourtravelandmore.com\/fr\/#\/schema\/logo\/image\/\"},\"sameAs\":[\"https:\/\/www.facebook.com\/tourtravelandmore\/\",\"https:\/\/x.com\/TourTravel_More\"]}]}<\/script>\n<!-- \/ Yoast SEO Premium plugin. -->","yoast_head_json":{"title":"Tour priv\u00e9 \u00e0 Milan depuis G\u00eanes | Tour Travel & More","description":"Profitez d'une visite priv\u00e9e \u00e0 Milan depuis G\u00eanes avec un v\u00e9hicule de luxe et un guide expert. Cette visite de 3 heures comprend tous les points forts de Milan - r\u00e9servez maintenant et profitez-en ! \u2705","robots":{"index":"index","follow":"follow","max-snippet":"max-snippet:-1","max-image-preview":"max-image-preview:large","max-video-preview":"max-video-preview:-1"},"canonical":"https:\/\/tourtravelandmore.com\/fr\/tours\/italie-fr\/genoa-fr\/toutes-les-visites-privees-activites\/visite-privee-de-milan-au-depart-de-genes\/","og_locale":"fr_FR","og_type":"article","og_title":"Visite priv\u00e9e de Milan au d\u00e9part de G\u00eanes","og_description":"Profitez d'une visite priv\u00e9e \u00e0 Milan depuis G\u00eanes avec un v\u00e9hicule de luxe et un guide expert. Cette visite de 3 heures comprend tous les points forts de Milan - r\u00e9servez maintenant et profitez-en ! \u2705","og_url":"https:\/\/tourtravelandmore.com\/fr\/tours\/italie-fr\/genoa-fr\/toutes-les-visites-privees-activites\/visite-privee-de-milan-au-depart-de-genes\/","og_site_name":"Tour Travel And More","article_publisher":"https:\/\/www.facebook.com\/tourtravelandmore\/","article_modified_time":"2023-09-01T14:12:50+00:00","og_image":[{"width":900,"height":700,"url":"https:\/\/tourtravelandmore.com\/wp-content\/uploads\/2022\/06\/image2-12.jpg","type":"image\/jpeg"}],"twitter_card":"summary_large_image","twitter_site":"@TourTravel_More","twitter_misc":{"Dur\u00e9e de lecture estim\u00e9e":"3 minutes"},"schema":{"@context":"https:\/\/schema.org","@graph":[{"@type":"WebPage","@id":"https:\/\/tourtravelandmore.com\/fr\/tours\/italie-fr\/genoa-fr\/toutes-les-visites-privees-activites\/visite-privee-de-milan-au-depart-de-genes\/","url":"https:\/\/tourtravelandmore.com\/fr\/tours\/italie-fr\/genoa-fr\/toutes-les-visites-privees-activites\/visite-privee-de-milan-au-depart-de-genes\/","name":"Tour priv\u00e9 \u00e0 Milan depuis G\u00eanes | Tour Travel & More","isPartOf":{"@id":"https:\/\/tourtravelandmore.com\/fr\/#website"},"primaryImageOfPage":{"@id":"https:\/\/tourtravelandmore.com\/fr\/tours\/italie-fr\/genoa-fr\/toutes-les-visites-privees-activites\/visite-privee-de-milan-au-depart-de-genes\/#primaryimage"},"image":{"@id":"https:\/\/tourtravelandmore.com\/fr\/tours\/italie-fr\/genoa-fr\/toutes-les-visites-privees-activites\/visite-privee-de-milan-au-depart-de-genes\/#primaryimage"},"thumbnailUrl":"https:\/\/tourtravelandmore.com\/wp-content\/uploads\/2022\/06\/image2-12.jpg","datePublished":"2022-06-26T08:01:53+00:00","dateModified":"2023-09-01T14:12:50+00:00","description":"Profitez d'une visite priv\u00e9e \u00e0 Milan depuis G\u00eanes avec un v\u00e9hicule de luxe et un guide expert. Cette visite de 3 heures comprend tous les points forts de Milan - r\u00e9servez maintenant et profitez-en ! \u2705","breadcrumb":{"@id":"https:\/\/tourtravelandmore.com\/fr\/tours\/italie-fr\/genoa-fr\/toutes-les-visites-privees-activites\/visite-privee-de-milan-au-depart-de-genes\/#breadcrumb"},"inLanguage":"fr-FR","potentialAction":[{"@type":"ReadAction","target":["https:\/\/tourtravelandmore.com\/fr\/tours\/italie-fr\/genoa-fr\/toutes-les-visites-privees-activites\/visite-privee-de-milan-au-depart-de-genes\/"]}]},{"@type":"ImageObject","inLanguage":"fr-FR","@id":"https:\/\/tourtravelandmore.com\/fr\/tours\/italie-fr\/genoa-fr\/toutes-les-visites-privees-activites\/visite-privee-de-milan-au-depart-de-genes\/#primaryimage","url":"https:\/\/tourtravelandmore.com\/wp-content\/uploads\/2022\/06\/image2-12.jpg","contentUrl":"https:\/\/tourtravelandmore.com\/wp-content\/uploads\/2022\/06\/image2-12.jpg","width":900,"height":700},{"@type":"BreadcrumbList","@id":"https:\/\/tourtravelandmore.com\/fr\/tours\/italie-fr\/genoa-fr\/toutes-les-visites-privees-activites\/visite-privee-de-milan-au-depart-de-genes\/#breadcrumb","itemListElement":[{"@type":"ListItem","position":1,"name":"Home","item":"https:\/\/tourtravelandmore.com\/fr\/"},{"@type":"ListItem","position":2,"name":"Tours","item":"https:\/\/tourtravelandmore.com\/fr\/tours\/"},{"@type":"ListItem","position":3,"name":"Visite priv\u00e9e de Milan au d\u00e9part de G\u00eanes"}]},{"@type":"WebSite","@id":"https:\/\/tourtravelandmore.com\/fr\/#website","url":"https:\/\/tourtravelandmore.com\/fr\/","name":"Tour Travel And More","description":"Private sightseeing tours and luxury transfers in Spain","publisher":{"@id":"https:\/\/tourtravelandmore.com\/fr\/#organization"},"potentialAction":[{"@type":"SearchAction","target":{"@type":"EntryPoint","urlTemplate":"https:\/\/tourtravelandmore.com\/fr\/?s={search_term_string}"},"query-input":{"@type":"PropertyValueSpecification","valueRequired":true,"valueName":"search_term_string"}}],"inLanguage":"fr-FR"},{"@type":"Organization","@id":"https:\/\/tourtravelandmore.com\/fr\/#organization","name":"Tour Travel And More","url":"https:\/\/tourtravelandmore.com\/fr\/","logo":{"@type":"ImageObject","inLanguage":"fr-FR","@id":"https:\/\/tourtravelandmore.com\/fr\/#\/schema\/logo\/image\/","url":"https:\/\/tourtravelandmore.com\/wp-content\/uploads\/2022\/12\/cropped-logo-cabecera-new.png","contentUrl":"https:\/\/tourtravelandmore.com\/wp-content\/uploads\/2022\/12\/cropped-logo-cabecera-new.png","width":430,"height":61,"caption":"Tour Travel And More"},"image":{"@id":"https:\/\/tourtravelandmore.com\/fr\/#\/schema\/logo\/image\/"},"sameAs":["https:\/\/www.facebook.com\/tourtravelandmore\/","https:\/\/x.com\/TourTravel_More"]}]}},"_links":{"self":[{"href":"https:\/\/tourtravelandmore.com\/fr\/wp-json\/wp\/v2\/product\/129939","targetHints":{"allow":["GET"]}}],"collection":[{"href":"https:\/\/tourtravelandmore.com\/fr\/wp-json\/wp\/v2\/product"}],"about":[{"href":"https:\/\/tourtravelandmore.com\/fr\/wp-json\/wp\/v2\/types\/product"}],"replies":[{"embeddable":true,"href":"https:\/\/tourtravelandmore.com\/fr\/wp-json\/wp\/v2\/comments?post=129939"}],"wp:featuredmedia":[{"embeddable":true,"href":"https:\/\/tourtravelandmore.com\/fr\/wp-json\/wp\/v2\/media\/129954"}],"wp:attachment":[{"href":"https:\/\/tourtravelandmore.com\/fr\/wp-json\/wp\/v2\/media?parent=129939"}],"wp:term":[{"taxonomy":"product_brand","embeddable":true,"href":"https:\/\/tourtravelandmore.com\/fr\/wp-json\/wp\/v2\/product_brand?post=129939"},{"taxonomy":"product_cat","embeddable":true,"href":"https:\/\/tourtravelandmore.com\/fr\/wp-json\/wp\/v2\/product_cat?post=129939"},{"taxonomy":"product_tag","embeddable":true,"href":"https:\/\/tourtravelandmore.com\/fr\/wp-json\/wp\/v2\/product_tag?post=129939"}],"curies":[{"name":"wp","href":"https:\/\/api.w.org\/{rel}","templated":true}]}}