{"id":129896,"date":"2022-06-26T09:42:44","date_gmt":"2022-06-26T07:42:54","guid":{"rendered":"https:\/\/tourtravelandmore.com\/?post_type=product&#038;p=129896"},"modified":"2023-09-01T16:09:58","modified_gmt":"2023-09-01T14:09:58","slug":"visite-privee-de-chiavari","status":"publish","type":"product","link":"https:\/\/tourtravelandmore.com\/fr\/tours\/italie-fr\/genoa-fr\/toutes-les-visites-privees-activites\/visite-privee-de-chiavari\/","title":{"rendered":"Visite Priv\u00e9e de Chiavari, un joyau cach\u00e9 &#8211; Excursion d&#8217;une demi-journ\u00e9e"},"content":{"rendered":"<h2><b>Description de l&#8217;excursion priv\u00e9e \u00e0 Chiavari<\/b><\/h2>\n<p><span style=\"font-weight: 400;\">Chiavari, joyau incontest\u00e9 situ\u00e9 dans les terres verdoyantes de la province de G\u00eanes et dans le paysage \u00e9th\u00e9r\u00e9 de la Ligurie, est un appel de sir\u00e8ne pour les voyageurs qui ont un penchant pour l&#8217;histoire complexe, l&#8217;art impeccable et l&#8217;allure naturelle intacte. Majestueusement situ\u00e9e au sommet d&#8217;une colline, cette ville offre un tableau saisissant du golfe du Tigullio. Si l&#8217;on se penche sur son nom, on fait un voyage linguistique jusqu&#8217;au mot latin &#8220;cl\u00e9&#8221;, ce qui souligne bien le r\u00f4le crucial de Chiavari en tant que gardien de la partie la plus \u00e9troite du golfe.<\/span><\/p>\n<p><span style=\"font-weight: 400;\">La topographie de la ville est une symphonie visuelle : de la grandeur panoramique de ses panoramas au charme intime du c\u0153ur ancien de Chiavari. Au fil des ruelles pav\u00e9es et labyrinthiques, des merveilles m\u00e9di\u00e9vales s&#8217;\u00e9l\u00e8vent pour vous accueillir, leurs pierres sto\u00efques chuchotant des histoires d&#8217;\u00e9poques r\u00e9volues et d&#8217;habitants l\u00e9gendaires. Pour ceux qui ont un app\u00e9tit insatiable pour l&#8217;histoire et un \u0153il attentif aux prouesses architecturales, Chiavari appara\u00eet comme un tr\u00e9sor. Ses rues, parsem\u00e9es d&#8217;\u00e9glises s\u00e9culaires, de mus\u00e9es qui donnent \u00e0 r\u00e9fl\u00e9chir et d&#8217;\u00e9difices charg\u00e9s d&#8217;histoire, promettent un voyage dans le temps, une escapade chronologique o\u00f9 chaque recoin r\u00e9sonne d&#8217;anecdotes tir\u00e9es de ses illustres annales.<\/span><\/p>\n<p><span style=\"font-weight: 400;\">Mais cette aventure ne se r\u00e9sume pas \u00e0 des \u00e9poques pass\u00e9es ou \u00e0 des sites statiques. Il s&#8217;agit d&#8217;une exp\u00e9rience immersive qui commence par un confort et un luxe in\u00e9gal\u00e9s. D\u00e8s votre arriv\u00e9e, que ce soit \u00e0 l&#8217;endroit de votre choix ou dans le cadre confortable de votre r\u00e9sidence g\u00e9noise, votre chauffeur et votre guide, tri\u00e9s sur le volet, vous accueilleront chaleureusement. Leur pr\u00e9sence, associ\u00e9e \u00e0 leurs vastes connaissances, ouvre la voie \u00e0 ce qui promet d&#8217;\u00eatre un s\u00e9jour ind\u00e9l\u00e9bile au c\u0153ur de Chiavari.<\/span><\/p>\n<h2><b>Points forts de l&#8217;excursion priv\u00e9e \u00e0 Chiavari<\/b><\/h2>\n<p><span style=\"font-weight: 400;\">Au fur et \u00e0 mesure que la visite de Chiavari se d\u00e9roule, attendez-vous \u00e0 une exp\u00e9rience immersive, accentu\u00e9e par :<\/span><\/p>\n<ul>\n<li style=\"font-weight: 400;\" aria-level=\"1\"><span style=\"font-weight: 400;\">La visite du sanctuaire d&#8217;un sculpteur de figurines, t\u00e9moin de l&#8217;art en mouvement.<\/span><\/li>\n<li style=\"font-weight: 400;\" aria-level=\"1\"><span style=\"font-weight: 400;\">L&#8217;atelier d&#8217;un charpentier d\u00e9vou\u00e9, o\u00f9 les fauteuils cloches embl\u00e9matiques de Chiavari sont m\u00e9ticuleusement restaur\u00e9s pour retrouver leur gloire d&#8217;antan.<\/span><\/li>\n<li style=\"font-weight: 400;\" aria-level=\"1\"><span style=\"font-weight: 400;\">La symphonie des parfums chez le boulanger et le marchand de p\u00e2tes locaux, qui offre un aper\u00e7u des traditions culinaires de Chiavari.<\/span><\/li>\n<li style=\"font-weight: 400;\" aria-level=\"1\"><span style=\"font-weight: 400;\">Remonter le temps dans la fabrique de bougies du XVe si\u00e8cle, qui t\u00e9moigne des anciens m\u00e9tiers de la ville.<\/span><\/li>\n<\/ul>\n<p><span style=\"font-weight: 400;\">L&#8217;exp\u00e9dition se termine par un d\u00e9licieux ap\u00e9ritif, savour\u00e9 dans l&#8217;ambiance vintage de l&#8217;un des c\u00e9l\u00e8bres caf\u00e9s historiques de Chiavari.<\/span><\/p>\n<p><span style=\"font-weight: 400;\">Alors que le dernier acte de cette passionnante exp\u00e9dition touche \u00e0 sa fin, votre retour \u00e0 G\u00eanes vous promet s\u00e9r\u00e9nit\u00e9 et opulence. Installez-vous confortablement dans le v\u00e9hicule de votre choix et savourez chaque instant des panoramas pittoresques qui s&#8217;offrent \u00e0 vous. Que vous pr\u00e9f\u00e9riez le doux bourdonnement d&#8217;une conversation avec votre guide comp\u00e9tent ou des moments d&#8217;introspection en contemplant les exp\u00e9riences de la journ\u00e9e, le voyage de retour sera aussi m\u00e9morable que l&#8217;excursion elle-m\u00eame. Et si vous avez opt\u00e9 pour cette solution, la somptuosit\u00e9 d&#8217;un v\u00e9hicule priv\u00e9, dirig\u00e9 par un chauffeur comp\u00e9tent et professionnel, vous garantit un retour dans le plus grand luxe, ponctuant une journ\u00e9e d\u00e9j\u00e0 inoubliable.<\/span><\/p>\n<p><span style=\"font-weight: 400;\">Mais que cela ne s&#8217;arr\u00eate pas l\u00e0. Car l&#8217;Italie, avec ses innombrables histoires, ses splendeurs historiques et ses paysages \u00e9th\u00e9r\u00e9s, appelle le voyageur insatiable qui sommeille en vous. Pour assouvir cette soif de voyage, nous vous lan\u00e7ons une invitation, \u00e9labor\u00e9e avec pr\u00e9cision et passion. Plongez dans notre collection de visites priv\u00e9es s\u00e9lectionn\u00e9es par nos experts, chacune d&#8217;entre elles \u00e9tant con\u00e7ue pour <\/span><a href=\"https:\/\/tourtravelandmore.com\/fr\/city\/italie-fr\/genoa-fr\/\"><span style=\"font-weight: 400;\">vous immerger davantage dans les multiples facettes de la passionnante ville de G\u00eanes et de ses vibrants environs.<\/span><\/a><\/p>\n","protected":false},"excerpt":{"rendered":"<p><span style=\"font-weight: 400;\">Si vous recherchez un joyau cach\u00e9 qui sort des sentiers battus, Chiavari est la destination parfaite. Et quel meilleur moyen d&#8217;explorer cette charmante ville qu&#8217;une visite priv\u00e9e d&#8217;une demi-journ\u00e9e.<\/span><\/p>\n","protected":false},"featured_media":129914,"comment_status":"open","ping_status":"closed","template":"","meta":{"_acf_changed":false},"product_brand":[],"product_cat":[4456,4455,4454,4457,3696],"product_tag":[],"class_list":{"0":"post-129896","1":"product","2":"type-product","3":"status-publish","4":"has-post-thumbnail","6":"product_cat-excursions-a-terre-privees","7":"product_cat-excursions-privees-dune-journee-fr-2","8":"product_cat-toutes-les-visites-privees-activites","9":"product_cat-visites-guidees-privees-fr-5","10":"product_cat-genoa-fr","12":"first","13":"instock","14":"shipping-taxable","15":"purchasable","16":"product-type-simple"},"acf":[],"yoast_head":"<!-- This site is optimized with the Yoast SEO Premium plugin v25.3.1 (Yoast SEO v25.3.1) - https:\/\/yoast.com\/wordpress\/plugins\/seo\/ -->\n<title>Visite priv\u00e9e de Chiavari, un joyau cach\u00e9 : Tour Travel &amp; More<\/title>\n<meta name=\"description\" content=\"Profitez d&#039;une visite priv\u00e9e d&#039;une demi-journ\u00e9e dans la charmante ville de Chiavari. Ce joyau cach\u00e9 est situ\u00e9 sur la Riviera italienne et abrite une architecture magnifique et des paysages \u00e0 couper le souffle \u2705\" \/>\n<meta name=\"robots\" content=\"index, follow, max-snippet:-1, max-image-preview:large, max-video-preview:-1\" \/>\n<link rel=\"canonical\" href=\"https:\/\/tourtravelandmore.com\/fr\/tours\/italie-fr\/genoa-fr\/toutes-les-visites-privees-activites\/visite-privee-de-chiavari\/\" \/>\n<meta property=\"og:locale\" content=\"fr_FR\" \/>\n<meta property=\"og:type\" content=\"article\" \/>\n<meta property=\"og:title\" content=\"Visite Priv\u00e9e de Chiavari, un joyau cach\u00e9 - Excursion d&#039;une demi-journ\u00e9e\" \/>\n<meta property=\"og:description\" content=\"Profitez d&#039;une visite priv\u00e9e d&#039;une demi-journ\u00e9e dans la charmante ville de Chiavari. Ce joyau cach\u00e9 est situ\u00e9 sur la Riviera italienne et abrite une architecture magnifique et des paysages \u00e0 couper le souffle \u2705\" \/>\n<meta property=\"og:url\" content=\"https:\/\/tourtravelandmore.com\/fr\/tours\/italie-fr\/genoa-fr\/toutes-les-visites-privees-activites\/visite-privee-de-chiavari\/\" \/>\n<meta property=\"og:site_name\" content=\"Tour Travel And More\" \/>\n<meta property=\"article:publisher\" content=\"https:\/\/www.facebook.com\/tourtravelandmore\/\" \/>\n<meta property=\"article:modified_time\" content=\"2023-09-01T14:09:58+00:00\" \/>\n<meta property=\"og:image\" content=\"https:\/\/tourtravelandmore.com\/wp-content\/uploads\/2022\/06\/image3-11.jpg\" \/>\n\t<meta property=\"og:image:width\" content=\"900\" \/>\n\t<meta property=\"og:image:height\" content=\"700\" \/>\n\t<meta property=\"og:image:type\" content=\"image\/jpeg\" \/>\n<meta name=\"twitter:card\" content=\"summary_large_image\" \/>\n<meta name=\"twitter:site\" content=\"@TourTravel_More\" \/>\n<meta name=\"twitter:label1\" content=\"Dur\u00e9e de lecture estim\u00e9e\" \/>\n\t<meta name=\"twitter:data1\" content=\"3 minutes\" \/>\n<script type=\"application\/ld+json\" class=\"yoast-schema-graph\">{\"@context\":\"https:\/\/schema.org\",\"@graph\":[{\"@type\":\"WebPage\",\"@id\":\"https:\/\/tourtravelandmore.com\/fr\/tours\/italie-fr\/genoa-fr\/toutes-les-visites-privees-activites\/visite-privee-de-chiavari\/\",\"url\":\"https:\/\/tourtravelandmore.com\/fr\/tours\/italie-fr\/genoa-fr\/toutes-les-visites-privees-activites\/visite-privee-de-chiavari\/\",\"name\":\"Visite priv\u00e9e de Chiavari, un joyau cach\u00e9 : Tour Travel & More\",\"isPartOf\":{\"@id\":\"https:\/\/tourtravelandmore.com\/fr\/#website\"},\"primaryImageOfPage\":{\"@id\":\"https:\/\/tourtravelandmore.com\/fr\/tours\/italie-fr\/genoa-fr\/toutes-les-visites-privees-activites\/visite-privee-de-chiavari\/#primaryimage\"},\"image\":{\"@id\":\"https:\/\/tourtravelandmore.com\/fr\/tours\/italie-fr\/genoa-fr\/toutes-les-visites-privees-activites\/visite-privee-de-chiavari\/#primaryimage\"},\"thumbnailUrl\":\"https:\/\/tourtravelandmore.com\/wp-content\/uploads\/2022\/06\/image3-11.jpg\",\"datePublished\":\"2022-06-26T07:42:54+00:00\",\"dateModified\":\"2023-09-01T14:09:58+00:00\",\"description\":\"Profitez d'une visite priv\u00e9e d'une demi-journ\u00e9e dans la charmante ville de Chiavari. Ce joyau cach\u00e9 est situ\u00e9 sur la Riviera italienne et abrite une architecture magnifique et des paysages \u00e0 couper le souffle \u2705\",\"breadcrumb\":{\"@id\":\"https:\/\/tourtravelandmore.com\/fr\/tours\/italie-fr\/genoa-fr\/toutes-les-visites-privees-activites\/visite-privee-de-chiavari\/#breadcrumb\"},\"inLanguage\":\"fr-FR\",\"potentialAction\":[{\"@type\":\"ReadAction\",\"target\":[\"https:\/\/tourtravelandmore.com\/fr\/tours\/italie-fr\/genoa-fr\/toutes-les-visites-privees-activites\/visite-privee-de-chiavari\/\"]}]},{\"@type\":\"ImageObject\",\"inLanguage\":\"fr-FR\",\"@id\":\"https:\/\/tourtravelandmore.com\/fr\/tours\/italie-fr\/genoa-fr\/toutes-les-visites-privees-activites\/visite-privee-de-chiavari\/#primaryimage\",\"url\":\"https:\/\/tourtravelandmore.com\/wp-content\/uploads\/2022\/06\/image3-11.jpg\",\"contentUrl\":\"https:\/\/tourtravelandmore.com\/wp-content\/uploads\/2022\/06\/image3-11.jpg\",\"width\":900,\"height\":700},{\"@type\":\"BreadcrumbList\",\"@id\":\"https:\/\/tourtravelandmore.com\/fr\/tours\/italie-fr\/genoa-fr\/toutes-les-visites-privees-activites\/visite-privee-de-chiavari\/#breadcrumb\",\"itemListElement\":[{\"@type\":\"ListItem\",\"position\":1,\"name\":\"Home\",\"item\":\"https:\/\/tourtravelandmore.com\/fr\/\"},{\"@type\":\"ListItem\",\"position\":2,\"name\":\"Tours\",\"item\":\"https:\/\/tourtravelandmore.com\/fr\/tours\/\"},{\"@type\":\"ListItem\",\"position\":3,\"name\":\"Visite Priv\u00e9e de Chiavari, un joyau cach\u00e9 &#8211; Excursion d&#8217;une demi-journ\u00e9e\"}]},{\"@type\":\"WebSite\",\"@id\":\"https:\/\/tourtravelandmore.com\/fr\/#website\",\"url\":\"https:\/\/tourtravelandmore.com\/fr\/\",\"name\":\"Tour Travel And More\",\"description\":\"Private sightseeing tours and luxury transfers in Spain\",\"publisher\":{\"@id\":\"https:\/\/tourtravelandmore.com\/fr\/#organization\"},\"potentialAction\":[{\"@type\":\"SearchAction\",\"target\":{\"@type\":\"EntryPoint\",\"urlTemplate\":\"https:\/\/tourtravelandmore.com\/fr\/?s={search_term_string}\"},\"query-input\":{\"@type\":\"PropertyValueSpecification\",\"valueRequired\":true,\"valueName\":\"search_term_string\"}}],\"inLanguage\":\"fr-FR\"},{\"@type\":\"Organization\",\"@id\":\"https:\/\/tourtravelandmore.com\/fr\/#organization\",\"name\":\"Tour Travel And More\",\"url\":\"https:\/\/tourtravelandmore.com\/fr\/\",\"logo\":{\"@type\":\"ImageObject\",\"inLanguage\":\"fr-FR\",\"@id\":\"https:\/\/tourtravelandmore.com\/fr\/#\/schema\/logo\/image\/\",\"url\":\"https:\/\/tourtravelandmore.com\/wp-content\/uploads\/2022\/12\/cropped-logo-cabecera-new.png\",\"contentUrl\":\"https:\/\/tourtravelandmore.com\/wp-content\/uploads\/2022\/12\/cropped-logo-cabecera-new.png\",\"width\":430,\"height\":61,\"caption\":\"Tour Travel And More\"},\"image\":{\"@id\":\"https:\/\/tourtravelandmore.com\/fr\/#\/schema\/logo\/image\/\"},\"sameAs\":[\"https:\/\/www.facebook.com\/tourtravelandmore\/\",\"https:\/\/x.com\/TourTravel_More\"]}]}<\/script>\n<!-- \/ Yoast SEO Premium plugin. -->","yoast_head_json":{"title":"Visite priv\u00e9e de Chiavari, un joyau cach\u00e9 : Tour Travel & More","description":"Profitez d'une visite priv\u00e9e d'une demi-journ\u00e9e dans la charmante ville de Chiavari. Ce joyau cach\u00e9 est situ\u00e9 sur la Riviera italienne et abrite une architecture magnifique et des paysages \u00e0 couper le souffle \u2705","robots":{"index":"index","follow":"follow","max-snippet":"max-snippet:-1","max-image-preview":"max-image-preview:large","max-video-preview":"max-video-preview:-1"},"canonical":"https:\/\/tourtravelandmore.com\/fr\/tours\/italie-fr\/genoa-fr\/toutes-les-visites-privees-activites\/visite-privee-de-chiavari\/","og_locale":"fr_FR","og_type":"article","og_title":"Visite Priv\u00e9e de Chiavari, un joyau cach\u00e9 - Excursion d'une demi-journ\u00e9e","og_description":"Profitez d'une visite priv\u00e9e d'une demi-journ\u00e9e dans la charmante ville de Chiavari. Ce joyau cach\u00e9 est situ\u00e9 sur la Riviera italienne et abrite une architecture magnifique et des paysages \u00e0 couper le souffle \u2705","og_url":"https:\/\/tourtravelandmore.com\/fr\/tours\/italie-fr\/genoa-fr\/toutes-les-visites-privees-activites\/visite-privee-de-chiavari\/","og_site_name":"Tour Travel And More","article_publisher":"https:\/\/www.facebook.com\/tourtravelandmore\/","article_modified_time":"2023-09-01T14:09:58+00:00","og_image":[{"width":900,"height":700,"url":"https:\/\/tourtravelandmore.com\/wp-content\/uploads\/2022\/06\/image3-11.jpg","type":"image\/jpeg"}],"twitter_card":"summary_large_image","twitter_site":"@TourTravel_More","twitter_misc":{"Dur\u00e9e de lecture estim\u00e9e":"3 minutes"},"schema":{"@context":"https:\/\/schema.org","@graph":[{"@type":"WebPage","@id":"https:\/\/tourtravelandmore.com\/fr\/tours\/italie-fr\/genoa-fr\/toutes-les-visites-privees-activites\/visite-privee-de-chiavari\/","url":"https:\/\/tourtravelandmore.com\/fr\/tours\/italie-fr\/genoa-fr\/toutes-les-visites-privees-activites\/visite-privee-de-chiavari\/","name":"Visite priv\u00e9e de Chiavari, un joyau cach\u00e9 : Tour Travel & More","isPartOf":{"@id":"https:\/\/tourtravelandmore.com\/fr\/#website"},"primaryImageOfPage":{"@id":"https:\/\/tourtravelandmore.com\/fr\/tours\/italie-fr\/genoa-fr\/toutes-les-visites-privees-activites\/visite-privee-de-chiavari\/#primaryimage"},"image":{"@id":"https:\/\/tourtravelandmore.com\/fr\/tours\/italie-fr\/genoa-fr\/toutes-les-visites-privees-activites\/visite-privee-de-chiavari\/#primaryimage"},"thumbnailUrl":"https:\/\/tourtravelandmore.com\/wp-content\/uploads\/2022\/06\/image3-11.jpg","datePublished":"2022-06-26T07:42:54+00:00","dateModified":"2023-09-01T14:09:58+00:00","description":"Profitez d'une visite priv\u00e9e d'une demi-journ\u00e9e dans la charmante ville de Chiavari. Ce joyau cach\u00e9 est situ\u00e9 sur la Riviera italienne et abrite une architecture magnifique et des paysages \u00e0 couper le souffle \u2705","breadcrumb":{"@id":"https:\/\/tourtravelandmore.com\/fr\/tours\/italie-fr\/genoa-fr\/toutes-les-visites-privees-activites\/visite-privee-de-chiavari\/#breadcrumb"},"inLanguage":"fr-FR","potentialAction":[{"@type":"ReadAction","target":["https:\/\/tourtravelandmore.com\/fr\/tours\/italie-fr\/genoa-fr\/toutes-les-visites-privees-activites\/visite-privee-de-chiavari\/"]}]},{"@type":"ImageObject","inLanguage":"fr-FR","@id":"https:\/\/tourtravelandmore.com\/fr\/tours\/italie-fr\/genoa-fr\/toutes-les-visites-privees-activites\/visite-privee-de-chiavari\/#primaryimage","url":"https:\/\/tourtravelandmore.com\/wp-content\/uploads\/2022\/06\/image3-11.jpg","contentUrl":"https:\/\/tourtravelandmore.com\/wp-content\/uploads\/2022\/06\/image3-11.jpg","width":900,"height":700},{"@type":"BreadcrumbList","@id":"https:\/\/tourtravelandmore.com\/fr\/tours\/italie-fr\/genoa-fr\/toutes-les-visites-privees-activites\/visite-privee-de-chiavari\/#breadcrumb","itemListElement":[{"@type":"ListItem","position":1,"name":"Home","item":"https:\/\/tourtravelandmore.com\/fr\/"},{"@type":"ListItem","position":2,"name":"Tours","item":"https:\/\/tourtravelandmore.com\/fr\/tours\/"},{"@type":"ListItem","position":3,"name":"Visite Priv\u00e9e de Chiavari, un joyau cach\u00e9 &#8211; Excursion d&#8217;une demi-journ\u00e9e"}]},{"@type":"WebSite","@id":"https:\/\/tourtravelandmore.com\/fr\/#website","url":"https:\/\/tourtravelandmore.com\/fr\/","name":"Tour Travel And More","description":"Private sightseeing tours and luxury transfers in Spain","publisher":{"@id":"https:\/\/tourtravelandmore.com\/fr\/#organization"},"potentialAction":[{"@type":"SearchAction","target":{"@type":"EntryPoint","urlTemplate":"https:\/\/tourtravelandmore.com\/fr\/?s={search_term_string}"},"query-input":{"@type":"PropertyValueSpecification","valueRequired":true,"valueName":"search_term_string"}}],"inLanguage":"fr-FR"},{"@type":"Organization","@id":"https:\/\/tourtravelandmore.com\/fr\/#organization","name":"Tour Travel And More","url":"https:\/\/tourtravelandmore.com\/fr\/","logo":{"@type":"ImageObject","inLanguage":"fr-FR","@id":"https:\/\/tourtravelandmore.com\/fr\/#\/schema\/logo\/image\/","url":"https:\/\/tourtravelandmore.com\/wp-content\/uploads\/2022\/12\/cropped-logo-cabecera-new.png","contentUrl":"https:\/\/tourtravelandmore.com\/wp-content\/uploads\/2022\/12\/cropped-logo-cabecera-new.png","width":430,"height":61,"caption":"Tour Travel And More"},"image":{"@id":"https:\/\/tourtravelandmore.com\/fr\/#\/schema\/logo\/image\/"},"sameAs":["https:\/\/www.facebook.com\/tourtravelandmore\/","https:\/\/x.com\/TourTravel_More"]}]}},"_links":{"self":[{"href":"https:\/\/tourtravelandmore.com\/fr\/wp-json\/wp\/v2\/product\/129896","targetHints":{"allow":["GET"]}}],"collection":[{"href":"https:\/\/tourtravelandmore.com\/fr\/wp-json\/wp\/v2\/product"}],"about":[{"href":"https:\/\/tourtravelandmore.com\/fr\/wp-json\/wp\/v2\/types\/product"}],"replies":[{"embeddable":true,"href":"https:\/\/tourtravelandmore.com\/fr\/wp-json\/wp\/v2\/comments?post=129896"}],"wp:featuredmedia":[{"embeddable":true,"href":"https:\/\/tourtravelandmore.com\/fr\/wp-json\/wp\/v2\/media\/129914"}],"wp:attachment":[{"href":"https:\/\/tourtravelandmore.com\/fr\/wp-json\/wp\/v2\/media?parent=129896"}],"wp:term":[{"taxonomy":"product_brand","embeddable":true,"href":"https:\/\/tourtravelandmore.com\/fr\/wp-json\/wp\/v2\/product_brand?post=129896"},{"taxonomy":"product_cat","embeddable":true,"href":"https:\/\/tourtravelandmore.com\/fr\/wp-json\/wp\/v2\/product_cat?post=129896"},{"taxonomy":"product_tag","embeddable":true,"href":"https:\/\/tourtravelandmore.com\/fr\/wp-json\/wp\/v2\/product_tag?post=129896"}],"curies":[{"name":"wp","href":"https:\/\/api.w.org\/{rel}","templated":true}]}}