{"id":129465,"date":"2022-06-21T17:15:57","date_gmt":"2022-06-21T15:16:09","guid":{"rendered":"https:\/\/tourtravelandmore.com\/?post_type=product&#038;p=129465"},"modified":"2025-02-17T15:54:37","modified_gmt":"2025-02-17T14:54:37","slug":"visite-privee-le-meilleur-de-genes-et-portofino","status":"publish","type":"product","link":"https:\/\/tourtravelandmore.com\/fr\/tours\/italie-fr\/genoa-fr\/toutes-les-visites-privees-activites\/visite-privee-le-meilleur-de-genes-et-portofino\/","title":{"rendered":"Visite priv\u00e9e Le meilleur de G\u00eanes et Portofino"},"content":{"rendered":"<h2><b>Description de la grande visite priv\u00e9e : D\u00e9couvrez le myst\u00e8re de G\u00eanes et de Portofino<\/b><\/h2>\n<p>Entrez dans les contes romantiques de G\u00eanes et le paysage de r\u00eave captivant de Portofino avec notre visite priv\u00e9e m\u00e9ticuleusement con\u00e7ue, destin\u00e9e \u00e0 ceux qui aspirent \u00e0 plus que l&#8217;ordinaire. Ce voyage transcende les fronti\u00e8res traditionnelles, promettant non seulement un festin visuel, mais une symphonie d&#8217;exp\u00e9riences qui r\u00e9sonnent dans le c\u0153ur et l&#8217;\u00e2me. Plus qu&#8217;une simple visite touristique, c&#8217;est un voyage \u00e9vocateur \u00e0 travers le temps, une danse intime avec l&#8217;histoire et une \u00e9treinte \u00e9mouvante avec les plus magnifiques offrandes de la nature.<\/p>\n<p>G\u00eanes, la grande r\u00e9publique maritime, vous invite \u00e0 d\u00e9couvrir ses nombreux secrets. Laissez-vous envo\u00fbter par l&#8217;aquarium de G\u00eanes, un t\u00e9moignage \u00e9poustouflant des merveilles marines, fier d&#8217;\u00eatre le conservatoire oc\u00e9anique sans \u00e9gal en Europe.<\/p>\n<p>Et juste au moment o\u00f9 vous pensez que votre c\u0153ur est combl\u00e9, nous rehaussons l&#8217;exp\u00e9rience. Votre voyage commence par une touche personnelle, \u00e9l\u00e9gante et sans h\u00e2te. Notre guide chevronn\u00e9, un expert passionn\u00e9 par sa patrie, accompagn\u00e9 d&#8217;un chauffeur professionnel, vous accueille chaleureusement, que ce soit \u00e0 un site embl\u00e9matique de G\u00eanes ou \u00e0 la porte de votre h\u00e9bergement. Ensemble, ils sont pr\u00eats \u00e0 vous emmener dans un voyage inoubliable \u00e0 travers les joyaux c\u00f4tiers les plus pr\u00e9cieux d&#8217;Italie.<\/p>\n<h2><b>La magnificence d\u00e9voil\u00e9e : une plong\u00e9e dans G\u00eanes et Portofino<\/b><\/h2>\n<p>G\u00eanes n&#8217;est pas seulement un t\u00e9moignage de l&#8217;antiquit\u00e9 italienne, c&#8217;est aussi une tapisserie vivante de cultures diverses, d&#8217;art d&#8217;\u00e9poque et de prouesses monumentales de l&#8217;architecture historique. Reconnue comme site du patrimoine mondial de l&#8217;UNESCO, sa vieille ville s&#8217;apparente \u00e0 un mus\u00e9e \u00e0 ciel ouvert, chaque rue et chaque place faisant \u00e9cho \u00e0 des r\u00e9cits d&#8217;une \u00e9poque r\u00e9volue.<\/p>\n<p>Portofino, quant \u00e0 elle, est un chef-d&#8217;\u0153uvre de la nature. Au-del\u00e0 de sa renomm\u00e9e de village de p\u00eacheurs pittoresque, c&#8217;est une harmonie de teintes vibrantes, qui se refl\u00e8tent dans les eaux cristallines de la M\u00e9diterran\u00e9e. Ses rues pav\u00e9es, bord\u00e9es de boutiques d&#8217;artisans, m\u00e8nent \u00e0 des points de vue verdoyants, tandis que l&#8217;odeur des sp\u00e9cialit\u00e9s italiennes fra\u00eechement pr\u00e9par\u00e9es se d\u00e9gage des caf\u00e9s pittoresques et des restaurants de luxe, vous invitant \u00e0 vous faire plaisir.<\/p>\n<p>Pour vous immerger v\u00e9ritablement dans l&#8217;essence de ces deux lieux embl\u00e9matiques, notre visite priv\u00e9e vous propose une exp\u00e9rience sur mesure, tissant ensemble l&#8217;histoire, la culture et une beaut\u00e9 in\u00e9gal\u00e9e.<\/p>\n<p><b><strong>Votre guide expert vous fera d\u00e9couvrir :<\/strong><\/b><\/p>\n<ol>\n<li>Le port de <b>Portofino et la Piazzetta<\/b> :\n<ul>\n<li>Le port de Portofino est un croissant pittoresque de b\u00e2timents color\u00e9s bord\u00e9s de boutiques haut de gamme et de restaurants de fruits de mer. Ancr\u00e9e pr\u00e8s de la Piazzetta anim\u00e9e, cette marina offre une exp\u00e9rience typique de la Riviera italienne. En vous promenant, vous verrez des yachts de luxe amarr\u00e9s et vous apercevrez peut-\u00eatre m\u00eame quelques c\u00e9l\u00e9brit\u00e9s.<\/li>\n<\/ul>\n<\/li>\n<li><b>Castello Brown<\/b> :\n<ul>\n<li>Situ\u00e9 au sommet d&#8217;une colline, le Castello Brown offre une vue panoramique sur la mer Ligure et Portofino. Ce ch\u00e2teau historique transform\u00e9 en mus\u00e9e pr\u00e9sente un m\u00e9lange d&#8217;objets, de magnifiques jardins et une histoire captivante.<\/li>\n<\/ul>\n<\/li>\n<\/ol>\n<p><b><strong>G\u00eanes :<\/strong><\/b><\/p>\n<ol>\n<li><b>Lanterna di Genova (phare de G\u00eanes) :<\/b> D\u00e9couvrez l&#8217;embl\u00e9matique Lanterna di Genova, le phare historique de G\u00eanes et symbole de la ville. Du haut de son impressionnante hauteur, il offre aux visiteurs une vue imprenable sur le port et le paysage urbain. Le phare abrite \u00e9galement un mus\u00e9e consacr\u00e9 \u00e0 son histoire et au patrimoine maritime de G\u00eanes, offrant un aper\u00e7u unique du lien historique de la ville avec la mer.<\/li>\n<li><b>Via Garibaldi et les Palazzi dei Rolli<\/b> :\n<ul>\n<li>Ce site class\u00e9 au patrimoine mondial de l&#8217;UNESCO, au c\u0153ur de G\u00eanes, t\u00e9moigne de la richesse historique et des prouesses architecturales de la ville. Bord\u00e9e de magnifiques palais de la Renaissance, la Via Garibaldi vous offre un voyage dans le pass\u00e9. Les Palazzi dei Rolli, une s\u00e9rie de palais situ\u00e9s dans cette rue, \u00e9taient autrefois les demeures des familles les plus influentes de G\u00eanes.<\/li>\n<\/ul>\n<\/li>\n<\/ol>\n<p>Alors que le soleil jette sa teinte dor\u00e9e, signalant la fin de la journ\u00e9e, votre chauffeur d\u00e9vou\u00e9 et votre guide \u00e9rudit assurent votre retour confortable \u00e0 G\u00eanes. Pour ceux qui souhaitent une essence de luxe associ\u00e9e \u00e0 la libert\u00e9, nous proposons \u00e9galement la visite avec uniquement un v\u00e9hicule priv\u00e9 de luxe et notre chauffeur qualifi\u00e9. Pour vous familiariser davantage avec l&#8217;illustre tapisserie de G\u00eanes et ses offres vari\u00e9es, <a href=\"https:\/\/tourtravelandmore.com\/fr\/city\/italie-fr\/genoa-fr\/\">notre vaste gamme de visites priv\u00e9es, adapt\u00e9es aux voyageurs exigeants, n&#8217;est qu&#8217;\u00e0 un coup d&#8217;\u0153il.<\/a><\/p>\n","protected":false},"excerpt":{"rendered":"<p><span style=\"font-weight: 400;\">D\u00e9couvrez l&#8217;\u00e9tonnante ville de G\u00eanes et la magnifique c\u00f4te de Porto Fino lors de cette visite priv\u00e9e. Votre guide professionnel vous fera d\u00e9couvrir les principaux sites touristiques, notamment l&#8217;aquarium de G\u00eanes, le plus grand d&#8217;Europe, le palais des Doges, un magnifique palais qui abritait autrefois le doge de G\u00eanes, et la cath\u00e9drale de San Lorenzo, l&#8217;une des \u00e9glises les plus importantes de la ville.<\/span><\/p>\n","protected":false},"featured_media":129486,"comment_status":"open","ping_status":"closed","template":"","meta":{"_acf_changed":false},"product_brand":[],"product_cat":[4456,4455,4454,4457,3696],"product_tag":[],"class_list":{"0":"post-129465","1":"product","2":"type-product","3":"status-publish","4":"has-post-thumbnail","6":"product_cat-excursions-a-terre-privees","7":"product_cat-excursions-privees-dune-journee-fr-2","8":"product_cat-toutes-les-visites-privees-activites","9":"product_cat-visites-guidees-privees-fr-5","10":"product_cat-genoa-fr","12":"first","13":"instock","14":"shipping-taxable","15":"purchasable","16":"product-type-simple"},"acf":[],"yoast_head":"<!-- This site is optimized with the Yoast SEO Premium plugin v25.3.1 (Yoast SEO v25.3.1) - https:\/\/yoast.com\/wordpress\/plugins\/seo\/ -->\n<title>\u27a1\ufe0f Private Tour The Best of Genoa and Porto Fino | Tour Travel &amp; More<\/title>\n<meta name=\"description\" content=\"Visite priv\u00e9e Le meilleur de G\u00eanes et Porto Fino avec guide et v\u00e9hicule de luxe priv\u00e9. D\u00e9couvrez la ville de G\u00eanes et le charmant village de Porto Fino lors de cette visite de 8 heures \u2705\" \/>\n<meta name=\"robots\" content=\"index, follow, max-snippet:-1, max-image-preview:large, max-video-preview:-1\" \/>\n<link rel=\"canonical\" href=\"https:\/\/tourtravelandmore.com\/fr\/tours\/italie-fr\/genoa-fr\/toutes-les-visites-privees-activites\/visite-privee-le-meilleur-de-genes-et-portofino\/\" \/>\n<meta property=\"og:locale\" content=\"fr_FR\" \/>\n<meta property=\"og:type\" content=\"article\" \/>\n<meta property=\"og:title\" content=\"Visite priv\u00e9e Le meilleur de G\u00eanes et Portofino\" \/>\n<meta property=\"og:description\" content=\"Visite priv\u00e9e Le meilleur de G\u00eanes et Porto Fino avec guide et v\u00e9hicule de luxe priv\u00e9. D\u00e9couvrez la ville de G\u00eanes et le charmant village de Porto Fino lors de cette visite de 8 heures \u2705\" \/>\n<meta property=\"og:url\" content=\"https:\/\/tourtravelandmore.com\/fr\/tours\/italie-fr\/genoa-fr\/toutes-les-visites-privees-activites\/visite-privee-le-meilleur-de-genes-et-portofino\/\" \/>\n<meta property=\"og:site_name\" content=\"Tour Travel And More\" \/>\n<meta property=\"article:publisher\" content=\"https:\/\/www.facebook.com\/tourtravelandmore\/\" \/>\n<meta property=\"article:modified_time\" content=\"2025-02-17T14:54:37+00:00\" \/>\n<meta property=\"og:image\" content=\"https:\/\/tourtravelandmore.com\/wp-content\/uploads\/2022\/06\/image3-9.jpg\" \/>\n\t<meta property=\"og:image:width\" content=\"900\" \/>\n\t<meta property=\"og:image:height\" content=\"700\" \/>\n\t<meta property=\"og:image:type\" content=\"image\/jpeg\" \/>\n<meta name=\"twitter:card\" content=\"summary_large_image\" \/>\n<meta name=\"twitter:site\" content=\"@TourTravel_More\" \/>\n<meta name=\"twitter:label1\" content=\"Dur\u00e9e de lecture estim\u00e9e\" \/>\n\t<meta name=\"twitter:data1\" content=\"4 minutes\" \/>\n<script type=\"application\/ld+json\" class=\"yoast-schema-graph\">{\"@context\":\"https:\/\/schema.org\",\"@graph\":[{\"@type\":\"WebPage\",\"@id\":\"https:\/\/tourtravelandmore.com\/fr\/tours\/italie-fr\/genoa-fr\/toutes-les-visites-privees-activites\/visite-privee-le-meilleur-de-genes-et-portofino\/\",\"url\":\"https:\/\/tourtravelandmore.com\/fr\/tours\/italie-fr\/genoa-fr\/toutes-les-visites-privees-activites\/visite-privee-le-meilleur-de-genes-et-portofino\/\",\"name\":\"\u27a1\ufe0f Private Tour The Best of Genoa and Porto Fino | Tour Travel & More\",\"isPartOf\":{\"@id\":\"https:\/\/tourtravelandmore.com\/fr\/#website\"},\"primaryImageOfPage\":{\"@id\":\"https:\/\/tourtravelandmore.com\/fr\/tours\/italie-fr\/genoa-fr\/toutes-les-visites-privees-activites\/visite-privee-le-meilleur-de-genes-et-portofino\/#primaryimage\"},\"image\":{\"@id\":\"https:\/\/tourtravelandmore.com\/fr\/tours\/italie-fr\/genoa-fr\/toutes-les-visites-privees-activites\/visite-privee-le-meilleur-de-genes-et-portofino\/#primaryimage\"},\"thumbnailUrl\":\"https:\/\/tourtravelandmore.com\/wp-content\/uploads\/2022\/06\/image3-9.jpg\",\"datePublished\":\"2022-06-21T15:16:09+00:00\",\"dateModified\":\"2025-02-17T14:54:37+00:00\",\"description\":\"Visite priv\u00e9e Le meilleur de G\u00eanes et Porto Fino avec guide et v\u00e9hicule de luxe priv\u00e9. D\u00e9couvrez la ville de G\u00eanes et le charmant village de Porto Fino lors de cette visite de 8 heures \u2705\",\"breadcrumb\":{\"@id\":\"https:\/\/tourtravelandmore.com\/fr\/tours\/italie-fr\/genoa-fr\/toutes-les-visites-privees-activites\/visite-privee-le-meilleur-de-genes-et-portofino\/#breadcrumb\"},\"inLanguage\":\"fr-FR\",\"potentialAction\":[{\"@type\":\"ReadAction\",\"target\":[\"https:\/\/tourtravelandmore.com\/fr\/tours\/italie-fr\/genoa-fr\/toutes-les-visites-privees-activites\/visite-privee-le-meilleur-de-genes-et-portofino\/\"]}]},{\"@type\":\"ImageObject\",\"inLanguage\":\"fr-FR\",\"@id\":\"https:\/\/tourtravelandmore.com\/fr\/tours\/italie-fr\/genoa-fr\/toutes-les-visites-privees-activites\/visite-privee-le-meilleur-de-genes-et-portofino\/#primaryimage\",\"url\":\"https:\/\/tourtravelandmore.com\/wp-content\/uploads\/2022\/06\/image3-9.jpg\",\"contentUrl\":\"https:\/\/tourtravelandmore.com\/wp-content\/uploads\/2022\/06\/image3-9.jpg\",\"width\":900,\"height\":700},{\"@type\":\"BreadcrumbList\",\"@id\":\"https:\/\/tourtravelandmore.com\/fr\/tours\/italie-fr\/genoa-fr\/toutes-les-visites-privees-activites\/visite-privee-le-meilleur-de-genes-et-portofino\/#breadcrumb\",\"itemListElement\":[{\"@type\":\"ListItem\",\"position\":1,\"name\":\"Home\",\"item\":\"https:\/\/tourtravelandmore.com\/fr\/\"},{\"@type\":\"ListItem\",\"position\":2,\"name\":\"Tours\",\"item\":\"https:\/\/tourtravelandmore.com\/fr\/tours\/\"},{\"@type\":\"ListItem\",\"position\":3,\"name\":\"Visite priv\u00e9e Le meilleur de G\u00eanes et Portofino\"}]},{\"@type\":\"WebSite\",\"@id\":\"https:\/\/tourtravelandmore.com\/fr\/#website\",\"url\":\"https:\/\/tourtravelandmore.com\/fr\/\",\"name\":\"Tour Travel And More\",\"description\":\"Private sightseeing tours and luxury transfers in Spain\",\"publisher\":{\"@id\":\"https:\/\/tourtravelandmore.com\/fr\/#organization\"},\"potentialAction\":[{\"@type\":\"SearchAction\",\"target\":{\"@type\":\"EntryPoint\",\"urlTemplate\":\"https:\/\/tourtravelandmore.com\/fr\/?s={search_term_string}\"},\"query-input\":{\"@type\":\"PropertyValueSpecification\",\"valueRequired\":true,\"valueName\":\"search_term_string\"}}],\"inLanguage\":\"fr-FR\"},{\"@type\":\"Organization\",\"@id\":\"https:\/\/tourtravelandmore.com\/fr\/#organization\",\"name\":\"Tour Travel And More\",\"url\":\"https:\/\/tourtravelandmore.com\/fr\/\",\"logo\":{\"@type\":\"ImageObject\",\"inLanguage\":\"fr-FR\",\"@id\":\"https:\/\/tourtravelandmore.com\/fr\/#\/schema\/logo\/image\/\",\"url\":\"https:\/\/tourtravelandmore.com\/wp-content\/uploads\/2022\/12\/cropped-logo-cabecera-new.png\",\"contentUrl\":\"https:\/\/tourtravelandmore.com\/wp-content\/uploads\/2022\/12\/cropped-logo-cabecera-new.png\",\"width\":430,\"height\":61,\"caption\":\"Tour Travel And More\"},\"image\":{\"@id\":\"https:\/\/tourtravelandmore.com\/fr\/#\/schema\/logo\/image\/\"},\"sameAs\":[\"https:\/\/www.facebook.com\/tourtravelandmore\/\",\"https:\/\/x.com\/TourTravel_More\"]}]}<\/script>\n<!-- \/ Yoast SEO Premium plugin. -->","yoast_head_json":{"title":"\u27a1\ufe0f Private Tour The Best of Genoa and Porto Fino | Tour Travel & More","description":"Visite priv\u00e9e Le meilleur de G\u00eanes et Porto Fino avec guide et v\u00e9hicule de luxe priv\u00e9. D\u00e9couvrez la ville de G\u00eanes et le charmant village de Porto Fino lors de cette visite de 8 heures \u2705","robots":{"index":"index","follow":"follow","max-snippet":"max-snippet:-1","max-image-preview":"max-image-preview:large","max-video-preview":"max-video-preview:-1"},"canonical":"https:\/\/tourtravelandmore.com\/fr\/tours\/italie-fr\/genoa-fr\/toutes-les-visites-privees-activites\/visite-privee-le-meilleur-de-genes-et-portofino\/","og_locale":"fr_FR","og_type":"article","og_title":"Visite priv\u00e9e Le meilleur de G\u00eanes et Portofino","og_description":"Visite priv\u00e9e Le meilleur de G\u00eanes et Porto Fino avec guide et v\u00e9hicule de luxe priv\u00e9. D\u00e9couvrez la ville de G\u00eanes et le charmant village de Porto Fino lors de cette visite de 8 heures \u2705","og_url":"https:\/\/tourtravelandmore.com\/fr\/tours\/italie-fr\/genoa-fr\/toutes-les-visites-privees-activites\/visite-privee-le-meilleur-de-genes-et-portofino\/","og_site_name":"Tour Travel And More","article_publisher":"https:\/\/www.facebook.com\/tourtravelandmore\/","article_modified_time":"2025-02-17T14:54:37+00:00","og_image":[{"width":900,"height":700,"url":"https:\/\/tourtravelandmore.com\/wp-content\/uploads\/2022\/06\/image3-9.jpg","type":"image\/jpeg"}],"twitter_card":"summary_large_image","twitter_site":"@TourTravel_More","twitter_misc":{"Dur\u00e9e de lecture estim\u00e9e":"4 minutes"},"schema":{"@context":"https:\/\/schema.org","@graph":[{"@type":"WebPage","@id":"https:\/\/tourtravelandmore.com\/fr\/tours\/italie-fr\/genoa-fr\/toutes-les-visites-privees-activites\/visite-privee-le-meilleur-de-genes-et-portofino\/","url":"https:\/\/tourtravelandmore.com\/fr\/tours\/italie-fr\/genoa-fr\/toutes-les-visites-privees-activites\/visite-privee-le-meilleur-de-genes-et-portofino\/","name":"\u27a1\ufe0f Private Tour The Best of Genoa and Porto Fino | Tour Travel & More","isPartOf":{"@id":"https:\/\/tourtravelandmore.com\/fr\/#website"},"primaryImageOfPage":{"@id":"https:\/\/tourtravelandmore.com\/fr\/tours\/italie-fr\/genoa-fr\/toutes-les-visites-privees-activites\/visite-privee-le-meilleur-de-genes-et-portofino\/#primaryimage"},"image":{"@id":"https:\/\/tourtravelandmore.com\/fr\/tours\/italie-fr\/genoa-fr\/toutes-les-visites-privees-activites\/visite-privee-le-meilleur-de-genes-et-portofino\/#primaryimage"},"thumbnailUrl":"https:\/\/tourtravelandmore.com\/wp-content\/uploads\/2022\/06\/image3-9.jpg","datePublished":"2022-06-21T15:16:09+00:00","dateModified":"2025-02-17T14:54:37+00:00","description":"Visite priv\u00e9e Le meilleur de G\u00eanes et Porto Fino avec guide et v\u00e9hicule de luxe priv\u00e9. D\u00e9couvrez la ville de G\u00eanes et le charmant village de Porto Fino lors de cette visite de 8 heures \u2705","breadcrumb":{"@id":"https:\/\/tourtravelandmore.com\/fr\/tours\/italie-fr\/genoa-fr\/toutes-les-visites-privees-activites\/visite-privee-le-meilleur-de-genes-et-portofino\/#breadcrumb"},"inLanguage":"fr-FR","potentialAction":[{"@type":"ReadAction","target":["https:\/\/tourtravelandmore.com\/fr\/tours\/italie-fr\/genoa-fr\/toutes-les-visites-privees-activites\/visite-privee-le-meilleur-de-genes-et-portofino\/"]}]},{"@type":"ImageObject","inLanguage":"fr-FR","@id":"https:\/\/tourtravelandmore.com\/fr\/tours\/italie-fr\/genoa-fr\/toutes-les-visites-privees-activites\/visite-privee-le-meilleur-de-genes-et-portofino\/#primaryimage","url":"https:\/\/tourtravelandmore.com\/wp-content\/uploads\/2022\/06\/image3-9.jpg","contentUrl":"https:\/\/tourtravelandmore.com\/wp-content\/uploads\/2022\/06\/image3-9.jpg","width":900,"height":700},{"@type":"BreadcrumbList","@id":"https:\/\/tourtravelandmore.com\/fr\/tours\/italie-fr\/genoa-fr\/toutes-les-visites-privees-activites\/visite-privee-le-meilleur-de-genes-et-portofino\/#breadcrumb","itemListElement":[{"@type":"ListItem","position":1,"name":"Home","item":"https:\/\/tourtravelandmore.com\/fr\/"},{"@type":"ListItem","position":2,"name":"Tours","item":"https:\/\/tourtravelandmore.com\/fr\/tours\/"},{"@type":"ListItem","position":3,"name":"Visite priv\u00e9e Le meilleur de G\u00eanes et Portofino"}]},{"@type":"WebSite","@id":"https:\/\/tourtravelandmore.com\/fr\/#website","url":"https:\/\/tourtravelandmore.com\/fr\/","name":"Tour Travel And More","description":"Private sightseeing tours and luxury transfers in Spain","publisher":{"@id":"https:\/\/tourtravelandmore.com\/fr\/#organization"},"potentialAction":[{"@type":"SearchAction","target":{"@type":"EntryPoint","urlTemplate":"https:\/\/tourtravelandmore.com\/fr\/?s={search_term_string}"},"query-input":{"@type":"PropertyValueSpecification","valueRequired":true,"valueName":"search_term_string"}}],"inLanguage":"fr-FR"},{"@type":"Organization","@id":"https:\/\/tourtravelandmore.com\/fr\/#organization","name":"Tour Travel And More","url":"https:\/\/tourtravelandmore.com\/fr\/","logo":{"@type":"ImageObject","inLanguage":"fr-FR","@id":"https:\/\/tourtravelandmore.com\/fr\/#\/schema\/logo\/image\/","url":"https:\/\/tourtravelandmore.com\/wp-content\/uploads\/2022\/12\/cropped-logo-cabecera-new.png","contentUrl":"https:\/\/tourtravelandmore.com\/wp-content\/uploads\/2022\/12\/cropped-logo-cabecera-new.png","width":430,"height":61,"caption":"Tour Travel And More"},"image":{"@id":"https:\/\/tourtravelandmore.com\/fr\/#\/schema\/logo\/image\/"},"sameAs":["https:\/\/www.facebook.com\/tourtravelandmore\/","https:\/\/x.com\/TourTravel_More"]}]}},"_links":{"self":[{"href":"https:\/\/tourtravelandmore.com\/fr\/wp-json\/wp\/v2\/product\/129465","targetHints":{"allow":["GET"]}}],"collection":[{"href":"https:\/\/tourtravelandmore.com\/fr\/wp-json\/wp\/v2\/product"}],"about":[{"href":"https:\/\/tourtravelandmore.com\/fr\/wp-json\/wp\/v2\/types\/product"}],"replies":[{"embeddable":true,"href":"https:\/\/tourtravelandmore.com\/fr\/wp-json\/wp\/v2\/comments?post=129465"}],"wp:featuredmedia":[{"embeddable":true,"href":"https:\/\/tourtravelandmore.com\/fr\/wp-json\/wp\/v2\/media\/129486"}],"wp:attachment":[{"href":"https:\/\/tourtravelandmore.com\/fr\/wp-json\/wp\/v2\/media?parent=129465"}],"wp:term":[{"taxonomy":"product_brand","embeddable":true,"href":"https:\/\/tourtravelandmore.com\/fr\/wp-json\/wp\/v2\/product_brand?post=129465"},{"taxonomy":"product_cat","embeddable":true,"href":"https:\/\/tourtravelandmore.com\/fr\/wp-json\/wp\/v2\/product_cat?post=129465"},{"taxonomy":"product_tag","embeddable":true,"href":"https:\/\/tourtravelandmore.com\/fr\/wp-json\/wp\/v2\/product_tag?post=129465"}],"curies":[{"name":"wp","href":"https:\/\/api.w.org\/{rel}","templated":true}]}}