{"id":129212,"date":"2022-06-18T12:33:57","date_gmt":"2022-06-18T10:34:06","guid":{"rendered":"https:\/\/tourtravelandmore.com\/?post_type=product&#038;p=129212"},"modified":"2025-02-21T18:58:49","modified_gmt":"2025-02-21T17:58:49","slug":"visite-privee-de-pompei-et-du-vesuve-depuis-sorrento","status":"publish","type":"product","link":"https:\/\/tourtravelandmore.com\/fr\/tours\/italie-fr\/sorrento-fr\/tous-les-circuits-et-activites-prives-fr-2\/visite-privee-de-pompei-et-du-vesuve-depuis-sorrento\/","title":{"rendered":"Visite priv\u00e9e de Pomp\u00e9i et du V\u00e9suve depuis Sorrento"},"content":{"rendered":"<h2><b>Description de l&#8217;excursion priv\u00e9e \u00e0 Pomp\u00e9i et au V\u00e9suve depuis Sorrente<\/b><\/h2>\n<p><span style=\"font-weight: 400;\">D\u00e9couvrez l&#8217;attrait de l&#8217;antiquit\u00e9 et la puissance de la nature lors de cette visite priv\u00e9e exclusive de 8 heures \u00e0 Pomp\u00e9i et au V\u00e9suve au d\u00e9part de Sorrente. Cette excursion offre un m\u00e9lange unique d&#8217;exploration historique et d&#8217;\u00e9merveillement naturel. Vous serez transport\u00e9 confortablement depuis Sorrente dans un v\u00e9hicule priv\u00e9, accompagn\u00e9 d&#8217;un guide expert. Le voyage commence par l&#8217;ancienne ville de Pomp\u00e9i, o\u00f9 vous remonterez le temps en marchant dans des rues fig\u00e9es dans l&#8217;histoire.<\/span><\/p>\n<p><span style=\"font-weight: 400;\">Vous serez t\u00e9moin de l&#8217;\u00e9tonnante pr\u00e9servation de la vie romaine sous les cendres du V\u00e9suve. Votre guide vous expliquera le pass\u00e9 de la ville, son architecture et le jour fatidique de l&#8217;\u00e9ruption. L&#8217;excursion se poursuit par l&#8217;ascension du sommet du V\u00e9suve. Pendant que vous marchez sur le chemin menant au crat\u00e8re, le guide vous donnera des informations sur la g\u00e9ologie du volcan et son impact sur la r\u00e9gion. Les vues panoramiques depuis le sommet sont in\u00e9gal\u00e9es, offrant une vue sur la baie de Naples et la campagne environnante.<\/span><\/p>\n<p><span style=\"font-weight: 400;\">Lors de cette excursion priv\u00e9e \u00e0 Pomp\u00e9i et au V\u00e9suve au d\u00e9part de Sorrente, vous vous immergerez dans un tableau vivant de l&#8217;histoire et de la nature. Les ruines de Pomp\u00e9i offrent un aper\u00e7u d&#8217;une beaut\u00e9 envo\u00fbtante de la vie romaine antique, o\u00f9 chaque pierre et chaque artefact racontent une histoire. Votre guide, expert en arch\u00e9ologie et en histoire, vous conduira \u00e0 travers les rues pav\u00e9es de Pomp\u00e9i, en \u00e9lucidant les modes de vie, les coutumes et les destins de ses anciens habitants. L&#8217;ascension du V\u00e9suve offre un contraste saisissant, o\u00f9 la puissance brute de la nature s&#8217;exprime pleinement. Le voyage se termine par une vue surr\u00e9aliste du sommet du V\u00e9suve, un moment o\u00f9 le temps semble s&#8217;\u00eatre arr\u00eat\u00e9, vous enveloppant dans la grandeur de l&#8217;histoire et la majest\u00e9 de la nature.<\/span><\/p>\n<h2><b>Points forts de l&#8217;excursion priv\u00e9e \u00e0 Pomp\u00e9i et au V\u00e9suve depuis Sorrente<\/b><\/h2>\n<ul>\n<li style=\"font-weight: 400;\" aria-level=\"1\"><b>Site arch\u00e9ologique de Pomp\u00e9i :<\/b><span style=\"font-weight: 400;\"> Plongez dans l&#8217;histoire extraordinaire des ruines de Pomp\u00e9i. En marchant dans les rues anciennes, votre guide vous fera revivre les derniers jours de la ville, en mettant en lumi\u00e8re les maisons, les march\u00e9s et les espaces publics \u00e0 jamais fig\u00e9s dans le temps par les cendres volcaniques. Vous verrez des fresques, des mosa\u00efques et des objets qui brossent un tableau vivant de la vie romaine.<\/span><\/li>\n<li style=\"font-weight: 400;\" aria-level=\"1\"><b>Mont V\u00e9suve :<\/b><span style=\"font-weight: 400;\"> Faites l&#8217;exp\u00e9rience de l&#8217;ascension du volcan responsable du destin de Pomp\u00e9i. L&#8217;ascension du crat\u00e8re du V\u00e9suve n&#8217;est pas seulement un voyage physique, mais aussi un voyage dans le temps g\u00e9ologique. Du sommet, les vues panoramiques sont incomparables, offrant une perspective \u00e9tonnante de la baie de Naples et du paysage environnant.<\/span><\/li>\n<li style=\"font-weight: 400;\" aria-level=\"1\"><b>Temples anciens et basiliques :<\/b><span style=\"font-weight: 400;\"> Explorez les vestiges des \u00e9difices religieux de Pomp\u00e9i. Ces structures, des grands temples aux basiliques intimes, r\u00e9v\u00e8lent les pratiques religieuses et les croyances des anciens Romains. Votre guide vous expliquera leur signification et le r\u00f4le qu&#8217;elles jouaient dans la soci\u00e9t\u00e9 de Pomp\u00e9i.<\/span><\/li>\n<li style=\"font-weight: 400;\" aria-level=\"1\"><b>Le Forum de Pomp\u00e9i <\/b><span style=\"font-weight: 400;\">: Visitez le c\u0153ur anim\u00e9 de Pomp\u00e9i &#8211; le Forum. Autrefois centre dynamique du commerce, de la politique et des rencontres sociales, ce quartier t\u00e9moigne aujourd&#8217;hui de la grandeur pass\u00e9e de la ville. Promenez-vous dans ce centre historique et imaginez la vie quotidienne de ses anciens habitants.<\/span><\/li>\n<li style=\"font-weight: 400;\" aria-level=\"1\"><b>Thermes :<\/b><span style=\"font-weight: 400;\"> Les thermes romains sont une vitrine de l&#8217;ing\u00e9nierie et de la culture sociale de l&#8217;Antiquit\u00e9. D\u00e9couvrez le syst\u00e8me de chauffage sophistiqu\u00e9 et apprenez les coutumes romaines en mati\u00e8re de bain et de relaxation. Ces thermes offrent un aper\u00e7u fascinant du mode de vie luxueux des Romains.<\/span><\/li>\n<\/ul>\n<p><span style=\"font-weight: 400;\">Embarquez pour un voyage de d\u00e9couverte et d&#8217;aventure avec notre visite priv\u00e9e de Pomp\u00e9i et du V\u00e9suve au d\u00e9part de Sorrente. Cette excursion de 8 heures offre une exploration in\u00e9gal\u00e9e de l&#8217;histoire et de la nature. Promenez-vous dans les ruines pr\u00e9serv\u00e9es de Pomp\u00e9i, admirez les vues panoramiques depuis le crat\u00e8re du V\u00e9suve et plongez dans les temples et basiliques antiques. Accompagn\u00e9 de notre guide expert, vous serez transport\u00e9 dans le temps et vous aurez un aper\u00e7u unique de la vie des Romains. Cette visite ne vous promet pas seulement des sites touristiques, mais aussi un lien profond avec le pass\u00e9. Ne manquez pas cette occasion de d\u00e9couvrir les vestiges impressionnants de l&#8217;histoire et la beaut\u00e9 des paysages embl\u00e9matiques de l&#8217;Italie. <\/span><a href=\"https:\/\/tourtravelandmore.com\/fr\/city\/italie-fr\/sorrento-fr\/\"><span style=\"font-weight: 400;\">Contactez-nous d\u00e8s aujourd&#8217;hui pour r\u00e9server votre visite priv\u00e9e et cr\u00e9er des souvenirs inoubliables.<\/span><\/a><\/p>\n","protected":false},"excerpt":{"rendered":"<p><span style=\"font-weight: 400;\">Embarquez pour un voyage au c\u0153ur de l&#8217;histoire ancienne avec notre excursion priv\u00e9e \u00e0 Pomp\u00e9i et au V\u00e9suve depuis Sorrente. Explorez la ville de Pomp\u00e9i, fig\u00e9e dans le temps, et faites une randonn\u00e9e jusqu&#8217;au sommet de l&#8217;impressionnant V\u00e9suve pour vivre une exp\u00e9rience inoubliable.<\/span><\/p>\n","protected":false},"featured_media":129234,"comment_status":"open","ping_status":"closed","template":"","meta":{"_acf_changed":false},"product_brand":[],"product_cat":[3549,4149,4151,4150,4152],"product_tag":[],"class_list":{"0":"post-129212","1":"product","2":"type-product","3":"status-publish","4":"has-post-thumbnail","6":"product_cat-italie-fr","7":"product_cat-sorrento-fr","8":"product_cat-excursions-privees-a-terre-fr","9":"product_cat-tous-les-circuits-et-activites-prives-fr-2","10":"product_cat-visites-guidees-privees-fr","12":"first","13":"instock","14":"shipping-taxable","15":"purchasable","16":"product-type-simple"},"acf":[],"yoast_head":"<!-- This site is optimized with the Yoast SEO Premium plugin v25.3.1 (Yoast SEO v25.3.1) - https:\/\/yoast.com\/wordpress\/plugins\/seo\/ -->\n<title>\u27a1\ufe0f Visite priv\u00e9e de Pomp\u00e9i et du V\u00e9suve depuis Sorrento | Tour Travel &amp; More<\/title>\n<meta name=\"description\" content=\"R\u00e9servez une visite priv\u00e9e de Pomp\u00e9i et du V\u00e9suve depuis Sorrento. C&#039;est la visite priv\u00e9e parfaite pour une famille ou un petit groupe de personnes \u2705\" \/>\n<meta name=\"robots\" content=\"index, follow, max-snippet:-1, max-image-preview:large, max-video-preview:-1\" \/>\n<link rel=\"canonical\" href=\"https:\/\/tourtravelandmore.com\/fr\/tours\/italie-fr\/sorrento-fr\/tous-les-circuits-et-activites-prives-fr-2\/visite-privee-de-pompei-et-du-vesuve-depuis-sorrento\/\" \/>\n<meta property=\"og:locale\" content=\"fr_FR\" \/>\n<meta property=\"og:type\" content=\"article\" \/>\n<meta property=\"og:title\" content=\"Visite priv\u00e9e de Pomp\u00e9i et du V\u00e9suve depuis Sorrento\" \/>\n<meta property=\"og:description\" content=\"R\u00e9servez une visite priv\u00e9e de Pomp\u00e9i et du V\u00e9suve depuis Sorrento. C&#039;est la visite priv\u00e9e parfaite pour une famille ou un petit groupe de personnes \u2705\" \/>\n<meta property=\"og:url\" content=\"https:\/\/tourtravelandmore.com\/fr\/tours\/italie-fr\/sorrento-fr\/tous-les-circuits-et-activites-prives-fr-2\/visite-privee-de-pompei-et-du-vesuve-depuis-sorrento\/\" \/>\n<meta property=\"og:site_name\" content=\"Tour Travel And More\" \/>\n<meta property=\"article:publisher\" content=\"https:\/\/www.facebook.com\/tourtravelandmore\/\" \/>\n<meta property=\"article:modified_time\" content=\"2025-02-21T17:58:49+00:00\" \/>\n<meta property=\"og:image\" content=\"https:\/\/tourtravelandmore.com\/wp-content\/uploads\/2022\/06\/image4-8.jpg\" \/>\n\t<meta property=\"og:image:width\" content=\"900\" \/>\n\t<meta property=\"og:image:height\" content=\"700\" \/>\n\t<meta property=\"og:image:type\" content=\"image\/jpeg\" \/>\n<meta name=\"twitter:card\" content=\"summary_large_image\" \/>\n<meta name=\"twitter:site\" content=\"@TourTravel_More\" \/>\n<meta name=\"twitter:label1\" content=\"Dur\u00e9e de lecture estim\u00e9e\" \/>\n\t<meta name=\"twitter:data1\" content=\"4 minutes\" \/>\n<script type=\"application\/ld+json\" class=\"yoast-schema-graph\">{\"@context\":\"https:\/\/schema.org\",\"@graph\":[{\"@type\":\"WebPage\",\"@id\":\"https:\/\/tourtravelandmore.com\/fr\/tours\/italie-fr\/sorrento-fr\/tous-les-circuits-et-activites-prives-fr-2\/visite-privee-de-pompei-et-du-vesuve-depuis-sorrento\/\",\"url\":\"https:\/\/tourtravelandmore.com\/fr\/tours\/italie-fr\/sorrento-fr\/tous-les-circuits-et-activites-prives-fr-2\/visite-privee-de-pompei-et-du-vesuve-depuis-sorrento\/\",\"name\":\"\u27a1\ufe0f Visite priv\u00e9e de Pomp\u00e9i et du V\u00e9suve depuis Sorrento | Tour Travel & More\",\"isPartOf\":{\"@id\":\"https:\/\/tourtravelandmore.com\/fr\/#website\"},\"primaryImageOfPage\":{\"@id\":\"https:\/\/tourtravelandmore.com\/fr\/tours\/italie-fr\/sorrento-fr\/tous-les-circuits-et-activites-prives-fr-2\/visite-privee-de-pompei-et-du-vesuve-depuis-sorrento\/#primaryimage\"},\"image\":{\"@id\":\"https:\/\/tourtravelandmore.com\/fr\/tours\/italie-fr\/sorrento-fr\/tous-les-circuits-et-activites-prives-fr-2\/visite-privee-de-pompei-et-du-vesuve-depuis-sorrento\/#primaryimage\"},\"thumbnailUrl\":\"https:\/\/tourtravelandmore.com\/wp-content\/uploads\/2022\/06\/image4-8.jpg\",\"datePublished\":\"2022-06-18T10:34:06+00:00\",\"dateModified\":\"2025-02-21T17:58:49+00:00\",\"description\":\"R\u00e9servez une visite priv\u00e9e de Pomp\u00e9i et du V\u00e9suve depuis Sorrento. C'est la visite priv\u00e9e parfaite pour une famille ou un petit groupe de personnes \u2705\",\"breadcrumb\":{\"@id\":\"https:\/\/tourtravelandmore.com\/fr\/tours\/italie-fr\/sorrento-fr\/tous-les-circuits-et-activites-prives-fr-2\/visite-privee-de-pompei-et-du-vesuve-depuis-sorrento\/#breadcrumb\"},\"inLanguage\":\"fr-FR\",\"potentialAction\":[{\"@type\":\"ReadAction\",\"target\":[\"https:\/\/tourtravelandmore.com\/fr\/tours\/italie-fr\/sorrento-fr\/tous-les-circuits-et-activites-prives-fr-2\/visite-privee-de-pompei-et-du-vesuve-depuis-sorrento\/\"]}]},{\"@type\":\"ImageObject\",\"inLanguage\":\"fr-FR\",\"@id\":\"https:\/\/tourtravelandmore.com\/fr\/tours\/italie-fr\/sorrento-fr\/tous-les-circuits-et-activites-prives-fr-2\/visite-privee-de-pompei-et-du-vesuve-depuis-sorrento\/#primaryimage\",\"url\":\"https:\/\/tourtravelandmore.com\/wp-content\/uploads\/2022\/06\/image4-8.jpg\",\"contentUrl\":\"https:\/\/tourtravelandmore.com\/wp-content\/uploads\/2022\/06\/image4-8.jpg\",\"width\":900,\"height\":700},{\"@type\":\"BreadcrumbList\",\"@id\":\"https:\/\/tourtravelandmore.com\/fr\/tours\/italie-fr\/sorrento-fr\/tous-les-circuits-et-activites-prives-fr-2\/visite-privee-de-pompei-et-du-vesuve-depuis-sorrento\/#breadcrumb\",\"itemListElement\":[{\"@type\":\"ListItem\",\"position\":1,\"name\":\"Home\",\"item\":\"https:\/\/tourtravelandmore.com\/fr\/\"},{\"@type\":\"ListItem\",\"position\":2,\"name\":\"Tours\",\"item\":\"https:\/\/tourtravelandmore.com\/fr\/tours\/\"},{\"@type\":\"ListItem\",\"position\":3,\"name\":\"Visite priv\u00e9e de Pomp\u00e9i et du V\u00e9suve depuis Sorrento\"}]},{\"@type\":\"WebSite\",\"@id\":\"https:\/\/tourtravelandmore.com\/fr\/#website\",\"url\":\"https:\/\/tourtravelandmore.com\/fr\/\",\"name\":\"Tour Travel And More\",\"description\":\"Private sightseeing tours and luxury transfers in Spain\",\"publisher\":{\"@id\":\"https:\/\/tourtravelandmore.com\/fr\/#organization\"},\"potentialAction\":[{\"@type\":\"SearchAction\",\"target\":{\"@type\":\"EntryPoint\",\"urlTemplate\":\"https:\/\/tourtravelandmore.com\/fr\/?s={search_term_string}\"},\"query-input\":{\"@type\":\"PropertyValueSpecification\",\"valueRequired\":true,\"valueName\":\"search_term_string\"}}],\"inLanguage\":\"fr-FR\"},{\"@type\":\"Organization\",\"@id\":\"https:\/\/tourtravelandmore.com\/fr\/#organization\",\"name\":\"Tour Travel And More\",\"url\":\"https:\/\/tourtravelandmore.com\/fr\/\",\"logo\":{\"@type\":\"ImageObject\",\"inLanguage\":\"fr-FR\",\"@id\":\"https:\/\/tourtravelandmore.com\/fr\/#\/schema\/logo\/image\/\",\"url\":\"https:\/\/tourtravelandmore.com\/wp-content\/uploads\/2022\/12\/cropped-logo-cabecera-new.png\",\"contentUrl\":\"https:\/\/tourtravelandmore.com\/wp-content\/uploads\/2022\/12\/cropped-logo-cabecera-new.png\",\"width\":430,\"height\":61,\"caption\":\"Tour Travel And More\"},\"image\":{\"@id\":\"https:\/\/tourtravelandmore.com\/fr\/#\/schema\/logo\/image\/\"},\"sameAs\":[\"https:\/\/www.facebook.com\/tourtravelandmore\/\",\"https:\/\/x.com\/TourTravel_More\"]}]}<\/script>\n<!-- \/ Yoast SEO Premium plugin. -->","yoast_head_json":{"title":"\u27a1\ufe0f Visite priv\u00e9e de Pomp\u00e9i et du V\u00e9suve depuis Sorrento | Tour Travel & More","description":"R\u00e9servez une visite priv\u00e9e de Pomp\u00e9i et du V\u00e9suve depuis Sorrento. C'est la visite priv\u00e9e parfaite pour une famille ou un petit groupe de personnes \u2705","robots":{"index":"index","follow":"follow","max-snippet":"max-snippet:-1","max-image-preview":"max-image-preview:large","max-video-preview":"max-video-preview:-1"},"canonical":"https:\/\/tourtravelandmore.com\/fr\/tours\/italie-fr\/sorrento-fr\/tous-les-circuits-et-activites-prives-fr-2\/visite-privee-de-pompei-et-du-vesuve-depuis-sorrento\/","og_locale":"fr_FR","og_type":"article","og_title":"Visite priv\u00e9e de Pomp\u00e9i et du V\u00e9suve depuis Sorrento","og_description":"R\u00e9servez une visite priv\u00e9e de Pomp\u00e9i et du V\u00e9suve depuis Sorrento. C'est la visite priv\u00e9e parfaite pour une famille ou un petit groupe de personnes \u2705","og_url":"https:\/\/tourtravelandmore.com\/fr\/tours\/italie-fr\/sorrento-fr\/tous-les-circuits-et-activites-prives-fr-2\/visite-privee-de-pompei-et-du-vesuve-depuis-sorrento\/","og_site_name":"Tour Travel And More","article_publisher":"https:\/\/www.facebook.com\/tourtravelandmore\/","article_modified_time":"2025-02-21T17:58:49+00:00","og_image":[{"width":900,"height":700,"url":"https:\/\/tourtravelandmore.com\/wp-content\/uploads\/2022\/06\/image4-8.jpg","type":"image\/jpeg"}],"twitter_card":"summary_large_image","twitter_site":"@TourTravel_More","twitter_misc":{"Dur\u00e9e de lecture estim\u00e9e":"4 minutes"},"schema":{"@context":"https:\/\/schema.org","@graph":[{"@type":"WebPage","@id":"https:\/\/tourtravelandmore.com\/fr\/tours\/italie-fr\/sorrento-fr\/tous-les-circuits-et-activites-prives-fr-2\/visite-privee-de-pompei-et-du-vesuve-depuis-sorrento\/","url":"https:\/\/tourtravelandmore.com\/fr\/tours\/italie-fr\/sorrento-fr\/tous-les-circuits-et-activites-prives-fr-2\/visite-privee-de-pompei-et-du-vesuve-depuis-sorrento\/","name":"\u27a1\ufe0f Visite priv\u00e9e de Pomp\u00e9i et du V\u00e9suve depuis Sorrento | Tour Travel & More","isPartOf":{"@id":"https:\/\/tourtravelandmore.com\/fr\/#website"},"primaryImageOfPage":{"@id":"https:\/\/tourtravelandmore.com\/fr\/tours\/italie-fr\/sorrento-fr\/tous-les-circuits-et-activites-prives-fr-2\/visite-privee-de-pompei-et-du-vesuve-depuis-sorrento\/#primaryimage"},"image":{"@id":"https:\/\/tourtravelandmore.com\/fr\/tours\/italie-fr\/sorrento-fr\/tous-les-circuits-et-activites-prives-fr-2\/visite-privee-de-pompei-et-du-vesuve-depuis-sorrento\/#primaryimage"},"thumbnailUrl":"https:\/\/tourtravelandmore.com\/wp-content\/uploads\/2022\/06\/image4-8.jpg","datePublished":"2022-06-18T10:34:06+00:00","dateModified":"2025-02-21T17:58:49+00:00","description":"R\u00e9servez une visite priv\u00e9e de Pomp\u00e9i et du V\u00e9suve depuis Sorrento. C'est la visite priv\u00e9e parfaite pour une famille ou un petit groupe de personnes \u2705","breadcrumb":{"@id":"https:\/\/tourtravelandmore.com\/fr\/tours\/italie-fr\/sorrento-fr\/tous-les-circuits-et-activites-prives-fr-2\/visite-privee-de-pompei-et-du-vesuve-depuis-sorrento\/#breadcrumb"},"inLanguage":"fr-FR","potentialAction":[{"@type":"ReadAction","target":["https:\/\/tourtravelandmore.com\/fr\/tours\/italie-fr\/sorrento-fr\/tous-les-circuits-et-activites-prives-fr-2\/visite-privee-de-pompei-et-du-vesuve-depuis-sorrento\/"]}]},{"@type":"ImageObject","inLanguage":"fr-FR","@id":"https:\/\/tourtravelandmore.com\/fr\/tours\/italie-fr\/sorrento-fr\/tous-les-circuits-et-activites-prives-fr-2\/visite-privee-de-pompei-et-du-vesuve-depuis-sorrento\/#primaryimage","url":"https:\/\/tourtravelandmore.com\/wp-content\/uploads\/2022\/06\/image4-8.jpg","contentUrl":"https:\/\/tourtravelandmore.com\/wp-content\/uploads\/2022\/06\/image4-8.jpg","width":900,"height":700},{"@type":"BreadcrumbList","@id":"https:\/\/tourtravelandmore.com\/fr\/tours\/italie-fr\/sorrento-fr\/tous-les-circuits-et-activites-prives-fr-2\/visite-privee-de-pompei-et-du-vesuve-depuis-sorrento\/#breadcrumb","itemListElement":[{"@type":"ListItem","position":1,"name":"Home","item":"https:\/\/tourtravelandmore.com\/fr\/"},{"@type":"ListItem","position":2,"name":"Tours","item":"https:\/\/tourtravelandmore.com\/fr\/tours\/"},{"@type":"ListItem","position":3,"name":"Visite priv\u00e9e de Pomp\u00e9i et du V\u00e9suve depuis Sorrento"}]},{"@type":"WebSite","@id":"https:\/\/tourtravelandmore.com\/fr\/#website","url":"https:\/\/tourtravelandmore.com\/fr\/","name":"Tour Travel And More","description":"Private sightseeing tours and luxury transfers in Spain","publisher":{"@id":"https:\/\/tourtravelandmore.com\/fr\/#organization"},"potentialAction":[{"@type":"SearchAction","target":{"@type":"EntryPoint","urlTemplate":"https:\/\/tourtravelandmore.com\/fr\/?s={search_term_string}"},"query-input":{"@type":"PropertyValueSpecification","valueRequired":true,"valueName":"search_term_string"}}],"inLanguage":"fr-FR"},{"@type":"Organization","@id":"https:\/\/tourtravelandmore.com\/fr\/#organization","name":"Tour Travel And More","url":"https:\/\/tourtravelandmore.com\/fr\/","logo":{"@type":"ImageObject","inLanguage":"fr-FR","@id":"https:\/\/tourtravelandmore.com\/fr\/#\/schema\/logo\/image\/","url":"https:\/\/tourtravelandmore.com\/wp-content\/uploads\/2022\/12\/cropped-logo-cabecera-new.png","contentUrl":"https:\/\/tourtravelandmore.com\/wp-content\/uploads\/2022\/12\/cropped-logo-cabecera-new.png","width":430,"height":61,"caption":"Tour Travel And More"},"image":{"@id":"https:\/\/tourtravelandmore.com\/fr\/#\/schema\/logo\/image\/"},"sameAs":["https:\/\/www.facebook.com\/tourtravelandmore\/","https:\/\/x.com\/TourTravel_More"]}]}},"_links":{"self":[{"href":"https:\/\/tourtravelandmore.com\/fr\/wp-json\/wp\/v2\/product\/129212","targetHints":{"allow":["GET"]}}],"collection":[{"href":"https:\/\/tourtravelandmore.com\/fr\/wp-json\/wp\/v2\/product"}],"about":[{"href":"https:\/\/tourtravelandmore.com\/fr\/wp-json\/wp\/v2\/types\/product"}],"replies":[{"embeddable":true,"href":"https:\/\/tourtravelandmore.com\/fr\/wp-json\/wp\/v2\/comments?post=129212"}],"wp:featuredmedia":[{"embeddable":true,"href":"https:\/\/tourtravelandmore.com\/fr\/wp-json\/wp\/v2\/media\/129234"}],"wp:attachment":[{"href":"https:\/\/tourtravelandmore.com\/fr\/wp-json\/wp\/v2\/media?parent=129212"}],"wp:term":[{"taxonomy":"product_brand","embeddable":true,"href":"https:\/\/tourtravelandmore.com\/fr\/wp-json\/wp\/v2\/product_brand?post=129212"},{"taxonomy":"product_cat","embeddable":true,"href":"https:\/\/tourtravelandmore.com\/fr\/wp-json\/wp\/v2\/product_cat?post=129212"},{"taxonomy":"product_tag","embeddable":true,"href":"https:\/\/tourtravelandmore.com\/fr\/wp-json\/wp\/v2\/product_tag?post=129212"}],"curies":[{"name":"wp","href":"https:\/\/api.w.org\/{rel}","templated":true}]}}