{"id":129142,"date":"2022-06-17T18:17:02","date_gmt":"2022-06-17T16:17:09","guid":{"rendered":"https:\/\/tourtravelandmore.com\/?post_type=product&#038;p=129142"},"modified":"2024-01-31T16:01:11","modified_gmt":"2024-01-31T15:01:11","slug":"visite-privee-de-pompei-depuis-sorrente","status":"publish","type":"product","link":"https:\/\/tourtravelandmore.com\/fr\/tours\/italie-fr\/sorrento-fr\/tous-les-circuits-et-activites-prives-fr-2\/visite-privee-de-pompei-depuis-sorrente\/","title":{"rendered":"Visite priv\u00e9e de Pomp\u00e9i depuis Sorrente"},"content":{"rendered":"<h2><b>Visite priv\u00e9e de Pomp\u00e9i au d\u00e9part de Sorrente Description<\/b><\/h2>\n<p><span style=\"font-weight: 400;\">Embarquez pour une luxueuse visite priv\u00e9e de 5 heures \u00e0 Pomp\u00e9i au d\u00e9part de Sorrente, un voyage inoubliable au c\u0153ur de l&#8217;histoire de la Rome antique. Cette excursion exclusive commence par un rendez-vous \u00e0 Sorrente, o\u00f9 un v\u00e9hicule de luxe priv\u00e9 et un chauffeur vous attendent pour vous transporter jusqu&#8217;\u00e0 la ville embl\u00e9matique de Pomp\u00e9i. Au cours de votre voyage, vous vous d\u00e9lecterez de la beaut\u00e9 des paysages de la r\u00e9gion de Campanie, vous immergeant dans la riche tapisserie des paysages italiens.<\/span><\/p>\n<p><span style=\"font-weight: 400;\">\u00c0 votre arriv\u00e9e \u00e0 Pomp\u00e9i, site class\u00e9 au patrimoine mondial de l&#8217;UNESCO, vous serez accueilli par un guide local sp\u00e9cialis\u00e9 pour une visite de deux heures et demie. Le guide vous conduira \u00e0 travers les ruines bien pr\u00e9serv\u00e9es de cette ville antique, ensevelie sous les cendres volcaniques de l&#8217;\u00e9ruption catastrophique du V\u00e9suve. Cette visite permet de d\u00e9couvrir en profondeur la vie quotidienne et la culture des anciens Romains, pr\u00e9serv\u00e9es dans le temps.<\/span><\/p>\n<p><span style=\"font-weight: 400;\">D\u00e9couvrez les c\u00e9l\u00e8bres rues de la ville, ses grandes maisons et ses espaces publics. Les vestiges du Forum, des thermes, de la maison des Vettii et du Lupanare donnent un aper\u00e7u fascinant du pass\u00e9. Votre voyage comprend des aper\u00e7us sp\u00e9ciaux sur l&#8217;art, l&#8217;architecture et l&#8217;histoire de Pomp\u00e9i, ce qui rend l&#8217;exp\u00e9rience \u00e0 la fois \u00e9ducative et engageante.<\/span><\/p>\n<p><span style=\"font-weight: 400;\">Apr\u00e8s avoir explor\u00e9 les profondeurs des ruines de Pomp\u00e9i, d\u00e9tendez-vous pendant que votre chauffeur priv\u00e9 vous ram\u00e8ne \u00e0 Sorrente. Cette visite est id\u00e9ale pour les passionn\u00e9s d&#8217;histoire, les familles et tous ceux qui souhaitent d\u00e9couvrir les merveilles de la Rome antique.<\/span><\/p>\n<h2><b>Points forts de l&#8217;excursion priv\u00e9e \u00e0 Pomp\u00e9i depuis Sorrente<\/b><\/h2>\n<p><span style=\"font-weight: 400;\">Embarquez pour un voyage instructif au c\u0153ur de l&#8217;ancienne civilisation romaine avec notre excursion priv\u00e9e \u00e0 Pomp\u00e9i depuis Sorrente. Cette excursion offre non seulement une occasion unique d&#8217;explorer les ruines bien pr\u00e9serv\u00e9es de Pomp\u00e9i, mais donne \u00e9galement un aper\u00e7u du mode de vie, de l&#8217;architecture et de l&#8217;histoire de cette ville autrefois prosp\u00e8re. Les points forts comprennent des lieux fascinants tels que la maison des Vettii, le Forum anim\u00e9, le grand amphith\u00e9\u00e2tre et la rue principale Via dell&#8217;Abbondanza. D\u00e9couvrez la beaut\u00e9 tragique du jardin des Fugitifs et les profondeurs de la culture romaine \u00e0 travers des sites tels que les sources thermales, le Lupanar et d&#8217;autres lieux importants. Cette visite est un voyage immersif dans le temps, qui fait revivre le pass\u00e9 avec ses histoires vivantes et ses sites remarquables.<\/span><\/p>\n<ul>\n<li style=\"font-weight: 400;\" aria-level=\"1\"><b>Ruines de Pomp\u00e9i :<\/b><span style=\"font-weight: 400;\"> D\u00e9couvrez les secrets de cette ville antique, avec les droits d&#8217;entr\u00e9e inclus pour une exp\u00e9rience sans tracas.<\/span><\/li>\n<li style=\"font-weight: 400;\" aria-level=\"1\"><b>Sources thermales et bains publics :<\/b><span style=\"font-weight: 400;\"> D\u00e9couvrez l&#8217;ing\u00e9nierie romaine avanc\u00e9e et la vie sociale.<\/span><\/li>\n<li style=\"font-weight: 400;\" aria-level=\"1\"><b>Lupanar (maison close) : <\/b><span style=\"font-weight: 400;\">D\u00e9couvrez cet aspect unique de la vie quotidienne romaine.<\/span><\/li>\n<li style=\"font-weight: 400;\" aria-level=\"1\"><b>Maison des Vettii :<\/b><span style=\"font-weight: 400;\"> Explorez cette luxueuse r\u00e9sidence, connue pour ses riches fresques et ses \u0153uvres d&#8217;art complexes, qui offrent une fen\u00eatre sur l&#8217;opulence de la vie pomp\u00e9ienne.<\/span><\/li>\n<li style=\"font-weight: 400;\" aria-level=\"1\"><b>Le Forum : <\/b><span style=\"font-weight: 400;\">Se tenir sur la place principale, centre de la vie politique, religieuse et commerciale de Pomp\u00e9i.<\/span><\/li>\n<li style=\"font-weight: 400;\" aria-level=\"1\"><b>L&#8217;amphith\u00e9\u00e2tre :<\/b><span style=\"font-weight: 400;\"> Visitez l&#8217;un des plus anciens amphith\u00e9\u00e2tres romains encore existants, lieu de rencontres sociales et de jeux de gladiateurs.<\/span><\/li>\n<li style=\"font-weight: 400;\" aria-level=\"1\"><b>Via dell&#8217;Abbondanza <\/b><span style=\"font-weight: 400;\">: Promenade dans la rue principale de la ville, bord\u00e9e de boutiques et de maisons, refl\u00e9tant la vie quotidienne anim\u00e9e de l&#8217;ancienne Pomp\u00e9i.<\/span><\/li>\n<li style=\"font-weight: 400;\" aria-level=\"1\"><b>Le jardin des fugitifs <\/b><span style=\"font-weight: 400;\">: D\u00e9couvrez les pl\u00e2tres poignants des victimes de l&#8217;\u00e9ruption, fig\u00e9s dans le temps, dans ce jardin d&#8217;une beaut\u00e9 envo\u00fbtante.<\/span><\/li>\n<\/ul>\n<p><span style=\"font-weight: 400;\">Cette visite priv\u00e9e est plus qu&#8217;une simple visite touristique ; c&#8217;est une plong\u00e9e dans l&#8217;histoire et la culture de l&#8217;un des sites arch\u00e9ologiques les plus importants au monde.<\/span><a href=\"https:\/\/tourtravelandmore.com\/fr\/city\/italie-fr\/sorrento-fr\/\"><span style=\"font-weight: 400;\"> R\u00e9servez d\u00e8s maintenant pour une exp\u00e9rience personnalis\u00e9e et exclusive de Pomp\u00e9i au d\u00e9part de Sorrente.<\/span><\/a><\/p>\n","protected":false},"excerpt":{"rendered":"<p><span style=\"font-weight: 400;\">D\u00e9couvrez le meilleur de l&#8217;histoire romaine antique avec notre visite priv\u00e9e \u00e0 Pomp\u00e9i au d\u00e9part de Sorrente. Explorez les ruines pr\u00e9serv\u00e9es, apprenez des guides experts et profitez d&#8217;un transport de luxe. Un m\u00e9lange parfait d&#8217;\u00e9ducation, d&#8217;exploration et de confort vous attend<\/span><\/p>\n","protected":false},"featured_media":129157,"comment_status":"open","ping_status":"closed","template":"","meta":{"_acf_changed":false},"product_brand":[],"product_cat":[3549,4149,4151,4150,4152],"product_tag":[],"class_list":{"0":"post-129142","1":"product","2":"type-product","3":"status-publish","4":"has-post-thumbnail","6":"product_cat-italie-fr","7":"product_cat-sorrento-fr","8":"product_cat-excursions-privees-a-terre-fr","9":"product_cat-tous-les-circuits-et-activites-prives-fr-2","10":"product_cat-visites-guidees-privees-fr","12":"first","13":"instock","14":"shipping-taxable","15":"purchasable","16":"product-type-simple"},"acf":[],"yoast_head":"<!-- This site is optimized with the Yoast SEO Premium plugin v25.3.1 (Yoast SEO v25.3.1) - https:\/\/yoast.com\/wordpress\/plugins\/seo\/ -->\n<title>\u27a1\ufe0f D\u00e9couvrez l&#039;ancienne Pomp\u00e9i : Exclusive Private Tour from Sorrento | Tour Travel &amp; More<\/title>\n<meta name=\"description\" content=\"Le site web de l&#039;agence de voyage est disponible sur le site web de l&#039;agence de voyage de Sorrente. R\u00e9servez d\u00e8s maintenant pour une exp\u00e9rience unique ! \u2705\" \/>\n<meta name=\"robots\" content=\"index, follow, max-snippet:-1, max-image-preview:large, max-video-preview:-1\" \/>\n<link rel=\"canonical\" href=\"https:\/\/tourtravelandmore.com\/fr\/tours\/italie-fr\/sorrento-fr\/tous-les-circuits-et-activites-prives-fr-2\/visite-privee-de-pompei-depuis-sorrente\/\" \/>\n<meta property=\"og:locale\" content=\"fr_FR\" \/>\n<meta property=\"og:type\" content=\"article\" \/>\n<meta property=\"og:title\" content=\"Visite priv\u00e9e de Pomp\u00e9i depuis Sorrente\" \/>\n<meta property=\"og:description\" content=\"Le site web de l&#039;agence de voyage est disponible sur le site web de l&#039;agence de voyage de Sorrente. R\u00e9servez d\u00e8s maintenant pour une exp\u00e9rience unique ! \u2705\" \/>\n<meta property=\"og:url\" content=\"https:\/\/tourtravelandmore.com\/fr\/tours\/italie-fr\/sorrento-fr\/tous-les-circuits-et-activites-prives-fr-2\/visite-privee-de-pompei-depuis-sorrente\/\" \/>\n<meta property=\"og:site_name\" content=\"Tour Travel And More\" \/>\n<meta property=\"article:publisher\" content=\"https:\/\/www.facebook.com\/tourtravelandmore\/\" \/>\n<meta property=\"article:modified_time\" content=\"2024-01-31T15:01:11+00:00\" \/>\n<meta property=\"og:image\" content=\"https:\/\/tourtravelandmore.com\/wp-content\/uploads\/2022\/06\/image2-7.jpg\" \/>\n\t<meta property=\"og:image:width\" content=\"900\" \/>\n\t<meta property=\"og:image:height\" content=\"700\" \/>\n\t<meta property=\"og:image:type\" content=\"image\/jpeg\" \/>\n<meta name=\"twitter:card\" content=\"summary_large_image\" \/>\n<meta name=\"twitter:site\" content=\"@TourTravel_More\" \/>\n<meta name=\"twitter:label1\" content=\"Dur\u00e9e de lecture estim\u00e9e\" \/>\n\t<meta name=\"twitter:data1\" content=\"3 minutes\" \/>\n<script type=\"application\/ld+json\" class=\"yoast-schema-graph\">{\"@context\":\"https:\/\/schema.org\",\"@graph\":[{\"@type\":\"WebPage\",\"@id\":\"https:\/\/tourtravelandmore.com\/fr\/tours\/italie-fr\/sorrento-fr\/tous-les-circuits-et-activites-prives-fr-2\/visite-privee-de-pompei-depuis-sorrente\/\",\"url\":\"https:\/\/tourtravelandmore.com\/fr\/tours\/italie-fr\/sorrento-fr\/tous-les-circuits-et-activites-prives-fr-2\/visite-privee-de-pompei-depuis-sorrente\/\",\"name\":\"\u27a1\ufe0f D\u00e9couvrez l'ancienne Pomp\u00e9i : Exclusive Private Tour from Sorrento | Tour Travel & More\",\"isPartOf\":{\"@id\":\"https:\/\/tourtravelandmore.com\/fr\/#website\"},\"primaryImageOfPage\":{\"@id\":\"https:\/\/tourtravelandmore.com\/fr\/tours\/italie-fr\/sorrento-fr\/tous-les-circuits-et-activites-prives-fr-2\/visite-privee-de-pompei-depuis-sorrente\/#primaryimage\"},\"image\":{\"@id\":\"https:\/\/tourtravelandmore.com\/fr\/tours\/italie-fr\/sorrento-fr\/tous-les-circuits-et-activites-prives-fr-2\/visite-privee-de-pompei-depuis-sorrente\/#primaryimage\"},\"thumbnailUrl\":\"https:\/\/tourtravelandmore.com\/wp-content\/uploads\/2022\/06\/image2-7.jpg\",\"datePublished\":\"2022-06-17T16:17:09+00:00\",\"dateModified\":\"2024-01-31T15:01:11+00:00\",\"description\":\"Le site web de l'agence de voyage est disponible sur le site web de l'agence de voyage de Sorrente. R\u00e9servez d\u00e8s maintenant pour une exp\u00e9rience unique ! \u2705\",\"breadcrumb\":{\"@id\":\"https:\/\/tourtravelandmore.com\/fr\/tours\/italie-fr\/sorrento-fr\/tous-les-circuits-et-activites-prives-fr-2\/visite-privee-de-pompei-depuis-sorrente\/#breadcrumb\"},\"inLanguage\":\"fr-FR\",\"potentialAction\":[{\"@type\":\"ReadAction\",\"target\":[\"https:\/\/tourtravelandmore.com\/fr\/tours\/italie-fr\/sorrento-fr\/tous-les-circuits-et-activites-prives-fr-2\/visite-privee-de-pompei-depuis-sorrente\/\"]}]},{\"@type\":\"ImageObject\",\"inLanguage\":\"fr-FR\",\"@id\":\"https:\/\/tourtravelandmore.com\/fr\/tours\/italie-fr\/sorrento-fr\/tous-les-circuits-et-activites-prives-fr-2\/visite-privee-de-pompei-depuis-sorrente\/#primaryimage\",\"url\":\"https:\/\/tourtravelandmore.com\/wp-content\/uploads\/2022\/06\/image2-7.jpg\",\"contentUrl\":\"https:\/\/tourtravelandmore.com\/wp-content\/uploads\/2022\/06\/image2-7.jpg\",\"width\":900,\"height\":700},{\"@type\":\"BreadcrumbList\",\"@id\":\"https:\/\/tourtravelandmore.com\/fr\/tours\/italie-fr\/sorrento-fr\/tous-les-circuits-et-activites-prives-fr-2\/visite-privee-de-pompei-depuis-sorrente\/#breadcrumb\",\"itemListElement\":[{\"@type\":\"ListItem\",\"position\":1,\"name\":\"Home\",\"item\":\"https:\/\/tourtravelandmore.com\/fr\/\"},{\"@type\":\"ListItem\",\"position\":2,\"name\":\"Tours\",\"item\":\"https:\/\/tourtravelandmore.com\/fr\/tours\/\"},{\"@type\":\"ListItem\",\"position\":3,\"name\":\"Visite priv\u00e9e de Pomp\u00e9i depuis Sorrente\"}]},{\"@type\":\"WebSite\",\"@id\":\"https:\/\/tourtravelandmore.com\/fr\/#website\",\"url\":\"https:\/\/tourtravelandmore.com\/fr\/\",\"name\":\"Tour Travel And More\",\"description\":\"Private sightseeing tours and luxury transfers in Spain\",\"publisher\":{\"@id\":\"https:\/\/tourtravelandmore.com\/fr\/#organization\"},\"potentialAction\":[{\"@type\":\"SearchAction\",\"target\":{\"@type\":\"EntryPoint\",\"urlTemplate\":\"https:\/\/tourtravelandmore.com\/fr\/?s={search_term_string}\"},\"query-input\":{\"@type\":\"PropertyValueSpecification\",\"valueRequired\":true,\"valueName\":\"search_term_string\"}}],\"inLanguage\":\"fr-FR\"},{\"@type\":\"Organization\",\"@id\":\"https:\/\/tourtravelandmore.com\/fr\/#organization\",\"name\":\"Tour Travel And More\",\"url\":\"https:\/\/tourtravelandmore.com\/fr\/\",\"logo\":{\"@type\":\"ImageObject\",\"inLanguage\":\"fr-FR\",\"@id\":\"https:\/\/tourtravelandmore.com\/fr\/#\/schema\/logo\/image\/\",\"url\":\"https:\/\/tourtravelandmore.com\/wp-content\/uploads\/2022\/12\/cropped-logo-cabecera-new.png\",\"contentUrl\":\"https:\/\/tourtravelandmore.com\/wp-content\/uploads\/2022\/12\/cropped-logo-cabecera-new.png\",\"width\":430,\"height\":61,\"caption\":\"Tour Travel And More\"},\"image\":{\"@id\":\"https:\/\/tourtravelandmore.com\/fr\/#\/schema\/logo\/image\/\"},\"sameAs\":[\"https:\/\/www.facebook.com\/tourtravelandmore\/\",\"https:\/\/x.com\/TourTravel_More\"]}]}<\/script>\n<!-- \/ Yoast SEO Premium plugin. -->","yoast_head_json":{"title":"\u27a1\ufe0f D\u00e9couvrez l'ancienne Pomp\u00e9i : Exclusive Private Tour from Sorrento | Tour Travel & More","description":"Le site web de l'agence de voyage est disponible sur le site web de l'agence de voyage de Sorrente. R\u00e9servez d\u00e8s maintenant pour une exp\u00e9rience unique ! \u2705","robots":{"index":"index","follow":"follow","max-snippet":"max-snippet:-1","max-image-preview":"max-image-preview:large","max-video-preview":"max-video-preview:-1"},"canonical":"https:\/\/tourtravelandmore.com\/fr\/tours\/italie-fr\/sorrento-fr\/tous-les-circuits-et-activites-prives-fr-2\/visite-privee-de-pompei-depuis-sorrente\/","og_locale":"fr_FR","og_type":"article","og_title":"Visite priv\u00e9e de Pomp\u00e9i depuis Sorrente","og_description":"Le site web de l'agence de voyage est disponible sur le site web de l'agence de voyage de Sorrente. R\u00e9servez d\u00e8s maintenant pour une exp\u00e9rience unique ! \u2705","og_url":"https:\/\/tourtravelandmore.com\/fr\/tours\/italie-fr\/sorrento-fr\/tous-les-circuits-et-activites-prives-fr-2\/visite-privee-de-pompei-depuis-sorrente\/","og_site_name":"Tour Travel And More","article_publisher":"https:\/\/www.facebook.com\/tourtravelandmore\/","article_modified_time":"2024-01-31T15:01:11+00:00","og_image":[{"width":900,"height":700,"url":"https:\/\/tourtravelandmore.com\/wp-content\/uploads\/2022\/06\/image2-7.jpg","type":"image\/jpeg"}],"twitter_card":"summary_large_image","twitter_site":"@TourTravel_More","twitter_misc":{"Dur\u00e9e de lecture estim\u00e9e":"3 minutes"},"schema":{"@context":"https:\/\/schema.org","@graph":[{"@type":"WebPage","@id":"https:\/\/tourtravelandmore.com\/fr\/tours\/italie-fr\/sorrento-fr\/tous-les-circuits-et-activites-prives-fr-2\/visite-privee-de-pompei-depuis-sorrente\/","url":"https:\/\/tourtravelandmore.com\/fr\/tours\/italie-fr\/sorrento-fr\/tous-les-circuits-et-activites-prives-fr-2\/visite-privee-de-pompei-depuis-sorrente\/","name":"\u27a1\ufe0f D\u00e9couvrez l'ancienne Pomp\u00e9i : Exclusive Private Tour from Sorrento | Tour Travel & More","isPartOf":{"@id":"https:\/\/tourtravelandmore.com\/fr\/#website"},"primaryImageOfPage":{"@id":"https:\/\/tourtravelandmore.com\/fr\/tours\/italie-fr\/sorrento-fr\/tous-les-circuits-et-activites-prives-fr-2\/visite-privee-de-pompei-depuis-sorrente\/#primaryimage"},"image":{"@id":"https:\/\/tourtravelandmore.com\/fr\/tours\/italie-fr\/sorrento-fr\/tous-les-circuits-et-activites-prives-fr-2\/visite-privee-de-pompei-depuis-sorrente\/#primaryimage"},"thumbnailUrl":"https:\/\/tourtravelandmore.com\/wp-content\/uploads\/2022\/06\/image2-7.jpg","datePublished":"2022-06-17T16:17:09+00:00","dateModified":"2024-01-31T15:01:11+00:00","description":"Le site web de l'agence de voyage est disponible sur le site web de l'agence de voyage de Sorrente. R\u00e9servez d\u00e8s maintenant pour une exp\u00e9rience unique ! \u2705","breadcrumb":{"@id":"https:\/\/tourtravelandmore.com\/fr\/tours\/italie-fr\/sorrento-fr\/tous-les-circuits-et-activites-prives-fr-2\/visite-privee-de-pompei-depuis-sorrente\/#breadcrumb"},"inLanguage":"fr-FR","potentialAction":[{"@type":"ReadAction","target":["https:\/\/tourtravelandmore.com\/fr\/tours\/italie-fr\/sorrento-fr\/tous-les-circuits-et-activites-prives-fr-2\/visite-privee-de-pompei-depuis-sorrente\/"]}]},{"@type":"ImageObject","inLanguage":"fr-FR","@id":"https:\/\/tourtravelandmore.com\/fr\/tours\/italie-fr\/sorrento-fr\/tous-les-circuits-et-activites-prives-fr-2\/visite-privee-de-pompei-depuis-sorrente\/#primaryimage","url":"https:\/\/tourtravelandmore.com\/wp-content\/uploads\/2022\/06\/image2-7.jpg","contentUrl":"https:\/\/tourtravelandmore.com\/wp-content\/uploads\/2022\/06\/image2-7.jpg","width":900,"height":700},{"@type":"BreadcrumbList","@id":"https:\/\/tourtravelandmore.com\/fr\/tours\/italie-fr\/sorrento-fr\/tous-les-circuits-et-activites-prives-fr-2\/visite-privee-de-pompei-depuis-sorrente\/#breadcrumb","itemListElement":[{"@type":"ListItem","position":1,"name":"Home","item":"https:\/\/tourtravelandmore.com\/fr\/"},{"@type":"ListItem","position":2,"name":"Tours","item":"https:\/\/tourtravelandmore.com\/fr\/tours\/"},{"@type":"ListItem","position":3,"name":"Visite priv\u00e9e de Pomp\u00e9i depuis Sorrente"}]},{"@type":"WebSite","@id":"https:\/\/tourtravelandmore.com\/fr\/#website","url":"https:\/\/tourtravelandmore.com\/fr\/","name":"Tour Travel And More","description":"Private sightseeing tours and luxury transfers in Spain","publisher":{"@id":"https:\/\/tourtravelandmore.com\/fr\/#organization"},"potentialAction":[{"@type":"SearchAction","target":{"@type":"EntryPoint","urlTemplate":"https:\/\/tourtravelandmore.com\/fr\/?s={search_term_string}"},"query-input":{"@type":"PropertyValueSpecification","valueRequired":true,"valueName":"search_term_string"}}],"inLanguage":"fr-FR"},{"@type":"Organization","@id":"https:\/\/tourtravelandmore.com\/fr\/#organization","name":"Tour Travel And More","url":"https:\/\/tourtravelandmore.com\/fr\/","logo":{"@type":"ImageObject","inLanguage":"fr-FR","@id":"https:\/\/tourtravelandmore.com\/fr\/#\/schema\/logo\/image\/","url":"https:\/\/tourtravelandmore.com\/wp-content\/uploads\/2022\/12\/cropped-logo-cabecera-new.png","contentUrl":"https:\/\/tourtravelandmore.com\/wp-content\/uploads\/2022\/12\/cropped-logo-cabecera-new.png","width":430,"height":61,"caption":"Tour Travel And More"},"image":{"@id":"https:\/\/tourtravelandmore.com\/fr\/#\/schema\/logo\/image\/"},"sameAs":["https:\/\/www.facebook.com\/tourtravelandmore\/","https:\/\/x.com\/TourTravel_More"]}]}},"_links":{"self":[{"href":"https:\/\/tourtravelandmore.com\/fr\/wp-json\/wp\/v2\/product\/129142","targetHints":{"allow":["GET"]}}],"collection":[{"href":"https:\/\/tourtravelandmore.com\/fr\/wp-json\/wp\/v2\/product"}],"about":[{"href":"https:\/\/tourtravelandmore.com\/fr\/wp-json\/wp\/v2\/types\/product"}],"replies":[{"embeddable":true,"href":"https:\/\/tourtravelandmore.com\/fr\/wp-json\/wp\/v2\/comments?post=129142"}],"wp:featuredmedia":[{"embeddable":true,"href":"https:\/\/tourtravelandmore.com\/fr\/wp-json\/wp\/v2\/media\/129157"}],"wp:attachment":[{"href":"https:\/\/tourtravelandmore.com\/fr\/wp-json\/wp\/v2\/media?parent=129142"}],"wp:term":[{"taxonomy":"product_brand","embeddable":true,"href":"https:\/\/tourtravelandmore.com\/fr\/wp-json\/wp\/v2\/product_brand?post=129142"},{"taxonomy":"product_cat","embeddable":true,"href":"https:\/\/tourtravelandmore.com\/fr\/wp-json\/wp\/v2\/product_cat?post=129142"},{"taxonomy":"product_tag","embeddable":true,"href":"https:\/\/tourtravelandmore.com\/fr\/wp-json\/wp\/v2\/product_tag?post=129142"}],"curies":[{"name":"wp","href":"https:\/\/api.w.org\/{rel}","templated":true}]}}