{"id":129099,"date":"2022-06-17T15:47:24","date_gmt":"2022-06-17T13:47:29","guid":{"rendered":"https:\/\/tourtravelandmore.com\/?post_type=product&#038;p=129099"},"modified":"2024-01-30T16:05:56","modified_gmt":"2024-01-30T15:05:56","slug":"visite-privee-de-pompei-et-naples-au-depart-de-sorrente","status":"publish","type":"product","link":"https:\/\/tourtravelandmore.com\/fr\/tours\/italie-fr\/sorrento-fr\/tous-les-circuits-et-activites-prives-fr-2\/visite-privee-de-pompei-et-naples-au-depart-de-sorrente\/","title":{"rendered":"Visite priv\u00e9e de Pomp\u00e9i et Naples au d\u00e9part de Sorrente"},"content":{"rendered":"<h2><b>Description de l&#8217;excursion priv\u00e9e \u00e0 la d\u00e9couverte de Pomp\u00e9i et de Naples au d\u00e9part de Sorrente<\/b><\/h2>\n<p><span style=\"font-weight: 400;\">Remontez le temps et d\u00e9couvrez les secrets anciens de Pomp\u00e9i, une ville fig\u00e9e dans l&#8217;histoire par l&#8217;\u00e9ruption cataclysmique du V\u00e9suve en 79 apr\u00e8s J\u00e9sus-Christ. Notre visite priv\u00e9e exclusive vous invite \u00e0 explorer les ruines remarquablement pr\u00e9serv\u00e9es de Pomp\u00e9i, o\u00f9 vous marcherez dans les m\u00eames rues pav\u00e9es, visiterez des maisons anciennes et vous immergerez dans la vie quotidienne de cette ville romaine autrefois prosp\u00e8re. Accompagn\u00e9 d&#8217;un guide comp\u00e9tent, vous d\u00e9couvrirez l&#8217;histoire fascinante et la disparition tragique de Pomp\u00e9i.<\/span><\/p>\n<p><span style=\"font-weight: 400;\">Ensuite, nous vous emm\u00e8nerons \u00e0 Naples, une ville charg\u00e9e d&#8217;histoire et de culture, ainsi que le berceau de la pizza. Naples rec\u00e8le de nombreux tr\u00e9sors, et notre visite priv\u00e9e vous permettra d&#8217;en d\u00e9couvrir les points forts. D\u00e9couvrez des sites tels que le Palais royal, symbole de la grandeur napolitaine, et la vaste \u00e9tendue de la Piazza del Plebiscito, o\u00f9 l&#8217;histoire et l&#8217;art se rejoignent. \u00c9merveillez-vous devant l&#8217;op\u00e9ra San Carlo, l&#8217;un des plus anciens th\u00e9\u00e2tres du monde, o\u00f9 la musique et le th\u00e9\u00e2tre se succ\u00e8dent depuis des si\u00e8cles.<\/span><\/p>\n<p><span style=\"font-weight: 400;\">Notre circuit priv\u00e9 m\u00e9ticuleusement con\u00e7u offre un m\u00e9lange id\u00e9al d&#8217;histoire, de culture et de gastronomie, ce qui en fait le moyen id\u00e9al d&#8217;explorer deux des destinations les plus embl\u00e9matiques d&#8217;Italie. Votre voyage commence par une prise en charge pratique \u00e0 votre h\u00f4tel ou dans un lieu central de Sorrente. De l\u00e0, vous embarquerez pour une aventure qui vous transportera dans le temps et vous plongera dans l&#8217;esprit vibrant de Naples.<\/span><\/p>\n<p><span style=\"font-weight: 400;\">En explorant les rues de Pomp\u00e9i, vous verrez les structures remarquablement pr\u00e9serv\u00e9es, y compris la c\u00e9l\u00e8bre Villa des Myst\u00e8res avec ses fresques \u00e9nigmatiques. Votre guide vous racontera des histoires sur les anciens Pomp\u00e9iens et leurs activit\u00e9s quotidiennes, brossant un tableau vivant de la vie dans l&#8217;Empire romain.<\/span><\/p>\n<p><span style=\"font-weight: 400;\">En arrivant \u00e0 Naples, vous serez accueillis par une vue fascinante du golfe de Naples et du V\u00e9suve en toile de fond. Traversez le centre historique, class\u00e9 au patrimoine mondial de l&#8217;UNESCO, o\u00f9 les ruelles \u00e9troites r\u00e9v\u00e8lent des joyaux cach\u00e9s, des pizzerias pittoresques aux \u00e9glises orn\u00e9es.<\/span><\/p>\n<h2><b>Points forts de l&#8217;excursion priv\u00e9e \u00e0 la d\u00e9couverte de Pomp\u00e9i et de Naples au d\u00e9part de Sorrente<\/b><\/h2>\n<p><span style=\"font-weight: 400;\">Lors de cette visite priv\u00e9e captivante de 8 heures, vous aurez l&#8217;occasion de d\u00e9couvrir les sites remarquables suivants :<\/span><\/p>\n<ul>\n<li style=\"font-weight: 400;\" aria-level=\"1\"><b>Pomp\u00e9i :<\/b><span style=\"font-weight: 400;\"> Explorez la ville de Pomp\u00e9i, pr\u00e9serv\u00e9e et envo\u00fbtante, o\u00f9 l&#8217;ancienne vie romaine reprend vie. Promenez-vous dans ses rues, visitez l&#8217;amphith\u00e9\u00e2tre et admirez les moulages en pl\u00e2tre des victimes du volcan, fig\u00e9es dans leurs derniers instants.<\/span><\/li>\n<li style=\"font-weight: 400;\" aria-level=\"1\"><b>Duomo de Naples : <\/b><span style=\"font-weight: 400;\">admirez la cath\u00e9drale de Naples, un exemple \u00e9tonnant de l&#8217;architecture gothique napolitaine. D\u00e9couvrez sa riche histoire et son importance religieuse en explorant l&#8217;int\u00e9rieur.<\/span><\/li>\n<li style=\"font-weight: 400;\" aria-level=\"1\"><b>Chapelle du Tr\u00e9sor :<\/b><span style=\"font-weight: 400;\"> Plongez dans l&#8217;histoire de la chapelle du Tr\u00e9sor de San Gennaro, un lieu de culte exquis orn\u00e9 d&#8217;\u0153uvres d&#8217;art magistrales.<\/span><\/li>\n<li style=\"font-weight: 400;\" aria-level=\"1\"><b>Basilique de Santa Restituta <\/b><span style=\"font-weight: 400;\">: Visitez cette basilique historique, nich\u00e9e dans le complexe de la cath\u00e9drale de Naples, et admirez son architecture \u00e9tonnante et ses tr\u00e9sors religieux.<\/span><\/li>\n<li style=\"font-weight: 400;\" aria-level=\"1\"><b>Place Plebiscito <\/b><span style=\"font-weight: 400;\">: Plongez dans la grandeur de la Piazza del Plebiscito, une vaste place publique qui t\u00e9moigne de la riche histoire de Naples.<\/span><\/li>\n<li style=\"font-weight: 400;\" aria-level=\"1\"><b>Palais royal de Naples :<\/b><span style=\"font-weight: 400;\"> Admirez l&#8217;opulence du Palais royal, autrefois r\u00e9sidence des monarques espagnols puis des Bourbons. Explorez ses somptueuses salles et son d\u00e9cor opulent.<\/span><\/li>\n<li style=\"font-weight: 400;\" aria-level=\"1\"><b>\u00c9glise de San Francesco di Paola :<\/b><span style=\"font-weight: 400;\"> Admirez l&#8217;\u00e9l\u00e9gant style n\u00e9oclassique de cette \u00e9glise, situ\u00e9e sur le c\u00f4t\u00e9 sud de la Piazza del Plebiscito.<\/span><\/li>\n<li style=\"font-weight: 400;\" aria-level=\"1\"><b>Piazza del Municipio :<\/b><span style=\"font-weight: 400;\"> D\u00e9couvrez l&#8217;atmosph\u00e8re vibrante de la place municipale de Naples, entour\u00e9e d&#8217;une architecture impressionnante et d&#8217;une activit\u00e9 intense.<\/span><\/li>\n<li style=\"font-weight: 400;\" aria-level=\"1\"><b>Castello Nuovo <\/b><span style=\"font-weight: 400;\">: D\u00e9couvrez l&#8217;imposant Castel Nuovo, une forteresse historique qui garde le front de mer de Naples depuis des si\u00e8cles. Explorez ses anciennes salles et profitez des vues panoramiques depuis ses tours.<\/span><\/li>\n<li style=\"font-weight: 400;\" aria-level=\"1\"><b>Point de vue de Posillipo : <\/b><span style=\"font-weight: 400;\">Terminez votre voyage par une vue \u00e0 couper le souffle depuis la colline de Posillipo, qui offre des vues panoramiques sur la baie de Naples et le littoral pittoresque de la ville.<\/span><\/li>\n<\/ul>\n<p><span style=\"font-weight: 400;\">\u00c0 la fin de cette excursion priv\u00e9e, nous assurerons votre retour en douceur au point de ramassage que vous aurez choisi, ce qui vous permettra de poursuivre \u00e0 votre guise votre exploration de l&#8217;enchanteresse r\u00e9gion de Sorrente. Si vous souhaitez vivre d&#8217;autres aventures dans cette magnifique destination italienne,<\/span><a href=\"https:\/\/tourtravelandmore.com\/fr\/city\/italie-fr\/sorrento-fr\/\"><span style=\"font-weight: 400;\"> pensez \u00e0 notre gamme d&#8217;excursions priv\u00e9es pour enrichir votre exp\u00e9rience \u00e0 Sorrente.<\/span><\/a><\/p>\n","protected":false},"excerpt":{"rendered":"<p><span style=\"font-weight: 400;\">Embarquez pour un voyage extraordinaire \u00e0 travers le temps avec notre visite priv\u00e9e de Pomp\u00e9i et Naples au d\u00e9part de Sorrente. Admirez les ruines fascinantes de Pomp\u00e9i, fig\u00e9es au moment de l&#8217;\u00e9ruption du V\u00e9suve, puis explorez les rues anim\u00e9es de Naples, riches en histoire et en culture. Choisissez la commodit\u00e9 d&#8217;une visite avec chauffeur ou optez pour des billets d&#8217;entr\u00e9e \u00e0 Pomp\u00e9i. D\u00e9couvrez les tr\u00e9sors de l&#8217;Italie au cours de cette aventure captivante.<\/span><\/p>\n","protected":false},"featured_media":129123,"comment_status":"open","ping_status":"closed","template":"","meta":{"_acf_changed":false},"product_brand":[],"product_cat":[3549,4149,4151,4150,4152],"product_tag":[],"class_list":{"0":"post-129099","1":"product","2":"type-product","3":"status-publish","4":"has-post-thumbnail","6":"product_cat-italie-fr","7":"product_cat-sorrento-fr","8":"product_cat-excursions-privees-a-terre-fr","9":"product_cat-tous-les-circuits-et-activites-prives-fr-2","10":"product_cat-visites-guidees-privees-fr","12":"first","13":"instock","14":"shipping-taxable","15":"purchasable","16":"product-type-simple"},"acf":[],"yoast_head":"<!-- This site is optimized with the Yoast SEO Premium plugin v25.3.1 (Yoast SEO v25.3.1) - https:\/\/yoast.com\/wordpress\/plugins\/seo\/ -->\n<title>\u27a1\ufe0f Explorer Pomp\u00e9i et Naples - Circuit priv\u00e9 depuis Sorrente | Tour Travel &amp; More<\/title>\n<meta name=\"description\" content=\"Le site de la ville d&#039;Oran est un lieu de rencontre et d&#039;\u00e9change d&#039;exp\u00e9riences entre les diff\u00e9rents acteurs de la vie culturelle et \u00e9conomique \u2705\" \/>\n<meta name=\"robots\" content=\"index, follow, max-snippet:-1, max-image-preview:large, max-video-preview:-1\" \/>\n<link rel=\"canonical\" href=\"https:\/\/tourtravelandmore.com\/fr\/tours\/italie-fr\/sorrento-fr\/tous-les-circuits-et-activites-prives-fr-2\/visite-privee-de-pompei-et-naples-au-depart-de-sorrente\/\" \/>\n<meta property=\"og:locale\" content=\"fr_FR\" \/>\n<meta property=\"og:type\" content=\"article\" \/>\n<meta property=\"og:title\" content=\"Visite priv\u00e9e de Pomp\u00e9i et Naples au d\u00e9part de Sorrente\" \/>\n<meta property=\"og:description\" content=\"Le site de la ville d&#039;Oran est un lieu de rencontre et d&#039;\u00e9change d&#039;exp\u00e9riences entre les diff\u00e9rents acteurs de la vie culturelle et \u00e9conomique \u2705\" \/>\n<meta property=\"og:url\" content=\"https:\/\/tourtravelandmore.com\/fr\/tours\/italie-fr\/sorrento-fr\/tous-les-circuits-et-activites-prives-fr-2\/visite-privee-de-pompei-et-naples-au-depart-de-sorrente\/\" \/>\n<meta property=\"og:site_name\" content=\"Tour Travel And More\" \/>\n<meta property=\"article:publisher\" content=\"https:\/\/www.facebook.com\/tourtravelandmore\/\" \/>\n<meta property=\"article:modified_time\" content=\"2024-01-30T15:05:56+00:00\" \/>\n<meta property=\"og:image\" content=\"https:\/\/tourtravelandmore.com\/wp-content\/uploads\/2022\/06\/image4-6.jpg\" \/>\n\t<meta property=\"og:image:width\" content=\"900\" \/>\n\t<meta property=\"og:image:height\" content=\"700\" \/>\n\t<meta property=\"og:image:type\" content=\"image\/jpeg\" \/>\n<meta name=\"twitter:card\" content=\"summary_large_image\" \/>\n<meta name=\"twitter:site\" content=\"@TourTravel_More\" \/>\n<meta name=\"twitter:label1\" content=\"Dur\u00e9e de lecture estim\u00e9e\" \/>\n\t<meta name=\"twitter:data1\" content=\"4 minutes\" \/>\n<script type=\"application\/ld+json\" class=\"yoast-schema-graph\">{\"@context\":\"https:\/\/schema.org\",\"@graph\":[{\"@type\":\"WebPage\",\"@id\":\"https:\/\/tourtravelandmore.com\/fr\/tours\/italie-fr\/sorrento-fr\/tous-les-circuits-et-activites-prives-fr-2\/visite-privee-de-pompei-et-naples-au-depart-de-sorrente\/\",\"url\":\"https:\/\/tourtravelandmore.com\/fr\/tours\/italie-fr\/sorrento-fr\/tous-les-circuits-et-activites-prives-fr-2\/visite-privee-de-pompei-et-naples-au-depart-de-sorrente\/\",\"name\":\"\u27a1\ufe0f Explorer Pomp\u00e9i et Naples - Circuit priv\u00e9 depuis Sorrente | Tour Travel & More\",\"isPartOf\":{\"@id\":\"https:\/\/tourtravelandmore.com\/fr\/#website\"},\"primaryImageOfPage\":{\"@id\":\"https:\/\/tourtravelandmore.com\/fr\/tours\/italie-fr\/sorrento-fr\/tous-les-circuits-et-activites-prives-fr-2\/visite-privee-de-pompei-et-naples-au-depart-de-sorrente\/#primaryimage\"},\"image\":{\"@id\":\"https:\/\/tourtravelandmore.com\/fr\/tours\/italie-fr\/sorrento-fr\/tous-les-circuits-et-activites-prives-fr-2\/visite-privee-de-pompei-et-naples-au-depart-de-sorrente\/#primaryimage\"},\"thumbnailUrl\":\"https:\/\/tourtravelandmore.com\/wp-content\/uploads\/2022\/06\/image4-6.jpg\",\"datePublished\":\"2022-06-17T13:47:29+00:00\",\"dateModified\":\"2024-01-30T15:05:56+00:00\",\"description\":\"Le site de la ville d'Oran est un lieu de rencontre et d'\u00e9change d'exp\u00e9riences entre les diff\u00e9rents acteurs de la vie culturelle et \u00e9conomique \u2705\",\"breadcrumb\":{\"@id\":\"https:\/\/tourtravelandmore.com\/fr\/tours\/italie-fr\/sorrento-fr\/tous-les-circuits-et-activites-prives-fr-2\/visite-privee-de-pompei-et-naples-au-depart-de-sorrente\/#breadcrumb\"},\"inLanguage\":\"fr-FR\",\"potentialAction\":[{\"@type\":\"ReadAction\",\"target\":[\"https:\/\/tourtravelandmore.com\/fr\/tours\/italie-fr\/sorrento-fr\/tous-les-circuits-et-activites-prives-fr-2\/visite-privee-de-pompei-et-naples-au-depart-de-sorrente\/\"]}]},{\"@type\":\"ImageObject\",\"inLanguage\":\"fr-FR\",\"@id\":\"https:\/\/tourtravelandmore.com\/fr\/tours\/italie-fr\/sorrento-fr\/tous-les-circuits-et-activites-prives-fr-2\/visite-privee-de-pompei-et-naples-au-depart-de-sorrente\/#primaryimage\",\"url\":\"https:\/\/tourtravelandmore.com\/wp-content\/uploads\/2022\/06\/image4-6.jpg\",\"contentUrl\":\"https:\/\/tourtravelandmore.com\/wp-content\/uploads\/2022\/06\/image4-6.jpg\",\"width\":900,\"height\":700},{\"@type\":\"BreadcrumbList\",\"@id\":\"https:\/\/tourtravelandmore.com\/fr\/tours\/italie-fr\/sorrento-fr\/tous-les-circuits-et-activites-prives-fr-2\/visite-privee-de-pompei-et-naples-au-depart-de-sorrente\/#breadcrumb\",\"itemListElement\":[{\"@type\":\"ListItem\",\"position\":1,\"name\":\"Home\",\"item\":\"https:\/\/tourtravelandmore.com\/fr\/\"},{\"@type\":\"ListItem\",\"position\":2,\"name\":\"Tours\",\"item\":\"https:\/\/tourtravelandmore.com\/fr\/tours\/\"},{\"@type\":\"ListItem\",\"position\":3,\"name\":\"Visite priv\u00e9e de Pomp\u00e9i et Naples au d\u00e9part de Sorrente\"}]},{\"@type\":\"WebSite\",\"@id\":\"https:\/\/tourtravelandmore.com\/fr\/#website\",\"url\":\"https:\/\/tourtravelandmore.com\/fr\/\",\"name\":\"Tour Travel And More\",\"description\":\"Private sightseeing tours and luxury transfers in Spain\",\"publisher\":{\"@id\":\"https:\/\/tourtravelandmore.com\/fr\/#organization\"},\"potentialAction\":[{\"@type\":\"SearchAction\",\"target\":{\"@type\":\"EntryPoint\",\"urlTemplate\":\"https:\/\/tourtravelandmore.com\/fr\/?s={search_term_string}\"},\"query-input\":{\"@type\":\"PropertyValueSpecification\",\"valueRequired\":true,\"valueName\":\"search_term_string\"}}],\"inLanguage\":\"fr-FR\"},{\"@type\":\"Organization\",\"@id\":\"https:\/\/tourtravelandmore.com\/fr\/#organization\",\"name\":\"Tour Travel And More\",\"url\":\"https:\/\/tourtravelandmore.com\/fr\/\",\"logo\":{\"@type\":\"ImageObject\",\"inLanguage\":\"fr-FR\",\"@id\":\"https:\/\/tourtravelandmore.com\/fr\/#\/schema\/logo\/image\/\",\"url\":\"https:\/\/tourtravelandmore.com\/wp-content\/uploads\/2022\/12\/cropped-logo-cabecera-new.png\",\"contentUrl\":\"https:\/\/tourtravelandmore.com\/wp-content\/uploads\/2022\/12\/cropped-logo-cabecera-new.png\",\"width\":430,\"height\":61,\"caption\":\"Tour Travel And More\"},\"image\":{\"@id\":\"https:\/\/tourtravelandmore.com\/fr\/#\/schema\/logo\/image\/\"},\"sameAs\":[\"https:\/\/www.facebook.com\/tourtravelandmore\/\",\"https:\/\/x.com\/TourTravel_More\"]}]}<\/script>\n<!-- \/ Yoast SEO Premium plugin. -->","yoast_head_json":{"title":"\u27a1\ufe0f Explorer Pomp\u00e9i et Naples - Circuit priv\u00e9 depuis Sorrente | Tour Travel & More","description":"Le site de la ville d'Oran est un lieu de rencontre et d'\u00e9change d'exp\u00e9riences entre les diff\u00e9rents acteurs de la vie culturelle et \u00e9conomique \u2705","robots":{"index":"index","follow":"follow","max-snippet":"max-snippet:-1","max-image-preview":"max-image-preview:large","max-video-preview":"max-video-preview:-1"},"canonical":"https:\/\/tourtravelandmore.com\/fr\/tours\/italie-fr\/sorrento-fr\/tous-les-circuits-et-activites-prives-fr-2\/visite-privee-de-pompei-et-naples-au-depart-de-sorrente\/","og_locale":"fr_FR","og_type":"article","og_title":"Visite priv\u00e9e de Pomp\u00e9i et Naples au d\u00e9part de Sorrente","og_description":"Le site de la ville d'Oran est un lieu de rencontre et d'\u00e9change d'exp\u00e9riences entre les diff\u00e9rents acteurs de la vie culturelle et \u00e9conomique \u2705","og_url":"https:\/\/tourtravelandmore.com\/fr\/tours\/italie-fr\/sorrento-fr\/tous-les-circuits-et-activites-prives-fr-2\/visite-privee-de-pompei-et-naples-au-depart-de-sorrente\/","og_site_name":"Tour Travel And More","article_publisher":"https:\/\/www.facebook.com\/tourtravelandmore\/","article_modified_time":"2024-01-30T15:05:56+00:00","og_image":[{"width":900,"height":700,"url":"https:\/\/tourtravelandmore.com\/wp-content\/uploads\/2022\/06\/image4-6.jpg","type":"image\/jpeg"}],"twitter_card":"summary_large_image","twitter_site":"@TourTravel_More","twitter_misc":{"Dur\u00e9e de lecture estim\u00e9e":"4 minutes"},"schema":{"@context":"https:\/\/schema.org","@graph":[{"@type":"WebPage","@id":"https:\/\/tourtravelandmore.com\/fr\/tours\/italie-fr\/sorrento-fr\/tous-les-circuits-et-activites-prives-fr-2\/visite-privee-de-pompei-et-naples-au-depart-de-sorrente\/","url":"https:\/\/tourtravelandmore.com\/fr\/tours\/italie-fr\/sorrento-fr\/tous-les-circuits-et-activites-prives-fr-2\/visite-privee-de-pompei-et-naples-au-depart-de-sorrente\/","name":"\u27a1\ufe0f Explorer Pomp\u00e9i et Naples - Circuit priv\u00e9 depuis Sorrente | Tour Travel & More","isPartOf":{"@id":"https:\/\/tourtravelandmore.com\/fr\/#website"},"primaryImageOfPage":{"@id":"https:\/\/tourtravelandmore.com\/fr\/tours\/italie-fr\/sorrento-fr\/tous-les-circuits-et-activites-prives-fr-2\/visite-privee-de-pompei-et-naples-au-depart-de-sorrente\/#primaryimage"},"image":{"@id":"https:\/\/tourtravelandmore.com\/fr\/tours\/italie-fr\/sorrento-fr\/tous-les-circuits-et-activites-prives-fr-2\/visite-privee-de-pompei-et-naples-au-depart-de-sorrente\/#primaryimage"},"thumbnailUrl":"https:\/\/tourtravelandmore.com\/wp-content\/uploads\/2022\/06\/image4-6.jpg","datePublished":"2022-06-17T13:47:29+00:00","dateModified":"2024-01-30T15:05:56+00:00","description":"Le site de la ville d'Oran est un lieu de rencontre et d'\u00e9change d'exp\u00e9riences entre les diff\u00e9rents acteurs de la vie culturelle et \u00e9conomique \u2705","breadcrumb":{"@id":"https:\/\/tourtravelandmore.com\/fr\/tours\/italie-fr\/sorrento-fr\/tous-les-circuits-et-activites-prives-fr-2\/visite-privee-de-pompei-et-naples-au-depart-de-sorrente\/#breadcrumb"},"inLanguage":"fr-FR","potentialAction":[{"@type":"ReadAction","target":["https:\/\/tourtravelandmore.com\/fr\/tours\/italie-fr\/sorrento-fr\/tous-les-circuits-et-activites-prives-fr-2\/visite-privee-de-pompei-et-naples-au-depart-de-sorrente\/"]}]},{"@type":"ImageObject","inLanguage":"fr-FR","@id":"https:\/\/tourtravelandmore.com\/fr\/tours\/italie-fr\/sorrento-fr\/tous-les-circuits-et-activites-prives-fr-2\/visite-privee-de-pompei-et-naples-au-depart-de-sorrente\/#primaryimage","url":"https:\/\/tourtravelandmore.com\/wp-content\/uploads\/2022\/06\/image4-6.jpg","contentUrl":"https:\/\/tourtravelandmore.com\/wp-content\/uploads\/2022\/06\/image4-6.jpg","width":900,"height":700},{"@type":"BreadcrumbList","@id":"https:\/\/tourtravelandmore.com\/fr\/tours\/italie-fr\/sorrento-fr\/tous-les-circuits-et-activites-prives-fr-2\/visite-privee-de-pompei-et-naples-au-depart-de-sorrente\/#breadcrumb","itemListElement":[{"@type":"ListItem","position":1,"name":"Home","item":"https:\/\/tourtravelandmore.com\/fr\/"},{"@type":"ListItem","position":2,"name":"Tours","item":"https:\/\/tourtravelandmore.com\/fr\/tours\/"},{"@type":"ListItem","position":3,"name":"Visite priv\u00e9e de Pomp\u00e9i et Naples au d\u00e9part de Sorrente"}]},{"@type":"WebSite","@id":"https:\/\/tourtravelandmore.com\/fr\/#website","url":"https:\/\/tourtravelandmore.com\/fr\/","name":"Tour Travel And More","description":"Private sightseeing tours and luxury transfers in Spain","publisher":{"@id":"https:\/\/tourtravelandmore.com\/fr\/#organization"},"potentialAction":[{"@type":"SearchAction","target":{"@type":"EntryPoint","urlTemplate":"https:\/\/tourtravelandmore.com\/fr\/?s={search_term_string}"},"query-input":{"@type":"PropertyValueSpecification","valueRequired":true,"valueName":"search_term_string"}}],"inLanguage":"fr-FR"},{"@type":"Organization","@id":"https:\/\/tourtravelandmore.com\/fr\/#organization","name":"Tour Travel And More","url":"https:\/\/tourtravelandmore.com\/fr\/","logo":{"@type":"ImageObject","inLanguage":"fr-FR","@id":"https:\/\/tourtravelandmore.com\/fr\/#\/schema\/logo\/image\/","url":"https:\/\/tourtravelandmore.com\/wp-content\/uploads\/2022\/12\/cropped-logo-cabecera-new.png","contentUrl":"https:\/\/tourtravelandmore.com\/wp-content\/uploads\/2022\/12\/cropped-logo-cabecera-new.png","width":430,"height":61,"caption":"Tour Travel And More"},"image":{"@id":"https:\/\/tourtravelandmore.com\/fr\/#\/schema\/logo\/image\/"},"sameAs":["https:\/\/www.facebook.com\/tourtravelandmore\/","https:\/\/x.com\/TourTravel_More"]}]}},"_links":{"self":[{"href":"https:\/\/tourtravelandmore.com\/fr\/wp-json\/wp\/v2\/product\/129099","targetHints":{"allow":["GET"]}}],"collection":[{"href":"https:\/\/tourtravelandmore.com\/fr\/wp-json\/wp\/v2\/product"}],"about":[{"href":"https:\/\/tourtravelandmore.com\/fr\/wp-json\/wp\/v2\/types\/product"}],"replies":[{"embeddable":true,"href":"https:\/\/tourtravelandmore.com\/fr\/wp-json\/wp\/v2\/comments?post=129099"}],"wp:featuredmedia":[{"embeddable":true,"href":"https:\/\/tourtravelandmore.com\/fr\/wp-json\/wp\/v2\/media\/129123"}],"wp:attachment":[{"href":"https:\/\/tourtravelandmore.com\/fr\/wp-json\/wp\/v2\/media?parent=129099"}],"wp:term":[{"taxonomy":"product_brand","embeddable":true,"href":"https:\/\/tourtravelandmore.com\/fr\/wp-json\/wp\/v2\/product_brand?post=129099"},{"taxonomy":"product_cat","embeddable":true,"href":"https:\/\/tourtravelandmore.com\/fr\/wp-json\/wp\/v2\/product_cat?post=129099"},{"taxonomy":"product_tag","embeddable":true,"href":"https:\/\/tourtravelandmore.com\/fr\/wp-json\/wp\/v2\/product_tag?post=129099"}],"curies":[{"name":"wp","href":"https:\/\/api.w.org\/{rel}","templated":true}]}}