{"id":128816,"date":"2022-06-15T15:27:57","date_gmt":"2022-06-15T13:28:10","guid":{"rendered":"https:\/\/tourtravelandmore.com\/?post_type=product&#038;p=128816"},"modified":"2024-01-29T13:14:31","modified_gmt":"2024-01-29T12:14:31","slug":"visite-privee-de-la-cote-amalfitaine-au-depart-de-sorrento","status":"publish","type":"product","link":"https:\/\/tourtravelandmore.com\/fr\/tours\/italie-fr\/sorrento-fr\/tous-les-circuits-et-activites-prives-fr-2\/visite-privee-de-la-cote-amalfitaine-au-depart-de-sorrento\/","title":{"rendered":"Visite priv\u00e9e de la c\u00f4te amalfitaine au d\u00e9part de Sorrento"},"content":{"rendered":"<h2><b>Visite priv\u00e9e de la c\u00f4te amalfitaine au d\u00e9part de Sorrente | Description<\/b><\/h2>\n<p><span style=\"font-weight: 400;\">Embarquez pour un voyage inoubliable avec notre visite priv\u00e9e de la c\u00f4te amalfitaine au d\u00e9part de Sorrente. Cette exp\u00e9rience exclusive vous conduira \u00e0 travers les routes sinueuses et les panoramas impressionnants de la c\u00e9l\u00e8bre c\u00f4te amalfitaine. Accompagn\u00e9 d&#8217;un guide comp\u00e9tent et d&#8217;un v\u00e9hicule priv\u00e9, vous aurez tout le loisir d&#8217;explorer les charmantes villes d&#8217;Amalfi, de Positano et de Ravello, tout en profitant de la beaut\u00e9 naturelle de la r\u00e9gion. Les visites de la Grotte d&#8217;\u00c9meraude et de la Villa Rufolo font partie des points forts de cette excursion. D\u00e9couvrez la magie de l&#8217;une des destinations les plus pris\u00e9es d&#8217;Italie avec cette excursion priv\u00e9e de 8 heures.<\/span><\/p>\n<h2><b>Circuit priv\u00e9 de la c\u00f4te amalfitaine au d\u00e9part de Sorrente | Points forts<\/b><\/h2>\n<p><span style=\"font-weight: 400;\">La c\u00f4te amalfitaine est r\u00e9put\u00e9e pour \u00eatre l&#8217;une des principales destinations touristiques d&#8217;Italie, et ce pour de bonnes raisons. Ses falaises spectaculaires, ses villages pittoresques et ses eaux turquoise cristallines cr\u00e9ent un paysage v\u00e9ritablement enchanteur.<\/span><\/p>\n<p><span style=\"font-weight: 400;\">Avec votre guide expert et votre v\u00e9hicule priv\u00e9 avec chauffeur, vous embarquerez pour un voyage captivant, en visitant des lieux embl\u00e9matiques tels que :<\/span><\/p>\n<ul>\n<li style=\"font-weight: 400;\" aria-level=\"1\"><b>Positano :<\/b><span style=\"font-weight: 400;\"> Commencez votre aventure dans la charmante ville de Positano, connue pour ses maisons aux couleurs pastel qui tombent en cascade le long des falaises pour rejoindre la mer \u00e9tincelante. Promenez-vous dans ses rues \u00e9troites, impr\u00e9gnez-vous de l&#8217;atmosph\u00e8re m\u00e9diterran\u00e9enne et laissez-vous tenter par le shopping local.<\/span><\/li>\n<li style=\"font-weight: 400;\" aria-level=\"1\"><b>Amalfi :<\/b><span style=\"font-weight: 400;\"> Explorez la ville historique d&#8217;Amalfi, qui a donn\u00e9 son nom \u00e0 toute la c\u00f4te. Visitez l&#8217;impressionnante cath\u00e9drale d&#8217;Amalfi et promenez-vous dans les rues sinueuses qui regorgent de boutiques, de caf\u00e9s et de joyaux cach\u00e9s.<\/span><\/li>\n<li style=\"font-weight: 400;\" aria-level=\"1\"><b>Ravello :<\/b><span style=\"font-weight: 400;\"> D\u00e9couvrez la beaut\u00e9 de Ravello, perch\u00e9e au-dessus de la c\u00f4te. Visitez la c\u00e9l\u00e8bre Villa Rufolo, connue pour ses superbes jardins et ses vues panoramiques. Ravello poss\u00e8de \u00e9galement de charmantes piazzas et des villas historiques qui ne demandent qu&#8217;\u00e0 \u00eatre explor\u00e9es.<\/span><\/li>\n<\/ul>\n<h2><b>Option 1 : Chauffeur parlant anglais<\/b><\/h2>\n<p><span style=\"font-weight: 400;\">Optez pour l&#8217;option 1 si vous souhaitez explorer la c\u00f4te amalfitaine de mani\u00e8re plus autonome, tout en b\u00e9n\u00e9ficiant d&#8217;un transport priv\u00e9. Votre journ\u00e9e commence par un accueil chaleureux de la part de votre chauffeur anglophone, qui vous retrouvera soit \u00e0 un endroit central de Sorrente, soit \u00e0 l&#8217;h\u00e9bergement que vous aurez choisi. \u00c0 partir de l\u00e0, c&#8217;est vous qui d\u00e9cidez de votre itin\u00e9raire. Cette option vous donne la libert\u00e9 d&#8217;organiser votre aventure au fur et \u00e0 mesure, en faisant des arr\u00eats et des d\u00e9tours impromptus lorsque l&#8217;inspiration vous vient. Vous aurez acc\u00e8s \u00e0 un v\u00e9hicule priv\u00e9 confortable et climatis\u00e9, ce qui vous permettra de profiter des paysages impressionnants de la r\u00e9gion sans avoir \u00e0 conduire. Bien que votre chauffeur ne soit pas un guide traditionnel, il conna\u00eet la r\u00e9gion et peut vous donner de pr\u00e9cieuses recommandations et id\u00e9es, pour que vous profitiez au maximum de votre s\u00e9jour sur la c\u00f4te amalfitaine.\u00a0<\/span><\/p>\n<h2><b>Deuxi\u00e8me option : v\u00e9hicule avec chauffeur et guide pendant 8 heures<\/b><\/h2>\n<p><span style=\"font-weight: 400;\">Pour ceux qui recherchent une exp\u00e9rience plus guid\u00e9e de la c\u00f4te amalfitaine, l&#8217;option 2 est la solution id\u00e9ale. Avec cette formule compl\u00e8te, vous aurez \u00e0 votre disposition un chauffeur professionnel et un guide expert pour une aventure de 8 heures. La journ\u00e9e commence par un point de rencontre central \u00e0 Sorrente ou par une prise en charge pratique depuis votre lieu d&#8217;h\u00e9bergement. Votre chauffeur vous fournira un moyen de transport confortable tout au long du trajet, vous assurant de voyager avec style et confort le long des pittoresques routes c\u00f4ti\u00e8res. Cependant, l&#8217;option 2 se distingue par l&#8217;inclusion d&#8217;un guide local comp\u00e9tent. Ce guide ne se contentera pas de parcourir la r\u00e9gion sans encombre, il vous fera \u00e9galement d\u00e9couvrir en profondeur l&#8217;histoire, la culture et les joyaux cach\u00e9s de la c\u00f4te amalfitaine. Gr\u00e2ce \u00e0 son expertise, vous comprendrez mieux cette destination enchanteresse. Le circuit comprend des visites de villes embl\u00e9matiques telles que Positano, Amalfi et Ravello, ce qui vous permettra d&#8217;explorer leur charme, leur histoire et leurs offres uniques. De plus, vous aurez l&#8217;occasion de savourer la cuisine locale dans un restaurant traditionnel, vous immergeant ainsi dans les saveurs authentiques de la r\u00e9gion.\u00a0<\/span><\/p>\n<p><span style=\"font-weight: 400;\">Au cours de votre visite priv\u00e9e, vous aurez l&#8217;occasion de savourer les saveurs de la r\u00e9gion gr\u00e2ce \u00e0 un d\u00e9licieux d\u00e9jeuner dans un restaurant local. Go\u00fbtez \u00e0 l&#8217;authentique cuisine r\u00e9gionale qui fait de la c\u00f4te amalfitaine un v\u00e9ritable d\u00e9lice culinaire.<\/span><\/p>\n<p><span style=\"font-weight: 400;\">\u00c0 la fin de votre visite, votre guide et votre chauffeur vous ram\u00e8neront \u00e0 votre point de d\u00e9part \u00e0 Sorrente, o\u00f9 vous pourrez continuer \u00e0 vous d\u00e9lecter des merveilles de cette ville captivante.<\/span><\/p>\n<p><span style=\"font-weight: 400;\">Si vous souhaitez d\u00e9couvrir plus en profondeur la beaut\u00e9 de Sorrente et de ses environs, <\/span><a href=\"https:\/\/tourtravelandmore.com\/fr\/city\/italie-fr\/sorrento-fr\/\"><span style=\"font-weight: 400;\">pensez \u00e0 explorer notre gamme de circuits priv\u00e9s dans cette splendide r\u00e9gion italienne.<\/span><\/a><\/p>\n","protected":false},"excerpt":{"rendered":"<p><span style=\"font-weight: 400;\">Plongez dans la splendeur pittoresque de la c\u00f4te amalfitaine gr\u00e2ce \u00e0 notre excursion priv\u00e9e au d\u00e9part de Sorrente. Explorez des villes charmantes, d\u00e9gustez une d\u00e9licieuse cuisine r\u00e9gionale et impr\u00e9gnez-vous de la beaut\u00e9 de la c\u00f4te. R\u00e9servez votre aventure d\u00e8s aujourd&#8217;hui !<\/span><\/p>\n<p>&nbsp;<\/p>\n","protected":false},"featured_media":129019,"comment_status":"open","ping_status":"closed","template":"","meta":{"_acf_changed":false},"product_brand":[],"product_cat":[3549,4149,4151,4150,4152],"product_tag":[],"class_list":{"0":"post-128816","1":"product","2":"type-product","3":"status-publish","4":"has-post-thumbnail","6":"product_cat-italie-fr","7":"product_cat-sorrento-fr","8":"product_cat-excursions-privees-a-terre-fr","9":"product_cat-tous-les-circuits-et-activites-prives-fr-2","10":"product_cat-visites-guidees-privees-fr","12":"first","13":"instock","14":"shipping-taxable","15":"purchasable","16":"product-type-simple"},"acf":[],"yoast_head":"<!-- This site is optimized with the Yoast SEO Premium plugin v25.3.1 (Yoast SEO v25.3.1) - https:\/\/yoast.com\/wordpress\/plugins\/seo\/ -->\n<title>\u27a1\ufe0f Explorer la c\u00f4te amalfitaine : Private Tour from Sorrento<\/title>\n<meta name=\"description\" content=\"D\u00e9couvrez l&#039;\u00e9poustouflante c\u00f4te amalfitaine gr\u00e2ce \u00e0 notre circuit priv\u00e9 au d\u00e9part de Sorrente. Visitez Positano, Amalfi et Ravello, et savourez la cuisine locale en cours de route \u2705\" \/>\n<meta name=\"robots\" content=\"index, follow, max-snippet:-1, max-image-preview:large, max-video-preview:-1\" \/>\n<link rel=\"canonical\" href=\"https:\/\/tourtravelandmore.com\/fr\/tours\/italie-fr\/sorrento-fr\/tous-les-circuits-et-activites-prives-fr-2\/visite-privee-de-la-cote-amalfitaine-au-depart-de-sorrento\/\" \/>\n<meta property=\"og:locale\" content=\"fr_FR\" \/>\n<meta property=\"og:type\" content=\"article\" \/>\n<meta property=\"og:title\" content=\"Visite priv\u00e9e de la c\u00f4te amalfitaine au d\u00e9part de Sorrento\" \/>\n<meta property=\"og:description\" content=\"D\u00e9couvrez l&#039;\u00e9poustouflante c\u00f4te amalfitaine gr\u00e2ce \u00e0 notre circuit priv\u00e9 au d\u00e9part de Sorrente. Visitez Positano, Amalfi et Ravello, et savourez la cuisine locale en cours de route \u2705\" \/>\n<meta property=\"og:url\" content=\"https:\/\/tourtravelandmore.com\/fr\/tours\/italie-fr\/sorrento-fr\/tous-les-circuits-et-activites-prives-fr-2\/visite-privee-de-la-cote-amalfitaine-au-depart-de-sorrento\/\" \/>\n<meta property=\"og:site_name\" content=\"Tour Travel And More\" \/>\n<meta property=\"article:publisher\" content=\"https:\/\/www.facebook.com\/tourtravelandmore\/\" \/>\n<meta property=\"article:modified_time\" content=\"2024-01-29T12:14:31+00:00\" \/>\n<meta property=\"og:image\" content=\"https:\/\/tourtravelandmore.com\/wp-content\/uploads\/2022\/06\/image1-4.jpg\" \/>\n\t<meta property=\"og:image:width\" content=\"900\" \/>\n\t<meta property=\"og:image:height\" content=\"700\" \/>\n\t<meta property=\"og:image:type\" content=\"image\/jpeg\" \/>\n<meta name=\"twitter:card\" content=\"summary_large_image\" \/>\n<meta name=\"twitter:site\" content=\"@TourTravel_More\" \/>\n<meta name=\"twitter:label1\" content=\"Dur\u00e9e de lecture estim\u00e9e\" \/>\n\t<meta name=\"twitter:data1\" content=\"4 minutes\" \/>\n<script type=\"application\/ld+json\" class=\"yoast-schema-graph\">{\"@context\":\"https:\/\/schema.org\",\"@graph\":[{\"@type\":\"WebPage\",\"@id\":\"https:\/\/tourtravelandmore.com\/fr\/tours\/italie-fr\/sorrento-fr\/tous-les-circuits-et-activites-prives-fr-2\/visite-privee-de-la-cote-amalfitaine-au-depart-de-sorrento\/\",\"url\":\"https:\/\/tourtravelandmore.com\/fr\/tours\/italie-fr\/sorrento-fr\/tous-les-circuits-et-activites-prives-fr-2\/visite-privee-de-la-cote-amalfitaine-au-depart-de-sorrento\/\",\"name\":\"\u27a1\ufe0f Explorer la c\u00f4te amalfitaine : Private Tour from Sorrento\",\"isPartOf\":{\"@id\":\"https:\/\/tourtravelandmore.com\/fr\/#website\"},\"primaryImageOfPage\":{\"@id\":\"https:\/\/tourtravelandmore.com\/fr\/tours\/italie-fr\/sorrento-fr\/tous-les-circuits-et-activites-prives-fr-2\/visite-privee-de-la-cote-amalfitaine-au-depart-de-sorrento\/#primaryimage\"},\"image\":{\"@id\":\"https:\/\/tourtravelandmore.com\/fr\/tours\/italie-fr\/sorrento-fr\/tous-les-circuits-et-activites-prives-fr-2\/visite-privee-de-la-cote-amalfitaine-au-depart-de-sorrento\/#primaryimage\"},\"thumbnailUrl\":\"https:\/\/tourtravelandmore.com\/wp-content\/uploads\/2022\/06\/image1-4.jpg\",\"datePublished\":\"2022-06-15T13:28:10+00:00\",\"dateModified\":\"2024-01-29T12:14:31+00:00\",\"description\":\"D\u00e9couvrez l'\u00e9poustouflante c\u00f4te amalfitaine gr\u00e2ce \u00e0 notre circuit priv\u00e9 au d\u00e9part de Sorrente. Visitez Positano, Amalfi et Ravello, et savourez la cuisine locale en cours de route \u2705\",\"breadcrumb\":{\"@id\":\"https:\/\/tourtravelandmore.com\/fr\/tours\/italie-fr\/sorrento-fr\/tous-les-circuits-et-activites-prives-fr-2\/visite-privee-de-la-cote-amalfitaine-au-depart-de-sorrento\/#breadcrumb\"},\"inLanguage\":\"fr-FR\",\"potentialAction\":[{\"@type\":\"ReadAction\",\"target\":[\"https:\/\/tourtravelandmore.com\/fr\/tours\/italie-fr\/sorrento-fr\/tous-les-circuits-et-activites-prives-fr-2\/visite-privee-de-la-cote-amalfitaine-au-depart-de-sorrento\/\"]}]},{\"@type\":\"ImageObject\",\"inLanguage\":\"fr-FR\",\"@id\":\"https:\/\/tourtravelandmore.com\/fr\/tours\/italie-fr\/sorrento-fr\/tous-les-circuits-et-activites-prives-fr-2\/visite-privee-de-la-cote-amalfitaine-au-depart-de-sorrento\/#primaryimage\",\"url\":\"https:\/\/tourtravelandmore.com\/wp-content\/uploads\/2022\/06\/image1-4.jpg\",\"contentUrl\":\"https:\/\/tourtravelandmore.com\/wp-content\/uploads\/2022\/06\/image1-4.jpg\",\"width\":900,\"height\":700},{\"@type\":\"BreadcrumbList\",\"@id\":\"https:\/\/tourtravelandmore.com\/fr\/tours\/italie-fr\/sorrento-fr\/tous-les-circuits-et-activites-prives-fr-2\/visite-privee-de-la-cote-amalfitaine-au-depart-de-sorrento\/#breadcrumb\",\"itemListElement\":[{\"@type\":\"ListItem\",\"position\":1,\"name\":\"Home\",\"item\":\"https:\/\/tourtravelandmore.com\/fr\/\"},{\"@type\":\"ListItem\",\"position\":2,\"name\":\"Tours\",\"item\":\"https:\/\/tourtravelandmore.com\/fr\/tours\/\"},{\"@type\":\"ListItem\",\"position\":3,\"name\":\"Visite priv\u00e9e de la c\u00f4te amalfitaine au d\u00e9part de Sorrento\"}]},{\"@type\":\"WebSite\",\"@id\":\"https:\/\/tourtravelandmore.com\/fr\/#website\",\"url\":\"https:\/\/tourtravelandmore.com\/fr\/\",\"name\":\"Tour Travel And More\",\"description\":\"Private sightseeing tours and luxury transfers in Spain\",\"publisher\":{\"@id\":\"https:\/\/tourtravelandmore.com\/fr\/#organization\"},\"potentialAction\":[{\"@type\":\"SearchAction\",\"target\":{\"@type\":\"EntryPoint\",\"urlTemplate\":\"https:\/\/tourtravelandmore.com\/fr\/?s={search_term_string}\"},\"query-input\":{\"@type\":\"PropertyValueSpecification\",\"valueRequired\":true,\"valueName\":\"search_term_string\"}}],\"inLanguage\":\"fr-FR\"},{\"@type\":\"Organization\",\"@id\":\"https:\/\/tourtravelandmore.com\/fr\/#organization\",\"name\":\"Tour Travel And More\",\"url\":\"https:\/\/tourtravelandmore.com\/fr\/\",\"logo\":{\"@type\":\"ImageObject\",\"inLanguage\":\"fr-FR\",\"@id\":\"https:\/\/tourtravelandmore.com\/fr\/#\/schema\/logo\/image\/\",\"url\":\"https:\/\/tourtravelandmore.com\/wp-content\/uploads\/2022\/12\/cropped-logo-cabecera-new.png\",\"contentUrl\":\"https:\/\/tourtravelandmore.com\/wp-content\/uploads\/2022\/12\/cropped-logo-cabecera-new.png\",\"width\":430,\"height\":61,\"caption\":\"Tour Travel And More\"},\"image\":{\"@id\":\"https:\/\/tourtravelandmore.com\/fr\/#\/schema\/logo\/image\/\"},\"sameAs\":[\"https:\/\/www.facebook.com\/tourtravelandmore\/\",\"https:\/\/x.com\/TourTravel_More\"]}]}<\/script>\n<!-- \/ Yoast SEO Premium plugin. -->","yoast_head_json":{"title":"\u27a1\ufe0f Explorer la c\u00f4te amalfitaine : Private Tour from Sorrento","description":"D\u00e9couvrez l'\u00e9poustouflante c\u00f4te amalfitaine gr\u00e2ce \u00e0 notre circuit priv\u00e9 au d\u00e9part de Sorrente. Visitez Positano, Amalfi et Ravello, et savourez la cuisine locale en cours de route \u2705","robots":{"index":"index","follow":"follow","max-snippet":"max-snippet:-1","max-image-preview":"max-image-preview:large","max-video-preview":"max-video-preview:-1"},"canonical":"https:\/\/tourtravelandmore.com\/fr\/tours\/italie-fr\/sorrento-fr\/tous-les-circuits-et-activites-prives-fr-2\/visite-privee-de-la-cote-amalfitaine-au-depart-de-sorrento\/","og_locale":"fr_FR","og_type":"article","og_title":"Visite priv\u00e9e de la c\u00f4te amalfitaine au d\u00e9part de Sorrento","og_description":"D\u00e9couvrez l'\u00e9poustouflante c\u00f4te amalfitaine gr\u00e2ce \u00e0 notre circuit priv\u00e9 au d\u00e9part de Sorrente. Visitez Positano, Amalfi et Ravello, et savourez la cuisine locale en cours de route \u2705","og_url":"https:\/\/tourtravelandmore.com\/fr\/tours\/italie-fr\/sorrento-fr\/tous-les-circuits-et-activites-prives-fr-2\/visite-privee-de-la-cote-amalfitaine-au-depart-de-sorrento\/","og_site_name":"Tour Travel And More","article_publisher":"https:\/\/www.facebook.com\/tourtravelandmore\/","article_modified_time":"2024-01-29T12:14:31+00:00","og_image":[{"width":900,"height":700,"url":"https:\/\/tourtravelandmore.com\/wp-content\/uploads\/2022\/06\/image1-4.jpg","type":"image\/jpeg"}],"twitter_card":"summary_large_image","twitter_site":"@TourTravel_More","twitter_misc":{"Dur\u00e9e de lecture estim\u00e9e":"4 minutes"},"schema":{"@context":"https:\/\/schema.org","@graph":[{"@type":"WebPage","@id":"https:\/\/tourtravelandmore.com\/fr\/tours\/italie-fr\/sorrento-fr\/tous-les-circuits-et-activites-prives-fr-2\/visite-privee-de-la-cote-amalfitaine-au-depart-de-sorrento\/","url":"https:\/\/tourtravelandmore.com\/fr\/tours\/italie-fr\/sorrento-fr\/tous-les-circuits-et-activites-prives-fr-2\/visite-privee-de-la-cote-amalfitaine-au-depart-de-sorrento\/","name":"\u27a1\ufe0f Explorer la c\u00f4te amalfitaine : Private Tour from Sorrento","isPartOf":{"@id":"https:\/\/tourtravelandmore.com\/fr\/#website"},"primaryImageOfPage":{"@id":"https:\/\/tourtravelandmore.com\/fr\/tours\/italie-fr\/sorrento-fr\/tous-les-circuits-et-activites-prives-fr-2\/visite-privee-de-la-cote-amalfitaine-au-depart-de-sorrento\/#primaryimage"},"image":{"@id":"https:\/\/tourtravelandmore.com\/fr\/tours\/italie-fr\/sorrento-fr\/tous-les-circuits-et-activites-prives-fr-2\/visite-privee-de-la-cote-amalfitaine-au-depart-de-sorrento\/#primaryimage"},"thumbnailUrl":"https:\/\/tourtravelandmore.com\/wp-content\/uploads\/2022\/06\/image1-4.jpg","datePublished":"2022-06-15T13:28:10+00:00","dateModified":"2024-01-29T12:14:31+00:00","description":"D\u00e9couvrez l'\u00e9poustouflante c\u00f4te amalfitaine gr\u00e2ce \u00e0 notre circuit priv\u00e9 au d\u00e9part de Sorrente. Visitez Positano, Amalfi et Ravello, et savourez la cuisine locale en cours de route \u2705","breadcrumb":{"@id":"https:\/\/tourtravelandmore.com\/fr\/tours\/italie-fr\/sorrento-fr\/tous-les-circuits-et-activites-prives-fr-2\/visite-privee-de-la-cote-amalfitaine-au-depart-de-sorrento\/#breadcrumb"},"inLanguage":"fr-FR","potentialAction":[{"@type":"ReadAction","target":["https:\/\/tourtravelandmore.com\/fr\/tours\/italie-fr\/sorrento-fr\/tous-les-circuits-et-activites-prives-fr-2\/visite-privee-de-la-cote-amalfitaine-au-depart-de-sorrento\/"]}]},{"@type":"ImageObject","inLanguage":"fr-FR","@id":"https:\/\/tourtravelandmore.com\/fr\/tours\/italie-fr\/sorrento-fr\/tous-les-circuits-et-activites-prives-fr-2\/visite-privee-de-la-cote-amalfitaine-au-depart-de-sorrento\/#primaryimage","url":"https:\/\/tourtravelandmore.com\/wp-content\/uploads\/2022\/06\/image1-4.jpg","contentUrl":"https:\/\/tourtravelandmore.com\/wp-content\/uploads\/2022\/06\/image1-4.jpg","width":900,"height":700},{"@type":"BreadcrumbList","@id":"https:\/\/tourtravelandmore.com\/fr\/tours\/italie-fr\/sorrento-fr\/tous-les-circuits-et-activites-prives-fr-2\/visite-privee-de-la-cote-amalfitaine-au-depart-de-sorrento\/#breadcrumb","itemListElement":[{"@type":"ListItem","position":1,"name":"Home","item":"https:\/\/tourtravelandmore.com\/fr\/"},{"@type":"ListItem","position":2,"name":"Tours","item":"https:\/\/tourtravelandmore.com\/fr\/tours\/"},{"@type":"ListItem","position":3,"name":"Visite priv\u00e9e de la c\u00f4te amalfitaine au d\u00e9part de Sorrento"}]},{"@type":"WebSite","@id":"https:\/\/tourtravelandmore.com\/fr\/#website","url":"https:\/\/tourtravelandmore.com\/fr\/","name":"Tour Travel And More","description":"Private sightseeing tours and luxury transfers in Spain","publisher":{"@id":"https:\/\/tourtravelandmore.com\/fr\/#organization"},"potentialAction":[{"@type":"SearchAction","target":{"@type":"EntryPoint","urlTemplate":"https:\/\/tourtravelandmore.com\/fr\/?s={search_term_string}"},"query-input":{"@type":"PropertyValueSpecification","valueRequired":true,"valueName":"search_term_string"}}],"inLanguage":"fr-FR"},{"@type":"Organization","@id":"https:\/\/tourtravelandmore.com\/fr\/#organization","name":"Tour Travel And More","url":"https:\/\/tourtravelandmore.com\/fr\/","logo":{"@type":"ImageObject","inLanguage":"fr-FR","@id":"https:\/\/tourtravelandmore.com\/fr\/#\/schema\/logo\/image\/","url":"https:\/\/tourtravelandmore.com\/wp-content\/uploads\/2022\/12\/cropped-logo-cabecera-new.png","contentUrl":"https:\/\/tourtravelandmore.com\/wp-content\/uploads\/2022\/12\/cropped-logo-cabecera-new.png","width":430,"height":61,"caption":"Tour Travel And More"},"image":{"@id":"https:\/\/tourtravelandmore.com\/fr\/#\/schema\/logo\/image\/"},"sameAs":["https:\/\/www.facebook.com\/tourtravelandmore\/","https:\/\/x.com\/TourTravel_More"]}]}},"_links":{"self":[{"href":"https:\/\/tourtravelandmore.com\/fr\/wp-json\/wp\/v2\/product\/128816","targetHints":{"allow":["GET"]}}],"collection":[{"href":"https:\/\/tourtravelandmore.com\/fr\/wp-json\/wp\/v2\/product"}],"about":[{"href":"https:\/\/tourtravelandmore.com\/fr\/wp-json\/wp\/v2\/types\/product"}],"replies":[{"embeddable":true,"href":"https:\/\/tourtravelandmore.com\/fr\/wp-json\/wp\/v2\/comments?post=128816"}],"wp:featuredmedia":[{"embeddable":true,"href":"https:\/\/tourtravelandmore.com\/fr\/wp-json\/wp\/v2\/media\/129019"}],"wp:attachment":[{"href":"https:\/\/tourtravelandmore.com\/fr\/wp-json\/wp\/v2\/media?parent=128816"}],"wp:term":[{"taxonomy":"product_brand","embeddable":true,"href":"https:\/\/tourtravelandmore.com\/fr\/wp-json\/wp\/v2\/product_brand?post=128816"},{"taxonomy":"product_cat","embeddable":true,"href":"https:\/\/tourtravelandmore.com\/fr\/wp-json\/wp\/v2\/product_cat?post=128816"},{"taxonomy":"product_tag","embeddable":true,"href":"https:\/\/tourtravelandmore.com\/fr\/wp-json\/wp\/v2\/product_tag?post=128816"}],"curies":[{"name":"wp","href":"https:\/\/api.w.org\/{rel}","templated":true}]}}