{"id":127722,"date":"2022-06-01T12:07:43","date_gmt":"2022-06-01T10:07:50","guid":{"rendered":"https:\/\/tourtravelandmore.com\/?post_type=product&#038;p=127722"},"modified":"2022-06-01T13:01:54","modified_gmt":"2022-06-01T11:01:54","slug":"visite-privee-de-vienne-au-depart-de-budapest","status":"publish","type":"product","link":"https:\/\/tourtravelandmore.com\/fr\/tours\/hongrie-fr\/budapest\/visite-privee-de-vienne-au-depart-de-budapest\/","title":{"rendered":"Visite priv\u00e9e de Vienne au d\u00e9part de Budapest"},"content":{"rendered":"<h2><b>Description de l&#8217;excursion priv\u00e9e \u00e0 Vienne depuis Budapest<\/b><\/h2>\n<p><span style=\"font-weight: 400;\">La meilleure fa\u00e7on de conna\u00eetre toute la ville de Vienne si vous \u00eates \u00e0 Budapest est notre visite priv\u00e9e. La visite dure 12 heures et peut \u00eatre effectu\u00e9e en plusieurs langues.<\/span><\/p>\n<p><span style=\"font-weight: 400;\">Organiser un ramassage \u00e0 Budapest est simple. Nous vous rencontrerons n&#8217;importe o\u00f9 dans la ville et nous commencerons cette excursion l\u00e0 o\u00f9 vous s\u00e9journez. Apr\u00e8s une prise en charge pratique, commen\u00e7ons ce tour \u00e0 Vienne, afin de le rendre aussi priv\u00e9 que possible.<\/span><\/p>\n<p><span style=\"font-weight: 400;\">Avec votre guide priv\u00e9, nous vous ferons d\u00e9couvrir l&#8217;histoire fascinante de Vienne et de ses origines. Vous apprendrez comment et pourquoi elle a obtenu son nom, ainsi que d&#8217;autres villes qui ont jou\u00e9 un r\u00f4le dans son histoire. Les guides sont tous des locaux qui ont une connaissance encyclop\u00e9dique de son histoire, de sa culture et de son architecture.<\/span><\/p>\n<h2><b>Points forts de l&#8217;excursion priv\u00e9e \u00e0 Vienne au d\u00e9part de Budapest<\/b><\/h2>\n<p><span style=\"font-weight: 400;\">La ville de Vienne repr\u00e9sente une exp\u00e9rience unique. Elle a une histoire riche, avec de nombreux endroits \u00e0 visiter et des choses \u00e0 voir. Votre guide priv\u00e9 vous emm\u00e8nera dans les lieux les plus int\u00e9ressants de la ville, comme le parc municipal ou le th\u00e9\u00e2tre imp\u00e9rial.<\/span><\/p>\n<p><span style=\"font-weight: 400;\">Les lieux les plus embl\u00e9matiques de la visite priv\u00e9e \u00e0 Vienne sont les suivants :<\/span><b><\/b><\/p>\n<ul>\n<li><b>Avenue Ringstrasse,<\/b><\/li>\n<li><b>Parc de la ville<\/b><\/li>\n<li><b>L&#8217;Op\u00e9ra<\/b><\/li>\n<li><b>Parlement de Vienne<\/b><\/li>\n<li><b>Th\u00e9\u00e2tre imp\u00e9rial<\/b><\/li>\n<li><b>H\u00f4tel de ville<\/b><\/li>\n<li><b>\u00c9glise votive<\/b><\/li>\n<\/ul>\n<p><span style=\"font-weight: 400;\">Nous pouvons inclure des billets de passage pour tout monument ou mus\u00e9e que vous souhaitez visiter. Veuillez contacter nos experts en voyages \u00e0 Tour Travel &amp; More si vous avez besoin d&#8217;informations suppl\u00e9mentaires.<\/span><\/p>\n<p><span style=\"font-weight: 400;\">Votre visite priv\u00e9e se terminera par le retour \u00e0 votre h\u00f4tel ou \u00e0 votre point de d\u00e9part \u00e0 Budapest avec votre chauffeur et votre v\u00e9hicule priv\u00e9s.<\/span><\/p>\n<p><span style=\"font-weight: 400;\">Ne manquez pas toutes les visites priv\u00e9es et les exp\u00e9riences que<\/span><span style=\"font-weight: 400;\"> nous pouvons vous proposer \u00e0 Budapest.<\/span><\/p>\n","protected":false},"excerpt":{"rendered":"<p><span style=\"font-weight: 400;\">Ce circuit est parfait pour ceux qui veulent explorer Vienne dans le luxe et qui veulent voir les meilleurs sites de la ville. Le guide vous emm\u00e8nera faire une visite priv\u00e9e de Vienne, vous donnera des informations sur l&#8217;histoire de la ville et vous fera des recommandations sur ce que vous devez faire ensuite.<\/span><\/p>\n","protected":false},"featured_media":127740,"comment_status":"open","ping_status":"closed","template":"","meta":{"_acf_changed":false},"product_brand":[],"product_cat":[3765],"product_tag":[],"class_list":{"0":"post-127722","1":"product","2":"type-product","3":"status-publish","4":"has-post-thumbnail","6":"product_cat-budapest","8":"first","9":"instock","10":"shipping-taxable","11":"purchasable","12":"product-type-simple"},"acf":[],"yoast_head":"<!-- This site is optimized with the Yoast SEO Premium plugin v25.3.1 (Yoast SEO v25.3.1) - https:\/\/yoast.com\/wordpress\/plugins\/seo\/ -->\n<title>Visite priv\u00e9e \u00e0 Vienne depuis Budapest | Tour Travel &amp; More<\/title>\n<meta name=\"description\" content=\"D\u00e9couvrez le meilleur de Vienne depuis Budapest gr\u00e2ce \u00e0 nos visites guid\u00e9es priv\u00e9es. Que vous soyez un amateur d&#039;histoire, un passionn\u00e9 d&#039;architecture ou un fanatique d&#039;art, nous avons quelque chose pour vous.\" \/>\n<meta name=\"robots\" content=\"index, follow, max-snippet:-1, max-image-preview:large, max-video-preview:-1\" \/>\n<link rel=\"canonical\" href=\"https:\/\/tourtravelandmore.com\/fr\/tours\/hongrie-fr\/budapest\/visite-privee-de-vienne-au-depart-de-budapest\/\" \/>\n<meta property=\"og:locale\" content=\"fr_FR\" \/>\n<meta property=\"og:type\" content=\"article\" \/>\n<meta property=\"og:title\" content=\"Visite priv\u00e9e de Vienne au d\u00e9part de Budapest\" \/>\n<meta property=\"og:description\" content=\"D\u00e9couvrez le meilleur de Vienne depuis Budapest gr\u00e2ce \u00e0 nos visites guid\u00e9es priv\u00e9es. Que vous soyez un amateur d&#039;histoire, un passionn\u00e9 d&#039;architecture ou un fanatique d&#039;art, nous avons quelque chose pour vous.\" \/>\n<meta property=\"og:url\" content=\"https:\/\/tourtravelandmore.com\/fr\/tours\/hongrie-fr\/budapest\/visite-privee-de-vienne-au-depart-de-budapest\/\" \/>\n<meta property=\"og:site_name\" content=\"Tour Travel And More\" \/>\n<meta property=\"article:publisher\" content=\"https:\/\/www.facebook.com\/tourtravelandmore\/\" \/>\n<meta property=\"article:modified_time\" content=\"2022-06-01T11:01:54+00:00\" \/>\n<meta property=\"og:image\" content=\"https:\/\/tourtravelandmore.com\/wp-content\/uploads\/2022\/06\/image3-3.jpg\" \/>\n\t<meta property=\"og:image:width\" content=\"1250\" \/>\n\t<meta property=\"og:image:height\" content=\"750\" \/>\n\t<meta property=\"og:image:type\" content=\"image\/jpeg\" \/>\n<meta name=\"twitter:card\" content=\"summary_large_image\" \/>\n<meta name=\"twitter:site\" content=\"@TourTravel_More\" \/>\n<meta name=\"twitter:label1\" content=\"Dur\u00e9e de lecture estim\u00e9e\" \/>\n\t<meta name=\"twitter:data1\" content=\"2 minutes\" \/>\n<script type=\"application\/ld+json\" class=\"yoast-schema-graph\">{\"@context\":\"https:\/\/schema.org\",\"@graph\":[{\"@type\":\"WebPage\",\"@id\":\"https:\/\/tourtravelandmore.com\/fr\/tours\/hongrie-fr\/budapest\/visite-privee-de-vienne-au-depart-de-budapest\/\",\"url\":\"https:\/\/tourtravelandmore.com\/fr\/tours\/hongrie-fr\/budapest\/visite-privee-de-vienne-au-depart-de-budapest\/\",\"name\":\"Visite priv\u00e9e \u00e0 Vienne depuis Budapest | Tour Travel & More\",\"isPartOf\":{\"@id\":\"https:\/\/tourtravelandmore.com\/fr\/#website\"},\"primaryImageOfPage\":{\"@id\":\"https:\/\/tourtravelandmore.com\/fr\/tours\/hongrie-fr\/budapest\/visite-privee-de-vienne-au-depart-de-budapest\/#primaryimage\"},\"image\":{\"@id\":\"https:\/\/tourtravelandmore.com\/fr\/tours\/hongrie-fr\/budapest\/visite-privee-de-vienne-au-depart-de-budapest\/#primaryimage\"},\"thumbnailUrl\":\"https:\/\/tourtravelandmore.com\/wp-content\/uploads\/2022\/06\/image3-3.jpg\",\"datePublished\":\"2022-06-01T10:07:50+00:00\",\"dateModified\":\"2022-06-01T11:01:54+00:00\",\"description\":\"D\u00e9couvrez le meilleur de Vienne depuis Budapest gr\u00e2ce \u00e0 nos visites guid\u00e9es priv\u00e9es. Que vous soyez un amateur d'histoire, un passionn\u00e9 d'architecture ou un fanatique d'art, nous avons quelque chose pour vous.\",\"breadcrumb\":{\"@id\":\"https:\/\/tourtravelandmore.com\/fr\/tours\/hongrie-fr\/budapest\/visite-privee-de-vienne-au-depart-de-budapest\/#breadcrumb\"},\"inLanguage\":\"fr-FR\",\"potentialAction\":[{\"@type\":\"ReadAction\",\"target\":[\"https:\/\/tourtravelandmore.com\/fr\/tours\/hongrie-fr\/budapest\/visite-privee-de-vienne-au-depart-de-budapest\/\"]}]},{\"@type\":\"ImageObject\",\"inLanguage\":\"fr-FR\",\"@id\":\"https:\/\/tourtravelandmore.com\/fr\/tours\/hongrie-fr\/budapest\/visite-privee-de-vienne-au-depart-de-budapest\/#primaryimage\",\"url\":\"https:\/\/tourtravelandmore.com\/wp-content\/uploads\/2022\/06\/image3-3.jpg\",\"contentUrl\":\"https:\/\/tourtravelandmore.com\/wp-content\/uploads\/2022\/06\/image3-3.jpg\",\"width\":1250,\"height\":750},{\"@type\":\"BreadcrumbList\",\"@id\":\"https:\/\/tourtravelandmore.com\/fr\/tours\/hongrie-fr\/budapest\/visite-privee-de-vienne-au-depart-de-budapest\/#breadcrumb\",\"itemListElement\":[{\"@type\":\"ListItem\",\"position\":1,\"name\":\"Home\",\"item\":\"https:\/\/tourtravelandmore.com\/fr\/\"},{\"@type\":\"ListItem\",\"position\":2,\"name\":\"Tours\",\"item\":\"https:\/\/tourtravelandmore.com\/fr\/tours\/\"},{\"@type\":\"ListItem\",\"position\":3,\"name\":\"Visite priv\u00e9e de Vienne au d\u00e9part de Budapest\"}]},{\"@type\":\"WebSite\",\"@id\":\"https:\/\/tourtravelandmore.com\/fr\/#website\",\"url\":\"https:\/\/tourtravelandmore.com\/fr\/\",\"name\":\"Tour Travel And More\",\"description\":\"Private sightseeing tours and luxury transfers in Spain\",\"publisher\":{\"@id\":\"https:\/\/tourtravelandmore.com\/fr\/#organization\"},\"potentialAction\":[{\"@type\":\"SearchAction\",\"target\":{\"@type\":\"EntryPoint\",\"urlTemplate\":\"https:\/\/tourtravelandmore.com\/fr\/?s={search_term_string}\"},\"query-input\":{\"@type\":\"PropertyValueSpecification\",\"valueRequired\":true,\"valueName\":\"search_term_string\"}}],\"inLanguage\":\"fr-FR\"},{\"@type\":\"Organization\",\"@id\":\"https:\/\/tourtravelandmore.com\/fr\/#organization\",\"name\":\"Tour Travel And More\",\"url\":\"https:\/\/tourtravelandmore.com\/fr\/\",\"logo\":{\"@type\":\"ImageObject\",\"inLanguage\":\"fr-FR\",\"@id\":\"https:\/\/tourtravelandmore.com\/fr\/#\/schema\/logo\/image\/\",\"url\":\"https:\/\/tourtravelandmore.com\/wp-content\/uploads\/2022\/12\/cropped-logo-cabecera-new.png\",\"contentUrl\":\"https:\/\/tourtravelandmore.com\/wp-content\/uploads\/2022\/12\/cropped-logo-cabecera-new.png\",\"width\":430,\"height\":61,\"caption\":\"Tour Travel And More\"},\"image\":{\"@id\":\"https:\/\/tourtravelandmore.com\/fr\/#\/schema\/logo\/image\/\"},\"sameAs\":[\"https:\/\/www.facebook.com\/tourtravelandmore\/\",\"https:\/\/x.com\/TourTravel_More\"]}]}<\/script>\n<!-- \/ Yoast SEO Premium plugin. -->","yoast_head_json":{"title":"Visite priv\u00e9e \u00e0 Vienne depuis Budapest | Tour Travel & More","description":"D\u00e9couvrez le meilleur de Vienne depuis Budapest gr\u00e2ce \u00e0 nos visites guid\u00e9es priv\u00e9es. Que vous soyez un amateur d'histoire, un passionn\u00e9 d'architecture ou un fanatique d'art, nous avons quelque chose pour vous.","robots":{"index":"index","follow":"follow","max-snippet":"max-snippet:-1","max-image-preview":"max-image-preview:large","max-video-preview":"max-video-preview:-1"},"canonical":"https:\/\/tourtravelandmore.com\/fr\/tours\/hongrie-fr\/budapest\/visite-privee-de-vienne-au-depart-de-budapest\/","og_locale":"fr_FR","og_type":"article","og_title":"Visite priv\u00e9e de Vienne au d\u00e9part de Budapest","og_description":"D\u00e9couvrez le meilleur de Vienne depuis Budapest gr\u00e2ce \u00e0 nos visites guid\u00e9es priv\u00e9es. Que vous soyez un amateur d'histoire, un passionn\u00e9 d'architecture ou un fanatique d'art, nous avons quelque chose pour vous.","og_url":"https:\/\/tourtravelandmore.com\/fr\/tours\/hongrie-fr\/budapest\/visite-privee-de-vienne-au-depart-de-budapest\/","og_site_name":"Tour Travel And More","article_publisher":"https:\/\/www.facebook.com\/tourtravelandmore\/","article_modified_time":"2022-06-01T11:01:54+00:00","og_image":[{"width":1250,"height":750,"url":"https:\/\/tourtravelandmore.com\/wp-content\/uploads\/2022\/06\/image3-3.jpg","type":"image\/jpeg"}],"twitter_card":"summary_large_image","twitter_site":"@TourTravel_More","twitter_misc":{"Dur\u00e9e de lecture estim\u00e9e":"2 minutes"},"schema":{"@context":"https:\/\/schema.org","@graph":[{"@type":"WebPage","@id":"https:\/\/tourtravelandmore.com\/fr\/tours\/hongrie-fr\/budapest\/visite-privee-de-vienne-au-depart-de-budapest\/","url":"https:\/\/tourtravelandmore.com\/fr\/tours\/hongrie-fr\/budapest\/visite-privee-de-vienne-au-depart-de-budapest\/","name":"Visite priv\u00e9e \u00e0 Vienne depuis Budapest | Tour Travel & More","isPartOf":{"@id":"https:\/\/tourtravelandmore.com\/fr\/#website"},"primaryImageOfPage":{"@id":"https:\/\/tourtravelandmore.com\/fr\/tours\/hongrie-fr\/budapest\/visite-privee-de-vienne-au-depart-de-budapest\/#primaryimage"},"image":{"@id":"https:\/\/tourtravelandmore.com\/fr\/tours\/hongrie-fr\/budapest\/visite-privee-de-vienne-au-depart-de-budapest\/#primaryimage"},"thumbnailUrl":"https:\/\/tourtravelandmore.com\/wp-content\/uploads\/2022\/06\/image3-3.jpg","datePublished":"2022-06-01T10:07:50+00:00","dateModified":"2022-06-01T11:01:54+00:00","description":"D\u00e9couvrez le meilleur de Vienne depuis Budapest gr\u00e2ce \u00e0 nos visites guid\u00e9es priv\u00e9es. Que vous soyez un amateur d'histoire, un passionn\u00e9 d'architecture ou un fanatique d'art, nous avons quelque chose pour vous.","breadcrumb":{"@id":"https:\/\/tourtravelandmore.com\/fr\/tours\/hongrie-fr\/budapest\/visite-privee-de-vienne-au-depart-de-budapest\/#breadcrumb"},"inLanguage":"fr-FR","potentialAction":[{"@type":"ReadAction","target":["https:\/\/tourtravelandmore.com\/fr\/tours\/hongrie-fr\/budapest\/visite-privee-de-vienne-au-depart-de-budapest\/"]}]},{"@type":"ImageObject","inLanguage":"fr-FR","@id":"https:\/\/tourtravelandmore.com\/fr\/tours\/hongrie-fr\/budapest\/visite-privee-de-vienne-au-depart-de-budapest\/#primaryimage","url":"https:\/\/tourtravelandmore.com\/wp-content\/uploads\/2022\/06\/image3-3.jpg","contentUrl":"https:\/\/tourtravelandmore.com\/wp-content\/uploads\/2022\/06\/image3-3.jpg","width":1250,"height":750},{"@type":"BreadcrumbList","@id":"https:\/\/tourtravelandmore.com\/fr\/tours\/hongrie-fr\/budapest\/visite-privee-de-vienne-au-depart-de-budapest\/#breadcrumb","itemListElement":[{"@type":"ListItem","position":1,"name":"Home","item":"https:\/\/tourtravelandmore.com\/fr\/"},{"@type":"ListItem","position":2,"name":"Tours","item":"https:\/\/tourtravelandmore.com\/fr\/tours\/"},{"@type":"ListItem","position":3,"name":"Visite priv\u00e9e de Vienne au d\u00e9part de Budapest"}]},{"@type":"WebSite","@id":"https:\/\/tourtravelandmore.com\/fr\/#website","url":"https:\/\/tourtravelandmore.com\/fr\/","name":"Tour Travel And More","description":"Private sightseeing tours and luxury transfers in Spain","publisher":{"@id":"https:\/\/tourtravelandmore.com\/fr\/#organization"},"potentialAction":[{"@type":"SearchAction","target":{"@type":"EntryPoint","urlTemplate":"https:\/\/tourtravelandmore.com\/fr\/?s={search_term_string}"},"query-input":{"@type":"PropertyValueSpecification","valueRequired":true,"valueName":"search_term_string"}}],"inLanguage":"fr-FR"},{"@type":"Organization","@id":"https:\/\/tourtravelandmore.com\/fr\/#organization","name":"Tour Travel And More","url":"https:\/\/tourtravelandmore.com\/fr\/","logo":{"@type":"ImageObject","inLanguage":"fr-FR","@id":"https:\/\/tourtravelandmore.com\/fr\/#\/schema\/logo\/image\/","url":"https:\/\/tourtravelandmore.com\/wp-content\/uploads\/2022\/12\/cropped-logo-cabecera-new.png","contentUrl":"https:\/\/tourtravelandmore.com\/wp-content\/uploads\/2022\/12\/cropped-logo-cabecera-new.png","width":430,"height":61,"caption":"Tour Travel And More"},"image":{"@id":"https:\/\/tourtravelandmore.com\/fr\/#\/schema\/logo\/image\/"},"sameAs":["https:\/\/www.facebook.com\/tourtravelandmore\/","https:\/\/x.com\/TourTravel_More"]}]}},"_links":{"self":[{"href":"https:\/\/tourtravelandmore.com\/fr\/wp-json\/wp\/v2\/product\/127722","targetHints":{"allow":["GET"]}}],"collection":[{"href":"https:\/\/tourtravelandmore.com\/fr\/wp-json\/wp\/v2\/product"}],"about":[{"href":"https:\/\/tourtravelandmore.com\/fr\/wp-json\/wp\/v2\/types\/product"}],"replies":[{"embeddable":true,"href":"https:\/\/tourtravelandmore.com\/fr\/wp-json\/wp\/v2\/comments?post=127722"}],"wp:featuredmedia":[{"embeddable":true,"href":"https:\/\/tourtravelandmore.com\/fr\/wp-json\/wp\/v2\/media\/127740"}],"wp:attachment":[{"href":"https:\/\/tourtravelandmore.com\/fr\/wp-json\/wp\/v2\/media?parent=127722"}],"wp:term":[{"taxonomy":"product_brand","embeddable":true,"href":"https:\/\/tourtravelandmore.com\/fr\/wp-json\/wp\/v2\/product_brand?post=127722"},{"taxonomy":"product_cat","embeddable":true,"href":"https:\/\/tourtravelandmore.com\/fr\/wp-json\/wp\/v2\/product_cat?post=127722"},{"taxonomy":"product_tag","embeddable":true,"href":"https:\/\/tourtravelandmore.com\/fr\/wp-json\/wp\/v2\/product_tag?post=127722"}],"curies":[{"name":"wp","href":"https:\/\/api.w.org\/{rel}","templated":true}]}}