{"id":127681,"date":"2022-06-01T11:56:01","date_gmt":"2022-06-01T09:56:09","guid":{"rendered":"https:\/\/tourtravelandmore.com\/?post_type=product&#038;p=127681"},"modified":"2022-06-01T12:07:10","modified_gmt":"2022-06-01T10:07:10","slug":"visite-nocturne-privee-de-budapest","status":"publish","type":"product","link":"https:\/\/tourtravelandmore.com\/fr\/tours\/hongrie-fr\/budapest\/visite-nocturne-privee-de-budapest\/","title":{"rendered":"Visite nocturne priv\u00e9e de Budapest"},"content":{"rendered":"<h2><b>Description de l&#8217;excursion nocturne priv\u00e9e \u00e0 Budapest<\/b><\/h2>\n<p><span style=\"font-weight: 400;\">Budapest est une ville parfaite \u00e0 explorer lors d&#8217;une visite nocturne. Avec son histoire et sa culture riches, elle offre une exp\u00e9rience unique.<\/span><\/p>\n<p><span style=\"font-weight: 400;\">Cette visite nocturne priv\u00e9e de Budapest est une exp\u00e9rience inoubliable qui comprend un guide expert et un v\u00e9hicule de luxe. Cette visite vous emm\u00e8nera dans une visite priv\u00e9e de Budapest la nuit, en visitant les meilleurs sites de la ville avec l&#8217;aide de votre guide personnel.<\/span><\/p>\n<p><span style=\"font-weight: 400;\">Vous rencontrerez d&#8217;abord votre chauffeur et votre v\u00e9hicule de luxe \u00e0 un endroit central de Budapest ou nous viendrons vous chercher \u00e0 votre h\u00e9bergement et nous vous emm\u00e8nerons visiter les lieux les plus embl\u00e9matiques et magiques de Budapest pendant la nuit.<\/span><\/p>\n<h2><b>Sites \u00e0 visiter lors du circuit priv\u00e9 de Budapest<\/b><\/h2>\n<p><span style=\"font-weight: 400;\">La capitale hongroise offre de nombreux sites d&#8217;int\u00e9r\u00eat. Votre chauffeur et son v\u00e9hicule vous proposeront un circuit de 3 heures ou plus si vous le souhaitez, o\u00f9 vous pourrez visiter les lieux les plus embl\u00e9matiques et les plus amusants de nuit, depuis le centre-ville \u00e9galement :<\/span><b><\/b><\/p>\n<ul>\n<li><b>Place Sissi<\/b><\/li>\n<li><b>Op\u00e9ra d&#8217;\u00c9tat<\/b><\/li>\n<li><b>district VII<\/b><\/li>\n<li><b>lieux d\u00e9cor\u00e9s de graffitis<\/b><\/li>\n<li><b>Gozsdu Udvar<\/b><\/li>\n<\/ul>\n<p><span style=\"font-weight: 400;\">\u00c0 la fin de la visite nocturne, votre chauffeur et votre v\u00e9hicule priv\u00e9 vous ram\u00e8neront au point de ramassage \u00e0 Budapest.<\/span><\/p>\n<p><span style=\"font-weight: 400;\">Si vous souhaitez en savoir plus sur Budapest et ses magnifiques sites,<\/span><span style=\"font-weight: 400;\"> n&#8217;h\u00e9sitez pas \u00e0 consulter notre liste de visites de la capitale hongroise.<\/span><\/p>\n","protected":false},"excerpt":{"rendered":"<p><span style=\"font-weight: 400;\">Une visite nocturne priv\u00e9e est la meilleure fa\u00e7on d&#8217;explorer Budapest, car elle vous emm\u00e8ne dans des endroits auxquels vous ne pouvez pas acc\u00e9der pendant la journ\u00e9e. Il n&#8217;y a pas de meilleure fa\u00e7on de voir cette belle ville que la nuit.<\/span><\/p>\n","protected":false},"featured_media":127699,"comment_status":"open","ping_status":"closed","template":"","meta":{"_acf_changed":false},"product_brand":[],"product_cat":[3765],"product_tag":[],"class_list":{"0":"post-127681","1":"product","2":"type-product","3":"status-publish","4":"has-post-thumbnail","6":"product_cat-budapest","8":"first","9":"instock","10":"shipping-taxable","11":"purchasable","12":"product-type-simple"},"acf":[],"yoast_head":"<!-- This site is optimized with the Yoast SEO Premium plugin v25.3.1 (Yoast SEO v25.3.1) - https:\/\/yoast.com\/wordpress\/plugins\/seo\/ -->\n<title>Private Budapest Night Tour - Tour Travel &amp; More<\/title>\n<meta name=\"description\" content=\"D\u00e9couvrez Budapest comme un local en nous rejoignant pour une visite priv\u00e9e de la ville de nuit. Vous verrez tous les joyaux cach\u00e9s et apprendrez les meilleurs endroits \u00e0 visiter la prochaine fois que vous serez en ville \u2705\" \/>\n<meta name=\"robots\" content=\"index, follow, max-snippet:-1, max-image-preview:large, max-video-preview:-1\" \/>\n<link rel=\"canonical\" href=\"https:\/\/tourtravelandmore.com\/fr\/tours\/hongrie-fr\/budapest\/visite-nocturne-privee-de-budapest\/\" \/>\n<meta property=\"og:locale\" content=\"fr_FR\" \/>\n<meta property=\"og:type\" content=\"article\" \/>\n<meta property=\"og:title\" content=\"Visite nocturne priv\u00e9e de Budapest\" \/>\n<meta property=\"og:description\" content=\"D\u00e9couvrez Budapest comme un local en nous rejoignant pour une visite priv\u00e9e de la ville de nuit. Vous verrez tous les joyaux cach\u00e9s et apprendrez les meilleurs endroits \u00e0 visiter la prochaine fois que vous serez en ville \u2705\" \/>\n<meta property=\"og:url\" content=\"https:\/\/tourtravelandmore.com\/fr\/tours\/hongrie-fr\/budapest\/visite-nocturne-privee-de-budapest\/\" \/>\n<meta property=\"og:site_name\" content=\"Tour Travel And More\" \/>\n<meta property=\"article:publisher\" content=\"https:\/\/www.facebook.com\/tourtravelandmore\/\" \/>\n<meta property=\"article:modified_time\" content=\"2022-06-01T10:07:10+00:00\" \/>\n<meta property=\"og:image\" content=\"https:\/\/tourtravelandmore.com\/wp-content\/uploads\/2022\/06\/image3-2.jpg\" \/>\n\t<meta property=\"og:image:width\" content=\"1250\" \/>\n\t<meta property=\"og:image:height\" content=\"750\" \/>\n\t<meta property=\"og:image:type\" content=\"image\/jpeg\" \/>\n<meta name=\"twitter:card\" content=\"summary_large_image\" \/>\n<meta name=\"twitter:site\" content=\"@TourTravel_More\" \/>\n<meta name=\"twitter:label1\" content=\"Dur\u00e9e de lecture estim\u00e9e\" \/>\n\t<meta name=\"twitter:data1\" content=\"1 minute\" \/>\n<script type=\"application\/ld+json\" class=\"yoast-schema-graph\">{\"@context\":\"https:\/\/schema.org\",\"@graph\":[{\"@type\":\"WebPage\",\"@id\":\"https:\/\/tourtravelandmore.com\/fr\/tours\/hongrie-fr\/budapest\/visite-nocturne-privee-de-budapest\/\",\"url\":\"https:\/\/tourtravelandmore.com\/fr\/tours\/hongrie-fr\/budapest\/visite-nocturne-privee-de-budapest\/\",\"name\":\"Private Budapest Night Tour - Tour Travel & More\",\"isPartOf\":{\"@id\":\"https:\/\/tourtravelandmore.com\/fr\/#website\"},\"primaryImageOfPage\":{\"@id\":\"https:\/\/tourtravelandmore.com\/fr\/tours\/hongrie-fr\/budapest\/visite-nocturne-privee-de-budapest\/#primaryimage\"},\"image\":{\"@id\":\"https:\/\/tourtravelandmore.com\/fr\/tours\/hongrie-fr\/budapest\/visite-nocturne-privee-de-budapest\/#primaryimage\"},\"thumbnailUrl\":\"https:\/\/tourtravelandmore.com\/wp-content\/uploads\/2022\/06\/image3-2.jpg\",\"datePublished\":\"2022-06-01T09:56:09+00:00\",\"dateModified\":\"2022-06-01T10:07:10+00:00\",\"description\":\"D\u00e9couvrez Budapest comme un local en nous rejoignant pour une visite priv\u00e9e de la ville de nuit. Vous verrez tous les joyaux cach\u00e9s et apprendrez les meilleurs endroits \u00e0 visiter la prochaine fois que vous serez en ville \u2705\",\"breadcrumb\":{\"@id\":\"https:\/\/tourtravelandmore.com\/fr\/tours\/hongrie-fr\/budapest\/visite-nocturne-privee-de-budapest\/#breadcrumb\"},\"inLanguage\":\"fr-FR\",\"potentialAction\":[{\"@type\":\"ReadAction\",\"target\":[\"https:\/\/tourtravelandmore.com\/fr\/tours\/hongrie-fr\/budapest\/visite-nocturne-privee-de-budapest\/\"]}]},{\"@type\":\"ImageObject\",\"inLanguage\":\"fr-FR\",\"@id\":\"https:\/\/tourtravelandmore.com\/fr\/tours\/hongrie-fr\/budapest\/visite-nocturne-privee-de-budapest\/#primaryimage\",\"url\":\"https:\/\/tourtravelandmore.com\/wp-content\/uploads\/2022\/06\/image3-2.jpg\",\"contentUrl\":\"https:\/\/tourtravelandmore.com\/wp-content\/uploads\/2022\/06\/image3-2.jpg\",\"width\":1250,\"height\":750},{\"@type\":\"BreadcrumbList\",\"@id\":\"https:\/\/tourtravelandmore.com\/fr\/tours\/hongrie-fr\/budapest\/visite-nocturne-privee-de-budapest\/#breadcrumb\",\"itemListElement\":[{\"@type\":\"ListItem\",\"position\":1,\"name\":\"Home\",\"item\":\"https:\/\/tourtravelandmore.com\/fr\/\"},{\"@type\":\"ListItem\",\"position\":2,\"name\":\"Tours\",\"item\":\"https:\/\/tourtravelandmore.com\/fr\/tours\/\"},{\"@type\":\"ListItem\",\"position\":3,\"name\":\"Visite nocturne priv\u00e9e de Budapest\"}]},{\"@type\":\"WebSite\",\"@id\":\"https:\/\/tourtravelandmore.com\/fr\/#website\",\"url\":\"https:\/\/tourtravelandmore.com\/fr\/\",\"name\":\"Tour Travel And More\",\"description\":\"Private sightseeing tours and luxury transfers in Spain\",\"publisher\":{\"@id\":\"https:\/\/tourtravelandmore.com\/fr\/#organization\"},\"potentialAction\":[{\"@type\":\"SearchAction\",\"target\":{\"@type\":\"EntryPoint\",\"urlTemplate\":\"https:\/\/tourtravelandmore.com\/fr\/?s={search_term_string}\"},\"query-input\":{\"@type\":\"PropertyValueSpecification\",\"valueRequired\":true,\"valueName\":\"search_term_string\"}}],\"inLanguage\":\"fr-FR\"},{\"@type\":\"Organization\",\"@id\":\"https:\/\/tourtravelandmore.com\/fr\/#organization\",\"name\":\"Tour Travel And More\",\"url\":\"https:\/\/tourtravelandmore.com\/fr\/\",\"logo\":{\"@type\":\"ImageObject\",\"inLanguage\":\"fr-FR\",\"@id\":\"https:\/\/tourtravelandmore.com\/fr\/#\/schema\/logo\/image\/\",\"url\":\"https:\/\/tourtravelandmore.com\/wp-content\/uploads\/2022\/12\/cropped-logo-cabecera-new.png\",\"contentUrl\":\"https:\/\/tourtravelandmore.com\/wp-content\/uploads\/2022\/12\/cropped-logo-cabecera-new.png\",\"width\":430,\"height\":61,\"caption\":\"Tour Travel And More\"},\"image\":{\"@id\":\"https:\/\/tourtravelandmore.com\/fr\/#\/schema\/logo\/image\/\"},\"sameAs\":[\"https:\/\/www.facebook.com\/tourtravelandmore\/\",\"https:\/\/x.com\/TourTravel_More\"]}]}<\/script>\n<!-- \/ Yoast SEO Premium plugin. -->","yoast_head_json":{"title":"Private Budapest Night Tour - Tour Travel & More","description":"D\u00e9couvrez Budapest comme un local en nous rejoignant pour une visite priv\u00e9e de la ville de nuit. Vous verrez tous les joyaux cach\u00e9s et apprendrez les meilleurs endroits \u00e0 visiter la prochaine fois que vous serez en ville \u2705","robots":{"index":"index","follow":"follow","max-snippet":"max-snippet:-1","max-image-preview":"max-image-preview:large","max-video-preview":"max-video-preview:-1"},"canonical":"https:\/\/tourtravelandmore.com\/fr\/tours\/hongrie-fr\/budapest\/visite-nocturne-privee-de-budapest\/","og_locale":"fr_FR","og_type":"article","og_title":"Visite nocturne priv\u00e9e de Budapest","og_description":"D\u00e9couvrez Budapest comme un local en nous rejoignant pour une visite priv\u00e9e de la ville de nuit. Vous verrez tous les joyaux cach\u00e9s et apprendrez les meilleurs endroits \u00e0 visiter la prochaine fois que vous serez en ville \u2705","og_url":"https:\/\/tourtravelandmore.com\/fr\/tours\/hongrie-fr\/budapest\/visite-nocturne-privee-de-budapest\/","og_site_name":"Tour Travel And More","article_publisher":"https:\/\/www.facebook.com\/tourtravelandmore\/","article_modified_time":"2022-06-01T10:07:10+00:00","og_image":[{"width":1250,"height":750,"url":"https:\/\/tourtravelandmore.com\/wp-content\/uploads\/2022\/06\/image3-2.jpg","type":"image\/jpeg"}],"twitter_card":"summary_large_image","twitter_site":"@TourTravel_More","twitter_misc":{"Dur\u00e9e de lecture estim\u00e9e":"1 minute"},"schema":{"@context":"https:\/\/schema.org","@graph":[{"@type":"WebPage","@id":"https:\/\/tourtravelandmore.com\/fr\/tours\/hongrie-fr\/budapest\/visite-nocturne-privee-de-budapest\/","url":"https:\/\/tourtravelandmore.com\/fr\/tours\/hongrie-fr\/budapest\/visite-nocturne-privee-de-budapest\/","name":"Private Budapest Night Tour - Tour Travel & More","isPartOf":{"@id":"https:\/\/tourtravelandmore.com\/fr\/#website"},"primaryImageOfPage":{"@id":"https:\/\/tourtravelandmore.com\/fr\/tours\/hongrie-fr\/budapest\/visite-nocturne-privee-de-budapest\/#primaryimage"},"image":{"@id":"https:\/\/tourtravelandmore.com\/fr\/tours\/hongrie-fr\/budapest\/visite-nocturne-privee-de-budapest\/#primaryimage"},"thumbnailUrl":"https:\/\/tourtravelandmore.com\/wp-content\/uploads\/2022\/06\/image3-2.jpg","datePublished":"2022-06-01T09:56:09+00:00","dateModified":"2022-06-01T10:07:10+00:00","description":"D\u00e9couvrez Budapest comme un local en nous rejoignant pour une visite priv\u00e9e de la ville de nuit. Vous verrez tous les joyaux cach\u00e9s et apprendrez les meilleurs endroits \u00e0 visiter la prochaine fois que vous serez en ville \u2705","breadcrumb":{"@id":"https:\/\/tourtravelandmore.com\/fr\/tours\/hongrie-fr\/budapest\/visite-nocturne-privee-de-budapest\/#breadcrumb"},"inLanguage":"fr-FR","potentialAction":[{"@type":"ReadAction","target":["https:\/\/tourtravelandmore.com\/fr\/tours\/hongrie-fr\/budapest\/visite-nocturne-privee-de-budapest\/"]}]},{"@type":"ImageObject","inLanguage":"fr-FR","@id":"https:\/\/tourtravelandmore.com\/fr\/tours\/hongrie-fr\/budapest\/visite-nocturne-privee-de-budapest\/#primaryimage","url":"https:\/\/tourtravelandmore.com\/wp-content\/uploads\/2022\/06\/image3-2.jpg","contentUrl":"https:\/\/tourtravelandmore.com\/wp-content\/uploads\/2022\/06\/image3-2.jpg","width":1250,"height":750},{"@type":"BreadcrumbList","@id":"https:\/\/tourtravelandmore.com\/fr\/tours\/hongrie-fr\/budapest\/visite-nocturne-privee-de-budapest\/#breadcrumb","itemListElement":[{"@type":"ListItem","position":1,"name":"Home","item":"https:\/\/tourtravelandmore.com\/fr\/"},{"@type":"ListItem","position":2,"name":"Tours","item":"https:\/\/tourtravelandmore.com\/fr\/tours\/"},{"@type":"ListItem","position":3,"name":"Visite nocturne priv\u00e9e de Budapest"}]},{"@type":"WebSite","@id":"https:\/\/tourtravelandmore.com\/fr\/#website","url":"https:\/\/tourtravelandmore.com\/fr\/","name":"Tour Travel And More","description":"Private sightseeing tours and luxury transfers in Spain","publisher":{"@id":"https:\/\/tourtravelandmore.com\/fr\/#organization"},"potentialAction":[{"@type":"SearchAction","target":{"@type":"EntryPoint","urlTemplate":"https:\/\/tourtravelandmore.com\/fr\/?s={search_term_string}"},"query-input":{"@type":"PropertyValueSpecification","valueRequired":true,"valueName":"search_term_string"}}],"inLanguage":"fr-FR"},{"@type":"Organization","@id":"https:\/\/tourtravelandmore.com\/fr\/#organization","name":"Tour Travel And More","url":"https:\/\/tourtravelandmore.com\/fr\/","logo":{"@type":"ImageObject","inLanguage":"fr-FR","@id":"https:\/\/tourtravelandmore.com\/fr\/#\/schema\/logo\/image\/","url":"https:\/\/tourtravelandmore.com\/wp-content\/uploads\/2022\/12\/cropped-logo-cabecera-new.png","contentUrl":"https:\/\/tourtravelandmore.com\/wp-content\/uploads\/2022\/12\/cropped-logo-cabecera-new.png","width":430,"height":61,"caption":"Tour Travel And More"},"image":{"@id":"https:\/\/tourtravelandmore.com\/fr\/#\/schema\/logo\/image\/"},"sameAs":["https:\/\/www.facebook.com\/tourtravelandmore\/","https:\/\/x.com\/TourTravel_More"]}]}},"_links":{"self":[{"href":"https:\/\/tourtravelandmore.com\/fr\/wp-json\/wp\/v2\/product\/127681","targetHints":{"allow":["GET"]}}],"collection":[{"href":"https:\/\/tourtravelandmore.com\/fr\/wp-json\/wp\/v2\/product"}],"about":[{"href":"https:\/\/tourtravelandmore.com\/fr\/wp-json\/wp\/v2\/types\/product"}],"replies":[{"embeddable":true,"href":"https:\/\/tourtravelandmore.com\/fr\/wp-json\/wp\/v2\/comments?post=127681"}],"wp:featuredmedia":[{"embeddable":true,"href":"https:\/\/tourtravelandmore.com\/fr\/wp-json\/wp\/v2\/media\/127699"}],"wp:attachment":[{"href":"https:\/\/tourtravelandmore.com\/fr\/wp-json\/wp\/v2\/media?parent=127681"}],"wp:term":[{"taxonomy":"product_brand","embeddable":true,"href":"https:\/\/tourtravelandmore.com\/fr\/wp-json\/wp\/v2\/product_brand?post=127681"},{"taxonomy":"product_cat","embeddable":true,"href":"https:\/\/tourtravelandmore.com\/fr\/wp-json\/wp\/v2\/product_cat?post=127681"},{"taxonomy":"product_tag","embeddable":true,"href":"https:\/\/tourtravelandmore.com\/fr\/wp-json\/wp\/v2\/product_tag?post=127681"}],"curies":[{"name":"wp","href":"https:\/\/api.w.org\/{rel}","templated":true}]}}