{"id":127641,"date":"2022-06-01T11:44:08","date_gmt":"2022-06-01T09:44:15","guid":{"rendered":"https:\/\/tourtravelandmore.com\/?post_type=product&#038;p=127641"},"modified":"2022-06-01T11:55:11","modified_gmt":"2022-06-01T09:55:11","slug":"visite-privee-de-szentendre-depuis-budapest","status":"publish","type":"product","link":"https:\/\/tourtravelandmore.com\/fr\/tours\/hongrie-fr\/budapest\/visite-privee-de-szentendre-depuis-budapest\/","title":{"rendered":"Visite priv\u00e9e de Szentendre depuis Budapest"},"content":{"rendered":"<h2><b>Description du tour de ville priv\u00e9 de Szentendre depuis Budapest<\/b><\/h2>\n<p><span style=\"font-weight: 400;\">Faites une visite priv\u00e9e \u00e0 Szentendre depuis Budapest. Vivez une exp\u00e9rience de luxe avec un guide priv\u00e9 et un v\u00e9hicule priv\u00e9. Visitez les sites les plus importants de la ville et d\u00e9couvrez la culture hongroise.<\/span><\/p>\n<p><span style=\"font-weight: 400;\">La visite comprend 4 heures, au cours desquelles vous visiterez les points forts de Szentendre, notamment le centre historique, les \u00e9tablissements baroques, le mus\u00e9e de la poterie Margit Kov\u00e1cs, le mus\u00e9e de la p\u00e2tisserie, etc.<\/span><\/p>\n<p><span style=\"font-weight: 400;\">L&#8217;excursion dans cette belle ville commence \u00e0 votre point de ramassage \u00e0 Budapest ou sur votre lieu d&#8217;h\u00e9bergement, o\u00f9 nous nous rendrons ensuite dans la ville de Szentendre.<\/span><\/p>\n<p><span style=\"font-weight: 400;\">Cette visite priv\u00e9e comprend un guide local expert, un chauffeur et un v\u00e9hicule priv\u00e9.<\/span><\/p>\n<h2><b>Points forts de Szentendre Visite priv\u00e9e de Szentendre au d\u00e9part de Budapest<\/b><\/h2>\n<p><span style=\"font-weight: 400;\">Au d\u00e9but de la visite, notre guide vous emm\u00e8nera dans diff\u00e9rents points d&#8217;int\u00e9r\u00eat de cette ville, \u00e9galement appel\u00e9e la ville des artistes, o\u00f9 vous pourrez en apprendre davantage sur ses lieux embl\u00e9matiques tels que.. :<\/span><b><\/b><\/p>\n<ul>\n<li><b>Centre historique<\/b><\/li>\n<li><b>Colonies baroques<\/b><\/li>\n<li><b>Mus\u00e9e de la poterie Margit Kov\u00e1cs<\/b><\/li>\n<li><b>Mus\u00e9e de la confiserie<\/b><\/li>\n<li><b>Et plus encore !<\/b><\/li>\n<\/ul>\n<p><span style=\"font-weight: 400;\">\u00c0 la fin de la visite priv\u00e9e, votre chauffeur vous ram\u00e8nera au point de ramassage \u00e0 Budapest afin que vous puissiez continuer \u00e0 profiter de cette belle destination.<\/span><\/p>\n<p><span style=\"font-weight: 400;\">Si, en revanche, vous souhaitez d\u00e9couvrir Budapest de mani\u00e8re priv\u00e9e et luxueuse, n&#8217;h\u00e9sitez pas \u00e0 consulter nos <\/span><span style=\"font-weight: 400;\">circuits dans la belle capitale hongroise.<\/span><\/p>\n","protected":false},"excerpt":{"rendered":"<p><span style=\"font-weight: 400;\">Profitez d&#8217;une visite priv\u00e9e \u00e0 Szentendre en partant de Budapest, la visite comprend un v\u00e9hicule et un guide expert pendant 4 heures, ce sera une exp\u00e9rience inoubliable.<\/span><\/p>\n","protected":false},"featured_media":127659,"comment_status":"open","ping_status":"closed","template":"","meta":{"_acf_changed":false},"product_brand":[],"product_cat":[3765],"product_tag":[],"class_list":{"0":"post-127641","1":"product","2":"type-product","3":"status-publish","4":"has-post-thumbnail","6":"product_cat-budapest","8":"first","9":"instock","10":"shipping-taxable","11":"purchasable","12":"product-type-simple"},"acf":[],"yoast_head":"<!-- This site is optimized with the Yoast SEO Premium plugin v25.3.1 (Yoast SEO v25.3.1) - https:\/\/yoast.com\/wordpress\/plugins\/seo\/ -->\n<title>Private Szentendre Tour from Budapest | Tour Travel &amp; More<\/title>\n<meta name=\"description\" content=\"Il s&#039;agit d&#039;un tour de ville priv\u00e9 de Szentendre au d\u00e9part de Budapest. Au cours de ce tour ou de cette visite, vous vous prom\u00e8nerez dans les rues et les lieux les plus embl\u00e9matiques de Szentendre. les lieux les plus embl\u00e9matiques \u2705\" \/>\n<meta name=\"robots\" content=\"index, follow, max-snippet:-1, max-image-preview:large, max-video-preview:-1\" \/>\n<link rel=\"canonical\" href=\"https:\/\/tourtravelandmore.com\/fr\/tours\/hongrie-fr\/budapest\/visite-privee-de-szentendre-depuis-budapest\/\" \/>\n<meta property=\"og:locale\" content=\"fr_FR\" \/>\n<meta property=\"og:type\" content=\"article\" \/>\n<meta property=\"og:title\" content=\"Visite priv\u00e9e de Szentendre depuis Budapest\" \/>\n<meta property=\"og:description\" content=\"Il s&#039;agit d&#039;un tour de ville priv\u00e9 de Szentendre au d\u00e9part de Budapest. Au cours de ce tour ou de cette visite, vous vous prom\u00e8nerez dans les rues et les lieux les plus embl\u00e9matiques de Szentendre. les lieux les plus embl\u00e9matiques \u2705\" \/>\n<meta property=\"og:url\" content=\"https:\/\/tourtravelandmore.com\/fr\/tours\/hongrie-fr\/budapest\/visite-privee-de-szentendre-depuis-budapest\/\" \/>\n<meta property=\"og:site_name\" content=\"Tour Travel And More\" \/>\n<meta property=\"article:publisher\" content=\"https:\/\/www.facebook.com\/tourtravelandmore\/\" \/>\n<meta property=\"article:modified_time\" content=\"2022-06-01T09:55:11+00:00\" \/>\n<meta property=\"og:image\" content=\"https:\/\/tourtravelandmore.com\/wp-content\/uploads\/2022\/06\/image3-1.jpg\" \/>\n\t<meta property=\"og:image:width\" content=\"1250\" \/>\n\t<meta property=\"og:image:height\" content=\"750\" \/>\n\t<meta property=\"og:image:type\" content=\"image\/jpeg\" \/>\n<meta name=\"twitter:card\" content=\"summary_large_image\" \/>\n<meta name=\"twitter:site\" content=\"@TourTravel_More\" \/>\n<meta name=\"twitter:label1\" content=\"Dur\u00e9e de lecture estim\u00e9e\" \/>\n\t<meta name=\"twitter:data1\" content=\"1 minute\" \/>\n<script type=\"application\/ld+json\" class=\"yoast-schema-graph\">{\"@context\":\"https:\/\/schema.org\",\"@graph\":[{\"@type\":\"WebPage\",\"@id\":\"https:\/\/tourtravelandmore.com\/fr\/tours\/hongrie-fr\/budapest\/visite-privee-de-szentendre-depuis-budapest\/\",\"url\":\"https:\/\/tourtravelandmore.com\/fr\/tours\/hongrie-fr\/budapest\/visite-privee-de-szentendre-depuis-budapest\/\",\"name\":\"Private Szentendre Tour from Budapest | Tour Travel & More\",\"isPartOf\":{\"@id\":\"https:\/\/tourtravelandmore.com\/fr\/#website\"},\"primaryImageOfPage\":{\"@id\":\"https:\/\/tourtravelandmore.com\/fr\/tours\/hongrie-fr\/budapest\/visite-privee-de-szentendre-depuis-budapest\/#primaryimage\"},\"image\":{\"@id\":\"https:\/\/tourtravelandmore.com\/fr\/tours\/hongrie-fr\/budapest\/visite-privee-de-szentendre-depuis-budapest\/#primaryimage\"},\"thumbnailUrl\":\"https:\/\/tourtravelandmore.com\/wp-content\/uploads\/2022\/06\/image3-1.jpg\",\"datePublished\":\"2022-06-01T09:44:15+00:00\",\"dateModified\":\"2022-06-01T09:55:11+00:00\",\"description\":\"Il s'agit d'un tour de ville priv\u00e9 de Szentendre au d\u00e9part de Budapest. Au cours de ce tour ou de cette visite, vous vous prom\u00e8nerez dans les rues et les lieux les plus embl\u00e9matiques de Szentendre. les lieux les plus embl\u00e9matiques \u2705\",\"breadcrumb\":{\"@id\":\"https:\/\/tourtravelandmore.com\/fr\/tours\/hongrie-fr\/budapest\/visite-privee-de-szentendre-depuis-budapest\/#breadcrumb\"},\"inLanguage\":\"fr-FR\",\"potentialAction\":[{\"@type\":\"ReadAction\",\"target\":[\"https:\/\/tourtravelandmore.com\/fr\/tours\/hongrie-fr\/budapest\/visite-privee-de-szentendre-depuis-budapest\/\"]}]},{\"@type\":\"ImageObject\",\"inLanguage\":\"fr-FR\",\"@id\":\"https:\/\/tourtravelandmore.com\/fr\/tours\/hongrie-fr\/budapest\/visite-privee-de-szentendre-depuis-budapest\/#primaryimage\",\"url\":\"https:\/\/tourtravelandmore.com\/wp-content\/uploads\/2022\/06\/image3-1.jpg\",\"contentUrl\":\"https:\/\/tourtravelandmore.com\/wp-content\/uploads\/2022\/06\/image3-1.jpg\",\"width\":1250,\"height\":750},{\"@type\":\"BreadcrumbList\",\"@id\":\"https:\/\/tourtravelandmore.com\/fr\/tours\/hongrie-fr\/budapest\/visite-privee-de-szentendre-depuis-budapest\/#breadcrumb\",\"itemListElement\":[{\"@type\":\"ListItem\",\"position\":1,\"name\":\"Home\",\"item\":\"https:\/\/tourtravelandmore.com\/fr\/\"},{\"@type\":\"ListItem\",\"position\":2,\"name\":\"Tours\",\"item\":\"https:\/\/tourtravelandmore.com\/fr\/tours\/\"},{\"@type\":\"ListItem\",\"position\":3,\"name\":\"Visite priv\u00e9e de Szentendre depuis Budapest\"}]},{\"@type\":\"WebSite\",\"@id\":\"https:\/\/tourtravelandmore.com\/fr\/#website\",\"url\":\"https:\/\/tourtravelandmore.com\/fr\/\",\"name\":\"Tour Travel And More\",\"description\":\"Private sightseeing tours and luxury transfers in Spain\",\"publisher\":{\"@id\":\"https:\/\/tourtravelandmore.com\/fr\/#organization\"},\"potentialAction\":[{\"@type\":\"SearchAction\",\"target\":{\"@type\":\"EntryPoint\",\"urlTemplate\":\"https:\/\/tourtravelandmore.com\/fr\/?s={search_term_string}\"},\"query-input\":{\"@type\":\"PropertyValueSpecification\",\"valueRequired\":true,\"valueName\":\"search_term_string\"}}],\"inLanguage\":\"fr-FR\"},{\"@type\":\"Organization\",\"@id\":\"https:\/\/tourtravelandmore.com\/fr\/#organization\",\"name\":\"Tour Travel And More\",\"url\":\"https:\/\/tourtravelandmore.com\/fr\/\",\"logo\":{\"@type\":\"ImageObject\",\"inLanguage\":\"fr-FR\",\"@id\":\"https:\/\/tourtravelandmore.com\/fr\/#\/schema\/logo\/image\/\",\"url\":\"https:\/\/tourtravelandmore.com\/wp-content\/uploads\/2022\/12\/cropped-logo-cabecera-new.png\",\"contentUrl\":\"https:\/\/tourtravelandmore.com\/wp-content\/uploads\/2022\/12\/cropped-logo-cabecera-new.png\",\"width\":430,\"height\":61,\"caption\":\"Tour Travel And More\"},\"image\":{\"@id\":\"https:\/\/tourtravelandmore.com\/fr\/#\/schema\/logo\/image\/\"},\"sameAs\":[\"https:\/\/www.facebook.com\/tourtravelandmore\/\",\"https:\/\/x.com\/TourTravel_More\"]}]}<\/script>\n<!-- \/ Yoast SEO Premium plugin. -->","yoast_head_json":{"title":"Private Szentendre Tour from Budapest | Tour Travel & More","description":"Il s'agit d'un tour de ville priv\u00e9 de Szentendre au d\u00e9part de Budapest. Au cours de ce tour ou de cette visite, vous vous prom\u00e8nerez dans les rues et les lieux les plus embl\u00e9matiques de Szentendre. les lieux les plus embl\u00e9matiques \u2705","robots":{"index":"index","follow":"follow","max-snippet":"max-snippet:-1","max-image-preview":"max-image-preview:large","max-video-preview":"max-video-preview:-1"},"canonical":"https:\/\/tourtravelandmore.com\/fr\/tours\/hongrie-fr\/budapest\/visite-privee-de-szentendre-depuis-budapest\/","og_locale":"fr_FR","og_type":"article","og_title":"Visite priv\u00e9e de Szentendre depuis Budapest","og_description":"Il s'agit d'un tour de ville priv\u00e9 de Szentendre au d\u00e9part de Budapest. Au cours de ce tour ou de cette visite, vous vous prom\u00e8nerez dans les rues et les lieux les plus embl\u00e9matiques de Szentendre. les lieux les plus embl\u00e9matiques \u2705","og_url":"https:\/\/tourtravelandmore.com\/fr\/tours\/hongrie-fr\/budapest\/visite-privee-de-szentendre-depuis-budapest\/","og_site_name":"Tour Travel And More","article_publisher":"https:\/\/www.facebook.com\/tourtravelandmore\/","article_modified_time":"2022-06-01T09:55:11+00:00","og_image":[{"width":1250,"height":750,"url":"https:\/\/tourtravelandmore.com\/wp-content\/uploads\/2022\/06\/image3-1.jpg","type":"image\/jpeg"}],"twitter_card":"summary_large_image","twitter_site":"@TourTravel_More","twitter_misc":{"Dur\u00e9e de lecture estim\u00e9e":"1 minute"},"schema":{"@context":"https:\/\/schema.org","@graph":[{"@type":"WebPage","@id":"https:\/\/tourtravelandmore.com\/fr\/tours\/hongrie-fr\/budapest\/visite-privee-de-szentendre-depuis-budapest\/","url":"https:\/\/tourtravelandmore.com\/fr\/tours\/hongrie-fr\/budapest\/visite-privee-de-szentendre-depuis-budapest\/","name":"Private Szentendre Tour from Budapest | Tour Travel & More","isPartOf":{"@id":"https:\/\/tourtravelandmore.com\/fr\/#website"},"primaryImageOfPage":{"@id":"https:\/\/tourtravelandmore.com\/fr\/tours\/hongrie-fr\/budapest\/visite-privee-de-szentendre-depuis-budapest\/#primaryimage"},"image":{"@id":"https:\/\/tourtravelandmore.com\/fr\/tours\/hongrie-fr\/budapest\/visite-privee-de-szentendre-depuis-budapest\/#primaryimage"},"thumbnailUrl":"https:\/\/tourtravelandmore.com\/wp-content\/uploads\/2022\/06\/image3-1.jpg","datePublished":"2022-06-01T09:44:15+00:00","dateModified":"2022-06-01T09:55:11+00:00","description":"Il s'agit d'un tour de ville priv\u00e9 de Szentendre au d\u00e9part de Budapest. Au cours de ce tour ou de cette visite, vous vous prom\u00e8nerez dans les rues et les lieux les plus embl\u00e9matiques de Szentendre. les lieux les plus embl\u00e9matiques \u2705","breadcrumb":{"@id":"https:\/\/tourtravelandmore.com\/fr\/tours\/hongrie-fr\/budapest\/visite-privee-de-szentendre-depuis-budapest\/#breadcrumb"},"inLanguage":"fr-FR","potentialAction":[{"@type":"ReadAction","target":["https:\/\/tourtravelandmore.com\/fr\/tours\/hongrie-fr\/budapest\/visite-privee-de-szentendre-depuis-budapest\/"]}]},{"@type":"ImageObject","inLanguage":"fr-FR","@id":"https:\/\/tourtravelandmore.com\/fr\/tours\/hongrie-fr\/budapest\/visite-privee-de-szentendre-depuis-budapest\/#primaryimage","url":"https:\/\/tourtravelandmore.com\/wp-content\/uploads\/2022\/06\/image3-1.jpg","contentUrl":"https:\/\/tourtravelandmore.com\/wp-content\/uploads\/2022\/06\/image3-1.jpg","width":1250,"height":750},{"@type":"BreadcrumbList","@id":"https:\/\/tourtravelandmore.com\/fr\/tours\/hongrie-fr\/budapest\/visite-privee-de-szentendre-depuis-budapest\/#breadcrumb","itemListElement":[{"@type":"ListItem","position":1,"name":"Home","item":"https:\/\/tourtravelandmore.com\/fr\/"},{"@type":"ListItem","position":2,"name":"Tours","item":"https:\/\/tourtravelandmore.com\/fr\/tours\/"},{"@type":"ListItem","position":3,"name":"Visite priv\u00e9e de Szentendre depuis Budapest"}]},{"@type":"WebSite","@id":"https:\/\/tourtravelandmore.com\/fr\/#website","url":"https:\/\/tourtravelandmore.com\/fr\/","name":"Tour Travel And More","description":"Private sightseeing tours and luxury transfers in Spain","publisher":{"@id":"https:\/\/tourtravelandmore.com\/fr\/#organization"},"potentialAction":[{"@type":"SearchAction","target":{"@type":"EntryPoint","urlTemplate":"https:\/\/tourtravelandmore.com\/fr\/?s={search_term_string}"},"query-input":{"@type":"PropertyValueSpecification","valueRequired":true,"valueName":"search_term_string"}}],"inLanguage":"fr-FR"},{"@type":"Organization","@id":"https:\/\/tourtravelandmore.com\/fr\/#organization","name":"Tour Travel And More","url":"https:\/\/tourtravelandmore.com\/fr\/","logo":{"@type":"ImageObject","inLanguage":"fr-FR","@id":"https:\/\/tourtravelandmore.com\/fr\/#\/schema\/logo\/image\/","url":"https:\/\/tourtravelandmore.com\/wp-content\/uploads\/2022\/12\/cropped-logo-cabecera-new.png","contentUrl":"https:\/\/tourtravelandmore.com\/wp-content\/uploads\/2022\/12\/cropped-logo-cabecera-new.png","width":430,"height":61,"caption":"Tour Travel And More"},"image":{"@id":"https:\/\/tourtravelandmore.com\/fr\/#\/schema\/logo\/image\/"},"sameAs":["https:\/\/www.facebook.com\/tourtravelandmore\/","https:\/\/x.com\/TourTravel_More"]}]}},"_links":{"self":[{"href":"https:\/\/tourtravelandmore.com\/fr\/wp-json\/wp\/v2\/product\/127641","targetHints":{"allow":["GET"]}}],"collection":[{"href":"https:\/\/tourtravelandmore.com\/fr\/wp-json\/wp\/v2\/product"}],"about":[{"href":"https:\/\/tourtravelandmore.com\/fr\/wp-json\/wp\/v2\/types\/product"}],"replies":[{"embeddable":true,"href":"https:\/\/tourtravelandmore.com\/fr\/wp-json\/wp\/v2\/comments?post=127641"}],"wp:featuredmedia":[{"embeddable":true,"href":"https:\/\/tourtravelandmore.com\/fr\/wp-json\/wp\/v2\/media\/127659"}],"wp:attachment":[{"href":"https:\/\/tourtravelandmore.com\/fr\/wp-json\/wp\/v2\/media?parent=127641"}],"wp:term":[{"taxonomy":"product_brand","embeddable":true,"href":"https:\/\/tourtravelandmore.com\/fr\/wp-json\/wp\/v2\/product_brand?post=127641"},{"taxonomy":"product_cat","embeddable":true,"href":"https:\/\/tourtravelandmore.com\/fr\/wp-json\/wp\/v2\/product_cat?post=127641"},{"taxonomy":"product_tag","embeddable":true,"href":"https:\/\/tourtravelandmore.com\/fr\/wp-json\/wp\/v2\/product_tag?post=127641"}],"curies":[{"name":"wp","href":"https:\/\/api.w.org\/{rel}","templated":true}]}}