{"id":127597,"date":"2022-06-01T11:30:55","date_gmt":"2022-06-01T09:31:07","guid":{"rendered":"https:\/\/tourtravelandmore.com\/?post_type=product&#038;p=127597"},"modified":"2022-06-01T11:42:44","modified_gmt":"2022-06-01T09:42:44","slug":"visite-privee-du-palais-de-sissi-a-partir-de-budapest","status":"publish","type":"product","link":"https:\/\/tourtravelandmore.com\/fr\/tours\/hongrie-fr\/budapest\/visite-privee-du-palais-de-sissi-a-partir-de-budapest\/","title":{"rendered":"Visite priv\u00e9e du palais de Sissi \u00e0 partir de Budapest"},"content":{"rendered":"<h2><b>Description de la visite priv\u00e9e du Palais Sissi \u00e0 partir de Budapest<\/b><\/h2>\n<p><span style=\"font-weight: 400;\">Le palais Sissi est un lieu d&#8217;une grande importance historique et constitue l&#8217;attraction touristique la plus visit\u00e9e de Budapest.<\/span><\/p>\n<p><span style=\"font-weight: 400;\">Cette visite priv\u00e9e de Budapest vous emm\u00e8nera au c\u0153ur de la ville, au palais Sissi. Vous aurez l&#8217;occasion d&#8217;explorer ce palais et ses magnifiques jardins. Votre guide priv\u00e9 vous fournira toutes les informations n\u00e9cessaires sur ce b\u00e2timent historique et ses habitants, l&#8217;imp\u00e9ratrice Elisabeth (Sissi) et l&#8217;empereur Fran\u00e7ois-Joseph Ier.<\/span><\/p>\n<h2><\/h2>\n<p><span style=\"font-weight: 400;\">Cette visite de 3 heures comprend un v\u00e9hicule priv\u00e9 avec chauffeur, un guide expert qui vous expliquera absolument tout ce que vous devez savoir sur le palais, ainsi que les billets d&#8217;entr\u00e9e au palais.<\/span><\/p>\n<h2><b>Visite priv\u00e9e du Palais Sissi au d\u00e9part de Budapest<\/b><\/h2>\n<p><span style=\"font-weight: 400;\">La visite priv\u00e9e du palais Sissi est une visite \u00e0 pied de la magnifique r\u00e9sidence royale hongroise, situ\u00e9e \u00e0 Budapest. La visite priv\u00e9e commencera par le ramassage \u00e0 votre h\u00f4tel ou au lieu de votre choix \u00e0 Budapest. La visite ne porte pas seulement sur l&#8217;histoire du b\u00e2timent et de ses occupants royaux, mais aussi sur la vie de la reine \u00c9lisabeth et de Fran\u00e7ois-Joseph.<\/span><\/p>\n<p><span style=\"font-weight: 400;\">Le premier point d&#8217;int\u00e9r\u00eat est que ce palais a \u00e9t\u00e9 construit \u00e0 l&#8217;origine pour le roi Maximilien II, mais il ne l&#8217;a jamais vu achev\u00e9 car il est mort avant qu&#8217;il ne soit termin\u00e9.<\/span><\/p>\n<p><span style=\"font-weight: 400;\">Le deuxi\u00e8me point d&#8217;int\u00e9r\u00eat est que la reine \u00c9lisabeth et Fran\u00e7ois-Joseph ont pass\u00e9 leur lune de miel au palais de G\u00f6d\u00f6ll\u00f6, qui \u00e9tait \u00e9galement leur r\u00e9sidence d&#8217;\u00e9t\u00e9.<\/span><\/p>\n<p><span style=\"font-weight: 400;\">Le troisi\u00e8me point int\u00e9ressant est qu&#8217;il existe des rumeurs selon lesquelles Fran\u00e7ois-Joseph a eu une liaison avec une ou plusieurs femmes dans ce palais, mais personne ne sait avec certitude si ces rumeurs sont vraies ou non.<\/span><\/p>\n<p><span style=\"font-weight: 400;\">\u00c0 la fin de l&#8217;excursion, nous vous ram\u00e8nerons \u00e0 votre point de ramassage ou au lieu de votre choix \u00e0 Budapest.<\/span><\/p>\n<p><span style=\"font-weight: 400;\">Si vous souhaitez en savoir plus sur la capitale hongroise et ses monuments, n&#8217;h\u00e9sitez pas <\/span><span style=\"font-weight: 400;\">\u00e0 consulter nos visites priv\u00e9es \u00e0 Budapest.<\/span><\/p>\n","protected":false},"excerpt":{"rendered":"<p><span style=\"font-weight: 400;\">Cette visite priv\u00e9e du palais de Sissi \u00e0 partir de Budapest comprend une voiture de luxe, un chauffeur et un guide priv\u00e9 ainsi que les droits d&#8217;entr\u00e9e dans ce magnifique palais.<\/span><\/p>\n","protected":false},"featured_media":127609,"comment_status":"open","ping_status":"closed","template":"","meta":{"_acf_changed":false},"product_brand":[],"product_cat":[3765],"product_tag":[],"class_list":{"0":"post-127597","1":"product","2":"type-product","3":"status-publish","4":"has-post-thumbnail","6":"product_cat-budapest","8":"first","9":"instock","10":"shipping-taxable","11":"purchasable","12":"product-type-simple"},"acf":[],"yoast_head":"<!-- This site is optimized with the Yoast SEO Premium plugin v25.3.1 (Yoast SEO v25.3.1) - https:\/\/yoast.com\/wordpress\/plugins\/seo\/ -->\n<title>Private Sissi Palace Tour from Budapest | Tour Travel &amp; More<\/title>\n<meta name=\"description\" content=\"Avec notre visite priv\u00e9e, vous d\u00e9couvrirez le jardin ext\u00e9rieur, les thermes romains et le terrain de jeu de balle. Le guide vous parlera \u00e9galement des Habsbourg et de leur vie dans le palais Sissi \u2705\" \/>\n<meta name=\"robots\" content=\"index, follow, max-snippet:-1, max-image-preview:large, max-video-preview:-1\" \/>\n<link rel=\"canonical\" href=\"https:\/\/tourtravelandmore.com\/fr\/tours\/hongrie-fr\/budapest\/visite-privee-du-palais-de-sissi-a-partir-de-budapest\/\" \/>\n<meta property=\"og:locale\" content=\"fr_FR\" \/>\n<meta property=\"og:type\" content=\"article\" \/>\n<meta property=\"og:title\" content=\"Visite priv\u00e9e du palais de Sissi \u00e0 partir de Budapest\" \/>\n<meta property=\"og:description\" content=\"Avec notre visite priv\u00e9e, vous d\u00e9couvrirez le jardin ext\u00e9rieur, les thermes romains et le terrain de jeu de balle. Le guide vous parlera \u00e9galement des Habsbourg et de leur vie dans le palais Sissi \u2705\" \/>\n<meta property=\"og:url\" content=\"https:\/\/tourtravelandmore.com\/fr\/tours\/hongrie-fr\/budapest\/visite-privee-du-palais-de-sissi-a-partir-de-budapest\/\" \/>\n<meta property=\"og:site_name\" content=\"Tour Travel And More\" \/>\n<meta property=\"article:publisher\" content=\"https:\/\/www.facebook.com\/tourtravelandmore\/\" \/>\n<meta property=\"article:modified_time\" content=\"2022-06-01T09:42:44+00:00\" \/>\n<meta property=\"og:image\" content=\"https:\/\/tourtravelandmore.com\/wp-content\/uploads\/2022\/06\/image1.jpg\" \/>\n\t<meta property=\"og:image:width\" content=\"1250\" \/>\n\t<meta property=\"og:image:height\" content=\"750\" \/>\n\t<meta property=\"og:image:type\" content=\"image\/jpeg\" \/>\n<meta name=\"twitter:card\" content=\"summary_large_image\" \/>\n<meta name=\"twitter:site\" content=\"@TourTravel_More\" \/>\n<meta name=\"twitter:label1\" content=\"Dur\u00e9e de lecture estim\u00e9e\" \/>\n\t<meta name=\"twitter:data1\" content=\"2 minutes\" \/>\n<script type=\"application\/ld+json\" class=\"yoast-schema-graph\">{\"@context\":\"https:\/\/schema.org\",\"@graph\":[{\"@type\":\"WebPage\",\"@id\":\"https:\/\/tourtravelandmore.com\/fr\/tours\/hongrie-fr\/budapest\/visite-privee-du-palais-de-sissi-a-partir-de-budapest\/\",\"url\":\"https:\/\/tourtravelandmore.com\/fr\/tours\/hongrie-fr\/budapest\/visite-privee-du-palais-de-sissi-a-partir-de-budapest\/\",\"name\":\"Private Sissi Palace Tour from Budapest | Tour Travel & More\",\"isPartOf\":{\"@id\":\"https:\/\/tourtravelandmore.com\/fr\/#website\"},\"primaryImageOfPage\":{\"@id\":\"https:\/\/tourtravelandmore.com\/fr\/tours\/hongrie-fr\/budapest\/visite-privee-du-palais-de-sissi-a-partir-de-budapest\/#primaryimage\"},\"image\":{\"@id\":\"https:\/\/tourtravelandmore.com\/fr\/tours\/hongrie-fr\/budapest\/visite-privee-du-palais-de-sissi-a-partir-de-budapest\/#primaryimage\"},\"thumbnailUrl\":\"https:\/\/tourtravelandmore.com\/wp-content\/uploads\/2022\/06\/image1.jpg\",\"datePublished\":\"2022-06-01T09:31:07+00:00\",\"dateModified\":\"2022-06-01T09:42:44+00:00\",\"description\":\"Avec notre visite priv\u00e9e, vous d\u00e9couvrirez le jardin ext\u00e9rieur, les thermes romains et le terrain de jeu de balle. Le guide vous parlera \u00e9galement des Habsbourg et de leur vie dans le palais Sissi \u2705\",\"breadcrumb\":{\"@id\":\"https:\/\/tourtravelandmore.com\/fr\/tours\/hongrie-fr\/budapest\/visite-privee-du-palais-de-sissi-a-partir-de-budapest\/#breadcrumb\"},\"inLanguage\":\"fr-FR\",\"potentialAction\":[{\"@type\":\"ReadAction\",\"target\":[\"https:\/\/tourtravelandmore.com\/fr\/tours\/hongrie-fr\/budapest\/visite-privee-du-palais-de-sissi-a-partir-de-budapest\/\"]}]},{\"@type\":\"ImageObject\",\"inLanguage\":\"fr-FR\",\"@id\":\"https:\/\/tourtravelandmore.com\/fr\/tours\/hongrie-fr\/budapest\/visite-privee-du-palais-de-sissi-a-partir-de-budapest\/#primaryimage\",\"url\":\"https:\/\/tourtravelandmore.com\/wp-content\/uploads\/2022\/06\/image1.jpg\",\"contentUrl\":\"https:\/\/tourtravelandmore.com\/wp-content\/uploads\/2022\/06\/image1.jpg\",\"width\":1250,\"height\":750},{\"@type\":\"BreadcrumbList\",\"@id\":\"https:\/\/tourtravelandmore.com\/fr\/tours\/hongrie-fr\/budapest\/visite-privee-du-palais-de-sissi-a-partir-de-budapest\/#breadcrumb\",\"itemListElement\":[{\"@type\":\"ListItem\",\"position\":1,\"name\":\"Home\",\"item\":\"https:\/\/tourtravelandmore.com\/fr\/\"},{\"@type\":\"ListItem\",\"position\":2,\"name\":\"Tours\",\"item\":\"https:\/\/tourtravelandmore.com\/fr\/tours\/\"},{\"@type\":\"ListItem\",\"position\":3,\"name\":\"Visite priv\u00e9e du palais de Sissi \u00e0 partir de Budapest\"}]},{\"@type\":\"WebSite\",\"@id\":\"https:\/\/tourtravelandmore.com\/fr\/#website\",\"url\":\"https:\/\/tourtravelandmore.com\/fr\/\",\"name\":\"Tour Travel And More\",\"description\":\"Private sightseeing tours and luxury transfers in Spain\",\"publisher\":{\"@id\":\"https:\/\/tourtravelandmore.com\/fr\/#organization\"},\"potentialAction\":[{\"@type\":\"SearchAction\",\"target\":{\"@type\":\"EntryPoint\",\"urlTemplate\":\"https:\/\/tourtravelandmore.com\/fr\/?s={search_term_string}\"},\"query-input\":{\"@type\":\"PropertyValueSpecification\",\"valueRequired\":true,\"valueName\":\"search_term_string\"}}],\"inLanguage\":\"fr-FR\"},{\"@type\":\"Organization\",\"@id\":\"https:\/\/tourtravelandmore.com\/fr\/#organization\",\"name\":\"Tour Travel And More\",\"url\":\"https:\/\/tourtravelandmore.com\/fr\/\",\"logo\":{\"@type\":\"ImageObject\",\"inLanguage\":\"fr-FR\",\"@id\":\"https:\/\/tourtravelandmore.com\/fr\/#\/schema\/logo\/image\/\",\"url\":\"https:\/\/tourtravelandmore.com\/wp-content\/uploads\/2022\/12\/cropped-logo-cabecera-new.png\",\"contentUrl\":\"https:\/\/tourtravelandmore.com\/wp-content\/uploads\/2022\/12\/cropped-logo-cabecera-new.png\",\"width\":430,\"height\":61,\"caption\":\"Tour Travel And More\"},\"image\":{\"@id\":\"https:\/\/tourtravelandmore.com\/fr\/#\/schema\/logo\/image\/\"},\"sameAs\":[\"https:\/\/www.facebook.com\/tourtravelandmore\/\",\"https:\/\/x.com\/TourTravel_More\"]}]}<\/script>\n<!-- \/ Yoast SEO Premium plugin. -->","yoast_head_json":{"title":"Private Sissi Palace Tour from Budapest | Tour Travel & More","description":"Avec notre visite priv\u00e9e, vous d\u00e9couvrirez le jardin ext\u00e9rieur, les thermes romains et le terrain de jeu de balle. Le guide vous parlera \u00e9galement des Habsbourg et de leur vie dans le palais Sissi \u2705","robots":{"index":"index","follow":"follow","max-snippet":"max-snippet:-1","max-image-preview":"max-image-preview:large","max-video-preview":"max-video-preview:-1"},"canonical":"https:\/\/tourtravelandmore.com\/fr\/tours\/hongrie-fr\/budapest\/visite-privee-du-palais-de-sissi-a-partir-de-budapest\/","og_locale":"fr_FR","og_type":"article","og_title":"Visite priv\u00e9e du palais de Sissi \u00e0 partir de Budapest","og_description":"Avec notre visite priv\u00e9e, vous d\u00e9couvrirez le jardin ext\u00e9rieur, les thermes romains et le terrain de jeu de balle. Le guide vous parlera \u00e9galement des Habsbourg et de leur vie dans le palais Sissi \u2705","og_url":"https:\/\/tourtravelandmore.com\/fr\/tours\/hongrie-fr\/budapest\/visite-privee-du-palais-de-sissi-a-partir-de-budapest\/","og_site_name":"Tour Travel And More","article_publisher":"https:\/\/www.facebook.com\/tourtravelandmore\/","article_modified_time":"2022-06-01T09:42:44+00:00","og_image":[{"width":1250,"height":750,"url":"https:\/\/tourtravelandmore.com\/wp-content\/uploads\/2022\/06\/image1.jpg","type":"image\/jpeg"}],"twitter_card":"summary_large_image","twitter_site":"@TourTravel_More","twitter_misc":{"Dur\u00e9e de lecture estim\u00e9e":"2 minutes"},"schema":{"@context":"https:\/\/schema.org","@graph":[{"@type":"WebPage","@id":"https:\/\/tourtravelandmore.com\/fr\/tours\/hongrie-fr\/budapest\/visite-privee-du-palais-de-sissi-a-partir-de-budapest\/","url":"https:\/\/tourtravelandmore.com\/fr\/tours\/hongrie-fr\/budapest\/visite-privee-du-palais-de-sissi-a-partir-de-budapest\/","name":"Private Sissi Palace Tour from Budapest | Tour Travel & More","isPartOf":{"@id":"https:\/\/tourtravelandmore.com\/fr\/#website"},"primaryImageOfPage":{"@id":"https:\/\/tourtravelandmore.com\/fr\/tours\/hongrie-fr\/budapest\/visite-privee-du-palais-de-sissi-a-partir-de-budapest\/#primaryimage"},"image":{"@id":"https:\/\/tourtravelandmore.com\/fr\/tours\/hongrie-fr\/budapest\/visite-privee-du-palais-de-sissi-a-partir-de-budapest\/#primaryimage"},"thumbnailUrl":"https:\/\/tourtravelandmore.com\/wp-content\/uploads\/2022\/06\/image1.jpg","datePublished":"2022-06-01T09:31:07+00:00","dateModified":"2022-06-01T09:42:44+00:00","description":"Avec notre visite priv\u00e9e, vous d\u00e9couvrirez le jardin ext\u00e9rieur, les thermes romains et le terrain de jeu de balle. Le guide vous parlera \u00e9galement des Habsbourg et de leur vie dans le palais Sissi \u2705","breadcrumb":{"@id":"https:\/\/tourtravelandmore.com\/fr\/tours\/hongrie-fr\/budapest\/visite-privee-du-palais-de-sissi-a-partir-de-budapest\/#breadcrumb"},"inLanguage":"fr-FR","potentialAction":[{"@type":"ReadAction","target":["https:\/\/tourtravelandmore.com\/fr\/tours\/hongrie-fr\/budapest\/visite-privee-du-palais-de-sissi-a-partir-de-budapest\/"]}]},{"@type":"ImageObject","inLanguage":"fr-FR","@id":"https:\/\/tourtravelandmore.com\/fr\/tours\/hongrie-fr\/budapest\/visite-privee-du-palais-de-sissi-a-partir-de-budapest\/#primaryimage","url":"https:\/\/tourtravelandmore.com\/wp-content\/uploads\/2022\/06\/image1.jpg","contentUrl":"https:\/\/tourtravelandmore.com\/wp-content\/uploads\/2022\/06\/image1.jpg","width":1250,"height":750},{"@type":"BreadcrumbList","@id":"https:\/\/tourtravelandmore.com\/fr\/tours\/hongrie-fr\/budapest\/visite-privee-du-palais-de-sissi-a-partir-de-budapest\/#breadcrumb","itemListElement":[{"@type":"ListItem","position":1,"name":"Home","item":"https:\/\/tourtravelandmore.com\/fr\/"},{"@type":"ListItem","position":2,"name":"Tours","item":"https:\/\/tourtravelandmore.com\/fr\/tours\/"},{"@type":"ListItem","position":3,"name":"Visite priv\u00e9e du palais de Sissi \u00e0 partir de Budapest"}]},{"@type":"WebSite","@id":"https:\/\/tourtravelandmore.com\/fr\/#website","url":"https:\/\/tourtravelandmore.com\/fr\/","name":"Tour Travel And More","description":"Private sightseeing tours and luxury transfers in Spain","publisher":{"@id":"https:\/\/tourtravelandmore.com\/fr\/#organization"},"potentialAction":[{"@type":"SearchAction","target":{"@type":"EntryPoint","urlTemplate":"https:\/\/tourtravelandmore.com\/fr\/?s={search_term_string}"},"query-input":{"@type":"PropertyValueSpecification","valueRequired":true,"valueName":"search_term_string"}}],"inLanguage":"fr-FR"},{"@type":"Organization","@id":"https:\/\/tourtravelandmore.com\/fr\/#organization","name":"Tour Travel And More","url":"https:\/\/tourtravelandmore.com\/fr\/","logo":{"@type":"ImageObject","inLanguage":"fr-FR","@id":"https:\/\/tourtravelandmore.com\/fr\/#\/schema\/logo\/image\/","url":"https:\/\/tourtravelandmore.com\/wp-content\/uploads\/2022\/12\/cropped-logo-cabecera-new.png","contentUrl":"https:\/\/tourtravelandmore.com\/wp-content\/uploads\/2022\/12\/cropped-logo-cabecera-new.png","width":430,"height":61,"caption":"Tour Travel And More"},"image":{"@id":"https:\/\/tourtravelandmore.com\/fr\/#\/schema\/logo\/image\/"},"sameAs":["https:\/\/www.facebook.com\/tourtravelandmore\/","https:\/\/x.com\/TourTravel_More"]}]}},"_links":{"self":[{"href":"https:\/\/tourtravelandmore.com\/fr\/wp-json\/wp\/v2\/product\/127597","targetHints":{"allow":["GET"]}}],"collection":[{"href":"https:\/\/tourtravelandmore.com\/fr\/wp-json\/wp\/v2\/product"}],"about":[{"href":"https:\/\/tourtravelandmore.com\/fr\/wp-json\/wp\/v2\/types\/product"}],"replies":[{"embeddable":true,"href":"https:\/\/tourtravelandmore.com\/fr\/wp-json\/wp\/v2\/comments?post=127597"}],"wp:featuredmedia":[{"embeddable":true,"href":"https:\/\/tourtravelandmore.com\/fr\/wp-json\/wp\/v2\/media\/127609"}],"wp:attachment":[{"href":"https:\/\/tourtravelandmore.com\/fr\/wp-json\/wp\/v2\/media?parent=127597"}],"wp:term":[{"taxonomy":"product_brand","embeddable":true,"href":"https:\/\/tourtravelandmore.com\/fr\/wp-json\/wp\/v2\/product_brand?post=127597"},{"taxonomy":"product_cat","embeddable":true,"href":"https:\/\/tourtravelandmore.com\/fr\/wp-json\/wp\/v2\/product_cat?post=127597"},{"taxonomy":"product_tag","embeddable":true,"href":"https:\/\/tourtravelandmore.com\/fr\/wp-json\/wp\/v2\/product_tag?post=127597"}],"curies":[{"name":"wp","href":"https:\/\/api.w.org\/{rel}","templated":true}]}}