{"id":127468,"date":"2022-05-30T18:49:05","date_gmt":"2022-05-30T16:49:13","guid":{"rendered":"https:\/\/tourtravelandmore.com\/?post_type=product&#038;p=127468"},"modified":"2022-05-31T19:44:02","modified_gmt":"2022-05-31T17:44:02","slug":"visite-privee-a-esztergom-visegrad-et-szentendre","status":"publish","type":"product","link":"https:\/\/tourtravelandmore.com\/fr\/tours\/hongrie-fr\/budapest\/visite-privee-a-esztergom-visegrad-et-szentendre\/","title":{"rendered":"Visite priv\u00e9e \u00e0 Esztergom, Visegr\u00e1d et Szentendre"},"content":{"rendered":"<h2><b>Description de l&#8217;excursion priv\u00e9e \u00e0 Esztergom, Visegr\u00e1d et Szentendre<\/b><\/h2>\n<p><span style=\"font-weight: 400;\">Esztergom, Visegr\u00e1d et Szentendre sont trois villes m\u00e9di\u00e9vales situ\u00e9es dans la r\u00e9gion nord-est de la Hongrie. Esztergom est la capitale hongroise de l&#8217;\u00c9glise catholique romaine avec sa majestueuse cath\u00e9drale, tandis que Visegr\u00e1d est une destination touristique bien connue sur le Danube. Szentendre est une ancienne colonie d&#8217;artistes et est devenue aujourd&#8217;hui l&#8217;une des destinations touristiques les plus populaires de Hongrie.<\/span><\/p>\n<p><span style=\"font-weight: 400;\">La visite priv\u00e9e de 9 heures \u00e0 Esztergom, Visegr\u00e1d et Szentendre vous donnera l&#8217;occasion de visiter les trois villes en une journ\u00e9e. L&#8217;excursion comprend un guide professionnel qui vous aidera \u00e0 explorer ces magnifiques villes \u00e0 l&#8217;histoire et \u00e0 la culture riches.<\/span><\/p>\n<h2><b>Points forts de l&#8217;excursion priv\u00e9e \u00e0 Esztergom, Visegrad et Szentendre<\/b><\/h2>\n<p><span style=\"font-weight: 400;\">La visite priv\u00e9e commencera par votre prise en charge au point de votre choix \u00e0 Budapest ou au lieu d&#8217;h\u00e9bergement dans la ville hongroise, puis votre chauffeur et votre guide vous emm\u00e8neront aux endroits suivants :<\/span><\/p>\n<h3><b>La ville d&#8217;Esztergom\u00a0<\/b><\/h3>\n<p><span style=\"font-weight: 400;\">Esztergom est une ville de Hongrie, situ\u00e9e dans la partie centrale nord du pays. Elle est la capitale de la r\u00e9gion m\u00e9tropolitaine Esztergom-Budapest et le si\u00e8ge du comt\u00e9 d&#8217;Esztergom.<\/span><\/p>\n<p><span style=\"font-weight: 400;\">La ville a une population d&#8217;environ 100 000 habitants et son histoire remonte \u00e0 l&#8217;\u00e9poque romaine. Le centre d&#8217;Esztergom est domin\u00e9 par deux grandes \u00e9glises, toutes deux nomm\u00e9es d&#8217;apr\u00e8s Saint Adalbert.<\/span><\/p>\n<h3><b>La ville de Visegr\u00e1d<\/b><\/h3>\n<p><span style=\"font-weight: 400;\">Visegr\u00e1d est une ville de Hongrie connue pour \u00eatre le point de rencontre entre les pays voisins. La ville est situ\u00e9e sur les rives du Danube et a une longue histoire en tant que pont entre l&#8217;Europe et l&#8217;Asie. Le nom signifie &#8220;Ville des trois couronnes&#8221; et correspond \u00e0 l&#8217;union de trois royaumes qui se sont form\u00e9s dans la r\u00e9gion : l&#8217;Empire austro-hongrois, le Royaume hongrois et le Royaume austro-hongrois.\u00a0<\/span><\/p>\n<h3><b>Szentendre, la ville des artistes<\/b><\/h3>\n<p><span style=\"font-weight: 400;\">La ville de Szentendre est une petite ville dont la population est d&#8217;environ 23 000 habitants. Elle se trouve sur le Danube, dans le nord-ouest de la Hongrie.<\/span><\/p>\n<p><span style=\"font-weight: 400;\">Autrefois petit village de p\u00eacheurs, il est devenu depuis un centre artistique gr\u00e2ce \u00e0 sa situation pr\u00e8s de Budapest et \u00e0 son histoire en tant que lieu de p\u00e8lerinage pour les chr\u00e9tiens.<\/span><\/p>\n<p><span style=\"font-weight: 400;\">Il y a de nombreux points d&#8217;int\u00e9r\u00eat dans cette ville, notamment :<\/span><\/p>\n<ul>\n<li><span style=\"font-weight: 400;\">Les vestiges des anciens murs de la forteresse.<\/span><\/li>\n<li><span style=\"font-weight: 400;\">L&#8217;\u00c9glise catholique romaine<\/span><\/li>\n<li><span style=\"font-weight: 400;\">Le Mus\u00e9e des Beaux-Arts<\/span><\/li>\n<\/ul>\n<p><span style=\"font-weight: 400;\">\u00c0 la fin de cette visite priv\u00e9e, votre chauffeur et votre v\u00e9hicule priv\u00e9 vous ram\u00e8neront \u00e0 votre point de ramassage \u00e0 Budapest.<\/span><\/p>\n<p><span style=\"font-weight: 400;\">Si vous souhaitez en savoir plus sur cette magnifique capitale hongroise, nous vous recommandons de consulter notre<\/span><span style=\"font-weight: 400;\"> liste de visites priv\u00e9es \u00e0 Budapest.<\/span><\/p>\n","protected":false},"excerpt":{"rendered":"<p><span style=\"font-weight: 400;\">Profitez d&#8217;une visite priv\u00e9e avec v\u00e9hicule, chauffeur et guide expert de Budapest \u00e0 Esztergom, Visegr\u00e1d et Szentendre, ce sera une exp\u00e9rience luxueuse et inoubliable.<\/span><\/p>\n","protected":false},"featured_media":127542,"comment_status":"open","ping_status":"closed","template":"","meta":{"_acf_changed":false},"product_brand":[],"product_cat":[4480,3765],"product_tag":[],"class_list":{"0":"post-127468","1":"product","2":"type-product","3":"status-publish","4":"has-post-thumbnail","6":"product_cat-hongrie-fr","7":"product_cat-budapest","9":"first","10":"instock","11":"shipping-taxable","12":"purchasable","13":"product-type-simple"},"acf":[],"yoast_head":"<!-- This site is optimized with the Yoast SEO Premium plugin v25.3.1 (Yoast SEO v25.3.1) - https:\/\/yoast.com\/wordpress\/plugins\/seo\/ -->\n<title>Visite priv\u00e9e d&#039;Esztergom, Visegr\u00e1d et Szentendre | Tour Travel &amp; More<\/title>\n<meta name=\"description\" content=\"Visite d&#039;Esztergom, Visegr\u00e1d et Szentendre. Visitez les plus importantes villes hongroises avec un guide touristique \u2705\" \/>\n<meta name=\"robots\" content=\"index, follow, max-snippet:-1, max-image-preview:large, max-video-preview:-1\" \/>\n<link rel=\"canonical\" href=\"https:\/\/tourtravelandmore.com\/fr\/tours\/hongrie-fr\/budapest\/visite-privee-a-esztergom-visegrad-et-szentendre\/\" \/>\n<meta property=\"og:locale\" content=\"fr_FR\" \/>\n<meta property=\"og:type\" content=\"article\" \/>\n<meta property=\"og:title\" content=\"Visite priv\u00e9e \u00e0 Esztergom, Visegr\u00e1d et Szentendre\" \/>\n<meta property=\"og:description\" content=\"Visite d&#039;Esztergom, Visegr\u00e1d et Szentendre. Visitez les plus importantes villes hongroises avec un guide touristique \u2705\" \/>\n<meta property=\"og:url\" content=\"https:\/\/tourtravelandmore.com\/fr\/tours\/hongrie-fr\/budapest\/visite-privee-a-esztergom-visegrad-et-szentendre\/\" \/>\n<meta property=\"og:site_name\" content=\"Tour Travel And More\" \/>\n<meta property=\"article:publisher\" content=\"https:\/\/www.facebook.com\/tourtravelandmore\/\" \/>\n<meta property=\"article:modified_time\" content=\"2022-05-31T17:44:02+00:00\" \/>\n<meta property=\"og:image\" content=\"https:\/\/tourtravelandmore.com\/wp-content\/uploads\/2022\/05\/image2-15.jpg\" \/>\n\t<meta property=\"og:image:width\" content=\"1250\" \/>\n\t<meta property=\"og:image:height\" content=\"750\" \/>\n\t<meta property=\"og:image:type\" content=\"image\/jpeg\" \/>\n<meta name=\"twitter:card\" content=\"summary_large_image\" \/>\n<meta name=\"twitter:site\" content=\"@TourTravel_More\" \/>\n<meta name=\"twitter:label1\" content=\"Dur\u00e9e de lecture estim\u00e9e\" \/>\n\t<meta name=\"twitter:data1\" content=\"2 minutes\" \/>\n<script type=\"application\/ld+json\" class=\"yoast-schema-graph\">{\"@context\":\"https:\/\/schema.org\",\"@graph\":[{\"@type\":\"WebPage\",\"@id\":\"https:\/\/tourtravelandmore.com\/fr\/tours\/hongrie-fr\/budapest\/visite-privee-a-esztergom-visegrad-et-szentendre\/\",\"url\":\"https:\/\/tourtravelandmore.com\/fr\/tours\/hongrie-fr\/budapest\/visite-privee-a-esztergom-visegrad-et-szentendre\/\",\"name\":\"Visite priv\u00e9e d'Esztergom, Visegr\u00e1d et Szentendre | Tour Travel & More\",\"isPartOf\":{\"@id\":\"https:\/\/tourtravelandmore.com\/fr\/#website\"},\"primaryImageOfPage\":{\"@id\":\"https:\/\/tourtravelandmore.com\/fr\/tours\/hongrie-fr\/budapest\/visite-privee-a-esztergom-visegrad-et-szentendre\/#primaryimage\"},\"image\":{\"@id\":\"https:\/\/tourtravelandmore.com\/fr\/tours\/hongrie-fr\/budapest\/visite-privee-a-esztergom-visegrad-et-szentendre\/#primaryimage\"},\"thumbnailUrl\":\"https:\/\/tourtravelandmore.com\/wp-content\/uploads\/2022\/05\/image2-15.jpg\",\"datePublished\":\"2022-05-30T16:49:13+00:00\",\"dateModified\":\"2022-05-31T17:44:02+00:00\",\"description\":\"Visite d'Esztergom, Visegr\u00e1d et Szentendre. Visitez les plus importantes villes hongroises avec un guide touristique \u2705\",\"breadcrumb\":{\"@id\":\"https:\/\/tourtravelandmore.com\/fr\/tours\/hongrie-fr\/budapest\/visite-privee-a-esztergom-visegrad-et-szentendre\/#breadcrumb\"},\"inLanguage\":\"fr-FR\",\"potentialAction\":[{\"@type\":\"ReadAction\",\"target\":[\"https:\/\/tourtravelandmore.com\/fr\/tours\/hongrie-fr\/budapest\/visite-privee-a-esztergom-visegrad-et-szentendre\/\"]}]},{\"@type\":\"ImageObject\",\"inLanguage\":\"fr-FR\",\"@id\":\"https:\/\/tourtravelandmore.com\/fr\/tours\/hongrie-fr\/budapest\/visite-privee-a-esztergom-visegrad-et-szentendre\/#primaryimage\",\"url\":\"https:\/\/tourtravelandmore.com\/wp-content\/uploads\/2022\/05\/image2-15.jpg\",\"contentUrl\":\"https:\/\/tourtravelandmore.com\/wp-content\/uploads\/2022\/05\/image2-15.jpg\",\"width\":1250,\"height\":750},{\"@type\":\"BreadcrumbList\",\"@id\":\"https:\/\/tourtravelandmore.com\/fr\/tours\/hongrie-fr\/budapest\/visite-privee-a-esztergom-visegrad-et-szentendre\/#breadcrumb\",\"itemListElement\":[{\"@type\":\"ListItem\",\"position\":1,\"name\":\"Home\",\"item\":\"https:\/\/tourtravelandmore.com\/fr\/\"},{\"@type\":\"ListItem\",\"position\":2,\"name\":\"Tours\",\"item\":\"https:\/\/tourtravelandmore.com\/fr\/tours\/\"},{\"@type\":\"ListItem\",\"position\":3,\"name\":\"Visite priv\u00e9e \u00e0 Esztergom, Visegr\u00e1d et Szentendre\"}]},{\"@type\":\"WebSite\",\"@id\":\"https:\/\/tourtravelandmore.com\/fr\/#website\",\"url\":\"https:\/\/tourtravelandmore.com\/fr\/\",\"name\":\"Tour Travel And More\",\"description\":\"Private sightseeing tours and luxury transfers in Spain\",\"publisher\":{\"@id\":\"https:\/\/tourtravelandmore.com\/fr\/#organization\"},\"potentialAction\":[{\"@type\":\"SearchAction\",\"target\":{\"@type\":\"EntryPoint\",\"urlTemplate\":\"https:\/\/tourtravelandmore.com\/fr\/?s={search_term_string}\"},\"query-input\":{\"@type\":\"PropertyValueSpecification\",\"valueRequired\":true,\"valueName\":\"search_term_string\"}}],\"inLanguage\":\"fr-FR\"},{\"@type\":\"Organization\",\"@id\":\"https:\/\/tourtravelandmore.com\/fr\/#organization\",\"name\":\"Tour Travel And More\",\"url\":\"https:\/\/tourtravelandmore.com\/fr\/\",\"logo\":{\"@type\":\"ImageObject\",\"inLanguage\":\"fr-FR\",\"@id\":\"https:\/\/tourtravelandmore.com\/fr\/#\/schema\/logo\/image\/\",\"url\":\"https:\/\/tourtravelandmore.com\/wp-content\/uploads\/2022\/12\/cropped-logo-cabecera-new.png\",\"contentUrl\":\"https:\/\/tourtravelandmore.com\/wp-content\/uploads\/2022\/12\/cropped-logo-cabecera-new.png\",\"width\":430,\"height\":61,\"caption\":\"Tour Travel And More\"},\"image\":{\"@id\":\"https:\/\/tourtravelandmore.com\/fr\/#\/schema\/logo\/image\/\"},\"sameAs\":[\"https:\/\/www.facebook.com\/tourtravelandmore\/\",\"https:\/\/x.com\/TourTravel_More\"]}]}<\/script>\n<!-- \/ Yoast SEO Premium plugin. -->","yoast_head_json":{"title":"Visite priv\u00e9e d'Esztergom, Visegr\u00e1d et Szentendre | Tour Travel & More","description":"Visite d'Esztergom, Visegr\u00e1d et Szentendre. Visitez les plus importantes villes hongroises avec un guide touristique \u2705","robots":{"index":"index","follow":"follow","max-snippet":"max-snippet:-1","max-image-preview":"max-image-preview:large","max-video-preview":"max-video-preview:-1"},"canonical":"https:\/\/tourtravelandmore.com\/fr\/tours\/hongrie-fr\/budapest\/visite-privee-a-esztergom-visegrad-et-szentendre\/","og_locale":"fr_FR","og_type":"article","og_title":"Visite priv\u00e9e \u00e0 Esztergom, Visegr\u00e1d et Szentendre","og_description":"Visite d'Esztergom, Visegr\u00e1d et Szentendre. Visitez les plus importantes villes hongroises avec un guide touristique \u2705","og_url":"https:\/\/tourtravelandmore.com\/fr\/tours\/hongrie-fr\/budapest\/visite-privee-a-esztergom-visegrad-et-szentendre\/","og_site_name":"Tour Travel And More","article_publisher":"https:\/\/www.facebook.com\/tourtravelandmore\/","article_modified_time":"2022-05-31T17:44:02+00:00","og_image":[{"width":1250,"height":750,"url":"https:\/\/tourtravelandmore.com\/wp-content\/uploads\/2022\/05\/image2-15.jpg","type":"image\/jpeg"}],"twitter_card":"summary_large_image","twitter_site":"@TourTravel_More","twitter_misc":{"Dur\u00e9e de lecture estim\u00e9e":"2 minutes"},"schema":{"@context":"https:\/\/schema.org","@graph":[{"@type":"WebPage","@id":"https:\/\/tourtravelandmore.com\/fr\/tours\/hongrie-fr\/budapest\/visite-privee-a-esztergom-visegrad-et-szentendre\/","url":"https:\/\/tourtravelandmore.com\/fr\/tours\/hongrie-fr\/budapest\/visite-privee-a-esztergom-visegrad-et-szentendre\/","name":"Visite priv\u00e9e d'Esztergom, Visegr\u00e1d et Szentendre | Tour Travel & More","isPartOf":{"@id":"https:\/\/tourtravelandmore.com\/fr\/#website"},"primaryImageOfPage":{"@id":"https:\/\/tourtravelandmore.com\/fr\/tours\/hongrie-fr\/budapest\/visite-privee-a-esztergom-visegrad-et-szentendre\/#primaryimage"},"image":{"@id":"https:\/\/tourtravelandmore.com\/fr\/tours\/hongrie-fr\/budapest\/visite-privee-a-esztergom-visegrad-et-szentendre\/#primaryimage"},"thumbnailUrl":"https:\/\/tourtravelandmore.com\/wp-content\/uploads\/2022\/05\/image2-15.jpg","datePublished":"2022-05-30T16:49:13+00:00","dateModified":"2022-05-31T17:44:02+00:00","description":"Visite d'Esztergom, Visegr\u00e1d et Szentendre. Visitez les plus importantes villes hongroises avec un guide touristique \u2705","breadcrumb":{"@id":"https:\/\/tourtravelandmore.com\/fr\/tours\/hongrie-fr\/budapest\/visite-privee-a-esztergom-visegrad-et-szentendre\/#breadcrumb"},"inLanguage":"fr-FR","potentialAction":[{"@type":"ReadAction","target":["https:\/\/tourtravelandmore.com\/fr\/tours\/hongrie-fr\/budapest\/visite-privee-a-esztergom-visegrad-et-szentendre\/"]}]},{"@type":"ImageObject","inLanguage":"fr-FR","@id":"https:\/\/tourtravelandmore.com\/fr\/tours\/hongrie-fr\/budapest\/visite-privee-a-esztergom-visegrad-et-szentendre\/#primaryimage","url":"https:\/\/tourtravelandmore.com\/wp-content\/uploads\/2022\/05\/image2-15.jpg","contentUrl":"https:\/\/tourtravelandmore.com\/wp-content\/uploads\/2022\/05\/image2-15.jpg","width":1250,"height":750},{"@type":"BreadcrumbList","@id":"https:\/\/tourtravelandmore.com\/fr\/tours\/hongrie-fr\/budapest\/visite-privee-a-esztergom-visegrad-et-szentendre\/#breadcrumb","itemListElement":[{"@type":"ListItem","position":1,"name":"Home","item":"https:\/\/tourtravelandmore.com\/fr\/"},{"@type":"ListItem","position":2,"name":"Tours","item":"https:\/\/tourtravelandmore.com\/fr\/tours\/"},{"@type":"ListItem","position":3,"name":"Visite priv\u00e9e \u00e0 Esztergom, Visegr\u00e1d et Szentendre"}]},{"@type":"WebSite","@id":"https:\/\/tourtravelandmore.com\/fr\/#website","url":"https:\/\/tourtravelandmore.com\/fr\/","name":"Tour Travel And More","description":"Private sightseeing tours and luxury transfers in Spain","publisher":{"@id":"https:\/\/tourtravelandmore.com\/fr\/#organization"},"potentialAction":[{"@type":"SearchAction","target":{"@type":"EntryPoint","urlTemplate":"https:\/\/tourtravelandmore.com\/fr\/?s={search_term_string}"},"query-input":{"@type":"PropertyValueSpecification","valueRequired":true,"valueName":"search_term_string"}}],"inLanguage":"fr-FR"},{"@type":"Organization","@id":"https:\/\/tourtravelandmore.com\/fr\/#organization","name":"Tour Travel And More","url":"https:\/\/tourtravelandmore.com\/fr\/","logo":{"@type":"ImageObject","inLanguage":"fr-FR","@id":"https:\/\/tourtravelandmore.com\/fr\/#\/schema\/logo\/image\/","url":"https:\/\/tourtravelandmore.com\/wp-content\/uploads\/2022\/12\/cropped-logo-cabecera-new.png","contentUrl":"https:\/\/tourtravelandmore.com\/wp-content\/uploads\/2022\/12\/cropped-logo-cabecera-new.png","width":430,"height":61,"caption":"Tour Travel And More"},"image":{"@id":"https:\/\/tourtravelandmore.com\/fr\/#\/schema\/logo\/image\/"},"sameAs":["https:\/\/www.facebook.com\/tourtravelandmore\/","https:\/\/x.com\/TourTravel_More"]}]}},"_links":{"self":[{"href":"https:\/\/tourtravelandmore.com\/fr\/wp-json\/wp\/v2\/product\/127468","targetHints":{"allow":["GET"]}}],"collection":[{"href":"https:\/\/tourtravelandmore.com\/fr\/wp-json\/wp\/v2\/product"}],"about":[{"href":"https:\/\/tourtravelandmore.com\/fr\/wp-json\/wp\/v2\/types\/product"}],"replies":[{"embeddable":true,"href":"https:\/\/tourtravelandmore.com\/fr\/wp-json\/wp\/v2\/comments?post=127468"}],"wp:featuredmedia":[{"embeddable":true,"href":"https:\/\/tourtravelandmore.com\/fr\/wp-json\/wp\/v2\/media\/127542"}],"wp:attachment":[{"href":"https:\/\/tourtravelandmore.com\/fr\/wp-json\/wp\/v2\/media?parent=127468"}],"wp:term":[{"taxonomy":"product_brand","embeddable":true,"href":"https:\/\/tourtravelandmore.com\/fr\/wp-json\/wp\/v2\/product_brand?post=127468"},{"taxonomy":"product_cat","embeddable":true,"href":"https:\/\/tourtravelandmore.com\/fr\/wp-json\/wp\/v2\/product_cat?post=127468"},{"taxonomy":"product_tag","embeddable":true,"href":"https:\/\/tourtravelandmore.com\/fr\/wp-json\/wp\/v2\/product_tag?post=127468"}],"curies":[{"name":"wp","href":"https:\/\/api.w.org\/{rel}","templated":true}]}}