{"id":127341,"date":"2022-05-29T19:04:46","date_gmt":"2022-05-29T17:04:52","guid":{"rendered":"https:\/\/tourtravelandmore.com\/?post_type=product&#038;p=127341"},"modified":"2022-05-30T12:43:48","modified_gmt":"2022-05-30T10:43:48","slug":"visite-guidee-privee-a-pied-du-chateau-de-prague","status":"publish","type":"product","link":"https:\/\/tourtravelandmore.com\/fr\/tours\/republique-tcheque-fr\/prague-fr\/visite-guidee-privee-a-pied-du-chateau-de-prague\/","title":{"rendered":"Visite guid\u00e9e priv\u00e9e \u00e0 pied du ch\u00e2teau de Prague"},"content":{"rendered":"<h2><b>Description de la visite guid\u00e9e priv\u00e9e \u00e0 pied du ch\u00e2teau de Prague<\/b><\/h2>\n<p><span style=\"font-weight: 400;\">Le ch\u00e2teau de Prague est l&#8217;une des attractions touristiques les plus visit\u00e9es de la ville. Il a une histoire riche et est un point de rep\u00e8re qui m\u00e9rite d&#8217;\u00eatre explor\u00e9.<\/span><\/p>\n<p><span style=\"font-weight: 400;\">Une visite guid\u00e9e priv\u00e9e \u00e0 pied du ch\u00e2teau de Prague vous emm\u00e8ne dans une visite guid\u00e9e experte des principales attractions du ch\u00e2teau, ainsi que de ses impressionnants jardins et cours.<\/span><\/p>\n<p><span style=\"font-weight: 400;\">Des visites guid\u00e9es priv\u00e9es \u00e0 pied sont propos\u00e9es en anglais, allemand, fran\u00e7ais, espagnol ou dans la langue locale. Votre guide vous emm\u00e8nera pour une visite de 4 heures des principales attractions du ch\u00e2teau et de ses impressionnants jardins et cours.\u00a0<\/span><\/p>\n<h2><b>Points d&#8217;int\u00e9r\u00eat de la visite guid\u00e9e du ch\u00e2teau de Prague<\/b><\/h2>\n<p><span style=\"font-weight: 400;\">La visite guid\u00e9e \u00e0 pied du ch\u00e2teau de Prague est l&#8217;une des visites les plus populaires de la ville. Il s&#8217;agit d&#8217;une visite de 4 heures enti\u00e8rement personnalisable qui vous fait d\u00e9couvrir l&#8217;histoire et l&#8217;architecture de cette incroyable structure.<\/span><\/p>\n<p><span style=\"font-weight: 400;\">Le ch\u00e2teau de Prague est l&#8217;un des monuments les plus c\u00e9l\u00e8bres d&#8217;Europe. Construit \u00e0 l&#8217;origine par Charles IV, il a \u00e9t\u00e9 d\u00e9truit et reconstruit \u00e0 de nombreuses reprises depuis lors, mais reste une structure impressionnante qui a influenc\u00e9 de nombreux autres b\u00e2timents historiques en Europe.<\/span><\/p>\n<p><span style=\"font-weight: 400;\">Au cours de cette visite guid\u00e9e, vous verrez les sites suivants, y compris leurs entr\u00e9es respectives :<\/span><\/p>\n<ul>\n<li><b>Cath\u00e9drale St. Vitus<\/b><\/li>\n<li><b>Palais Royal<\/b><\/li>\n<li><b>Basilique St-Georges<\/b><\/li>\n<li><b>All\u00e9e d&#8217;or<\/b><\/li>\n<li><b>et plus encore !<\/b><\/li>\n<\/ul>\n<p><span style=\"font-weight: 400;\">Votre guide local officiel est un professionnel qui conna\u00eet parfaitement la ville, son histoire et sa culture. Vous profiterez de vos belles vacances tout en admirant son architecture et ses points de rep\u00e8re uniques.<\/span><\/p>\n<p><span style=\"font-weight: 400;\">Si vous souhaitez en savoir plus sur Prague et son histoire, n&#8217;h\u00e9sitez pas \u00e0 consulter notre <\/span><span style=\"font-weight: 400;\">liste de visites priv\u00e9es dans la belle ville de la capitale tch\u00e8que.\u00a0<\/span><\/p>\n","protected":false},"excerpt":{"rendered":"<p><span style=\"font-weight: 400;\">Le ch\u00e2teau de Prague est un chef-d&#8217;\u0153uvre architectural avec son style gothique et Renaissance. Il compte plus de 100 tours, des cours, des chapelles et plusieurs mus\u00e9es pr\u00e9sentant des objets historiques provenant de toute l&#8217;Europe. La visite guid\u00e9e priv\u00e9e \u00e0 pied emm\u00e8ne les visiteurs \u00e0 la d\u00e9couverte du ch\u00e2teau avec un guide expert qui partage des faits historiques sur cette magnifique structure.<\/span><\/p>\n","protected":false},"featured_media":127353,"comment_status":"open","ping_status":"closed","template":"","meta":{"_acf_changed":false},"product_brand":[],"product_cat":[4460,4461,3755],"product_tag":[4220,4219],"class_list":{"0":"post-127341","1":"product","2":"type-product","3":"status-publish","4":"has-post-thumbnail","6":"product_cat-all-private-tours-activities-fr-22","7":"product_cat-private-walking-tours-fr-9","8":"product_cat-prague-fr","9":"product_tag-city-tour-fr","10":"product_tag-private-tour-fr","12":"first","13":"instock","14":"shipping-taxable","15":"purchasable","16":"product-type-simple"},"acf":[],"yoast_head":"<!-- This site is optimized with the Yoast SEO Premium plugin v25.3.1 (Yoast SEO v25.3.1) - https:\/\/yoast.com\/wordpress\/plugins\/seo\/ -->\n<title>Visite guid\u00e9e priv\u00e9e \u00e0 pied du ch\u00e2teau de Prague | Tour Travel &amp; More<\/title>\n<meta name=\"description\" content=\"Explorez le ch\u00e2teau de Prague lors d&#039;une visite guid\u00e9e \u00e0 pied priv\u00e9e, men\u00e9e par nos guides locaux experts \u2705\" \/>\n<meta name=\"robots\" content=\"index, follow, max-snippet:-1, max-image-preview:large, max-video-preview:-1\" \/>\n<link rel=\"canonical\" href=\"https:\/\/tourtravelandmore.com\/fr\/tours\/republique-tcheque-fr\/prague-fr\/visite-guidee-privee-a-pied-du-chateau-de-prague\/\" \/>\n<meta property=\"og:locale\" content=\"fr_FR\" \/>\n<meta property=\"og:type\" content=\"article\" \/>\n<meta property=\"og:title\" content=\"Visite guid\u00e9e priv\u00e9e \u00e0 pied du ch\u00e2teau de Prague\" \/>\n<meta property=\"og:description\" content=\"Explorez le ch\u00e2teau de Prague lors d&#039;une visite guid\u00e9e \u00e0 pied priv\u00e9e, men\u00e9e par nos guides locaux experts \u2705\" \/>\n<meta property=\"og:url\" content=\"https:\/\/tourtravelandmore.com\/fr\/tours\/republique-tcheque-fr\/prague-fr\/visite-guidee-privee-a-pied-du-chateau-de-prague\/\" \/>\n<meta property=\"og:site_name\" content=\"Tour Travel And More\" \/>\n<meta property=\"article:publisher\" content=\"https:\/\/www.facebook.com\/tourtravelandmore\/\" \/>\n<meta property=\"article:modified_time\" content=\"2022-05-30T10:43:48+00:00\" \/>\n<meta property=\"og:image\" content=\"https:\/\/tourtravelandmore.com\/wp-content\/uploads\/2022\/05\/image1-14.jpg\" \/>\n\t<meta property=\"og:image:width\" content=\"1024\" \/>\n\t<meta property=\"og:image:height\" content=\"684\" \/>\n\t<meta property=\"og:image:type\" content=\"image\/jpeg\" \/>\n<meta name=\"twitter:card\" content=\"summary_large_image\" \/>\n<meta name=\"twitter:site\" content=\"@TourTravel_More\" \/>\n<meta name=\"twitter:label1\" content=\"Dur\u00e9e de lecture estim\u00e9e\" \/>\n\t<meta name=\"twitter:data1\" content=\"2 minutes\" \/>\n<script type=\"application\/ld+json\" class=\"yoast-schema-graph\">{\"@context\":\"https:\/\/schema.org\",\"@graph\":[{\"@type\":\"WebPage\",\"@id\":\"https:\/\/tourtravelandmore.com\/fr\/tours\/republique-tcheque-fr\/prague-fr\/visite-guidee-privee-a-pied-du-chateau-de-prague\/\",\"url\":\"https:\/\/tourtravelandmore.com\/fr\/tours\/republique-tcheque-fr\/prague-fr\/visite-guidee-privee-a-pied-du-chateau-de-prague\/\",\"name\":\"Visite guid\u00e9e priv\u00e9e \u00e0 pied du ch\u00e2teau de Prague | Tour Travel & More\",\"isPartOf\":{\"@id\":\"https:\/\/tourtravelandmore.com\/fr\/#website\"},\"primaryImageOfPage\":{\"@id\":\"https:\/\/tourtravelandmore.com\/fr\/tours\/republique-tcheque-fr\/prague-fr\/visite-guidee-privee-a-pied-du-chateau-de-prague\/#primaryimage\"},\"image\":{\"@id\":\"https:\/\/tourtravelandmore.com\/fr\/tours\/republique-tcheque-fr\/prague-fr\/visite-guidee-privee-a-pied-du-chateau-de-prague\/#primaryimage\"},\"thumbnailUrl\":\"https:\/\/tourtravelandmore.com\/wp-content\/uploads\/2022\/05\/image1-14.jpg\",\"datePublished\":\"2022-05-29T17:04:52+00:00\",\"dateModified\":\"2022-05-30T10:43:48+00:00\",\"description\":\"Explorez le ch\u00e2teau de Prague lors d'une visite guid\u00e9e \u00e0 pied priv\u00e9e, men\u00e9e par nos guides locaux experts \u2705\",\"breadcrumb\":{\"@id\":\"https:\/\/tourtravelandmore.com\/fr\/tours\/republique-tcheque-fr\/prague-fr\/visite-guidee-privee-a-pied-du-chateau-de-prague\/#breadcrumb\"},\"inLanguage\":\"fr-FR\",\"potentialAction\":[{\"@type\":\"ReadAction\",\"target\":[\"https:\/\/tourtravelandmore.com\/fr\/tours\/republique-tcheque-fr\/prague-fr\/visite-guidee-privee-a-pied-du-chateau-de-prague\/\"]}]},{\"@type\":\"ImageObject\",\"inLanguage\":\"fr-FR\",\"@id\":\"https:\/\/tourtravelandmore.com\/fr\/tours\/republique-tcheque-fr\/prague-fr\/visite-guidee-privee-a-pied-du-chateau-de-prague\/#primaryimage\",\"url\":\"https:\/\/tourtravelandmore.com\/wp-content\/uploads\/2022\/05\/image1-14.jpg\",\"contentUrl\":\"https:\/\/tourtravelandmore.com\/wp-content\/uploads\/2022\/05\/image1-14.jpg\",\"width\":1024,\"height\":684},{\"@type\":\"BreadcrumbList\",\"@id\":\"https:\/\/tourtravelandmore.com\/fr\/tours\/republique-tcheque-fr\/prague-fr\/visite-guidee-privee-a-pied-du-chateau-de-prague\/#breadcrumb\",\"itemListElement\":[{\"@type\":\"ListItem\",\"position\":1,\"name\":\"Home\",\"item\":\"https:\/\/tourtravelandmore.com\/fr\/\"},{\"@type\":\"ListItem\",\"position\":2,\"name\":\"Tours\",\"item\":\"https:\/\/tourtravelandmore.com\/fr\/tours\/\"},{\"@type\":\"ListItem\",\"position\":3,\"name\":\"Visite guid\u00e9e priv\u00e9e \u00e0 pied du ch\u00e2teau de Prague\"}]},{\"@type\":\"WebSite\",\"@id\":\"https:\/\/tourtravelandmore.com\/fr\/#website\",\"url\":\"https:\/\/tourtravelandmore.com\/fr\/\",\"name\":\"Tour Travel And More\",\"description\":\"Private sightseeing tours and luxury transfers in Spain\",\"publisher\":{\"@id\":\"https:\/\/tourtravelandmore.com\/fr\/#organization\"},\"potentialAction\":[{\"@type\":\"SearchAction\",\"target\":{\"@type\":\"EntryPoint\",\"urlTemplate\":\"https:\/\/tourtravelandmore.com\/fr\/?s={search_term_string}\"},\"query-input\":{\"@type\":\"PropertyValueSpecification\",\"valueRequired\":true,\"valueName\":\"search_term_string\"}}],\"inLanguage\":\"fr-FR\"},{\"@type\":\"Organization\",\"@id\":\"https:\/\/tourtravelandmore.com\/fr\/#organization\",\"name\":\"Tour Travel And More\",\"url\":\"https:\/\/tourtravelandmore.com\/fr\/\",\"logo\":{\"@type\":\"ImageObject\",\"inLanguage\":\"fr-FR\",\"@id\":\"https:\/\/tourtravelandmore.com\/fr\/#\/schema\/logo\/image\/\",\"url\":\"https:\/\/tourtravelandmore.com\/wp-content\/uploads\/2022\/12\/cropped-logo-cabecera-new.png\",\"contentUrl\":\"https:\/\/tourtravelandmore.com\/wp-content\/uploads\/2022\/12\/cropped-logo-cabecera-new.png\",\"width\":430,\"height\":61,\"caption\":\"Tour Travel And More\"},\"image\":{\"@id\":\"https:\/\/tourtravelandmore.com\/fr\/#\/schema\/logo\/image\/\"},\"sameAs\":[\"https:\/\/www.facebook.com\/tourtravelandmore\/\",\"https:\/\/x.com\/TourTravel_More\"]}]}<\/script>\n<!-- \/ Yoast SEO Premium plugin. -->","yoast_head_json":{"title":"Visite guid\u00e9e priv\u00e9e \u00e0 pied du ch\u00e2teau de Prague | Tour Travel & More","description":"Explorez le ch\u00e2teau de Prague lors d'une visite guid\u00e9e \u00e0 pied priv\u00e9e, men\u00e9e par nos guides locaux experts \u2705","robots":{"index":"index","follow":"follow","max-snippet":"max-snippet:-1","max-image-preview":"max-image-preview:large","max-video-preview":"max-video-preview:-1"},"canonical":"https:\/\/tourtravelandmore.com\/fr\/tours\/republique-tcheque-fr\/prague-fr\/visite-guidee-privee-a-pied-du-chateau-de-prague\/","og_locale":"fr_FR","og_type":"article","og_title":"Visite guid\u00e9e priv\u00e9e \u00e0 pied du ch\u00e2teau de Prague","og_description":"Explorez le ch\u00e2teau de Prague lors d'une visite guid\u00e9e \u00e0 pied priv\u00e9e, men\u00e9e par nos guides locaux experts \u2705","og_url":"https:\/\/tourtravelandmore.com\/fr\/tours\/republique-tcheque-fr\/prague-fr\/visite-guidee-privee-a-pied-du-chateau-de-prague\/","og_site_name":"Tour Travel And More","article_publisher":"https:\/\/www.facebook.com\/tourtravelandmore\/","article_modified_time":"2022-05-30T10:43:48+00:00","og_image":[{"width":1024,"height":684,"url":"https:\/\/tourtravelandmore.com\/wp-content\/uploads\/2022\/05\/image1-14.jpg","type":"image\/jpeg"}],"twitter_card":"summary_large_image","twitter_site":"@TourTravel_More","twitter_misc":{"Dur\u00e9e de lecture estim\u00e9e":"2 minutes"},"schema":{"@context":"https:\/\/schema.org","@graph":[{"@type":"WebPage","@id":"https:\/\/tourtravelandmore.com\/fr\/tours\/republique-tcheque-fr\/prague-fr\/visite-guidee-privee-a-pied-du-chateau-de-prague\/","url":"https:\/\/tourtravelandmore.com\/fr\/tours\/republique-tcheque-fr\/prague-fr\/visite-guidee-privee-a-pied-du-chateau-de-prague\/","name":"Visite guid\u00e9e priv\u00e9e \u00e0 pied du ch\u00e2teau de Prague | Tour Travel & More","isPartOf":{"@id":"https:\/\/tourtravelandmore.com\/fr\/#website"},"primaryImageOfPage":{"@id":"https:\/\/tourtravelandmore.com\/fr\/tours\/republique-tcheque-fr\/prague-fr\/visite-guidee-privee-a-pied-du-chateau-de-prague\/#primaryimage"},"image":{"@id":"https:\/\/tourtravelandmore.com\/fr\/tours\/republique-tcheque-fr\/prague-fr\/visite-guidee-privee-a-pied-du-chateau-de-prague\/#primaryimage"},"thumbnailUrl":"https:\/\/tourtravelandmore.com\/wp-content\/uploads\/2022\/05\/image1-14.jpg","datePublished":"2022-05-29T17:04:52+00:00","dateModified":"2022-05-30T10:43:48+00:00","description":"Explorez le ch\u00e2teau de Prague lors d'une visite guid\u00e9e \u00e0 pied priv\u00e9e, men\u00e9e par nos guides locaux experts \u2705","breadcrumb":{"@id":"https:\/\/tourtravelandmore.com\/fr\/tours\/republique-tcheque-fr\/prague-fr\/visite-guidee-privee-a-pied-du-chateau-de-prague\/#breadcrumb"},"inLanguage":"fr-FR","potentialAction":[{"@type":"ReadAction","target":["https:\/\/tourtravelandmore.com\/fr\/tours\/republique-tcheque-fr\/prague-fr\/visite-guidee-privee-a-pied-du-chateau-de-prague\/"]}]},{"@type":"ImageObject","inLanguage":"fr-FR","@id":"https:\/\/tourtravelandmore.com\/fr\/tours\/republique-tcheque-fr\/prague-fr\/visite-guidee-privee-a-pied-du-chateau-de-prague\/#primaryimage","url":"https:\/\/tourtravelandmore.com\/wp-content\/uploads\/2022\/05\/image1-14.jpg","contentUrl":"https:\/\/tourtravelandmore.com\/wp-content\/uploads\/2022\/05\/image1-14.jpg","width":1024,"height":684},{"@type":"BreadcrumbList","@id":"https:\/\/tourtravelandmore.com\/fr\/tours\/republique-tcheque-fr\/prague-fr\/visite-guidee-privee-a-pied-du-chateau-de-prague\/#breadcrumb","itemListElement":[{"@type":"ListItem","position":1,"name":"Home","item":"https:\/\/tourtravelandmore.com\/fr\/"},{"@type":"ListItem","position":2,"name":"Tours","item":"https:\/\/tourtravelandmore.com\/fr\/tours\/"},{"@type":"ListItem","position":3,"name":"Visite guid\u00e9e priv\u00e9e \u00e0 pied du ch\u00e2teau de Prague"}]},{"@type":"WebSite","@id":"https:\/\/tourtravelandmore.com\/fr\/#website","url":"https:\/\/tourtravelandmore.com\/fr\/","name":"Tour Travel And More","description":"Private sightseeing tours and luxury transfers in Spain","publisher":{"@id":"https:\/\/tourtravelandmore.com\/fr\/#organization"},"potentialAction":[{"@type":"SearchAction","target":{"@type":"EntryPoint","urlTemplate":"https:\/\/tourtravelandmore.com\/fr\/?s={search_term_string}"},"query-input":{"@type":"PropertyValueSpecification","valueRequired":true,"valueName":"search_term_string"}}],"inLanguage":"fr-FR"},{"@type":"Organization","@id":"https:\/\/tourtravelandmore.com\/fr\/#organization","name":"Tour Travel And More","url":"https:\/\/tourtravelandmore.com\/fr\/","logo":{"@type":"ImageObject","inLanguage":"fr-FR","@id":"https:\/\/tourtravelandmore.com\/fr\/#\/schema\/logo\/image\/","url":"https:\/\/tourtravelandmore.com\/wp-content\/uploads\/2022\/12\/cropped-logo-cabecera-new.png","contentUrl":"https:\/\/tourtravelandmore.com\/wp-content\/uploads\/2022\/12\/cropped-logo-cabecera-new.png","width":430,"height":61,"caption":"Tour Travel And More"},"image":{"@id":"https:\/\/tourtravelandmore.com\/fr\/#\/schema\/logo\/image\/"},"sameAs":["https:\/\/www.facebook.com\/tourtravelandmore\/","https:\/\/x.com\/TourTravel_More"]}]}},"_links":{"self":[{"href":"https:\/\/tourtravelandmore.com\/fr\/wp-json\/wp\/v2\/product\/127341","targetHints":{"allow":["GET"]}}],"collection":[{"href":"https:\/\/tourtravelandmore.com\/fr\/wp-json\/wp\/v2\/product"}],"about":[{"href":"https:\/\/tourtravelandmore.com\/fr\/wp-json\/wp\/v2\/types\/product"}],"replies":[{"embeddable":true,"href":"https:\/\/tourtravelandmore.com\/fr\/wp-json\/wp\/v2\/comments?post=127341"}],"wp:featuredmedia":[{"embeddable":true,"href":"https:\/\/tourtravelandmore.com\/fr\/wp-json\/wp\/v2\/media\/127353"}],"wp:attachment":[{"href":"https:\/\/tourtravelandmore.com\/fr\/wp-json\/wp\/v2\/media?parent=127341"}],"wp:term":[{"taxonomy":"product_brand","embeddable":true,"href":"https:\/\/tourtravelandmore.com\/fr\/wp-json\/wp\/v2\/product_brand?post=127341"},{"taxonomy":"product_cat","embeddable":true,"href":"https:\/\/tourtravelandmore.com\/fr\/wp-json\/wp\/v2\/product_cat?post=127341"},{"taxonomy":"product_tag","embeddable":true,"href":"https:\/\/tourtravelandmore.com\/fr\/wp-json\/wp\/v2\/product_tag?post=127341"}],"curies":[{"name":"wp","href":"https:\/\/api.w.org\/{rel}","templated":true}]}}