{"id":127122,"date":"2022-05-27T17:05:27","date_gmt":"2022-05-27T15:05:32","guid":{"rendered":"https:\/\/tourtravelandmore.com\/?post_type=product&#038;p=127122"},"modified":"2022-05-27T18:00:07","modified_gmt":"2022-05-27T16:00:07","slug":"transfert-prive-de-prague-a-vienne","status":"publish","type":"product","link":"https:\/\/tourtravelandmore.com\/fr\/tours\/republique-tcheque-fr\/prague-fr\/transfert-prive-de-prague-a-vienne\/","title":{"rendered":"Transfert priv\u00e9 de Prague \u00e0 Vienne"},"content":{"rendered":"<h2><b>Description du transfert priv\u00e9 de Prague \u00e0 Vienne<\/b><\/h2>\n<p><span style=\"font-weight: 400;\">Profitez d&#8217;une exp\u00e9rience relaxante dans l&#8217;un de nos luxueux v\u00e9hicules priv\u00e9s avec notre transfert de Prague \u00e0 Vienne. Nous vous offrons le moyen le plus rapide et le plus simple d&#8217;atteindre votre destination finale.<\/span><\/p>\n<p><span style=\"font-weight: 400;\">Profitez de ce transfert dans l&#8217;un de nos v\u00e9hicules priv\u00e9s de luxe avec notre itin\u00e9raire de Prague \u00e0 Vienne. Nous vous offrons le moyen le plus rapide et le plus simple d&#8217;atteindre votre destination finale.<\/span><\/p>\n<p><span style=\"font-weight: 400;\">Profitez \u00e9galement de transferts priv\u00e9s \u00e0 Prague depuis votre h\u00f4tel ou votre appartement vers n&#8217;importe quel restaurant de Prague.<\/span><\/p>\n<p><span style=\"font-weight: 400;\">Nous pouvons vous conduire \u00e0 votre h\u00f4tel \u00e0 Prague ou dans toute autre ville proche, comme Kutn\u00e1 Hora ou m\u00eame Pilsen.<\/span><\/p>\n<p><span style=\"font-weight: 400;\">Prague offre un large choix de visites priv\u00e9es. Vous pouvez consulter notre<\/span><span style=\"font-weight: 400;\"> liste de visites priv\u00e9es.<\/span><\/p>\n<h2><b>Transfert priv\u00e9 Points d&#8217;int\u00e9r\u00eat<\/b><\/h2>\n<p><span style=\"font-weight: 400;\">Nous offrons un service de transfert et un service personnalis\u00e9 et priv\u00e9 pour tous les groupes. Nos v\u00e9hicules de luxe sont exactement ce dont vous avez besoin pour vous d\u00e9placer dans la ville.<\/span><\/p>\n<p><span style=\"font-weight: 400;\">Il vous suffit de nous contacter et nous vous aiderons \u00e0 d\u00e9marrer imm\u00e9diatement.<\/span><\/p>\n<p><span style=\"font-weight: 400;\">Lorsque vous r\u00e9servez, vous recevez un courriel de confirmation contenant tous les d\u00e9tails n\u00e9cessaires \u00e0 votre service. Dans les 48 heures pr\u00e9c\u00e9dant votre arriv\u00e9e, nous avons besoin de ces informations pour effectuer votre transfert. Faites-nous savoir s&#8217;il y a un probl\u00e8me.<\/span><\/p>\n<p><span style=\"font-weight: 400;\">Nous ne limitons pas la quantit\u00e9 de bagages. Mais veuillez nous informer de la quantit\u00e9 de bagages que vous emporterez pour des raisons logistiques uniquement. Parfois, un v\u00e9hicule plus grand peut \u00eatre n\u00e9cessaire et des frais suppl\u00e9mentaires peuvent s&#8217;appliquer.<\/span><\/p>\n<p>Si vous avez un enfant en bas \u00e2ge, veuillez nous contacter avant votre transfert priv\u00e9 pour vous assurer que des dispositions sont prises pour le type de si\u00e8ge dont vous avez besoin.<\/p>\n","protected":false},"excerpt":{"rendered":"<p><span style=\"font-weight: 400;\">Les transferts priv\u00e9s de Prague \u00e0 Vienne sont un excellent moyen de profiter des magnifiques paysages de l&#8217;Autriche. Ils constituent \u00e9galement une excellente option pour ceux qui veulent \u00e9viter les transports publics bond\u00e9s<\/span><\/p>\n","protected":false},"featured_media":93582,"comment_status":"open","ping_status":"closed","template":"","meta":{"_acf_changed":false},"product_brand":[],"product_cat":[4460,3755],"product_tag":[],"class_list":{"0":"post-127122","1":"product","2":"type-product","3":"status-publish","4":"has-post-thumbnail","6":"product_cat-all-private-tours-activities-fr-22","7":"product_cat-prague-fr","9":"first","10":"instock","11":"shipping-taxable","12":"purchasable","13":"product-type-simple"},"acf":[],"yoast_head":"<!-- This site is optimized with the Yoast SEO Premium plugin v25.3.1 (Yoast SEO v25.3.1) - https:\/\/yoast.com\/wordpress\/plugins\/seo\/ -->\n<title>Transfert priv\u00e9 de Prague \u00e0 Vienne | Tour Travel &amp; More<\/title>\n<meta name=\"description\" content=\"Prenez un transfert priv\u00e9 de Prague \u00e0 Vienne. Votre transfert comprend votre propre chauffeur et une voiture avec un plein de carburant \u2705\" \/>\n<meta name=\"robots\" content=\"index, follow, max-snippet:-1, max-image-preview:large, max-video-preview:-1\" \/>\n<link rel=\"canonical\" href=\"https:\/\/tourtravelandmore.com\/fr\/tours\/republique-tcheque-fr\/prague-fr\/transfert-prive-de-prague-a-vienne\/\" \/>\n<meta property=\"og:locale\" content=\"fr_FR\" \/>\n<meta property=\"og:type\" content=\"article\" \/>\n<meta property=\"og:title\" content=\"Transfert priv\u00e9 de Prague \u00e0 Vienne\" \/>\n<meta property=\"og:description\" content=\"Prenez un transfert priv\u00e9 de Prague \u00e0 Vienne. Votre transfert comprend votre propre chauffeur et une voiture avec un plein de carburant \u2705\" \/>\n<meta property=\"og:url\" content=\"https:\/\/tourtravelandmore.com\/fr\/tours\/republique-tcheque-fr\/prague-fr\/transfert-prive-de-prague-a-vienne\/\" \/>\n<meta property=\"og:site_name\" content=\"Tour Travel And More\" \/>\n<meta property=\"article:publisher\" content=\"https:\/\/www.facebook.com\/tourtravelandmore\/\" \/>\n<meta property=\"article:modified_time\" content=\"2022-05-27T16:00:07+00:00\" \/>\n<meta property=\"og:image\" content=\"https:\/\/tourtravelandmore.com\/wp-content\/uploads\/2016\/10\/barcelona-wedding-transfer-9.jpg\" \/>\n\t<meta property=\"og:image:width\" content=\"1535\" \/>\n\t<meta property=\"og:image:height\" content=\"945\" \/>\n\t<meta property=\"og:image:type\" content=\"image\/jpeg\" \/>\n<meta name=\"twitter:card\" content=\"summary_large_image\" \/>\n<meta name=\"twitter:site\" content=\"@TourTravel_More\" \/>\n<meta name=\"twitter:label1\" content=\"Dur\u00e9e de lecture estim\u00e9e\" \/>\n\t<meta name=\"twitter:data1\" content=\"2 minutes\" \/>\n<script type=\"application\/ld+json\" class=\"yoast-schema-graph\">{\"@context\":\"https:\/\/schema.org\",\"@graph\":[{\"@type\":\"WebPage\",\"@id\":\"https:\/\/tourtravelandmore.com\/fr\/tours\/republique-tcheque-fr\/prague-fr\/transfert-prive-de-prague-a-vienne\/\",\"url\":\"https:\/\/tourtravelandmore.com\/fr\/tours\/republique-tcheque-fr\/prague-fr\/transfert-prive-de-prague-a-vienne\/\",\"name\":\"Transfert priv\u00e9 de Prague \u00e0 Vienne | Tour Travel & More\",\"isPartOf\":{\"@id\":\"https:\/\/tourtravelandmore.com\/fr\/#website\"},\"primaryImageOfPage\":{\"@id\":\"https:\/\/tourtravelandmore.com\/fr\/tours\/republique-tcheque-fr\/prague-fr\/transfert-prive-de-prague-a-vienne\/#primaryimage\"},\"image\":{\"@id\":\"https:\/\/tourtravelandmore.com\/fr\/tours\/republique-tcheque-fr\/prague-fr\/transfert-prive-de-prague-a-vienne\/#primaryimage\"},\"thumbnailUrl\":\"https:\/\/tourtravelandmore.com\/wp-content\/uploads\/2016\/10\/barcelona-wedding-transfer-9.jpg\",\"datePublished\":\"2022-05-27T15:05:32+00:00\",\"dateModified\":\"2022-05-27T16:00:07+00:00\",\"description\":\"Prenez un transfert priv\u00e9 de Prague \u00e0 Vienne. Votre transfert comprend votre propre chauffeur et une voiture avec un plein de carburant \u2705\",\"breadcrumb\":{\"@id\":\"https:\/\/tourtravelandmore.com\/fr\/tours\/republique-tcheque-fr\/prague-fr\/transfert-prive-de-prague-a-vienne\/#breadcrumb\"},\"inLanguage\":\"fr-FR\",\"potentialAction\":[{\"@type\":\"ReadAction\",\"target\":[\"https:\/\/tourtravelandmore.com\/fr\/tours\/republique-tcheque-fr\/prague-fr\/transfert-prive-de-prague-a-vienne\/\"]}]},{\"@type\":\"ImageObject\",\"inLanguage\":\"fr-FR\",\"@id\":\"https:\/\/tourtravelandmore.com\/fr\/tours\/republique-tcheque-fr\/prague-fr\/transfert-prive-de-prague-a-vienne\/#primaryimage\",\"url\":\"https:\/\/tourtravelandmore.com\/wp-content\/uploads\/2016\/10\/barcelona-wedding-transfer-9.jpg\",\"contentUrl\":\"https:\/\/tourtravelandmore.com\/wp-content\/uploads\/2016\/10\/barcelona-wedding-transfer-9.jpg\",\"width\":1535,\"height\":945},{\"@type\":\"BreadcrumbList\",\"@id\":\"https:\/\/tourtravelandmore.com\/fr\/tours\/republique-tcheque-fr\/prague-fr\/transfert-prive-de-prague-a-vienne\/#breadcrumb\",\"itemListElement\":[{\"@type\":\"ListItem\",\"position\":1,\"name\":\"Home\",\"item\":\"https:\/\/tourtravelandmore.com\/fr\/\"},{\"@type\":\"ListItem\",\"position\":2,\"name\":\"Tours\",\"item\":\"https:\/\/tourtravelandmore.com\/fr\/tours\/\"},{\"@type\":\"ListItem\",\"position\":3,\"name\":\"Transfert priv\u00e9 de Prague \u00e0 Vienne\"}]},{\"@type\":\"WebSite\",\"@id\":\"https:\/\/tourtravelandmore.com\/fr\/#website\",\"url\":\"https:\/\/tourtravelandmore.com\/fr\/\",\"name\":\"Tour Travel And More\",\"description\":\"Private sightseeing tours and luxury transfers in Spain\",\"publisher\":{\"@id\":\"https:\/\/tourtravelandmore.com\/fr\/#organization\"},\"potentialAction\":[{\"@type\":\"SearchAction\",\"target\":{\"@type\":\"EntryPoint\",\"urlTemplate\":\"https:\/\/tourtravelandmore.com\/fr\/?s={search_term_string}\"},\"query-input\":{\"@type\":\"PropertyValueSpecification\",\"valueRequired\":true,\"valueName\":\"search_term_string\"}}],\"inLanguage\":\"fr-FR\"},{\"@type\":\"Organization\",\"@id\":\"https:\/\/tourtravelandmore.com\/fr\/#organization\",\"name\":\"Tour Travel And More\",\"url\":\"https:\/\/tourtravelandmore.com\/fr\/\",\"logo\":{\"@type\":\"ImageObject\",\"inLanguage\":\"fr-FR\",\"@id\":\"https:\/\/tourtravelandmore.com\/fr\/#\/schema\/logo\/image\/\",\"url\":\"https:\/\/tourtravelandmore.com\/wp-content\/uploads\/2022\/12\/cropped-logo-cabecera-new.png\",\"contentUrl\":\"https:\/\/tourtravelandmore.com\/wp-content\/uploads\/2022\/12\/cropped-logo-cabecera-new.png\",\"width\":430,\"height\":61,\"caption\":\"Tour Travel And More\"},\"image\":{\"@id\":\"https:\/\/tourtravelandmore.com\/fr\/#\/schema\/logo\/image\/\"},\"sameAs\":[\"https:\/\/www.facebook.com\/tourtravelandmore\/\",\"https:\/\/x.com\/TourTravel_More\"]}]}<\/script>\n<!-- \/ Yoast SEO Premium plugin. -->","yoast_head_json":{"title":"Transfert priv\u00e9 de Prague \u00e0 Vienne | Tour Travel & More","description":"Prenez un transfert priv\u00e9 de Prague \u00e0 Vienne. Votre transfert comprend votre propre chauffeur et une voiture avec un plein de carburant \u2705","robots":{"index":"index","follow":"follow","max-snippet":"max-snippet:-1","max-image-preview":"max-image-preview:large","max-video-preview":"max-video-preview:-1"},"canonical":"https:\/\/tourtravelandmore.com\/fr\/tours\/republique-tcheque-fr\/prague-fr\/transfert-prive-de-prague-a-vienne\/","og_locale":"fr_FR","og_type":"article","og_title":"Transfert priv\u00e9 de Prague \u00e0 Vienne","og_description":"Prenez un transfert priv\u00e9 de Prague \u00e0 Vienne. Votre transfert comprend votre propre chauffeur et une voiture avec un plein de carburant \u2705","og_url":"https:\/\/tourtravelandmore.com\/fr\/tours\/republique-tcheque-fr\/prague-fr\/transfert-prive-de-prague-a-vienne\/","og_site_name":"Tour Travel And More","article_publisher":"https:\/\/www.facebook.com\/tourtravelandmore\/","article_modified_time":"2022-05-27T16:00:07+00:00","og_image":[{"width":1535,"height":945,"url":"https:\/\/tourtravelandmore.com\/wp-content\/uploads\/2016\/10\/barcelona-wedding-transfer-9.jpg","type":"image\/jpeg"}],"twitter_card":"summary_large_image","twitter_site":"@TourTravel_More","twitter_misc":{"Dur\u00e9e de lecture estim\u00e9e":"2 minutes"},"schema":{"@context":"https:\/\/schema.org","@graph":[{"@type":"WebPage","@id":"https:\/\/tourtravelandmore.com\/fr\/tours\/republique-tcheque-fr\/prague-fr\/transfert-prive-de-prague-a-vienne\/","url":"https:\/\/tourtravelandmore.com\/fr\/tours\/republique-tcheque-fr\/prague-fr\/transfert-prive-de-prague-a-vienne\/","name":"Transfert priv\u00e9 de Prague \u00e0 Vienne | Tour Travel & More","isPartOf":{"@id":"https:\/\/tourtravelandmore.com\/fr\/#website"},"primaryImageOfPage":{"@id":"https:\/\/tourtravelandmore.com\/fr\/tours\/republique-tcheque-fr\/prague-fr\/transfert-prive-de-prague-a-vienne\/#primaryimage"},"image":{"@id":"https:\/\/tourtravelandmore.com\/fr\/tours\/republique-tcheque-fr\/prague-fr\/transfert-prive-de-prague-a-vienne\/#primaryimage"},"thumbnailUrl":"https:\/\/tourtravelandmore.com\/wp-content\/uploads\/2016\/10\/barcelona-wedding-transfer-9.jpg","datePublished":"2022-05-27T15:05:32+00:00","dateModified":"2022-05-27T16:00:07+00:00","description":"Prenez un transfert priv\u00e9 de Prague \u00e0 Vienne. Votre transfert comprend votre propre chauffeur et une voiture avec un plein de carburant \u2705","breadcrumb":{"@id":"https:\/\/tourtravelandmore.com\/fr\/tours\/republique-tcheque-fr\/prague-fr\/transfert-prive-de-prague-a-vienne\/#breadcrumb"},"inLanguage":"fr-FR","potentialAction":[{"@type":"ReadAction","target":["https:\/\/tourtravelandmore.com\/fr\/tours\/republique-tcheque-fr\/prague-fr\/transfert-prive-de-prague-a-vienne\/"]}]},{"@type":"ImageObject","inLanguage":"fr-FR","@id":"https:\/\/tourtravelandmore.com\/fr\/tours\/republique-tcheque-fr\/prague-fr\/transfert-prive-de-prague-a-vienne\/#primaryimage","url":"https:\/\/tourtravelandmore.com\/wp-content\/uploads\/2016\/10\/barcelona-wedding-transfer-9.jpg","contentUrl":"https:\/\/tourtravelandmore.com\/wp-content\/uploads\/2016\/10\/barcelona-wedding-transfer-9.jpg","width":1535,"height":945},{"@type":"BreadcrumbList","@id":"https:\/\/tourtravelandmore.com\/fr\/tours\/republique-tcheque-fr\/prague-fr\/transfert-prive-de-prague-a-vienne\/#breadcrumb","itemListElement":[{"@type":"ListItem","position":1,"name":"Home","item":"https:\/\/tourtravelandmore.com\/fr\/"},{"@type":"ListItem","position":2,"name":"Tours","item":"https:\/\/tourtravelandmore.com\/fr\/tours\/"},{"@type":"ListItem","position":3,"name":"Transfert priv\u00e9 de Prague \u00e0 Vienne"}]},{"@type":"WebSite","@id":"https:\/\/tourtravelandmore.com\/fr\/#website","url":"https:\/\/tourtravelandmore.com\/fr\/","name":"Tour Travel And More","description":"Private sightseeing tours and luxury transfers in Spain","publisher":{"@id":"https:\/\/tourtravelandmore.com\/fr\/#organization"},"potentialAction":[{"@type":"SearchAction","target":{"@type":"EntryPoint","urlTemplate":"https:\/\/tourtravelandmore.com\/fr\/?s={search_term_string}"},"query-input":{"@type":"PropertyValueSpecification","valueRequired":true,"valueName":"search_term_string"}}],"inLanguage":"fr-FR"},{"@type":"Organization","@id":"https:\/\/tourtravelandmore.com\/fr\/#organization","name":"Tour Travel And More","url":"https:\/\/tourtravelandmore.com\/fr\/","logo":{"@type":"ImageObject","inLanguage":"fr-FR","@id":"https:\/\/tourtravelandmore.com\/fr\/#\/schema\/logo\/image\/","url":"https:\/\/tourtravelandmore.com\/wp-content\/uploads\/2022\/12\/cropped-logo-cabecera-new.png","contentUrl":"https:\/\/tourtravelandmore.com\/wp-content\/uploads\/2022\/12\/cropped-logo-cabecera-new.png","width":430,"height":61,"caption":"Tour Travel And More"},"image":{"@id":"https:\/\/tourtravelandmore.com\/fr\/#\/schema\/logo\/image\/"},"sameAs":["https:\/\/www.facebook.com\/tourtravelandmore\/","https:\/\/x.com\/TourTravel_More"]}]}},"_links":{"self":[{"href":"https:\/\/tourtravelandmore.com\/fr\/wp-json\/wp\/v2\/product\/127122","targetHints":{"allow":["GET"]}}],"collection":[{"href":"https:\/\/tourtravelandmore.com\/fr\/wp-json\/wp\/v2\/product"}],"about":[{"href":"https:\/\/tourtravelandmore.com\/fr\/wp-json\/wp\/v2\/types\/product"}],"replies":[{"embeddable":true,"href":"https:\/\/tourtravelandmore.com\/fr\/wp-json\/wp\/v2\/comments?post=127122"}],"wp:featuredmedia":[{"embeddable":true,"href":"https:\/\/tourtravelandmore.com\/fr\/wp-json\/wp\/v2\/media\/93582"}],"wp:attachment":[{"href":"https:\/\/tourtravelandmore.com\/fr\/wp-json\/wp\/v2\/media?parent=127122"}],"wp:term":[{"taxonomy":"product_brand","embeddable":true,"href":"https:\/\/tourtravelandmore.com\/fr\/wp-json\/wp\/v2\/product_brand?post=127122"},{"taxonomy":"product_cat","embeddable":true,"href":"https:\/\/tourtravelandmore.com\/fr\/wp-json\/wp\/v2\/product_cat?post=127122"},{"taxonomy":"product_tag","embeddable":true,"href":"https:\/\/tourtravelandmore.com\/fr\/wp-json\/wp\/v2\/product_tag?post=127122"}],"curies":[{"name":"wp","href":"https:\/\/api.w.org\/{rel}","templated":true}]}}