{"id":127103,"date":"2022-05-27T16:52:32","date_gmt":"2022-05-27T14:52:39","guid":{"rendered":"https:\/\/tourtravelandmore.com\/?post_type=product&#038;p=127103"},"modified":"2023-09-18T21:30:04","modified_gmt":"2023-09-18T19:30:04","slug":"visite-privee-a-pied-de-mala-strana-et-hradcany","status":"publish","type":"product","link":"https:\/\/tourtravelandmore.com\/fr\/tours\/republique-tcheque-fr\/prague-fr\/visite-privee-a-pied-de-mala-strana-et-hradcany\/","title":{"rendered":"Visite priv\u00e9e \u00e0 pied de Mala Strana et Hrad\u010dany"},"content":{"rendered":"<h2>Description de la visite priv\u00e9e \u00e0 pied de Mala Strana et Hrad\u010dany<\/h2>\n<p>Mala Strana et Hrand\u010dany de Prague sont deux des endroits les plus populaires aupr\u00e8s des touristes. Ces quartiers regorgent d&#8217;histoire, d&#8217;architecture et de vie nocturne florissante.<\/p>\n<p>Pendant la visite, vous serez accompagn\u00e9 par un guide local qui est un expert de la r\u00e9gion. Il vous fera visiter les lieux et partagera ses connaissances avec vous. Vous d\u00e9couvrirez \u00e9galement l&#8217;histoire de la ville de Prague.<\/p>\n<h2><b>Points d&#8217;int\u00e9r\u00eat\u00a0<\/b><\/h2>\n<p>Mala Strana est une section de la ville connue pour ses rues pav\u00e9es sinueuses et sa belle architecture. C&#8217;\u00e9tait autrefois le quartier juif de Prague et il a \u00e9t\u00e9 pr\u00e9serv\u00e9 avec de nombreux b\u00e2timents historiques tels que l&#8217;ancienne nouvelle synagogue et la grande synagogue.<\/p>\n<p>Hrand\u010dany est une section de Prague qui a r\u00e9cemment \u00e9t\u00e9 r\u00e9nov\u00e9e pour \u00eatre plus accessible que jamais. Ce quartier faisait autrefois partie du quartier juif de Prague, mais il a \u00e9t\u00e9 enti\u00e8rement r\u00e9nov\u00e9 pour \u00eatre plus moderne, accessible et attrayant. Avec l&#8217;aide de fonds publics, c&#8217;est aujourd&#8217;hui une partie riche de la ville avec de nombreux mus\u00e9es, restaurants et magasins.<\/p>\n<p>Au cours de cette visite priv\u00e9e \u00e0 pied, nous pourrons visiter des sites tels que : le monast\u00e8re de Strahov et sa brasserie<\/p>\n<ul>\n<li>La brasserie Loreto,<\/li>\n<li>Colonne de la peste<\/li>\n<li>Ch\u00e2teau de Prague<\/li>\n<li>Cath\u00e9drale Saint-Guy<\/li>\n<li>Rue Neruda<\/li>\n<li>\u00c9glise Saint-Nicolas<\/li>\n<li>\u00c9glise de la Victoire<\/li>\n<li>Enfant J\u00e9sus de Prague<\/li>\n<li>Mur de Lennon<\/li>\n<li>L&#8217;\u00eele de Kampa<\/li>\n<\/ul>\n<p>Enfin, et si vous le souhaitez, nous vous proposons une liste de visites priv\u00e9es dans la ville de Prague pour conna\u00eetre cette destination du nord au sud, ce sera une exp\u00e9rience inoubliable.<\/p>\n","protected":false},"excerpt":{"rendered":"<p>Mala Strana et Hrand\u010dany de Prague sont deux des endroits les plus populaires aupr\u00e8s des touristes. Ces quartiers regorgent d&#8217;histoire, d&#8217;architecture et de vie nocturne florissante.<\/p>\n","protected":false},"featured_media":127153,"comment_status":"open","ping_status":"closed","template":"","meta":{"_acf_changed":false},"product_brand":[],"product_cat":[4460,4461,3755],"product_tag":[],"class_list":{"0":"post-127103","1":"product","2":"type-product","3":"status-publish","4":"has-post-thumbnail","6":"product_cat-all-private-tours-activities-fr-22","7":"product_cat-private-walking-tours-fr-9","8":"product_cat-prague-fr","10":"first","11":"instock","12":"shipping-taxable","13":"purchasable","14":"product-type-simple"},"acf":[],"yoast_head":"<!-- This site is optimized with the Yoast SEO Premium plugin v25.3.1 (Yoast SEO v25.3.1) - https:\/\/yoast.com\/wordpress\/plugins\/seo\/ -->\n<title>Visite priv\u00e9e \u00e0 pied de Mala Strana et Hrad\u010dany | Tour Travel &amp; More<\/title>\n<meta name=\"description\" content=\"D\u00e9couvrez l&#039;ancienne ville de Kutn\u00e1 Hora et sa magnifique cath\u00e9drale de style baroque lors d&#039;une visite priv\u00e9e au d\u00e9part de Prague \u2705\" \/>\n<meta name=\"robots\" content=\"index, follow, max-snippet:-1, max-image-preview:large, max-video-preview:-1\" \/>\n<link rel=\"canonical\" href=\"https:\/\/tourtravelandmore.com\/fr\/tours\/republique-tcheque-fr\/prague-fr\/visite-privee-a-pied-de-mala-strana-et-hradcany\/\" \/>\n<meta property=\"og:locale\" content=\"fr_FR\" \/>\n<meta property=\"og:type\" content=\"article\" \/>\n<meta property=\"og:title\" content=\"Visite priv\u00e9e \u00e0 pied de Mala Strana et Hrad\u010dany\" \/>\n<meta property=\"og:description\" content=\"D\u00e9couvrez l&#039;ancienne ville de Kutn\u00e1 Hora et sa magnifique cath\u00e9drale de style baroque lors d&#039;une visite priv\u00e9e au d\u00e9part de Prague \u2705\" \/>\n<meta property=\"og:url\" content=\"https:\/\/tourtravelandmore.com\/fr\/tours\/republique-tcheque-fr\/prague-fr\/visite-privee-a-pied-de-mala-strana-et-hradcany\/\" \/>\n<meta property=\"og:site_name\" content=\"Tour Travel And More\" \/>\n<meta property=\"article:publisher\" content=\"https:\/\/www.facebook.com\/tourtravelandmore\/\" \/>\n<meta property=\"article:modified_time\" content=\"2023-09-18T19:30:04+00:00\" \/>\n<meta property=\"og:image\" content=\"https:\/\/tourtravelandmore.com\/wp-content\/uploads\/2022\/05\/image3-13.jpg\" \/>\n\t<meta property=\"og:image:width\" content=\"1024\" \/>\n\t<meta property=\"og:image:height\" content=\"684\" \/>\n\t<meta property=\"og:image:type\" content=\"image\/jpeg\" \/>\n<meta name=\"twitter:card\" content=\"summary_large_image\" \/>\n<meta name=\"twitter:site\" content=\"@TourTravel_More\" \/>\n<meta name=\"twitter:label1\" content=\"Dur\u00e9e de lecture estim\u00e9e\" \/>\n\t<meta name=\"twitter:data1\" content=\"1 minute\" \/>\n<script type=\"application\/ld+json\" class=\"yoast-schema-graph\">{\"@context\":\"https:\/\/schema.org\",\"@graph\":[{\"@type\":\"WebPage\",\"@id\":\"https:\/\/tourtravelandmore.com\/fr\/tours\/republique-tcheque-fr\/prague-fr\/visite-privee-a-pied-de-mala-strana-et-hradcany\/\",\"url\":\"https:\/\/tourtravelandmore.com\/fr\/tours\/republique-tcheque-fr\/prague-fr\/visite-privee-a-pied-de-mala-strana-et-hradcany\/\",\"name\":\"Visite priv\u00e9e \u00e0 pied de Mala Strana et Hrad\u010dany | Tour Travel & More\",\"isPartOf\":{\"@id\":\"https:\/\/tourtravelandmore.com\/fr\/#website\"},\"primaryImageOfPage\":{\"@id\":\"https:\/\/tourtravelandmore.com\/fr\/tours\/republique-tcheque-fr\/prague-fr\/visite-privee-a-pied-de-mala-strana-et-hradcany\/#primaryimage\"},\"image\":{\"@id\":\"https:\/\/tourtravelandmore.com\/fr\/tours\/republique-tcheque-fr\/prague-fr\/visite-privee-a-pied-de-mala-strana-et-hradcany\/#primaryimage\"},\"thumbnailUrl\":\"https:\/\/tourtravelandmore.com\/wp-content\/uploads\/2022\/05\/image3-13.jpg\",\"datePublished\":\"2022-05-27T14:52:39+00:00\",\"dateModified\":\"2023-09-18T19:30:04+00:00\",\"description\":\"D\u00e9couvrez l'ancienne ville de Kutn\u00e1 Hora et sa magnifique cath\u00e9drale de style baroque lors d'une visite priv\u00e9e au d\u00e9part de Prague \u2705\",\"breadcrumb\":{\"@id\":\"https:\/\/tourtravelandmore.com\/fr\/tours\/republique-tcheque-fr\/prague-fr\/visite-privee-a-pied-de-mala-strana-et-hradcany\/#breadcrumb\"},\"inLanguage\":\"fr-FR\",\"potentialAction\":[{\"@type\":\"ReadAction\",\"target\":[\"https:\/\/tourtravelandmore.com\/fr\/tours\/republique-tcheque-fr\/prague-fr\/visite-privee-a-pied-de-mala-strana-et-hradcany\/\"]}]},{\"@type\":\"ImageObject\",\"inLanguage\":\"fr-FR\",\"@id\":\"https:\/\/tourtravelandmore.com\/fr\/tours\/republique-tcheque-fr\/prague-fr\/visite-privee-a-pied-de-mala-strana-et-hradcany\/#primaryimage\",\"url\":\"https:\/\/tourtravelandmore.com\/wp-content\/uploads\/2022\/05\/image3-13.jpg\",\"contentUrl\":\"https:\/\/tourtravelandmore.com\/wp-content\/uploads\/2022\/05\/image3-13.jpg\",\"width\":1024,\"height\":684},{\"@type\":\"BreadcrumbList\",\"@id\":\"https:\/\/tourtravelandmore.com\/fr\/tours\/republique-tcheque-fr\/prague-fr\/visite-privee-a-pied-de-mala-strana-et-hradcany\/#breadcrumb\",\"itemListElement\":[{\"@type\":\"ListItem\",\"position\":1,\"name\":\"Home\",\"item\":\"https:\/\/tourtravelandmore.com\/fr\/\"},{\"@type\":\"ListItem\",\"position\":2,\"name\":\"Tours\",\"item\":\"https:\/\/tourtravelandmore.com\/fr\/tours\/\"},{\"@type\":\"ListItem\",\"position\":3,\"name\":\"Visite priv\u00e9e \u00e0 pied de Mala Strana et Hrad\u010dany\"}]},{\"@type\":\"WebSite\",\"@id\":\"https:\/\/tourtravelandmore.com\/fr\/#website\",\"url\":\"https:\/\/tourtravelandmore.com\/fr\/\",\"name\":\"Tour Travel And More\",\"description\":\"Private sightseeing tours and luxury transfers in Spain\",\"publisher\":{\"@id\":\"https:\/\/tourtravelandmore.com\/fr\/#organization\"},\"potentialAction\":[{\"@type\":\"SearchAction\",\"target\":{\"@type\":\"EntryPoint\",\"urlTemplate\":\"https:\/\/tourtravelandmore.com\/fr\/?s={search_term_string}\"},\"query-input\":{\"@type\":\"PropertyValueSpecification\",\"valueRequired\":true,\"valueName\":\"search_term_string\"}}],\"inLanguage\":\"fr-FR\"},{\"@type\":\"Organization\",\"@id\":\"https:\/\/tourtravelandmore.com\/fr\/#organization\",\"name\":\"Tour Travel And More\",\"url\":\"https:\/\/tourtravelandmore.com\/fr\/\",\"logo\":{\"@type\":\"ImageObject\",\"inLanguage\":\"fr-FR\",\"@id\":\"https:\/\/tourtravelandmore.com\/fr\/#\/schema\/logo\/image\/\",\"url\":\"https:\/\/tourtravelandmore.com\/wp-content\/uploads\/2022\/12\/cropped-logo-cabecera-new.png\",\"contentUrl\":\"https:\/\/tourtravelandmore.com\/wp-content\/uploads\/2022\/12\/cropped-logo-cabecera-new.png\",\"width\":430,\"height\":61,\"caption\":\"Tour Travel And More\"},\"image\":{\"@id\":\"https:\/\/tourtravelandmore.com\/fr\/#\/schema\/logo\/image\/\"},\"sameAs\":[\"https:\/\/www.facebook.com\/tourtravelandmore\/\",\"https:\/\/x.com\/TourTravel_More\"]}]}<\/script>\n<!-- \/ Yoast SEO Premium plugin. -->","yoast_head_json":{"title":"Visite priv\u00e9e \u00e0 pied de Mala Strana et Hrad\u010dany | Tour Travel & More","description":"D\u00e9couvrez l'ancienne ville de Kutn\u00e1 Hora et sa magnifique cath\u00e9drale de style baroque lors d'une visite priv\u00e9e au d\u00e9part de Prague \u2705","robots":{"index":"index","follow":"follow","max-snippet":"max-snippet:-1","max-image-preview":"max-image-preview:large","max-video-preview":"max-video-preview:-1"},"canonical":"https:\/\/tourtravelandmore.com\/fr\/tours\/republique-tcheque-fr\/prague-fr\/visite-privee-a-pied-de-mala-strana-et-hradcany\/","og_locale":"fr_FR","og_type":"article","og_title":"Visite priv\u00e9e \u00e0 pied de Mala Strana et Hrad\u010dany","og_description":"D\u00e9couvrez l'ancienne ville de Kutn\u00e1 Hora et sa magnifique cath\u00e9drale de style baroque lors d'une visite priv\u00e9e au d\u00e9part de Prague \u2705","og_url":"https:\/\/tourtravelandmore.com\/fr\/tours\/republique-tcheque-fr\/prague-fr\/visite-privee-a-pied-de-mala-strana-et-hradcany\/","og_site_name":"Tour Travel And More","article_publisher":"https:\/\/www.facebook.com\/tourtravelandmore\/","article_modified_time":"2023-09-18T19:30:04+00:00","og_image":[{"width":1024,"height":684,"url":"https:\/\/tourtravelandmore.com\/wp-content\/uploads\/2022\/05\/image3-13.jpg","type":"image\/jpeg"}],"twitter_card":"summary_large_image","twitter_site":"@TourTravel_More","twitter_misc":{"Dur\u00e9e de lecture estim\u00e9e":"1 minute"},"schema":{"@context":"https:\/\/schema.org","@graph":[{"@type":"WebPage","@id":"https:\/\/tourtravelandmore.com\/fr\/tours\/republique-tcheque-fr\/prague-fr\/visite-privee-a-pied-de-mala-strana-et-hradcany\/","url":"https:\/\/tourtravelandmore.com\/fr\/tours\/republique-tcheque-fr\/prague-fr\/visite-privee-a-pied-de-mala-strana-et-hradcany\/","name":"Visite priv\u00e9e \u00e0 pied de Mala Strana et Hrad\u010dany | Tour Travel & More","isPartOf":{"@id":"https:\/\/tourtravelandmore.com\/fr\/#website"},"primaryImageOfPage":{"@id":"https:\/\/tourtravelandmore.com\/fr\/tours\/republique-tcheque-fr\/prague-fr\/visite-privee-a-pied-de-mala-strana-et-hradcany\/#primaryimage"},"image":{"@id":"https:\/\/tourtravelandmore.com\/fr\/tours\/republique-tcheque-fr\/prague-fr\/visite-privee-a-pied-de-mala-strana-et-hradcany\/#primaryimage"},"thumbnailUrl":"https:\/\/tourtravelandmore.com\/wp-content\/uploads\/2022\/05\/image3-13.jpg","datePublished":"2022-05-27T14:52:39+00:00","dateModified":"2023-09-18T19:30:04+00:00","description":"D\u00e9couvrez l'ancienne ville de Kutn\u00e1 Hora et sa magnifique cath\u00e9drale de style baroque lors d'une visite priv\u00e9e au d\u00e9part de Prague \u2705","breadcrumb":{"@id":"https:\/\/tourtravelandmore.com\/fr\/tours\/republique-tcheque-fr\/prague-fr\/visite-privee-a-pied-de-mala-strana-et-hradcany\/#breadcrumb"},"inLanguage":"fr-FR","potentialAction":[{"@type":"ReadAction","target":["https:\/\/tourtravelandmore.com\/fr\/tours\/republique-tcheque-fr\/prague-fr\/visite-privee-a-pied-de-mala-strana-et-hradcany\/"]}]},{"@type":"ImageObject","inLanguage":"fr-FR","@id":"https:\/\/tourtravelandmore.com\/fr\/tours\/republique-tcheque-fr\/prague-fr\/visite-privee-a-pied-de-mala-strana-et-hradcany\/#primaryimage","url":"https:\/\/tourtravelandmore.com\/wp-content\/uploads\/2022\/05\/image3-13.jpg","contentUrl":"https:\/\/tourtravelandmore.com\/wp-content\/uploads\/2022\/05\/image3-13.jpg","width":1024,"height":684},{"@type":"BreadcrumbList","@id":"https:\/\/tourtravelandmore.com\/fr\/tours\/republique-tcheque-fr\/prague-fr\/visite-privee-a-pied-de-mala-strana-et-hradcany\/#breadcrumb","itemListElement":[{"@type":"ListItem","position":1,"name":"Home","item":"https:\/\/tourtravelandmore.com\/fr\/"},{"@type":"ListItem","position":2,"name":"Tours","item":"https:\/\/tourtravelandmore.com\/fr\/tours\/"},{"@type":"ListItem","position":3,"name":"Visite priv\u00e9e \u00e0 pied de Mala Strana et Hrad\u010dany"}]},{"@type":"WebSite","@id":"https:\/\/tourtravelandmore.com\/fr\/#website","url":"https:\/\/tourtravelandmore.com\/fr\/","name":"Tour Travel And More","description":"Private sightseeing tours and luxury transfers in Spain","publisher":{"@id":"https:\/\/tourtravelandmore.com\/fr\/#organization"},"potentialAction":[{"@type":"SearchAction","target":{"@type":"EntryPoint","urlTemplate":"https:\/\/tourtravelandmore.com\/fr\/?s={search_term_string}"},"query-input":{"@type":"PropertyValueSpecification","valueRequired":true,"valueName":"search_term_string"}}],"inLanguage":"fr-FR"},{"@type":"Organization","@id":"https:\/\/tourtravelandmore.com\/fr\/#organization","name":"Tour Travel And More","url":"https:\/\/tourtravelandmore.com\/fr\/","logo":{"@type":"ImageObject","inLanguage":"fr-FR","@id":"https:\/\/tourtravelandmore.com\/fr\/#\/schema\/logo\/image\/","url":"https:\/\/tourtravelandmore.com\/wp-content\/uploads\/2022\/12\/cropped-logo-cabecera-new.png","contentUrl":"https:\/\/tourtravelandmore.com\/wp-content\/uploads\/2022\/12\/cropped-logo-cabecera-new.png","width":430,"height":61,"caption":"Tour Travel And More"},"image":{"@id":"https:\/\/tourtravelandmore.com\/fr\/#\/schema\/logo\/image\/"},"sameAs":["https:\/\/www.facebook.com\/tourtravelandmore\/","https:\/\/x.com\/TourTravel_More"]}]}},"_links":{"self":[{"href":"https:\/\/tourtravelandmore.com\/fr\/wp-json\/wp\/v2\/product\/127103","targetHints":{"allow":["GET"]}}],"collection":[{"href":"https:\/\/tourtravelandmore.com\/fr\/wp-json\/wp\/v2\/product"}],"about":[{"href":"https:\/\/tourtravelandmore.com\/fr\/wp-json\/wp\/v2\/types\/product"}],"replies":[{"embeddable":true,"href":"https:\/\/tourtravelandmore.com\/fr\/wp-json\/wp\/v2\/comments?post=127103"}],"wp:featuredmedia":[{"embeddable":true,"href":"https:\/\/tourtravelandmore.com\/fr\/wp-json\/wp\/v2\/media\/127153"}],"wp:attachment":[{"href":"https:\/\/tourtravelandmore.com\/fr\/wp-json\/wp\/v2\/media?parent=127103"}],"wp:term":[{"taxonomy":"product_brand","embeddable":true,"href":"https:\/\/tourtravelandmore.com\/fr\/wp-json\/wp\/v2\/product_brand?post=127103"},{"taxonomy":"product_cat","embeddable":true,"href":"https:\/\/tourtravelandmore.com\/fr\/wp-json\/wp\/v2\/product_cat?post=127103"},{"taxonomy":"product_tag","embeddable":true,"href":"https:\/\/tourtravelandmore.com\/fr\/wp-json\/wp\/v2\/product_tag?post=127103"}],"curies":[{"name":"wp","href":"https:\/\/api.w.org\/{rel}","templated":true}]}}