{"id":127063,"date":"2022-05-27T16:18:17","date_gmt":"2022-05-27T14:18:28","guid":{"rendered":"https:\/\/tourtravelandmore.com\/?post_type=product&#038;p=127063"},"modified":"2022-05-27T16:50:23","modified_gmt":"2022-05-27T14:50:23","slug":"visite-privee-de-kutna-hora-au-depart-de-prague","status":"publish","type":"product","link":"https:\/\/tourtravelandmore.com\/fr\/tours\/republique-tcheque-fr\/prague-fr\/visite-privee-de-kutna-hora-au-depart-de-prague\/","title":{"rendered":"Visite priv\u00e9e de Kutna Hora au d\u00e9part de Prague"},"content":{"rendered":"<h2><b>Description de l&#8217;excursion priv\u00e9e \u00e0 Kutna Hora au d\u00e9part de Prague<\/b><\/h2>\n<p><span style=\"font-weight: 400;\">L&#8217;excursion priv\u00e9e \u00e0 Kutn\u00e1 Hora au d\u00e9part de Prague comprend la visite de trois lieux importants tels que le centre historique, la cath\u00e9drale gothique Sainte-Barbe, la chapelle du Corpus Christi, entre autres.<\/span><\/p>\n<p><span style=\"font-weight: 400;\">Mais, avant de commencer la visite, parlons un peu de Kutna Hora, un lieu embl\u00e9matique situ\u00e9 juste \u00e0 l&#8217;ext\u00e9rieur de Prague.<\/span><\/p>\n<p><span style=\"font-weight: 400;\">Kutn\u00e1 Hora est une ville de la R\u00e9publique tch\u00e8que, pr\u00e8s de la fronti\u00e8re polonaise. La ville a \u00e9t\u00e9 largement exploit\u00e9e pour son argent du 13e au 16e si\u00e8cle. En cons\u00e9quence, ses maisons sont principalement construites en argent et en plomb. Chaque ann\u00e9e, pendant l&#8217;\u00e9t\u00e9, Kutn\u00e1 Hora accueille une exposition en plein air de d\u00e9couvertes arch\u00e9ologiques de diff\u00e9rentes p\u00e9riodes.<\/span><\/p>\n<h2><b>Points d&#8217;int\u00e9r\u00eat de l&#8217;excursion priv\u00e9e \u00e0 Kutna Hora au d\u00e9part de Prague<\/b><\/h2>\n<p><span style=\"font-weight: 400;\">Kutna Hora, une ville m\u00e9di\u00e9vale de la R\u00e9publique tch\u00e8que, est inscrite au patrimoine mondial de l&#8217;UNESCO. Elle se trouve sur les rives de la Vltava et est habit\u00e9e depuis l&#8217;\u00e2ge de pierre.<\/span><\/p>\n<p><span style=\"font-weight: 400;\">L&#8217;excursion commence par une visite de la place de la vieille ville. La place est entour\u00e9e de b\u00e2timents construits dans les styles gothique, Renaissance et baroque. Le b\u00e2timent le plus marquant de cette place est l&#8217;\u00e9glise Saint-Nicolas avec sa belle fa\u00e7ade baroque.<\/span><\/p>\n<p><span style=\"font-weight: 400;\">Au cours de la visite, vous pourrez visiter certains des lieux les plus embl\u00e9matiques de la ville :<\/span><\/p>\n<ul>\n<li><b>Centre historique<\/b><\/li>\n<li><b>Cath\u00e9drale gothique de Santa Barbara<\/b><\/li>\n<li><b>Chapelle de Corpus Christi<\/b><\/li>\n<li><b>Ch\u00e2teau royal,<\/b><\/li>\n<li><b>Vla\u0161sk\u00fd dv\u016fr<\/b><\/li>\n<li><b>Ossuaire de Sedlec<\/b><\/li>\n<\/ul>\n<p><span style=\"font-weight: 400;\">Enfin, votre chauffeur vous ram\u00e8nera \u00e0 votre point de rendez-vous \u00e0 Prague, o\u00f9 vous pourrez continuer \u00e0 profiter de cette belle ville charg\u00e9e d&#8217;histoire.<\/span><\/p>\n<p><span style=\"font-weight: 400;\">Si vous souhaitez en savoir plus sur Prague et sur tout ce que cette destination de la R\u00e9publique tch\u00e8que a \u00e0 offrir, n&#8217;h\u00e9sitez pas \u00e0 consulter notre page consacr\u00e9e <a href=\"https:\/\/tourtravelandmore.com\/fr\/city\/republique-tcheque-fr\/prague-fr\/\">aux <\/a><\/span><span style=\"font-weight: 400;\">visites priv\u00e9es \u00e0 Prague.<\/span><\/p>\n","protected":false},"excerpt":{"rendered":"<p><span style=\"font-weight: 400;\">Si vous cherchez une visite priv\u00e9e \u00e0 Kutna Hora, vous pouvez la r\u00e9server avec nous. Nous proposons des visites priv\u00e9es du site du patrimoine mondial de l&#8217;UNESCO et d&#8217;autres destinations en R\u00e9publique tch\u00e8que.<\/span><\/p>\n<p><span style=\"font-weight: 400;\">Nos chauffeurs professionnels vous emm\u00e8neront de Prague \u00e0 Kutn\u00e1 Hora dans un v\u00e9hicule confortable et s\u00fbr avec un guide professionnel.\u00a0<\/span><\/p>\n","protected":false},"featured_media":127081,"comment_status":"open","ping_status":"closed","template":"","meta":{"_acf_changed":false},"product_brand":[],"product_cat":[4460,3755],"product_tag":[],"class_list":{"0":"post-127063","1":"product","2":"type-product","3":"status-publish","4":"has-post-thumbnail","6":"product_cat-all-private-tours-activities-fr-22","7":"product_cat-prague-fr","9":"first","10":"instock","11":"shipping-taxable","12":"purchasable","13":"product-type-simple"},"acf":[],"yoast_head":"<!-- This site is optimized with the Yoast SEO Premium plugin v25.3.1 (Yoast SEO v25.3.1) - https:\/\/yoast.com\/wordpress\/plugins\/seo\/ -->\n<title>Visite priv\u00e9e de Kutna Hora depuis Prague | Tour Travel &amp; More<\/title>\n<meta name=\"description\" content=\"D\u00e9couvrez l&#039;ancienne ville de Kutn\u00e1 Hora et sa magnifique cath\u00e9drale de style baroque lors d&#039;une visite priv\u00e9e au d\u00e9part de Prague \u2705\" \/>\n<meta name=\"robots\" content=\"index, follow, max-snippet:-1, max-image-preview:large, max-video-preview:-1\" \/>\n<link rel=\"canonical\" href=\"https:\/\/tourtravelandmore.com\/fr\/tours\/republique-tcheque-fr\/prague-fr\/visite-privee-de-kutna-hora-au-depart-de-prague\/\" \/>\n<meta property=\"og:locale\" content=\"fr_FR\" \/>\n<meta property=\"og:type\" content=\"article\" \/>\n<meta property=\"og:title\" content=\"Visite priv\u00e9e de Kutna Hora au d\u00e9part de Prague\" \/>\n<meta property=\"og:description\" content=\"D\u00e9couvrez l&#039;ancienne ville de Kutn\u00e1 Hora et sa magnifique cath\u00e9drale de style baroque lors d&#039;une visite priv\u00e9e au d\u00e9part de Prague \u2705\" \/>\n<meta property=\"og:url\" content=\"https:\/\/tourtravelandmore.com\/fr\/tours\/republique-tcheque-fr\/prague-fr\/visite-privee-de-kutna-hora-au-depart-de-prague\/\" \/>\n<meta property=\"og:site_name\" content=\"Tour Travel And More\" \/>\n<meta property=\"article:publisher\" content=\"https:\/\/www.facebook.com\/tourtravelandmore\/\" \/>\n<meta property=\"article:modified_time\" content=\"2022-05-27T14:50:23+00:00\" \/>\n<meta property=\"og:image\" content=\"https:\/\/tourtravelandmore.com\/wp-content\/uploads\/2022\/05\/image3-12.jpg\" \/>\n\t<meta property=\"og:image:width\" content=\"1024\" \/>\n\t<meta property=\"og:image:height\" content=\"684\" \/>\n\t<meta property=\"og:image:type\" content=\"image\/jpeg\" \/>\n<meta name=\"twitter:card\" content=\"summary_large_image\" \/>\n<meta name=\"twitter:site\" content=\"@TourTravel_More\" \/>\n<meta name=\"twitter:label1\" content=\"Dur\u00e9e de lecture estim\u00e9e\" \/>\n\t<meta name=\"twitter:data1\" content=\"2 minutes\" \/>\n<script type=\"application\/ld+json\" class=\"yoast-schema-graph\">{\"@context\":\"https:\/\/schema.org\",\"@graph\":[{\"@type\":\"WebPage\",\"@id\":\"https:\/\/tourtravelandmore.com\/fr\/tours\/republique-tcheque-fr\/prague-fr\/visite-privee-de-kutna-hora-au-depart-de-prague\/\",\"url\":\"https:\/\/tourtravelandmore.com\/fr\/tours\/republique-tcheque-fr\/prague-fr\/visite-privee-de-kutna-hora-au-depart-de-prague\/\",\"name\":\"Visite priv\u00e9e de Kutna Hora depuis Prague | Tour Travel & More\",\"isPartOf\":{\"@id\":\"https:\/\/tourtravelandmore.com\/fr\/#website\"},\"primaryImageOfPage\":{\"@id\":\"https:\/\/tourtravelandmore.com\/fr\/tours\/republique-tcheque-fr\/prague-fr\/visite-privee-de-kutna-hora-au-depart-de-prague\/#primaryimage\"},\"image\":{\"@id\":\"https:\/\/tourtravelandmore.com\/fr\/tours\/republique-tcheque-fr\/prague-fr\/visite-privee-de-kutna-hora-au-depart-de-prague\/#primaryimage\"},\"thumbnailUrl\":\"https:\/\/tourtravelandmore.com\/wp-content\/uploads\/2022\/05\/image3-12.jpg\",\"datePublished\":\"2022-05-27T14:18:28+00:00\",\"dateModified\":\"2022-05-27T14:50:23+00:00\",\"description\":\"D\u00e9couvrez l'ancienne ville de Kutn\u00e1 Hora et sa magnifique cath\u00e9drale de style baroque lors d'une visite priv\u00e9e au d\u00e9part de Prague \u2705\",\"breadcrumb\":{\"@id\":\"https:\/\/tourtravelandmore.com\/fr\/tours\/republique-tcheque-fr\/prague-fr\/visite-privee-de-kutna-hora-au-depart-de-prague\/#breadcrumb\"},\"inLanguage\":\"fr-FR\",\"potentialAction\":[{\"@type\":\"ReadAction\",\"target\":[\"https:\/\/tourtravelandmore.com\/fr\/tours\/republique-tcheque-fr\/prague-fr\/visite-privee-de-kutna-hora-au-depart-de-prague\/\"]}]},{\"@type\":\"ImageObject\",\"inLanguage\":\"fr-FR\",\"@id\":\"https:\/\/tourtravelandmore.com\/fr\/tours\/republique-tcheque-fr\/prague-fr\/visite-privee-de-kutna-hora-au-depart-de-prague\/#primaryimage\",\"url\":\"https:\/\/tourtravelandmore.com\/wp-content\/uploads\/2022\/05\/image3-12.jpg\",\"contentUrl\":\"https:\/\/tourtravelandmore.com\/wp-content\/uploads\/2022\/05\/image3-12.jpg\",\"width\":1024,\"height\":684},{\"@type\":\"BreadcrumbList\",\"@id\":\"https:\/\/tourtravelandmore.com\/fr\/tours\/republique-tcheque-fr\/prague-fr\/visite-privee-de-kutna-hora-au-depart-de-prague\/#breadcrumb\",\"itemListElement\":[{\"@type\":\"ListItem\",\"position\":1,\"name\":\"Home\",\"item\":\"https:\/\/tourtravelandmore.com\/fr\/\"},{\"@type\":\"ListItem\",\"position\":2,\"name\":\"Tours\",\"item\":\"https:\/\/tourtravelandmore.com\/fr\/tours\/\"},{\"@type\":\"ListItem\",\"position\":3,\"name\":\"Visite priv\u00e9e de Kutna Hora au d\u00e9part de Prague\"}]},{\"@type\":\"WebSite\",\"@id\":\"https:\/\/tourtravelandmore.com\/fr\/#website\",\"url\":\"https:\/\/tourtravelandmore.com\/fr\/\",\"name\":\"Tour Travel And More\",\"description\":\"Private sightseeing tours and luxury transfers in Spain\",\"publisher\":{\"@id\":\"https:\/\/tourtravelandmore.com\/fr\/#organization\"},\"potentialAction\":[{\"@type\":\"SearchAction\",\"target\":{\"@type\":\"EntryPoint\",\"urlTemplate\":\"https:\/\/tourtravelandmore.com\/fr\/?s={search_term_string}\"},\"query-input\":{\"@type\":\"PropertyValueSpecification\",\"valueRequired\":true,\"valueName\":\"search_term_string\"}}],\"inLanguage\":\"fr-FR\"},{\"@type\":\"Organization\",\"@id\":\"https:\/\/tourtravelandmore.com\/fr\/#organization\",\"name\":\"Tour Travel And More\",\"url\":\"https:\/\/tourtravelandmore.com\/fr\/\",\"logo\":{\"@type\":\"ImageObject\",\"inLanguage\":\"fr-FR\",\"@id\":\"https:\/\/tourtravelandmore.com\/fr\/#\/schema\/logo\/image\/\",\"url\":\"https:\/\/tourtravelandmore.com\/wp-content\/uploads\/2022\/12\/cropped-logo-cabecera-new.png\",\"contentUrl\":\"https:\/\/tourtravelandmore.com\/wp-content\/uploads\/2022\/12\/cropped-logo-cabecera-new.png\",\"width\":430,\"height\":61,\"caption\":\"Tour Travel And More\"},\"image\":{\"@id\":\"https:\/\/tourtravelandmore.com\/fr\/#\/schema\/logo\/image\/\"},\"sameAs\":[\"https:\/\/www.facebook.com\/tourtravelandmore\/\",\"https:\/\/x.com\/TourTravel_More\"]}]}<\/script>\n<!-- \/ Yoast SEO Premium plugin. -->","yoast_head_json":{"title":"Visite priv\u00e9e de Kutna Hora depuis Prague | Tour Travel & More","description":"D\u00e9couvrez l'ancienne ville de Kutn\u00e1 Hora et sa magnifique cath\u00e9drale de style baroque lors d'une visite priv\u00e9e au d\u00e9part de Prague \u2705","robots":{"index":"index","follow":"follow","max-snippet":"max-snippet:-1","max-image-preview":"max-image-preview:large","max-video-preview":"max-video-preview:-1"},"canonical":"https:\/\/tourtravelandmore.com\/fr\/tours\/republique-tcheque-fr\/prague-fr\/visite-privee-de-kutna-hora-au-depart-de-prague\/","og_locale":"fr_FR","og_type":"article","og_title":"Visite priv\u00e9e de Kutna Hora au d\u00e9part de Prague","og_description":"D\u00e9couvrez l'ancienne ville de Kutn\u00e1 Hora et sa magnifique cath\u00e9drale de style baroque lors d'une visite priv\u00e9e au d\u00e9part de Prague \u2705","og_url":"https:\/\/tourtravelandmore.com\/fr\/tours\/republique-tcheque-fr\/prague-fr\/visite-privee-de-kutna-hora-au-depart-de-prague\/","og_site_name":"Tour Travel And More","article_publisher":"https:\/\/www.facebook.com\/tourtravelandmore\/","article_modified_time":"2022-05-27T14:50:23+00:00","og_image":[{"width":1024,"height":684,"url":"https:\/\/tourtravelandmore.com\/wp-content\/uploads\/2022\/05\/image3-12.jpg","type":"image\/jpeg"}],"twitter_card":"summary_large_image","twitter_site":"@TourTravel_More","twitter_misc":{"Dur\u00e9e de lecture estim\u00e9e":"2 minutes"},"schema":{"@context":"https:\/\/schema.org","@graph":[{"@type":"WebPage","@id":"https:\/\/tourtravelandmore.com\/fr\/tours\/republique-tcheque-fr\/prague-fr\/visite-privee-de-kutna-hora-au-depart-de-prague\/","url":"https:\/\/tourtravelandmore.com\/fr\/tours\/republique-tcheque-fr\/prague-fr\/visite-privee-de-kutna-hora-au-depart-de-prague\/","name":"Visite priv\u00e9e de Kutna Hora depuis Prague | Tour Travel & More","isPartOf":{"@id":"https:\/\/tourtravelandmore.com\/fr\/#website"},"primaryImageOfPage":{"@id":"https:\/\/tourtravelandmore.com\/fr\/tours\/republique-tcheque-fr\/prague-fr\/visite-privee-de-kutna-hora-au-depart-de-prague\/#primaryimage"},"image":{"@id":"https:\/\/tourtravelandmore.com\/fr\/tours\/republique-tcheque-fr\/prague-fr\/visite-privee-de-kutna-hora-au-depart-de-prague\/#primaryimage"},"thumbnailUrl":"https:\/\/tourtravelandmore.com\/wp-content\/uploads\/2022\/05\/image3-12.jpg","datePublished":"2022-05-27T14:18:28+00:00","dateModified":"2022-05-27T14:50:23+00:00","description":"D\u00e9couvrez l'ancienne ville de Kutn\u00e1 Hora et sa magnifique cath\u00e9drale de style baroque lors d'une visite priv\u00e9e au d\u00e9part de Prague \u2705","breadcrumb":{"@id":"https:\/\/tourtravelandmore.com\/fr\/tours\/republique-tcheque-fr\/prague-fr\/visite-privee-de-kutna-hora-au-depart-de-prague\/#breadcrumb"},"inLanguage":"fr-FR","potentialAction":[{"@type":"ReadAction","target":["https:\/\/tourtravelandmore.com\/fr\/tours\/republique-tcheque-fr\/prague-fr\/visite-privee-de-kutna-hora-au-depart-de-prague\/"]}]},{"@type":"ImageObject","inLanguage":"fr-FR","@id":"https:\/\/tourtravelandmore.com\/fr\/tours\/republique-tcheque-fr\/prague-fr\/visite-privee-de-kutna-hora-au-depart-de-prague\/#primaryimage","url":"https:\/\/tourtravelandmore.com\/wp-content\/uploads\/2022\/05\/image3-12.jpg","contentUrl":"https:\/\/tourtravelandmore.com\/wp-content\/uploads\/2022\/05\/image3-12.jpg","width":1024,"height":684},{"@type":"BreadcrumbList","@id":"https:\/\/tourtravelandmore.com\/fr\/tours\/republique-tcheque-fr\/prague-fr\/visite-privee-de-kutna-hora-au-depart-de-prague\/#breadcrumb","itemListElement":[{"@type":"ListItem","position":1,"name":"Home","item":"https:\/\/tourtravelandmore.com\/fr\/"},{"@type":"ListItem","position":2,"name":"Tours","item":"https:\/\/tourtravelandmore.com\/fr\/tours\/"},{"@type":"ListItem","position":3,"name":"Visite priv\u00e9e de Kutna Hora au d\u00e9part de Prague"}]},{"@type":"WebSite","@id":"https:\/\/tourtravelandmore.com\/fr\/#website","url":"https:\/\/tourtravelandmore.com\/fr\/","name":"Tour Travel And More","description":"Private sightseeing tours and luxury transfers in Spain","publisher":{"@id":"https:\/\/tourtravelandmore.com\/fr\/#organization"},"potentialAction":[{"@type":"SearchAction","target":{"@type":"EntryPoint","urlTemplate":"https:\/\/tourtravelandmore.com\/fr\/?s={search_term_string}"},"query-input":{"@type":"PropertyValueSpecification","valueRequired":true,"valueName":"search_term_string"}}],"inLanguage":"fr-FR"},{"@type":"Organization","@id":"https:\/\/tourtravelandmore.com\/fr\/#organization","name":"Tour Travel And More","url":"https:\/\/tourtravelandmore.com\/fr\/","logo":{"@type":"ImageObject","inLanguage":"fr-FR","@id":"https:\/\/tourtravelandmore.com\/fr\/#\/schema\/logo\/image\/","url":"https:\/\/tourtravelandmore.com\/wp-content\/uploads\/2022\/12\/cropped-logo-cabecera-new.png","contentUrl":"https:\/\/tourtravelandmore.com\/wp-content\/uploads\/2022\/12\/cropped-logo-cabecera-new.png","width":430,"height":61,"caption":"Tour Travel And More"},"image":{"@id":"https:\/\/tourtravelandmore.com\/fr\/#\/schema\/logo\/image\/"},"sameAs":["https:\/\/www.facebook.com\/tourtravelandmore\/","https:\/\/x.com\/TourTravel_More"]}]}},"_links":{"self":[{"href":"https:\/\/tourtravelandmore.com\/fr\/wp-json\/wp\/v2\/product\/127063","targetHints":{"allow":["GET"]}}],"collection":[{"href":"https:\/\/tourtravelandmore.com\/fr\/wp-json\/wp\/v2\/product"}],"about":[{"href":"https:\/\/tourtravelandmore.com\/fr\/wp-json\/wp\/v2\/types\/product"}],"replies":[{"embeddable":true,"href":"https:\/\/tourtravelandmore.com\/fr\/wp-json\/wp\/v2\/comments?post=127063"}],"wp:featuredmedia":[{"embeddable":true,"href":"https:\/\/tourtravelandmore.com\/fr\/wp-json\/wp\/v2\/media\/127081"}],"wp:attachment":[{"href":"https:\/\/tourtravelandmore.com\/fr\/wp-json\/wp\/v2\/media?parent=127063"}],"wp:term":[{"taxonomy":"product_brand","embeddable":true,"href":"https:\/\/tourtravelandmore.com\/fr\/wp-json\/wp\/v2\/product_brand?post=127063"},{"taxonomy":"product_cat","embeddable":true,"href":"https:\/\/tourtravelandmore.com\/fr\/wp-json\/wp\/v2\/product_cat?post=127063"},{"taxonomy":"product_tag","embeddable":true,"href":"https:\/\/tourtravelandmore.com\/fr\/wp-json\/wp\/v2\/product_tag?post=127063"}],"curies":[{"name":"wp","href":"https:\/\/api.w.org\/{rel}","templated":true}]}}