{"id":126953,"date":"2022-05-26T18:34:22","date_gmt":"2022-05-26T16:34:38","guid":{"rendered":"https:\/\/tourtravelandmore.com\/?post_type=product&#038;p=126953"},"modified":"2022-05-26T18:51:22","modified_gmt":"2022-05-26T16:51:22","slug":"visite-privee-complete-de-prague","status":"publish","type":"product","link":"https:\/\/tourtravelandmore.com\/fr\/tours\/republique-tcheque-fr\/prague-fr\/visite-privee-complete-de-prague\/","title":{"rendered":"Visite priv\u00e9e compl\u00e8te de Prague"},"content":{"rendered":"<h2><b>Description du tour complet priv\u00e9 de Prague<\/b><\/h2>\n<p><span style=\"font-weight: 400;\">Prague est l&#8217;une des villes les plus populaires aupr\u00e8s des touristes et est connue pour son architecture, sa culture et son histoire uniques. Une visite priv\u00e9e \u00e0 Prague vous donnera l&#8217;occasion d&#8217;explorer la ville \u00e0 votre propre rythme. Vous serez accompagn\u00e9 d&#8217;un guide expert qui veillera \u00e0 ce que vous ne manquiez aucun des points forts de Prague.<\/span><\/p>\n<p><span style=\"font-weight: 400;\">Une visite priv\u00e9e de Prague est une exp\u00e9rience de luxe \u00e0 ne pas manquer. Il propose une visite priv\u00e9e de 8 heures de Prague avec un v\u00e9hicule de luxe et un guide expert qui s&#8217;occupera de tout afin que vous puissiez profiter de votre temps dans la ville sans vous soucier de quoi que ce soit d&#8217;autre.<\/span><\/p>\n<h2><b>Points forts de la visite priv\u00e9e compl\u00e8te de Prague<\/b><\/h2>\n<p><span style=\"font-weight: 400;\">La visite priv\u00e9e de Prague est un excellent moyen de d\u00e9couvrir la ville et ses diff\u00e9rents points d&#8217;int\u00e9r\u00eat. Vous pouvez choisir votre propre point d&#8217;int\u00e9r\u00eat ou nous pouvons en choisir un pour vous, en fonction de vos pr\u00e9f\u00e9rences.<\/span><\/p>\n<p><span style=\"font-weight: 400;\">Votre v\u00e9hicule de luxe priv\u00e9 avec votre chauffeur et votre guide viendra vous chercher \u00e0 l&#8217;endroit de votre choix \u00e0 Prague ou sur votre lieu d&#8217;h\u00e9bergement afin de commencer cette aventure cosmopolite.<\/span><\/p>\n<p><span style=\"font-weight: 400;\">Les points d&#8217;int\u00e9r\u00eat de Prague sont les suivants :<\/span><b><\/b><\/p>\n<ul>\n<li><b>&#8220;Petite ville<\/b><\/li>\n<li><b>Colonne de la peste<\/b><\/li>\n<li><b>Les cours du Ch\u00e2teau de Prague<\/b><\/li>\n<li><b>Cath\u00e9drale St. Vitus<\/b><\/li>\n<li><b>lieu de naissance de l&#8217;\u00e9crivain tch\u00e8que Jan Neruda<\/b><\/li>\n<li><b>\u00c9glise Saint-Nicolas<\/b><\/li>\n<li><b>Mur Lennon<\/b><\/li>\n<li><b>\u00cele de Kampa<\/b><\/li>\n<li><b>Et bien plus encore !<\/b><\/li>\n<\/ul>\n<p><span style=\"font-weight: 400;\">\u00c0 la fin de la visite, votre chauffeur et votre v\u00e9hicule priv\u00e9 vous ram\u00e8neront \u00e0 votre point de rencontre o\u00f9 vous pourrez continuer \u00e0 profiter de cette belle ville.<\/span><\/p>\n<p><span style=\"font-weight: 400;\">Si vous voulez voir plus de Prague, n&#8217;h\u00e9sitez pas \u00e0 consulter <a href=\"https:\/\/tourtravelandmore.com\/fr\/city\/republique-tcheque-fr\/prague-fr\/\">nos visites priv\u00e9es \u00e0 Prague.<\/a><\/span><\/p>\n","protected":false},"excerpt":{"rendered":"<p><span style=\"font-weight: 400;\">Prague est une ville qui ne dort jamais. Il se passe toujours quelque chose et vous pouvez facilement passer des jours \u00e0 explorer la ville sans tout voir.<\/span><\/p>\n<p><span style=\"font-weight: 400;\">Si vous voulez explorer la beaut\u00e9 de Prague, une visite priv\u00e9e est votre meilleure option. Vous pouvez r\u00e9server un v\u00e9hicule priv\u00e9 et un guide expert pour une exp\u00e9rience approfondie de la ville<\/span><\/p>\n","protected":false},"featured_media":126971,"comment_status":"open","ping_status":"closed","template":"","meta":{"_acf_changed":false},"product_brand":[],"product_cat":[4460,3755],"product_tag":[],"class_list":{"0":"post-126953","1":"product","2":"type-product","3":"status-publish","4":"has-post-thumbnail","6":"product_cat-all-private-tours-activities-fr-22","7":"product_cat-prague-fr","9":"first","10":"instock","11":"shipping-taxable","12":"purchasable","13":"product-type-simple"},"acf":[],"yoast_head":"<!-- This site is optimized with the Yoast SEO Premium plugin v25.3.1 (Yoast SEO v25.3.1) - https:\/\/yoast.com\/wordpress\/plugins\/seo\/ -->\n<title>Visite priv\u00e9e compl\u00e8te de Prague | Tour Travel &amp; More<\/title>\n<meta name=\"description\" content=\"Prague, la capitale de la R\u00e9publique tch\u00e8que, est l&#039;une des destinations les plus belles et les plus romantiques d&#039;Europe. Faites une visite priv\u00e9e pour voir ses nombreux points de rep\u00e8re et pour passer plus de temps avec vos proches \u2705\" \/>\n<meta name=\"robots\" content=\"index, follow, max-snippet:-1, max-image-preview:large, max-video-preview:-1\" \/>\n<link rel=\"canonical\" href=\"https:\/\/tourtravelandmore.com\/fr\/tours\/republique-tcheque-fr\/prague-fr\/visite-privee-complete-de-prague\/\" \/>\n<meta property=\"og:locale\" content=\"fr_FR\" \/>\n<meta property=\"og:type\" content=\"article\" \/>\n<meta property=\"og:title\" content=\"Visite priv\u00e9e compl\u00e8te de Prague\" \/>\n<meta property=\"og:description\" content=\"Prague, la capitale de la R\u00e9publique tch\u00e8que, est l&#039;une des destinations les plus belles et les plus romantiques d&#039;Europe. Faites une visite priv\u00e9e pour voir ses nombreux points de rep\u00e8re et pour passer plus de temps avec vos proches \u2705\" \/>\n<meta property=\"og:url\" content=\"https:\/\/tourtravelandmore.com\/fr\/tours\/republique-tcheque-fr\/prague-fr\/visite-privee-complete-de-prague\/\" \/>\n<meta property=\"og:site_name\" content=\"Tour Travel And More\" \/>\n<meta property=\"article:publisher\" content=\"https:\/\/www.facebook.com\/tourtravelandmore\/\" \/>\n<meta property=\"article:modified_time\" content=\"2022-05-26T16:51:22+00:00\" \/>\n<meta property=\"og:image\" content=\"https:\/\/tourtravelandmore.com\/wp-content\/uploads\/2022\/05\/image3-11.jpg\" \/>\n\t<meta property=\"og:image:width\" content=\"1024\" \/>\n\t<meta property=\"og:image:height\" content=\"684\" \/>\n\t<meta property=\"og:image:type\" content=\"image\/jpeg\" \/>\n<meta name=\"twitter:card\" content=\"summary_large_image\" \/>\n<meta name=\"twitter:site\" content=\"@TourTravel_More\" \/>\n<meta name=\"twitter:label1\" content=\"Dur\u00e9e de lecture estim\u00e9e\" \/>\n\t<meta name=\"twitter:data1\" content=\"2 minutes\" \/>\n<script type=\"application\/ld+json\" class=\"yoast-schema-graph\">{\"@context\":\"https:\/\/schema.org\",\"@graph\":[{\"@type\":\"WebPage\",\"@id\":\"https:\/\/tourtravelandmore.com\/fr\/tours\/republique-tcheque-fr\/prague-fr\/visite-privee-complete-de-prague\/\",\"url\":\"https:\/\/tourtravelandmore.com\/fr\/tours\/republique-tcheque-fr\/prague-fr\/visite-privee-complete-de-prague\/\",\"name\":\"Visite priv\u00e9e compl\u00e8te de Prague | Tour Travel & More\",\"isPartOf\":{\"@id\":\"https:\/\/tourtravelandmore.com\/fr\/#website\"},\"primaryImageOfPage\":{\"@id\":\"https:\/\/tourtravelandmore.com\/fr\/tours\/republique-tcheque-fr\/prague-fr\/visite-privee-complete-de-prague\/#primaryimage\"},\"image\":{\"@id\":\"https:\/\/tourtravelandmore.com\/fr\/tours\/republique-tcheque-fr\/prague-fr\/visite-privee-complete-de-prague\/#primaryimage\"},\"thumbnailUrl\":\"https:\/\/tourtravelandmore.com\/wp-content\/uploads\/2022\/05\/image3-11.jpg\",\"datePublished\":\"2022-05-26T16:34:38+00:00\",\"dateModified\":\"2022-05-26T16:51:22+00:00\",\"description\":\"Prague, la capitale de la R\u00e9publique tch\u00e8que, est l'une des destinations les plus belles et les plus romantiques d'Europe. Faites une visite priv\u00e9e pour voir ses nombreux points de rep\u00e8re et pour passer plus de temps avec vos proches \u2705\",\"breadcrumb\":{\"@id\":\"https:\/\/tourtravelandmore.com\/fr\/tours\/republique-tcheque-fr\/prague-fr\/visite-privee-complete-de-prague\/#breadcrumb\"},\"inLanguage\":\"fr-FR\",\"potentialAction\":[{\"@type\":\"ReadAction\",\"target\":[\"https:\/\/tourtravelandmore.com\/fr\/tours\/republique-tcheque-fr\/prague-fr\/visite-privee-complete-de-prague\/\"]}]},{\"@type\":\"ImageObject\",\"inLanguage\":\"fr-FR\",\"@id\":\"https:\/\/tourtravelandmore.com\/fr\/tours\/republique-tcheque-fr\/prague-fr\/visite-privee-complete-de-prague\/#primaryimage\",\"url\":\"https:\/\/tourtravelandmore.com\/wp-content\/uploads\/2022\/05\/image3-11.jpg\",\"contentUrl\":\"https:\/\/tourtravelandmore.com\/wp-content\/uploads\/2022\/05\/image3-11.jpg\",\"width\":1024,\"height\":684},{\"@type\":\"BreadcrumbList\",\"@id\":\"https:\/\/tourtravelandmore.com\/fr\/tours\/republique-tcheque-fr\/prague-fr\/visite-privee-complete-de-prague\/#breadcrumb\",\"itemListElement\":[{\"@type\":\"ListItem\",\"position\":1,\"name\":\"Home\",\"item\":\"https:\/\/tourtravelandmore.com\/fr\/\"},{\"@type\":\"ListItem\",\"position\":2,\"name\":\"Tours\",\"item\":\"https:\/\/tourtravelandmore.com\/fr\/tours\/\"},{\"@type\":\"ListItem\",\"position\":3,\"name\":\"Visite priv\u00e9e compl\u00e8te de Prague\"}]},{\"@type\":\"WebSite\",\"@id\":\"https:\/\/tourtravelandmore.com\/fr\/#website\",\"url\":\"https:\/\/tourtravelandmore.com\/fr\/\",\"name\":\"Tour Travel And More\",\"description\":\"Private sightseeing tours and luxury transfers in Spain\",\"publisher\":{\"@id\":\"https:\/\/tourtravelandmore.com\/fr\/#organization\"},\"potentialAction\":[{\"@type\":\"SearchAction\",\"target\":{\"@type\":\"EntryPoint\",\"urlTemplate\":\"https:\/\/tourtravelandmore.com\/fr\/?s={search_term_string}\"},\"query-input\":{\"@type\":\"PropertyValueSpecification\",\"valueRequired\":true,\"valueName\":\"search_term_string\"}}],\"inLanguage\":\"fr-FR\"},{\"@type\":\"Organization\",\"@id\":\"https:\/\/tourtravelandmore.com\/fr\/#organization\",\"name\":\"Tour Travel And More\",\"url\":\"https:\/\/tourtravelandmore.com\/fr\/\",\"logo\":{\"@type\":\"ImageObject\",\"inLanguage\":\"fr-FR\",\"@id\":\"https:\/\/tourtravelandmore.com\/fr\/#\/schema\/logo\/image\/\",\"url\":\"https:\/\/tourtravelandmore.com\/wp-content\/uploads\/2022\/12\/cropped-logo-cabecera-new.png\",\"contentUrl\":\"https:\/\/tourtravelandmore.com\/wp-content\/uploads\/2022\/12\/cropped-logo-cabecera-new.png\",\"width\":430,\"height\":61,\"caption\":\"Tour Travel And More\"},\"image\":{\"@id\":\"https:\/\/tourtravelandmore.com\/fr\/#\/schema\/logo\/image\/\"},\"sameAs\":[\"https:\/\/www.facebook.com\/tourtravelandmore\/\",\"https:\/\/x.com\/TourTravel_More\"]}]}<\/script>\n<!-- \/ Yoast SEO Premium plugin. -->","yoast_head_json":{"title":"Visite priv\u00e9e compl\u00e8te de Prague | Tour Travel & More","description":"Prague, la capitale de la R\u00e9publique tch\u00e8que, est l'une des destinations les plus belles et les plus romantiques d'Europe. Faites une visite priv\u00e9e pour voir ses nombreux points de rep\u00e8re et pour passer plus de temps avec vos proches \u2705","robots":{"index":"index","follow":"follow","max-snippet":"max-snippet:-1","max-image-preview":"max-image-preview:large","max-video-preview":"max-video-preview:-1"},"canonical":"https:\/\/tourtravelandmore.com\/fr\/tours\/republique-tcheque-fr\/prague-fr\/visite-privee-complete-de-prague\/","og_locale":"fr_FR","og_type":"article","og_title":"Visite priv\u00e9e compl\u00e8te de Prague","og_description":"Prague, la capitale de la R\u00e9publique tch\u00e8que, est l'une des destinations les plus belles et les plus romantiques d'Europe. Faites une visite priv\u00e9e pour voir ses nombreux points de rep\u00e8re et pour passer plus de temps avec vos proches \u2705","og_url":"https:\/\/tourtravelandmore.com\/fr\/tours\/republique-tcheque-fr\/prague-fr\/visite-privee-complete-de-prague\/","og_site_name":"Tour Travel And More","article_publisher":"https:\/\/www.facebook.com\/tourtravelandmore\/","article_modified_time":"2022-05-26T16:51:22+00:00","og_image":[{"width":1024,"height":684,"url":"https:\/\/tourtravelandmore.com\/wp-content\/uploads\/2022\/05\/image3-11.jpg","type":"image\/jpeg"}],"twitter_card":"summary_large_image","twitter_site":"@TourTravel_More","twitter_misc":{"Dur\u00e9e de lecture estim\u00e9e":"2 minutes"},"schema":{"@context":"https:\/\/schema.org","@graph":[{"@type":"WebPage","@id":"https:\/\/tourtravelandmore.com\/fr\/tours\/republique-tcheque-fr\/prague-fr\/visite-privee-complete-de-prague\/","url":"https:\/\/tourtravelandmore.com\/fr\/tours\/republique-tcheque-fr\/prague-fr\/visite-privee-complete-de-prague\/","name":"Visite priv\u00e9e compl\u00e8te de Prague | Tour Travel & More","isPartOf":{"@id":"https:\/\/tourtravelandmore.com\/fr\/#website"},"primaryImageOfPage":{"@id":"https:\/\/tourtravelandmore.com\/fr\/tours\/republique-tcheque-fr\/prague-fr\/visite-privee-complete-de-prague\/#primaryimage"},"image":{"@id":"https:\/\/tourtravelandmore.com\/fr\/tours\/republique-tcheque-fr\/prague-fr\/visite-privee-complete-de-prague\/#primaryimage"},"thumbnailUrl":"https:\/\/tourtravelandmore.com\/wp-content\/uploads\/2022\/05\/image3-11.jpg","datePublished":"2022-05-26T16:34:38+00:00","dateModified":"2022-05-26T16:51:22+00:00","description":"Prague, la capitale de la R\u00e9publique tch\u00e8que, est l'une des destinations les plus belles et les plus romantiques d'Europe. Faites une visite priv\u00e9e pour voir ses nombreux points de rep\u00e8re et pour passer plus de temps avec vos proches \u2705","breadcrumb":{"@id":"https:\/\/tourtravelandmore.com\/fr\/tours\/republique-tcheque-fr\/prague-fr\/visite-privee-complete-de-prague\/#breadcrumb"},"inLanguage":"fr-FR","potentialAction":[{"@type":"ReadAction","target":["https:\/\/tourtravelandmore.com\/fr\/tours\/republique-tcheque-fr\/prague-fr\/visite-privee-complete-de-prague\/"]}]},{"@type":"ImageObject","inLanguage":"fr-FR","@id":"https:\/\/tourtravelandmore.com\/fr\/tours\/republique-tcheque-fr\/prague-fr\/visite-privee-complete-de-prague\/#primaryimage","url":"https:\/\/tourtravelandmore.com\/wp-content\/uploads\/2022\/05\/image3-11.jpg","contentUrl":"https:\/\/tourtravelandmore.com\/wp-content\/uploads\/2022\/05\/image3-11.jpg","width":1024,"height":684},{"@type":"BreadcrumbList","@id":"https:\/\/tourtravelandmore.com\/fr\/tours\/republique-tcheque-fr\/prague-fr\/visite-privee-complete-de-prague\/#breadcrumb","itemListElement":[{"@type":"ListItem","position":1,"name":"Home","item":"https:\/\/tourtravelandmore.com\/fr\/"},{"@type":"ListItem","position":2,"name":"Tours","item":"https:\/\/tourtravelandmore.com\/fr\/tours\/"},{"@type":"ListItem","position":3,"name":"Visite priv\u00e9e compl\u00e8te de Prague"}]},{"@type":"WebSite","@id":"https:\/\/tourtravelandmore.com\/fr\/#website","url":"https:\/\/tourtravelandmore.com\/fr\/","name":"Tour Travel And More","description":"Private sightseeing tours and luxury transfers in Spain","publisher":{"@id":"https:\/\/tourtravelandmore.com\/fr\/#organization"},"potentialAction":[{"@type":"SearchAction","target":{"@type":"EntryPoint","urlTemplate":"https:\/\/tourtravelandmore.com\/fr\/?s={search_term_string}"},"query-input":{"@type":"PropertyValueSpecification","valueRequired":true,"valueName":"search_term_string"}}],"inLanguage":"fr-FR"},{"@type":"Organization","@id":"https:\/\/tourtravelandmore.com\/fr\/#organization","name":"Tour Travel And More","url":"https:\/\/tourtravelandmore.com\/fr\/","logo":{"@type":"ImageObject","inLanguage":"fr-FR","@id":"https:\/\/tourtravelandmore.com\/fr\/#\/schema\/logo\/image\/","url":"https:\/\/tourtravelandmore.com\/wp-content\/uploads\/2022\/12\/cropped-logo-cabecera-new.png","contentUrl":"https:\/\/tourtravelandmore.com\/wp-content\/uploads\/2022\/12\/cropped-logo-cabecera-new.png","width":430,"height":61,"caption":"Tour Travel And More"},"image":{"@id":"https:\/\/tourtravelandmore.com\/fr\/#\/schema\/logo\/image\/"},"sameAs":["https:\/\/www.facebook.com\/tourtravelandmore\/","https:\/\/x.com\/TourTravel_More"]}]}},"_links":{"self":[{"href":"https:\/\/tourtravelandmore.com\/fr\/wp-json\/wp\/v2\/product\/126953","targetHints":{"allow":["GET"]}}],"collection":[{"href":"https:\/\/tourtravelandmore.com\/fr\/wp-json\/wp\/v2\/product"}],"about":[{"href":"https:\/\/tourtravelandmore.com\/fr\/wp-json\/wp\/v2\/types\/product"}],"replies":[{"embeddable":true,"href":"https:\/\/tourtravelandmore.com\/fr\/wp-json\/wp\/v2\/comments?post=126953"}],"wp:featuredmedia":[{"embeddable":true,"href":"https:\/\/tourtravelandmore.com\/fr\/wp-json\/wp\/v2\/media\/126971"}],"wp:attachment":[{"href":"https:\/\/tourtravelandmore.com\/fr\/wp-json\/wp\/v2\/media?parent=126953"}],"wp:term":[{"taxonomy":"product_brand","embeddable":true,"href":"https:\/\/tourtravelandmore.com\/fr\/wp-json\/wp\/v2\/product_brand?post=126953"},{"taxonomy":"product_cat","embeddable":true,"href":"https:\/\/tourtravelandmore.com\/fr\/wp-json\/wp\/v2\/product_cat?post=126953"},{"taxonomy":"product_tag","embeddable":true,"href":"https:\/\/tourtravelandmore.com\/fr\/wp-json\/wp\/v2\/product_tag?post=126953"}],"curies":[{"name":"wp","href":"https:\/\/api.w.org\/{rel}","templated":true}]}}