{"id":126595,"date":"2022-05-21T10:42:15","date_gmt":"2022-05-21T08:42:23","guid":{"rendered":"https:\/\/tourtravelandmore.com\/?post_type=product&#038;p=126595"},"modified":"2022-05-21T11:31:41","modified_gmt":"2022-05-21T09:31:41","slug":"visite-privee-du-camp-de-concentration-de-terezin-au-depart-de-prague","status":"publish","type":"product","link":"https:\/\/tourtravelandmore.com\/fr\/tours\/republique-tcheque-fr\/prague-fr\/visite-privee-du-camp-de-concentration-de-terezin-au-depart-de-prague\/","title":{"rendered":"Visite priv\u00e9e du camp de concentration de Terez\u00edn au d\u00e9part de Prague"},"content":{"rendered":"<h2><b>Description de l&#8217;excursion priv\u00e9e au camp de concentration de Terez\u00edn au d\u00e9part de Prague<\/b><\/h2>\n<p><span style=\"font-weight: 400;\">Prague est une ville \u00e0 l&#8217;histoire longue et complexe. L&#8217;une des parties les plus int\u00e9ressantes de l&#8217;histoire de Prague est le camp de concentration de Terez\u00edn. La visite vous emm\u00e8nera \u00e0 Terez\u00edn, l&#8217;un des plus grands camps de concentration d&#8217;Europe pendant la Seconde Guerre mondiale, o\u00f9 vous verrez les ruines des b\u00e2timents, vous verrez comment les gens y vivaient et vous apprendrez son histoire tragique.<\/span><\/p>\n<p><span style=\"font-weight: 400;\">La visite dure environ 6 heures et comprend une voiture de luxe avec chauffeur priv\u00e9 et guide local qui vous expliquera la visite des lieux les plus embl\u00e9matiques tels que : le cimeti\u00e8re juif, le Hall de comm\u00e9moration des victimes du fascisme et du nazisme et le mus\u00e9e de Terez\u00edn.<\/span><\/p>\n<p><span style=\"font-weight: 400;\">Le camp de concentration de Terez\u00edn a \u00e9t\u00e9 cr\u00e9\u00e9 par l&#8217;Allemagne nazie en septembre 1941 dans le cadre de son projet de cr\u00e9ation d&#8217;une ville &#8220;mod\u00e8le&#8221; allemande en Boh\u00e8me (aujourd&#8217;hui R\u00e9publique tch\u00e8que), appel\u00e9e New Town Tere.<\/span><\/p>\n<h2><b>Visite priv\u00e9e du camp de concentration de Terez\u00edn au d\u00e9part de Prague<\/b><\/h2>\n<p><span style=\"font-weight: 400;\">L&#8217;excursion commencera avec votre v\u00e9hicule de luxe qui viendra vous chercher \u00e0 l&#8217;endroit de votre choix, soit \u00e0 votre h\u00f4tel, soit dans la ville de Prague.<\/span><\/p>\n<p><span style=\"font-weight: 400;\">Terez\u00edn est une petite ville de R\u00e9publique tch\u00e8que o\u00f9 se trouve un camp de concentration utilis\u00e9 par les nazis pendant la Seconde Guerre mondiale. Le circuit comprend six heures de visites, dont le cimeti\u00e8re juif et le m\u00e9morial aux victimes du fascisme.<\/span><\/p>\n<p><span style=\"font-weight: 400;\">Le camp de concentration de Terez\u00edn a \u00e9t\u00e9 cr\u00e9\u00e9 en 1941. C&#8217;\u00e9tait l&#8217;un des premiers camps nazis et il a servi de mod\u00e8le pour d&#8217;autres camps qui ont \u00e9t\u00e9 \u00e9tablis plus tard dans l&#8217;Europe occup\u00e9e. On estime que 100 000 personnes sont mortes \u00e0 Terez\u00edn, principalement des Juifs, mais aussi des Roms, des Sintis et des prisonniers politiques.<\/span><\/p>\n<h3><span style=\"color: #d3af37;\"><b>Cimeti\u00e8re juif<\/b><\/span><\/h3>\n<p><span style=\"font-weight: 400;\">Le cimeti\u00e8re juif de Terez\u00edn est le seul de ce type en Europe. Il a \u00e9t\u00e9 cr\u00e9\u00e9 par les nazis en 1938 et est rest\u00e9 en activit\u00e9 jusqu&#8217;\u00e0 la lib\u00e9ration de Terezin en 1945.<\/span><\/p>\n<p><span style=\"font-weight: 400;\">Le cimeti\u00e8re juif est aujourd&#8217;hui un site comm\u00e9moratif pour toutes les victimes de la pers\u00e9cution nazie, y compris celles qui sont mortes pendant l&#8217;Holocauste.<\/span><\/p>\n<h3><span style=\"color: #d3af37;\"><b>Salle du m\u00e9morial des victimes du fascisme et du nazisme<\/b><\/span><\/h3>\n<p><span style=\"font-weight: 400;\">La salle comm\u00e9morative des victimes du fascisme et du nazisme \u00e0 Terez\u00edn est un \u00e9l\u00e9ment important de l&#8217;histoire juive. Il a \u00e9t\u00e9 construit par des Juifs tch\u00e9coslovaques dans les ann\u00e9es 1940, qui ont \u00e9t\u00e9 contraints de quitter la Tch\u00e9coslovaquie pour le territoire contr\u00f4l\u00e9 par les nazis.<\/span><\/p>\n<p><span style=\"font-weight: 400;\">Le hall comm\u00e9moratif se compose de trois parties : un hall central avec un vitrail, affichant des images et des noms ; deux ailes, une de chaque c\u00f4t\u00e9 ; et une cour ext\u00e9rieure avec des monuments comm\u00e9moratifs.<\/span><\/p>\n<h3><span style=\"color: #d3af37;\"><b>Mus\u00e9e de Terez\u00edn<\/b><\/span><\/h3>\n<p><span style=\"font-weight: 400;\">Le mus\u00e9e de Terez\u00edn est un mus\u00e9e de la R\u00e9publique tch\u00e8que qui a \u00e9t\u00e9 cr\u00e9\u00e9 en 1994. Il a \u00e9t\u00e9 cr\u00e9\u00e9 pour comm\u00e9morer les victimes du camp de concentration nazi de Terez\u00edn. Le mus\u00e9e a \u00e9t\u00e9 visit\u00e9 par plus de cinq millions de personnes depuis son ouverture.<\/span><\/p>\n<p><span style=\"font-weight: 400;\">Avec votre guide expert, vous pourrez en apprendre davantage sur l&#8217;histoire de ce lieu unique et mieux comprendre ce qui s&#8217;est pass\u00e9 pendant la Seconde Guerre mondiale et comment cela a affect\u00e9 ceux qui y ont v\u00e9cu.<\/span><\/p>\n<p><span style=\"font-weight: 400;\">Cette visite priv\u00e9e vous conduira \u00e0 certains des points d&#8217;int\u00e9r\u00eat les plus importants \u00e0 partir de votre propre v\u00e9hicule avec un guide local expert qui vous donnera un aper\u00e7u de ce sombre chapitre de l&#8217;histoire.<\/span><\/p>\n<p><span style=\"font-weight: 400;\">Enfin, votre v\u00e9hicule priv\u00e9 et votre chauffeur vous ram\u00e8neront \u00e0 votre point de rendez-vous \u00e0 Prague.<\/span><\/p>\n<p><span style=\"font-weight: 400;\">Si vous souhaitez en savoir plus sur l&#8217;histoire de cette belle ville de R\u00e9publique tch\u00e8que, nous vous recommandons de <\/span><span style=\"font-weight: 400;\">r\u00e9server une autre visite priv\u00e9e \u00e0 Prague.<\/span><\/p>\n","protected":false},"excerpt":{"rendered":"<p><span style=\"font-weight: 400;\">Le camp de concentration de Terez\u00edn a \u00e9t\u00e9 cr\u00e9\u00e9 sur le terrain de l&#8217;ancien ch\u00e2teau de Terez\u00edn en 1941, pour servir de ghetto aux Juifs de Boh\u00e8me et de Moravie. Il a \u00e9galement \u00e9t\u00e9 utilis\u00e9 comme camp de prisonniers par l&#8217;Allemagne nazie pendant la Seconde Guerre mondiale.<\/span><\/p>\n<p><span style=\"font-weight: 400;\">Il ne s&#8217;agit pas seulement de visiter l&#8217;un des lieux les plus embl\u00e9matiques de l&#8217;histoire tch\u00e8que, mais aussi d&#8217;en apprendre davantage sur son histoire et sur la mani\u00e8re dont il a \u00e9t\u00e9 pr\u00e9serv\u00e9 aujourd&#8217;hui<\/span><\/p>\n","protected":false},"featured_media":126610,"comment_status":"open","ping_status":"closed","template":"","meta":{"_acf_changed":false},"product_brand":[],"product_cat":[4460,3755],"product_tag":[],"class_list":{"0":"post-126595","1":"product","2":"type-product","3":"status-publish","4":"has-post-thumbnail","6":"product_cat-all-private-tours-activities-fr-22","7":"product_cat-prague-fr","9":"first","10":"instock","11":"shipping-taxable","12":"purchasable","13":"product-type-simple"},"acf":[],"yoast_head":"<!-- This site is optimized with the Yoast SEO Premium plugin v25.3.1 (Yoast SEO v25.3.1) - https:\/\/yoast.com\/wordpress\/plugins\/seo\/ -->\n<title>Visite priv\u00e9e du camp de concentration de Terez\u00edn depuis Prague \u2705 Tour Travel &amp; More<\/title>\n<meta name=\"description\" content=\"Profitez d&#039;une visite inoubliable sur le site du plus grand camp de concentration d&#039;Europe, Terez\u00edn \u2705\" \/>\n<meta name=\"robots\" content=\"index, follow, max-snippet:-1, max-image-preview:large, max-video-preview:-1\" \/>\n<link rel=\"canonical\" href=\"https:\/\/tourtravelandmore.com\/fr\/tours\/republique-tcheque-fr\/prague-fr\/visite-privee-du-camp-de-concentration-de-terezin-au-depart-de-prague\/\" \/>\n<meta property=\"og:locale\" content=\"fr_FR\" \/>\n<meta property=\"og:type\" content=\"article\" \/>\n<meta property=\"og:title\" content=\"Visite priv\u00e9e du camp de concentration de Terez\u00edn au d\u00e9part de Prague\" \/>\n<meta property=\"og:description\" content=\"Profitez d&#039;une visite inoubliable sur le site du plus grand camp de concentration d&#039;Europe, Terez\u00edn \u2705\" \/>\n<meta property=\"og:url\" content=\"https:\/\/tourtravelandmore.com\/fr\/tours\/republique-tcheque-fr\/prague-fr\/visite-privee-du-camp-de-concentration-de-terezin-au-depart-de-prague\/\" \/>\n<meta property=\"og:site_name\" content=\"Tour Travel And More\" \/>\n<meta property=\"article:publisher\" content=\"https:\/\/www.facebook.com\/tourtravelandmore\/\" \/>\n<meta property=\"article:modified_time\" content=\"2022-05-21T09:31:41+00:00\" \/>\n<meta property=\"og:image\" content=\"https:\/\/tourtravelandmore.com\/wp-content\/uploads\/2022\/05\/image2-10.jpg\" \/>\n\t<meta property=\"og:image:width\" content=\"1024\" \/>\n\t<meta property=\"og:image:height\" content=\"684\" \/>\n\t<meta property=\"og:image:type\" content=\"image\/jpeg\" \/>\n<meta name=\"twitter:card\" content=\"summary_large_image\" \/>\n<meta name=\"twitter:site\" content=\"@TourTravel_More\" \/>\n<meta name=\"twitter:label1\" content=\"Dur\u00e9e de lecture estim\u00e9e\" \/>\n\t<meta name=\"twitter:data1\" content=\"3 minutes\" \/>\n<script type=\"application\/ld+json\" class=\"yoast-schema-graph\">{\"@context\":\"https:\/\/schema.org\",\"@graph\":[{\"@type\":\"WebPage\",\"@id\":\"https:\/\/tourtravelandmore.com\/fr\/tours\/republique-tcheque-fr\/prague-fr\/visite-privee-du-camp-de-concentration-de-terezin-au-depart-de-prague\/\",\"url\":\"https:\/\/tourtravelandmore.com\/fr\/tours\/republique-tcheque-fr\/prague-fr\/visite-privee-du-camp-de-concentration-de-terezin-au-depart-de-prague\/\",\"name\":\"Visite priv\u00e9e du camp de concentration de Terez\u00edn depuis Prague \u2705 Tour Travel & More\",\"isPartOf\":{\"@id\":\"https:\/\/tourtravelandmore.com\/fr\/#website\"},\"primaryImageOfPage\":{\"@id\":\"https:\/\/tourtravelandmore.com\/fr\/tours\/republique-tcheque-fr\/prague-fr\/visite-privee-du-camp-de-concentration-de-terezin-au-depart-de-prague\/#primaryimage\"},\"image\":{\"@id\":\"https:\/\/tourtravelandmore.com\/fr\/tours\/republique-tcheque-fr\/prague-fr\/visite-privee-du-camp-de-concentration-de-terezin-au-depart-de-prague\/#primaryimage\"},\"thumbnailUrl\":\"https:\/\/tourtravelandmore.com\/wp-content\/uploads\/2022\/05\/image2-10.jpg\",\"datePublished\":\"2022-05-21T08:42:23+00:00\",\"dateModified\":\"2022-05-21T09:31:41+00:00\",\"description\":\"Profitez d'une visite inoubliable sur le site du plus grand camp de concentration d'Europe, Terez\u00edn \u2705\",\"breadcrumb\":{\"@id\":\"https:\/\/tourtravelandmore.com\/fr\/tours\/republique-tcheque-fr\/prague-fr\/visite-privee-du-camp-de-concentration-de-terezin-au-depart-de-prague\/#breadcrumb\"},\"inLanguage\":\"fr-FR\",\"potentialAction\":[{\"@type\":\"ReadAction\",\"target\":[\"https:\/\/tourtravelandmore.com\/fr\/tours\/republique-tcheque-fr\/prague-fr\/visite-privee-du-camp-de-concentration-de-terezin-au-depart-de-prague\/\"]}]},{\"@type\":\"ImageObject\",\"inLanguage\":\"fr-FR\",\"@id\":\"https:\/\/tourtravelandmore.com\/fr\/tours\/republique-tcheque-fr\/prague-fr\/visite-privee-du-camp-de-concentration-de-terezin-au-depart-de-prague\/#primaryimage\",\"url\":\"https:\/\/tourtravelandmore.com\/wp-content\/uploads\/2022\/05\/image2-10.jpg\",\"contentUrl\":\"https:\/\/tourtravelandmore.com\/wp-content\/uploads\/2022\/05\/image2-10.jpg\",\"width\":1024,\"height\":684},{\"@type\":\"BreadcrumbList\",\"@id\":\"https:\/\/tourtravelandmore.com\/fr\/tours\/republique-tcheque-fr\/prague-fr\/visite-privee-du-camp-de-concentration-de-terezin-au-depart-de-prague\/#breadcrumb\",\"itemListElement\":[{\"@type\":\"ListItem\",\"position\":1,\"name\":\"Home\",\"item\":\"https:\/\/tourtravelandmore.com\/fr\/\"},{\"@type\":\"ListItem\",\"position\":2,\"name\":\"Tours\",\"item\":\"https:\/\/tourtravelandmore.com\/fr\/tours\/\"},{\"@type\":\"ListItem\",\"position\":3,\"name\":\"Visite priv\u00e9e du camp de concentration de Terez\u00edn au d\u00e9part de Prague\"}]},{\"@type\":\"WebSite\",\"@id\":\"https:\/\/tourtravelandmore.com\/fr\/#website\",\"url\":\"https:\/\/tourtravelandmore.com\/fr\/\",\"name\":\"Tour Travel And More\",\"description\":\"Private sightseeing tours and luxury transfers in Spain\",\"publisher\":{\"@id\":\"https:\/\/tourtravelandmore.com\/fr\/#organization\"},\"potentialAction\":[{\"@type\":\"SearchAction\",\"target\":{\"@type\":\"EntryPoint\",\"urlTemplate\":\"https:\/\/tourtravelandmore.com\/fr\/?s={search_term_string}\"},\"query-input\":{\"@type\":\"PropertyValueSpecification\",\"valueRequired\":true,\"valueName\":\"search_term_string\"}}],\"inLanguage\":\"fr-FR\"},{\"@type\":\"Organization\",\"@id\":\"https:\/\/tourtravelandmore.com\/fr\/#organization\",\"name\":\"Tour Travel And More\",\"url\":\"https:\/\/tourtravelandmore.com\/fr\/\",\"logo\":{\"@type\":\"ImageObject\",\"inLanguage\":\"fr-FR\",\"@id\":\"https:\/\/tourtravelandmore.com\/fr\/#\/schema\/logo\/image\/\",\"url\":\"https:\/\/tourtravelandmore.com\/wp-content\/uploads\/2022\/12\/cropped-logo-cabecera-new.png\",\"contentUrl\":\"https:\/\/tourtravelandmore.com\/wp-content\/uploads\/2022\/12\/cropped-logo-cabecera-new.png\",\"width\":430,\"height\":61,\"caption\":\"Tour Travel And More\"},\"image\":{\"@id\":\"https:\/\/tourtravelandmore.com\/fr\/#\/schema\/logo\/image\/\"},\"sameAs\":[\"https:\/\/www.facebook.com\/tourtravelandmore\/\",\"https:\/\/x.com\/TourTravel_More\"]}]}<\/script>\n<!-- \/ Yoast SEO Premium plugin. -->","yoast_head_json":{"title":"Visite priv\u00e9e du camp de concentration de Terez\u00edn depuis Prague \u2705 Tour Travel & More","description":"Profitez d'une visite inoubliable sur le site du plus grand camp de concentration d'Europe, Terez\u00edn \u2705","robots":{"index":"index","follow":"follow","max-snippet":"max-snippet:-1","max-image-preview":"max-image-preview:large","max-video-preview":"max-video-preview:-1"},"canonical":"https:\/\/tourtravelandmore.com\/fr\/tours\/republique-tcheque-fr\/prague-fr\/visite-privee-du-camp-de-concentration-de-terezin-au-depart-de-prague\/","og_locale":"fr_FR","og_type":"article","og_title":"Visite priv\u00e9e du camp de concentration de Terez\u00edn au d\u00e9part de Prague","og_description":"Profitez d'une visite inoubliable sur le site du plus grand camp de concentration d'Europe, Terez\u00edn \u2705","og_url":"https:\/\/tourtravelandmore.com\/fr\/tours\/republique-tcheque-fr\/prague-fr\/visite-privee-du-camp-de-concentration-de-terezin-au-depart-de-prague\/","og_site_name":"Tour Travel And More","article_publisher":"https:\/\/www.facebook.com\/tourtravelandmore\/","article_modified_time":"2022-05-21T09:31:41+00:00","og_image":[{"width":1024,"height":684,"url":"https:\/\/tourtravelandmore.com\/wp-content\/uploads\/2022\/05\/image2-10.jpg","type":"image\/jpeg"}],"twitter_card":"summary_large_image","twitter_site":"@TourTravel_More","twitter_misc":{"Dur\u00e9e de lecture estim\u00e9e":"3 minutes"},"schema":{"@context":"https:\/\/schema.org","@graph":[{"@type":"WebPage","@id":"https:\/\/tourtravelandmore.com\/fr\/tours\/republique-tcheque-fr\/prague-fr\/visite-privee-du-camp-de-concentration-de-terezin-au-depart-de-prague\/","url":"https:\/\/tourtravelandmore.com\/fr\/tours\/republique-tcheque-fr\/prague-fr\/visite-privee-du-camp-de-concentration-de-terezin-au-depart-de-prague\/","name":"Visite priv\u00e9e du camp de concentration de Terez\u00edn depuis Prague \u2705 Tour Travel & More","isPartOf":{"@id":"https:\/\/tourtravelandmore.com\/fr\/#website"},"primaryImageOfPage":{"@id":"https:\/\/tourtravelandmore.com\/fr\/tours\/republique-tcheque-fr\/prague-fr\/visite-privee-du-camp-de-concentration-de-terezin-au-depart-de-prague\/#primaryimage"},"image":{"@id":"https:\/\/tourtravelandmore.com\/fr\/tours\/republique-tcheque-fr\/prague-fr\/visite-privee-du-camp-de-concentration-de-terezin-au-depart-de-prague\/#primaryimage"},"thumbnailUrl":"https:\/\/tourtravelandmore.com\/wp-content\/uploads\/2022\/05\/image2-10.jpg","datePublished":"2022-05-21T08:42:23+00:00","dateModified":"2022-05-21T09:31:41+00:00","description":"Profitez d'une visite inoubliable sur le site du plus grand camp de concentration d'Europe, Terez\u00edn \u2705","breadcrumb":{"@id":"https:\/\/tourtravelandmore.com\/fr\/tours\/republique-tcheque-fr\/prague-fr\/visite-privee-du-camp-de-concentration-de-terezin-au-depart-de-prague\/#breadcrumb"},"inLanguage":"fr-FR","potentialAction":[{"@type":"ReadAction","target":["https:\/\/tourtravelandmore.com\/fr\/tours\/republique-tcheque-fr\/prague-fr\/visite-privee-du-camp-de-concentration-de-terezin-au-depart-de-prague\/"]}]},{"@type":"ImageObject","inLanguage":"fr-FR","@id":"https:\/\/tourtravelandmore.com\/fr\/tours\/republique-tcheque-fr\/prague-fr\/visite-privee-du-camp-de-concentration-de-terezin-au-depart-de-prague\/#primaryimage","url":"https:\/\/tourtravelandmore.com\/wp-content\/uploads\/2022\/05\/image2-10.jpg","contentUrl":"https:\/\/tourtravelandmore.com\/wp-content\/uploads\/2022\/05\/image2-10.jpg","width":1024,"height":684},{"@type":"BreadcrumbList","@id":"https:\/\/tourtravelandmore.com\/fr\/tours\/republique-tcheque-fr\/prague-fr\/visite-privee-du-camp-de-concentration-de-terezin-au-depart-de-prague\/#breadcrumb","itemListElement":[{"@type":"ListItem","position":1,"name":"Home","item":"https:\/\/tourtravelandmore.com\/fr\/"},{"@type":"ListItem","position":2,"name":"Tours","item":"https:\/\/tourtravelandmore.com\/fr\/tours\/"},{"@type":"ListItem","position":3,"name":"Visite priv\u00e9e du camp de concentration de Terez\u00edn au d\u00e9part de Prague"}]},{"@type":"WebSite","@id":"https:\/\/tourtravelandmore.com\/fr\/#website","url":"https:\/\/tourtravelandmore.com\/fr\/","name":"Tour Travel And More","description":"Private sightseeing tours and luxury transfers in Spain","publisher":{"@id":"https:\/\/tourtravelandmore.com\/fr\/#organization"},"potentialAction":[{"@type":"SearchAction","target":{"@type":"EntryPoint","urlTemplate":"https:\/\/tourtravelandmore.com\/fr\/?s={search_term_string}"},"query-input":{"@type":"PropertyValueSpecification","valueRequired":true,"valueName":"search_term_string"}}],"inLanguage":"fr-FR"},{"@type":"Organization","@id":"https:\/\/tourtravelandmore.com\/fr\/#organization","name":"Tour Travel And More","url":"https:\/\/tourtravelandmore.com\/fr\/","logo":{"@type":"ImageObject","inLanguage":"fr-FR","@id":"https:\/\/tourtravelandmore.com\/fr\/#\/schema\/logo\/image\/","url":"https:\/\/tourtravelandmore.com\/wp-content\/uploads\/2022\/12\/cropped-logo-cabecera-new.png","contentUrl":"https:\/\/tourtravelandmore.com\/wp-content\/uploads\/2022\/12\/cropped-logo-cabecera-new.png","width":430,"height":61,"caption":"Tour Travel And More"},"image":{"@id":"https:\/\/tourtravelandmore.com\/fr\/#\/schema\/logo\/image\/"},"sameAs":["https:\/\/www.facebook.com\/tourtravelandmore\/","https:\/\/x.com\/TourTravel_More"]}]}},"_links":{"self":[{"href":"https:\/\/tourtravelandmore.com\/fr\/wp-json\/wp\/v2\/product\/126595","targetHints":{"allow":["GET"]}}],"collection":[{"href":"https:\/\/tourtravelandmore.com\/fr\/wp-json\/wp\/v2\/product"}],"about":[{"href":"https:\/\/tourtravelandmore.com\/fr\/wp-json\/wp\/v2\/types\/product"}],"replies":[{"embeddable":true,"href":"https:\/\/tourtravelandmore.com\/fr\/wp-json\/wp\/v2\/comments?post=126595"}],"wp:featuredmedia":[{"embeddable":true,"href":"https:\/\/tourtravelandmore.com\/fr\/wp-json\/wp\/v2\/media\/126610"}],"wp:attachment":[{"href":"https:\/\/tourtravelandmore.com\/fr\/wp-json\/wp\/v2\/media?parent=126595"}],"wp:term":[{"taxonomy":"product_brand","embeddable":true,"href":"https:\/\/tourtravelandmore.com\/fr\/wp-json\/wp\/v2\/product_brand?post=126595"},{"taxonomy":"product_cat","embeddable":true,"href":"https:\/\/tourtravelandmore.com\/fr\/wp-json\/wp\/v2\/product_cat?post=126595"},{"taxonomy":"product_tag","embeddable":true,"href":"https:\/\/tourtravelandmore.com\/fr\/wp-json\/wp\/v2\/product_tag?post=126595"}],"curies":[{"name":"wp","href":"https:\/\/api.w.org\/{rel}","templated":true}]}}