{"id":126501,"date":"2022-05-20T16:37:42","date_gmt":"2022-05-20T14:37:48","guid":{"rendered":"https:\/\/tourtravelandmore.com\/?post_type=product&#038;p=126501"},"modified":"2022-05-21T10:37:07","modified_gmt":"2022-05-21T08:37:07","slug":"visite-privee-de-pilsen-et-nizbor-au-depart-de-prague","status":"publish","type":"product","link":"https:\/\/tourtravelandmore.com\/fr\/tours\/republique-tcheque-fr\/prague-fr\/visite-privee-de-pilsen-et-nizbor-au-depart-de-prague\/","title":{"rendered":"Visite priv\u00e9e de Pilsen et Ni\u017ebor au d\u00e9part de Prague"},"content":{"rendered":"<h2><b>Description de l&#8217;excursion priv\u00e9e \u00e0 Pilsen et Ni\u017ebor au d\u00e9part de Prague<\/b><\/h2>\n<p><span style=\"font-weight: 400;\">Pilsen est un district de Prague et se compose de deux parties distinctes : Pilsen-Hrad\u010dany et Pilsen-Vinohrady. Ni\u017ebor est un site touristique important de Prague, qui a \u00e9t\u00e9 appel\u00e9 &#8220;le plus bel endroit de Prague&#8221;.<\/span><\/p>\n<p><span style=\"font-weight: 400;\">Pilsen a \u00e9t\u00e9 fond\u00e9e en 1295. La ville a \u00e9t\u00e9 cr\u00e9\u00e9e pour fournir des emplois aux ouvriers qui travaillaient dans son usine. Elle est rapidement devenue l&#8217;un des plus importants centres industriels de Boh\u00e8me, avec de nombreuses usines produisant des textiles, des chaussures, des c\u00e9ramiques, de l&#8217;acier et du sucre. Ni\u017ebor, quant \u00e0 elle, aurait \u00e9t\u00e9 fond\u00e9e en 1265. Pilsen \u00e9tait une ville tr\u00e8s industrialis\u00e9e, avec de nombreuses usines dans sa zone urbaine et le long de sa rivi\u00e8re. Ni\u017ebor, en revanche, n&#8217;avait qu&#8217;une seule industrie, la production textile.<\/span><\/p>\n<p><span style=\"font-weight: 400;\">Cette visite vous permettra de d\u00e9couvrir ces deux sites et de vivre une exp\u00e9rience inoubliable.<\/span><\/p>\n<h2><b>Points forts de l&#8217;excursion priv\u00e9e \u00e0 Pilsen et Ni\u017ebor au d\u00e9part de Prague<\/b><\/h2>\n<p><span style=\"font-weight: 400;\">La visite priv\u00e9e de 8 heures en voiture de luxe comprend tout ce que vous devez savoir sur l&#8217;histoire de Pilsen et de Ni\u017ebor. Vous serez conduit par un guide professionnel qui vous donnera un aper\u00e7u de cette belle ville avec sa riche culture et son histoire.\u00a0<\/span><\/p>\n<p><span style=\"font-weight: 400;\">Le chauffeur et votre voiture priv\u00e9e viendront vous chercher, vous et vos compagnons, \u00e0 votre h\u00e9bergement ou \u00e0 l&#8217;endroit de votre choix dans la ville de Prague, o\u00f9 nous commencerons une exp\u00e9rience que vous n&#8217;oublierez jamais.<\/span><\/p>\n<p><span style=\"font-weight: 400;\">Tout au long de cette aventure priv\u00e9e, vous verrez les points de rep\u00e8re et d&#8217;int\u00e9r\u00eat suivants :<\/span><b><\/b><\/p>\n<ul>\n<li><b>La plus importante brasserie du pays : Pilsen Urquell.<\/b><\/li>\n<li><b>Vous pourrez \u00e9galement visiter le mus\u00e9e de la bi\u00e8re.<\/b><\/li>\n<li><b>Principales verreries<\/b><\/li>\n<\/ul>\n<p><span style=\"font-weight: 400;\">\u00c0 la fin de la visite priv\u00e9e, votre chauffeur et votre v\u00e9hicule priv\u00e9 vous ram\u00e8neront au point de rencontre \u00e0 Prague afin que vous puissiez continuer \u00e0 d\u00e9couvrir cette belle ville.<\/span><\/p>\n<p><span style=\"font-weight: 400;\">En revanche, si vous souhaitez en savoir plus sur Prague et ses environs, n&#8217;h\u00e9sitez pas \u00e0 consulter nos <\/span><span style=\"font-weight: 400;\"><a href=\"https:\/\/tourtravelandmore.com\/fr\/city\/republique-tcheque-fr\/prague-fr\/\">visites priv\u00e9es dans la capitale tch\u00e8que<\/a>.<\/span><\/p>\n","protected":false},"excerpt":{"rendered":"<p><span style=\"font-weight: 400;\">\u00a0La meilleure fa\u00e7on d&#8217;organiser une visite priv\u00e9e de Pilsen et Ni\u017ebor est de r\u00e9server un v\u00e9hicule avec un guide officiel. De cette fa\u00e7on, vous pouvez profiter davantage de votre visite que si vous prenez simplement le bus ou le train. Vous pourrez voir tous les points forts d&#8217;une mani\u00e8re organis\u00e9e et priv\u00e9e<\/span><\/p>\n","protected":false},"featured_media":126567,"comment_status":"open","ping_status":"closed","template":"","meta":{"_acf_changed":false},"product_brand":[],"product_cat":[4460,3755],"product_tag":[],"class_list":{"0":"post-126501","1":"product","2":"type-product","3":"status-publish","4":"has-post-thumbnail","6":"product_cat-all-private-tours-activities-fr-22","7":"product_cat-prague-fr","9":"first","10":"instock","11":"shipping-taxable","12":"purchasable","13":"product-type-simple"},"acf":[],"yoast_head":"<!-- This site is optimized with the Yoast SEO Premium plugin v25.3.1 (Yoast SEO v25.3.1) - https:\/\/yoast.com\/wordpress\/plugins\/seo\/ -->\n<title>Visite priv\u00e9e de Pilsen et Ni\u017ebor depuis Prague | Tour Travel &amp; More<\/title>\n<meta name=\"description\" content=\"Bienvenue \u00e0 Pilsen, une ville tch\u00e8que et la troisi\u00e8me plus grande du pays \u2705\" \/>\n<meta name=\"robots\" content=\"index, follow, max-snippet:-1, max-image-preview:large, max-video-preview:-1\" \/>\n<link rel=\"canonical\" href=\"https:\/\/tourtravelandmore.com\/fr\/tours\/republique-tcheque-fr\/prague-fr\/visite-privee-de-pilsen-et-nizbor-au-depart-de-prague\/\" \/>\n<meta property=\"og:locale\" content=\"fr_FR\" \/>\n<meta property=\"og:type\" content=\"article\" \/>\n<meta property=\"og:title\" content=\"Visite priv\u00e9e de Pilsen et Ni\u017ebor au d\u00e9part de Prague\" \/>\n<meta property=\"og:description\" content=\"Bienvenue \u00e0 Pilsen, une ville tch\u00e8que et la troisi\u00e8me plus grande du pays \u2705\" \/>\n<meta property=\"og:url\" content=\"https:\/\/tourtravelandmore.com\/fr\/tours\/republique-tcheque-fr\/prague-fr\/visite-privee-de-pilsen-et-nizbor-au-depart-de-prague\/\" \/>\n<meta property=\"og:site_name\" content=\"Tour Travel And More\" \/>\n<meta property=\"article:publisher\" content=\"https:\/\/www.facebook.com\/tourtravelandmore\/\" \/>\n<meta property=\"article:modified_time\" content=\"2022-05-21T08:37:07+00:00\" \/>\n<meta property=\"og:image\" content=\"https:\/\/tourtravelandmore.com\/wp-content\/uploads\/2022\/05\/image1-9.jpg\" \/>\n\t<meta property=\"og:image:width\" content=\"1024\" \/>\n\t<meta property=\"og:image:height\" content=\"684\" \/>\n\t<meta property=\"og:image:type\" content=\"image\/jpeg\" \/>\n<meta name=\"twitter:card\" content=\"summary_large_image\" \/>\n<meta name=\"twitter:site\" content=\"@TourTravel_More\" \/>\n<meta name=\"twitter:label1\" content=\"Dur\u00e9e de lecture estim\u00e9e\" \/>\n\t<meta name=\"twitter:data1\" content=\"2 minutes\" \/>\n<script type=\"application\/ld+json\" class=\"yoast-schema-graph\">{\"@context\":\"https:\/\/schema.org\",\"@graph\":[{\"@type\":\"WebPage\",\"@id\":\"https:\/\/tourtravelandmore.com\/fr\/tours\/republique-tcheque-fr\/prague-fr\/visite-privee-de-pilsen-et-nizbor-au-depart-de-prague\/\",\"url\":\"https:\/\/tourtravelandmore.com\/fr\/tours\/republique-tcheque-fr\/prague-fr\/visite-privee-de-pilsen-et-nizbor-au-depart-de-prague\/\",\"name\":\"Visite priv\u00e9e de Pilsen et Ni\u017ebor depuis Prague | Tour Travel & More\",\"isPartOf\":{\"@id\":\"https:\/\/tourtravelandmore.com\/fr\/#website\"},\"primaryImageOfPage\":{\"@id\":\"https:\/\/tourtravelandmore.com\/fr\/tours\/republique-tcheque-fr\/prague-fr\/visite-privee-de-pilsen-et-nizbor-au-depart-de-prague\/#primaryimage\"},\"image\":{\"@id\":\"https:\/\/tourtravelandmore.com\/fr\/tours\/republique-tcheque-fr\/prague-fr\/visite-privee-de-pilsen-et-nizbor-au-depart-de-prague\/#primaryimage\"},\"thumbnailUrl\":\"https:\/\/tourtravelandmore.com\/wp-content\/uploads\/2022\/05\/image1-9.jpg\",\"datePublished\":\"2022-05-20T14:37:48+00:00\",\"dateModified\":\"2022-05-21T08:37:07+00:00\",\"description\":\"Bienvenue \u00e0 Pilsen, une ville tch\u00e8que et la troisi\u00e8me plus grande du pays \u2705\",\"breadcrumb\":{\"@id\":\"https:\/\/tourtravelandmore.com\/fr\/tours\/republique-tcheque-fr\/prague-fr\/visite-privee-de-pilsen-et-nizbor-au-depart-de-prague\/#breadcrumb\"},\"inLanguage\":\"fr-FR\",\"potentialAction\":[{\"@type\":\"ReadAction\",\"target\":[\"https:\/\/tourtravelandmore.com\/fr\/tours\/republique-tcheque-fr\/prague-fr\/visite-privee-de-pilsen-et-nizbor-au-depart-de-prague\/\"]}]},{\"@type\":\"ImageObject\",\"inLanguage\":\"fr-FR\",\"@id\":\"https:\/\/tourtravelandmore.com\/fr\/tours\/republique-tcheque-fr\/prague-fr\/visite-privee-de-pilsen-et-nizbor-au-depart-de-prague\/#primaryimage\",\"url\":\"https:\/\/tourtravelandmore.com\/wp-content\/uploads\/2022\/05\/image1-9.jpg\",\"contentUrl\":\"https:\/\/tourtravelandmore.com\/wp-content\/uploads\/2022\/05\/image1-9.jpg\",\"width\":1024,\"height\":684},{\"@type\":\"BreadcrumbList\",\"@id\":\"https:\/\/tourtravelandmore.com\/fr\/tours\/republique-tcheque-fr\/prague-fr\/visite-privee-de-pilsen-et-nizbor-au-depart-de-prague\/#breadcrumb\",\"itemListElement\":[{\"@type\":\"ListItem\",\"position\":1,\"name\":\"Home\",\"item\":\"https:\/\/tourtravelandmore.com\/fr\/\"},{\"@type\":\"ListItem\",\"position\":2,\"name\":\"Tours\",\"item\":\"https:\/\/tourtravelandmore.com\/fr\/tours\/\"},{\"@type\":\"ListItem\",\"position\":3,\"name\":\"Visite priv\u00e9e de Pilsen et Ni\u017ebor au d\u00e9part de Prague\"}]},{\"@type\":\"WebSite\",\"@id\":\"https:\/\/tourtravelandmore.com\/fr\/#website\",\"url\":\"https:\/\/tourtravelandmore.com\/fr\/\",\"name\":\"Tour Travel And More\",\"description\":\"Private sightseeing tours and luxury transfers in Spain\",\"publisher\":{\"@id\":\"https:\/\/tourtravelandmore.com\/fr\/#organization\"},\"potentialAction\":[{\"@type\":\"SearchAction\",\"target\":{\"@type\":\"EntryPoint\",\"urlTemplate\":\"https:\/\/tourtravelandmore.com\/fr\/?s={search_term_string}\"},\"query-input\":{\"@type\":\"PropertyValueSpecification\",\"valueRequired\":true,\"valueName\":\"search_term_string\"}}],\"inLanguage\":\"fr-FR\"},{\"@type\":\"Organization\",\"@id\":\"https:\/\/tourtravelandmore.com\/fr\/#organization\",\"name\":\"Tour Travel And More\",\"url\":\"https:\/\/tourtravelandmore.com\/fr\/\",\"logo\":{\"@type\":\"ImageObject\",\"inLanguage\":\"fr-FR\",\"@id\":\"https:\/\/tourtravelandmore.com\/fr\/#\/schema\/logo\/image\/\",\"url\":\"https:\/\/tourtravelandmore.com\/wp-content\/uploads\/2022\/12\/cropped-logo-cabecera-new.png\",\"contentUrl\":\"https:\/\/tourtravelandmore.com\/wp-content\/uploads\/2022\/12\/cropped-logo-cabecera-new.png\",\"width\":430,\"height\":61,\"caption\":\"Tour Travel And More\"},\"image\":{\"@id\":\"https:\/\/tourtravelandmore.com\/fr\/#\/schema\/logo\/image\/\"},\"sameAs\":[\"https:\/\/www.facebook.com\/tourtravelandmore\/\",\"https:\/\/x.com\/TourTravel_More\"]}]}<\/script>\n<!-- \/ Yoast SEO Premium plugin. -->","yoast_head_json":{"title":"Visite priv\u00e9e de Pilsen et Ni\u017ebor depuis Prague | Tour Travel & More","description":"Bienvenue \u00e0 Pilsen, une ville tch\u00e8que et la troisi\u00e8me plus grande du pays \u2705","robots":{"index":"index","follow":"follow","max-snippet":"max-snippet:-1","max-image-preview":"max-image-preview:large","max-video-preview":"max-video-preview:-1"},"canonical":"https:\/\/tourtravelandmore.com\/fr\/tours\/republique-tcheque-fr\/prague-fr\/visite-privee-de-pilsen-et-nizbor-au-depart-de-prague\/","og_locale":"fr_FR","og_type":"article","og_title":"Visite priv\u00e9e de Pilsen et Ni\u017ebor au d\u00e9part de Prague","og_description":"Bienvenue \u00e0 Pilsen, une ville tch\u00e8que et la troisi\u00e8me plus grande du pays \u2705","og_url":"https:\/\/tourtravelandmore.com\/fr\/tours\/republique-tcheque-fr\/prague-fr\/visite-privee-de-pilsen-et-nizbor-au-depart-de-prague\/","og_site_name":"Tour Travel And More","article_publisher":"https:\/\/www.facebook.com\/tourtravelandmore\/","article_modified_time":"2022-05-21T08:37:07+00:00","og_image":[{"width":1024,"height":684,"url":"https:\/\/tourtravelandmore.com\/wp-content\/uploads\/2022\/05\/image1-9.jpg","type":"image\/jpeg"}],"twitter_card":"summary_large_image","twitter_site":"@TourTravel_More","twitter_misc":{"Dur\u00e9e de lecture estim\u00e9e":"2 minutes"},"schema":{"@context":"https:\/\/schema.org","@graph":[{"@type":"WebPage","@id":"https:\/\/tourtravelandmore.com\/fr\/tours\/republique-tcheque-fr\/prague-fr\/visite-privee-de-pilsen-et-nizbor-au-depart-de-prague\/","url":"https:\/\/tourtravelandmore.com\/fr\/tours\/republique-tcheque-fr\/prague-fr\/visite-privee-de-pilsen-et-nizbor-au-depart-de-prague\/","name":"Visite priv\u00e9e de Pilsen et Ni\u017ebor depuis Prague | Tour Travel & More","isPartOf":{"@id":"https:\/\/tourtravelandmore.com\/fr\/#website"},"primaryImageOfPage":{"@id":"https:\/\/tourtravelandmore.com\/fr\/tours\/republique-tcheque-fr\/prague-fr\/visite-privee-de-pilsen-et-nizbor-au-depart-de-prague\/#primaryimage"},"image":{"@id":"https:\/\/tourtravelandmore.com\/fr\/tours\/republique-tcheque-fr\/prague-fr\/visite-privee-de-pilsen-et-nizbor-au-depart-de-prague\/#primaryimage"},"thumbnailUrl":"https:\/\/tourtravelandmore.com\/wp-content\/uploads\/2022\/05\/image1-9.jpg","datePublished":"2022-05-20T14:37:48+00:00","dateModified":"2022-05-21T08:37:07+00:00","description":"Bienvenue \u00e0 Pilsen, une ville tch\u00e8que et la troisi\u00e8me plus grande du pays \u2705","breadcrumb":{"@id":"https:\/\/tourtravelandmore.com\/fr\/tours\/republique-tcheque-fr\/prague-fr\/visite-privee-de-pilsen-et-nizbor-au-depart-de-prague\/#breadcrumb"},"inLanguage":"fr-FR","potentialAction":[{"@type":"ReadAction","target":["https:\/\/tourtravelandmore.com\/fr\/tours\/republique-tcheque-fr\/prague-fr\/visite-privee-de-pilsen-et-nizbor-au-depart-de-prague\/"]}]},{"@type":"ImageObject","inLanguage":"fr-FR","@id":"https:\/\/tourtravelandmore.com\/fr\/tours\/republique-tcheque-fr\/prague-fr\/visite-privee-de-pilsen-et-nizbor-au-depart-de-prague\/#primaryimage","url":"https:\/\/tourtravelandmore.com\/wp-content\/uploads\/2022\/05\/image1-9.jpg","contentUrl":"https:\/\/tourtravelandmore.com\/wp-content\/uploads\/2022\/05\/image1-9.jpg","width":1024,"height":684},{"@type":"BreadcrumbList","@id":"https:\/\/tourtravelandmore.com\/fr\/tours\/republique-tcheque-fr\/prague-fr\/visite-privee-de-pilsen-et-nizbor-au-depart-de-prague\/#breadcrumb","itemListElement":[{"@type":"ListItem","position":1,"name":"Home","item":"https:\/\/tourtravelandmore.com\/fr\/"},{"@type":"ListItem","position":2,"name":"Tours","item":"https:\/\/tourtravelandmore.com\/fr\/tours\/"},{"@type":"ListItem","position":3,"name":"Visite priv\u00e9e de Pilsen et Ni\u017ebor au d\u00e9part de Prague"}]},{"@type":"WebSite","@id":"https:\/\/tourtravelandmore.com\/fr\/#website","url":"https:\/\/tourtravelandmore.com\/fr\/","name":"Tour Travel And More","description":"Private sightseeing tours and luxury transfers in Spain","publisher":{"@id":"https:\/\/tourtravelandmore.com\/fr\/#organization"},"potentialAction":[{"@type":"SearchAction","target":{"@type":"EntryPoint","urlTemplate":"https:\/\/tourtravelandmore.com\/fr\/?s={search_term_string}"},"query-input":{"@type":"PropertyValueSpecification","valueRequired":true,"valueName":"search_term_string"}}],"inLanguage":"fr-FR"},{"@type":"Organization","@id":"https:\/\/tourtravelandmore.com\/fr\/#organization","name":"Tour Travel And More","url":"https:\/\/tourtravelandmore.com\/fr\/","logo":{"@type":"ImageObject","inLanguage":"fr-FR","@id":"https:\/\/tourtravelandmore.com\/fr\/#\/schema\/logo\/image\/","url":"https:\/\/tourtravelandmore.com\/wp-content\/uploads\/2022\/12\/cropped-logo-cabecera-new.png","contentUrl":"https:\/\/tourtravelandmore.com\/wp-content\/uploads\/2022\/12\/cropped-logo-cabecera-new.png","width":430,"height":61,"caption":"Tour Travel And More"},"image":{"@id":"https:\/\/tourtravelandmore.com\/fr\/#\/schema\/logo\/image\/"},"sameAs":["https:\/\/www.facebook.com\/tourtravelandmore\/","https:\/\/x.com\/TourTravel_More"]}]}},"_links":{"self":[{"href":"https:\/\/tourtravelandmore.com\/fr\/wp-json\/wp\/v2\/product\/126501","targetHints":{"allow":["GET"]}}],"collection":[{"href":"https:\/\/tourtravelandmore.com\/fr\/wp-json\/wp\/v2\/product"}],"about":[{"href":"https:\/\/tourtravelandmore.com\/fr\/wp-json\/wp\/v2\/types\/product"}],"replies":[{"embeddable":true,"href":"https:\/\/tourtravelandmore.com\/fr\/wp-json\/wp\/v2\/comments?post=126501"}],"wp:featuredmedia":[{"embeddable":true,"href":"https:\/\/tourtravelandmore.com\/fr\/wp-json\/wp\/v2\/media\/126567"}],"wp:attachment":[{"href":"https:\/\/tourtravelandmore.com\/fr\/wp-json\/wp\/v2\/media?parent=126501"}],"wp:term":[{"taxonomy":"product_brand","embeddable":true,"href":"https:\/\/tourtravelandmore.com\/fr\/wp-json\/wp\/v2\/product_brand?post=126501"},{"taxonomy":"product_cat","embeddable":true,"href":"https:\/\/tourtravelandmore.com\/fr\/wp-json\/wp\/v2\/product_cat?post=126501"},{"taxonomy":"product_tag","embeddable":true,"href":"https:\/\/tourtravelandmore.com\/fr\/wp-json\/wp\/v2\/product_tag?post=126501"}],"curies":[{"name":"wp","href":"https:\/\/api.w.org\/{rel}","templated":true}]}}