{"id":126460,"date":"2022-05-20T16:05:24","date_gmt":"2022-05-20T14:05:30","guid":{"rendered":"https:\/\/tourtravelandmore.com\/?post_type=product&#038;p=126460"},"modified":"2022-05-20T16:36:33","modified_gmt":"2022-05-20T14:36:33","slug":"visite-privee-de-karlovy-vary-au-depart-de-prague","status":"publish","type":"product","link":"https:\/\/tourtravelandmore.com\/fr\/tours\/republique-tcheque-fr\/prague-fr\/visite-privee-de-karlovy-vary-au-depart-de-prague\/","title":{"rendered":"Visite priv\u00e9e de Karlovy Vary au d\u00e9part de Prague"},"content":{"rendered":"<h2><b>Description de l&#8217;excursion priv\u00e9e \u00e0 Karlovy Vary au d\u00e9part de Prague<\/b><\/h2>\n<p><span style=\"font-weight: 400;\">Prague est la capitale de la R\u00e9publique tch\u00e8que et constitue un important centre culturel et \u00e9conomique depuis des si\u00e8cles. Elle abrite \u00e9galement certaines des attractions touristiques les plus populaires d&#8217;Europe, comme Karlovy Vary, qui est l&#8217;une des plus importantes stations thermales d&#8217;Europe.<\/span><\/p>\n<p><span style=\"font-weight: 400;\">Cette excursion priv\u00e9e au d\u00e9part de Prague comprend une visite priv\u00e9e de 9 heures \u00e0 Krlovy Vary. Vous visiterez tous les principaux points d&#8217;int\u00e9r\u00eat de cette excursion, notamment la place principale de Karlovy Vary, ses thermes, sa piscine ext\u00e9rieure et bien plus encore.<\/span><\/p>\n<h2><span style=\"color: #d3af37;\"><b>Points forts de l&#8217;excursion priv\u00e9e \u00e0 Karlovy Vary au d\u00e9part de Prague<\/b><\/span><\/h2>\n<p><span style=\"font-weight: 400;\">L&#8217;excursion commencera \u00e0 l&#8217;endroit o\u00f9 nous viendrons vous chercher, vous et vos compagnons, dans la ville de Prague, o\u00f9 nous nous rendrons \u00e0 Karlovy Vary.<\/span><\/p>\n<p><span style=\"font-weight: 400;\">Karlovy Vary est une ville riche en histoire et en patrimoine culturel. Il a \u00e9t\u00e9 fond\u00e9 en 1350 par Charles IV (\u00e9galement connu sous le nom de Charles IV de Luxembourg) et son \u00e9pouse Elisabeth, qui auraient \u00e9t\u00e9 gu\u00e9ris par ses eaux lors de leur visite \u00e0 Prague. La ville est \u00e9galement c\u00e9l\u00e8bre pour son patrimoine musical depuis 1753, date \u00e0 laquelle Antonin Dvo\u0159\u00e1k a con\u00e7u sa Symphonie du Nouveau Monde.<\/span><\/p>\n<p><span style=\"font-weight: 400;\">Votre chauffeur et votre guide vous emm\u00e8neront voir ce lieu embl\u00e9matique o\u00f9 vous pourrez visiter les endroits suivants :<\/span><\/p>\n<ul>\n<li><b>Ancien si\u00e8ge des Chevaliers de Malte<\/b><\/li>\n<li><b>Maison Mozart<\/b><\/li>\n<li><b>Spa I<\/b><\/li>\n<li><b>Colonnade &#8220;Geyser<\/b><\/li>\n<li><b>Colonnade n\u00e9o-Renaissance &#8220;del Molino&#8221;.<\/b><\/li>\n<li><b>L&#8217;Institut des thermes militaires<\/b><\/li>\n<li><b>March\u00e9 municipal.<\/b><\/li>\n<\/ul>\n<p><span style=\"font-weight: 400;\">Enfin, votre chauffeur vous ram\u00e8nera au point d&#8217;embarquement dans la ville de Prague afin que vous puissiez continuer \u00e0 profiter de cette belle destination.<\/span><\/p>\n<p><span style=\"font-weight: 400;\">Si vous souhaitez en savoir plus sur Prague et ses sites embl\u00e9matiques, nous vous <\/span><span style=\"font-weight: 400;\">recommandons de consulter <a href=\"https:\/\/tourtravelandmore.com\/fr\/city\/republique-tcheque-fr\/prague-fr\/\">notre liste de visites priv\u00e9es \u00e0 Prague.<\/a><\/span><\/p>\n","protected":false},"excerpt":{"rendered":"<p><span style=\"font-weight: 400;\">Karlovy Vary est une belle ville avec une histoire incroyable. Elle a accueilli de nombreux artistes, \u00e9crivains, compositeurs et cin\u00e9astes c\u00e9l\u00e8bres. Cette visite priv\u00e9e vous permet de d\u00e9couvrir les principaux sites de Karlovy Vary, notamment l&#8217;\u00e9glise Saint-Nicolas, qui est l&#8217;un des lieux les plus importants de cette r\u00e9gion. Cette visite priv\u00e9e de 9 heures est un excellent moyen d&#8217;explorer cette magnifique ville<\/span><\/p>\n","protected":false},"featured_media":126478,"comment_status":"open","ping_status":"closed","template":"","meta":{"_acf_changed":false},"product_brand":[],"product_cat":[4460,3755],"product_tag":[],"class_list":{"0":"post-126460","1":"product","2":"type-product","3":"status-publish","4":"has-post-thumbnail","6":"product_cat-all-private-tours-activities-fr-22","7":"product_cat-prague-fr","9":"first","10":"instock","11":"shipping-taxable","12":"purchasable","13":"product-type-simple"},"acf":[],"yoast_head":"<!-- This site is optimized with the Yoast SEO Premium plugin v25.3.1 (Yoast SEO v25.3.1) - https:\/\/yoast.com\/wordpress\/plugins\/seo\/ -->\n<title>Visite priv\u00e9e \u00e0 Karlovy Vary depuis Prague<\/title>\n<meta name=\"description\" content=\"Vous visitez la ville de Prague, mais nous n&#039;avons pas de visite touristique \u00e0 Karlovy Vary ? Ne vous inqui\u00e9tez pas, vous pouvez r\u00e9server une visite priv\u00e9e ici \u2705\" \/>\n<meta name=\"robots\" content=\"index, follow, max-snippet:-1, max-image-preview:large, max-video-preview:-1\" \/>\n<link rel=\"canonical\" href=\"https:\/\/tourtravelandmore.com\/fr\/tours\/republique-tcheque-fr\/prague-fr\/visite-privee-de-karlovy-vary-au-depart-de-prague\/\" \/>\n<meta property=\"og:locale\" content=\"fr_FR\" \/>\n<meta property=\"og:type\" content=\"article\" \/>\n<meta property=\"og:title\" content=\"Visite priv\u00e9e de Karlovy Vary au d\u00e9part de Prague\" \/>\n<meta property=\"og:description\" content=\"Vous visitez la ville de Prague, mais nous n&#039;avons pas de visite touristique \u00e0 Karlovy Vary ? Ne vous inqui\u00e9tez pas, vous pouvez r\u00e9server une visite priv\u00e9e ici \u2705\" \/>\n<meta property=\"og:url\" content=\"https:\/\/tourtravelandmore.com\/fr\/tours\/republique-tcheque-fr\/prague-fr\/visite-privee-de-karlovy-vary-au-depart-de-prague\/\" \/>\n<meta property=\"og:site_name\" content=\"Tour Travel And More\" \/>\n<meta property=\"article:publisher\" content=\"https:\/\/www.facebook.com\/tourtravelandmore\/\" \/>\n<meta property=\"article:modified_time\" content=\"2022-05-20T14:36:33+00:00\" \/>\n<meta property=\"og:image\" content=\"https:\/\/tourtravelandmore.com\/wp-content\/uploads\/2022\/05\/image3-8.jpg\" \/>\n\t<meta property=\"og:image:width\" content=\"1024\" \/>\n\t<meta property=\"og:image:height\" content=\"684\" \/>\n\t<meta property=\"og:image:type\" content=\"image\/jpeg\" \/>\n<meta name=\"twitter:card\" content=\"summary_large_image\" \/>\n<meta name=\"twitter:site\" content=\"@TourTravel_More\" \/>\n<meta name=\"twitter:label1\" content=\"Dur\u00e9e de lecture estim\u00e9e\" \/>\n\t<meta name=\"twitter:data1\" content=\"2 minutes\" \/>\n<script type=\"application\/ld+json\" class=\"yoast-schema-graph\">{\"@context\":\"https:\/\/schema.org\",\"@graph\":[{\"@type\":\"WebPage\",\"@id\":\"https:\/\/tourtravelandmore.com\/fr\/tours\/republique-tcheque-fr\/prague-fr\/visite-privee-de-karlovy-vary-au-depart-de-prague\/\",\"url\":\"https:\/\/tourtravelandmore.com\/fr\/tours\/republique-tcheque-fr\/prague-fr\/visite-privee-de-karlovy-vary-au-depart-de-prague\/\",\"name\":\"Visite priv\u00e9e \u00e0 Karlovy Vary depuis Prague\",\"isPartOf\":{\"@id\":\"https:\/\/tourtravelandmore.com\/fr\/#website\"},\"primaryImageOfPage\":{\"@id\":\"https:\/\/tourtravelandmore.com\/fr\/tours\/republique-tcheque-fr\/prague-fr\/visite-privee-de-karlovy-vary-au-depart-de-prague\/#primaryimage\"},\"image\":{\"@id\":\"https:\/\/tourtravelandmore.com\/fr\/tours\/republique-tcheque-fr\/prague-fr\/visite-privee-de-karlovy-vary-au-depart-de-prague\/#primaryimage\"},\"thumbnailUrl\":\"https:\/\/tourtravelandmore.com\/wp-content\/uploads\/2022\/05\/image3-8.jpg\",\"datePublished\":\"2022-05-20T14:05:30+00:00\",\"dateModified\":\"2022-05-20T14:36:33+00:00\",\"description\":\"Vous visitez la ville de Prague, mais nous n'avons pas de visite touristique \u00e0 Karlovy Vary ? Ne vous inqui\u00e9tez pas, vous pouvez r\u00e9server une visite priv\u00e9e ici \u2705\",\"breadcrumb\":{\"@id\":\"https:\/\/tourtravelandmore.com\/fr\/tours\/republique-tcheque-fr\/prague-fr\/visite-privee-de-karlovy-vary-au-depart-de-prague\/#breadcrumb\"},\"inLanguage\":\"fr-FR\",\"potentialAction\":[{\"@type\":\"ReadAction\",\"target\":[\"https:\/\/tourtravelandmore.com\/fr\/tours\/republique-tcheque-fr\/prague-fr\/visite-privee-de-karlovy-vary-au-depart-de-prague\/\"]}]},{\"@type\":\"ImageObject\",\"inLanguage\":\"fr-FR\",\"@id\":\"https:\/\/tourtravelandmore.com\/fr\/tours\/republique-tcheque-fr\/prague-fr\/visite-privee-de-karlovy-vary-au-depart-de-prague\/#primaryimage\",\"url\":\"https:\/\/tourtravelandmore.com\/wp-content\/uploads\/2022\/05\/image3-8.jpg\",\"contentUrl\":\"https:\/\/tourtravelandmore.com\/wp-content\/uploads\/2022\/05\/image3-8.jpg\",\"width\":1024,\"height\":684},{\"@type\":\"BreadcrumbList\",\"@id\":\"https:\/\/tourtravelandmore.com\/fr\/tours\/republique-tcheque-fr\/prague-fr\/visite-privee-de-karlovy-vary-au-depart-de-prague\/#breadcrumb\",\"itemListElement\":[{\"@type\":\"ListItem\",\"position\":1,\"name\":\"Home\",\"item\":\"https:\/\/tourtravelandmore.com\/fr\/\"},{\"@type\":\"ListItem\",\"position\":2,\"name\":\"Tours\",\"item\":\"https:\/\/tourtravelandmore.com\/fr\/tours\/\"},{\"@type\":\"ListItem\",\"position\":3,\"name\":\"Visite priv\u00e9e de Karlovy Vary au d\u00e9part de Prague\"}]},{\"@type\":\"WebSite\",\"@id\":\"https:\/\/tourtravelandmore.com\/fr\/#website\",\"url\":\"https:\/\/tourtravelandmore.com\/fr\/\",\"name\":\"Tour Travel And More\",\"description\":\"Private sightseeing tours and luxury transfers in Spain\",\"publisher\":{\"@id\":\"https:\/\/tourtravelandmore.com\/fr\/#organization\"},\"potentialAction\":[{\"@type\":\"SearchAction\",\"target\":{\"@type\":\"EntryPoint\",\"urlTemplate\":\"https:\/\/tourtravelandmore.com\/fr\/?s={search_term_string}\"},\"query-input\":{\"@type\":\"PropertyValueSpecification\",\"valueRequired\":true,\"valueName\":\"search_term_string\"}}],\"inLanguage\":\"fr-FR\"},{\"@type\":\"Organization\",\"@id\":\"https:\/\/tourtravelandmore.com\/fr\/#organization\",\"name\":\"Tour Travel And More\",\"url\":\"https:\/\/tourtravelandmore.com\/fr\/\",\"logo\":{\"@type\":\"ImageObject\",\"inLanguage\":\"fr-FR\",\"@id\":\"https:\/\/tourtravelandmore.com\/fr\/#\/schema\/logo\/image\/\",\"url\":\"https:\/\/tourtravelandmore.com\/wp-content\/uploads\/2022\/12\/cropped-logo-cabecera-new.png\",\"contentUrl\":\"https:\/\/tourtravelandmore.com\/wp-content\/uploads\/2022\/12\/cropped-logo-cabecera-new.png\",\"width\":430,\"height\":61,\"caption\":\"Tour Travel And More\"},\"image\":{\"@id\":\"https:\/\/tourtravelandmore.com\/fr\/#\/schema\/logo\/image\/\"},\"sameAs\":[\"https:\/\/www.facebook.com\/tourtravelandmore\/\",\"https:\/\/x.com\/TourTravel_More\"]}]}<\/script>\n<!-- \/ Yoast SEO Premium plugin. -->","yoast_head_json":{"title":"Visite priv\u00e9e \u00e0 Karlovy Vary depuis Prague","description":"Vous visitez la ville de Prague, mais nous n'avons pas de visite touristique \u00e0 Karlovy Vary ? Ne vous inqui\u00e9tez pas, vous pouvez r\u00e9server une visite priv\u00e9e ici \u2705","robots":{"index":"index","follow":"follow","max-snippet":"max-snippet:-1","max-image-preview":"max-image-preview:large","max-video-preview":"max-video-preview:-1"},"canonical":"https:\/\/tourtravelandmore.com\/fr\/tours\/republique-tcheque-fr\/prague-fr\/visite-privee-de-karlovy-vary-au-depart-de-prague\/","og_locale":"fr_FR","og_type":"article","og_title":"Visite priv\u00e9e de Karlovy Vary au d\u00e9part de Prague","og_description":"Vous visitez la ville de Prague, mais nous n'avons pas de visite touristique \u00e0 Karlovy Vary ? Ne vous inqui\u00e9tez pas, vous pouvez r\u00e9server une visite priv\u00e9e ici \u2705","og_url":"https:\/\/tourtravelandmore.com\/fr\/tours\/republique-tcheque-fr\/prague-fr\/visite-privee-de-karlovy-vary-au-depart-de-prague\/","og_site_name":"Tour Travel And More","article_publisher":"https:\/\/www.facebook.com\/tourtravelandmore\/","article_modified_time":"2022-05-20T14:36:33+00:00","og_image":[{"width":1024,"height":684,"url":"https:\/\/tourtravelandmore.com\/wp-content\/uploads\/2022\/05\/image3-8.jpg","type":"image\/jpeg"}],"twitter_card":"summary_large_image","twitter_site":"@TourTravel_More","twitter_misc":{"Dur\u00e9e de lecture estim\u00e9e":"2 minutes"},"schema":{"@context":"https:\/\/schema.org","@graph":[{"@type":"WebPage","@id":"https:\/\/tourtravelandmore.com\/fr\/tours\/republique-tcheque-fr\/prague-fr\/visite-privee-de-karlovy-vary-au-depart-de-prague\/","url":"https:\/\/tourtravelandmore.com\/fr\/tours\/republique-tcheque-fr\/prague-fr\/visite-privee-de-karlovy-vary-au-depart-de-prague\/","name":"Visite priv\u00e9e \u00e0 Karlovy Vary depuis Prague","isPartOf":{"@id":"https:\/\/tourtravelandmore.com\/fr\/#website"},"primaryImageOfPage":{"@id":"https:\/\/tourtravelandmore.com\/fr\/tours\/republique-tcheque-fr\/prague-fr\/visite-privee-de-karlovy-vary-au-depart-de-prague\/#primaryimage"},"image":{"@id":"https:\/\/tourtravelandmore.com\/fr\/tours\/republique-tcheque-fr\/prague-fr\/visite-privee-de-karlovy-vary-au-depart-de-prague\/#primaryimage"},"thumbnailUrl":"https:\/\/tourtravelandmore.com\/wp-content\/uploads\/2022\/05\/image3-8.jpg","datePublished":"2022-05-20T14:05:30+00:00","dateModified":"2022-05-20T14:36:33+00:00","description":"Vous visitez la ville de Prague, mais nous n'avons pas de visite touristique \u00e0 Karlovy Vary ? Ne vous inqui\u00e9tez pas, vous pouvez r\u00e9server une visite priv\u00e9e ici \u2705","breadcrumb":{"@id":"https:\/\/tourtravelandmore.com\/fr\/tours\/republique-tcheque-fr\/prague-fr\/visite-privee-de-karlovy-vary-au-depart-de-prague\/#breadcrumb"},"inLanguage":"fr-FR","potentialAction":[{"@type":"ReadAction","target":["https:\/\/tourtravelandmore.com\/fr\/tours\/republique-tcheque-fr\/prague-fr\/visite-privee-de-karlovy-vary-au-depart-de-prague\/"]}]},{"@type":"ImageObject","inLanguage":"fr-FR","@id":"https:\/\/tourtravelandmore.com\/fr\/tours\/republique-tcheque-fr\/prague-fr\/visite-privee-de-karlovy-vary-au-depart-de-prague\/#primaryimage","url":"https:\/\/tourtravelandmore.com\/wp-content\/uploads\/2022\/05\/image3-8.jpg","contentUrl":"https:\/\/tourtravelandmore.com\/wp-content\/uploads\/2022\/05\/image3-8.jpg","width":1024,"height":684},{"@type":"BreadcrumbList","@id":"https:\/\/tourtravelandmore.com\/fr\/tours\/republique-tcheque-fr\/prague-fr\/visite-privee-de-karlovy-vary-au-depart-de-prague\/#breadcrumb","itemListElement":[{"@type":"ListItem","position":1,"name":"Home","item":"https:\/\/tourtravelandmore.com\/fr\/"},{"@type":"ListItem","position":2,"name":"Tours","item":"https:\/\/tourtravelandmore.com\/fr\/tours\/"},{"@type":"ListItem","position":3,"name":"Visite priv\u00e9e de Karlovy Vary au d\u00e9part de Prague"}]},{"@type":"WebSite","@id":"https:\/\/tourtravelandmore.com\/fr\/#website","url":"https:\/\/tourtravelandmore.com\/fr\/","name":"Tour Travel And More","description":"Private sightseeing tours and luxury transfers in Spain","publisher":{"@id":"https:\/\/tourtravelandmore.com\/fr\/#organization"},"potentialAction":[{"@type":"SearchAction","target":{"@type":"EntryPoint","urlTemplate":"https:\/\/tourtravelandmore.com\/fr\/?s={search_term_string}"},"query-input":{"@type":"PropertyValueSpecification","valueRequired":true,"valueName":"search_term_string"}}],"inLanguage":"fr-FR"},{"@type":"Organization","@id":"https:\/\/tourtravelandmore.com\/fr\/#organization","name":"Tour Travel And More","url":"https:\/\/tourtravelandmore.com\/fr\/","logo":{"@type":"ImageObject","inLanguage":"fr-FR","@id":"https:\/\/tourtravelandmore.com\/fr\/#\/schema\/logo\/image\/","url":"https:\/\/tourtravelandmore.com\/wp-content\/uploads\/2022\/12\/cropped-logo-cabecera-new.png","contentUrl":"https:\/\/tourtravelandmore.com\/wp-content\/uploads\/2022\/12\/cropped-logo-cabecera-new.png","width":430,"height":61,"caption":"Tour Travel And More"},"image":{"@id":"https:\/\/tourtravelandmore.com\/fr\/#\/schema\/logo\/image\/"},"sameAs":["https:\/\/www.facebook.com\/tourtravelandmore\/","https:\/\/x.com\/TourTravel_More"]}]}},"_links":{"self":[{"href":"https:\/\/tourtravelandmore.com\/fr\/wp-json\/wp\/v2\/product\/126460","targetHints":{"allow":["GET"]}}],"collection":[{"href":"https:\/\/tourtravelandmore.com\/fr\/wp-json\/wp\/v2\/product"}],"about":[{"href":"https:\/\/tourtravelandmore.com\/fr\/wp-json\/wp\/v2\/types\/product"}],"replies":[{"embeddable":true,"href":"https:\/\/tourtravelandmore.com\/fr\/wp-json\/wp\/v2\/comments?post=126460"}],"wp:featuredmedia":[{"embeddable":true,"href":"https:\/\/tourtravelandmore.com\/fr\/wp-json\/wp\/v2\/media\/126478"}],"wp:attachment":[{"href":"https:\/\/tourtravelandmore.com\/fr\/wp-json\/wp\/v2\/media?parent=126460"}],"wp:term":[{"taxonomy":"product_brand","embeddable":true,"href":"https:\/\/tourtravelandmore.com\/fr\/wp-json\/wp\/v2\/product_brand?post=126460"},{"taxonomy":"product_cat","embeddable":true,"href":"https:\/\/tourtravelandmore.com\/fr\/wp-json\/wp\/v2\/product_cat?post=126460"},{"taxonomy":"product_tag","embeddable":true,"href":"https:\/\/tourtravelandmore.com\/fr\/wp-json\/wp\/v2\/product_tag?post=126460"}],"curies":[{"name":"wp","href":"https:\/\/api.w.org\/{rel}","templated":true}]}}