{"id":126416,"date":"2022-05-20T15:37:24","date_gmt":"2022-05-20T13:37:33","guid":{"rendered":"https:\/\/tourtravelandmore.com\/?post_type=product&#038;p=126416"},"modified":"2022-05-20T16:02:09","modified_gmt":"2022-05-20T14:02:09","slug":"visite-privee-de-dresde-au-depart-de-prague","status":"publish","type":"product","link":"https:\/\/tourtravelandmore.com\/fr\/tours\/republique-tcheque-fr\/prague-fr\/visite-privee-de-dresde-au-depart-de-prague\/","title":{"rendered":"Visite priv\u00e9e de Dresde au d\u00e9part de Prague"},"content":{"rendered":"<h2><b>Description de l&#8217;excursion priv\u00e9e \u00e0 Dresde au d\u00e9part de Prague<\/b><\/h2>\n<p><span style=\"font-weight: 400;\">Prague est la capitale de la R\u00e9publique tch\u00e8que. Elle a accueilli de nombreux personnages et \u00e9v\u00e9nements c\u00e9l\u00e8bres, tels que Jan Hus, Franz Kafka et la r\u00e9volution de velours.<\/span><\/p>\n<p><span style=\"font-weight: 400;\">Un circuit priv\u00e9 tout compris de Prague \u00e0 Dresde vous emm\u00e8nera pour un voyage de 9 heures \u00e0 travers l&#8217;histoire tout en visitant certaines des plus belles villes d&#8217;Europe. L&#8217;excursion comprend un v\u00e9hicule de luxe avec chauffeur\/guide pour votre confort.<\/span><\/p>\n<h2><\/h2>\n<p><b>Avant de commencer la visite, parlons un peu de la ville de Dresde :<\/b><\/p>\n<h2><\/h2>\n<p><span style=\"font-weight: 400;\">Dresde est la capitale de la r\u00e9gion de Saxe et l&#8217;une des plus importantes destinations touristiques d&#8217;Allemagne. Abritant de nombreux monuments historiques, elle est c\u00e9l\u00e8bre pour son architecture baroque, ses mus\u00e9es et ses galeries d&#8217;art.<\/span><\/p>\n<p><span style=\"font-weight: 400;\">Le circuit que nous vous proposons est enti\u00e8rement personnalisable et nous pouvons modifier et ajuster les horaires et les points de rep\u00e8re comme vous le souhaitez.<\/span><\/p>\n<p><span style=\"font-weight: 400;\">Points d&#8217;int\u00e9r\u00eat de l&#8217;excursion priv\u00e9e \u00e0 Dresde au d\u00e9part de Prague<\/span><\/p>\n<p><span style=\"font-weight: 400;\">Dresde est une ville de l&#8217;\u00c9tat de Saxe, en Allemagne. Elle est connue pour son architecture baroque et son immense patrimoine culturel.<\/span><\/p>\n<p><span style=\"font-weight: 400;\">La visite priv\u00e9e de Dresde au d\u00e9part de Prague offre une exp\u00e9rience unique au c\u0153ur de l&#8217;Europe. La visite comprend un guide priv\u00e9 et une exp\u00e9rience inoubliable.<\/span><\/p>\n<p><span style=\"font-weight: 400;\">Nous viendrons vous chercher \u00e0 l&#8217;endroit ou \u00e0 l&#8217;h\u00e9bergement de votre choix \u00e0 Prague, o\u00f9 nous commencerons cette aventure unique, une fois sur le circuit nous pourrons visiter :<\/span><\/p>\n<h2>\n<b><\/b><\/h2>\n<ul>\n<li aria-level=\"1\"><b>Pont Augustus<\/b><\/li>\n<\/ul>\n<ul>\n<li aria-level=\"1\"><b>Cath\u00e9drale catholique<\/b><\/li>\n<\/ul>\n<ul>\n<li aria-level=\"1\"><b>Jardins de Zwinger<\/b><\/li>\n<\/ul>\n<ul>\n<li aria-level=\"1\"><b>\u00c9glise Frauenkirche<\/b><\/li>\n<\/ul>\n<ul>\n<li aria-level=\"1\"><b>Semperoper<\/b><\/li>\n<\/ul>\n<ul>\n<li aria-level=\"1\"><b>ET PLUS ENCORE !<\/b><\/li>\n<\/ul>\n<h2><\/h2>\n<p><span style=\"font-weight: 400;\">\u00c0 la fin de l&#8217;excursion, votre chauffeur et votre v\u00e9hicule priv\u00e9 vous ram\u00e8neront \u00e0 votre point de ramassage \u00e0 Prague, afin que vous puissiez continuer \u00e0 profiter de cette belle ville.<\/span><\/p>\n<p><span style=\"font-weight: 400;\">Si vous souhaitez d\u00e9couvrir davantage Prague et ses monuments, n&#8217;h\u00e9sitez pas \u00e0 consulter<a href=\"https:\/\/tourtravelandmore.com\/fr\/city\/republique-tcheque-fr\/prague-fr\/\"> notre liste de <\/a><\/span><span style=\"font-weight: 400;\">visites priv\u00e9es dans la capitale de la R\u00e9publique tch\u00e8que.<\/span><\/p>\n","protected":false},"excerpt":{"rendered":"<p><span style=\"font-weight: 400;\">Prague est une belle ville avec de nombreux sites historiques. C&#8217;est l&#8217;une des villes les plus visit\u00e9es d&#8217;Europe et elle a beaucoup \u00e0 offrir. L&#8217;une des meilleures choses \u00e0 propos de Prague est qu&#8217;elle a tellement \u00e0 offrir que vous ne pouvez la voir et la vivre que lors d&#8217;une visite priv\u00e9e. C&#8217;est pourquoi Tour Travel &amp; More propose une visite priv\u00e9e de Dresde, en Allemagne, au d\u00e9part de la belle ville de Prague.<\/span><\/p>\n","protected":false},"featured_media":126429,"comment_status":"open","ping_status":"closed","template":"","meta":{"_acf_changed":false},"product_brand":[],"product_cat":[4460,3755],"product_tag":[],"class_list":{"0":"post-126416","1":"product","2":"type-product","3":"status-publish","4":"has-post-thumbnail","6":"product_cat-all-private-tours-activities-fr-22","7":"product_cat-prague-fr","9":"first","10":"instock","11":"shipping-taxable","12":"purchasable","13":"product-type-simple"},"acf":[],"yoast_head":"<!-- This site is optimized with the Yoast SEO Premium plugin v25.3.1 (Yoast SEO v25.3.1) - https:\/\/yoast.com\/wordpress\/plugins\/seo\/ -->\n<title>Visite priv\u00e9e \u00e0 Dresde depuis Prague | Tour Travel &amp; More<\/title>\n<meta name=\"description\" content=\"Obtenez la meilleure exp\u00e9rience touristique \u00e0 Dresde avec une visite guid\u00e9e depuis Prague, la capitale de la R\u00e9publique tch\u00e8que \u2705\" \/>\n<meta name=\"robots\" content=\"index, follow, max-snippet:-1, max-image-preview:large, max-video-preview:-1\" \/>\n<link rel=\"canonical\" href=\"https:\/\/tourtravelandmore.com\/fr\/tours\/republique-tcheque-fr\/prague-fr\/visite-privee-de-dresde-au-depart-de-prague\/\" \/>\n<meta property=\"og:locale\" content=\"fr_FR\" \/>\n<meta property=\"og:type\" content=\"article\" \/>\n<meta property=\"og:title\" content=\"Visite priv\u00e9e de Dresde au d\u00e9part de Prague\" \/>\n<meta property=\"og:description\" content=\"Obtenez la meilleure exp\u00e9rience touristique \u00e0 Dresde avec une visite guid\u00e9e depuis Prague, la capitale de la R\u00e9publique tch\u00e8que \u2705\" \/>\n<meta property=\"og:url\" content=\"https:\/\/tourtravelandmore.com\/fr\/tours\/republique-tcheque-fr\/prague-fr\/visite-privee-de-dresde-au-depart-de-prague\/\" \/>\n<meta property=\"og:site_name\" content=\"Tour Travel And More\" \/>\n<meta property=\"article:publisher\" content=\"https:\/\/www.facebook.com\/tourtravelandmore\/\" \/>\n<meta property=\"article:modified_time\" content=\"2022-05-20T14:02:09+00:00\" \/>\n<meta property=\"og:image\" content=\"https:\/\/tourtravelandmore.com\/wp-content\/uploads\/2022\/05\/image1-7.jpg\" \/>\n\t<meta property=\"og:image:width\" content=\"1024\" \/>\n\t<meta property=\"og:image:height\" content=\"684\" \/>\n\t<meta property=\"og:image:type\" content=\"image\/jpeg\" \/>\n<meta name=\"twitter:card\" content=\"summary_large_image\" \/>\n<meta name=\"twitter:site\" content=\"@TourTravel_More\" \/>\n<meta name=\"twitter:label1\" content=\"Dur\u00e9e de lecture estim\u00e9e\" \/>\n\t<meta name=\"twitter:data1\" content=\"2 minutes\" \/>\n<script type=\"application\/ld+json\" class=\"yoast-schema-graph\">{\"@context\":\"https:\/\/schema.org\",\"@graph\":[{\"@type\":\"WebPage\",\"@id\":\"https:\/\/tourtravelandmore.com\/fr\/tours\/republique-tcheque-fr\/prague-fr\/visite-privee-de-dresde-au-depart-de-prague\/\",\"url\":\"https:\/\/tourtravelandmore.com\/fr\/tours\/republique-tcheque-fr\/prague-fr\/visite-privee-de-dresde-au-depart-de-prague\/\",\"name\":\"Visite priv\u00e9e \u00e0 Dresde depuis Prague | Tour Travel & More\",\"isPartOf\":{\"@id\":\"https:\/\/tourtravelandmore.com\/fr\/#website\"},\"primaryImageOfPage\":{\"@id\":\"https:\/\/tourtravelandmore.com\/fr\/tours\/republique-tcheque-fr\/prague-fr\/visite-privee-de-dresde-au-depart-de-prague\/#primaryimage\"},\"image\":{\"@id\":\"https:\/\/tourtravelandmore.com\/fr\/tours\/republique-tcheque-fr\/prague-fr\/visite-privee-de-dresde-au-depart-de-prague\/#primaryimage\"},\"thumbnailUrl\":\"https:\/\/tourtravelandmore.com\/wp-content\/uploads\/2022\/05\/image1-7.jpg\",\"datePublished\":\"2022-05-20T13:37:33+00:00\",\"dateModified\":\"2022-05-20T14:02:09+00:00\",\"description\":\"Obtenez la meilleure exp\u00e9rience touristique \u00e0 Dresde avec une visite guid\u00e9e depuis Prague, la capitale de la R\u00e9publique tch\u00e8que \u2705\",\"breadcrumb\":{\"@id\":\"https:\/\/tourtravelandmore.com\/fr\/tours\/republique-tcheque-fr\/prague-fr\/visite-privee-de-dresde-au-depart-de-prague\/#breadcrumb\"},\"inLanguage\":\"fr-FR\",\"potentialAction\":[{\"@type\":\"ReadAction\",\"target\":[\"https:\/\/tourtravelandmore.com\/fr\/tours\/republique-tcheque-fr\/prague-fr\/visite-privee-de-dresde-au-depart-de-prague\/\"]}]},{\"@type\":\"ImageObject\",\"inLanguage\":\"fr-FR\",\"@id\":\"https:\/\/tourtravelandmore.com\/fr\/tours\/republique-tcheque-fr\/prague-fr\/visite-privee-de-dresde-au-depart-de-prague\/#primaryimage\",\"url\":\"https:\/\/tourtravelandmore.com\/wp-content\/uploads\/2022\/05\/image1-7.jpg\",\"contentUrl\":\"https:\/\/tourtravelandmore.com\/wp-content\/uploads\/2022\/05\/image1-7.jpg\",\"width\":1024,\"height\":684},{\"@type\":\"BreadcrumbList\",\"@id\":\"https:\/\/tourtravelandmore.com\/fr\/tours\/republique-tcheque-fr\/prague-fr\/visite-privee-de-dresde-au-depart-de-prague\/#breadcrumb\",\"itemListElement\":[{\"@type\":\"ListItem\",\"position\":1,\"name\":\"Home\",\"item\":\"https:\/\/tourtravelandmore.com\/fr\/\"},{\"@type\":\"ListItem\",\"position\":2,\"name\":\"Tours\",\"item\":\"https:\/\/tourtravelandmore.com\/fr\/tours\/\"},{\"@type\":\"ListItem\",\"position\":3,\"name\":\"Visite priv\u00e9e de Dresde au d\u00e9part de Prague\"}]},{\"@type\":\"WebSite\",\"@id\":\"https:\/\/tourtravelandmore.com\/fr\/#website\",\"url\":\"https:\/\/tourtravelandmore.com\/fr\/\",\"name\":\"Tour Travel And More\",\"description\":\"Private sightseeing tours and luxury transfers in Spain\",\"publisher\":{\"@id\":\"https:\/\/tourtravelandmore.com\/fr\/#organization\"},\"potentialAction\":[{\"@type\":\"SearchAction\",\"target\":{\"@type\":\"EntryPoint\",\"urlTemplate\":\"https:\/\/tourtravelandmore.com\/fr\/?s={search_term_string}\"},\"query-input\":{\"@type\":\"PropertyValueSpecification\",\"valueRequired\":true,\"valueName\":\"search_term_string\"}}],\"inLanguage\":\"fr-FR\"},{\"@type\":\"Organization\",\"@id\":\"https:\/\/tourtravelandmore.com\/fr\/#organization\",\"name\":\"Tour Travel And More\",\"url\":\"https:\/\/tourtravelandmore.com\/fr\/\",\"logo\":{\"@type\":\"ImageObject\",\"inLanguage\":\"fr-FR\",\"@id\":\"https:\/\/tourtravelandmore.com\/fr\/#\/schema\/logo\/image\/\",\"url\":\"https:\/\/tourtravelandmore.com\/wp-content\/uploads\/2022\/12\/cropped-logo-cabecera-new.png\",\"contentUrl\":\"https:\/\/tourtravelandmore.com\/wp-content\/uploads\/2022\/12\/cropped-logo-cabecera-new.png\",\"width\":430,\"height\":61,\"caption\":\"Tour Travel And More\"},\"image\":{\"@id\":\"https:\/\/tourtravelandmore.com\/fr\/#\/schema\/logo\/image\/\"},\"sameAs\":[\"https:\/\/www.facebook.com\/tourtravelandmore\/\",\"https:\/\/x.com\/TourTravel_More\"]}]}<\/script>\n<!-- \/ Yoast SEO Premium plugin. -->","yoast_head_json":{"title":"Visite priv\u00e9e \u00e0 Dresde depuis Prague | Tour Travel & More","description":"Obtenez la meilleure exp\u00e9rience touristique \u00e0 Dresde avec une visite guid\u00e9e depuis Prague, la capitale de la R\u00e9publique tch\u00e8que \u2705","robots":{"index":"index","follow":"follow","max-snippet":"max-snippet:-1","max-image-preview":"max-image-preview:large","max-video-preview":"max-video-preview:-1"},"canonical":"https:\/\/tourtravelandmore.com\/fr\/tours\/republique-tcheque-fr\/prague-fr\/visite-privee-de-dresde-au-depart-de-prague\/","og_locale":"fr_FR","og_type":"article","og_title":"Visite priv\u00e9e de Dresde au d\u00e9part de Prague","og_description":"Obtenez la meilleure exp\u00e9rience touristique \u00e0 Dresde avec une visite guid\u00e9e depuis Prague, la capitale de la R\u00e9publique tch\u00e8que \u2705","og_url":"https:\/\/tourtravelandmore.com\/fr\/tours\/republique-tcheque-fr\/prague-fr\/visite-privee-de-dresde-au-depart-de-prague\/","og_site_name":"Tour Travel And More","article_publisher":"https:\/\/www.facebook.com\/tourtravelandmore\/","article_modified_time":"2022-05-20T14:02:09+00:00","og_image":[{"width":1024,"height":684,"url":"https:\/\/tourtravelandmore.com\/wp-content\/uploads\/2022\/05\/image1-7.jpg","type":"image\/jpeg"}],"twitter_card":"summary_large_image","twitter_site":"@TourTravel_More","twitter_misc":{"Dur\u00e9e de lecture estim\u00e9e":"2 minutes"},"schema":{"@context":"https:\/\/schema.org","@graph":[{"@type":"WebPage","@id":"https:\/\/tourtravelandmore.com\/fr\/tours\/republique-tcheque-fr\/prague-fr\/visite-privee-de-dresde-au-depart-de-prague\/","url":"https:\/\/tourtravelandmore.com\/fr\/tours\/republique-tcheque-fr\/prague-fr\/visite-privee-de-dresde-au-depart-de-prague\/","name":"Visite priv\u00e9e \u00e0 Dresde depuis Prague | Tour Travel & More","isPartOf":{"@id":"https:\/\/tourtravelandmore.com\/fr\/#website"},"primaryImageOfPage":{"@id":"https:\/\/tourtravelandmore.com\/fr\/tours\/republique-tcheque-fr\/prague-fr\/visite-privee-de-dresde-au-depart-de-prague\/#primaryimage"},"image":{"@id":"https:\/\/tourtravelandmore.com\/fr\/tours\/republique-tcheque-fr\/prague-fr\/visite-privee-de-dresde-au-depart-de-prague\/#primaryimage"},"thumbnailUrl":"https:\/\/tourtravelandmore.com\/wp-content\/uploads\/2022\/05\/image1-7.jpg","datePublished":"2022-05-20T13:37:33+00:00","dateModified":"2022-05-20T14:02:09+00:00","description":"Obtenez la meilleure exp\u00e9rience touristique \u00e0 Dresde avec une visite guid\u00e9e depuis Prague, la capitale de la R\u00e9publique tch\u00e8que \u2705","breadcrumb":{"@id":"https:\/\/tourtravelandmore.com\/fr\/tours\/republique-tcheque-fr\/prague-fr\/visite-privee-de-dresde-au-depart-de-prague\/#breadcrumb"},"inLanguage":"fr-FR","potentialAction":[{"@type":"ReadAction","target":["https:\/\/tourtravelandmore.com\/fr\/tours\/republique-tcheque-fr\/prague-fr\/visite-privee-de-dresde-au-depart-de-prague\/"]}]},{"@type":"ImageObject","inLanguage":"fr-FR","@id":"https:\/\/tourtravelandmore.com\/fr\/tours\/republique-tcheque-fr\/prague-fr\/visite-privee-de-dresde-au-depart-de-prague\/#primaryimage","url":"https:\/\/tourtravelandmore.com\/wp-content\/uploads\/2022\/05\/image1-7.jpg","contentUrl":"https:\/\/tourtravelandmore.com\/wp-content\/uploads\/2022\/05\/image1-7.jpg","width":1024,"height":684},{"@type":"BreadcrumbList","@id":"https:\/\/tourtravelandmore.com\/fr\/tours\/republique-tcheque-fr\/prague-fr\/visite-privee-de-dresde-au-depart-de-prague\/#breadcrumb","itemListElement":[{"@type":"ListItem","position":1,"name":"Home","item":"https:\/\/tourtravelandmore.com\/fr\/"},{"@type":"ListItem","position":2,"name":"Tours","item":"https:\/\/tourtravelandmore.com\/fr\/tours\/"},{"@type":"ListItem","position":3,"name":"Visite priv\u00e9e de Dresde au d\u00e9part de Prague"}]},{"@type":"WebSite","@id":"https:\/\/tourtravelandmore.com\/fr\/#website","url":"https:\/\/tourtravelandmore.com\/fr\/","name":"Tour Travel And More","description":"Private sightseeing tours and luxury transfers in Spain","publisher":{"@id":"https:\/\/tourtravelandmore.com\/fr\/#organization"},"potentialAction":[{"@type":"SearchAction","target":{"@type":"EntryPoint","urlTemplate":"https:\/\/tourtravelandmore.com\/fr\/?s={search_term_string}"},"query-input":{"@type":"PropertyValueSpecification","valueRequired":true,"valueName":"search_term_string"}}],"inLanguage":"fr-FR"},{"@type":"Organization","@id":"https:\/\/tourtravelandmore.com\/fr\/#organization","name":"Tour Travel And More","url":"https:\/\/tourtravelandmore.com\/fr\/","logo":{"@type":"ImageObject","inLanguage":"fr-FR","@id":"https:\/\/tourtravelandmore.com\/fr\/#\/schema\/logo\/image\/","url":"https:\/\/tourtravelandmore.com\/wp-content\/uploads\/2022\/12\/cropped-logo-cabecera-new.png","contentUrl":"https:\/\/tourtravelandmore.com\/wp-content\/uploads\/2022\/12\/cropped-logo-cabecera-new.png","width":430,"height":61,"caption":"Tour Travel And More"},"image":{"@id":"https:\/\/tourtravelandmore.com\/fr\/#\/schema\/logo\/image\/"},"sameAs":["https:\/\/www.facebook.com\/tourtravelandmore\/","https:\/\/x.com\/TourTravel_More"]}]}},"_links":{"self":[{"href":"https:\/\/tourtravelandmore.com\/fr\/wp-json\/wp\/v2\/product\/126416","targetHints":{"allow":["GET"]}}],"collection":[{"href":"https:\/\/tourtravelandmore.com\/fr\/wp-json\/wp\/v2\/product"}],"about":[{"href":"https:\/\/tourtravelandmore.com\/fr\/wp-json\/wp\/v2\/types\/product"}],"replies":[{"embeddable":true,"href":"https:\/\/tourtravelandmore.com\/fr\/wp-json\/wp\/v2\/comments?post=126416"}],"wp:featuredmedia":[{"embeddable":true,"href":"https:\/\/tourtravelandmore.com\/fr\/wp-json\/wp\/v2\/media\/126429"}],"wp:attachment":[{"href":"https:\/\/tourtravelandmore.com\/fr\/wp-json\/wp\/v2\/media?parent=126416"}],"wp:term":[{"taxonomy":"product_brand","embeddable":true,"href":"https:\/\/tourtravelandmore.com\/fr\/wp-json\/wp\/v2\/product_brand?post=126416"},{"taxonomy":"product_cat","embeddable":true,"href":"https:\/\/tourtravelandmore.com\/fr\/wp-json\/wp\/v2\/product_cat?post=126416"},{"taxonomy":"product_tag","embeddable":true,"href":"https:\/\/tourtravelandmore.com\/fr\/wp-json\/wp\/v2\/product_tag?post=126416"}],"curies":[{"name":"wp","href":"https:\/\/api.w.org\/{rel}","templated":true}]}}