{"id":125713,"date":"2022-05-11T17:33:00","date_gmt":"2022-05-11T15:33:06","guid":{"rendered":"https:\/\/tourtravelandmore.com\/?post_type=product&#038;p=125713"},"modified":"2022-05-11T19:10:48","modified_gmt":"2022-05-11T17:10:48","slug":"circuit-prive-de-vin-et-dhuile-dolive-au-depart-dathenes","status":"publish","type":"product","link":"https:\/\/tourtravelandmore.com\/fr\/tours\/grece-fr\/athenes-fr\/circuit-prive-de-vin-et-dhuile-dolive-au-depart-dathenes\/","title":{"rendered":"Circuit priv\u00e9 de vin et d&#8217;huile d&#8217;olive au d\u00e9part d&#8217;Ath\u00e8nes"},"content":{"rendered":"<h2><b>Description de l&#8217;excursion priv\u00e9e sur le vin et l&#8217;huile d&#8217;olive au d\u00e9part d&#8217;Ath\u00e8nes<\/b><\/h2>\n<p><span style=\"font-weight: 400;\">Le circuit priv\u00e9 du vin et de l&#8217;huile d&#8217;olive au d\u00e9part d&#8217;Ath\u00e8nes est un excellent moyen de d\u00e9couvrir la beaut\u00e9 de la Gr\u00e8ce. Les participants \u00e0 l&#8217;excursion appr\u00e9cieront un voyage \u00e0 travers les montagnes, en visitant des caves et des vignobles \u00e0 la recherche des meilleurs raisins. Il y aura \u00e9galement un arr\u00eat dans un moulin \u00e0 huile d&#8217;olive pour apprendre la production d&#8217;huile d&#8217;olive.<\/span><\/p>\n<p><span style=\"font-weight: 400;\">Cette visite priv\u00e9e au d\u00e9part d&#8217;Ath\u00e8nes est enti\u00e8rement personnalis\u00e9e. Vous d\u00e9couvrirez cette belle r\u00e9gion et ses lieux les plus embl\u00e9matiques avec votre chauffeur priv\u00e9.<\/span><\/p>\n<p><span style=\"font-weight: 400;\">Profitez d&#8217;une d\u00e9gustation de vin, nous vous emm\u00e8nerons dans une cave o\u00f9 ils cultivent et produisent l&#8217;un des meilleurs vins de toute la Gr\u00e8ce.<\/span><\/p>\n<p><span style=\"font-weight: 400;\">Profitez de la flexibilit\u00e9 de ce circuit qui vous permet de vous concentrer sur les sites qui vous int\u00e9ressent le plus. Pendant votre visite, votre chauffeur vous emm\u00e8nera aux meilleurs endroits de la ville pour prendre les meilleures photos.<\/span><\/p>\n<h2><b>Points forts de l&#8217;excursion priv\u00e9e sur le vin et l&#8217;huile d&#8217;olive au d\u00e9part d&#8217;Ath\u00e8nes<\/b><\/h2>\n<p><span style=\"font-weight: 400;\">Tout d&#8217;abord, votre chauffeur priv\u00e9 viendra vous chercher \u00e0 votre h\u00f4tel ou au point de votre choix \u00e0 Ath\u00e8nes pour commencer cette visite priv\u00e9e de 8 heures de d\u00e9gustation de vin et d&#8217;huile d&#8217;olive, incluant les frais d&#8217;entr\u00e9e aux lieux que nous visiterons. Ce sera une exp\u00e9rience que vous n&#8217;oublierez jamais.<\/span><\/p>\n<p><b>Les lieux que vous visiterez lors de cette visite priv\u00e9e sont les suivants :<\/b><\/p>\n<h3><b>D\u00e9gustation de vins \u00e0 Ath\u00e8nes<\/b><\/h3>\n<p><span style=\"font-weight: 400;\">Il y a beaucoup de d\u00e9gustations de vins \u00e0 Ath\u00e8nes. La ville a une longue tradition viticole. Mais quelle est la meilleure d\u00e9gustation de vin \u00e0 Ath\u00e8nes et que comprend la visite ?<\/span><\/p>\n<p><span style=\"font-weight: 400;\">\u00a0<\/span><span style=\"font-weight: 400;\">La d\u00e9gustation de vins que propose Tour Travel &amp; More comprend :<\/span><\/p>\n<ol>\n<li><b> Entr\u00e9e de la salle de d\u00e9gustation.<\/b><\/li>\n<li><b> Pr\u00e9sentation des vins par le sommelier.<\/b><\/li>\n<li><b> Punir le palais.<\/b><\/li>\n<li><b> Description des vins.<\/b><\/li>\n<li><b> Pr\u00e9paration de notes de d\u00e9gustation.<\/b><\/li>\n<li><b> D\u00e9gustation des vins.<\/b><\/li>\n<li><b> Notes et commentaires finaux.<\/b><\/li>\n<\/ol>\n<h3><b>D\u00e9gustation des meilleurs producteurs d&#8217;huile d&#8217;olive.<\/b><\/h3>\n<p><span style=\"font-weight: 400;\">Les huiles d&#8217;olive sont un excellent produit pour notre sant\u00e9, car elles apportent des graisses monoinsatur\u00e9es b\u00e9n\u00e9fiques pour notre organisme. De toutes les huiles d&#8217;olive, l&#8217;huile d&#8217;olive extra vierge est celle de la plus haute qualit\u00e9.<\/span><\/p>\n<p><span style=\"font-weight: 400;\">\u00a0<\/span><span style=\"font-weight: 400;\">L&#8217;excursion comprend la visite d&#8217;une localit\u00e9 o\u00f9 l&#8217;on produit l&#8217;une des meilleures huiles d&#8217;olive de Gr\u00e8ce. Vous pourrez observer et contempler la m\u00e9thode de production, de s\u00e9lection et de mise en bouteille artisanale que propose ce processus int\u00e9ressant et magnifique.<\/span><\/p>\n<h2><\/h2>\n<p><span style=\"font-weight: 400;\">Enfin, \u00e0 la fin de votre visite, votre chauffeur vous ram\u00e8nera \u00e0 votre point de d\u00e9part \u00e0 Ath\u00e8nes.<\/span><\/p>\n<p><span style=\"font-weight: 400;\">Si vous souhaitez inclure les frais d&#8217;entr\u00e9e dans les monuments ou les mus\u00e9es, veuillez nous le faire savoir et nous nous en occuperons. Il s&#8217;agit d&#8217;une visite de 8 heures, mais si vous le pr\u00e9f\u00e9rez, nous pouvons ajouter des heures suppl\u00e9mentaires \u00e0 votre exp\u00e9rience.<\/span><\/p>\n<p><span style=\"font-weight: 400;\">Cette visite est enti\u00e8rement personnalisable. Contactez-nous pour faire de votre visite une exp\u00e9rience unique et vous aider \u00e0 organiser votre visite priv\u00e9e \u00e0 votre convenance.<\/span><\/p>\n<p><span style=\"font-weight: 400;\">Si, en revanche, vous souhaitez en savoir plus sur la Gr\u00e8ce, n&#8217;oubliez pas de visiter l&#8217;un de nos <\/span><a href=\"https:\/\/tourtravelandmore.com\/fr\/city\/grece-fr\/athenes-fr\/\"><span style=\"font-weight: 400;\">circuits priv\u00e9s \u00e0 Ath\u00e8nes.<\/span><\/a><\/p>\n","protected":false},"excerpt":{"rendered":"<p><span style=\"font-weight: 400;\">D\u00e9couvrez l&#8217;histoire, la culture et les paysages de la Gr\u00e8ce gr\u00e2ce \u00e0 un circuit priv\u00e9 consacr\u00e9 au vin et \u00e0 l&#8217;huile d&#8217;olive. Notre chauffeur vous emm\u00e8nera dans les r\u00e9gions les plus pittoresques du pays pour vous faire d\u00e9couvrir les caves et les vignobles o\u00f9 sont produits les meilleurs vins et huiles d&#8217;olive. R\u00e9servez votre circuit d\u00e8s maintenant !<\/span><\/p>\n","protected":false},"featured_media":125726,"comment_status":"open","ping_status":"closed","template":"","meta":{"_acf_changed":false},"product_brand":[],"product_cat":[3764],"product_tag":[],"class_list":{"0":"post-125713","1":"product","2":"type-product","3":"status-publish","4":"has-post-thumbnail","6":"product_cat-athenes-fr","8":"first","9":"instock","10":"shipping-taxable","11":"purchasable","12":"product-type-simple"},"acf":[],"yoast_head":"<!-- This site is optimized with the Yoast SEO Premium plugin v25.3.1 (Yoast SEO v25.3.1) - https:\/\/yoast.com\/wordpress\/plugins\/seo\/ -->\n<title>Visite priv\u00e9e de d\u00e9gustation de vin et d&#039;huile d&#039;olive \u00e0 Ath\u00e8nes | Tour Travel &amp; More<\/title>\n<meta name=\"description\" content=\"Circuit priv\u00e9 sur le vin et l&#039;huile d&#039;olive en Gr\u00e8ce. Au d\u00e9part d&#039;Ath\u00e8nes, nous visiterons les r\u00e9gions viticoles et les producteurs d&#039;huile d&#039;olive les plus c\u00e9l\u00e8bres. Profitez d&#039;une exp\u00e9rience unique\" \/>\n<meta name=\"robots\" content=\"index, follow, max-snippet:-1, max-image-preview:large, max-video-preview:-1\" \/>\n<link rel=\"canonical\" href=\"https:\/\/tourtravelandmore.com\/fr\/tours\/grece-fr\/athenes-fr\/circuit-prive-de-vin-et-dhuile-dolive-au-depart-dathenes\/\" \/>\n<meta property=\"og:locale\" content=\"fr_FR\" \/>\n<meta property=\"og:type\" content=\"article\" \/>\n<meta property=\"og:title\" content=\"Circuit priv\u00e9 de vin et d&#039;huile d&#039;olive au d\u00e9part d&#039;Ath\u00e8nes\" \/>\n<meta property=\"og:description\" content=\"Circuit priv\u00e9 sur le vin et l&#039;huile d&#039;olive en Gr\u00e8ce. Au d\u00e9part d&#039;Ath\u00e8nes, nous visiterons les r\u00e9gions viticoles et les producteurs d&#039;huile d&#039;olive les plus c\u00e9l\u00e8bres. Profitez d&#039;une exp\u00e9rience unique\" \/>\n<meta property=\"og:url\" content=\"https:\/\/tourtravelandmore.com\/fr\/tours\/grece-fr\/athenes-fr\/circuit-prive-de-vin-et-dhuile-dolive-au-depart-dathenes\/\" \/>\n<meta property=\"og:site_name\" content=\"Tour Travel And More\" \/>\n<meta property=\"article:publisher\" content=\"https:\/\/www.facebook.com\/tourtravelandmore\/\" \/>\n<meta property=\"article:modified_time\" content=\"2022-05-11T17:10:48+00:00\" \/>\n<meta property=\"og:image\" content=\"https:\/\/tourtravelandmore.com\/wp-content\/uploads\/2022\/05\/image2-6.jpg\" \/>\n\t<meta property=\"og:image:width\" content=\"1250\" \/>\n\t<meta property=\"og:image:height\" content=\"750\" \/>\n\t<meta property=\"og:image:type\" content=\"image\/jpeg\" \/>\n<meta name=\"twitter:card\" content=\"summary_large_image\" \/>\n<meta name=\"twitter:site\" content=\"@TourTravel_More\" \/>\n<meta name=\"twitter:label1\" content=\"Dur\u00e9e de lecture estim\u00e9e\" \/>\n\t<meta name=\"twitter:data1\" content=\"3 minutes\" \/>\n<script type=\"application\/ld+json\" class=\"yoast-schema-graph\">{\"@context\":\"https:\/\/schema.org\",\"@graph\":[{\"@type\":\"WebPage\",\"@id\":\"https:\/\/tourtravelandmore.com\/fr\/tours\/grece-fr\/athenes-fr\/circuit-prive-de-vin-et-dhuile-dolive-au-depart-dathenes\/\",\"url\":\"https:\/\/tourtravelandmore.com\/fr\/tours\/grece-fr\/athenes-fr\/circuit-prive-de-vin-et-dhuile-dolive-au-depart-dathenes\/\",\"name\":\"Visite priv\u00e9e de d\u00e9gustation de vin et d'huile d'olive \u00e0 Ath\u00e8nes | Tour Travel & More\",\"isPartOf\":{\"@id\":\"https:\/\/tourtravelandmore.com\/fr\/#website\"},\"primaryImageOfPage\":{\"@id\":\"https:\/\/tourtravelandmore.com\/fr\/tours\/grece-fr\/athenes-fr\/circuit-prive-de-vin-et-dhuile-dolive-au-depart-dathenes\/#primaryimage\"},\"image\":{\"@id\":\"https:\/\/tourtravelandmore.com\/fr\/tours\/grece-fr\/athenes-fr\/circuit-prive-de-vin-et-dhuile-dolive-au-depart-dathenes\/#primaryimage\"},\"thumbnailUrl\":\"https:\/\/tourtravelandmore.com\/wp-content\/uploads\/2022\/05\/image2-6.jpg\",\"datePublished\":\"2022-05-11T15:33:06+00:00\",\"dateModified\":\"2022-05-11T17:10:48+00:00\",\"description\":\"Circuit priv\u00e9 sur le vin et l'huile d'olive en Gr\u00e8ce. Au d\u00e9part d'Ath\u00e8nes, nous visiterons les r\u00e9gions viticoles et les producteurs d'huile d'olive les plus c\u00e9l\u00e8bres. Profitez d'une exp\u00e9rience unique\",\"breadcrumb\":{\"@id\":\"https:\/\/tourtravelandmore.com\/fr\/tours\/grece-fr\/athenes-fr\/circuit-prive-de-vin-et-dhuile-dolive-au-depart-dathenes\/#breadcrumb\"},\"inLanguage\":\"fr-FR\",\"potentialAction\":[{\"@type\":\"ReadAction\",\"target\":[\"https:\/\/tourtravelandmore.com\/fr\/tours\/grece-fr\/athenes-fr\/circuit-prive-de-vin-et-dhuile-dolive-au-depart-dathenes\/\"]}]},{\"@type\":\"ImageObject\",\"inLanguage\":\"fr-FR\",\"@id\":\"https:\/\/tourtravelandmore.com\/fr\/tours\/grece-fr\/athenes-fr\/circuit-prive-de-vin-et-dhuile-dolive-au-depart-dathenes\/#primaryimage\",\"url\":\"https:\/\/tourtravelandmore.com\/wp-content\/uploads\/2022\/05\/image2-6.jpg\",\"contentUrl\":\"https:\/\/tourtravelandmore.com\/wp-content\/uploads\/2022\/05\/image2-6.jpg\",\"width\":1250,\"height\":750},{\"@type\":\"BreadcrumbList\",\"@id\":\"https:\/\/tourtravelandmore.com\/fr\/tours\/grece-fr\/athenes-fr\/circuit-prive-de-vin-et-dhuile-dolive-au-depart-dathenes\/#breadcrumb\",\"itemListElement\":[{\"@type\":\"ListItem\",\"position\":1,\"name\":\"Home\",\"item\":\"https:\/\/tourtravelandmore.com\/fr\/\"},{\"@type\":\"ListItem\",\"position\":2,\"name\":\"Tours\",\"item\":\"https:\/\/tourtravelandmore.com\/fr\/tours\/\"},{\"@type\":\"ListItem\",\"position\":3,\"name\":\"Circuit priv\u00e9 de vin et d&rsquo;huile d&rsquo;olive au d\u00e9part d&rsquo;Ath\u00e8nes\"}]},{\"@type\":\"WebSite\",\"@id\":\"https:\/\/tourtravelandmore.com\/fr\/#website\",\"url\":\"https:\/\/tourtravelandmore.com\/fr\/\",\"name\":\"Tour Travel And More\",\"description\":\"Private sightseeing tours and luxury transfers in Spain\",\"publisher\":{\"@id\":\"https:\/\/tourtravelandmore.com\/fr\/#organization\"},\"potentialAction\":[{\"@type\":\"SearchAction\",\"target\":{\"@type\":\"EntryPoint\",\"urlTemplate\":\"https:\/\/tourtravelandmore.com\/fr\/?s={search_term_string}\"},\"query-input\":{\"@type\":\"PropertyValueSpecification\",\"valueRequired\":true,\"valueName\":\"search_term_string\"}}],\"inLanguage\":\"fr-FR\"},{\"@type\":\"Organization\",\"@id\":\"https:\/\/tourtravelandmore.com\/fr\/#organization\",\"name\":\"Tour Travel And More\",\"url\":\"https:\/\/tourtravelandmore.com\/fr\/\",\"logo\":{\"@type\":\"ImageObject\",\"inLanguage\":\"fr-FR\",\"@id\":\"https:\/\/tourtravelandmore.com\/fr\/#\/schema\/logo\/image\/\",\"url\":\"https:\/\/tourtravelandmore.com\/wp-content\/uploads\/2022\/12\/cropped-logo-cabecera-new.png\",\"contentUrl\":\"https:\/\/tourtravelandmore.com\/wp-content\/uploads\/2022\/12\/cropped-logo-cabecera-new.png\",\"width\":430,\"height\":61,\"caption\":\"Tour Travel And More\"},\"image\":{\"@id\":\"https:\/\/tourtravelandmore.com\/fr\/#\/schema\/logo\/image\/\"},\"sameAs\":[\"https:\/\/www.facebook.com\/tourtravelandmore\/\",\"https:\/\/x.com\/TourTravel_More\"]}]}<\/script>\n<!-- \/ Yoast SEO Premium plugin. -->","yoast_head_json":{"title":"Visite priv\u00e9e de d\u00e9gustation de vin et d'huile d'olive \u00e0 Ath\u00e8nes | Tour Travel & More","description":"Circuit priv\u00e9 sur le vin et l'huile d'olive en Gr\u00e8ce. Au d\u00e9part d'Ath\u00e8nes, nous visiterons les r\u00e9gions viticoles et les producteurs d'huile d'olive les plus c\u00e9l\u00e8bres. Profitez d'une exp\u00e9rience unique","robots":{"index":"index","follow":"follow","max-snippet":"max-snippet:-1","max-image-preview":"max-image-preview:large","max-video-preview":"max-video-preview:-1"},"canonical":"https:\/\/tourtravelandmore.com\/fr\/tours\/grece-fr\/athenes-fr\/circuit-prive-de-vin-et-dhuile-dolive-au-depart-dathenes\/","og_locale":"fr_FR","og_type":"article","og_title":"Circuit priv\u00e9 de vin et d'huile d'olive au d\u00e9part d'Ath\u00e8nes","og_description":"Circuit priv\u00e9 sur le vin et l'huile d'olive en Gr\u00e8ce. Au d\u00e9part d'Ath\u00e8nes, nous visiterons les r\u00e9gions viticoles et les producteurs d'huile d'olive les plus c\u00e9l\u00e8bres. Profitez d'une exp\u00e9rience unique","og_url":"https:\/\/tourtravelandmore.com\/fr\/tours\/grece-fr\/athenes-fr\/circuit-prive-de-vin-et-dhuile-dolive-au-depart-dathenes\/","og_site_name":"Tour Travel And More","article_publisher":"https:\/\/www.facebook.com\/tourtravelandmore\/","article_modified_time":"2022-05-11T17:10:48+00:00","og_image":[{"width":1250,"height":750,"url":"https:\/\/tourtravelandmore.com\/wp-content\/uploads\/2022\/05\/image2-6.jpg","type":"image\/jpeg"}],"twitter_card":"summary_large_image","twitter_site":"@TourTravel_More","twitter_misc":{"Dur\u00e9e de lecture estim\u00e9e":"3 minutes"},"schema":{"@context":"https:\/\/schema.org","@graph":[{"@type":"WebPage","@id":"https:\/\/tourtravelandmore.com\/fr\/tours\/grece-fr\/athenes-fr\/circuit-prive-de-vin-et-dhuile-dolive-au-depart-dathenes\/","url":"https:\/\/tourtravelandmore.com\/fr\/tours\/grece-fr\/athenes-fr\/circuit-prive-de-vin-et-dhuile-dolive-au-depart-dathenes\/","name":"Visite priv\u00e9e de d\u00e9gustation de vin et d'huile d'olive \u00e0 Ath\u00e8nes | Tour Travel & More","isPartOf":{"@id":"https:\/\/tourtravelandmore.com\/fr\/#website"},"primaryImageOfPage":{"@id":"https:\/\/tourtravelandmore.com\/fr\/tours\/grece-fr\/athenes-fr\/circuit-prive-de-vin-et-dhuile-dolive-au-depart-dathenes\/#primaryimage"},"image":{"@id":"https:\/\/tourtravelandmore.com\/fr\/tours\/grece-fr\/athenes-fr\/circuit-prive-de-vin-et-dhuile-dolive-au-depart-dathenes\/#primaryimage"},"thumbnailUrl":"https:\/\/tourtravelandmore.com\/wp-content\/uploads\/2022\/05\/image2-6.jpg","datePublished":"2022-05-11T15:33:06+00:00","dateModified":"2022-05-11T17:10:48+00:00","description":"Circuit priv\u00e9 sur le vin et l'huile d'olive en Gr\u00e8ce. Au d\u00e9part d'Ath\u00e8nes, nous visiterons les r\u00e9gions viticoles et les producteurs d'huile d'olive les plus c\u00e9l\u00e8bres. Profitez d'une exp\u00e9rience unique","breadcrumb":{"@id":"https:\/\/tourtravelandmore.com\/fr\/tours\/grece-fr\/athenes-fr\/circuit-prive-de-vin-et-dhuile-dolive-au-depart-dathenes\/#breadcrumb"},"inLanguage":"fr-FR","potentialAction":[{"@type":"ReadAction","target":["https:\/\/tourtravelandmore.com\/fr\/tours\/grece-fr\/athenes-fr\/circuit-prive-de-vin-et-dhuile-dolive-au-depart-dathenes\/"]}]},{"@type":"ImageObject","inLanguage":"fr-FR","@id":"https:\/\/tourtravelandmore.com\/fr\/tours\/grece-fr\/athenes-fr\/circuit-prive-de-vin-et-dhuile-dolive-au-depart-dathenes\/#primaryimage","url":"https:\/\/tourtravelandmore.com\/wp-content\/uploads\/2022\/05\/image2-6.jpg","contentUrl":"https:\/\/tourtravelandmore.com\/wp-content\/uploads\/2022\/05\/image2-6.jpg","width":1250,"height":750},{"@type":"BreadcrumbList","@id":"https:\/\/tourtravelandmore.com\/fr\/tours\/grece-fr\/athenes-fr\/circuit-prive-de-vin-et-dhuile-dolive-au-depart-dathenes\/#breadcrumb","itemListElement":[{"@type":"ListItem","position":1,"name":"Home","item":"https:\/\/tourtravelandmore.com\/fr\/"},{"@type":"ListItem","position":2,"name":"Tours","item":"https:\/\/tourtravelandmore.com\/fr\/tours\/"},{"@type":"ListItem","position":3,"name":"Circuit priv\u00e9 de vin et d&rsquo;huile d&rsquo;olive au d\u00e9part d&rsquo;Ath\u00e8nes"}]},{"@type":"WebSite","@id":"https:\/\/tourtravelandmore.com\/fr\/#website","url":"https:\/\/tourtravelandmore.com\/fr\/","name":"Tour Travel And More","description":"Private sightseeing tours and luxury transfers in Spain","publisher":{"@id":"https:\/\/tourtravelandmore.com\/fr\/#organization"},"potentialAction":[{"@type":"SearchAction","target":{"@type":"EntryPoint","urlTemplate":"https:\/\/tourtravelandmore.com\/fr\/?s={search_term_string}"},"query-input":{"@type":"PropertyValueSpecification","valueRequired":true,"valueName":"search_term_string"}}],"inLanguage":"fr-FR"},{"@type":"Organization","@id":"https:\/\/tourtravelandmore.com\/fr\/#organization","name":"Tour Travel And More","url":"https:\/\/tourtravelandmore.com\/fr\/","logo":{"@type":"ImageObject","inLanguage":"fr-FR","@id":"https:\/\/tourtravelandmore.com\/fr\/#\/schema\/logo\/image\/","url":"https:\/\/tourtravelandmore.com\/wp-content\/uploads\/2022\/12\/cropped-logo-cabecera-new.png","contentUrl":"https:\/\/tourtravelandmore.com\/wp-content\/uploads\/2022\/12\/cropped-logo-cabecera-new.png","width":430,"height":61,"caption":"Tour Travel And More"},"image":{"@id":"https:\/\/tourtravelandmore.com\/fr\/#\/schema\/logo\/image\/"},"sameAs":["https:\/\/www.facebook.com\/tourtravelandmore\/","https:\/\/x.com\/TourTravel_More"]}]}},"_links":{"self":[{"href":"https:\/\/tourtravelandmore.com\/fr\/wp-json\/wp\/v2\/product\/125713","targetHints":{"allow":["GET"]}}],"collection":[{"href":"https:\/\/tourtravelandmore.com\/fr\/wp-json\/wp\/v2\/product"}],"about":[{"href":"https:\/\/tourtravelandmore.com\/fr\/wp-json\/wp\/v2\/types\/product"}],"replies":[{"embeddable":true,"href":"https:\/\/tourtravelandmore.com\/fr\/wp-json\/wp\/v2\/comments?post=125713"}],"wp:featuredmedia":[{"embeddable":true,"href":"https:\/\/tourtravelandmore.com\/fr\/wp-json\/wp\/v2\/media\/125726"}],"wp:attachment":[{"href":"https:\/\/tourtravelandmore.com\/fr\/wp-json\/wp\/v2\/media?parent=125713"}],"wp:term":[{"taxonomy":"product_brand","embeddable":true,"href":"https:\/\/tourtravelandmore.com\/fr\/wp-json\/wp\/v2\/product_brand?post=125713"},{"taxonomy":"product_cat","embeddable":true,"href":"https:\/\/tourtravelandmore.com\/fr\/wp-json\/wp\/v2\/product_cat?post=125713"},{"taxonomy":"product_tag","embeddable":true,"href":"https:\/\/tourtravelandmore.com\/fr\/wp-json\/wp\/v2\/product_tag?post=125713"}],"curies":[{"name":"wp","href":"https:\/\/api.w.org\/{rel}","templated":true}]}}