{"id":125677,"date":"2022-05-11T16:52:07","date_gmt":"2022-05-11T14:52:12","guid":{"rendered":"https:\/\/tourtravelandmore.com\/?post_type=product&#038;p=125677"},"modified":"2022-05-11T17:31:48","modified_gmt":"2022-05-11T15:31:48","slug":"circuit-prive-de-2-jours-a-delphes-meterora-au-depart-dathenes","status":"publish","type":"product","link":"https:\/\/tourtravelandmore.com\/fr\/tours\/grece-fr\/athenes-fr\/circuit-prive-de-2-jours-a-delphes-meterora-au-depart-dathenes\/","title":{"rendered":"Circuit priv\u00e9 de 2 jours \u00e0 Delphes Meterora au d\u00e9part d&#8217;Ath\u00e8nes"},"content":{"rendered":"<h2><b>Jour 1 : D\u00e9part d&#8217;Ath\u00e8nes et visite de Delphes<\/b><\/h2>\n<p><span style=\"font-weight: 400;\">Visitez cette belle ville appel\u00e9e Delphes avec un guide pendant 2 heures. Les droits d&#8217;entr\u00e9e \u00e0 Delphes sont inclus<\/span><\/p>\n<p><span style=\"font-weight: 400;\">Delphes est une ville grecque situ\u00e9e dans la r\u00e9gion de Thessalie, au centre du pays. C&#8217;est l&#8217;un des sites arch\u00e9ologiques les plus importants de Gr\u00e8ce et il est inscrit au patrimoine mondial de l&#8217;UNESCO.<\/span><\/p>\n<p><span style=\"font-weight: 400;\">Les billets pour Delphes sont inclus dans votre visite guid\u00e9e de cette ville \u00e0 l&#8217;histoire mill\u00e9naire. Pendant 2 heures, vous vous prom\u00e8nerez dans ses rues et sur ses places, en admirant les ruines de l&#8217;ancienne ville et le merveilleux paysage qui l&#8217;entoure.<\/span><\/p>\n<p><span style=\"font-weight: 400;\">Avec une visite guid\u00e9e de Delphes, vous vivrez une exp\u00e9rience compl\u00e8te et inoubliable. Vous pourrez voir tout ce que cette ancienne ville a \u00e0 offrir et apprendre son histoire.<\/span><\/p>\n<h3><b>Votre chauffeur vous emm\u00e8nera \u00e0 Meteora depuis Delphes.<\/b><\/h3>\n<p><span style=\"font-weight: 400;\">Les M\u00e9t\u00e9ores sont l&#8217;un des plus beaux sites de Gr\u00e8ce. Si vous voulez le visiter, mais ne voulez pas manquer les explications du guide, vous pouvez louer le service d&#8217;un chauffeur priv\u00e9. Il vous emm\u00e8nera de Delphes \u00e0 Meteora, et vous pourrez profiter des sites touristiques sans avoir \u00e0 vous soucier de quoi que ce soit.<\/span><\/p>\n<p><span style=\"font-weight: 400;\">Nuit\u00e9e pr\u00e8s de Meteora (h\u00e9bergement non compris).<\/span><\/p>\n<h2><b>Jour 2 : Visite des M\u00e9t\u00e9ores<\/b><\/h2>\n<p><span style=\"font-weight: 400;\">Apr\u00e8s le petit-d\u00e9jeuner (non inclus), nous partons pour notre visite des M\u00e9t\u00e9ores. Notre guide touristique nous conduira aux 2 monast\u00e8res que nous visiterons. Les M\u00e9t\u00e9ores sont une r\u00e9gion de Gr\u00e8ce connue pour ses formations rocheuses uniques et impressionnantes. Les rochers abritent une s\u00e9rie de monast\u00e8res qui ont \u00e9t\u00e9 construits au 14\u00e8me si\u00e8cle. Les monast\u00e8res sont perch\u00e9s en haut des rochers et on ne peut y acc\u00e9der que par une \u00e9chelle ou une corde. Votre guide touristique vous expliquera et vous guidera \u00e0 travers les monast\u00e8res, ce sera une exp\u00e9rience inoubliable.<\/span><\/p>\n<p><span style=\"font-weight: 400;\">Guide pendant 3 heures. Visite de 3 monast\u00e8res<\/span><\/p>\n<h3><span style=\"color: #d3af37;\"><b>Retour \u00e0 Ath\u00e8nes<\/b><\/span><\/h3>\n<p><span style=\"font-weight: 400;\">Votre chauffeur priv\u00e9 et votre v\u00e9hicule vous ram\u00e8neront \u00e0 votre point de d\u00e9part \u00e0 Ath\u00e8nes.<\/span><\/p>\n<p><span style=\"font-weight: 400;\">Si vous souhaitez en savoir plus sur la Gr\u00e8ce et tout ce que ce pays charg\u00e9 d&#8217;histoire a marqu\u00e9 un avant et un apr\u00e8s dans le monde, n&#8217;h\u00e9sitez pas \u00e0 consulter l&#8217;une de nos<\/span><a href=\"https:\/\/tourtravelandmore.com\/fr\/city\/grece-fr\/athenes-fr\/\"><span style=\"font-weight: 400;\"> visites priv\u00e9es \u00e0 Ath\u00e8nes<\/span><\/a><span style=\"font-weight: 400;\">, ce sera une exp\u00e9rience inoubliable.<\/span><\/p>\n","protected":false},"excerpt":{"rendered":"<p><span style=\"font-weight: 400;\">D\u00e9couvrez les merveilles de la Gr\u00e8ce lors d&#8217;une visite priv\u00e9e de deux jours \u00e0 Delphes et aux M\u00e9t\u00e9ores. Visitez les ruines d&#8217;Ath\u00e8nes, le Parth\u00e9non, le site sacr\u00e9 de Zeus \u00e0 Olympie et les monast\u00e8res de Meteora, un site class\u00e9 au patrimoine mondial de l&#8217;UNESCO. <\/span><\/p>\n","protected":false},"featured_media":125687,"comment_status":"open","ping_status":"closed","template":"","meta":{"_acf_changed":false},"product_brand":[],"product_cat":[3764],"product_tag":[],"class_list":{"0":"post-125677","1":"product","2":"type-product","3":"status-publish","4":"has-post-thumbnail","6":"product_cat-athenes-fr","8":"first","9":"instock","10":"shipping-taxable","11":"purchasable","12":"product-type-simple"},"acf":[],"yoast_head":"<!-- This site is optimized with the Yoast SEO Premium plugin v25.3.1 (Yoast SEO v25.3.1) - https:\/\/yoast.com\/wordpress\/plugins\/seo\/ -->\n<title>2 jours de visite priv\u00e9e \u00e0 Delphes Meterora depuis Ath\u00e8nes : TTM<\/title>\n<meta name=\"description\" content=\"D\u00e9couvrez les merveilles de la Gr\u00e8ce lors d&#039;une visite priv\u00e9e de deux jours \u00e0 Delphes et aux M\u00e9t\u00e9ores.\" \/>\n<meta name=\"robots\" content=\"index, follow, max-snippet:-1, max-image-preview:large, max-video-preview:-1\" \/>\n<link rel=\"canonical\" href=\"https:\/\/tourtravelandmore.com\/fr\/tours\/grece-fr\/athenes-fr\/circuit-prive-de-2-jours-a-delphes-meterora-au-depart-dathenes\/\" \/>\n<meta property=\"og:locale\" content=\"fr_FR\" \/>\n<meta property=\"og:type\" content=\"article\" \/>\n<meta property=\"og:title\" content=\"Circuit priv\u00e9 de 2 jours \u00e0 Delphes Meterora au d\u00e9part d&#039;Ath\u00e8nes\" \/>\n<meta property=\"og:description\" content=\"D\u00e9couvrez les merveilles de la Gr\u00e8ce lors d&#039;une visite priv\u00e9e de deux jours \u00e0 Delphes et aux M\u00e9t\u00e9ores.\" \/>\n<meta property=\"og:url\" content=\"https:\/\/tourtravelandmore.com\/fr\/tours\/grece-fr\/athenes-fr\/circuit-prive-de-2-jours-a-delphes-meterora-au-depart-dathenes\/\" \/>\n<meta property=\"og:site_name\" content=\"Tour Travel And More\" \/>\n<meta property=\"article:publisher\" content=\"https:\/\/www.facebook.com\/tourtravelandmore\/\" \/>\n<meta property=\"article:modified_time\" content=\"2022-05-11T15:31:48+00:00\" \/>\n<meta property=\"og:image\" content=\"https:\/\/tourtravelandmore.com\/wp-content\/uploads\/2022\/05\/image1-5.jpg\" \/>\n\t<meta property=\"og:image:width\" content=\"1250\" \/>\n\t<meta property=\"og:image:height\" content=\"750\" \/>\n\t<meta property=\"og:image:type\" content=\"image\/jpeg\" \/>\n<meta name=\"twitter:card\" content=\"summary_large_image\" \/>\n<meta name=\"twitter:site\" content=\"@TourTravel_More\" \/>\n<meta name=\"twitter:label1\" content=\"Dur\u00e9e de lecture estim\u00e9e\" \/>\n\t<meta name=\"twitter:data1\" content=\"2 minutes\" \/>\n<script type=\"application\/ld+json\" class=\"yoast-schema-graph\">{\"@context\":\"https:\/\/schema.org\",\"@graph\":[{\"@type\":\"WebPage\",\"@id\":\"https:\/\/tourtravelandmore.com\/fr\/tours\/grece-fr\/athenes-fr\/circuit-prive-de-2-jours-a-delphes-meterora-au-depart-dathenes\/\",\"url\":\"https:\/\/tourtravelandmore.com\/fr\/tours\/grece-fr\/athenes-fr\/circuit-prive-de-2-jours-a-delphes-meterora-au-depart-dathenes\/\",\"name\":\"2 jours de visite priv\u00e9e \u00e0 Delphes Meterora depuis Ath\u00e8nes : TTM\",\"isPartOf\":{\"@id\":\"https:\/\/tourtravelandmore.com\/fr\/#website\"},\"primaryImageOfPage\":{\"@id\":\"https:\/\/tourtravelandmore.com\/fr\/tours\/grece-fr\/athenes-fr\/circuit-prive-de-2-jours-a-delphes-meterora-au-depart-dathenes\/#primaryimage\"},\"image\":{\"@id\":\"https:\/\/tourtravelandmore.com\/fr\/tours\/grece-fr\/athenes-fr\/circuit-prive-de-2-jours-a-delphes-meterora-au-depart-dathenes\/#primaryimage\"},\"thumbnailUrl\":\"https:\/\/tourtravelandmore.com\/wp-content\/uploads\/2022\/05\/image1-5.jpg\",\"datePublished\":\"2022-05-11T14:52:12+00:00\",\"dateModified\":\"2022-05-11T15:31:48+00:00\",\"description\":\"D\u00e9couvrez les merveilles de la Gr\u00e8ce lors d'une visite priv\u00e9e de deux jours \u00e0 Delphes et aux M\u00e9t\u00e9ores.\",\"breadcrumb\":{\"@id\":\"https:\/\/tourtravelandmore.com\/fr\/tours\/grece-fr\/athenes-fr\/circuit-prive-de-2-jours-a-delphes-meterora-au-depart-dathenes\/#breadcrumb\"},\"inLanguage\":\"fr-FR\",\"potentialAction\":[{\"@type\":\"ReadAction\",\"target\":[\"https:\/\/tourtravelandmore.com\/fr\/tours\/grece-fr\/athenes-fr\/circuit-prive-de-2-jours-a-delphes-meterora-au-depart-dathenes\/\"]}]},{\"@type\":\"ImageObject\",\"inLanguage\":\"fr-FR\",\"@id\":\"https:\/\/tourtravelandmore.com\/fr\/tours\/grece-fr\/athenes-fr\/circuit-prive-de-2-jours-a-delphes-meterora-au-depart-dathenes\/#primaryimage\",\"url\":\"https:\/\/tourtravelandmore.com\/wp-content\/uploads\/2022\/05\/image1-5.jpg\",\"contentUrl\":\"https:\/\/tourtravelandmore.com\/wp-content\/uploads\/2022\/05\/image1-5.jpg\",\"width\":1250,\"height\":750},{\"@type\":\"BreadcrumbList\",\"@id\":\"https:\/\/tourtravelandmore.com\/fr\/tours\/grece-fr\/athenes-fr\/circuit-prive-de-2-jours-a-delphes-meterora-au-depart-dathenes\/#breadcrumb\",\"itemListElement\":[{\"@type\":\"ListItem\",\"position\":1,\"name\":\"Home\",\"item\":\"https:\/\/tourtravelandmore.com\/fr\/\"},{\"@type\":\"ListItem\",\"position\":2,\"name\":\"Tours\",\"item\":\"https:\/\/tourtravelandmore.com\/fr\/tours\/\"},{\"@type\":\"ListItem\",\"position\":3,\"name\":\"Circuit priv\u00e9 de 2 jours \u00e0 Delphes Meterora au d\u00e9part d&#8217;Ath\u00e8nes\"}]},{\"@type\":\"WebSite\",\"@id\":\"https:\/\/tourtravelandmore.com\/fr\/#website\",\"url\":\"https:\/\/tourtravelandmore.com\/fr\/\",\"name\":\"Tour Travel And More\",\"description\":\"Private sightseeing tours and luxury transfers in Spain\",\"publisher\":{\"@id\":\"https:\/\/tourtravelandmore.com\/fr\/#organization\"},\"potentialAction\":[{\"@type\":\"SearchAction\",\"target\":{\"@type\":\"EntryPoint\",\"urlTemplate\":\"https:\/\/tourtravelandmore.com\/fr\/?s={search_term_string}\"},\"query-input\":{\"@type\":\"PropertyValueSpecification\",\"valueRequired\":true,\"valueName\":\"search_term_string\"}}],\"inLanguage\":\"fr-FR\"},{\"@type\":\"Organization\",\"@id\":\"https:\/\/tourtravelandmore.com\/fr\/#organization\",\"name\":\"Tour Travel And More\",\"url\":\"https:\/\/tourtravelandmore.com\/fr\/\",\"logo\":{\"@type\":\"ImageObject\",\"inLanguage\":\"fr-FR\",\"@id\":\"https:\/\/tourtravelandmore.com\/fr\/#\/schema\/logo\/image\/\",\"url\":\"https:\/\/tourtravelandmore.com\/wp-content\/uploads\/2022\/12\/cropped-logo-cabecera-new.png\",\"contentUrl\":\"https:\/\/tourtravelandmore.com\/wp-content\/uploads\/2022\/12\/cropped-logo-cabecera-new.png\",\"width\":430,\"height\":61,\"caption\":\"Tour Travel And More\"},\"image\":{\"@id\":\"https:\/\/tourtravelandmore.com\/fr\/#\/schema\/logo\/image\/\"},\"sameAs\":[\"https:\/\/www.facebook.com\/tourtravelandmore\/\",\"https:\/\/x.com\/TourTravel_More\"]}]}<\/script>\n<!-- \/ Yoast SEO Premium plugin. -->","yoast_head_json":{"title":"2 jours de visite priv\u00e9e \u00e0 Delphes Meterora depuis Ath\u00e8nes : TTM","description":"D\u00e9couvrez les merveilles de la Gr\u00e8ce lors d'une visite priv\u00e9e de deux jours \u00e0 Delphes et aux M\u00e9t\u00e9ores.","robots":{"index":"index","follow":"follow","max-snippet":"max-snippet:-1","max-image-preview":"max-image-preview:large","max-video-preview":"max-video-preview:-1"},"canonical":"https:\/\/tourtravelandmore.com\/fr\/tours\/grece-fr\/athenes-fr\/circuit-prive-de-2-jours-a-delphes-meterora-au-depart-dathenes\/","og_locale":"fr_FR","og_type":"article","og_title":"Circuit priv\u00e9 de 2 jours \u00e0 Delphes Meterora au d\u00e9part d'Ath\u00e8nes","og_description":"D\u00e9couvrez les merveilles de la Gr\u00e8ce lors d'une visite priv\u00e9e de deux jours \u00e0 Delphes et aux M\u00e9t\u00e9ores.","og_url":"https:\/\/tourtravelandmore.com\/fr\/tours\/grece-fr\/athenes-fr\/circuit-prive-de-2-jours-a-delphes-meterora-au-depart-dathenes\/","og_site_name":"Tour Travel And More","article_publisher":"https:\/\/www.facebook.com\/tourtravelandmore\/","article_modified_time":"2022-05-11T15:31:48+00:00","og_image":[{"width":1250,"height":750,"url":"https:\/\/tourtravelandmore.com\/wp-content\/uploads\/2022\/05\/image1-5.jpg","type":"image\/jpeg"}],"twitter_card":"summary_large_image","twitter_site":"@TourTravel_More","twitter_misc":{"Dur\u00e9e de lecture estim\u00e9e":"2 minutes"},"schema":{"@context":"https:\/\/schema.org","@graph":[{"@type":"WebPage","@id":"https:\/\/tourtravelandmore.com\/fr\/tours\/grece-fr\/athenes-fr\/circuit-prive-de-2-jours-a-delphes-meterora-au-depart-dathenes\/","url":"https:\/\/tourtravelandmore.com\/fr\/tours\/grece-fr\/athenes-fr\/circuit-prive-de-2-jours-a-delphes-meterora-au-depart-dathenes\/","name":"2 jours de visite priv\u00e9e \u00e0 Delphes Meterora depuis Ath\u00e8nes : TTM","isPartOf":{"@id":"https:\/\/tourtravelandmore.com\/fr\/#website"},"primaryImageOfPage":{"@id":"https:\/\/tourtravelandmore.com\/fr\/tours\/grece-fr\/athenes-fr\/circuit-prive-de-2-jours-a-delphes-meterora-au-depart-dathenes\/#primaryimage"},"image":{"@id":"https:\/\/tourtravelandmore.com\/fr\/tours\/grece-fr\/athenes-fr\/circuit-prive-de-2-jours-a-delphes-meterora-au-depart-dathenes\/#primaryimage"},"thumbnailUrl":"https:\/\/tourtravelandmore.com\/wp-content\/uploads\/2022\/05\/image1-5.jpg","datePublished":"2022-05-11T14:52:12+00:00","dateModified":"2022-05-11T15:31:48+00:00","description":"D\u00e9couvrez les merveilles de la Gr\u00e8ce lors d'une visite priv\u00e9e de deux jours \u00e0 Delphes et aux M\u00e9t\u00e9ores.","breadcrumb":{"@id":"https:\/\/tourtravelandmore.com\/fr\/tours\/grece-fr\/athenes-fr\/circuit-prive-de-2-jours-a-delphes-meterora-au-depart-dathenes\/#breadcrumb"},"inLanguage":"fr-FR","potentialAction":[{"@type":"ReadAction","target":["https:\/\/tourtravelandmore.com\/fr\/tours\/grece-fr\/athenes-fr\/circuit-prive-de-2-jours-a-delphes-meterora-au-depart-dathenes\/"]}]},{"@type":"ImageObject","inLanguage":"fr-FR","@id":"https:\/\/tourtravelandmore.com\/fr\/tours\/grece-fr\/athenes-fr\/circuit-prive-de-2-jours-a-delphes-meterora-au-depart-dathenes\/#primaryimage","url":"https:\/\/tourtravelandmore.com\/wp-content\/uploads\/2022\/05\/image1-5.jpg","contentUrl":"https:\/\/tourtravelandmore.com\/wp-content\/uploads\/2022\/05\/image1-5.jpg","width":1250,"height":750},{"@type":"BreadcrumbList","@id":"https:\/\/tourtravelandmore.com\/fr\/tours\/grece-fr\/athenes-fr\/circuit-prive-de-2-jours-a-delphes-meterora-au-depart-dathenes\/#breadcrumb","itemListElement":[{"@type":"ListItem","position":1,"name":"Home","item":"https:\/\/tourtravelandmore.com\/fr\/"},{"@type":"ListItem","position":2,"name":"Tours","item":"https:\/\/tourtravelandmore.com\/fr\/tours\/"},{"@type":"ListItem","position":3,"name":"Circuit priv\u00e9 de 2 jours \u00e0 Delphes Meterora au d\u00e9part d&#8217;Ath\u00e8nes"}]},{"@type":"WebSite","@id":"https:\/\/tourtravelandmore.com\/fr\/#website","url":"https:\/\/tourtravelandmore.com\/fr\/","name":"Tour Travel And More","description":"Private sightseeing tours and luxury transfers in Spain","publisher":{"@id":"https:\/\/tourtravelandmore.com\/fr\/#organization"},"potentialAction":[{"@type":"SearchAction","target":{"@type":"EntryPoint","urlTemplate":"https:\/\/tourtravelandmore.com\/fr\/?s={search_term_string}"},"query-input":{"@type":"PropertyValueSpecification","valueRequired":true,"valueName":"search_term_string"}}],"inLanguage":"fr-FR"},{"@type":"Organization","@id":"https:\/\/tourtravelandmore.com\/fr\/#organization","name":"Tour Travel And More","url":"https:\/\/tourtravelandmore.com\/fr\/","logo":{"@type":"ImageObject","inLanguage":"fr-FR","@id":"https:\/\/tourtravelandmore.com\/fr\/#\/schema\/logo\/image\/","url":"https:\/\/tourtravelandmore.com\/wp-content\/uploads\/2022\/12\/cropped-logo-cabecera-new.png","contentUrl":"https:\/\/tourtravelandmore.com\/wp-content\/uploads\/2022\/12\/cropped-logo-cabecera-new.png","width":430,"height":61,"caption":"Tour Travel And More"},"image":{"@id":"https:\/\/tourtravelandmore.com\/fr\/#\/schema\/logo\/image\/"},"sameAs":["https:\/\/www.facebook.com\/tourtravelandmore\/","https:\/\/x.com\/TourTravel_More"]}]}},"_links":{"self":[{"href":"https:\/\/tourtravelandmore.com\/fr\/wp-json\/wp\/v2\/product\/125677","targetHints":{"allow":["GET"]}}],"collection":[{"href":"https:\/\/tourtravelandmore.com\/fr\/wp-json\/wp\/v2\/product"}],"about":[{"href":"https:\/\/tourtravelandmore.com\/fr\/wp-json\/wp\/v2\/types\/product"}],"replies":[{"embeddable":true,"href":"https:\/\/tourtravelandmore.com\/fr\/wp-json\/wp\/v2\/comments?post=125677"}],"wp:featuredmedia":[{"embeddable":true,"href":"https:\/\/tourtravelandmore.com\/fr\/wp-json\/wp\/v2\/media\/125687"}],"wp:attachment":[{"href":"https:\/\/tourtravelandmore.com\/fr\/wp-json\/wp\/v2\/media?parent=125677"}],"wp:term":[{"taxonomy":"product_brand","embeddable":true,"href":"https:\/\/tourtravelandmore.com\/fr\/wp-json\/wp\/v2\/product_brand?post=125677"},{"taxonomy":"product_cat","embeddable":true,"href":"https:\/\/tourtravelandmore.com\/fr\/wp-json\/wp\/v2\/product_cat?post=125677"},{"taxonomy":"product_tag","embeddable":true,"href":"https:\/\/tourtravelandmore.com\/fr\/wp-json\/wp\/v2\/product_tag?post=125677"}],"curies":[{"name":"wp","href":"https:\/\/api.w.org\/{rel}","templated":true}]}}