{"id":125636,"date":"2022-05-11T16:27:09","date_gmt":"2022-05-11T14:27:15","guid":{"rendered":"https:\/\/tourtravelandmore.com\/?post_type=product&#038;p=125636"},"modified":"2022-05-11T16:50:38","modified_gmt":"2022-05-11T14:50:38","slug":"visite-privee-dune-journee-complete-des-meteores-au-depart-dathenes","status":"publish","type":"product","link":"https:\/\/tourtravelandmore.com\/fr\/tours\/grece-fr\/athenes-fr\/visite-privee-dune-journee-complete-des-meteores-au-depart-dathenes\/","title":{"rendered":"Visite priv\u00e9e d&#8217;une journ\u00e9e compl\u00e8te des M\u00e9t\u00e9ores au d\u00e9part d&#8217;Ath\u00e8nes"},"content":{"rendered":"<h2><b>Description de l&#8217;excursion priv\u00e9e d&#8217;une journ\u00e9e \u00e0 Meteora au d\u00e9part d&#8217;Ath\u00e8nes<\/b><\/h2>\n<p><span style=\"font-weight: 400;\">Les M\u00e9t\u00e9ores sont l&#8217;une des destinations touristiques les plus populaires en Gr\u00e8ce, et pour une bonne raison. Cette r\u00e9gion pittoresque de la Gr\u00e8ce centrale abrite une collection unique d&#8217;\u00e9normes monolithes de gr\u00e8s sculpt\u00e9s de mani\u00e8re complexe qui surgissent de la terre, semblant sortir de nulle part. L&#8217;histoire des M\u00e9t\u00e9ores est tout aussi fascinante que son paysage naturel, les premiers moines s&#8217;\u00e9tant install\u00e9s dans la r\u00e9gion au 11e si\u00e8cle.<\/span><\/p>\n<p><span style=\"font-weight: 400;\">Une excursion priv\u00e9e d&#8217;une journ\u00e9e au d\u00e9part d&#8217;Ath\u00e8nes est le moyen id\u00e9al de d\u00e9couvrir tout ce que les M\u00e9t\u00e9ores ont \u00e0 offrir. Vous b\u00e9n\u00e9ficierez de l&#8217;attention personnalis\u00e9e d&#8217;un guide priv\u00e9 pendant que vous explorerez les monast\u00e8res de Meteora, perch\u00e9s au sommet de falaises vertigineuses. Laissez-vous \u00e9merveiller par l&#8217;art et l&#8217;architecture byzantins expos\u00e9s et d\u00e9couvrez la vie monastique avec votre guide.<\/span><\/p>\n<p><span style=\"font-weight: 400;\">La dur\u00e9e totale de cette excursion priv\u00e9e d&#8217;une journ\u00e9e compl\u00e8te au d\u00e9part d&#8217;Ath\u00e8nes est de 14 heures. La dur\u00e9e de la conduite est de 4 heures dans chaque sens et celle de la visite priv\u00e9e de 4 heures. Le guide restera avec vous pendant 2 heures.<\/span><\/p>\n<h2><b>Points d&#8217;int\u00e9r\u00eat de l&#8217;excursion priv\u00e9e d&#8217;une journ\u00e9e dans les M\u00e9t\u00e9ores au d\u00e9part d&#8217;Ath\u00e8nes<\/b><\/h2>\n<p><span style=\"font-weight: 400;\">Les majestueux rochers des M\u00e9t\u00e9ores sont l&#8217;une des destinations touristiques les plus populaires en Gr\u00e8ce. Les amateurs de randonn\u00e9e et de nature appr\u00e9cieront de visiter la r\u00e9gion, situ\u00e9e dans le centre de la Gr\u00e8ce, car il y a beaucoup de sentiers diff\u00e9rents \u00e0 explorer dans les for\u00eats environnantes. Les imposants rochers, qui abritent 234 grottes de monast\u00e8res s&#8217;\u00e9levant dans le ciel, ont \u00e9t\u00e9 class\u00e9s au patrimoine mondial de l&#8217;UNESCO.\u00a0<\/span><\/p>\n<h3><span style=\"color: #d3af37;\"><b>Monast\u00e8res de Meteora<\/b><\/span><\/h3>\n<p><span style=\"font-weight: 400;\">Les monast\u00e8res de Meteora sont un groupe de six monast\u00e8res orthodoxes orientaux situ\u00e9s dans le centre de la Gr\u00e8ce. Ces monast\u00e8res sont construits sur des pinacles rocheux naturels en gr\u00e8s, qui font plus de 600 m\u00e8tres de haut.<\/span><\/p>\n<p><span style=\"font-weight: 400;\">De loin, les monast\u00e8res semblent flotter au sommet des falaises rocheuses, d&#8217;o\u00f9 leur nom, qui signifie &#8220;m\u00e9t\u00e9ore&#8221; en grec. Chaque monast\u00e8re a sa propre histoire et ses propres traditions, ce qui fait de la visite des M\u00e9t\u00e9ores une exp\u00e9rience unique et enrichissante.<\/span><\/p>\n<h3><span style=\"color: #d3af37;\"><b>Monast\u00e8re d&#8217;Agios Nikolaos Badovas<\/b><\/span><\/h3>\n<p><span style=\"font-weight: 400;\">Nich\u00e9 au c\u0153ur d&#8217;une vall\u00e9e entre deux cha\u00eenes de montagnes, le monast\u00e8re d&#8217;Agios Nikolaos Badovas est un spectacle \u00e0 voir. Il date du 11e si\u00e8cle et est l&#8217;un des plus anciens monast\u00e8res de Gr\u00e8ce. L&#8217;ext\u00e9rieur du monast\u00e8re est sobre, mais l&#8217;int\u00e9rieur est d\u00e9cor\u00e9 de magnifiques fresques. Le mus\u00e9e du monast\u00e8re contient de nombreux objets int\u00e9ressants, notamment un manuscrit ancien et un couteau utilis\u00e9 lors d&#8217;une tentative d&#8217;assassinat du premier ministre de l&#8217;\u00e9poque, Constantine Mitsotakis.<\/span><\/p>\n<h3><span style=\"font-weight: 400;\">\u00a0<\/span><span style=\"color: #d3af37;\"><b>Ancienne chapelle de Doupiani<\/b><\/span><\/h3>\n<p><span style=\"font-weight: 400;\">L&#8217;\u00e9glise de Panaghia Doupiani (Vierge Marie de Doupiani) a \u00e9t\u00e9 fond\u00e9e \u00e0 la fin du 12e si\u00e8cle et \u00e9tait utilis\u00e9e par les premiers moines comme le point central dans lequel tous les ermites se rassemblaient pour assister \u00e0 la liturgie du dimanche, quelque 2 si\u00e8cles avant l&#8217;id\u00e9e de construire le premier monast\u00e8re des M\u00e9t\u00e9ores.<\/span><\/p>\n<h3><span style=\"color: #d3af37;\"><b>Le village de Kastraki<\/b><\/span><\/h3>\n<p><span style=\"font-weight: 400;\">Le village de Kastraki a \u00e9t\u00e9 class\u00e9 par l&#8217;\u00c9tat grec, suite \u00e0 un d\u00e9cret pr\u00e9sidentiel, comme station traditionnelle en cours de pr\u00e9servation, pour trois fois cons\u00e9cutives ! C&#8217;est un p\u00f4le de beaut\u00e9 naturelle et de tourisme, tr\u00e8s distinct dans la grande r\u00e9gion des M\u00e9t\u00e9ores, inscrite sur la liste des sites du patrimoine culturel de l&#8217;UNESCO. Les habitants de Kastraki partagent une affection et un amour particuliers pour les fleurs. Vous pouvez voir des fleurs m\u00eame dans les cours des maisons les plus modestes. Souvent, dans les p\u00e9riodes difficiles du pass\u00e9, les m\u00e9nag\u00e8res de la r\u00e9gion fabriquaient des pots de fleurs avec des bo\u00eetes de conserve, avec lesquels elles d\u00e9coraient leurs maisons et leurs cours.<\/span><\/p>\n<p><span style=\"font-weight: 400;\">Outre les points d&#8217;int\u00e9r\u00eat que nous avons d\u00e9j\u00e0 mentionn\u00e9s, vous ferez \u00e9galement connaissance avec d&#8217;autres lieux int\u00e9ressants, comme par exemple :\u00a0<\/span><b><\/b><\/p>\n<ul>\n<li><b>la ville de Kalabaka<\/b><\/li>\n<li><b>Monast\u00e8re du Grand Meteoro<\/b><\/li>\n<li><b>Monast\u00e8re de la Sainte Trinit\u00e9<\/b><\/li>\n<li><b>Mus\u00e9e d&#8217;histoire naturelle des M\u00e9t\u00e9ores et Mus\u00e9e du champignon, et bien d&#8217;autres encore.<\/b><\/li>\n<\/ul>\n<p><span style=\"font-weight: 400;\">Enfin, nous vous ram\u00e8nerons \u00e0 Ath\u00e8nes pour vous d\u00e9poser au point convenu, apr\u00e8s que vous ayez v\u00e9cu l&#8217;une des meilleures exp\u00e9riences touristiques de votre vie.\u00a0<\/span><\/p>\n<p><span style=\"font-weight: 400;\">Si vous voulez conna\u00eetre les M\u00e9t\u00e9ores d&#8217;une mani\u00e8re encore plus personnalis\u00e9e, nous vous sugg\u00e9rons de v\u00e9rifier ce que nous vous <\/span><span style=\"font-weight: 400;\">proposons dans notre circuit priv\u00e9 de 2 jours \u00e0 Delphes et aux M\u00e9t\u00e9ores depuis Ath\u00e8nes.<\/span><\/p>\n","protected":false},"excerpt":{"rendered":"<p><span style=\"font-weight: 400;\">Passez une journ\u00e9e enti\u00e8re \u00e0 explorer les spectaculaires monast\u00e8res des M\u00e9t\u00e9ores avec un guide expert qui vous donnera un aper\u00e7u de leur histoire fascinante. Vous aurez tout le temps de vous promener dans les chapelles et les clo\u00eetres et, bien s\u00fbr, de profiter de la vue imprenable qu&#8217;offrent ces sites class\u00e9s au patrimoine mondial de l&#8217;UNESCO.<\/span><\/p>\n","protected":false},"featured_media":125652,"comment_status":"open","ping_status":"closed","template":"","meta":{"_acf_changed":false},"product_brand":[],"product_cat":[3764],"product_tag":[],"class_list":{"0":"post-125636","1":"product","2":"type-product","3":"status-publish","4":"has-post-thumbnail","6":"product_cat-athenes-fr","8":"first","9":"instock","10":"shipping-taxable","11":"purchasable","12":"product-type-simple"},"acf":[],"yoast_head":"<!-- This site is optimized with the Yoast SEO Premium plugin v25.3.1 (Yoast SEO v25.3.1) - https:\/\/yoast.com\/wordpress\/plugins\/seo\/ -->\n<title>Tour priv\u00e9 d&#039;une journ\u00e9e \u00e0 Meteora depuis Ath\u00e8nes avec guide et voiture de luxe | Tour Travel &amp; More<\/title>\n<meta name=\"description\" content=\"Prenez une journ\u00e9e enti\u00e8re pour explorer les monast\u00e8res de M\u00e9t\u00e9ora avec un guide expert. Vous d\u00e9couvrirez leur histoire et les moines fascinants qui y ont v\u00e9cu. De plus, vous aurez l&#039;occasion de visiter certains des plus beaux monast\u00e8res de Gr\u00e8ce. \u2705\" \/>\n<meta name=\"robots\" content=\"index, follow, max-snippet:-1, max-image-preview:large, max-video-preview:-1\" \/>\n<link rel=\"canonical\" href=\"https:\/\/tourtravelandmore.com\/fr\/tours\/grece-fr\/athenes-fr\/visite-privee-dune-journee-complete-des-meteores-au-depart-dathenes\/\" \/>\n<meta property=\"og:locale\" content=\"fr_FR\" \/>\n<meta property=\"og:type\" content=\"article\" \/>\n<meta property=\"og:title\" content=\"Visite priv\u00e9e d&#039;une journ\u00e9e compl\u00e8te des M\u00e9t\u00e9ores au d\u00e9part d&#039;Ath\u00e8nes\" \/>\n<meta property=\"og:description\" content=\"Prenez une journ\u00e9e enti\u00e8re pour explorer les monast\u00e8res de M\u00e9t\u00e9ora avec un guide expert. Vous d\u00e9couvrirez leur histoire et les moines fascinants qui y ont v\u00e9cu. De plus, vous aurez l&#039;occasion de visiter certains des plus beaux monast\u00e8res de Gr\u00e8ce. \u2705\" \/>\n<meta property=\"og:url\" content=\"https:\/\/tourtravelandmore.com\/fr\/tours\/grece-fr\/athenes-fr\/visite-privee-dune-journee-complete-des-meteores-au-depart-dathenes\/\" \/>\n<meta property=\"og:site_name\" content=\"Tour Travel And More\" \/>\n<meta property=\"article:publisher\" content=\"https:\/\/www.facebook.com\/tourtravelandmore\/\" \/>\n<meta property=\"article:modified_time\" content=\"2022-05-11T14:50:38+00:00\" \/>\n<meta property=\"og:image\" content=\"https:\/\/tourtravelandmore.com\/wp-content\/uploads\/2022\/05\/image3-2.png\" \/>\n\t<meta property=\"og:image:width\" content=\"900\" \/>\n\t<meta property=\"og:image:height\" content=\"680\" \/>\n\t<meta property=\"og:image:type\" content=\"image\/png\" \/>\n<meta name=\"twitter:card\" content=\"summary_large_image\" \/>\n<meta name=\"twitter:site\" content=\"@TourTravel_More\" \/>\n<meta name=\"twitter:label1\" content=\"Dur\u00e9e de lecture estim\u00e9e\" \/>\n\t<meta name=\"twitter:data1\" content=\"4 minutes\" \/>\n<script type=\"application\/ld+json\" class=\"yoast-schema-graph\">{\"@context\":\"https:\/\/schema.org\",\"@graph\":[{\"@type\":\"WebPage\",\"@id\":\"https:\/\/tourtravelandmore.com\/fr\/tours\/grece-fr\/athenes-fr\/visite-privee-dune-journee-complete-des-meteores-au-depart-dathenes\/\",\"url\":\"https:\/\/tourtravelandmore.com\/fr\/tours\/grece-fr\/athenes-fr\/visite-privee-dune-journee-complete-des-meteores-au-depart-dathenes\/\",\"name\":\"Tour priv\u00e9 d'une journ\u00e9e \u00e0 Meteora depuis Ath\u00e8nes avec guide et voiture de luxe | Tour Travel & More\",\"isPartOf\":{\"@id\":\"https:\/\/tourtravelandmore.com\/fr\/#website\"},\"primaryImageOfPage\":{\"@id\":\"https:\/\/tourtravelandmore.com\/fr\/tours\/grece-fr\/athenes-fr\/visite-privee-dune-journee-complete-des-meteores-au-depart-dathenes\/#primaryimage\"},\"image\":{\"@id\":\"https:\/\/tourtravelandmore.com\/fr\/tours\/grece-fr\/athenes-fr\/visite-privee-dune-journee-complete-des-meteores-au-depart-dathenes\/#primaryimage\"},\"thumbnailUrl\":\"https:\/\/tourtravelandmore.com\/wp-content\/uploads\/2022\/05\/image3-2.png\",\"datePublished\":\"2022-05-11T14:27:15+00:00\",\"dateModified\":\"2022-05-11T14:50:38+00:00\",\"description\":\"Prenez une journ\u00e9e enti\u00e8re pour explorer les monast\u00e8res de M\u00e9t\u00e9ora avec un guide expert. Vous d\u00e9couvrirez leur histoire et les moines fascinants qui y ont v\u00e9cu. De plus, vous aurez l'occasion de visiter certains des plus beaux monast\u00e8res de Gr\u00e8ce. \u2705\",\"breadcrumb\":{\"@id\":\"https:\/\/tourtravelandmore.com\/fr\/tours\/grece-fr\/athenes-fr\/visite-privee-dune-journee-complete-des-meteores-au-depart-dathenes\/#breadcrumb\"},\"inLanguage\":\"fr-FR\",\"potentialAction\":[{\"@type\":\"ReadAction\",\"target\":[\"https:\/\/tourtravelandmore.com\/fr\/tours\/grece-fr\/athenes-fr\/visite-privee-dune-journee-complete-des-meteores-au-depart-dathenes\/\"]}]},{\"@type\":\"ImageObject\",\"inLanguage\":\"fr-FR\",\"@id\":\"https:\/\/tourtravelandmore.com\/fr\/tours\/grece-fr\/athenes-fr\/visite-privee-dune-journee-complete-des-meteores-au-depart-dathenes\/#primaryimage\",\"url\":\"https:\/\/tourtravelandmore.com\/wp-content\/uploads\/2022\/05\/image3-2.png\",\"contentUrl\":\"https:\/\/tourtravelandmore.com\/wp-content\/uploads\/2022\/05\/image3-2.png\",\"width\":900,\"height\":680},{\"@type\":\"BreadcrumbList\",\"@id\":\"https:\/\/tourtravelandmore.com\/fr\/tours\/grece-fr\/athenes-fr\/visite-privee-dune-journee-complete-des-meteores-au-depart-dathenes\/#breadcrumb\",\"itemListElement\":[{\"@type\":\"ListItem\",\"position\":1,\"name\":\"Home\",\"item\":\"https:\/\/tourtravelandmore.com\/fr\/\"},{\"@type\":\"ListItem\",\"position\":2,\"name\":\"Tours\",\"item\":\"https:\/\/tourtravelandmore.com\/fr\/tours\/\"},{\"@type\":\"ListItem\",\"position\":3,\"name\":\"Visite priv\u00e9e d&rsquo;une journ\u00e9e compl\u00e8te des M\u00e9t\u00e9ores au d\u00e9part d&rsquo;Ath\u00e8nes\"}]},{\"@type\":\"WebSite\",\"@id\":\"https:\/\/tourtravelandmore.com\/fr\/#website\",\"url\":\"https:\/\/tourtravelandmore.com\/fr\/\",\"name\":\"Tour Travel And More\",\"description\":\"Private sightseeing tours and luxury transfers in Spain\",\"publisher\":{\"@id\":\"https:\/\/tourtravelandmore.com\/fr\/#organization\"},\"potentialAction\":[{\"@type\":\"SearchAction\",\"target\":{\"@type\":\"EntryPoint\",\"urlTemplate\":\"https:\/\/tourtravelandmore.com\/fr\/?s={search_term_string}\"},\"query-input\":{\"@type\":\"PropertyValueSpecification\",\"valueRequired\":true,\"valueName\":\"search_term_string\"}}],\"inLanguage\":\"fr-FR\"},{\"@type\":\"Organization\",\"@id\":\"https:\/\/tourtravelandmore.com\/fr\/#organization\",\"name\":\"Tour Travel And More\",\"url\":\"https:\/\/tourtravelandmore.com\/fr\/\",\"logo\":{\"@type\":\"ImageObject\",\"inLanguage\":\"fr-FR\",\"@id\":\"https:\/\/tourtravelandmore.com\/fr\/#\/schema\/logo\/image\/\",\"url\":\"https:\/\/tourtravelandmore.com\/wp-content\/uploads\/2022\/12\/cropped-logo-cabecera-new.png\",\"contentUrl\":\"https:\/\/tourtravelandmore.com\/wp-content\/uploads\/2022\/12\/cropped-logo-cabecera-new.png\",\"width\":430,\"height\":61,\"caption\":\"Tour Travel And More\"},\"image\":{\"@id\":\"https:\/\/tourtravelandmore.com\/fr\/#\/schema\/logo\/image\/\"},\"sameAs\":[\"https:\/\/www.facebook.com\/tourtravelandmore\/\",\"https:\/\/x.com\/TourTravel_More\"]}]}<\/script>\n<!-- \/ Yoast SEO Premium plugin. -->","yoast_head_json":{"title":"Tour priv\u00e9 d'une journ\u00e9e \u00e0 Meteora depuis Ath\u00e8nes avec guide et voiture de luxe | Tour Travel & More","description":"Prenez une journ\u00e9e enti\u00e8re pour explorer les monast\u00e8res de M\u00e9t\u00e9ora avec un guide expert. Vous d\u00e9couvrirez leur histoire et les moines fascinants qui y ont v\u00e9cu. De plus, vous aurez l'occasion de visiter certains des plus beaux monast\u00e8res de Gr\u00e8ce. \u2705","robots":{"index":"index","follow":"follow","max-snippet":"max-snippet:-1","max-image-preview":"max-image-preview:large","max-video-preview":"max-video-preview:-1"},"canonical":"https:\/\/tourtravelandmore.com\/fr\/tours\/grece-fr\/athenes-fr\/visite-privee-dune-journee-complete-des-meteores-au-depart-dathenes\/","og_locale":"fr_FR","og_type":"article","og_title":"Visite priv\u00e9e d'une journ\u00e9e compl\u00e8te des M\u00e9t\u00e9ores au d\u00e9part d'Ath\u00e8nes","og_description":"Prenez une journ\u00e9e enti\u00e8re pour explorer les monast\u00e8res de M\u00e9t\u00e9ora avec un guide expert. Vous d\u00e9couvrirez leur histoire et les moines fascinants qui y ont v\u00e9cu. De plus, vous aurez l'occasion de visiter certains des plus beaux monast\u00e8res de Gr\u00e8ce. \u2705","og_url":"https:\/\/tourtravelandmore.com\/fr\/tours\/grece-fr\/athenes-fr\/visite-privee-dune-journee-complete-des-meteores-au-depart-dathenes\/","og_site_name":"Tour Travel And More","article_publisher":"https:\/\/www.facebook.com\/tourtravelandmore\/","article_modified_time":"2022-05-11T14:50:38+00:00","og_image":[{"width":900,"height":680,"url":"https:\/\/tourtravelandmore.com\/wp-content\/uploads\/2022\/05\/image3-2.png","type":"image\/png"}],"twitter_card":"summary_large_image","twitter_site":"@TourTravel_More","twitter_misc":{"Dur\u00e9e de lecture estim\u00e9e":"4 minutes"},"schema":{"@context":"https:\/\/schema.org","@graph":[{"@type":"WebPage","@id":"https:\/\/tourtravelandmore.com\/fr\/tours\/grece-fr\/athenes-fr\/visite-privee-dune-journee-complete-des-meteores-au-depart-dathenes\/","url":"https:\/\/tourtravelandmore.com\/fr\/tours\/grece-fr\/athenes-fr\/visite-privee-dune-journee-complete-des-meteores-au-depart-dathenes\/","name":"Tour priv\u00e9 d'une journ\u00e9e \u00e0 Meteora depuis Ath\u00e8nes avec guide et voiture de luxe | Tour Travel & More","isPartOf":{"@id":"https:\/\/tourtravelandmore.com\/fr\/#website"},"primaryImageOfPage":{"@id":"https:\/\/tourtravelandmore.com\/fr\/tours\/grece-fr\/athenes-fr\/visite-privee-dune-journee-complete-des-meteores-au-depart-dathenes\/#primaryimage"},"image":{"@id":"https:\/\/tourtravelandmore.com\/fr\/tours\/grece-fr\/athenes-fr\/visite-privee-dune-journee-complete-des-meteores-au-depart-dathenes\/#primaryimage"},"thumbnailUrl":"https:\/\/tourtravelandmore.com\/wp-content\/uploads\/2022\/05\/image3-2.png","datePublished":"2022-05-11T14:27:15+00:00","dateModified":"2022-05-11T14:50:38+00:00","description":"Prenez une journ\u00e9e enti\u00e8re pour explorer les monast\u00e8res de M\u00e9t\u00e9ora avec un guide expert. Vous d\u00e9couvrirez leur histoire et les moines fascinants qui y ont v\u00e9cu. De plus, vous aurez l'occasion de visiter certains des plus beaux monast\u00e8res de Gr\u00e8ce. \u2705","breadcrumb":{"@id":"https:\/\/tourtravelandmore.com\/fr\/tours\/grece-fr\/athenes-fr\/visite-privee-dune-journee-complete-des-meteores-au-depart-dathenes\/#breadcrumb"},"inLanguage":"fr-FR","potentialAction":[{"@type":"ReadAction","target":["https:\/\/tourtravelandmore.com\/fr\/tours\/grece-fr\/athenes-fr\/visite-privee-dune-journee-complete-des-meteores-au-depart-dathenes\/"]}]},{"@type":"ImageObject","inLanguage":"fr-FR","@id":"https:\/\/tourtravelandmore.com\/fr\/tours\/grece-fr\/athenes-fr\/visite-privee-dune-journee-complete-des-meteores-au-depart-dathenes\/#primaryimage","url":"https:\/\/tourtravelandmore.com\/wp-content\/uploads\/2022\/05\/image3-2.png","contentUrl":"https:\/\/tourtravelandmore.com\/wp-content\/uploads\/2022\/05\/image3-2.png","width":900,"height":680},{"@type":"BreadcrumbList","@id":"https:\/\/tourtravelandmore.com\/fr\/tours\/grece-fr\/athenes-fr\/visite-privee-dune-journee-complete-des-meteores-au-depart-dathenes\/#breadcrumb","itemListElement":[{"@type":"ListItem","position":1,"name":"Home","item":"https:\/\/tourtravelandmore.com\/fr\/"},{"@type":"ListItem","position":2,"name":"Tours","item":"https:\/\/tourtravelandmore.com\/fr\/tours\/"},{"@type":"ListItem","position":3,"name":"Visite priv\u00e9e d&rsquo;une journ\u00e9e compl\u00e8te des M\u00e9t\u00e9ores au d\u00e9part d&rsquo;Ath\u00e8nes"}]},{"@type":"WebSite","@id":"https:\/\/tourtravelandmore.com\/fr\/#website","url":"https:\/\/tourtravelandmore.com\/fr\/","name":"Tour Travel And More","description":"Private sightseeing tours and luxury transfers in Spain","publisher":{"@id":"https:\/\/tourtravelandmore.com\/fr\/#organization"},"potentialAction":[{"@type":"SearchAction","target":{"@type":"EntryPoint","urlTemplate":"https:\/\/tourtravelandmore.com\/fr\/?s={search_term_string}"},"query-input":{"@type":"PropertyValueSpecification","valueRequired":true,"valueName":"search_term_string"}}],"inLanguage":"fr-FR"},{"@type":"Organization","@id":"https:\/\/tourtravelandmore.com\/fr\/#organization","name":"Tour Travel And More","url":"https:\/\/tourtravelandmore.com\/fr\/","logo":{"@type":"ImageObject","inLanguage":"fr-FR","@id":"https:\/\/tourtravelandmore.com\/fr\/#\/schema\/logo\/image\/","url":"https:\/\/tourtravelandmore.com\/wp-content\/uploads\/2022\/12\/cropped-logo-cabecera-new.png","contentUrl":"https:\/\/tourtravelandmore.com\/wp-content\/uploads\/2022\/12\/cropped-logo-cabecera-new.png","width":430,"height":61,"caption":"Tour Travel And More"},"image":{"@id":"https:\/\/tourtravelandmore.com\/fr\/#\/schema\/logo\/image\/"},"sameAs":["https:\/\/www.facebook.com\/tourtravelandmore\/","https:\/\/x.com\/TourTravel_More"]}]}},"_links":{"self":[{"href":"https:\/\/tourtravelandmore.com\/fr\/wp-json\/wp\/v2\/product\/125636","targetHints":{"allow":["GET"]}}],"collection":[{"href":"https:\/\/tourtravelandmore.com\/fr\/wp-json\/wp\/v2\/product"}],"about":[{"href":"https:\/\/tourtravelandmore.com\/fr\/wp-json\/wp\/v2\/types\/product"}],"replies":[{"embeddable":true,"href":"https:\/\/tourtravelandmore.com\/fr\/wp-json\/wp\/v2\/comments?post=125636"}],"wp:featuredmedia":[{"embeddable":true,"href":"https:\/\/tourtravelandmore.com\/fr\/wp-json\/wp\/v2\/media\/125652"}],"wp:attachment":[{"href":"https:\/\/tourtravelandmore.com\/fr\/wp-json\/wp\/v2\/media?parent=125636"}],"wp:term":[{"taxonomy":"product_brand","embeddable":true,"href":"https:\/\/tourtravelandmore.com\/fr\/wp-json\/wp\/v2\/product_brand?post=125636"},{"taxonomy":"product_cat","embeddable":true,"href":"https:\/\/tourtravelandmore.com\/fr\/wp-json\/wp\/v2\/product_cat?post=125636"},{"taxonomy":"product_tag","embeddable":true,"href":"https:\/\/tourtravelandmore.com\/fr\/wp-json\/wp\/v2\/product_tag?post=125636"}],"curies":[{"name":"wp","href":"https:\/\/api.w.org\/{rel}","templated":true}]}}