{"id":125594,"date":"2022-05-11T14:46:03","date_gmt":"2022-05-11T12:46:09","guid":{"rendered":"https:\/\/tourtravelandmore.com\/?post_type=product&#038;p=125594"},"modified":"2022-05-11T19:12:02","modified_gmt":"2022-05-11T17:12:02","slug":"visite-privee-dolympie-dune-journee-entiere-au-depart-dathenes","status":"publish","type":"product","link":"https:\/\/tourtravelandmore.com\/fr\/tours\/grece-fr\/athenes-fr\/visite-privee-dolympie-dune-journee-entiere-au-depart-dathenes\/","title":{"rendered":"Visite priv\u00e9e d&#8217;Olympie d&#8217;une journ\u00e9e enti\u00e8re au d\u00e9part d&#8217;Ath\u00e8nes"},"content":{"rendered":"<h2><b>Description de l&#8217;excursion priv\u00e9e d&#8217;une journ\u00e9e \u00e0 Olympie au d\u00e9part d&#8217;Ath\u00e8nes<\/b><\/h2>\n<p><span style=\"font-weight: 400;\">Les ruines de l&#8217;ancienne Olympie sont une destination touristique populaire en Gr\u00e8ce. Si vous vous int\u00e9ressez \u00e0 l&#8217;histoire et que vous voulez en savoir plus sur les origines des Jeux olympiques, une visite priv\u00e9e de 14 heures au d\u00e9part d&#8217;Ath\u00e8nes est le moyen id\u00e9al de d\u00e9couvrir l&#8217;Olympie <\/span><span style=\"font-weight: 400;\">d&#8217;Ath\u00e8nes est le moyen id\u00e9al pour le faire.<\/span><\/p>\n<p><span style=\"font-weight: 400;\">Votre guide vous emm\u00e8nera sur les sites historiques les plus importants, notamment le temple de Zeus, le stade et le mus\u00e9e. Vous aurez \u00e9galement beaucoup de temps pour explorer par vous-m\u00eame, et peut-\u00eatre m\u00eame pour vous baigner dans la piscine olympique !<\/span><\/p>\n<h2><b>Points d&#8217;int\u00e9r\u00eat de l&#8217;excursion priv\u00e9e d&#8217;une journ\u00e9e \u00e0 Olympie au d\u00e9part d&#8217;Ath\u00e8nes<\/b><\/h2>\n<h3><span style=\"color: #d3af37;\"><b>Olympie<\/b><\/span><\/h3>\n<p><span style=\"font-weight: 400;\">La ville antique d&#8217;Olympie est situ\u00e9e dans l&#8217;ouest du P\u00e9loponn\u00e8se, en Gr\u00e8ce. C&#8217;est le berceau des Jeux olympiques et l&#8217;une des destinations touristiques les plus populaires de Gr\u00e8ce. Olympie est situ\u00e9e dans une vall\u00e9e, entre deux cha\u00eenes de montagnes, entour\u00e9e de for\u00eats et de rivi\u00e8res. Le site contient de nombreux vestiges arch\u00e9ologiques importants tels que le temple de Zeus, le stade et le gymnase. Les touristes peuvent visiter tous ces sites antiques ainsi que quelques mus\u00e9es mineurs.<\/span><\/p>\n<h3><span style=\"color: #d3af37;\"><b>Canal de Corinthe<\/b><\/span><\/h3>\n<p><span style=\"font-weight: 400;\">L&#8217;\u00e9poustouflant canal de Corinthe est une voie de transport essentielle qui relie le golfe de Corinthe au golfe Saronique dans la mer \u00c9g\u00e9e. Cette impressionnante merveille artificielle s\u00e9pare le P\u00e9loponn\u00e8se du continent grec, et une croisi\u00e8re dans ses eaux stup\u00e9fiantes est une exp\u00e9rience que vous n&#8217;oublierez jamais.<\/span><\/p>\n<p><span style=\"font-weight: 400;\">Avec ses vues incroyables et son importance historique, une croisi\u00e8re sur le canal de Corinthe est un must pour tout visiteur de la Gr\u00e8ce.<\/span><\/p>\n<h3><span style=\"color: #d3af37;\"><b>Mus\u00e9e arch\u00e9ologique d&#8217;Olympie<\/b><\/span><\/h3>\n<p><span style=\"font-weight: 400;\">Le mus\u00e9e arch\u00e9ologique d&#8217;Olympie est un mus\u00e9e situ\u00e9 \u00e0 Olympie qui abrite des pi\u00e8ces provenant de la r\u00e9gion de la ville antique d&#8217;Olympie. Le mus\u00e9e a \u00e9t\u00e9 fond\u00e9 en 1829 par Otto de Bavi\u00e8re. Il s&#8217;agit de l&#8217;un des mus\u00e9es les plus importants de Gr\u00e8ce, qui expose des objets datant de la p\u00e9riode n\u00e9olithique. Parmi ses pi\u00e8ces les plus c\u00e9l\u00e8bres figurent les sculptures du temple de Zeus, notamment la Nike de Paeonius et l&#8217;Herm\u00e8s de Praxit\u00e8le.<\/span><\/p>\n<p><span style=\"font-weight: 400;\">Si vous \u00eates passionn\u00e9 par l&#8217;arch\u00e9ologie, l&#8217;histoire et les Jeux olympiques antiques, le mus\u00e9e arch\u00e9ologique d&#8217;Olympie est une destination incontournable. Avec des objets provenant de fouilles men\u00e9es \u00e0 Olympie et dans ses environs, ce mus\u00e9e est un v\u00e9ritable tr\u00e9sor pour quiconque s&#8217;int\u00e9resse \u00e0 la culture grecque.<\/span><\/p>\n<h3><span style=\"color: #d3af37;\"><b>Mus\u00e9e des Jeux olympiques<\/b><\/span><\/h3>\n<p><span style=\"font-weight: 400;\">Le mus\u00e9e des Jeux olympiques est situ\u00e9 \u00e0 Ath\u00e8nes, berceau des Jeux olympiques. Il retrace l&#8217;histoire de l&#8217;\u00e9v\u00e9nement de l&#8217;antiquit\u00e9 \u00e0 nos jours.<\/span><\/p>\n<p><span style=\"font-weight: 400;\">Le mus\u00e9e est install\u00e9 dans l&#8217;ancien b\u00e2timent Zappeion, qui avait \u00e9t\u00e9 construit \u00e0 l&#8217;origine pour servir de village des athl\u00e8tes olympiques lors des Jeux olympiques d&#8217;\u00e9t\u00e9 de 1896.<\/span><\/p>\n<h3><span style=\"color: #d3af37;\"><b>Pont Rio-Antirrio (Charilaos Trikoupis)<\/b><\/span><\/h3>\n<p><span style=\"font-weight: 400;\">Le pont Rio-Antirrio (officiellement le pont Charilaos Trikoupis, du nom de l&#8217;homme d&#8217;\u00c9tat grec qui l&#8217;a propos\u00e9) est un pont \u00e0 haubans qui relie les villes de Rio et d&#8217;Antirrio, en traversant le golfe de Corinthe. Une fois achev\u00e9 en 2004, il est devenu l&#8217;un des plus grands ponts \u00e0 haubans du monde. Le pont est un \u00e9l\u00e9ment important du r\u00e9seau routier du P\u00e9loponn\u00e8se et est r\u00e9guli\u00e8rement utilis\u00e9 par les habitants et les touristes.<\/span><\/p>\n<p><span style=\"font-weight: 400;\">\u00c0 la fin de la visite de 14 heures, le chauffeur vous ram\u00e8nera \u00e0 votre h\u00f4tel ou au port de la ville pour que vous puissiez continuer \u00e0 profiter de tout ce qu&#8217;Ath\u00e8nes a \u00e0 voir et \u00e0 apprendre.<\/span><\/p>\n<p>&nbsp;<\/p>\n<p><span style=\"font-weight: 400;\">Si vous souhaitez en savoir un peu plus sur Ath\u00e8nes, vous pouvez opter pour notre<\/span><a href=\"https:\/\/tourtravelandmore.com\/fr\/tours\/grece-fr\/athenes-fr\/circuit-prive-de-vin-et-dhuile-dolive-au-depart-dathenes\/\"><span style=\"font-weight: 400;\"> circuit priv\u00e9 du vin et de l&#8217;huile d&#8217;olive \u00e0 partir d&#8217;Ath\u00e8nes.<\/span><\/a><\/p>\n","protected":false},"excerpt":{"rendered":"<p><span style=\"font-weight: 400;\">D\u00e9couvrez le meilleur d&#8217;Olympie lors de cette excursion d&#8217;une journ\u00e9e compl\u00e8te au d\u00e9part d&#8217;Ath\u00e8nes. Visitez les ruines antiques de la ville, notamment le temple de Zeus et le stade, et apprenez leur histoire gr\u00e2ce \u00e0 votre guide expert. Ensuite, profitez d&#8217;une pause d\u00e9jeuner relaxante dans une taverne traditionnelle. L&#8217;apr\u00e8s-midi, explorez les points forts de la ville d&#8217;Olympie, notamment le mus\u00e9e arch\u00e9ologique. Cette visite priv\u00e9e comprend le transport aller-retour depuis Ath\u00e8nes et l&#8217;attention personnalis\u00e9e de votre guide.<\/span><\/p>\n","protected":false},"featured_media":125604,"comment_status":"open","ping_status":"closed","template":"","meta":{"_acf_changed":false},"product_brand":[],"product_cat":[3764],"product_tag":[],"class_list":{"0":"post-125594","1":"product","2":"type-product","3":"status-publish","4":"has-post-thumbnail","6":"product_cat-athenes-fr","8":"first","9":"instock","10":"shipping-taxable","11":"purchasable","12":"product-type-simple"},"acf":[],"yoast_head":"<!-- This site is optimized with the Yoast SEO Premium plugin v25.3.1 (Yoast SEO v25.3.1) - https:\/\/yoast.com\/wordpress\/plugins\/seo\/ -->\n<title>Excursion priv\u00e9e d&#039;une journ\u00e9e \u00e0 Olympie au d\u00e9part d&#039;Ath\u00e8nes avec guide et voiture de luxe | Tour Travel &amp; More<\/title>\n<meta name=\"description\" content=\"Voyagez dans le confort et le style lors de cette visite d&#039;une journ\u00e9e compl\u00e8te de certains des sites historiques les plus c\u00e9l\u00e8bres de Gr\u00e8ce. Visitez Olympie, le berceau des Jeux Olympiques, et explorez les ruines des anciens temples et palais.\u2705\" \/>\n<meta name=\"robots\" content=\"index, follow, max-snippet:-1, max-image-preview:large, max-video-preview:-1\" \/>\n<link rel=\"canonical\" href=\"https:\/\/tourtravelandmore.com\/fr\/tours\/grece-fr\/athenes-fr\/visite-privee-dolympie-dune-journee-entiere-au-depart-dathenes\/\" \/>\n<meta property=\"og:locale\" content=\"fr_FR\" \/>\n<meta property=\"og:type\" content=\"article\" \/>\n<meta property=\"og:title\" content=\"Visite priv\u00e9e d&#039;Olympie d&#039;une journ\u00e9e enti\u00e8re au d\u00e9part d&#039;Ath\u00e8nes\" \/>\n<meta property=\"og:description\" content=\"Voyagez dans le confort et le style lors de cette visite d&#039;une journ\u00e9e compl\u00e8te de certains des sites historiques les plus c\u00e9l\u00e8bres de Gr\u00e8ce. Visitez Olympie, le berceau des Jeux Olympiques, et explorez les ruines des anciens temples et palais.\u2705\" \/>\n<meta property=\"og:url\" content=\"https:\/\/tourtravelandmore.com\/fr\/tours\/grece-fr\/athenes-fr\/visite-privee-dolympie-dune-journee-entiere-au-depart-dathenes\/\" \/>\n<meta property=\"og:site_name\" content=\"Tour Travel And More\" \/>\n<meta property=\"article:publisher\" content=\"https:\/\/www.facebook.com\/tourtravelandmore\/\" \/>\n<meta property=\"article:modified_time\" content=\"2022-05-11T17:12:02+00:00\" \/>\n<meta property=\"og:image\" content=\"https:\/\/tourtravelandmore.com\/wp-content\/uploads\/2022\/05\/image1-1.png\" \/>\n\t<meta property=\"og:image:width\" content=\"900\" \/>\n\t<meta property=\"og:image:height\" content=\"680\" \/>\n\t<meta property=\"og:image:type\" content=\"image\/png\" \/>\n<meta name=\"twitter:card\" content=\"summary_large_image\" \/>\n<meta name=\"twitter:site\" content=\"@TourTravel_More\" \/>\n<meta name=\"twitter:label1\" content=\"Dur\u00e9e de lecture estim\u00e9e\" \/>\n\t<meta name=\"twitter:data1\" content=\"3 minutes\" \/>\n<script type=\"application\/ld+json\" class=\"yoast-schema-graph\">{\"@context\":\"https:\/\/schema.org\",\"@graph\":[{\"@type\":\"WebPage\",\"@id\":\"https:\/\/tourtravelandmore.com\/fr\/tours\/grece-fr\/athenes-fr\/visite-privee-dolympie-dune-journee-entiere-au-depart-dathenes\/\",\"url\":\"https:\/\/tourtravelandmore.com\/fr\/tours\/grece-fr\/athenes-fr\/visite-privee-dolympie-dune-journee-entiere-au-depart-dathenes\/\",\"name\":\"Excursion priv\u00e9e d'une journ\u00e9e \u00e0 Olympie au d\u00e9part d'Ath\u00e8nes avec guide et voiture de luxe | Tour Travel & More\",\"isPartOf\":{\"@id\":\"https:\/\/tourtravelandmore.com\/fr\/#website\"},\"primaryImageOfPage\":{\"@id\":\"https:\/\/tourtravelandmore.com\/fr\/tours\/grece-fr\/athenes-fr\/visite-privee-dolympie-dune-journee-entiere-au-depart-dathenes\/#primaryimage\"},\"image\":{\"@id\":\"https:\/\/tourtravelandmore.com\/fr\/tours\/grece-fr\/athenes-fr\/visite-privee-dolympie-dune-journee-entiere-au-depart-dathenes\/#primaryimage\"},\"thumbnailUrl\":\"https:\/\/tourtravelandmore.com\/wp-content\/uploads\/2022\/05\/image1-1.png\",\"datePublished\":\"2022-05-11T12:46:09+00:00\",\"dateModified\":\"2022-05-11T17:12:02+00:00\",\"description\":\"Voyagez dans le confort et le style lors de cette visite d'une journ\u00e9e compl\u00e8te de certains des sites historiques les plus c\u00e9l\u00e8bres de Gr\u00e8ce. Visitez Olympie, le berceau des Jeux Olympiques, et explorez les ruines des anciens temples et palais.\u2705\",\"breadcrumb\":{\"@id\":\"https:\/\/tourtravelandmore.com\/fr\/tours\/grece-fr\/athenes-fr\/visite-privee-dolympie-dune-journee-entiere-au-depart-dathenes\/#breadcrumb\"},\"inLanguage\":\"fr-FR\",\"potentialAction\":[{\"@type\":\"ReadAction\",\"target\":[\"https:\/\/tourtravelandmore.com\/fr\/tours\/grece-fr\/athenes-fr\/visite-privee-dolympie-dune-journee-entiere-au-depart-dathenes\/\"]}]},{\"@type\":\"ImageObject\",\"inLanguage\":\"fr-FR\",\"@id\":\"https:\/\/tourtravelandmore.com\/fr\/tours\/grece-fr\/athenes-fr\/visite-privee-dolympie-dune-journee-entiere-au-depart-dathenes\/#primaryimage\",\"url\":\"https:\/\/tourtravelandmore.com\/wp-content\/uploads\/2022\/05\/image1-1.png\",\"contentUrl\":\"https:\/\/tourtravelandmore.com\/wp-content\/uploads\/2022\/05\/image1-1.png\",\"width\":900,\"height\":680},{\"@type\":\"BreadcrumbList\",\"@id\":\"https:\/\/tourtravelandmore.com\/fr\/tours\/grece-fr\/athenes-fr\/visite-privee-dolympie-dune-journee-entiere-au-depart-dathenes\/#breadcrumb\",\"itemListElement\":[{\"@type\":\"ListItem\",\"position\":1,\"name\":\"Home\",\"item\":\"https:\/\/tourtravelandmore.com\/fr\/\"},{\"@type\":\"ListItem\",\"position\":2,\"name\":\"Tours\",\"item\":\"https:\/\/tourtravelandmore.com\/fr\/tours\/\"},{\"@type\":\"ListItem\",\"position\":3,\"name\":\"Visite priv\u00e9e d&rsquo;Olympie d&rsquo;une journ\u00e9e enti\u00e8re au d\u00e9part d&rsquo;Ath\u00e8nes\"}]},{\"@type\":\"WebSite\",\"@id\":\"https:\/\/tourtravelandmore.com\/fr\/#website\",\"url\":\"https:\/\/tourtravelandmore.com\/fr\/\",\"name\":\"Tour Travel And More\",\"description\":\"Private sightseeing tours and luxury transfers in Spain\",\"publisher\":{\"@id\":\"https:\/\/tourtravelandmore.com\/fr\/#organization\"},\"potentialAction\":[{\"@type\":\"SearchAction\",\"target\":{\"@type\":\"EntryPoint\",\"urlTemplate\":\"https:\/\/tourtravelandmore.com\/fr\/?s={search_term_string}\"},\"query-input\":{\"@type\":\"PropertyValueSpecification\",\"valueRequired\":true,\"valueName\":\"search_term_string\"}}],\"inLanguage\":\"fr-FR\"},{\"@type\":\"Organization\",\"@id\":\"https:\/\/tourtravelandmore.com\/fr\/#organization\",\"name\":\"Tour Travel And More\",\"url\":\"https:\/\/tourtravelandmore.com\/fr\/\",\"logo\":{\"@type\":\"ImageObject\",\"inLanguage\":\"fr-FR\",\"@id\":\"https:\/\/tourtravelandmore.com\/fr\/#\/schema\/logo\/image\/\",\"url\":\"https:\/\/tourtravelandmore.com\/wp-content\/uploads\/2022\/12\/cropped-logo-cabecera-new.png\",\"contentUrl\":\"https:\/\/tourtravelandmore.com\/wp-content\/uploads\/2022\/12\/cropped-logo-cabecera-new.png\",\"width\":430,\"height\":61,\"caption\":\"Tour Travel And More\"},\"image\":{\"@id\":\"https:\/\/tourtravelandmore.com\/fr\/#\/schema\/logo\/image\/\"},\"sameAs\":[\"https:\/\/www.facebook.com\/tourtravelandmore\/\",\"https:\/\/x.com\/TourTravel_More\"]}]}<\/script>\n<!-- \/ Yoast SEO Premium plugin. -->","yoast_head_json":{"title":"Excursion priv\u00e9e d'une journ\u00e9e \u00e0 Olympie au d\u00e9part d'Ath\u00e8nes avec guide et voiture de luxe | Tour Travel & More","description":"Voyagez dans le confort et le style lors de cette visite d'une journ\u00e9e compl\u00e8te de certains des sites historiques les plus c\u00e9l\u00e8bres de Gr\u00e8ce. Visitez Olympie, le berceau des Jeux Olympiques, et explorez les ruines des anciens temples et palais.\u2705","robots":{"index":"index","follow":"follow","max-snippet":"max-snippet:-1","max-image-preview":"max-image-preview:large","max-video-preview":"max-video-preview:-1"},"canonical":"https:\/\/tourtravelandmore.com\/fr\/tours\/grece-fr\/athenes-fr\/visite-privee-dolympie-dune-journee-entiere-au-depart-dathenes\/","og_locale":"fr_FR","og_type":"article","og_title":"Visite priv\u00e9e d'Olympie d'une journ\u00e9e enti\u00e8re au d\u00e9part d'Ath\u00e8nes","og_description":"Voyagez dans le confort et le style lors de cette visite d'une journ\u00e9e compl\u00e8te de certains des sites historiques les plus c\u00e9l\u00e8bres de Gr\u00e8ce. Visitez Olympie, le berceau des Jeux Olympiques, et explorez les ruines des anciens temples et palais.\u2705","og_url":"https:\/\/tourtravelandmore.com\/fr\/tours\/grece-fr\/athenes-fr\/visite-privee-dolympie-dune-journee-entiere-au-depart-dathenes\/","og_site_name":"Tour Travel And More","article_publisher":"https:\/\/www.facebook.com\/tourtravelandmore\/","article_modified_time":"2022-05-11T17:12:02+00:00","og_image":[{"width":900,"height":680,"url":"https:\/\/tourtravelandmore.com\/wp-content\/uploads\/2022\/05\/image1-1.png","type":"image\/png"}],"twitter_card":"summary_large_image","twitter_site":"@TourTravel_More","twitter_misc":{"Dur\u00e9e de lecture estim\u00e9e":"3 minutes"},"schema":{"@context":"https:\/\/schema.org","@graph":[{"@type":"WebPage","@id":"https:\/\/tourtravelandmore.com\/fr\/tours\/grece-fr\/athenes-fr\/visite-privee-dolympie-dune-journee-entiere-au-depart-dathenes\/","url":"https:\/\/tourtravelandmore.com\/fr\/tours\/grece-fr\/athenes-fr\/visite-privee-dolympie-dune-journee-entiere-au-depart-dathenes\/","name":"Excursion priv\u00e9e d'une journ\u00e9e \u00e0 Olympie au d\u00e9part d'Ath\u00e8nes avec guide et voiture de luxe | Tour Travel & More","isPartOf":{"@id":"https:\/\/tourtravelandmore.com\/fr\/#website"},"primaryImageOfPage":{"@id":"https:\/\/tourtravelandmore.com\/fr\/tours\/grece-fr\/athenes-fr\/visite-privee-dolympie-dune-journee-entiere-au-depart-dathenes\/#primaryimage"},"image":{"@id":"https:\/\/tourtravelandmore.com\/fr\/tours\/grece-fr\/athenes-fr\/visite-privee-dolympie-dune-journee-entiere-au-depart-dathenes\/#primaryimage"},"thumbnailUrl":"https:\/\/tourtravelandmore.com\/wp-content\/uploads\/2022\/05\/image1-1.png","datePublished":"2022-05-11T12:46:09+00:00","dateModified":"2022-05-11T17:12:02+00:00","description":"Voyagez dans le confort et le style lors de cette visite d'une journ\u00e9e compl\u00e8te de certains des sites historiques les plus c\u00e9l\u00e8bres de Gr\u00e8ce. Visitez Olympie, le berceau des Jeux Olympiques, et explorez les ruines des anciens temples et palais.\u2705","breadcrumb":{"@id":"https:\/\/tourtravelandmore.com\/fr\/tours\/grece-fr\/athenes-fr\/visite-privee-dolympie-dune-journee-entiere-au-depart-dathenes\/#breadcrumb"},"inLanguage":"fr-FR","potentialAction":[{"@type":"ReadAction","target":["https:\/\/tourtravelandmore.com\/fr\/tours\/grece-fr\/athenes-fr\/visite-privee-dolympie-dune-journee-entiere-au-depart-dathenes\/"]}]},{"@type":"ImageObject","inLanguage":"fr-FR","@id":"https:\/\/tourtravelandmore.com\/fr\/tours\/grece-fr\/athenes-fr\/visite-privee-dolympie-dune-journee-entiere-au-depart-dathenes\/#primaryimage","url":"https:\/\/tourtravelandmore.com\/wp-content\/uploads\/2022\/05\/image1-1.png","contentUrl":"https:\/\/tourtravelandmore.com\/wp-content\/uploads\/2022\/05\/image1-1.png","width":900,"height":680},{"@type":"BreadcrumbList","@id":"https:\/\/tourtravelandmore.com\/fr\/tours\/grece-fr\/athenes-fr\/visite-privee-dolympie-dune-journee-entiere-au-depart-dathenes\/#breadcrumb","itemListElement":[{"@type":"ListItem","position":1,"name":"Home","item":"https:\/\/tourtravelandmore.com\/fr\/"},{"@type":"ListItem","position":2,"name":"Tours","item":"https:\/\/tourtravelandmore.com\/fr\/tours\/"},{"@type":"ListItem","position":3,"name":"Visite priv\u00e9e d&rsquo;Olympie d&rsquo;une journ\u00e9e enti\u00e8re au d\u00e9part d&rsquo;Ath\u00e8nes"}]},{"@type":"WebSite","@id":"https:\/\/tourtravelandmore.com\/fr\/#website","url":"https:\/\/tourtravelandmore.com\/fr\/","name":"Tour Travel And More","description":"Private sightseeing tours and luxury transfers in Spain","publisher":{"@id":"https:\/\/tourtravelandmore.com\/fr\/#organization"},"potentialAction":[{"@type":"SearchAction","target":{"@type":"EntryPoint","urlTemplate":"https:\/\/tourtravelandmore.com\/fr\/?s={search_term_string}"},"query-input":{"@type":"PropertyValueSpecification","valueRequired":true,"valueName":"search_term_string"}}],"inLanguage":"fr-FR"},{"@type":"Organization","@id":"https:\/\/tourtravelandmore.com\/fr\/#organization","name":"Tour Travel And More","url":"https:\/\/tourtravelandmore.com\/fr\/","logo":{"@type":"ImageObject","inLanguage":"fr-FR","@id":"https:\/\/tourtravelandmore.com\/fr\/#\/schema\/logo\/image\/","url":"https:\/\/tourtravelandmore.com\/wp-content\/uploads\/2022\/12\/cropped-logo-cabecera-new.png","contentUrl":"https:\/\/tourtravelandmore.com\/wp-content\/uploads\/2022\/12\/cropped-logo-cabecera-new.png","width":430,"height":61,"caption":"Tour Travel And More"},"image":{"@id":"https:\/\/tourtravelandmore.com\/fr\/#\/schema\/logo\/image\/"},"sameAs":["https:\/\/www.facebook.com\/tourtravelandmore\/","https:\/\/x.com\/TourTravel_More"]}]}},"_links":{"self":[{"href":"https:\/\/tourtravelandmore.com\/fr\/wp-json\/wp\/v2\/product\/125594","targetHints":{"allow":["GET"]}}],"collection":[{"href":"https:\/\/tourtravelandmore.com\/fr\/wp-json\/wp\/v2\/product"}],"about":[{"href":"https:\/\/tourtravelandmore.com\/fr\/wp-json\/wp\/v2\/types\/product"}],"replies":[{"embeddable":true,"href":"https:\/\/tourtravelandmore.com\/fr\/wp-json\/wp\/v2\/comments?post=125594"}],"wp:featuredmedia":[{"embeddable":true,"href":"https:\/\/tourtravelandmore.com\/fr\/wp-json\/wp\/v2\/media\/125604"}],"wp:attachment":[{"href":"https:\/\/tourtravelandmore.com\/fr\/wp-json\/wp\/v2\/media?parent=125594"}],"wp:term":[{"taxonomy":"product_brand","embeddable":true,"href":"https:\/\/tourtravelandmore.com\/fr\/wp-json\/wp\/v2\/product_brand?post=125594"},{"taxonomy":"product_cat","embeddable":true,"href":"https:\/\/tourtravelandmore.com\/fr\/wp-json\/wp\/v2\/product_cat?post=125594"},{"taxonomy":"product_tag","embeddable":true,"href":"https:\/\/tourtravelandmore.com\/fr\/wp-json\/wp\/v2\/product_tag?post=125594"}],"curies":[{"name":"wp","href":"https:\/\/api.w.org\/{rel}","templated":true}]}}