{"id":125553,"date":"2022-05-11T12:10:52","date_gmt":"2022-05-11T10:11:01","guid":{"rendered":"https:\/\/tourtravelandmore.com\/?post_type=product&#038;p=125553"},"modified":"2022-05-11T19:11:28","modified_gmt":"2022-05-11T17:11:28","slug":"visite-guidee-privee-dathenes","status":"publish","type":"product","link":"https:\/\/tourtravelandmore.com\/fr\/tours\/grece-fr\/athenes-fr\/visite-guidee-privee-dathenes\/","title":{"rendered":"Visite guid\u00e9e priv\u00e9e d&#8217;Ath\u00e8nes"},"content":{"rendered":"<h2><b>Description de la visite gastronomique priv\u00e9e d&#8217;Ath\u00e8nes<\/b><\/h2>\n<p><span style=\"font-weight: 400;\">Ath\u00e8nes est une ville avec une histoire ancienne et beaucoup \u00e0 offrir en mati\u00e8re de nourriture et de vin. Une visite gastronomique priv\u00e9e est un excellent moyen de d\u00e9couvrir tout ce que la ville a \u00e0 offrir. Vous pourrez go\u00fbter des plats traditionnels tels que la koulouria (pain au s\u00e9same) et les loukoumades (mini-donuts), d\u00e9couvrir le processus de fabrication du vin et \u00e9couter des histoires sur la culture et l&#8217;histoire d&#8217;Ath\u00e8nes.<\/span><\/p>\n<p><span style=\"font-weight: 400;\">Le plus beau, c&#8217;est que vous b\u00e9n\u00e9ficierez de toute cette attention personnalis\u00e9e de la part de votre guide, qui veillera \u00e0 ce que vous passiez un bon moment.<\/span><\/p>\n<p><span style=\"font-weight: 400;\">Nous commencerons la visite dans un endroit central de la ville, selon ce qui vous convient le mieux, puisque l&#8217;exp\u00e9rience est totalement personnalis\u00e9e.<\/span><\/p>\n<p><span style=\"font-weight: 400;\">Il s&#8217;agira d&#8217;une visite guid\u00e9e de 4 heures, au cours de laquelle vous visiterez le march\u00e9 central d&#8217;Ath\u00e8nes pour voir les ingr\u00e9dients typiques, vous explorerez l&#8217;Agora, vous vous rendrez dans des tavernes traditionnelles et des restaurants familiaux, vous go\u00fbterez des plats authentiques et d\u00e9licieux, et vous entendrez des histoires sur la Gr\u00e8ce et ses traditions alimentaires.<\/span><\/p>\n<h2><b>Points d&#8217;int\u00e9r\u00eat de l&#8217;excursion gastronomique priv\u00e9e \u00e0 Ath\u00e8nes<\/b><\/h2>\n<h3><span style=\"color: #d3af37;\"><b>March\u00e9 municipal central de Varvakios<\/b><\/span><\/h3>\n<p><span style=\"font-weight: 400;\">Le march\u00e9 de Varvakios est un grand march\u00e9 en plein air situ\u00e9 au c\u0153ur d&#8217;Ath\u00e8nes. C&#8217;est l&#8217;un des plus anciens et des plus grands march\u00e9s d&#8217;Ath\u00e8nes, et c&#8217;est un endroit id\u00e9al pour trouver des produits frais, de la viande, du poisson et d&#8217;autres d\u00e9lices locaux.<\/span><\/p>\n<p><span style=\"font-weight: 400;\">Le march\u00e9 de Varvakios est ouvert tous les jours, sauf le dimanche, de t\u00f4t le matin \u00e0 tard le soir. Vous pouvez trouver \u00e0 peu pr\u00e8s tout ce dont vous avez besoin au march\u00e9 de Varvakios, et les prix sont tr\u00e8s raisonnables. Ne manquez pas de go\u00fbter les fruits de mer frais du march\u00e9 &#8211; ils sont parmi les meilleurs d&#8217;Ath\u00e8nes !<\/span><\/p>\n<h3><span style=\"color: #d3af37;\"><b>Agora<\/b><\/span><\/h3>\n<p><span style=\"font-weight: 400;\">L&#8217;Agora est un site arch\u00e9ologique et un march\u00e9 situ\u00e9 au c\u0153ur d&#8217;Ath\u00e8nes. Datant du 5e si\u00e8cle avant J.-C., c&#8217;est l&#8217;un des plus anciens march\u00e9s en plein air du monde. L&#8217;Agora a vu se d\u00e9rouler de nombreux \u00e9v\u00e9nements historiques, comme le proc\u00e8s de Socrate et le discours de P\u00e9ricl\u00e8s qui a marqu\u00e9 le d\u00e9but de la guerre du P\u00e9loponn\u00e8se.<\/span><\/p>\n<p><span style=\"font-weight: 400;\">Parmi les autres \u00e9l\u00e9ments importants du centre-ville, citons l&#8217;Od\u00e9on d&#8217;H\u00e9rode Atticus, un amphith\u00e9\u00e2tre construit en 161 apr\u00e8s J.-C., et le th\u00e9\u00e2tre antique de Dionysos, l&#8217;un des plus anciens th\u00e9\u00e2tres de Gr\u00e8ce, qui remonte \u00e0 la fin du VIe si\u00e8cle avant J.-C.<\/span><\/p>\n<p><span style=\"font-weight: 400;\">Aujourd&#8217;hui, les touristes peuvent visiter l&#8217;Agora pour voir ses ruines bien pr\u00e9serv\u00e9es et se faire une id\u00e9e de ce qu&#8217;\u00e9tait la vie dans l&#8217;Ath\u00e8nes antique.<\/span><\/p>\n<h3><span style=\"color: #d3af37;\"><b>Psirri<\/b><\/span><\/h3>\n<p><span style=\"font-weight: 400;\">Psyri est un quartier historique et pittoresque du centre-ville d&#8217;Ath\u00e8nes. Autrefois laiss\u00e9 \u00e0 l&#8217;abandon, il a \u00e9t\u00e9 transform\u00e9 ces derni\u00e8res ann\u00e9es en l&#8217;un des quartiers les plus dynamiques et les plus \u00e9l\u00e9gants de la ville. Entour\u00e9 de bars, de restaurants et de boutiques branch\u00e9s, Psyri est parfait pour une journ\u00e9e ou une soir\u00e9e entre amis. Les points forts sont le c\u00e9l\u00e8bre march\u00e9 aux puces de Monastiraki et la rue pi\u00e9tonne anim\u00e9e d&#8217;Adrianou.<\/span><\/p>\n<p><span style=\"font-weight: 400;\">\u00c0 la fin de la visite de 4 heures, le guide vous accompagnera \u00e0 un point central de la ville pour que vous puissiez continuer \u00e0 profiter de tout ce qu&#8217;Ath\u00e8nes a \u00e0 voir et \u00e0 apprendre.<\/span><\/p>\n<p><span style=\"font-weight: 400;\">Si vous voulez en savoir un peu plus sur Ath\u00e8nes, vous pouvez opter pour notre visite <\/span><span style=\"font-weight: 400;\"><a href=\"https:\/\/tourtravelandmore.com\/fr\/tours\/grece-fr\/athenes-fr\/circuit-prive-de-vin-et-dhuile-dolive-au-depart-dathenes\/\"><strong>priv\u00e9e du vin et de l&#8217;huile d&#8217;olive \u00e0 partir d&#8217;Ath\u00e8nes<\/strong><\/a>.\u00a0<\/span><\/p>\n","protected":false},"excerpt":{"rendered":"<p><span style=\"font-weight: 400;\">Vous cherchez \u00e0 d\u00e9couvrir la vraie Ath\u00e8nes ?<\/span><\/p>\n<p><span style=\"font-weight: 400;\">Cette visite est con\u00e7ue pour vous montrer la vraie Ath\u00e8nes, sa nourriture, sa culture et son histoire. Nous pensons que la meilleure fa\u00e7on d&#8217;apprendre \u00e0 conna\u00eetre un lieu est \u00e0 travers sa nourriture. Notre guide exp\u00e9riment\u00e9 vous emm\u00e8nera dans un voyage culinaire \u00e0 travers certains des quartiers les plus int\u00e9ressants d&#8217;Ath\u00e8nes. Vous go\u00fbterez des plats traditionnels grecs et apprendrez leur histoire et leurs origines<\/span><\/p>\n","protected":false},"featured_media":125572,"comment_status":"open","ping_status":"closed","template":"","meta":{"_acf_changed":false},"product_brand":[],"product_cat":[3764],"product_tag":[],"class_list":{"0":"post-125553","1":"product","2":"type-product","3":"status-publish","4":"has-post-thumbnail","6":"product_cat-athenes-fr","8":"first","9":"instock","10":"shipping-taxable","11":"purchasable","12":"product-type-simple"},"acf":[],"yoast_head":"<!-- This site is optimized with the Yoast SEO Premium plugin v25.3.1 (Yoast SEO v25.3.1) - https:\/\/yoast.com\/wordpress\/plugins\/seo\/ -->\n<title>Visite gastronomique priv\u00e9e d&#039;Ath\u00e8nes avec un guide priv\u00e9 et une voiture de luxe | Tour Travel &amp; More<\/title>\n<meta name=\"description\" content=\"D\u00e9couvrez le meilleur de la culture alimentaire d&#039;Ath\u00e8nes avec un guide priv\u00e9 et une voiture de luxe. Notre circuit gastronomique comprend des d\u00e9gustations de plats traditionnels grecs, de vins et de desserts dans certains des quartiers les plus pittoresques d&#039;Ath\u00e8nes. Notre guide priv\u00e9 vous emm\u00e8nera aux meilleurs endroits pour une exp\u00e9rience culinaire unique que vous n&#039;oublierez jamais \u2705.\" \/>\n<meta name=\"robots\" content=\"index, follow, max-snippet:-1, max-image-preview:large, max-video-preview:-1\" \/>\n<link rel=\"canonical\" href=\"https:\/\/tourtravelandmore.com\/fr\/tours\/grece-fr\/athenes-fr\/visite-guidee-privee-dathenes\/\" \/>\n<meta property=\"og:locale\" content=\"fr_FR\" \/>\n<meta property=\"og:type\" content=\"article\" \/>\n<meta property=\"og:title\" content=\"Visite guid\u00e9e priv\u00e9e d&#039;Ath\u00e8nes\" \/>\n<meta property=\"og:description\" content=\"D\u00e9couvrez le meilleur de la culture alimentaire d&#039;Ath\u00e8nes avec un guide priv\u00e9 et une voiture de luxe. Notre circuit gastronomique comprend des d\u00e9gustations de plats traditionnels grecs, de vins et de desserts dans certains des quartiers les plus pittoresques d&#039;Ath\u00e8nes. Notre guide priv\u00e9 vous emm\u00e8nera aux meilleurs endroits pour une exp\u00e9rience culinaire unique que vous n&#039;oublierez jamais \u2705.\" \/>\n<meta property=\"og:url\" content=\"https:\/\/tourtravelandmore.com\/fr\/tours\/grece-fr\/athenes-fr\/visite-guidee-privee-dathenes\/\" \/>\n<meta property=\"og:site_name\" content=\"Tour Travel And More\" \/>\n<meta property=\"article:publisher\" content=\"https:\/\/www.facebook.com\/tourtravelandmore\/\" \/>\n<meta property=\"article:modified_time\" content=\"2022-05-11T17:11:28+00:00\" \/>\n<meta property=\"og:image\" content=\"https:\/\/tourtravelandmore.com\/wp-content\/uploads\/2022\/05\/image4.png\" \/>\n\t<meta property=\"og:image:width\" content=\"900\" \/>\n\t<meta property=\"og:image:height\" content=\"680\" \/>\n\t<meta property=\"og:image:type\" content=\"image\/png\" \/>\n<meta name=\"twitter:card\" content=\"summary_large_image\" \/>\n<meta name=\"twitter:site\" content=\"@TourTravel_More\" \/>\n<meta name=\"twitter:label1\" content=\"Dur\u00e9e de lecture estim\u00e9e\" \/>\n\t<meta name=\"twitter:data1\" content=\"3 minutes\" \/>\n<script type=\"application\/ld+json\" class=\"yoast-schema-graph\">{\"@context\":\"https:\/\/schema.org\",\"@graph\":[{\"@type\":\"WebPage\",\"@id\":\"https:\/\/tourtravelandmore.com\/fr\/tours\/grece-fr\/athenes-fr\/visite-guidee-privee-dathenes\/\",\"url\":\"https:\/\/tourtravelandmore.com\/fr\/tours\/grece-fr\/athenes-fr\/visite-guidee-privee-dathenes\/\",\"name\":\"Visite gastronomique priv\u00e9e d'Ath\u00e8nes avec un guide priv\u00e9 et une voiture de luxe | Tour Travel & More\",\"isPartOf\":{\"@id\":\"https:\/\/tourtravelandmore.com\/fr\/#website\"},\"primaryImageOfPage\":{\"@id\":\"https:\/\/tourtravelandmore.com\/fr\/tours\/grece-fr\/athenes-fr\/visite-guidee-privee-dathenes\/#primaryimage\"},\"image\":{\"@id\":\"https:\/\/tourtravelandmore.com\/fr\/tours\/grece-fr\/athenes-fr\/visite-guidee-privee-dathenes\/#primaryimage\"},\"thumbnailUrl\":\"https:\/\/tourtravelandmore.com\/wp-content\/uploads\/2022\/05\/image4.png\",\"datePublished\":\"2022-05-11T10:11:01+00:00\",\"dateModified\":\"2022-05-11T17:11:28+00:00\",\"description\":\"D\u00e9couvrez le meilleur de la culture alimentaire d'Ath\u00e8nes avec un guide priv\u00e9 et une voiture de luxe. Notre circuit gastronomique comprend des d\u00e9gustations de plats traditionnels grecs, de vins et de desserts dans certains des quartiers les plus pittoresques d'Ath\u00e8nes. Notre guide priv\u00e9 vous emm\u00e8nera aux meilleurs endroits pour une exp\u00e9rience culinaire unique que vous n'oublierez jamais \u2705.\",\"breadcrumb\":{\"@id\":\"https:\/\/tourtravelandmore.com\/fr\/tours\/grece-fr\/athenes-fr\/visite-guidee-privee-dathenes\/#breadcrumb\"},\"inLanguage\":\"fr-FR\",\"potentialAction\":[{\"@type\":\"ReadAction\",\"target\":[\"https:\/\/tourtravelandmore.com\/fr\/tours\/grece-fr\/athenes-fr\/visite-guidee-privee-dathenes\/\"]}]},{\"@type\":\"ImageObject\",\"inLanguage\":\"fr-FR\",\"@id\":\"https:\/\/tourtravelandmore.com\/fr\/tours\/grece-fr\/athenes-fr\/visite-guidee-privee-dathenes\/#primaryimage\",\"url\":\"https:\/\/tourtravelandmore.com\/wp-content\/uploads\/2022\/05\/image4.png\",\"contentUrl\":\"https:\/\/tourtravelandmore.com\/wp-content\/uploads\/2022\/05\/image4.png\",\"width\":900,\"height\":680},{\"@type\":\"BreadcrumbList\",\"@id\":\"https:\/\/tourtravelandmore.com\/fr\/tours\/grece-fr\/athenes-fr\/visite-guidee-privee-dathenes\/#breadcrumb\",\"itemListElement\":[{\"@type\":\"ListItem\",\"position\":1,\"name\":\"Home\",\"item\":\"https:\/\/tourtravelandmore.com\/fr\/\"},{\"@type\":\"ListItem\",\"position\":2,\"name\":\"Tours\",\"item\":\"https:\/\/tourtravelandmore.com\/fr\/tours\/\"},{\"@type\":\"ListItem\",\"position\":3,\"name\":\"Visite guid\u00e9e priv\u00e9e d&rsquo;Ath\u00e8nes\"}]},{\"@type\":\"WebSite\",\"@id\":\"https:\/\/tourtravelandmore.com\/fr\/#website\",\"url\":\"https:\/\/tourtravelandmore.com\/fr\/\",\"name\":\"Tour Travel And More\",\"description\":\"Private sightseeing tours and luxury transfers in Spain\",\"publisher\":{\"@id\":\"https:\/\/tourtravelandmore.com\/fr\/#organization\"},\"potentialAction\":[{\"@type\":\"SearchAction\",\"target\":{\"@type\":\"EntryPoint\",\"urlTemplate\":\"https:\/\/tourtravelandmore.com\/fr\/?s={search_term_string}\"},\"query-input\":{\"@type\":\"PropertyValueSpecification\",\"valueRequired\":true,\"valueName\":\"search_term_string\"}}],\"inLanguage\":\"fr-FR\"},{\"@type\":\"Organization\",\"@id\":\"https:\/\/tourtravelandmore.com\/fr\/#organization\",\"name\":\"Tour Travel And More\",\"url\":\"https:\/\/tourtravelandmore.com\/fr\/\",\"logo\":{\"@type\":\"ImageObject\",\"inLanguage\":\"fr-FR\",\"@id\":\"https:\/\/tourtravelandmore.com\/fr\/#\/schema\/logo\/image\/\",\"url\":\"https:\/\/tourtravelandmore.com\/wp-content\/uploads\/2022\/12\/cropped-logo-cabecera-new.png\",\"contentUrl\":\"https:\/\/tourtravelandmore.com\/wp-content\/uploads\/2022\/12\/cropped-logo-cabecera-new.png\",\"width\":430,\"height\":61,\"caption\":\"Tour Travel And More\"},\"image\":{\"@id\":\"https:\/\/tourtravelandmore.com\/fr\/#\/schema\/logo\/image\/\"},\"sameAs\":[\"https:\/\/www.facebook.com\/tourtravelandmore\/\",\"https:\/\/x.com\/TourTravel_More\"]}]}<\/script>\n<!-- \/ Yoast SEO Premium plugin. -->","yoast_head_json":{"title":"Visite gastronomique priv\u00e9e d'Ath\u00e8nes avec un guide priv\u00e9 et une voiture de luxe | Tour Travel & More","description":"D\u00e9couvrez le meilleur de la culture alimentaire d'Ath\u00e8nes avec un guide priv\u00e9 et une voiture de luxe. Notre circuit gastronomique comprend des d\u00e9gustations de plats traditionnels grecs, de vins et de desserts dans certains des quartiers les plus pittoresques d'Ath\u00e8nes. Notre guide priv\u00e9 vous emm\u00e8nera aux meilleurs endroits pour une exp\u00e9rience culinaire unique que vous n'oublierez jamais \u2705.","robots":{"index":"index","follow":"follow","max-snippet":"max-snippet:-1","max-image-preview":"max-image-preview:large","max-video-preview":"max-video-preview:-1"},"canonical":"https:\/\/tourtravelandmore.com\/fr\/tours\/grece-fr\/athenes-fr\/visite-guidee-privee-dathenes\/","og_locale":"fr_FR","og_type":"article","og_title":"Visite guid\u00e9e priv\u00e9e d'Ath\u00e8nes","og_description":"D\u00e9couvrez le meilleur de la culture alimentaire d'Ath\u00e8nes avec un guide priv\u00e9 et une voiture de luxe. Notre circuit gastronomique comprend des d\u00e9gustations de plats traditionnels grecs, de vins et de desserts dans certains des quartiers les plus pittoresques d'Ath\u00e8nes. Notre guide priv\u00e9 vous emm\u00e8nera aux meilleurs endroits pour une exp\u00e9rience culinaire unique que vous n'oublierez jamais \u2705.","og_url":"https:\/\/tourtravelandmore.com\/fr\/tours\/grece-fr\/athenes-fr\/visite-guidee-privee-dathenes\/","og_site_name":"Tour Travel And More","article_publisher":"https:\/\/www.facebook.com\/tourtravelandmore\/","article_modified_time":"2022-05-11T17:11:28+00:00","og_image":[{"width":900,"height":680,"url":"https:\/\/tourtravelandmore.com\/wp-content\/uploads\/2022\/05\/image4.png","type":"image\/png"}],"twitter_card":"summary_large_image","twitter_site":"@TourTravel_More","twitter_misc":{"Dur\u00e9e de lecture estim\u00e9e":"3 minutes"},"schema":{"@context":"https:\/\/schema.org","@graph":[{"@type":"WebPage","@id":"https:\/\/tourtravelandmore.com\/fr\/tours\/grece-fr\/athenes-fr\/visite-guidee-privee-dathenes\/","url":"https:\/\/tourtravelandmore.com\/fr\/tours\/grece-fr\/athenes-fr\/visite-guidee-privee-dathenes\/","name":"Visite gastronomique priv\u00e9e d'Ath\u00e8nes avec un guide priv\u00e9 et une voiture de luxe | Tour Travel & More","isPartOf":{"@id":"https:\/\/tourtravelandmore.com\/fr\/#website"},"primaryImageOfPage":{"@id":"https:\/\/tourtravelandmore.com\/fr\/tours\/grece-fr\/athenes-fr\/visite-guidee-privee-dathenes\/#primaryimage"},"image":{"@id":"https:\/\/tourtravelandmore.com\/fr\/tours\/grece-fr\/athenes-fr\/visite-guidee-privee-dathenes\/#primaryimage"},"thumbnailUrl":"https:\/\/tourtravelandmore.com\/wp-content\/uploads\/2022\/05\/image4.png","datePublished":"2022-05-11T10:11:01+00:00","dateModified":"2022-05-11T17:11:28+00:00","description":"D\u00e9couvrez le meilleur de la culture alimentaire d'Ath\u00e8nes avec un guide priv\u00e9 et une voiture de luxe. Notre circuit gastronomique comprend des d\u00e9gustations de plats traditionnels grecs, de vins et de desserts dans certains des quartiers les plus pittoresques d'Ath\u00e8nes. Notre guide priv\u00e9 vous emm\u00e8nera aux meilleurs endroits pour une exp\u00e9rience culinaire unique que vous n'oublierez jamais \u2705.","breadcrumb":{"@id":"https:\/\/tourtravelandmore.com\/fr\/tours\/grece-fr\/athenes-fr\/visite-guidee-privee-dathenes\/#breadcrumb"},"inLanguage":"fr-FR","potentialAction":[{"@type":"ReadAction","target":["https:\/\/tourtravelandmore.com\/fr\/tours\/grece-fr\/athenes-fr\/visite-guidee-privee-dathenes\/"]}]},{"@type":"ImageObject","inLanguage":"fr-FR","@id":"https:\/\/tourtravelandmore.com\/fr\/tours\/grece-fr\/athenes-fr\/visite-guidee-privee-dathenes\/#primaryimage","url":"https:\/\/tourtravelandmore.com\/wp-content\/uploads\/2022\/05\/image4.png","contentUrl":"https:\/\/tourtravelandmore.com\/wp-content\/uploads\/2022\/05\/image4.png","width":900,"height":680},{"@type":"BreadcrumbList","@id":"https:\/\/tourtravelandmore.com\/fr\/tours\/grece-fr\/athenes-fr\/visite-guidee-privee-dathenes\/#breadcrumb","itemListElement":[{"@type":"ListItem","position":1,"name":"Home","item":"https:\/\/tourtravelandmore.com\/fr\/"},{"@type":"ListItem","position":2,"name":"Tours","item":"https:\/\/tourtravelandmore.com\/fr\/tours\/"},{"@type":"ListItem","position":3,"name":"Visite guid\u00e9e priv\u00e9e d&rsquo;Ath\u00e8nes"}]},{"@type":"WebSite","@id":"https:\/\/tourtravelandmore.com\/fr\/#website","url":"https:\/\/tourtravelandmore.com\/fr\/","name":"Tour Travel And More","description":"Private sightseeing tours and luxury transfers in Spain","publisher":{"@id":"https:\/\/tourtravelandmore.com\/fr\/#organization"},"potentialAction":[{"@type":"SearchAction","target":{"@type":"EntryPoint","urlTemplate":"https:\/\/tourtravelandmore.com\/fr\/?s={search_term_string}"},"query-input":{"@type":"PropertyValueSpecification","valueRequired":true,"valueName":"search_term_string"}}],"inLanguage":"fr-FR"},{"@type":"Organization","@id":"https:\/\/tourtravelandmore.com\/fr\/#organization","name":"Tour Travel And More","url":"https:\/\/tourtravelandmore.com\/fr\/","logo":{"@type":"ImageObject","inLanguage":"fr-FR","@id":"https:\/\/tourtravelandmore.com\/fr\/#\/schema\/logo\/image\/","url":"https:\/\/tourtravelandmore.com\/wp-content\/uploads\/2022\/12\/cropped-logo-cabecera-new.png","contentUrl":"https:\/\/tourtravelandmore.com\/wp-content\/uploads\/2022\/12\/cropped-logo-cabecera-new.png","width":430,"height":61,"caption":"Tour Travel And More"},"image":{"@id":"https:\/\/tourtravelandmore.com\/fr\/#\/schema\/logo\/image\/"},"sameAs":["https:\/\/www.facebook.com\/tourtravelandmore\/","https:\/\/x.com\/TourTravel_More"]}]}},"_links":{"self":[{"href":"https:\/\/tourtravelandmore.com\/fr\/wp-json\/wp\/v2\/product\/125553","targetHints":{"allow":["GET"]}}],"collection":[{"href":"https:\/\/tourtravelandmore.com\/fr\/wp-json\/wp\/v2\/product"}],"about":[{"href":"https:\/\/tourtravelandmore.com\/fr\/wp-json\/wp\/v2\/types\/product"}],"replies":[{"embeddable":true,"href":"https:\/\/tourtravelandmore.com\/fr\/wp-json\/wp\/v2\/comments?post=125553"}],"wp:featuredmedia":[{"embeddable":true,"href":"https:\/\/tourtravelandmore.com\/fr\/wp-json\/wp\/v2\/media\/125572"}],"wp:attachment":[{"href":"https:\/\/tourtravelandmore.com\/fr\/wp-json\/wp\/v2\/media?parent=125553"}],"wp:term":[{"taxonomy":"product_brand","embeddable":true,"href":"https:\/\/tourtravelandmore.com\/fr\/wp-json\/wp\/v2\/product_brand?post=125553"},{"taxonomy":"product_cat","embeddable":true,"href":"https:\/\/tourtravelandmore.com\/fr\/wp-json\/wp\/v2\/product_cat?post=125553"},{"taxonomy":"product_tag","embeddable":true,"href":"https:\/\/tourtravelandmore.com\/fr\/wp-json\/wp\/v2\/product_tag?post=125553"}],"curies":[{"name":"wp","href":"https:\/\/api.w.org\/{rel}","templated":true}]}}