{"id":125468,"date":"2022-05-10T18:43:24","date_gmt":"2022-05-10T16:43:34","guid":{"rendered":"https:\/\/tourtravelandmore.com\/?post_type=product&#038;p=125468"},"modified":"2025-05-21T15:32:29","modified_gmt":"2025-05-21T13:32:29","slug":"visite-privee-dune-journee-complete-a-athenes-nous-visiterons-8-monuments","status":"publish","type":"product","link":"https:\/\/tourtravelandmore.com\/fr\/tours\/grece-fr\/athenes-fr\/visite-privee-dune-journee-complete-a-athenes-nous-visiterons-8-monuments\/","title":{"rendered":"Vsite priv\u00e9e d&#8217;une journ\u00e9e compl\u00e8te \u00e0 Ath\u00e8nes pour d\u00e9couvrir les monuments les plus importants"},"content":{"rendered":"<h2><b>Description de la visite priv\u00e9e d&#8217;une journ\u00e9e compl\u00e8te \u00e0 Ath\u00e8nes pour d\u00e9couvrir les monuments les plus importants<\/b><\/h2>\n<p>Visite priv\u00e9e d&#8217;une journ\u00e9e compl\u00e8te \u00e0 Ath\u00e8nes pour d\u00e9couvrir les monuments les plus importants, tels que l&#8217;Acropole, le mus\u00e9e de l&#8217;Acropole,\u00a0 l&#8217;Agora.<\/p>\n<p>Au cours de la visite, notre guide professionnel vous fournira des explications d\u00e9taill\u00e9es sur chaque monument et vous racontera l&#8217;histoire qui entoure ces lieux sensationnels.<\/p>\n<p>La visite priv\u00e9e de 8 heures de tous ces monuments et sites comprend les droits d&#8217;entr\u00e9e, le transport de luxe avec chauffeur priv\u00e9 et un guide qui vous accompagnera jusqu&#8217;\u00e0 la fin de la visite.<\/p>\n<h2><b><strong>Points d&#8217;int\u00e9r\u00eat de la visite priv\u00e9e d&#8217;une journ\u00e9e compl\u00e8te \u00e0 Ath\u00e8nes des monuments les plus importants<\/strong><\/b><\/h2>\n<p>La visite priv\u00e9e commencera par la prise en charge de vous et de vos compagnons \u00e0 votre h\u00f4tel ou \u00e0 l&#8217;endroit de votre choix \u00e0 Ath\u00e8nes, et comme votre voiture viendra vous chercher, elle vous ram\u00e8nera \u00e9galement \u00e0 l&#8217;endroit de votre choix.<\/p>\n<p><b>Les lieux incontournables que nous visiterons sont les suivants :<\/b><\/p>\n<h3><b>Acropole<\/b><\/h3>\n<p>L&#8217;Acropole est l&#8217;un des sites historiques les plus visit\u00e9s de Gr\u00e8ce et d&#8217;Europe. Elle est situ\u00e9e dans la ville d&#8217;Ath\u00e8nes, la capitale du pays. La construction de cette colline a commenc\u00e9 au XVIIIe si\u00e8cle avant J.-C. et s&#8217;est termin\u00e9e au IVe si\u00e8cle avant J.-C. Au cours de ces ann\u00e9es, l&#8217;Acropole a servi de forteresse, de palais et de temple.<\/p>\n<h3><b>Mus\u00e9e de l&#8217;Acropole<\/b><\/h3>\n<p>Le mus\u00e9e de l&#8217;Acropole est un mus\u00e9e historique situ\u00e9 au centre d&#8217;Ath\u00e8nes, en Gr\u00e8ce. Il contient des objets d&#8217;art de la Gr\u00e8ce antique, tels que des sculptures et des mosa\u00efques.<\/p>\n<p>Le mus\u00e9e a \u00e9t\u00e9 inaugur\u00e9 le 28 mars 1880 et se compose de cinq salles. La salle I contient des objets li\u00e9s \u00e0 la religion et \u00e0 la mythologie ; la salle II, des pi\u00e8ces arch\u00e9ologiques provenant d&#8217;\u00c9gypte et de Gr\u00e8ce ; la salle III, des sculptures de la Renaissance et du Baroque ; la salle IV, des peintures du XVe au XIXe si\u00e8cle ; et la salle V, des objets d&#8217;art du XXe si\u00e8cle.<\/p>\n<p>Le mus\u00e9e poss\u00e8de une collection de plus de 3 500 objets, dont pr\u00e8s de 1 000 peintures, 800 sculptures, 600 pi\u00e8ces arch\u00e9ologiques et 500 objets artistiques du XXe si\u00e8cle.<\/p>\n<h3><b>Agora<\/b><\/h3>\n<p>L&#8217;agora \u00e9tait le lieu de rencontre dans la Gr\u00e8ce antique. C&#8217;est l\u00e0 que se discutaient les affaires publiques et que se prenaient les d\u00e9cisions concernant la ville. Aujourd&#8217;hui, le terme \u00ab agora \u00bb est utilis\u00e9 pour d\u00e9signer tout espace o\u00f9 se discutent des questions d&#8217;int\u00e9r\u00eat commun ou o\u00f9 se prennent des d\u00e9cisions.<\/p>\n<p>Votre guide officiel, qui est un excellent guide et conna\u00eet tr\u00e8s bien la ville, vous expliquera toute l&#8217;histoire et l&#8217;architecture de ce lieu unique.<\/p>\n<p>\u00c0 la fin de la visite, votre chauffeur priv\u00e9 vous ram\u00e8nera \u00e0 votre point de d\u00e9part \u00e0 Ath\u00e8nes.<\/p>\n<p>Si vous \u00eates tomb\u00e9 amoureux de l&#8217;histoire de ces sites et de leur impact fascinant sur toute la plan\u00e8te, nous vous recommandons de d\u00e9couvrir nos autres <a href=\"https:\/\/tourtravelandmore.com\/fr\/city\/grece-fr\/athenes-fr\/\">visites priv\u00e9es \u00e0 Ath\u00e8nes.<\/a><\/p>\n","protected":false},"excerpt":{"rendered":"<p>Visite priv\u00e9e d&#8217;une journ\u00e9e compl\u00e8te \u00e0 Ath\u00e8nes pour d\u00e9couvrir les monuments les plus importants, tels que l&#8217;Acropole, le mus\u00e9e de l&#8217;Acropole,\u00a0 l&#8217;Agora.<\/p>\n","protected":false},"featured_media":125490,"comment_status":"open","ping_status":"closed","template":"","meta":{"_acf_changed":false},"product_brand":[],"product_cat":[5523,5525,5524,3764],"product_tag":[],"class_list":{"0":"post-125468","1":"product","2":"type-product","3":"status-publish","4":"has-post-thumbnail","6":"product_cat-all-private-tours-activities-fr-39","7":"product_cat-private-shore-excursions-fr-16","8":"product_cat-private-sightseeing-tours-fr-46","9":"product_cat-athenes-fr","11":"first","12":"instock","13":"shipping-taxable","14":"purchasable","15":"product-type-simple"},"acf":[],"yoast_head":"<!-- This site is optimized with the Yoast SEO Premium plugin v25.3.1 (Yoast SEO v25.3.1) - https:\/\/yoast.com\/wordpress\/plugins\/seo\/ -->\n<title>Visite d&#039;Ath\u00e8nes, les monuments les plus embl\u00e9matiques de la ville | Tour Travel &amp; More<\/title>\n<meta name=\"description\" content=\"Profitez d&#039;une journ\u00e9e compl\u00e8te de visite priv\u00e9e d&#039;Ath\u00e8nes en visitant 8 de ses monuments les plus importants, dont l&#039;Acropole, le mus\u00e9e de l&#039;Acropole, le temple de Zeus, l&#039;Agora et plus encore.\" \/>\n<meta name=\"robots\" content=\"index, follow, max-snippet:-1, max-image-preview:large, max-video-preview:-1\" \/>\n<link rel=\"canonical\" href=\"https:\/\/tourtravelandmore.com\/fr\/tours\/grece-fr\/athenes-fr\/visite-privee-dune-journee-complete-a-athenes-nous-visiterons-8-monuments\/\" \/>\n<meta property=\"og:locale\" content=\"fr_FR\" \/>\n<meta property=\"og:type\" content=\"article\" \/>\n<meta property=\"og:title\" content=\"Vsite priv\u00e9e d&#039;une journ\u00e9e compl\u00e8te \u00e0 Ath\u00e8nes pour d\u00e9couvrir les monuments les plus importants\" \/>\n<meta property=\"og:description\" content=\"Profitez d&#039;une journ\u00e9e compl\u00e8te de visite priv\u00e9e d&#039;Ath\u00e8nes en visitant 8 de ses monuments les plus importants, dont l&#039;Acropole, le mus\u00e9e de l&#039;Acropole, le temple de Zeus, l&#039;Agora et plus encore.\" \/>\n<meta property=\"og:url\" content=\"https:\/\/tourtravelandmore.com\/fr\/tours\/grece-fr\/athenes-fr\/visite-privee-dune-journee-complete-a-athenes-nous-visiterons-8-monuments\/\" \/>\n<meta property=\"og:site_name\" content=\"Tour Travel And More\" \/>\n<meta property=\"article:publisher\" content=\"https:\/\/www.facebook.com\/tourtravelandmore\/\" \/>\n<meta property=\"article:modified_time\" content=\"2025-05-21T13:32:29+00:00\" \/>\n<meta property=\"og:image\" content=\"https:\/\/tourtravelandmore.com\/wp-content\/uploads\/2022\/05\/image4-4.jpg\" \/>\n\t<meta property=\"og:image:width\" content=\"1250\" \/>\n\t<meta property=\"og:image:height\" content=\"750\" \/>\n\t<meta property=\"og:image:type\" content=\"image\/jpeg\" \/>\n<meta name=\"twitter:card\" content=\"summary_large_image\" \/>\n<meta name=\"twitter:site\" content=\"@TourTravel_More\" \/>\n<meta name=\"twitter:label1\" content=\"Dur\u00e9e de lecture estim\u00e9e\" \/>\n\t<meta name=\"twitter:data1\" content=\"3 minutes\" \/>\n<script type=\"application\/ld+json\" class=\"yoast-schema-graph\">{\"@context\":\"https:\/\/schema.org\",\"@graph\":[{\"@type\":\"WebPage\",\"@id\":\"https:\/\/tourtravelandmore.com\/fr\/tours\/grece-fr\/athenes-fr\/visite-privee-dune-journee-complete-a-athenes-nous-visiterons-8-monuments\/\",\"url\":\"https:\/\/tourtravelandmore.com\/fr\/tours\/grece-fr\/athenes-fr\/visite-privee-dune-journee-complete-a-athenes-nous-visiterons-8-monuments\/\",\"name\":\"Visite d'Ath\u00e8nes, les monuments les plus embl\u00e9matiques de la ville | Tour Travel & More\",\"isPartOf\":{\"@id\":\"https:\/\/tourtravelandmore.com\/fr\/#website\"},\"primaryImageOfPage\":{\"@id\":\"https:\/\/tourtravelandmore.com\/fr\/tours\/grece-fr\/athenes-fr\/visite-privee-dune-journee-complete-a-athenes-nous-visiterons-8-monuments\/#primaryimage\"},\"image\":{\"@id\":\"https:\/\/tourtravelandmore.com\/fr\/tours\/grece-fr\/athenes-fr\/visite-privee-dune-journee-complete-a-athenes-nous-visiterons-8-monuments\/#primaryimage\"},\"thumbnailUrl\":\"https:\/\/tourtravelandmore.com\/wp-content\/uploads\/2022\/05\/image4-4.jpg\",\"datePublished\":\"2022-05-10T16:43:34+00:00\",\"dateModified\":\"2025-05-21T13:32:29+00:00\",\"description\":\"Profitez d'une journ\u00e9e compl\u00e8te de visite priv\u00e9e d'Ath\u00e8nes en visitant 8 de ses monuments les plus importants, dont l'Acropole, le mus\u00e9e de l'Acropole, le temple de Zeus, l'Agora et plus encore.\",\"breadcrumb\":{\"@id\":\"https:\/\/tourtravelandmore.com\/fr\/tours\/grece-fr\/athenes-fr\/visite-privee-dune-journee-complete-a-athenes-nous-visiterons-8-monuments\/#breadcrumb\"},\"inLanguage\":\"fr-FR\",\"potentialAction\":[{\"@type\":\"ReadAction\",\"target\":[\"https:\/\/tourtravelandmore.com\/fr\/tours\/grece-fr\/athenes-fr\/visite-privee-dune-journee-complete-a-athenes-nous-visiterons-8-monuments\/\"]}]},{\"@type\":\"ImageObject\",\"inLanguage\":\"fr-FR\",\"@id\":\"https:\/\/tourtravelandmore.com\/fr\/tours\/grece-fr\/athenes-fr\/visite-privee-dune-journee-complete-a-athenes-nous-visiterons-8-monuments\/#primaryimage\",\"url\":\"https:\/\/tourtravelandmore.com\/wp-content\/uploads\/2022\/05\/image4-4.jpg\",\"contentUrl\":\"https:\/\/tourtravelandmore.com\/wp-content\/uploads\/2022\/05\/image4-4.jpg\",\"width\":1250,\"height\":750},{\"@type\":\"BreadcrumbList\",\"@id\":\"https:\/\/tourtravelandmore.com\/fr\/tours\/grece-fr\/athenes-fr\/visite-privee-dune-journee-complete-a-athenes-nous-visiterons-8-monuments\/#breadcrumb\",\"itemListElement\":[{\"@type\":\"ListItem\",\"position\":1,\"name\":\"Home\",\"item\":\"https:\/\/tourtravelandmore.com\/fr\/\"},{\"@type\":\"ListItem\",\"position\":2,\"name\":\"Tours\",\"item\":\"https:\/\/tourtravelandmore.com\/fr\/tours\/\"},{\"@type\":\"ListItem\",\"position\":3,\"name\":\"Vsite priv\u00e9e d&#8217;une journ\u00e9e compl\u00e8te \u00e0 Ath\u00e8nes pour d\u00e9couvrir les monuments les plus importants\"}]},{\"@type\":\"WebSite\",\"@id\":\"https:\/\/tourtravelandmore.com\/fr\/#website\",\"url\":\"https:\/\/tourtravelandmore.com\/fr\/\",\"name\":\"Tour Travel And More\",\"description\":\"Private sightseeing tours and luxury transfers in Spain\",\"publisher\":{\"@id\":\"https:\/\/tourtravelandmore.com\/fr\/#organization\"},\"potentialAction\":[{\"@type\":\"SearchAction\",\"target\":{\"@type\":\"EntryPoint\",\"urlTemplate\":\"https:\/\/tourtravelandmore.com\/fr\/?s={search_term_string}\"},\"query-input\":{\"@type\":\"PropertyValueSpecification\",\"valueRequired\":true,\"valueName\":\"search_term_string\"}}],\"inLanguage\":\"fr-FR\"},{\"@type\":\"Organization\",\"@id\":\"https:\/\/tourtravelandmore.com\/fr\/#organization\",\"name\":\"Tour Travel And More\",\"url\":\"https:\/\/tourtravelandmore.com\/fr\/\",\"logo\":{\"@type\":\"ImageObject\",\"inLanguage\":\"fr-FR\",\"@id\":\"https:\/\/tourtravelandmore.com\/fr\/#\/schema\/logo\/image\/\",\"url\":\"https:\/\/tourtravelandmore.com\/wp-content\/uploads\/2022\/12\/cropped-logo-cabecera-new.png\",\"contentUrl\":\"https:\/\/tourtravelandmore.com\/wp-content\/uploads\/2022\/12\/cropped-logo-cabecera-new.png\",\"width\":430,\"height\":61,\"caption\":\"Tour Travel And More\"},\"image\":{\"@id\":\"https:\/\/tourtravelandmore.com\/fr\/#\/schema\/logo\/image\/\"},\"sameAs\":[\"https:\/\/www.facebook.com\/tourtravelandmore\/\",\"https:\/\/x.com\/TourTravel_More\"]}]}<\/script>\n<!-- \/ Yoast SEO Premium plugin. -->","yoast_head_json":{"title":"Visite d'Ath\u00e8nes, les monuments les plus embl\u00e9matiques de la ville | Tour Travel & More","description":"Profitez d'une journ\u00e9e compl\u00e8te de visite priv\u00e9e d'Ath\u00e8nes en visitant 8 de ses monuments les plus importants, dont l'Acropole, le mus\u00e9e de l'Acropole, le temple de Zeus, l'Agora et plus encore.","robots":{"index":"index","follow":"follow","max-snippet":"max-snippet:-1","max-image-preview":"max-image-preview:large","max-video-preview":"max-video-preview:-1"},"canonical":"https:\/\/tourtravelandmore.com\/fr\/tours\/grece-fr\/athenes-fr\/visite-privee-dune-journee-complete-a-athenes-nous-visiterons-8-monuments\/","og_locale":"fr_FR","og_type":"article","og_title":"Vsite priv\u00e9e d'une journ\u00e9e compl\u00e8te \u00e0 Ath\u00e8nes pour d\u00e9couvrir les monuments les plus importants","og_description":"Profitez d'une journ\u00e9e compl\u00e8te de visite priv\u00e9e d'Ath\u00e8nes en visitant 8 de ses monuments les plus importants, dont l'Acropole, le mus\u00e9e de l'Acropole, le temple de Zeus, l'Agora et plus encore.","og_url":"https:\/\/tourtravelandmore.com\/fr\/tours\/grece-fr\/athenes-fr\/visite-privee-dune-journee-complete-a-athenes-nous-visiterons-8-monuments\/","og_site_name":"Tour Travel And More","article_publisher":"https:\/\/www.facebook.com\/tourtravelandmore\/","article_modified_time":"2025-05-21T13:32:29+00:00","og_image":[{"width":1250,"height":750,"url":"https:\/\/tourtravelandmore.com\/wp-content\/uploads\/2022\/05\/image4-4.jpg","type":"image\/jpeg"}],"twitter_card":"summary_large_image","twitter_site":"@TourTravel_More","twitter_misc":{"Dur\u00e9e de lecture estim\u00e9e":"3 minutes"},"schema":{"@context":"https:\/\/schema.org","@graph":[{"@type":"WebPage","@id":"https:\/\/tourtravelandmore.com\/fr\/tours\/grece-fr\/athenes-fr\/visite-privee-dune-journee-complete-a-athenes-nous-visiterons-8-monuments\/","url":"https:\/\/tourtravelandmore.com\/fr\/tours\/grece-fr\/athenes-fr\/visite-privee-dune-journee-complete-a-athenes-nous-visiterons-8-monuments\/","name":"Visite d'Ath\u00e8nes, les monuments les plus embl\u00e9matiques de la ville | Tour Travel & More","isPartOf":{"@id":"https:\/\/tourtravelandmore.com\/fr\/#website"},"primaryImageOfPage":{"@id":"https:\/\/tourtravelandmore.com\/fr\/tours\/grece-fr\/athenes-fr\/visite-privee-dune-journee-complete-a-athenes-nous-visiterons-8-monuments\/#primaryimage"},"image":{"@id":"https:\/\/tourtravelandmore.com\/fr\/tours\/grece-fr\/athenes-fr\/visite-privee-dune-journee-complete-a-athenes-nous-visiterons-8-monuments\/#primaryimage"},"thumbnailUrl":"https:\/\/tourtravelandmore.com\/wp-content\/uploads\/2022\/05\/image4-4.jpg","datePublished":"2022-05-10T16:43:34+00:00","dateModified":"2025-05-21T13:32:29+00:00","description":"Profitez d'une journ\u00e9e compl\u00e8te de visite priv\u00e9e d'Ath\u00e8nes en visitant 8 de ses monuments les plus importants, dont l'Acropole, le mus\u00e9e de l'Acropole, le temple de Zeus, l'Agora et plus encore.","breadcrumb":{"@id":"https:\/\/tourtravelandmore.com\/fr\/tours\/grece-fr\/athenes-fr\/visite-privee-dune-journee-complete-a-athenes-nous-visiterons-8-monuments\/#breadcrumb"},"inLanguage":"fr-FR","potentialAction":[{"@type":"ReadAction","target":["https:\/\/tourtravelandmore.com\/fr\/tours\/grece-fr\/athenes-fr\/visite-privee-dune-journee-complete-a-athenes-nous-visiterons-8-monuments\/"]}]},{"@type":"ImageObject","inLanguage":"fr-FR","@id":"https:\/\/tourtravelandmore.com\/fr\/tours\/grece-fr\/athenes-fr\/visite-privee-dune-journee-complete-a-athenes-nous-visiterons-8-monuments\/#primaryimage","url":"https:\/\/tourtravelandmore.com\/wp-content\/uploads\/2022\/05\/image4-4.jpg","contentUrl":"https:\/\/tourtravelandmore.com\/wp-content\/uploads\/2022\/05\/image4-4.jpg","width":1250,"height":750},{"@type":"BreadcrumbList","@id":"https:\/\/tourtravelandmore.com\/fr\/tours\/grece-fr\/athenes-fr\/visite-privee-dune-journee-complete-a-athenes-nous-visiterons-8-monuments\/#breadcrumb","itemListElement":[{"@type":"ListItem","position":1,"name":"Home","item":"https:\/\/tourtravelandmore.com\/fr\/"},{"@type":"ListItem","position":2,"name":"Tours","item":"https:\/\/tourtravelandmore.com\/fr\/tours\/"},{"@type":"ListItem","position":3,"name":"Vsite priv\u00e9e d&#8217;une journ\u00e9e compl\u00e8te \u00e0 Ath\u00e8nes pour d\u00e9couvrir les monuments les plus importants"}]},{"@type":"WebSite","@id":"https:\/\/tourtravelandmore.com\/fr\/#website","url":"https:\/\/tourtravelandmore.com\/fr\/","name":"Tour Travel And More","description":"Private sightseeing tours and luxury transfers in Spain","publisher":{"@id":"https:\/\/tourtravelandmore.com\/fr\/#organization"},"potentialAction":[{"@type":"SearchAction","target":{"@type":"EntryPoint","urlTemplate":"https:\/\/tourtravelandmore.com\/fr\/?s={search_term_string}"},"query-input":{"@type":"PropertyValueSpecification","valueRequired":true,"valueName":"search_term_string"}}],"inLanguage":"fr-FR"},{"@type":"Organization","@id":"https:\/\/tourtravelandmore.com\/fr\/#organization","name":"Tour Travel And More","url":"https:\/\/tourtravelandmore.com\/fr\/","logo":{"@type":"ImageObject","inLanguage":"fr-FR","@id":"https:\/\/tourtravelandmore.com\/fr\/#\/schema\/logo\/image\/","url":"https:\/\/tourtravelandmore.com\/wp-content\/uploads\/2022\/12\/cropped-logo-cabecera-new.png","contentUrl":"https:\/\/tourtravelandmore.com\/wp-content\/uploads\/2022\/12\/cropped-logo-cabecera-new.png","width":430,"height":61,"caption":"Tour Travel And More"},"image":{"@id":"https:\/\/tourtravelandmore.com\/fr\/#\/schema\/logo\/image\/"},"sameAs":["https:\/\/www.facebook.com\/tourtravelandmore\/","https:\/\/x.com\/TourTravel_More"]}]}},"_links":{"self":[{"href":"https:\/\/tourtravelandmore.com\/fr\/wp-json\/wp\/v2\/product\/125468","targetHints":{"allow":["GET"]}}],"collection":[{"href":"https:\/\/tourtravelandmore.com\/fr\/wp-json\/wp\/v2\/product"}],"about":[{"href":"https:\/\/tourtravelandmore.com\/fr\/wp-json\/wp\/v2\/types\/product"}],"replies":[{"embeddable":true,"href":"https:\/\/tourtravelandmore.com\/fr\/wp-json\/wp\/v2\/comments?post=125468"}],"wp:featuredmedia":[{"embeddable":true,"href":"https:\/\/tourtravelandmore.com\/fr\/wp-json\/wp\/v2\/media\/125490"}],"wp:attachment":[{"href":"https:\/\/tourtravelandmore.com\/fr\/wp-json\/wp\/v2\/media?parent=125468"}],"wp:term":[{"taxonomy":"product_brand","embeddable":true,"href":"https:\/\/tourtravelandmore.com\/fr\/wp-json\/wp\/v2\/product_brand?post=125468"},{"taxonomy":"product_cat","embeddable":true,"href":"https:\/\/tourtravelandmore.com\/fr\/wp-json\/wp\/v2\/product_cat?post=125468"},{"taxonomy":"product_tag","embeddable":true,"href":"https:\/\/tourtravelandmore.com\/fr\/wp-json\/wp\/v2\/product_tag?post=125468"}],"curies":[{"name":"wp","href":"https:\/\/api.w.org\/{rel}","templated":true}]}}