{"id":125360,"date":"2022-05-09T18:50:35","date_gmt":"2022-05-09T16:50:41","guid":{"rendered":"https:\/\/tourtravelandmore.com\/?post_type=product&#038;p=125360"},"modified":"2022-05-09T19:14:49","modified_gmt":"2022-05-09T17:14:49","slug":"visite-privee-de-largolide-de-corinthe-de-lancienne-corinthe-de-nauplie-de-mycenes-et-depidaure-au-depart-dathenes","status":"publish","type":"product","link":"https:\/\/tourtravelandmore.com\/fr\/tours\/grece-fr\/athenes-fr\/visite-privee-de-largolide-de-corinthe-de-lancienne-corinthe-de-nauplie-de-mycenes-et-depidaure-au-depart-dathenes\/","title":{"rendered":"Visite priv\u00e9e de l&#8217;Argolide, de Corinthe, de l&#8217;ancienne Corinthe, de Nauplie, de Myc\u00e8nes et d&#8217;\u00c9pidaure au d\u00e9part d&#8217;Ath\u00e8nes"},"content":{"rendered":"<h2><b>Description de l&#8217;excursion priv\u00e9e \u00e0 Argolide, Corinthe, Nauplie, Myc\u00e8nes et \u00c9pidaure au d\u00e9part d&#8217;Ath\u00e8nes<\/b><\/h2>\n<p><span style=\"font-weight: 400;\">Notre circuit priv\u00e9 exclusif en Argolide, Corinthe, Nauplie, Myc\u00e8nes, \u00c9pidaure au d\u00e9part d&#8217;Ath\u00e8nes offre la meilleure exp\u00e9rience pour profiter des sites arch\u00e9ologiques les plus c\u00e9l\u00e8bres de Gr\u00e8ce. Sous la conduite d&#8217;un guide expert, vous visiterez les ruines de Corinthe, l&#8217;Acropole d&#8217;Ath\u00e8nes, le sanctuaire de Pos\u00e9idon \u00e0 Nauplie, les c\u00e9l\u00e8bres murs de Myc\u00e8nes et les ruines d&#8217;\u00c9pidaure. Au cours de ce circuit, vous d\u00e9couvrirez le charme et l&#8217;histoire de la Gr\u00e8ce dans toute sa splendeur.<\/span><\/p>\n<p><span style=\"font-weight: 400;\">\u00a0<\/span><\/p>\n<p><span style=\"font-weight: 400;\">Les ruines de Corinthe t\u00e9moignent d&#8217;une ville qui a prosp\u00e9r\u00e9 \u00e0 l&#8217;\u00e9poque classique. Vous y trouverez d&#8217;impressionnants vestiges architecturaux, comme le temple d&#8217;Apollon et le th\u00e9\u00e2tre, ainsi que diverses structures li\u00e9es \u00e0 la vie quotidienne des anciens Corinthiens.<\/span><\/p>\n<p><span style=\"font-weight: 400;\">\u00a0<\/span><span style=\"font-weight: 400;\">\u00c0 Nauplie, vous pourrez visiter le sanctuaire de Pos\u00e9idon, l&#8217;un des sites les plus importants de la culture grecque. Vous pourrez y voir le temple d&#8217;o\u00f9 provient l&#8217;oracle de Delphes.<\/span><\/p>\n<p><span style=\"font-weight: 400;\">\u00a0<\/span><span style=\"font-weight: 400;\">Le sanctuaire de Pos\u00e9idon a \u00e9t\u00e9 construit au 6e si\u00e8cle avant J.-C., mais a \u00e9t\u00e9 d\u00e9truit en 480 avant J.-C. pendant la guerre du P\u00e9loponn\u00e8se. Il a \u00e9t\u00e9 reconstruit par la suite, et il est aujourd&#8217;hui possible de le visiter \u00e0 Nauplie. \u00c0 l&#8217;int\u00e9rieur du temple se trouve une statue de bronze de Pos\u00e9idon, et \u00e0 c\u00f4t\u00e9 du temple se trouve un lac sacr\u00e9 appel\u00e9 Bosphorus.<\/span><\/p>\n<h2><b>Sites \u00e0 visiter lors de la visite priv\u00e9e de l&#8217;Argolide, Corinthe, Nauplie, Myc\u00e8nes et \u00c9pidaure<\/b><\/h2>\n<p><span style=\"font-weight: 400;\">Vous serez d&#8217;abord pris en charge \u00e0 votre h\u00f4tel ou \u00e0 votre point de d\u00e9part \u00e0 Ath\u00e8nes, votre chauffeur et votre v\u00e9hicule priv\u00e9 vous conduiront tout au long de ce circuit exclusif de 12 heures, le circuit comprend un guide touristique expert et les droits d&#8217;entr\u00e9e aux sites les plus embl\u00e9matiques des visites.<\/span><\/p>\n<h3><b>Argolid<\/b><\/h3>\n<p><span style=\"font-weight: 400;\">L&#8217;Argolide est une r\u00e9gion de Gr\u00e8ce situ\u00e9e sur la p\u00e9ninsule du P\u00e9loponn\u00e8se. Elle couvre une superficie de 2 328 km\u00b2 et compte une population d&#8217;environ 173 000 habitants. La r\u00e9gion est divis\u00e9e en trois parties : l&#8217;Attique, l&#8217;Argolide et l&#8217;\u00c9pire.<\/span><\/p>\n<h3><b>Corinthe<\/b><\/h3>\n<p><span style=\"font-weight: 400;\">Corinthe est une ville portuaire grecque situ\u00e9e dans la r\u00e9gion de Mac\u00e9doine centrale. La ville est situ\u00e9e \u00e0 l&#8217;extr\u00e9mit\u00e9 nord de la p\u00e9ninsule du P\u00e9loponn\u00e8se, de l&#8217;autre c\u00f4t\u00e9 du d\u00e9troit de Corinthe. Selon la l\u00e9gende, elle a \u00e9t\u00e9 fond\u00e9e par le fils de Pos\u00e9idon, Triton.<\/span><\/p>\n<h3><b>Nauplia<\/b><\/h3>\n<p><span style=\"font-weight: 400;\">Nauplie est une ville grecque situ\u00e9e dans la r\u00e9gion de Thessalie. C&#8217;est une ville historique et touristique qui offre de nombreuses attractions aux visiteurs. Parmi eux, ses \u00e9glises, son ch\u00e2teau et son mus\u00e9e. En outre, Nauplie est c\u00e9l\u00e8bre pour ses nombreuses places et ses beaux b\u00e2timents n\u00e9oclassiques.<\/span><\/p>\n<h3><b>Myc\u00e8nes<\/b><\/h3>\n<p><span style=\"font-weight: 400;\">Si vous pr\u00e9voyez un voyage en Gr\u00e8ce, Myc\u00e8nes est l&#8217;une des villes \u00e0 ne pas manquer. Fond\u00e9e au XVIIIe si\u00e8cle avant J.-C., Myc\u00e8nes est l&#8217;une des plus importantes ruines arch\u00e9ologiques de la r\u00e9gion. Vous pourrez y voir le c\u00e9l\u00e8bre palais d&#8217;Agamemnon, ainsi que d&#8217;autres b\u00e2timents et temples de l&#8217;\u00e9poque.<\/span><\/p>\n<h3><b>Epidaure<\/b><\/h3>\n<p><span style=\"font-weight: 400;\">Epidaure, situ\u00e9e dans le sud de la Gr\u00e8ce, est l&#8217;une des attractions touristiques les plus visit\u00e9es. Son architecture impressionnante, qui remonte au 4e si\u00e8cle avant J.-C., attire des milliers de touristes chaque ann\u00e9e.<\/span><\/p>\n<p><span style=\"font-weight: 400;\">Les principales attractions d&#8217;Epidaure sont la Porte des Lions, le Temple d&#8217;Apollon et le th\u00e9\u00e2tre.<\/span><\/p>\n<p><span style=\"font-weight: 400;\">Votre accompagnateur officiel, qui est un excellent guide et conna\u00eet bien ces lieux embl\u00e9matiques, vous expliquera toute l&#8217;histoire et l&#8217;architecture de cet endroit unique.<\/span><\/p>\n<p><span style=\"font-weight: 400;\">\u00c0 la fin de la visite, votre chauffeur priv\u00e9 vous ram\u00e8nera \u00e0 votre point de d\u00e9part \u00e0 Ath\u00e8nes.<\/span><\/p>\n<p><span style=\"font-weight: 400;\">Si vous recherchez une exp\u00e9rience d&#8217;une journ\u00e9e enti\u00e8re, jetez un coup d&#8217;\u0153il \u00e0 notre <\/span><a href=\"https:\/\/tourtravelandmore.com\/fr\/tours\/grece-fr\/athenes-fr\/visite-privee-a-delfos-dathenes\/\"><span style=\"font-weight: 400;\">visite priv\u00e9e de Delphes depuis Ath\u00e8nes.<\/span><\/a><\/p>\n","protected":false},"excerpt":{"rendered":"<p><span style=\"font-weight: 400;\">Vous voulez voir les merveilles de la Gr\u00e8ce sans en manquer un seul d\u00e9tail ? Avec notre visite priv\u00e9e en Argolide, \u00e0 Corinthe, \u00e0 l&#8217;ancienne Corinthe, \u00e0 Nauplie, \u00e0 Myc\u00e8nes et \u00e0 \u00c9pidaure depuis Ath\u00e8nes, vous vivrez une exp\u00e9rience inoubliable. Nous visiterons les zones les plus embl\u00e9matiques de chaque destination.<\/span><\/p>\n","protected":false},"featured_media":125370,"comment_status":"open","ping_status":"closed","template":"","meta":{"_acf_changed":false},"product_brand":[],"product_cat":[3764],"product_tag":[],"class_list":{"0":"post-125360","1":"product","2":"type-product","3":"status-publish","4":"has-post-thumbnail","6":"product_cat-athenes-fr","8":"first","9":"instock","10":"shipping-taxable","11":"purchasable","12":"product-type-simple"},"acf":[],"yoast_head":"<!-- This site is optimized with the Yoast SEO Premium plugin v25.3.1 (Yoast SEO v25.3.1) - https:\/\/yoast.com\/wordpress\/plugins\/seo\/ -->\n<title>Visite priv\u00e9e de l&#039;Argolide, de Corinthe, de l&#039;ancienne Corinthe, de Nauplie et plus encore | Tour Travel &amp; More<\/title>\n<meta name=\"description\" content=\"Profitez d&#039;une visite priv\u00e9e \u00e0 Ath\u00e8nes pour d\u00e9couvrir les ruines de l&#039;ancienne Corinthe, de l&#039;Argolide, de Nauplie, de Myc\u00e8nes et d&#039;\u00c9pidaure. Voyagez en toute s\u00e9curit\u00e9 et dans le luxe avec Tour Travel &amp; More \u2705\" \/>\n<meta name=\"robots\" content=\"index, follow, max-snippet:-1, max-image-preview:large, max-video-preview:-1\" \/>\n<link rel=\"canonical\" href=\"https:\/\/tourtravelandmore.com\/fr\/tours\/grece-fr\/athenes-fr\/visite-privee-de-largolide-de-corinthe-de-lancienne-corinthe-de-nauplie-de-mycenes-et-depidaure-au-depart-dathenes\/\" \/>\n<meta property=\"og:locale\" content=\"fr_FR\" \/>\n<meta property=\"og:type\" content=\"article\" \/>\n<meta property=\"og:title\" content=\"Visite priv\u00e9e de l&#039;Argolide, de Corinthe, de l&#039;ancienne Corinthe, de Nauplie, de Myc\u00e8nes et d&#039;\u00c9pidaure au d\u00e9part d&#039;Ath\u00e8nes\" \/>\n<meta property=\"og:description\" content=\"Profitez d&#039;une visite priv\u00e9e \u00e0 Ath\u00e8nes pour d\u00e9couvrir les ruines de l&#039;ancienne Corinthe, de l&#039;Argolide, de Nauplie, de Myc\u00e8nes et d&#039;\u00c9pidaure. Voyagez en toute s\u00e9curit\u00e9 et dans le luxe avec Tour Travel &amp; More \u2705\" \/>\n<meta property=\"og:url\" content=\"https:\/\/tourtravelandmore.com\/fr\/tours\/grece-fr\/athenes-fr\/visite-privee-de-largolide-de-corinthe-de-lancienne-corinthe-de-nauplie-de-mycenes-et-depidaure-au-depart-dathenes\/\" \/>\n<meta property=\"og:site_name\" content=\"Tour Travel And More\" \/>\n<meta property=\"article:publisher\" content=\"https:\/\/www.facebook.com\/tourtravelandmore\/\" \/>\n<meta property=\"article:modified_time\" content=\"2022-05-09T17:14:49+00:00\" \/>\n<meta property=\"og:image\" content=\"https:\/\/tourtravelandmore.com\/wp-content\/uploads\/2022\/05\/image1-3.jpg\" \/>\n\t<meta property=\"og:image:width\" content=\"900\" \/>\n\t<meta property=\"og:image:height\" content=\"680\" \/>\n\t<meta property=\"og:image:type\" content=\"image\/jpeg\" \/>\n<meta name=\"twitter:card\" content=\"summary_large_image\" \/>\n<meta name=\"twitter:site\" content=\"@TourTravel_More\" \/>\n<meta name=\"twitter:label1\" content=\"Dur\u00e9e de lecture estim\u00e9e\" \/>\n\t<meta name=\"twitter:data1\" content=\"3 minutes\" \/>\n<script type=\"application\/ld+json\" class=\"yoast-schema-graph\">{\"@context\":\"https:\/\/schema.org\",\"@graph\":[{\"@type\":\"WebPage\",\"@id\":\"https:\/\/tourtravelandmore.com\/fr\/tours\/grece-fr\/athenes-fr\/visite-privee-de-largolide-de-corinthe-de-lancienne-corinthe-de-nauplie-de-mycenes-et-depidaure-au-depart-dathenes\/\",\"url\":\"https:\/\/tourtravelandmore.com\/fr\/tours\/grece-fr\/athenes-fr\/visite-privee-de-largolide-de-corinthe-de-lancienne-corinthe-de-nauplie-de-mycenes-et-depidaure-au-depart-dathenes\/\",\"name\":\"Visite priv\u00e9e de l'Argolide, de Corinthe, de l'ancienne Corinthe, de Nauplie et plus encore | Tour Travel & More\",\"isPartOf\":{\"@id\":\"https:\/\/tourtravelandmore.com\/fr\/#website\"},\"primaryImageOfPage\":{\"@id\":\"https:\/\/tourtravelandmore.com\/fr\/tours\/grece-fr\/athenes-fr\/visite-privee-de-largolide-de-corinthe-de-lancienne-corinthe-de-nauplie-de-mycenes-et-depidaure-au-depart-dathenes\/#primaryimage\"},\"image\":{\"@id\":\"https:\/\/tourtravelandmore.com\/fr\/tours\/grece-fr\/athenes-fr\/visite-privee-de-largolide-de-corinthe-de-lancienne-corinthe-de-nauplie-de-mycenes-et-depidaure-au-depart-dathenes\/#primaryimage\"},\"thumbnailUrl\":\"https:\/\/tourtravelandmore.com\/wp-content\/uploads\/2022\/05\/image1-3.jpg\",\"datePublished\":\"2022-05-09T16:50:41+00:00\",\"dateModified\":\"2022-05-09T17:14:49+00:00\",\"description\":\"Profitez d'une visite priv\u00e9e \u00e0 Ath\u00e8nes pour d\u00e9couvrir les ruines de l'ancienne Corinthe, de l'Argolide, de Nauplie, de Myc\u00e8nes et d'\u00c9pidaure. Voyagez en toute s\u00e9curit\u00e9 et dans le luxe avec Tour Travel & More \u2705\",\"breadcrumb\":{\"@id\":\"https:\/\/tourtravelandmore.com\/fr\/tours\/grece-fr\/athenes-fr\/visite-privee-de-largolide-de-corinthe-de-lancienne-corinthe-de-nauplie-de-mycenes-et-depidaure-au-depart-dathenes\/#breadcrumb\"},\"inLanguage\":\"fr-FR\",\"potentialAction\":[{\"@type\":\"ReadAction\",\"target\":[\"https:\/\/tourtravelandmore.com\/fr\/tours\/grece-fr\/athenes-fr\/visite-privee-de-largolide-de-corinthe-de-lancienne-corinthe-de-nauplie-de-mycenes-et-depidaure-au-depart-dathenes\/\"]}]},{\"@type\":\"ImageObject\",\"inLanguage\":\"fr-FR\",\"@id\":\"https:\/\/tourtravelandmore.com\/fr\/tours\/grece-fr\/athenes-fr\/visite-privee-de-largolide-de-corinthe-de-lancienne-corinthe-de-nauplie-de-mycenes-et-depidaure-au-depart-dathenes\/#primaryimage\",\"url\":\"https:\/\/tourtravelandmore.com\/wp-content\/uploads\/2022\/05\/image1-3.jpg\",\"contentUrl\":\"https:\/\/tourtravelandmore.com\/wp-content\/uploads\/2022\/05\/image1-3.jpg\",\"width\":900,\"height\":680},{\"@type\":\"BreadcrumbList\",\"@id\":\"https:\/\/tourtravelandmore.com\/fr\/tours\/grece-fr\/athenes-fr\/visite-privee-de-largolide-de-corinthe-de-lancienne-corinthe-de-nauplie-de-mycenes-et-depidaure-au-depart-dathenes\/#breadcrumb\",\"itemListElement\":[{\"@type\":\"ListItem\",\"position\":1,\"name\":\"Home\",\"item\":\"https:\/\/tourtravelandmore.com\/fr\/\"},{\"@type\":\"ListItem\",\"position\":2,\"name\":\"Tours\",\"item\":\"https:\/\/tourtravelandmore.com\/fr\/tours\/\"},{\"@type\":\"ListItem\",\"position\":3,\"name\":\"Visite priv\u00e9e de l&#8217;Argolide, de Corinthe, de l&#8217;ancienne Corinthe, de Nauplie, de Myc\u00e8nes et d&#8217;\u00c9pidaure au d\u00e9part d&#8217;Ath\u00e8nes\"}]},{\"@type\":\"WebSite\",\"@id\":\"https:\/\/tourtravelandmore.com\/fr\/#website\",\"url\":\"https:\/\/tourtravelandmore.com\/fr\/\",\"name\":\"Tour Travel And More\",\"description\":\"Private sightseeing tours and luxury transfers in Spain\",\"publisher\":{\"@id\":\"https:\/\/tourtravelandmore.com\/fr\/#organization\"},\"potentialAction\":[{\"@type\":\"SearchAction\",\"target\":{\"@type\":\"EntryPoint\",\"urlTemplate\":\"https:\/\/tourtravelandmore.com\/fr\/?s={search_term_string}\"},\"query-input\":{\"@type\":\"PropertyValueSpecification\",\"valueRequired\":true,\"valueName\":\"search_term_string\"}}],\"inLanguage\":\"fr-FR\"},{\"@type\":\"Organization\",\"@id\":\"https:\/\/tourtravelandmore.com\/fr\/#organization\",\"name\":\"Tour Travel And More\",\"url\":\"https:\/\/tourtravelandmore.com\/fr\/\",\"logo\":{\"@type\":\"ImageObject\",\"inLanguage\":\"fr-FR\",\"@id\":\"https:\/\/tourtravelandmore.com\/fr\/#\/schema\/logo\/image\/\",\"url\":\"https:\/\/tourtravelandmore.com\/wp-content\/uploads\/2022\/12\/cropped-logo-cabecera-new.png\",\"contentUrl\":\"https:\/\/tourtravelandmore.com\/wp-content\/uploads\/2022\/12\/cropped-logo-cabecera-new.png\",\"width\":430,\"height\":61,\"caption\":\"Tour Travel And More\"},\"image\":{\"@id\":\"https:\/\/tourtravelandmore.com\/fr\/#\/schema\/logo\/image\/\"},\"sameAs\":[\"https:\/\/www.facebook.com\/tourtravelandmore\/\",\"https:\/\/x.com\/TourTravel_More\"]}]}<\/script>\n<!-- \/ Yoast SEO Premium plugin. -->","yoast_head_json":{"title":"Visite priv\u00e9e de l'Argolide, de Corinthe, de l'ancienne Corinthe, de Nauplie et plus encore | Tour Travel & More","description":"Profitez d'une visite priv\u00e9e \u00e0 Ath\u00e8nes pour d\u00e9couvrir les ruines de l'ancienne Corinthe, de l'Argolide, de Nauplie, de Myc\u00e8nes et d'\u00c9pidaure. Voyagez en toute s\u00e9curit\u00e9 et dans le luxe avec Tour Travel & More \u2705","robots":{"index":"index","follow":"follow","max-snippet":"max-snippet:-1","max-image-preview":"max-image-preview:large","max-video-preview":"max-video-preview:-1"},"canonical":"https:\/\/tourtravelandmore.com\/fr\/tours\/grece-fr\/athenes-fr\/visite-privee-de-largolide-de-corinthe-de-lancienne-corinthe-de-nauplie-de-mycenes-et-depidaure-au-depart-dathenes\/","og_locale":"fr_FR","og_type":"article","og_title":"Visite priv\u00e9e de l'Argolide, de Corinthe, de l'ancienne Corinthe, de Nauplie, de Myc\u00e8nes et d'\u00c9pidaure au d\u00e9part d'Ath\u00e8nes","og_description":"Profitez d'une visite priv\u00e9e \u00e0 Ath\u00e8nes pour d\u00e9couvrir les ruines de l'ancienne Corinthe, de l'Argolide, de Nauplie, de Myc\u00e8nes et d'\u00c9pidaure. Voyagez en toute s\u00e9curit\u00e9 et dans le luxe avec Tour Travel & More \u2705","og_url":"https:\/\/tourtravelandmore.com\/fr\/tours\/grece-fr\/athenes-fr\/visite-privee-de-largolide-de-corinthe-de-lancienne-corinthe-de-nauplie-de-mycenes-et-depidaure-au-depart-dathenes\/","og_site_name":"Tour Travel And More","article_publisher":"https:\/\/www.facebook.com\/tourtravelandmore\/","article_modified_time":"2022-05-09T17:14:49+00:00","og_image":[{"width":900,"height":680,"url":"https:\/\/tourtravelandmore.com\/wp-content\/uploads\/2022\/05\/image1-3.jpg","type":"image\/jpeg"}],"twitter_card":"summary_large_image","twitter_site":"@TourTravel_More","twitter_misc":{"Dur\u00e9e de lecture estim\u00e9e":"3 minutes"},"schema":{"@context":"https:\/\/schema.org","@graph":[{"@type":"WebPage","@id":"https:\/\/tourtravelandmore.com\/fr\/tours\/grece-fr\/athenes-fr\/visite-privee-de-largolide-de-corinthe-de-lancienne-corinthe-de-nauplie-de-mycenes-et-depidaure-au-depart-dathenes\/","url":"https:\/\/tourtravelandmore.com\/fr\/tours\/grece-fr\/athenes-fr\/visite-privee-de-largolide-de-corinthe-de-lancienne-corinthe-de-nauplie-de-mycenes-et-depidaure-au-depart-dathenes\/","name":"Visite priv\u00e9e de l'Argolide, de Corinthe, de l'ancienne Corinthe, de Nauplie et plus encore | Tour Travel & More","isPartOf":{"@id":"https:\/\/tourtravelandmore.com\/fr\/#website"},"primaryImageOfPage":{"@id":"https:\/\/tourtravelandmore.com\/fr\/tours\/grece-fr\/athenes-fr\/visite-privee-de-largolide-de-corinthe-de-lancienne-corinthe-de-nauplie-de-mycenes-et-depidaure-au-depart-dathenes\/#primaryimage"},"image":{"@id":"https:\/\/tourtravelandmore.com\/fr\/tours\/grece-fr\/athenes-fr\/visite-privee-de-largolide-de-corinthe-de-lancienne-corinthe-de-nauplie-de-mycenes-et-depidaure-au-depart-dathenes\/#primaryimage"},"thumbnailUrl":"https:\/\/tourtravelandmore.com\/wp-content\/uploads\/2022\/05\/image1-3.jpg","datePublished":"2022-05-09T16:50:41+00:00","dateModified":"2022-05-09T17:14:49+00:00","description":"Profitez d'une visite priv\u00e9e \u00e0 Ath\u00e8nes pour d\u00e9couvrir les ruines de l'ancienne Corinthe, de l'Argolide, de Nauplie, de Myc\u00e8nes et d'\u00c9pidaure. Voyagez en toute s\u00e9curit\u00e9 et dans le luxe avec Tour Travel & More \u2705","breadcrumb":{"@id":"https:\/\/tourtravelandmore.com\/fr\/tours\/grece-fr\/athenes-fr\/visite-privee-de-largolide-de-corinthe-de-lancienne-corinthe-de-nauplie-de-mycenes-et-depidaure-au-depart-dathenes\/#breadcrumb"},"inLanguage":"fr-FR","potentialAction":[{"@type":"ReadAction","target":["https:\/\/tourtravelandmore.com\/fr\/tours\/grece-fr\/athenes-fr\/visite-privee-de-largolide-de-corinthe-de-lancienne-corinthe-de-nauplie-de-mycenes-et-depidaure-au-depart-dathenes\/"]}]},{"@type":"ImageObject","inLanguage":"fr-FR","@id":"https:\/\/tourtravelandmore.com\/fr\/tours\/grece-fr\/athenes-fr\/visite-privee-de-largolide-de-corinthe-de-lancienne-corinthe-de-nauplie-de-mycenes-et-depidaure-au-depart-dathenes\/#primaryimage","url":"https:\/\/tourtravelandmore.com\/wp-content\/uploads\/2022\/05\/image1-3.jpg","contentUrl":"https:\/\/tourtravelandmore.com\/wp-content\/uploads\/2022\/05\/image1-3.jpg","width":900,"height":680},{"@type":"BreadcrumbList","@id":"https:\/\/tourtravelandmore.com\/fr\/tours\/grece-fr\/athenes-fr\/visite-privee-de-largolide-de-corinthe-de-lancienne-corinthe-de-nauplie-de-mycenes-et-depidaure-au-depart-dathenes\/#breadcrumb","itemListElement":[{"@type":"ListItem","position":1,"name":"Home","item":"https:\/\/tourtravelandmore.com\/fr\/"},{"@type":"ListItem","position":2,"name":"Tours","item":"https:\/\/tourtravelandmore.com\/fr\/tours\/"},{"@type":"ListItem","position":3,"name":"Visite priv\u00e9e de l&#8217;Argolide, de Corinthe, de l&#8217;ancienne Corinthe, de Nauplie, de Myc\u00e8nes et d&#8217;\u00c9pidaure au d\u00e9part d&#8217;Ath\u00e8nes"}]},{"@type":"WebSite","@id":"https:\/\/tourtravelandmore.com\/fr\/#website","url":"https:\/\/tourtravelandmore.com\/fr\/","name":"Tour Travel And More","description":"Private sightseeing tours and luxury transfers in Spain","publisher":{"@id":"https:\/\/tourtravelandmore.com\/fr\/#organization"},"potentialAction":[{"@type":"SearchAction","target":{"@type":"EntryPoint","urlTemplate":"https:\/\/tourtravelandmore.com\/fr\/?s={search_term_string}"},"query-input":{"@type":"PropertyValueSpecification","valueRequired":true,"valueName":"search_term_string"}}],"inLanguage":"fr-FR"},{"@type":"Organization","@id":"https:\/\/tourtravelandmore.com\/fr\/#organization","name":"Tour Travel And More","url":"https:\/\/tourtravelandmore.com\/fr\/","logo":{"@type":"ImageObject","inLanguage":"fr-FR","@id":"https:\/\/tourtravelandmore.com\/fr\/#\/schema\/logo\/image\/","url":"https:\/\/tourtravelandmore.com\/wp-content\/uploads\/2022\/12\/cropped-logo-cabecera-new.png","contentUrl":"https:\/\/tourtravelandmore.com\/wp-content\/uploads\/2022\/12\/cropped-logo-cabecera-new.png","width":430,"height":61,"caption":"Tour Travel And More"},"image":{"@id":"https:\/\/tourtravelandmore.com\/fr\/#\/schema\/logo\/image\/"},"sameAs":["https:\/\/www.facebook.com\/tourtravelandmore\/","https:\/\/x.com\/TourTravel_More"]}]}},"_links":{"self":[{"href":"https:\/\/tourtravelandmore.com\/fr\/wp-json\/wp\/v2\/product\/125360","targetHints":{"allow":["GET"]}}],"collection":[{"href":"https:\/\/tourtravelandmore.com\/fr\/wp-json\/wp\/v2\/product"}],"about":[{"href":"https:\/\/tourtravelandmore.com\/fr\/wp-json\/wp\/v2\/types\/product"}],"replies":[{"embeddable":true,"href":"https:\/\/tourtravelandmore.com\/fr\/wp-json\/wp\/v2\/comments?post=125360"}],"wp:featuredmedia":[{"embeddable":true,"href":"https:\/\/tourtravelandmore.com\/fr\/wp-json\/wp\/v2\/media\/125370"}],"wp:attachment":[{"href":"https:\/\/tourtravelandmore.com\/fr\/wp-json\/wp\/v2\/media?parent=125360"}],"wp:term":[{"taxonomy":"product_brand","embeddable":true,"href":"https:\/\/tourtravelandmore.com\/fr\/wp-json\/wp\/v2\/product_brand?post=125360"},{"taxonomy":"product_cat","embeddable":true,"href":"https:\/\/tourtravelandmore.com\/fr\/wp-json\/wp\/v2\/product_cat?post=125360"},{"taxonomy":"product_tag","embeddable":true,"href":"https:\/\/tourtravelandmore.com\/fr\/wp-json\/wp\/v2\/product_tag?post=125360"}],"curies":[{"name":"wp","href":"https:\/\/api.w.org\/{rel}","templated":true}]}}