{"id":125325,"date":"2022-05-09T18:34:33","date_gmt":"2022-05-09T16:34:39","guid":{"rendered":"https:\/\/tourtravelandmore.com\/?post_type=product&#038;p=125325"},"modified":"2022-05-09T18:47:38","modified_gmt":"2022-05-09T16:47:38","slug":"excursion-privee-a-nauplie-et-degustation-de-vins-au-depart-dathenes","status":"publish","type":"product","link":"https:\/\/tourtravelandmore.com\/fr\/tours\/grece-fr\/athenes-fr\/excursion-privee-a-nauplie-et-degustation-de-vins-au-depart-dathenes\/","title":{"rendered":"Excursion priv\u00e9e \u00e0 Nauplie et d\u00e9gustation de vins au d\u00e9part d&#8217;Ath\u00e8nes"},"content":{"rendered":"<h2><b>Description de l&#8217;excursion priv\u00e9e \u00e0 Nauplie et d\u00e9gustation de vin<\/b><\/h2>\n<p><span style=\"font-weight: 400;\">Il s&#8217;agit d&#8217;une visite priv\u00e9e enti\u00e8rement personnalis\u00e9e d&#8217;Ath\u00e8nes \u00e0 Nauplie. Vous d\u00e9couvrirez cette belle r\u00e9gion et ses lieux les plus embl\u00e9matiques avec votre chauffeur priv\u00e9.<\/span><\/p>\n<p><span style=\"font-weight: 400;\">Profitez d&#8217;une d\u00e9gustation de vin \u00e0 Nauplie, nous vous emm\u00e8nerons dans une cave o\u00f9 l&#8217;on cultive et produit l&#8217;un des meilleurs vins de toute la Gr\u00e8ce.<\/span><\/p>\n<p><span style=\"font-weight: 400;\">Profitez de la flexibilit\u00e9 de ce circuit qui vous permet de vous concentrer sur les sites qui vous int\u00e9ressent le plus. Pendant votre visite, votre chauffeur vous emm\u00e8nera aux meilleurs endroits de la ville pour prendre les meilleures photos.<\/span><\/p>\n<h2><b>Points forts de l&#8217;excursion priv\u00e9e Nauplie et d\u00e9gustation de vins<\/b><\/h2>\n<p><span style=\"font-weight: 400;\">Tout d&#8217;abord, votre chauffeur priv\u00e9 viendra vous chercher \u00e0 votre h\u00f4tel ou au point de votre choix \u00e0 Ath\u00e8nes pour commencer cette visite priv\u00e9e de 8 heures \u00e0 la beaut\u00e9 de Nauplie, y compris les billets d&#8217;entr\u00e9e au lieu de d\u00e9gustation de vin. Ce sera une exp\u00e9rience que vous n&#8217;oublierez jamais.<\/span><\/p>\n<h3><span style=\"font-weight: 400; color: #d3af37;\">Nauplie<\/span><\/h3>\n<p><span style=\"font-weight: 400;\">Nauplie est une ville situ\u00e9e en Gr\u00e8ce, qui poss\u00e8de de nombreuses attractions touristiques. Parmi eux, le th\u00e9\u00e2tre grec, les ruines de la ville antique et le palais royal. Napfilio est \u00e9galement une ville c\u00f4ti\u00e8re, ce qui la rend encore plus attrayante pour les touristes.<\/span><\/p>\n<p><span style=\"font-weight: 400;\">Nous vous donnerons du temps pour d\u00e9jeuner dans un restaurant typique de la r\u00e9gion, demandez nos recommandations.<\/span><\/p>\n<h3><span style=\"color: #d3af37;\"><b>D\u00e9gustation de vins \u00e0 Nauplie<\/b><\/span><\/h3>\n<p><span style=\"font-weight: 400;\">La d\u00e9gustation de vins \u00e0 Nauplie est une exp\u00e9rience unique \u00e0 ne pas manquer. Profitez d&#8217;un apr\u00e8s-midi en compagnie d&#8217;un sommelier exp\u00e9riment\u00e9 qui vous guidera \u00e0 travers les cinq \u00e9tapes de la d\u00e9gustation du vin : visualisation, odeur, d\u00e9gustation, analyse et conclusion. Vous apprendrez \u00e0 distinguer les diff\u00e9rents ar\u00f4mes et saveurs des vins et \u00e0 \u00e9valuer leur qualit\u00e9.<\/span><\/p>\n<p><span style=\"font-weight: 400;\">Vous d\u00e9couvrirez \u00e9galement l&#8217;histoire et les caract\u00e9ristiques de chacun des vins pr\u00e9sent\u00e9s lors de la d\u00e9gustation.<\/span><\/p>\n<p><span style=\"font-weight: 400;\">La d\u00e9gustation de vins \u00e0 Nauplie est une exp\u00e9rience inoubliable qui vous permettra d&#8217;en apprendre davantage sur le monde des vins et d&#8217;en appr\u00e9cier la diversit\u00e9.<\/span><\/p>\n<p><span style=\"font-weight: 400;\">Enfin, \u00e0 la fin de votre visite, votre chauffeur vous ram\u00e8nera \u00e0 votre point de d\u00e9part \u00e0 Ath\u00e8nes.<\/span><\/p>\n<p><span style=\"font-weight: 400;\">Si vous souhaitez inclure les frais d&#8217;entr\u00e9e dans les monuments ou les mus\u00e9es, veuillez nous le faire savoir et nous nous en occuperons. Il s&#8217;agit d&#8217;un exemple de visite de 8 heures, mais si vous le pr\u00e9f\u00e9rez, nous pouvons ajouter des heures suppl\u00e9mentaires \u00e0 votre exp\u00e9rience.<\/span><\/p>\n<p><span style=\"font-weight: 400;\">Cette visite est enti\u00e8rement personnalisable. Contactez-nous pour faire de votre visite une exp\u00e9rience unique et vous aider \u00e0 organiser votre visite priv\u00e9e \u00e0 votre convenance.<\/span><\/p>\n<p><span style=\"font-weight: 400;\">Si, en revanche, vous souhaitez en savoir plus sur la Gr\u00e8ce, n&#8217;oubliez pas de visiter l&#8217;un de nos <\/span><a href=\"https:\/\/tourtravelandmore.com\/fr\/city\/grece-fr\/athenes-fr\/\"><span style=\"font-weight: 400;\">circuits priv\u00e9s \u00e0 Ath\u00e8nes.<\/span><\/a><\/p>\n","protected":false},"excerpt":{"rendered":"<p><span style=\"font-weight: 400;\">Vous souhaitez d\u00e9couvrir Nauplie lors d&#8217;une visite priv\u00e9e ? Avec Tour Travel &amp; More, c&#8217;est possible ! Nos visites priv\u00e9es sont le meilleur moyen de visiter cette magnifique destination. En outre, vous pourrez profiter d&#8217;une d\u00e9gustation de vins dans un \u00e9tablissement vinicole local &#8211; ne manquez pas cette occasion !<\/span><\/p>\n","protected":false},"featured_media":125344,"comment_status":"open","ping_status":"closed","template":"","meta":{"_acf_changed":false},"product_brand":[],"product_cat":[3764],"product_tag":[],"class_list":{"0":"post-125325","1":"product","2":"type-product","3":"status-publish","4":"has-post-thumbnail","6":"product_cat-athenes-fr","8":"first","9":"instock","10":"shipping-taxable","11":"purchasable","12":"product-type-simple"},"acf":[],"yoast_head":"<!-- This site is optimized with the Yoast SEO Premium plugin v25.3.1 (Yoast SEO v25.3.1) - https:\/\/yoast.com\/wordpress\/plugins\/seo\/ -->\n<title>Visite priv\u00e9e de Nauplie et d\u00e9gustation de vins au d\u00e9part d&#039;Ath\u00e8nes | Tour Travle &amp; More<\/title>\n<meta name=\"description\" content=\"D\u00e9couvrez la splendide ville de Nauplie lors d&#039;une visite priv\u00e9e et enti\u00e8rement guid\u00e9e de d\u00e9gustation de vins. D\u00e9couvrez l&#039;histoire de cette ville historique en compagnie d&#039;un expert en la mati\u00e8re\" \/>\n<meta name=\"robots\" content=\"index, follow, max-snippet:-1, max-image-preview:large, max-video-preview:-1\" \/>\n<link rel=\"canonical\" href=\"https:\/\/tourtravelandmore.com\/fr\/tours\/grece-fr\/athenes-fr\/excursion-privee-a-nauplie-et-degustation-de-vins-au-depart-dathenes\/\" \/>\n<meta property=\"og:locale\" content=\"fr_FR\" \/>\n<meta property=\"og:type\" content=\"article\" \/>\n<meta property=\"og:title\" content=\"Excursion priv\u00e9e \u00e0 Nauplie et d\u00e9gustation de vins au d\u00e9part d&#039;Ath\u00e8nes\" \/>\n<meta property=\"og:description\" content=\"D\u00e9couvrez la splendide ville de Nauplie lors d&#039;une visite priv\u00e9e et enti\u00e8rement guid\u00e9e de d\u00e9gustation de vins. D\u00e9couvrez l&#039;histoire de cette ville historique en compagnie d&#039;un expert en la mati\u00e8re\" \/>\n<meta property=\"og:url\" content=\"https:\/\/tourtravelandmore.com\/fr\/tours\/grece-fr\/athenes-fr\/excursion-privee-a-nauplie-et-degustation-de-vins-au-depart-dathenes\/\" \/>\n<meta property=\"og:site_name\" content=\"Tour Travel And More\" \/>\n<meta property=\"article:publisher\" content=\"https:\/\/www.facebook.com\/tourtravelandmore\/\" \/>\n<meta property=\"article:modified_time\" content=\"2022-05-09T16:47:38+00:00\" \/>\n<meta property=\"og:image\" content=\"https:\/\/tourtravelandmore.com\/wp-content\/uploads\/2022\/05\/image4-2.jpg\" \/>\n\t<meta property=\"og:image:width\" content=\"900\" \/>\n\t<meta property=\"og:image:height\" content=\"680\" \/>\n\t<meta property=\"og:image:type\" content=\"image\/jpeg\" \/>\n<meta name=\"twitter:card\" content=\"summary_large_image\" \/>\n<meta name=\"twitter:site\" content=\"@TourTravel_More\" \/>\n<meta name=\"twitter:label1\" content=\"Dur\u00e9e de lecture estim\u00e9e\" \/>\n\t<meta name=\"twitter:data1\" content=\"2 minutes\" \/>\n<script type=\"application\/ld+json\" class=\"yoast-schema-graph\">{\"@context\":\"https:\/\/schema.org\",\"@graph\":[{\"@type\":\"WebPage\",\"@id\":\"https:\/\/tourtravelandmore.com\/fr\/tours\/grece-fr\/athenes-fr\/excursion-privee-a-nauplie-et-degustation-de-vins-au-depart-dathenes\/\",\"url\":\"https:\/\/tourtravelandmore.com\/fr\/tours\/grece-fr\/athenes-fr\/excursion-privee-a-nauplie-et-degustation-de-vins-au-depart-dathenes\/\",\"name\":\"Visite priv\u00e9e de Nauplie et d\u00e9gustation de vins au d\u00e9part d'Ath\u00e8nes | Tour Travle & More\",\"isPartOf\":{\"@id\":\"https:\/\/tourtravelandmore.com\/fr\/#website\"},\"primaryImageOfPage\":{\"@id\":\"https:\/\/tourtravelandmore.com\/fr\/tours\/grece-fr\/athenes-fr\/excursion-privee-a-nauplie-et-degustation-de-vins-au-depart-dathenes\/#primaryimage\"},\"image\":{\"@id\":\"https:\/\/tourtravelandmore.com\/fr\/tours\/grece-fr\/athenes-fr\/excursion-privee-a-nauplie-et-degustation-de-vins-au-depart-dathenes\/#primaryimage\"},\"thumbnailUrl\":\"https:\/\/tourtravelandmore.com\/wp-content\/uploads\/2022\/05\/image4-2.jpg\",\"datePublished\":\"2022-05-09T16:34:39+00:00\",\"dateModified\":\"2022-05-09T16:47:38+00:00\",\"description\":\"D\u00e9couvrez la splendide ville de Nauplie lors d'une visite priv\u00e9e et enti\u00e8rement guid\u00e9e de d\u00e9gustation de vins. D\u00e9couvrez l'histoire de cette ville historique en compagnie d'un expert en la mati\u00e8re\",\"breadcrumb\":{\"@id\":\"https:\/\/tourtravelandmore.com\/fr\/tours\/grece-fr\/athenes-fr\/excursion-privee-a-nauplie-et-degustation-de-vins-au-depart-dathenes\/#breadcrumb\"},\"inLanguage\":\"fr-FR\",\"potentialAction\":[{\"@type\":\"ReadAction\",\"target\":[\"https:\/\/tourtravelandmore.com\/fr\/tours\/grece-fr\/athenes-fr\/excursion-privee-a-nauplie-et-degustation-de-vins-au-depart-dathenes\/\"]}]},{\"@type\":\"ImageObject\",\"inLanguage\":\"fr-FR\",\"@id\":\"https:\/\/tourtravelandmore.com\/fr\/tours\/grece-fr\/athenes-fr\/excursion-privee-a-nauplie-et-degustation-de-vins-au-depart-dathenes\/#primaryimage\",\"url\":\"https:\/\/tourtravelandmore.com\/wp-content\/uploads\/2022\/05\/image4-2.jpg\",\"contentUrl\":\"https:\/\/tourtravelandmore.com\/wp-content\/uploads\/2022\/05\/image4-2.jpg\",\"width\":900,\"height\":680},{\"@type\":\"BreadcrumbList\",\"@id\":\"https:\/\/tourtravelandmore.com\/fr\/tours\/grece-fr\/athenes-fr\/excursion-privee-a-nauplie-et-degustation-de-vins-au-depart-dathenes\/#breadcrumb\",\"itemListElement\":[{\"@type\":\"ListItem\",\"position\":1,\"name\":\"Home\",\"item\":\"https:\/\/tourtravelandmore.com\/fr\/\"},{\"@type\":\"ListItem\",\"position\":2,\"name\":\"Tours\",\"item\":\"https:\/\/tourtravelandmore.com\/fr\/tours\/\"},{\"@type\":\"ListItem\",\"position\":3,\"name\":\"Excursion priv\u00e9e \u00e0 Nauplie et d\u00e9gustation de vins au d\u00e9part d&rsquo;Ath\u00e8nes\"}]},{\"@type\":\"WebSite\",\"@id\":\"https:\/\/tourtravelandmore.com\/fr\/#website\",\"url\":\"https:\/\/tourtravelandmore.com\/fr\/\",\"name\":\"Tour Travel And More\",\"description\":\"Private sightseeing tours and luxury transfers in Spain\",\"publisher\":{\"@id\":\"https:\/\/tourtravelandmore.com\/fr\/#organization\"},\"potentialAction\":[{\"@type\":\"SearchAction\",\"target\":{\"@type\":\"EntryPoint\",\"urlTemplate\":\"https:\/\/tourtravelandmore.com\/fr\/?s={search_term_string}\"},\"query-input\":{\"@type\":\"PropertyValueSpecification\",\"valueRequired\":true,\"valueName\":\"search_term_string\"}}],\"inLanguage\":\"fr-FR\"},{\"@type\":\"Organization\",\"@id\":\"https:\/\/tourtravelandmore.com\/fr\/#organization\",\"name\":\"Tour Travel And More\",\"url\":\"https:\/\/tourtravelandmore.com\/fr\/\",\"logo\":{\"@type\":\"ImageObject\",\"inLanguage\":\"fr-FR\",\"@id\":\"https:\/\/tourtravelandmore.com\/fr\/#\/schema\/logo\/image\/\",\"url\":\"https:\/\/tourtravelandmore.com\/wp-content\/uploads\/2022\/12\/cropped-logo-cabecera-new.png\",\"contentUrl\":\"https:\/\/tourtravelandmore.com\/wp-content\/uploads\/2022\/12\/cropped-logo-cabecera-new.png\",\"width\":430,\"height\":61,\"caption\":\"Tour Travel And More\"},\"image\":{\"@id\":\"https:\/\/tourtravelandmore.com\/fr\/#\/schema\/logo\/image\/\"},\"sameAs\":[\"https:\/\/www.facebook.com\/tourtravelandmore\/\",\"https:\/\/x.com\/TourTravel_More\"]}]}<\/script>\n<!-- \/ Yoast SEO Premium plugin. -->","yoast_head_json":{"title":"Visite priv\u00e9e de Nauplie et d\u00e9gustation de vins au d\u00e9part d'Ath\u00e8nes | Tour Travle & More","description":"D\u00e9couvrez la splendide ville de Nauplie lors d'une visite priv\u00e9e et enti\u00e8rement guid\u00e9e de d\u00e9gustation de vins. D\u00e9couvrez l'histoire de cette ville historique en compagnie d'un expert en la mati\u00e8re","robots":{"index":"index","follow":"follow","max-snippet":"max-snippet:-1","max-image-preview":"max-image-preview:large","max-video-preview":"max-video-preview:-1"},"canonical":"https:\/\/tourtravelandmore.com\/fr\/tours\/grece-fr\/athenes-fr\/excursion-privee-a-nauplie-et-degustation-de-vins-au-depart-dathenes\/","og_locale":"fr_FR","og_type":"article","og_title":"Excursion priv\u00e9e \u00e0 Nauplie et d\u00e9gustation de vins au d\u00e9part d'Ath\u00e8nes","og_description":"D\u00e9couvrez la splendide ville de Nauplie lors d'une visite priv\u00e9e et enti\u00e8rement guid\u00e9e de d\u00e9gustation de vins. D\u00e9couvrez l'histoire de cette ville historique en compagnie d'un expert en la mati\u00e8re","og_url":"https:\/\/tourtravelandmore.com\/fr\/tours\/grece-fr\/athenes-fr\/excursion-privee-a-nauplie-et-degustation-de-vins-au-depart-dathenes\/","og_site_name":"Tour Travel And More","article_publisher":"https:\/\/www.facebook.com\/tourtravelandmore\/","article_modified_time":"2022-05-09T16:47:38+00:00","og_image":[{"width":900,"height":680,"url":"https:\/\/tourtravelandmore.com\/wp-content\/uploads\/2022\/05\/image4-2.jpg","type":"image\/jpeg"}],"twitter_card":"summary_large_image","twitter_site":"@TourTravel_More","twitter_misc":{"Dur\u00e9e de lecture estim\u00e9e":"2 minutes"},"schema":{"@context":"https:\/\/schema.org","@graph":[{"@type":"WebPage","@id":"https:\/\/tourtravelandmore.com\/fr\/tours\/grece-fr\/athenes-fr\/excursion-privee-a-nauplie-et-degustation-de-vins-au-depart-dathenes\/","url":"https:\/\/tourtravelandmore.com\/fr\/tours\/grece-fr\/athenes-fr\/excursion-privee-a-nauplie-et-degustation-de-vins-au-depart-dathenes\/","name":"Visite priv\u00e9e de Nauplie et d\u00e9gustation de vins au d\u00e9part d'Ath\u00e8nes | Tour Travle & More","isPartOf":{"@id":"https:\/\/tourtravelandmore.com\/fr\/#website"},"primaryImageOfPage":{"@id":"https:\/\/tourtravelandmore.com\/fr\/tours\/grece-fr\/athenes-fr\/excursion-privee-a-nauplie-et-degustation-de-vins-au-depart-dathenes\/#primaryimage"},"image":{"@id":"https:\/\/tourtravelandmore.com\/fr\/tours\/grece-fr\/athenes-fr\/excursion-privee-a-nauplie-et-degustation-de-vins-au-depart-dathenes\/#primaryimage"},"thumbnailUrl":"https:\/\/tourtravelandmore.com\/wp-content\/uploads\/2022\/05\/image4-2.jpg","datePublished":"2022-05-09T16:34:39+00:00","dateModified":"2022-05-09T16:47:38+00:00","description":"D\u00e9couvrez la splendide ville de Nauplie lors d'une visite priv\u00e9e et enti\u00e8rement guid\u00e9e de d\u00e9gustation de vins. D\u00e9couvrez l'histoire de cette ville historique en compagnie d'un expert en la mati\u00e8re","breadcrumb":{"@id":"https:\/\/tourtravelandmore.com\/fr\/tours\/grece-fr\/athenes-fr\/excursion-privee-a-nauplie-et-degustation-de-vins-au-depart-dathenes\/#breadcrumb"},"inLanguage":"fr-FR","potentialAction":[{"@type":"ReadAction","target":["https:\/\/tourtravelandmore.com\/fr\/tours\/grece-fr\/athenes-fr\/excursion-privee-a-nauplie-et-degustation-de-vins-au-depart-dathenes\/"]}]},{"@type":"ImageObject","inLanguage":"fr-FR","@id":"https:\/\/tourtravelandmore.com\/fr\/tours\/grece-fr\/athenes-fr\/excursion-privee-a-nauplie-et-degustation-de-vins-au-depart-dathenes\/#primaryimage","url":"https:\/\/tourtravelandmore.com\/wp-content\/uploads\/2022\/05\/image4-2.jpg","contentUrl":"https:\/\/tourtravelandmore.com\/wp-content\/uploads\/2022\/05\/image4-2.jpg","width":900,"height":680},{"@type":"BreadcrumbList","@id":"https:\/\/tourtravelandmore.com\/fr\/tours\/grece-fr\/athenes-fr\/excursion-privee-a-nauplie-et-degustation-de-vins-au-depart-dathenes\/#breadcrumb","itemListElement":[{"@type":"ListItem","position":1,"name":"Home","item":"https:\/\/tourtravelandmore.com\/fr\/"},{"@type":"ListItem","position":2,"name":"Tours","item":"https:\/\/tourtravelandmore.com\/fr\/tours\/"},{"@type":"ListItem","position":3,"name":"Excursion priv\u00e9e \u00e0 Nauplie et d\u00e9gustation de vins au d\u00e9part d&rsquo;Ath\u00e8nes"}]},{"@type":"WebSite","@id":"https:\/\/tourtravelandmore.com\/fr\/#website","url":"https:\/\/tourtravelandmore.com\/fr\/","name":"Tour Travel And More","description":"Private sightseeing tours and luxury transfers in Spain","publisher":{"@id":"https:\/\/tourtravelandmore.com\/fr\/#organization"},"potentialAction":[{"@type":"SearchAction","target":{"@type":"EntryPoint","urlTemplate":"https:\/\/tourtravelandmore.com\/fr\/?s={search_term_string}"},"query-input":{"@type":"PropertyValueSpecification","valueRequired":true,"valueName":"search_term_string"}}],"inLanguage":"fr-FR"},{"@type":"Organization","@id":"https:\/\/tourtravelandmore.com\/fr\/#organization","name":"Tour Travel And More","url":"https:\/\/tourtravelandmore.com\/fr\/","logo":{"@type":"ImageObject","inLanguage":"fr-FR","@id":"https:\/\/tourtravelandmore.com\/fr\/#\/schema\/logo\/image\/","url":"https:\/\/tourtravelandmore.com\/wp-content\/uploads\/2022\/12\/cropped-logo-cabecera-new.png","contentUrl":"https:\/\/tourtravelandmore.com\/wp-content\/uploads\/2022\/12\/cropped-logo-cabecera-new.png","width":430,"height":61,"caption":"Tour Travel And More"},"image":{"@id":"https:\/\/tourtravelandmore.com\/fr\/#\/schema\/logo\/image\/"},"sameAs":["https:\/\/www.facebook.com\/tourtravelandmore\/","https:\/\/x.com\/TourTravel_More"]}]}},"_links":{"self":[{"href":"https:\/\/tourtravelandmore.com\/fr\/wp-json\/wp\/v2\/product\/125325","targetHints":{"allow":["GET"]}}],"collection":[{"href":"https:\/\/tourtravelandmore.com\/fr\/wp-json\/wp\/v2\/product"}],"about":[{"href":"https:\/\/tourtravelandmore.com\/fr\/wp-json\/wp\/v2\/types\/product"}],"replies":[{"embeddable":true,"href":"https:\/\/tourtravelandmore.com\/fr\/wp-json\/wp\/v2\/comments?post=125325"}],"wp:featuredmedia":[{"embeddable":true,"href":"https:\/\/tourtravelandmore.com\/fr\/wp-json\/wp\/v2\/media\/125344"}],"wp:attachment":[{"href":"https:\/\/tourtravelandmore.com\/fr\/wp-json\/wp\/v2\/media?parent=125325"}],"wp:term":[{"taxonomy":"product_brand","embeddable":true,"href":"https:\/\/tourtravelandmore.com\/fr\/wp-json\/wp\/v2\/product_brand?post=125325"},{"taxonomy":"product_cat","embeddable":true,"href":"https:\/\/tourtravelandmore.com\/fr\/wp-json\/wp\/v2\/product_cat?post=125325"},{"taxonomy":"product_tag","embeddable":true,"href":"https:\/\/tourtravelandmore.com\/fr\/wp-json\/wp\/v2\/product_tag?post=125325"}],"curies":[{"name":"wp","href":"https:\/\/api.w.org\/{rel}","templated":true}]}}