{"id":125290,"date":"2022-05-09T18:00:39","date_gmt":"2022-05-09T16:00:45","guid":{"rendered":"https:\/\/tourtravelandmore.com\/?post_type=product&#038;p=125290"},"modified":"2022-05-09T18:33:48","modified_gmt":"2022-05-09T16:33:48","slug":"visite-privee-darakhova-et-de-delphes-au-depart-dathenes","status":"publish","type":"product","link":"https:\/\/tourtravelandmore.com\/fr\/tours\/grece-fr\/athenes-fr\/visite-privee-darakhova-et-de-delphes-au-depart-dathenes\/","title":{"rendered":"Visite priv\u00e9e d&#8217;Arakhova et de Delphes au d\u00e9part d&#8217;Ath\u00e8nes"},"content":{"rendered":"<h2><b>Description de l&#8217;excursion priv\u00e9e d&#8217;une journ\u00e9e \u00e0 Arakhova et Delphes au d\u00e9part d&#8217;Ath\u00e8nes<\/b><\/h2>\n<p><span style=\"font-weight: 400;\">Arakhova est un village situ\u00e9 \u00e0 environ 150 kilom\u00e8tres au nord-ouest d&#8217;Ath\u00e8nes, dans les montagnes du Parnasse. Il s&#8217;agit d&#8217;un excellent choix pour une journ\u00e9e hors de la ville, offrant de belles vues, du beau temps et une grande vari\u00e9t\u00e9 de restaurants et de magasins.<\/span><\/p>\n<p><span style=\"font-weight: 400;\">Delphes est le berceau de la civilisation grecque et se trouve \u00e0 environ 180 kilom\u00e8tres d&#8217;Ath\u00e8nes. Aujourd&#8217;hui, c&#8217;est l&#8217;un des sites les plus importants au monde pour son histoire et son architecture.<\/span><\/p>\n<p><span style=\"font-weight: 400;\">Delphes est un site arch\u00e9ologique en Gr\u00e8ce, situ\u00e9 sur la p\u00e9ninsule du P\u00e9loponn\u00e8se, et a \u00e9t\u00e9 d\u00e9clar\u00e9 site du patrimoine mondial de l&#8217;UNESCO en 1987. La ville de Delphes est situ\u00e9e sur le flanc d&#8217;une montagne et est entour\u00e9e d&#8217;un amphith\u00e9\u00e2tre de collines.<\/span><\/p>\n<h2><\/h2>\n<p><span style=\"font-weight: 400;\">Si vous \u00eates \u00e0 Ath\u00e8nes, vous ne pouvez pas manquer cette visite priv\u00e9e de ces deux sites importants qui ont marqu\u00e9 un avant et un apr\u00e8s dans la culture grecque.<\/span><\/p>\n<h2><b>Points forts de l&#8217;excursion priv\u00e9e \u00e0 Arakhova et Delphes au d\u00e9part d&#8217;Ath\u00e8nes<\/b><\/h2>\n<p><span style=\"font-weight: 400;\">L&#8217;excursion priv\u00e9e \u00e0 Arakhova et Delphes au d\u00e9part d&#8217;Ath\u00e8nes est un excellent moyen de faire connaissance avec ces deux belles villes de Gr\u00e8ce. Arakhova est situ\u00e9e sur les pentes du mont Parnassus, et est c\u00e9l\u00e8bre pour ses textiles en laine et en coton. Delphes est une ancienne cit\u00e9 grecque dans la r\u00e9gion de Phokida, et est c\u00e9l\u00e8bre pour \u00eatre le site de l&#8217;oracle d&#8217;Apollon. Ces deux endroits sont des destinations touristiques majeures en Gr\u00e8ce, et valent bien une visite.<\/span><\/p>\n<p><span style=\"font-weight: 400;\">\u00a0<\/span><span style=\"font-weight: 400;\">Votre excursion priv\u00e9e commence par votre prise en charge \u00e0 votre h\u00f4tel ou au point de votre choix \u00e0 Ath\u00e8nes pour vous emmener visiter Arakhova et Delphes en 12 heures. Votre exp\u00e9rience comprend une voiture de luxe avec chauffeur et guide priv\u00e9 plus les droits d&#8217;entr\u00e9e aux sites les plus importants de l&#8217;excursion. Ce sera une aventure inoubliable.<\/span><\/p>\n<h3><span style=\"font-weight: 400;\">\u00a0<\/span><span style=\"font-weight: 400; color: #d3af37;\">Arakhova<\/span><\/h3>\n<p><span style=\"font-weight: 400;\">Ar\u00e1jova poss\u00e8de une architecture impressionnante qui le distingue du reste des villages de la r\u00e9gion. Ses rues \u00e9troites et pentues, bord\u00e9es de boutiques et de restaurants, vous invitent \u00e0 y fl\u00e2ner et \u00e0 vous perdre dans leur charme. En outre, Ar\u00e1jova peut se vanter de poss\u00e9der un paysage de montagne impressionnant et spectaculaire.<\/span><\/p>\n<p><span style=\"font-weight: 400;\">Bien que situ\u00e9 au c\u0153ur de la r\u00e9gion du P\u00e9loponn\u00e8se, Arakhova n&#8217;est pas un village grec typique. En fait, la plupart de ses habitants viennent de l&#8217;ext\u00e9rieur de la Gr\u00e8ce, ce qui en fait un lieu multiculturel unique.<\/span><\/p>\n<h3><span style=\"font-weight: 400; color: #d3af37;\">Delphi<\/span><\/h3>\n<p><span style=\"font-weight: 400;\">Delphes est une ville antique situ\u00e9e dans la r\u00e9gion de la Gr\u00e8ce. Elle est c\u00e9l\u00e8bre pour avoir \u00e9t\u00e9 la demeure de l&#8217;Oracle, une femme qui pr\u00e9disait l&#8217;avenir. Si vous pr\u00e9voyez de visiter Delphes, il y a quelques choses que vous devez savoir.<\/span><\/p>\n<p><span style=\"font-weight: 400;\">La ville de Delphes a beaucoup \u00e0 offrir aux touristes. Vous pourrez visiter le temple d&#8217;Apollon, le th\u00e9\u00e2tre grec et le sanctuaire d&#8217;Ath\u00e9na. Vous pouvez \u00e9galement vous promener dans le centre historique et visiter les boutiques et les restaurants.<\/span><\/p>\n<p><span style=\"font-weight: 400;\">Comme il s&#8217;agit d&#8217;une visite priv\u00e9e, nous vous laisserons du temps pour d\u00e9jeuner dans un restaurant typique de la r\u00e9gion. Vous pouvez demander \u00e0 votre guide des suggestions, nous serons heureux de vous aider.<\/span><\/p>\n<p><span style=\"font-weight: 400;\">Enfin, votre v\u00e9hicule priv\u00e9 vous conduira \u00e0 votre point de ramassage \u00e0 Ath\u00e8nes pour terminer cette merveilleuse exp\u00e9rience.<\/span><\/p>\n<p><span style=\"font-weight: 400;\">\u00a0<\/span><span style=\"font-weight: 400;\">Si vous souhaitez en savoir plus sur Ath\u00e8nes, nous vous recommandons de consulter nos <\/span><a href=\"https:\/\/tourtravelandmore.com\/fr\/city\/grece-fr\/athenes-fr\/\"><span style=\"font-weight: 400;\">visites priv\u00e9es dans la capitale grecque.<\/span><\/a><\/p>\n","protected":false},"excerpt":{"rendered":"<p><span style=\"font-weight: 400;\">Voyagez \u00e0 Ath\u00e8nes et profitez d&#8217;une visite priv\u00e9e \u00e0 Arakhova et Delphes. Visitez les ruines de Delphes, le sanctuaire d&#8217;Apollon, le th\u00e9\u00e2tre et le temple d&#8217;Art\u00e9mis. Vous pouvez \u00e9galement profiter d&#8217;une promenade dans le pittoresque village de montagne d&#8217;Arakhova. R\u00e9servez d\u00e8s maintenant !<\/span><\/p>\n","protected":false},"featured_media":125309,"comment_status":"open","ping_status":"closed","template":"","meta":{"_acf_changed":false},"product_brand":[],"product_cat":[3764],"product_tag":[],"class_list":{"0":"post-125290","1":"product","2":"type-product","3":"status-publish","4":"has-post-thumbnail","6":"product_cat-athenes-fr","8":"first","9":"instock","10":"shipping-taxable","11":"purchasable","12":"product-type-simple"},"acf":[],"yoast_head":"<!-- This site is optimized with the Yoast SEO Premium plugin v25.3.1 (Yoast SEO v25.3.1) - https:\/\/yoast.com\/wordpress\/plugins\/seo\/ -->\n<title>Visite d&#039;Arakhova et de Delphes au d\u00e9part d&#039;Ath\u00e8nes | Tour Travel &amp; More<\/title>\n<meta name=\"description\" content=\"Excursion d&#039;une journ\u00e9e \u00e0 Arakhova et Delphes depuis Ath\u00e8nes. Visitez les lieux les plus c\u00e9l\u00e8bres de Gr\u00e8ce avec Tour Travel &amp; More\" \/>\n<meta name=\"robots\" content=\"index, follow, max-snippet:-1, max-image-preview:large, max-video-preview:-1\" \/>\n<link rel=\"canonical\" href=\"https:\/\/tourtravelandmore.com\/fr\/tours\/grece-fr\/athenes-fr\/visite-privee-darakhova-et-de-delphes-au-depart-dathenes\/\" \/>\n<meta property=\"og:locale\" content=\"fr_FR\" \/>\n<meta property=\"og:type\" content=\"article\" \/>\n<meta property=\"og:title\" content=\"Visite priv\u00e9e d&#039;Arakhova et de Delphes au d\u00e9part d&#039;Ath\u00e8nes\" \/>\n<meta property=\"og:description\" content=\"Excursion d&#039;une journ\u00e9e \u00e0 Arakhova et Delphes depuis Ath\u00e8nes. Visitez les lieux les plus c\u00e9l\u00e8bres de Gr\u00e8ce avec Tour Travel &amp; More\" \/>\n<meta property=\"og:url\" content=\"https:\/\/tourtravelandmore.com\/fr\/tours\/grece-fr\/athenes-fr\/visite-privee-darakhova-et-de-delphes-au-depart-dathenes\/\" \/>\n<meta property=\"og:site_name\" content=\"Tour Travel And More\" \/>\n<meta property=\"article:publisher\" content=\"https:\/\/www.facebook.com\/tourtravelandmore\/\" \/>\n<meta property=\"article:modified_time\" content=\"2022-05-09T16:33:48+00:00\" \/>\n<meta property=\"og:image\" content=\"https:\/\/tourtravelandmore.com\/wp-content\/uploads\/2022\/05\/image4-1.jpg\" \/>\n\t<meta property=\"og:image:width\" content=\"900\" \/>\n\t<meta property=\"og:image:height\" content=\"680\" \/>\n\t<meta property=\"og:image:type\" content=\"image\/jpeg\" \/>\n<meta name=\"twitter:card\" content=\"summary_large_image\" \/>\n<meta name=\"twitter:site\" content=\"@TourTravel_More\" \/>\n<meta name=\"twitter:label1\" content=\"Dur\u00e9e de lecture estim\u00e9e\" \/>\n\t<meta name=\"twitter:data1\" content=\"3 minutes\" \/>\n<script type=\"application\/ld+json\" class=\"yoast-schema-graph\">{\"@context\":\"https:\/\/schema.org\",\"@graph\":[{\"@type\":\"WebPage\",\"@id\":\"https:\/\/tourtravelandmore.com\/fr\/tours\/grece-fr\/athenes-fr\/visite-privee-darakhova-et-de-delphes-au-depart-dathenes\/\",\"url\":\"https:\/\/tourtravelandmore.com\/fr\/tours\/grece-fr\/athenes-fr\/visite-privee-darakhova-et-de-delphes-au-depart-dathenes\/\",\"name\":\"Visite d'Arakhova et de Delphes au d\u00e9part d'Ath\u00e8nes | Tour Travel & More\",\"isPartOf\":{\"@id\":\"https:\/\/tourtravelandmore.com\/fr\/#website\"},\"primaryImageOfPage\":{\"@id\":\"https:\/\/tourtravelandmore.com\/fr\/tours\/grece-fr\/athenes-fr\/visite-privee-darakhova-et-de-delphes-au-depart-dathenes\/#primaryimage\"},\"image\":{\"@id\":\"https:\/\/tourtravelandmore.com\/fr\/tours\/grece-fr\/athenes-fr\/visite-privee-darakhova-et-de-delphes-au-depart-dathenes\/#primaryimage\"},\"thumbnailUrl\":\"https:\/\/tourtravelandmore.com\/wp-content\/uploads\/2022\/05\/image4-1.jpg\",\"datePublished\":\"2022-05-09T16:00:45+00:00\",\"dateModified\":\"2022-05-09T16:33:48+00:00\",\"description\":\"Excursion d'une journ\u00e9e \u00e0 Arakhova et Delphes depuis Ath\u00e8nes. Visitez les lieux les plus c\u00e9l\u00e8bres de Gr\u00e8ce avec Tour Travel & More\",\"breadcrumb\":{\"@id\":\"https:\/\/tourtravelandmore.com\/fr\/tours\/grece-fr\/athenes-fr\/visite-privee-darakhova-et-de-delphes-au-depart-dathenes\/#breadcrumb\"},\"inLanguage\":\"fr-FR\",\"potentialAction\":[{\"@type\":\"ReadAction\",\"target\":[\"https:\/\/tourtravelandmore.com\/fr\/tours\/grece-fr\/athenes-fr\/visite-privee-darakhova-et-de-delphes-au-depart-dathenes\/\"]}]},{\"@type\":\"ImageObject\",\"inLanguage\":\"fr-FR\",\"@id\":\"https:\/\/tourtravelandmore.com\/fr\/tours\/grece-fr\/athenes-fr\/visite-privee-darakhova-et-de-delphes-au-depart-dathenes\/#primaryimage\",\"url\":\"https:\/\/tourtravelandmore.com\/wp-content\/uploads\/2022\/05\/image4-1.jpg\",\"contentUrl\":\"https:\/\/tourtravelandmore.com\/wp-content\/uploads\/2022\/05\/image4-1.jpg\",\"width\":900,\"height\":680},{\"@type\":\"BreadcrumbList\",\"@id\":\"https:\/\/tourtravelandmore.com\/fr\/tours\/grece-fr\/athenes-fr\/visite-privee-darakhova-et-de-delphes-au-depart-dathenes\/#breadcrumb\",\"itemListElement\":[{\"@type\":\"ListItem\",\"position\":1,\"name\":\"Home\",\"item\":\"https:\/\/tourtravelandmore.com\/fr\/\"},{\"@type\":\"ListItem\",\"position\":2,\"name\":\"Tours\",\"item\":\"https:\/\/tourtravelandmore.com\/fr\/tours\/\"},{\"@type\":\"ListItem\",\"position\":3,\"name\":\"Visite priv\u00e9e d&rsquo;Arakhova et de Delphes au d\u00e9part d&rsquo;Ath\u00e8nes\"}]},{\"@type\":\"WebSite\",\"@id\":\"https:\/\/tourtravelandmore.com\/fr\/#website\",\"url\":\"https:\/\/tourtravelandmore.com\/fr\/\",\"name\":\"Tour Travel And More\",\"description\":\"Private sightseeing tours and luxury transfers in Spain\",\"publisher\":{\"@id\":\"https:\/\/tourtravelandmore.com\/fr\/#organization\"},\"potentialAction\":[{\"@type\":\"SearchAction\",\"target\":{\"@type\":\"EntryPoint\",\"urlTemplate\":\"https:\/\/tourtravelandmore.com\/fr\/?s={search_term_string}\"},\"query-input\":{\"@type\":\"PropertyValueSpecification\",\"valueRequired\":true,\"valueName\":\"search_term_string\"}}],\"inLanguage\":\"fr-FR\"},{\"@type\":\"Organization\",\"@id\":\"https:\/\/tourtravelandmore.com\/fr\/#organization\",\"name\":\"Tour Travel And More\",\"url\":\"https:\/\/tourtravelandmore.com\/fr\/\",\"logo\":{\"@type\":\"ImageObject\",\"inLanguage\":\"fr-FR\",\"@id\":\"https:\/\/tourtravelandmore.com\/fr\/#\/schema\/logo\/image\/\",\"url\":\"https:\/\/tourtravelandmore.com\/wp-content\/uploads\/2022\/12\/cropped-logo-cabecera-new.png\",\"contentUrl\":\"https:\/\/tourtravelandmore.com\/wp-content\/uploads\/2022\/12\/cropped-logo-cabecera-new.png\",\"width\":430,\"height\":61,\"caption\":\"Tour Travel And More\"},\"image\":{\"@id\":\"https:\/\/tourtravelandmore.com\/fr\/#\/schema\/logo\/image\/\"},\"sameAs\":[\"https:\/\/www.facebook.com\/tourtravelandmore\/\",\"https:\/\/x.com\/TourTravel_More\"]}]}<\/script>\n<!-- \/ Yoast SEO Premium plugin. -->","yoast_head_json":{"title":"Visite d'Arakhova et de Delphes au d\u00e9part d'Ath\u00e8nes | Tour Travel & More","description":"Excursion d'une journ\u00e9e \u00e0 Arakhova et Delphes depuis Ath\u00e8nes. Visitez les lieux les plus c\u00e9l\u00e8bres de Gr\u00e8ce avec Tour Travel & More","robots":{"index":"index","follow":"follow","max-snippet":"max-snippet:-1","max-image-preview":"max-image-preview:large","max-video-preview":"max-video-preview:-1"},"canonical":"https:\/\/tourtravelandmore.com\/fr\/tours\/grece-fr\/athenes-fr\/visite-privee-darakhova-et-de-delphes-au-depart-dathenes\/","og_locale":"fr_FR","og_type":"article","og_title":"Visite priv\u00e9e d'Arakhova et de Delphes au d\u00e9part d'Ath\u00e8nes","og_description":"Excursion d'une journ\u00e9e \u00e0 Arakhova et Delphes depuis Ath\u00e8nes. Visitez les lieux les plus c\u00e9l\u00e8bres de Gr\u00e8ce avec Tour Travel & More","og_url":"https:\/\/tourtravelandmore.com\/fr\/tours\/grece-fr\/athenes-fr\/visite-privee-darakhova-et-de-delphes-au-depart-dathenes\/","og_site_name":"Tour Travel And More","article_publisher":"https:\/\/www.facebook.com\/tourtravelandmore\/","article_modified_time":"2022-05-09T16:33:48+00:00","og_image":[{"width":900,"height":680,"url":"https:\/\/tourtravelandmore.com\/wp-content\/uploads\/2022\/05\/image4-1.jpg","type":"image\/jpeg"}],"twitter_card":"summary_large_image","twitter_site":"@TourTravel_More","twitter_misc":{"Dur\u00e9e de lecture estim\u00e9e":"3 minutes"},"schema":{"@context":"https:\/\/schema.org","@graph":[{"@type":"WebPage","@id":"https:\/\/tourtravelandmore.com\/fr\/tours\/grece-fr\/athenes-fr\/visite-privee-darakhova-et-de-delphes-au-depart-dathenes\/","url":"https:\/\/tourtravelandmore.com\/fr\/tours\/grece-fr\/athenes-fr\/visite-privee-darakhova-et-de-delphes-au-depart-dathenes\/","name":"Visite d'Arakhova et de Delphes au d\u00e9part d'Ath\u00e8nes | Tour Travel & More","isPartOf":{"@id":"https:\/\/tourtravelandmore.com\/fr\/#website"},"primaryImageOfPage":{"@id":"https:\/\/tourtravelandmore.com\/fr\/tours\/grece-fr\/athenes-fr\/visite-privee-darakhova-et-de-delphes-au-depart-dathenes\/#primaryimage"},"image":{"@id":"https:\/\/tourtravelandmore.com\/fr\/tours\/grece-fr\/athenes-fr\/visite-privee-darakhova-et-de-delphes-au-depart-dathenes\/#primaryimage"},"thumbnailUrl":"https:\/\/tourtravelandmore.com\/wp-content\/uploads\/2022\/05\/image4-1.jpg","datePublished":"2022-05-09T16:00:45+00:00","dateModified":"2022-05-09T16:33:48+00:00","description":"Excursion d'une journ\u00e9e \u00e0 Arakhova et Delphes depuis Ath\u00e8nes. Visitez les lieux les plus c\u00e9l\u00e8bres de Gr\u00e8ce avec Tour Travel & More","breadcrumb":{"@id":"https:\/\/tourtravelandmore.com\/fr\/tours\/grece-fr\/athenes-fr\/visite-privee-darakhova-et-de-delphes-au-depart-dathenes\/#breadcrumb"},"inLanguage":"fr-FR","potentialAction":[{"@type":"ReadAction","target":["https:\/\/tourtravelandmore.com\/fr\/tours\/grece-fr\/athenes-fr\/visite-privee-darakhova-et-de-delphes-au-depart-dathenes\/"]}]},{"@type":"ImageObject","inLanguage":"fr-FR","@id":"https:\/\/tourtravelandmore.com\/fr\/tours\/grece-fr\/athenes-fr\/visite-privee-darakhova-et-de-delphes-au-depart-dathenes\/#primaryimage","url":"https:\/\/tourtravelandmore.com\/wp-content\/uploads\/2022\/05\/image4-1.jpg","contentUrl":"https:\/\/tourtravelandmore.com\/wp-content\/uploads\/2022\/05\/image4-1.jpg","width":900,"height":680},{"@type":"BreadcrumbList","@id":"https:\/\/tourtravelandmore.com\/fr\/tours\/grece-fr\/athenes-fr\/visite-privee-darakhova-et-de-delphes-au-depart-dathenes\/#breadcrumb","itemListElement":[{"@type":"ListItem","position":1,"name":"Home","item":"https:\/\/tourtravelandmore.com\/fr\/"},{"@type":"ListItem","position":2,"name":"Tours","item":"https:\/\/tourtravelandmore.com\/fr\/tours\/"},{"@type":"ListItem","position":3,"name":"Visite priv\u00e9e d&rsquo;Arakhova et de Delphes au d\u00e9part d&rsquo;Ath\u00e8nes"}]},{"@type":"WebSite","@id":"https:\/\/tourtravelandmore.com\/fr\/#website","url":"https:\/\/tourtravelandmore.com\/fr\/","name":"Tour Travel And More","description":"Private sightseeing tours and luxury transfers in Spain","publisher":{"@id":"https:\/\/tourtravelandmore.com\/fr\/#organization"},"potentialAction":[{"@type":"SearchAction","target":{"@type":"EntryPoint","urlTemplate":"https:\/\/tourtravelandmore.com\/fr\/?s={search_term_string}"},"query-input":{"@type":"PropertyValueSpecification","valueRequired":true,"valueName":"search_term_string"}}],"inLanguage":"fr-FR"},{"@type":"Organization","@id":"https:\/\/tourtravelandmore.com\/fr\/#organization","name":"Tour Travel And More","url":"https:\/\/tourtravelandmore.com\/fr\/","logo":{"@type":"ImageObject","inLanguage":"fr-FR","@id":"https:\/\/tourtravelandmore.com\/fr\/#\/schema\/logo\/image\/","url":"https:\/\/tourtravelandmore.com\/wp-content\/uploads\/2022\/12\/cropped-logo-cabecera-new.png","contentUrl":"https:\/\/tourtravelandmore.com\/wp-content\/uploads\/2022\/12\/cropped-logo-cabecera-new.png","width":430,"height":61,"caption":"Tour Travel And More"},"image":{"@id":"https:\/\/tourtravelandmore.com\/fr\/#\/schema\/logo\/image\/"},"sameAs":["https:\/\/www.facebook.com\/tourtravelandmore\/","https:\/\/x.com\/TourTravel_More"]}]}},"_links":{"self":[{"href":"https:\/\/tourtravelandmore.com\/fr\/wp-json\/wp\/v2\/product\/125290","targetHints":{"allow":["GET"]}}],"collection":[{"href":"https:\/\/tourtravelandmore.com\/fr\/wp-json\/wp\/v2\/product"}],"about":[{"href":"https:\/\/tourtravelandmore.com\/fr\/wp-json\/wp\/v2\/types\/product"}],"replies":[{"embeddable":true,"href":"https:\/\/tourtravelandmore.com\/fr\/wp-json\/wp\/v2\/comments?post=125290"}],"wp:featuredmedia":[{"embeddable":true,"href":"https:\/\/tourtravelandmore.com\/fr\/wp-json\/wp\/v2\/media\/125309"}],"wp:attachment":[{"href":"https:\/\/tourtravelandmore.com\/fr\/wp-json\/wp\/v2\/media?parent=125290"}],"wp:term":[{"taxonomy":"product_brand","embeddable":true,"href":"https:\/\/tourtravelandmore.com\/fr\/wp-json\/wp\/v2\/product_brand?post=125290"},{"taxonomy":"product_cat","embeddable":true,"href":"https:\/\/tourtravelandmore.com\/fr\/wp-json\/wp\/v2\/product_cat?post=125290"},{"taxonomy":"product_tag","embeddable":true,"href":"https:\/\/tourtravelandmore.com\/fr\/wp-json\/wp\/v2\/product_tag?post=125290"}],"curies":[{"name":"wp","href":"https:\/\/api.w.org\/{rel}","templated":true}]}}