{"id":125247,"date":"2022-05-09T14:18:06","date_gmt":"2022-05-09T12:18:12","guid":{"rendered":"https:\/\/tourtravelandmore.com\/?post_type=product&#038;p=125247"},"modified":"2022-05-09T14:29:00","modified_gmt":"2022-05-09T12:29:00","slug":"journee-complete-de-visite-privee-de-corinthe-de-lancienne-corinthe-et-de-nauplie","status":"publish","type":"product","link":"https:\/\/tourtravelandmore.com\/fr\/tours\/grece-fr\/athenes-fr\/journee-complete-de-visite-privee-de-corinthe-de-lancienne-corinthe-et-de-nauplie\/","title":{"rendered":"Journ\u00e9e compl\u00e8te de visite priv\u00e9e de Corinthe, de l&#8217;ancienne Corinthe et de Nauplie."},"content":{"rendered":"<h2><b>Description de l&#8217;excursion priv\u00e9e d&#8217;une journ\u00e9e \u00e0 Corinthe, l&#8217;ancienne Corinthe et Nauplie.<\/b><\/h2>\n<p><span style=\"font-weight: 400;\">La visite priv\u00e9e d&#8217;une journ\u00e9e compl\u00e8te de Corinthe, de l&#8217;ancienne Corinthe et de Nauplie est une excellente occasion d&#8217;explorer le pass\u00e9 et le pr\u00e9sent de la Gr\u00e8ce. La visite commence au port de Corinthe, o\u00f9 les visiteurs peuvent voir les ruines de la ville antique. L&#8217;excursion se poursuit vers Nauplie, un village pittoresque situ\u00e9 dans les montagnes. Les visiteurs peuvent profiter de la vue sur les montagnes impressionnantes et le paysage rural. La ville de Nauplie constitue un excellent point de d\u00e9part pour explorer les environs, o\u00f9 vous pourrez pratiquer des activit\u00e9s telles que la randonn\u00e9e, le VTT et l&#8217;\u00e9quitation.<\/span><\/p>\n<h2><b>Points forts de l&#8217;excursion priv\u00e9e \u00e0 Corinthe, l&#8217;ancienne Corinthe et Nauplie.<\/b><\/h2>\n<p><span style=\"font-weight: 400;\">Tout d&#8217;abord, le v\u00e9hicule de luxe viendra vous chercher \u00e0 votre h\u00f4tel \u00e0 Ath\u00e8nes ou au lieu de votre choix pour commencer une exp\u00e9rience inoubliable. L&#8217;excursion priv\u00e9e de 12 heures comprend une voiture de luxe pour vous transporter \u00e0 Corinthe avec votre chauffeur et votre guide priv\u00e9. Pendant l&#8217;excursion, votre guide priv\u00e9 vous expliquera l&#8217;histoire de ces anciennes civilisations et vous offrira une perspective unique de ces sites embl\u00e9matiques. De plus, vous pourrez visiter les ruines \u00e0 l&#8217;abri des foules et de la cohue. Si vous avez des questions, votre guide se fera un plaisir d&#8217;y r\u00e9pondre.<\/span><\/p>\n<p><span style=\"font-weight: 400;\">Vous pourrez \u00e9galement visiter d&#8217;autres sites tels que :<\/span><\/p>\n<h3><b>Ancienne Corinthe<\/b><\/h3>\n<p><span style=\"font-weight: 400;\">Ath\u00e8nes est la capitale de la Gr\u00e8ce et compte plus de 600 000 habitants. L&#8217;ancienne Corinthe a \u00e9t\u00e9 fond\u00e9e en 1100 avant J.-C. par les Doriens, qui en ont fait l&#8217;une des villes les plus importantes de son \u00e9poque.<\/span><\/p>\n<p><span style=\"font-weight: 400;\">Il existe de nombreux sites d&#8217;int\u00e9r\u00eat dans l&#8217;ancienne Corinthe, situ\u00e9e en Gr\u00e8ce. L&#8217;une des destinations les plus populaires aupr\u00e8s des touristes est le temple d&#8217;Apollon, qui a \u00e9t\u00e9 construit au 6e si\u00e8cle avant J\u00e9sus-Christ. Le temple est d\u00e9di\u00e9 au dieu Apollon et est l&#8217;un des plus anciens de Gr\u00e8ce. Une autre destination touristique populaire est l&#8217;Agora, qui servait de place de march\u00e9 dans l&#8217;Antiquit\u00e9. L&#8217;Agora est une grande place ouverte qui abrite de nombreuses ruines antiques, dont la tour des vents. La tour a \u00e9t\u00e9 construite au 1er si\u00e8cle avant J.-C. et est l&#8217;un des plus anciens b\u00e2timents de Corinthe.<\/span><\/p>\n<h3><b>Nauplia<\/b><\/h3>\n<p><span style=\"font-weight: 400;\">Nauplia est une ville situ\u00e9e en Gr\u00e8ce, qui poss\u00e8de un grand nombre d&#8217;attractions touristiques. Parmi eux, le th\u00e9\u00e2tre grec, les ruines de la ville antique et le palais royal. En outre, Nauplie est une ville c\u00f4ti\u00e8re, ce qui la rend encore plus attrayante pour les touristes.<\/span><\/p>\n<p><span style=\"font-weight: 400;\">Nous vous donnerons du temps pour d\u00e9jeuner dans un restaurant typique de la r\u00e9gion, demandez nos recommandations.<\/span><\/p>\n<p><span style=\"font-weight: 400;\">Une fois l&#8217;excursion termin\u00e9e, le v\u00e9hicule et le chauffeur vous ram\u00e8neront au point d&#8217;embarquement \u00e0 Ath\u00e8nes. Toutefois, si vous souhaitez voir davantage de cette ville \u00e9tonnante, vous pouvez envisager de r\u00e9server d&#8217;autres <\/span><a href=\"https:\/\/tourtravelandmore.com\/fr\/city\/grece-fr\/athenes-fr\/\"><span style=\"font-weight: 400;\">excursions priv\u00e9es \u00e0 Ath\u00e8nes<\/span><\/a><span style=\"font-weight: 400;\">, en Gr\u00e8ce.<\/span><\/p>\n","protected":false},"excerpt":{"rendered":"<p><span style=\"font-weight: 400;\">Profitez d&#8217;une journ\u00e9e compl\u00e8te de visite priv\u00e9e de Corinthe, l&#8217;ancienne cit\u00e9 grecque c\u00e9l\u00e8bre pour son port. Visitez le mus\u00e9e, fl\u00e2nez dans les rues pav\u00e9es et d\u00e9gustez un d\u00e9jeuner grec typique. Notre guide expert vous emm\u00e8nera \u00e0 Nauplie, une ville c\u00f4ti\u00e8re offrant des vues spectaculaires.<\/span><\/p>\n","protected":false},"featured_media":125263,"comment_status":"open","ping_status":"closed","template":"","meta":{"_acf_changed":false},"product_brand":[],"product_cat":[3764],"product_tag":[],"class_list":{"0":"post-125247","1":"product","2":"type-product","3":"status-publish","4":"has-post-thumbnail","6":"product_cat-athenes-fr","8":"first","9":"instock","10":"shipping-taxable","11":"purchasable","12":"product-type-simple"},"acf":[],"yoast_head":"<!-- This site is optimized with the Yoast SEO Premium plugin v25.3.1 (Yoast SEO v25.3.1) - https:\/\/yoast.com\/wordpress\/plugins\/seo\/ -->\n<title>Excursion d&#039;une journ\u00e9e \u00e0 Corinthe, l&#039;ancienne Corinthe et Nauplie | Tour Travel &amp; More<\/title>\n<meta name=\"description\" content=\"Notre excursion d&#039;une journ\u00e9e \u00e0 Corinthe vous fera d\u00e9couvrir tous les lieux d&#039;int\u00e9r\u00eat historique ! En outre, vous visiterez la ville moderne de Nauplie.\" \/>\n<meta name=\"robots\" content=\"index, follow, max-snippet:-1, max-image-preview:large, max-video-preview:-1\" \/>\n<link rel=\"canonical\" href=\"https:\/\/tourtravelandmore.com\/fr\/tours\/grece-fr\/athenes-fr\/journee-complete-de-visite-privee-de-corinthe-de-lancienne-corinthe-et-de-nauplie\/\" \/>\n<meta property=\"og:locale\" content=\"fr_FR\" \/>\n<meta property=\"og:type\" content=\"article\" \/>\n<meta property=\"og:title\" content=\"Journ\u00e9e compl\u00e8te de visite priv\u00e9e de Corinthe, de l&#039;ancienne Corinthe et de Nauplie.\" \/>\n<meta property=\"og:description\" content=\"Notre excursion d&#039;une journ\u00e9e \u00e0 Corinthe vous fera d\u00e9couvrir tous les lieux d&#039;int\u00e9r\u00eat historique ! En outre, vous visiterez la ville moderne de Nauplie.\" \/>\n<meta property=\"og:url\" content=\"https:\/\/tourtravelandmore.com\/fr\/tours\/grece-fr\/athenes-fr\/journee-complete-de-visite-privee-de-corinthe-de-lancienne-corinthe-et-de-nauplie\/\" \/>\n<meta property=\"og:site_name\" content=\"Tour Travel And More\" \/>\n<meta property=\"article:publisher\" content=\"https:\/\/www.facebook.com\/tourtravelandmore\/\" \/>\n<meta property=\"article:modified_time\" content=\"2022-05-09T12:29:00+00:00\" \/>\n<meta property=\"og:image\" content=\"https:\/\/tourtravelandmore.com\/wp-content\/uploads\/2022\/05\/image1.jpg\" \/>\n\t<meta property=\"og:image:width\" content=\"900\" \/>\n\t<meta property=\"og:image:height\" content=\"680\" \/>\n\t<meta property=\"og:image:type\" content=\"image\/jpeg\" \/>\n<meta name=\"twitter:card\" content=\"summary_large_image\" \/>\n<meta name=\"twitter:site\" content=\"@TourTravel_More\" \/>\n<meta name=\"twitter:label1\" content=\"Dur\u00e9e de lecture estim\u00e9e\" \/>\n\t<meta name=\"twitter:data1\" content=\"3 minutes\" \/>\n<script type=\"application\/ld+json\" class=\"yoast-schema-graph\">{\"@context\":\"https:\/\/schema.org\",\"@graph\":[{\"@type\":\"WebPage\",\"@id\":\"https:\/\/tourtravelandmore.com\/fr\/tours\/grece-fr\/athenes-fr\/journee-complete-de-visite-privee-de-corinthe-de-lancienne-corinthe-et-de-nauplie\/\",\"url\":\"https:\/\/tourtravelandmore.com\/fr\/tours\/grece-fr\/athenes-fr\/journee-complete-de-visite-privee-de-corinthe-de-lancienne-corinthe-et-de-nauplie\/\",\"name\":\"Excursion d'une journ\u00e9e \u00e0 Corinthe, l'ancienne Corinthe et Nauplie | Tour Travel & More\",\"isPartOf\":{\"@id\":\"https:\/\/tourtravelandmore.com\/fr\/#website\"},\"primaryImageOfPage\":{\"@id\":\"https:\/\/tourtravelandmore.com\/fr\/tours\/grece-fr\/athenes-fr\/journee-complete-de-visite-privee-de-corinthe-de-lancienne-corinthe-et-de-nauplie\/#primaryimage\"},\"image\":{\"@id\":\"https:\/\/tourtravelandmore.com\/fr\/tours\/grece-fr\/athenes-fr\/journee-complete-de-visite-privee-de-corinthe-de-lancienne-corinthe-et-de-nauplie\/#primaryimage\"},\"thumbnailUrl\":\"https:\/\/tourtravelandmore.com\/wp-content\/uploads\/2022\/05\/image1.jpg\",\"datePublished\":\"2022-05-09T12:18:12+00:00\",\"dateModified\":\"2022-05-09T12:29:00+00:00\",\"description\":\"Notre excursion d'une journ\u00e9e \u00e0 Corinthe vous fera d\u00e9couvrir tous les lieux d'int\u00e9r\u00eat historique ! En outre, vous visiterez la ville moderne de Nauplie.\",\"breadcrumb\":{\"@id\":\"https:\/\/tourtravelandmore.com\/fr\/tours\/grece-fr\/athenes-fr\/journee-complete-de-visite-privee-de-corinthe-de-lancienne-corinthe-et-de-nauplie\/#breadcrumb\"},\"inLanguage\":\"fr-FR\",\"potentialAction\":[{\"@type\":\"ReadAction\",\"target\":[\"https:\/\/tourtravelandmore.com\/fr\/tours\/grece-fr\/athenes-fr\/journee-complete-de-visite-privee-de-corinthe-de-lancienne-corinthe-et-de-nauplie\/\"]}]},{\"@type\":\"ImageObject\",\"inLanguage\":\"fr-FR\",\"@id\":\"https:\/\/tourtravelandmore.com\/fr\/tours\/grece-fr\/athenes-fr\/journee-complete-de-visite-privee-de-corinthe-de-lancienne-corinthe-et-de-nauplie\/#primaryimage\",\"url\":\"https:\/\/tourtravelandmore.com\/wp-content\/uploads\/2022\/05\/image1.jpg\",\"contentUrl\":\"https:\/\/tourtravelandmore.com\/wp-content\/uploads\/2022\/05\/image1.jpg\",\"width\":900,\"height\":680},{\"@type\":\"BreadcrumbList\",\"@id\":\"https:\/\/tourtravelandmore.com\/fr\/tours\/grece-fr\/athenes-fr\/journee-complete-de-visite-privee-de-corinthe-de-lancienne-corinthe-et-de-nauplie\/#breadcrumb\",\"itemListElement\":[{\"@type\":\"ListItem\",\"position\":1,\"name\":\"Home\",\"item\":\"https:\/\/tourtravelandmore.com\/fr\/\"},{\"@type\":\"ListItem\",\"position\":2,\"name\":\"Tours\",\"item\":\"https:\/\/tourtravelandmore.com\/fr\/tours\/\"},{\"@type\":\"ListItem\",\"position\":3,\"name\":\"Journ\u00e9e compl\u00e8te de visite priv\u00e9e de Corinthe, de l&rsquo;ancienne Corinthe et de Nauplie.\"}]},{\"@type\":\"WebSite\",\"@id\":\"https:\/\/tourtravelandmore.com\/fr\/#website\",\"url\":\"https:\/\/tourtravelandmore.com\/fr\/\",\"name\":\"Tour Travel And More\",\"description\":\"Private sightseeing tours and luxury transfers in Spain\",\"publisher\":{\"@id\":\"https:\/\/tourtravelandmore.com\/fr\/#organization\"},\"potentialAction\":[{\"@type\":\"SearchAction\",\"target\":{\"@type\":\"EntryPoint\",\"urlTemplate\":\"https:\/\/tourtravelandmore.com\/fr\/?s={search_term_string}\"},\"query-input\":{\"@type\":\"PropertyValueSpecification\",\"valueRequired\":true,\"valueName\":\"search_term_string\"}}],\"inLanguage\":\"fr-FR\"},{\"@type\":\"Organization\",\"@id\":\"https:\/\/tourtravelandmore.com\/fr\/#organization\",\"name\":\"Tour Travel And More\",\"url\":\"https:\/\/tourtravelandmore.com\/fr\/\",\"logo\":{\"@type\":\"ImageObject\",\"inLanguage\":\"fr-FR\",\"@id\":\"https:\/\/tourtravelandmore.com\/fr\/#\/schema\/logo\/image\/\",\"url\":\"https:\/\/tourtravelandmore.com\/wp-content\/uploads\/2022\/12\/cropped-logo-cabecera-new.png\",\"contentUrl\":\"https:\/\/tourtravelandmore.com\/wp-content\/uploads\/2022\/12\/cropped-logo-cabecera-new.png\",\"width\":430,\"height\":61,\"caption\":\"Tour Travel And More\"},\"image\":{\"@id\":\"https:\/\/tourtravelandmore.com\/fr\/#\/schema\/logo\/image\/\"},\"sameAs\":[\"https:\/\/www.facebook.com\/tourtravelandmore\/\",\"https:\/\/x.com\/TourTravel_More\"]}]}<\/script>\n<!-- \/ Yoast SEO Premium plugin. -->","yoast_head_json":{"title":"Excursion d'une journ\u00e9e \u00e0 Corinthe, l'ancienne Corinthe et Nauplie | Tour Travel & More","description":"Notre excursion d'une journ\u00e9e \u00e0 Corinthe vous fera d\u00e9couvrir tous les lieux d'int\u00e9r\u00eat historique ! En outre, vous visiterez la ville moderne de Nauplie.","robots":{"index":"index","follow":"follow","max-snippet":"max-snippet:-1","max-image-preview":"max-image-preview:large","max-video-preview":"max-video-preview:-1"},"canonical":"https:\/\/tourtravelandmore.com\/fr\/tours\/grece-fr\/athenes-fr\/journee-complete-de-visite-privee-de-corinthe-de-lancienne-corinthe-et-de-nauplie\/","og_locale":"fr_FR","og_type":"article","og_title":"Journ\u00e9e compl\u00e8te de visite priv\u00e9e de Corinthe, de l'ancienne Corinthe et de Nauplie.","og_description":"Notre excursion d'une journ\u00e9e \u00e0 Corinthe vous fera d\u00e9couvrir tous les lieux d'int\u00e9r\u00eat historique ! En outre, vous visiterez la ville moderne de Nauplie.","og_url":"https:\/\/tourtravelandmore.com\/fr\/tours\/grece-fr\/athenes-fr\/journee-complete-de-visite-privee-de-corinthe-de-lancienne-corinthe-et-de-nauplie\/","og_site_name":"Tour Travel And More","article_publisher":"https:\/\/www.facebook.com\/tourtravelandmore\/","article_modified_time":"2022-05-09T12:29:00+00:00","og_image":[{"width":900,"height":680,"url":"https:\/\/tourtravelandmore.com\/wp-content\/uploads\/2022\/05\/image1.jpg","type":"image\/jpeg"}],"twitter_card":"summary_large_image","twitter_site":"@TourTravel_More","twitter_misc":{"Dur\u00e9e de lecture estim\u00e9e":"3 minutes"},"schema":{"@context":"https:\/\/schema.org","@graph":[{"@type":"WebPage","@id":"https:\/\/tourtravelandmore.com\/fr\/tours\/grece-fr\/athenes-fr\/journee-complete-de-visite-privee-de-corinthe-de-lancienne-corinthe-et-de-nauplie\/","url":"https:\/\/tourtravelandmore.com\/fr\/tours\/grece-fr\/athenes-fr\/journee-complete-de-visite-privee-de-corinthe-de-lancienne-corinthe-et-de-nauplie\/","name":"Excursion d'une journ\u00e9e \u00e0 Corinthe, l'ancienne Corinthe et Nauplie | Tour Travel & More","isPartOf":{"@id":"https:\/\/tourtravelandmore.com\/fr\/#website"},"primaryImageOfPage":{"@id":"https:\/\/tourtravelandmore.com\/fr\/tours\/grece-fr\/athenes-fr\/journee-complete-de-visite-privee-de-corinthe-de-lancienne-corinthe-et-de-nauplie\/#primaryimage"},"image":{"@id":"https:\/\/tourtravelandmore.com\/fr\/tours\/grece-fr\/athenes-fr\/journee-complete-de-visite-privee-de-corinthe-de-lancienne-corinthe-et-de-nauplie\/#primaryimage"},"thumbnailUrl":"https:\/\/tourtravelandmore.com\/wp-content\/uploads\/2022\/05\/image1.jpg","datePublished":"2022-05-09T12:18:12+00:00","dateModified":"2022-05-09T12:29:00+00:00","description":"Notre excursion d'une journ\u00e9e \u00e0 Corinthe vous fera d\u00e9couvrir tous les lieux d'int\u00e9r\u00eat historique ! En outre, vous visiterez la ville moderne de Nauplie.","breadcrumb":{"@id":"https:\/\/tourtravelandmore.com\/fr\/tours\/grece-fr\/athenes-fr\/journee-complete-de-visite-privee-de-corinthe-de-lancienne-corinthe-et-de-nauplie\/#breadcrumb"},"inLanguage":"fr-FR","potentialAction":[{"@type":"ReadAction","target":["https:\/\/tourtravelandmore.com\/fr\/tours\/grece-fr\/athenes-fr\/journee-complete-de-visite-privee-de-corinthe-de-lancienne-corinthe-et-de-nauplie\/"]}]},{"@type":"ImageObject","inLanguage":"fr-FR","@id":"https:\/\/tourtravelandmore.com\/fr\/tours\/grece-fr\/athenes-fr\/journee-complete-de-visite-privee-de-corinthe-de-lancienne-corinthe-et-de-nauplie\/#primaryimage","url":"https:\/\/tourtravelandmore.com\/wp-content\/uploads\/2022\/05\/image1.jpg","contentUrl":"https:\/\/tourtravelandmore.com\/wp-content\/uploads\/2022\/05\/image1.jpg","width":900,"height":680},{"@type":"BreadcrumbList","@id":"https:\/\/tourtravelandmore.com\/fr\/tours\/grece-fr\/athenes-fr\/journee-complete-de-visite-privee-de-corinthe-de-lancienne-corinthe-et-de-nauplie\/#breadcrumb","itemListElement":[{"@type":"ListItem","position":1,"name":"Home","item":"https:\/\/tourtravelandmore.com\/fr\/"},{"@type":"ListItem","position":2,"name":"Tours","item":"https:\/\/tourtravelandmore.com\/fr\/tours\/"},{"@type":"ListItem","position":3,"name":"Journ\u00e9e compl\u00e8te de visite priv\u00e9e de Corinthe, de l&rsquo;ancienne Corinthe et de Nauplie."}]},{"@type":"WebSite","@id":"https:\/\/tourtravelandmore.com\/fr\/#website","url":"https:\/\/tourtravelandmore.com\/fr\/","name":"Tour Travel And More","description":"Private sightseeing tours and luxury transfers in Spain","publisher":{"@id":"https:\/\/tourtravelandmore.com\/fr\/#organization"},"potentialAction":[{"@type":"SearchAction","target":{"@type":"EntryPoint","urlTemplate":"https:\/\/tourtravelandmore.com\/fr\/?s={search_term_string}"},"query-input":{"@type":"PropertyValueSpecification","valueRequired":true,"valueName":"search_term_string"}}],"inLanguage":"fr-FR"},{"@type":"Organization","@id":"https:\/\/tourtravelandmore.com\/fr\/#organization","name":"Tour Travel And More","url":"https:\/\/tourtravelandmore.com\/fr\/","logo":{"@type":"ImageObject","inLanguage":"fr-FR","@id":"https:\/\/tourtravelandmore.com\/fr\/#\/schema\/logo\/image\/","url":"https:\/\/tourtravelandmore.com\/wp-content\/uploads\/2022\/12\/cropped-logo-cabecera-new.png","contentUrl":"https:\/\/tourtravelandmore.com\/wp-content\/uploads\/2022\/12\/cropped-logo-cabecera-new.png","width":430,"height":61,"caption":"Tour Travel And More"},"image":{"@id":"https:\/\/tourtravelandmore.com\/fr\/#\/schema\/logo\/image\/"},"sameAs":["https:\/\/www.facebook.com\/tourtravelandmore\/","https:\/\/x.com\/TourTravel_More"]}]}},"_links":{"self":[{"href":"https:\/\/tourtravelandmore.com\/fr\/wp-json\/wp\/v2\/product\/125247","targetHints":{"allow":["GET"]}}],"collection":[{"href":"https:\/\/tourtravelandmore.com\/fr\/wp-json\/wp\/v2\/product"}],"about":[{"href":"https:\/\/tourtravelandmore.com\/fr\/wp-json\/wp\/v2\/types\/product"}],"replies":[{"embeddable":true,"href":"https:\/\/tourtravelandmore.com\/fr\/wp-json\/wp\/v2\/comments?post=125247"}],"wp:featuredmedia":[{"embeddable":true,"href":"https:\/\/tourtravelandmore.com\/fr\/wp-json\/wp\/v2\/media\/125263"}],"wp:attachment":[{"href":"https:\/\/tourtravelandmore.com\/fr\/wp-json\/wp\/v2\/media?parent=125247"}],"wp:term":[{"taxonomy":"product_brand","embeddable":true,"href":"https:\/\/tourtravelandmore.com\/fr\/wp-json\/wp\/v2\/product_brand?post=125247"},{"taxonomy":"product_cat","embeddable":true,"href":"https:\/\/tourtravelandmore.com\/fr\/wp-json\/wp\/v2\/product_cat?post=125247"},{"taxonomy":"product_tag","embeddable":true,"href":"https:\/\/tourtravelandmore.com\/fr\/wp-json\/wp\/v2\/product_tag?post=125247"}],"curies":[{"name":"wp","href":"https:\/\/api.w.org\/{rel}","templated":true}]}}