{"id":125220,"date":"2022-05-09T13:55:51","date_gmt":"2022-05-09T11:55:58","guid":{"rendered":"https:\/\/tourtravelandmore.com\/?post_type=product&#038;p=125220"},"modified":"2022-05-09T14:14:05","modified_gmt":"2022-05-09T12:14:05","slug":"visite-privee-du-canal-de-corinthe-et-de-lancienne-corinthe","status":"publish","type":"product","link":"https:\/\/tourtravelandmore.com\/fr\/tours\/grece-fr\/athenes-fr\/visite-privee-du-canal-de-corinthe-et-de-lancienne-corinthe\/","title":{"rendered":"Visite priv\u00e9e du canal de Corinthe et de l&#8217;ancienne Corinthe"},"content":{"rendered":"<h2><b>Description de la visite priv\u00e9e du canal de Corinthe et de l&#8217;ancienne ville de Corinthe<\/b><\/h2>\n<p><span style=\"font-weight: 400;\">La ville antique de Corinthe est situ\u00e9e dans la r\u00e9gion du P\u00e9loponn\u00e8se, dans le sud de la Gr\u00e8ce. C&#8217;est une ville charg\u00e9e d&#8217;histoire avec de nombreux vestiges arch\u00e9ologiques qui valent le d\u00e9tour. Le monument le plus important de l&#8217;ancienne Corinthe est le temple d&#8217;Apollon, situ\u00e9 au sommet de la montagne qui domine la ville. La vue depuis le temple est vraiment \u00e9poustouflante, et par temps clair, vous pouvez voir tout Corinthe et le golfe de Corinthe.<\/span><\/p>\n<p><span style=\"font-weight: 400;\">\u00a0<\/span><span style=\"font-weight: 400;\">Le temple est tr\u00e8s bien conserv\u00e9 et vaut vraiment la peine d&#8217;\u00eatre visit\u00e9. Un autre monument important de Corinthe est l&#8217;aqueduc romain.<\/span><\/p>\n<p><span style=\"font-weight: 400;\">\u00a0<\/span><span style=\"font-weight: 400;\">D&#8217;autre part, la ville antique de Corinthe offre \u00e0 ses visiteurs de nombreux sites historiques et arch\u00e9ologiques qui valent la peine d&#8217;\u00eatre visit\u00e9s, comme la Biblioth\u00e8que et l&#8217;Od\u00e9on, construits au 3\u00e8me si\u00e8cle avant J\u00e9sus-Christ.<\/span><\/p>\n<p><span style=\"font-weight: 400;\">La Biblioth\u00e8que et l&#8217;Od\u00e9on, construits au IIIe si\u00e8cle avant J.-C. et situ\u00e9s au c\u0153ur de la ville, sont sans doute les sites les plus int\u00e9ressants.<\/span><\/p>\n<p><span style=\"font-weight: 400;\">\u00a0<\/span><span style=\"font-weight: 400;\">La visite dure 5 heures avec v\u00e9hicule, chauffeur et guide priv\u00e9 pendant la visite.<\/span><\/p>\n<h2><b>Points d&#8217;int\u00e9r\u00eat de la visite priv\u00e9e du canal de Corinthe et de l&#8217;ancienne Corinthe<\/b><\/h2>\n<p><span style=\"font-weight: 400;\">Tout d&#8217;abord, votre chauffeur priv\u00e9 viendra vous chercher, vous et vos compagnons, au point convenu ou \u00e0 votre h\u00f4tel \u00e0 Ath\u00e8nes, puis vous vous rendrez \u00e0 l&#8217;Ancienne Corinthe pour poursuivre la fascinante visite priv\u00e9e de cet endroit.<\/span><\/p>\n<p><span style=\"font-weight: 400;\">Le canal de Corinthe et la ville antique de Corinthe sont deux points d&#8217;int\u00e9r\u00eat \u00e0 ne pas manquer lors d&#8217;un circuit priv\u00e9 en Gr\u00e8ce. Cet article explique quelles sont les principales attractions de chaque lieu.<\/span><\/p>\n<h3><b>Canal de Corinthe<\/b><\/h3>\n<p><span style=\"font-weight: 400;\">Le canal de Corinthe est un canal artificiel situ\u00e9 en Gr\u00e8ce qui relie la mer \u00c9g\u00e9e \u00e0 la mer Ionienne. Elle a \u00e9t\u00e9 construite au 6e si\u00e8cle avant J.-C. sur ordre du roi Cr\u00e9sus de Lydie pour permettre aux flottes marchandes de passer entre les deux mers.<\/span><\/p>\n<h3><b>Ancienne Corinthe<\/b><\/h3>\n<p><span style=\"font-weight: 400;\">L&#8217;ancienne Corinthe \u00e9tait une cit\u00e9 grecque fond\u00e9e au 8e si\u00e8cle avant J.-C. sur la c\u00f4te nord-ouest de la p\u00e9ninsule du P\u00e9loponn\u00e8se. C&#8217;\u00e9tait l&#8217;une des villes les plus importantes de la Gr\u00e8ce et de l&#8217;ensemble du monde antique, et un centre commercial et culturel majeur.<\/span><\/p>\n<p><span style=\"font-weight: 400;\">D&#8217;autre part, si vous avez envie d&#8217;en savoir plus sur Ath\u00e8nes, n&#8217;oubliez pas de consulter toutes les <\/span><a href=\"https:\/\/tourtravelandmore.com\/fr\/city\/grece-fr\/athenes-fr\/\"><span style=\"font-weight: 400;\">excursions que nous proposons dans cette belle ville de Gr\u00e8ce.<\/span><\/a><\/p>\n","protected":false},"excerpt":{"rendered":"<p><span style=\"font-weight: 400;\">D\u00e9couvrez l&#8217;histoire de la Gr\u00e8ce lors d&#8217;une visite priv\u00e9e du canal de Corinthe et de l&#8217;ancienne Corinthe. Nos guides professionnels vous emm\u00e8neront sur ces deux sites historiques, qui font partie de la route touristique du P\u00e9loponn\u00e8se. Profitez d&#8217;une visite personnalis\u00e9e et apprenez tout ce que vous devez savoir sur ces deux sites attrayants.<\/span><\/p>\n","protected":false},"featured_media":125230,"comment_status":"open","ping_status":"closed","template":"","meta":{"_acf_changed":false},"product_brand":[],"product_cat":[3764],"product_tag":[],"class_list":{"0":"post-125220","1":"product","2":"type-product","3":"status-publish","4":"has-post-thumbnail","6":"product_cat-athenes-fr","8":"first","9":"instock","10":"shipping-taxable","11":"purchasable","12":"product-type-simple"},"acf":[],"yoast_head":"<!-- This site is optimized with the Yoast SEO Premium plugin v25.3.1 (Yoast SEO v25.3.1) - https:\/\/yoast.com\/wordpress\/plugins\/seo\/ -->\n<title>Visite priv\u00e9e du canal de Corinthe et de l&#039;ancienne Corinthe | Tour Travel &amp; More<\/title>\n<meta name=\"description\" content=\"Tour Travel &amp; More propose une visite priv\u00e9e du canal de Corinthe et de la ville antique de Corinthe. Notre circuit est accompagn\u00e9 d&#039;un guide officiel et d&#039;un transport priv\u00e9.\" \/>\n<meta name=\"robots\" content=\"index, follow, max-snippet:-1, max-image-preview:large, max-video-preview:-1\" \/>\n<link rel=\"canonical\" href=\"https:\/\/tourtravelandmore.com\/fr\/tours\/grece-fr\/athenes-fr\/visite-privee-du-canal-de-corinthe-et-de-lancienne-corinthe\/\" \/>\n<meta property=\"og:locale\" content=\"fr_FR\" \/>\n<meta property=\"og:type\" content=\"article\" \/>\n<meta property=\"og:title\" content=\"Visite priv\u00e9e du canal de Corinthe et de l&#039;ancienne Corinthe\" \/>\n<meta property=\"og:description\" content=\"Tour Travel &amp; More propose une visite priv\u00e9e du canal de Corinthe et de la ville antique de Corinthe. Notre circuit est accompagn\u00e9 d&#039;un guide officiel et d&#039;un transport priv\u00e9.\" \/>\n<meta property=\"og:url\" content=\"https:\/\/tourtravelandmore.com\/fr\/tours\/grece-fr\/athenes-fr\/visite-privee-du-canal-de-corinthe-et-de-lancienne-corinthe\/\" \/>\n<meta property=\"og:site_name\" content=\"Tour Travel And More\" \/>\n<meta property=\"article:publisher\" content=\"https:\/\/www.facebook.com\/tourtravelandmore\/\" \/>\n<meta property=\"article:modified_time\" content=\"2022-05-09T12:14:05+00:00\" \/>\n<meta property=\"og:image\" content=\"https:\/\/tourtravelandmore.com\/wp-content\/uploads\/2022\/05\/2.jpg\" \/>\n\t<meta property=\"og:image:width\" content=\"900\" \/>\n\t<meta property=\"og:image:height\" content=\"700\" \/>\n\t<meta property=\"og:image:type\" content=\"image\/jpeg\" \/>\n<meta name=\"twitter:card\" content=\"summary_large_image\" \/>\n<meta name=\"twitter:site\" content=\"@TourTravel_More\" \/>\n<meta name=\"twitter:label1\" content=\"Dur\u00e9e de lecture estim\u00e9e\" \/>\n\t<meta name=\"twitter:data1\" content=\"2 minutes\" \/>\n<script type=\"application\/ld+json\" class=\"yoast-schema-graph\">{\"@context\":\"https:\/\/schema.org\",\"@graph\":[{\"@type\":\"WebPage\",\"@id\":\"https:\/\/tourtravelandmore.com\/fr\/tours\/grece-fr\/athenes-fr\/visite-privee-du-canal-de-corinthe-et-de-lancienne-corinthe\/\",\"url\":\"https:\/\/tourtravelandmore.com\/fr\/tours\/grece-fr\/athenes-fr\/visite-privee-du-canal-de-corinthe-et-de-lancienne-corinthe\/\",\"name\":\"Visite priv\u00e9e du canal de Corinthe et de l'ancienne Corinthe | Tour Travel & More\",\"isPartOf\":{\"@id\":\"https:\/\/tourtravelandmore.com\/fr\/#website\"},\"primaryImageOfPage\":{\"@id\":\"https:\/\/tourtravelandmore.com\/fr\/tours\/grece-fr\/athenes-fr\/visite-privee-du-canal-de-corinthe-et-de-lancienne-corinthe\/#primaryimage\"},\"image\":{\"@id\":\"https:\/\/tourtravelandmore.com\/fr\/tours\/grece-fr\/athenes-fr\/visite-privee-du-canal-de-corinthe-et-de-lancienne-corinthe\/#primaryimage\"},\"thumbnailUrl\":\"https:\/\/tourtravelandmore.com\/wp-content\/uploads\/2022\/05\/2.jpg\",\"datePublished\":\"2022-05-09T11:55:58+00:00\",\"dateModified\":\"2022-05-09T12:14:05+00:00\",\"description\":\"Tour Travel & More propose une visite priv\u00e9e du canal de Corinthe et de la ville antique de Corinthe. Notre circuit est accompagn\u00e9 d'un guide officiel et d'un transport priv\u00e9.\",\"breadcrumb\":{\"@id\":\"https:\/\/tourtravelandmore.com\/fr\/tours\/grece-fr\/athenes-fr\/visite-privee-du-canal-de-corinthe-et-de-lancienne-corinthe\/#breadcrumb\"},\"inLanguage\":\"fr-FR\",\"potentialAction\":[{\"@type\":\"ReadAction\",\"target\":[\"https:\/\/tourtravelandmore.com\/fr\/tours\/grece-fr\/athenes-fr\/visite-privee-du-canal-de-corinthe-et-de-lancienne-corinthe\/\"]}]},{\"@type\":\"ImageObject\",\"inLanguage\":\"fr-FR\",\"@id\":\"https:\/\/tourtravelandmore.com\/fr\/tours\/grece-fr\/athenes-fr\/visite-privee-du-canal-de-corinthe-et-de-lancienne-corinthe\/#primaryimage\",\"url\":\"https:\/\/tourtravelandmore.com\/wp-content\/uploads\/2022\/05\/2.jpg\",\"contentUrl\":\"https:\/\/tourtravelandmore.com\/wp-content\/uploads\/2022\/05\/2.jpg\",\"width\":900,\"height\":700},{\"@type\":\"BreadcrumbList\",\"@id\":\"https:\/\/tourtravelandmore.com\/fr\/tours\/grece-fr\/athenes-fr\/visite-privee-du-canal-de-corinthe-et-de-lancienne-corinthe\/#breadcrumb\",\"itemListElement\":[{\"@type\":\"ListItem\",\"position\":1,\"name\":\"Home\",\"item\":\"https:\/\/tourtravelandmore.com\/fr\/\"},{\"@type\":\"ListItem\",\"position\":2,\"name\":\"Tours\",\"item\":\"https:\/\/tourtravelandmore.com\/fr\/tours\/\"},{\"@type\":\"ListItem\",\"position\":3,\"name\":\"Visite priv\u00e9e du canal de Corinthe et de l&#8217;ancienne Corinthe\"}]},{\"@type\":\"WebSite\",\"@id\":\"https:\/\/tourtravelandmore.com\/fr\/#website\",\"url\":\"https:\/\/tourtravelandmore.com\/fr\/\",\"name\":\"Tour Travel And More\",\"description\":\"Private sightseeing tours and luxury transfers in Spain\",\"publisher\":{\"@id\":\"https:\/\/tourtravelandmore.com\/fr\/#organization\"},\"potentialAction\":[{\"@type\":\"SearchAction\",\"target\":{\"@type\":\"EntryPoint\",\"urlTemplate\":\"https:\/\/tourtravelandmore.com\/fr\/?s={search_term_string}\"},\"query-input\":{\"@type\":\"PropertyValueSpecification\",\"valueRequired\":true,\"valueName\":\"search_term_string\"}}],\"inLanguage\":\"fr-FR\"},{\"@type\":\"Organization\",\"@id\":\"https:\/\/tourtravelandmore.com\/fr\/#organization\",\"name\":\"Tour Travel And More\",\"url\":\"https:\/\/tourtravelandmore.com\/fr\/\",\"logo\":{\"@type\":\"ImageObject\",\"inLanguage\":\"fr-FR\",\"@id\":\"https:\/\/tourtravelandmore.com\/fr\/#\/schema\/logo\/image\/\",\"url\":\"https:\/\/tourtravelandmore.com\/wp-content\/uploads\/2022\/12\/cropped-logo-cabecera-new.png\",\"contentUrl\":\"https:\/\/tourtravelandmore.com\/wp-content\/uploads\/2022\/12\/cropped-logo-cabecera-new.png\",\"width\":430,\"height\":61,\"caption\":\"Tour Travel And More\"},\"image\":{\"@id\":\"https:\/\/tourtravelandmore.com\/fr\/#\/schema\/logo\/image\/\"},\"sameAs\":[\"https:\/\/www.facebook.com\/tourtravelandmore\/\",\"https:\/\/x.com\/TourTravel_More\"]}]}<\/script>\n<!-- \/ Yoast SEO Premium plugin. -->","yoast_head_json":{"title":"Visite priv\u00e9e du canal de Corinthe et de l'ancienne Corinthe | Tour Travel & More","description":"Tour Travel & More propose une visite priv\u00e9e du canal de Corinthe et de la ville antique de Corinthe. Notre circuit est accompagn\u00e9 d'un guide officiel et d'un transport priv\u00e9.","robots":{"index":"index","follow":"follow","max-snippet":"max-snippet:-1","max-image-preview":"max-image-preview:large","max-video-preview":"max-video-preview:-1"},"canonical":"https:\/\/tourtravelandmore.com\/fr\/tours\/grece-fr\/athenes-fr\/visite-privee-du-canal-de-corinthe-et-de-lancienne-corinthe\/","og_locale":"fr_FR","og_type":"article","og_title":"Visite priv\u00e9e du canal de Corinthe et de l'ancienne Corinthe","og_description":"Tour Travel & More propose une visite priv\u00e9e du canal de Corinthe et de la ville antique de Corinthe. Notre circuit est accompagn\u00e9 d'un guide officiel et d'un transport priv\u00e9.","og_url":"https:\/\/tourtravelandmore.com\/fr\/tours\/grece-fr\/athenes-fr\/visite-privee-du-canal-de-corinthe-et-de-lancienne-corinthe\/","og_site_name":"Tour Travel And More","article_publisher":"https:\/\/www.facebook.com\/tourtravelandmore\/","article_modified_time":"2022-05-09T12:14:05+00:00","og_image":[{"width":900,"height":700,"url":"https:\/\/tourtravelandmore.com\/wp-content\/uploads\/2022\/05\/2.jpg","type":"image\/jpeg"}],"twitter_card":"summary_large_image","twitter_site":"@TourTravel_More","twitter_misc":{"Dur\u00e9e de lecture estim\u00e9e":"2 minutes"},"schema":{"@context":"https:\/\/schema.org","@graph":[{"@type":"WebPage","@id":"https:\/\/tourtravelandmore.com\/fr\/tours\/grece-fr\/athenes-fr\/visite-privee-du-canal-de-corinthe-et-de-lancienne-corinthe\/","url":"https:\/\/tourtravelandmore.com\/fr\/tours\/grece-fr\/athenes-fr\/visite-privee-du-canal-de-corinthe-et-de-lancienne-corinthe\/","name":"Visite priv\u00e9e du canal de Corinthe et de l'ancienne Corinthe | Tour Travel & More","isPartOf":{"@id":"https:\/\/tourtravelandmore.com\/fr\/#website"},"primaryImageOfPage":{"@id":"https:\/\/tourtravelandmore.com\/fr\/tours\/grece-fr\/athenes-fr\/visite-privee-du-canal-de-corinthe-et-de-lancienne-corinthe\/#primaryimage"},"image":{"@id":"https:\/\/tourtravelandmore.com\/fr\/tours\/grece-fr\/athenes-fr\/visite-privee-du-canal-de-corinthe-et-de-lancienne-corinthe\/#primaryimage"},"thumbnailUrl":"https:\/\/tourtravelandmore.com\/wp-content\/uploads\/2022\/05\/2.jpg","datePublished":"2022-05-09T11:55:58+00:00","dateModified":"2022-05-09T12:14:05+00:00","description":"Tour Travel & More propose une visite priv\u00e9e du canal de Corinthe et de la ville antique de Corinthe. Notre circuit est accompagn\u00e9 d'un guide officiel et d'un transport priv\u00e9.","breadcrumb":{"@id":"https:\/\/tourtravelandmore.com\/fr\/tours\/grece-fr\/athenes-fr\/visite-privee-du-canal-de-corinthe-et-de-lancienne-corinthe\/#breadcrumb"},"inLanguage":"fr-FR","potentialAction":[{"@type":"ReadAction","target":["https:\/\/tourtravelandmore.com\/fr\/tours\/grece-fr\/athenes-fr\/visite-privee-du-canal-de-corinthe-et-de-lancienne-corinthe\/"]}]},{"@type":"ImageObject","inLanguage":"fr-FR","@id":"https:\/\/tourtravelandmore.com\/fr\/tours\/grece-fr\/athenes-fr\/visite-privee-du-canal-de-corinthe-et-de-lancienne-corinthe\/#primaryimage","url":"https:\/\/tourtravelandmore.com\/wp-content\/uploads\/2022\/05\/2.jpg","contentUrl":"https:\/\/tourtravelandmore.com\/wp-content\/uploads\/2022\/05\/2.jpg","width":900,"height":700},{"@type":"BreadcrumbList","@id":"https:\/\/tourtravelandmore.com\/fr\/tours\/grece-fr\/athenes-fr\/visite-privee-du-canal-de-corinthe-et-de-lancienne-corinthe\/#breadcrumb","itemListElement":[{"@type":"ListItem","position":1,"name":"Home","item":"https:\/\/tourtravelandmore.com\/fr\/"},{"@type":"ListItem","position":2,"name":"Tours","item":"https:\/\/tourtravelandmore.com\/fr\/tours\/"},{"@type":"ListItem","position":3,"name":"Visite priv\u00e9e du canal de Corinthe et de l&#8217;ancienne Corinthe"}]},{"@type":"WebSite","@id":"https:\/\/tourtravelandmore.com\/fr\/#website","url":"https:\/\/tourtravelandmore.com\/fr\/","name":"Tour Travel And More","description":"Private sightseeing tours and luxury transfers in Spain","publisher":{"@id":"https:\/\/tourtravelandmore.com\/fr\/#organization"},"potentialAction":[{"@type":"SearchAction","target":{"@type":"EntryPoint","urlTemplate":"https:\/\/tourtravelandmore.com\/fr\/?s={search_term_string}"},"query-input":{"@type":"PropertyValueSpecification","valueRequired":true,"valueName":"search_term_string"}}],"inLanguage":"fr-FR"},{"@type":"Organization","@id":"https:\/\/tourtravelandmore.com\/fr\/#organization","name":"Tour Travel And More","url":"https:\/\/tourtravelandmore.com\/fr\/","logo":{"@type":"ImageObject","inLanguage":"fr-FR","@id":"https:\/\/tourtravelandmore.com\/fr\/#\/schema\/logo\/image\/","url":"https:\/\/tourtravelandmore.com\/wp-content\/uploads\/2022\/12\/cropped-logo-cabecera-new.png","contentUrl":"https:\/\/tourtravelandmore.com\/wp-content\/uploads\/2022\/12\/cropped-logo-cabecera-new.png","width":430,"height":61,"caption":"Tour Travel And More"},"image":{"@id":"https:\/\/tourtravelandmore.com\/fr\/#\/schema\/logo\/image\/"},"sameAs":["https:\/\/www.facebook.com\/tourtravelandmore\/","https:\/\/x.com\/TourTravel_More"]}]}},"_links":{"self":[{"href":"https:\/\/tourtravelandmore.com\/fr\/wp-json\/wp\/v2\/product\/125220","targetHints":{"allow":["GET"]}}],"collection":[{"href":"https:\/\/tourtravelandmore.com\/fr\/wp-json\/wp\/v2\/product"}],"about":[{"href":"https:\/\/tourtravelandmore.com\/fr\/wp-json\/wp\/v2\/types\/product"}],"replies":[{"embeddable":true,"href":"https:\/\/tourtravelandmore.com\/fr\/wp-json\/wp\/v2\/comments?post=125220"}],"wp:featuredmedia":[{"embeddable":true,"href":"https:\/\/tourtravelandmore.com\/fr\/wp-json\/wp\/v2\/media\/125230"}],"wp:attachment":[{"href":"https:\/\/tourtravelandmore.com\/fr\/wp-json\/wp\/v2\/media?parent=125220"}],"wp:term":[{"taxonomy":"product_brand","embeddable":true,"href":"https:\/\/tourtravelandmore.com\/fr\/wp-json\/wp\/v2\/product_brand?post=125220"},{"taxonomy":"product_cat","embeddable":true,"href":"https:\/\/tourtravelandmore.com\/fr\/wp-json\/wp\/v2\/product_cat?post=125220"},{"taxonomy":"product_tag","embeddable":true,"href":"https:\/\/tourtravelandmore.com\/fr\/wp-json\/wp\/v2\/product_tag?post=125220"}],"curies":[{"name":"wp","href":"https:\/\/api.w.org\/{rel}","templated":true}]}}