{"id":124063,"date":"2022-04-19T18:06:48","date_gmt":"2022-04-19T16:06:53","guid":{"rendered":"https:\/\/tourtravelandmore.com\/?post_type=product&#038;p=124063"},"modified":"2022-04-27T17:02:23","modified_gmt":"2022-04-27T15:02:23","slug":"visite-privee-a-pied-de-pampelune","status":"publish","type":"product","link":"https:\/\/tourtravelandmore.com\/fr\/tours\/espagne-fr\/pamplona-fr\/visite-privee-a-pied-de-pampelune\/","title":{"rendered":"Visite priv\u00e9e \u00e0 pied de Pampelune"},"content":{"rendered":"<h2><b>Description de la visite priv\u00e9e \u00e0 pied de Pampelune<\/b><\/h2>\n<p><span style=\"font-weight: 400;\">Pampelune est une ancienne ville du nord de l&#8217;Espagne, entour\u00e9e de murs m\u00e9di\u00e9vaux vieux de plusieurs si\u00e8cles. C&#8217;est une destination de choix pour les touristes car elle abrite le festival de San Ferm\u00edn et cache \u00e9galement de nombreux tr\u00e9sors parmi ses rues pav\u00e9es \u00e9tonnantes.\u00a0<\/span><\/p>\n<p><span style=\"font-weight: 400;\">Lors de <\/span><b>cette visite priv\u00e9e \u00e0 pied de Pampelune<\/b><span style=\"font-weight: 400;\">, vous serez accompagn\u00e9 d&#8217;un guide officiel, expert en histoire locale, qui vous permettra d&#8217;explorer les coins les plus attrayants de la capitale de la Navarre.\u00a0<\/span><\/p>\n<p><span style=\"font-weight: 400;\">Nous commencerons la visite dans un endroit central de la ville, selon ce qui est le plus confortable pour vous, car <\/span><b>l&#8217;exp\u00e9rience est totalement personnalis\u00e9e<\/b><span style=\"font-weight: 400;\">.<\/span><\/p>\n<p><span style=\"font-weight: 400;\">Il s&#8217;agit d&#8217;une <\/span><b>visite guid\u00e9e de 3 heures<\/b><span style=\"font-weight: 400;\">, au cours de laquelle vous d\u00e9couvrirez la Plaza del Castillo au c\u0153ur de la ville. Nous vous emm\u00e8nerons \u00e9galement \u00e0 la cath\u00e9drale de Pampelune, qui est consid\u00e9r\u00e9e comme l&#8217;un des b\u00e2timents gothiques les mieux conserv\u00e9s d&#8217;Espagne.\u00a0<\/span><\/p>\n<p><span style=\"font-weight: 400;\">Vous visiterez \u00e9galement d&#8217;autres joyaux historiques tels que la basilique de San Lorenzo, le parc de la Citadelle, parmi de nombreux autres sites.\u00a0<\/span><\/p>\n<p><span style=\"font-weight: 400;\">C&#8217;est aussi une excursion parfaite pour vous permettre de d\u00e9couvrir l&#8217;histoire des trois traditions les plus importantes de Pampelune : la tauromachie, la gastronomie et l&#8217;embl\u00e9matique l\u00e2cher de taureaux de San Ferm\u00edn.\u00a0<\/span><\/p>\n<p><span style=\"font-weight: 400;\">\u00c0 la fin de la visite priv\u00e9e, le guide vous emm\u00e8nera \u00e0 un endroit central de Pampelune pour continuer votre visite de la ville.\u00a0<\/span><\/p>\n<p><span style=\"font-weight: 400;\">Si vous souhaitez conna\u00eetre un peu plus la Navarre, vous pouvez opter pour notre <\/span><b>excursion au monast\u00e8re de La Oliva, Uju\u00e9 et Olite depuis Pampelune<\/b><span style=\"font-weight: 400;\">.\u00a0<\/span><\/p>\n<h2><b>Points forts de la visite priv\u00e9e<\/b><\/h2>\n<p><span style=\"font-weight: 400;\">Bien que Pamplona soit connue dans le monde entier pour son embl\u00e9matique festival de San Ferm\u00edn, il s&#8217;agit en fait d&#8217;une destination qui a beaucoup d&#8217;autres choses \u00e0 offrir aux visiteurs.\u00a0<\/span><\/p>\n<p><span style=\"font-weight: 400;\">Faites une <\/span><b>visite priv\u00e9e \u00e0 pied de Pampelune pour en <\/b><span style=\"font-weight: 400;\">savoir plus sur l&#8217;histoire de cette jolie ville m\u00e9di\u00e9vale.\u00a0<\/span><\/p>\n<p><span style=\"font-weight: 400;\">D\u00e9tendez-vous, tout en explorant les lieux les plus int\u00e9ressants de Pampelune sans l&#8217;inconfort de la foule et en compagnie d&#8217;un guide officiel, qui vous conduira aux points d&#8217;int\u00e9r\u00eat suivants :\u00a0<\/span><\/p>\n<h3><span style=\"color: #d3af37;\"><b>Place du Ch\u00e2teau\u00a0<\/b><\/span><\/h3>\n<p><span style=\"font-weight: 400;\">Nous commen\u00e7ons notre visite guid\u00e9e au c\u0153ur de la ville : la Plaza del Castillo. Cet endroit \u00e9tait l&#8217;ancienne place d&#8217;armes du ch\u00e2teau construit \u00e0 cet endroit par Luis Hut\u00edn en 1310. Depuis lors, il constitue un \u00e9l\u00e9ment essentiel des traditions de Pamplona.\u00a0<\/span><\/p>\n<p><span style=\"font-weight: 400;\">Il est \u00e9galement entour\u00e9 de certains des b\u00e2timents les plus historiques de la ville, tels que le Palais de Navarre.\u00a0<\/span><\/p>\n<p><span style=\"font-weight: 400;\">Au centre de la place se trouve \u00e9galement son kiosque symbolique, qui date de 1943 et fut l&#8217;un des lieux les plus fr\u00e9quent\u00e9s par <\/span><i><span style=\"font-weight: 400;\">Ernest Hemingway <\/span><\/i><span style=\"font-weight: 400;\">lorsqu&#8217;il vivait \u00e0 Pampelune.<\/span><\/p>\n<h3><span style=\"color: #d3af37;\"><b>La place de l&#8217;h\u00f4tel de ville<\/b><\/span><\/h3>\n<p><span style=\"font-weight: 400;\">La visite vous m\u00e8nera \u00e0 la Plaza Consistorial, l&#8217;un des points les plus historiques de la ville, o\u00f9 se trouve l&#8217;h\u00f4tel de ville.\u00a0<\/span><\/p>\n<p><span style=\"font-weight: 400;\">C&#8217;est \u00e9galement un symbole de Pampelune, car c&#8217;est ici que d\u00e9butent les festivit\u00e9s de la San Ferm\u00edn, tous les 6 juillet, avec le c\u00e9l\u00e8bre &#8220;chupinazo&#8221; (feu d&#8217;artifice).\u00a0<\/span><\/p>\n<h3><span style=\"color: #d3af37;\"><b>Cath\u00e9drale de Pampelune\u00a0<\/b><\/span><\/h3>\n<p><span style=\"font-weight: 400;\">Ne manquez pas de visiter la cath\u00e9drale de Pampelune, qui est l&#8217;un des \u00e9difices gothiques les mieux conserv\u00e9s du pays et qui est associ\u00e9 \u00e0 une d\u00e9licate structure n\u00e9oclassique.\u00a0<\/span><\/p>\n<p><span style=\"font-weight: 400;\">Ce monument abrite de nombreux tr\u00e9sors historiques tels que le tombeau de Charles III et d&#8217;Ali\u00e9nor de Castille.\u00a0<\/span><\/p>\n<p><span style=\"font-weight: 400;\">Tout pr\u00e8s de la cath\u00e9drale, vous trouverez \u00e9galement la Plaza San Jos\u00e9, qui est un coin qui vous fera tomber amoureux de sa belle architecture boh\u00e8me.\u00a0<\/span><\/p>\n<p><span style=\"font-weight: 400;\">Le mieux, c&#8217;est que toute la visite sera accompagn\u00e9e d&#8217;un guide priv\u00e9 qui se chargera de vous donner toutes les informations historiques qui vous int\u00e9ressent le plus.\u00a0<\/span><\/p>\n<p><span style=\"font-weight: 400;\">En dehors de ces attractions, vous aurez \u00e9galement l&#8217;occasion, au cours de cette visite priv\u00e9e, de d\u00e9couvrir les sites suivants :<\/span><\/p>\n<ul>\n<li><b>L&#8217;itin\u00e9raire du l\u00e2cher de taureaux.<\/b><\/li>\n<li><b>Les murs de Pamplona.<\/b><\/li>\n<li><b>L&#8217;\u00e9glise de San Saturnino.<\/b><\/li>\n<li><b>Parc Yamaguchi.<\/b><\/li>\n<li><b>Rue Estafeta.<\/b><\/li>\n<li><b>Le mus\u00e9e de Navarre et de nombreuses autres destinations.\u00a0<\/b><\/li>\n<\/ul>\n<p><span style=\"font-weight: 400;\">\u00c0 la fin de la visite de 3 heures, le guide vous accompagnera \u00e0 un point central de la ville pour que vous puissiez continuer \u00e0 profiter de tout ce que Pampelune a \u00e0 voir et \u00e0 apprendre.\u00a0<\/span><\/p>\n","protected":false},"excerpt":{"rendered":"<p><span style=\"font-weight: 400;\">Profitez d&#8217;une visite personnalis\u00e9e et exclusive de la capitale de la Navarre. Cette visite priv\u00e9e \u00e0 pied de Pampelune est id\u00e9ale pour d\u00e9couvrir son incroyable centre historique, les remparts m\u00e9di\u00e9vaux, la cath\u00e9drale de Pampelune, la Plaza Consistorial, la rue Estafeta, parmi de nombreux autres lieux attrayants de l&#8217;une des plus belles villes du nord de l&#8217;Espagne. <\/span><\/p>\n","protected":false},"featured_media":124075,"comment_status":"open","ping_status":"closed","template":"","meta":{"_acf_changed":false},"product_brand":[],"product_cat":[3541,4101],"product_tag":[],"class_list":{"0":"post-124063","1":"product","2":"type-product","3":"status-publish","4":"has-post-thumbnail","6":"product_cat-espagne-fr","7":"product_cat-pamplona-fr","9":"first","10":"instock","11":"shipping-taxable","12":"purchasable","13":"product-type-simple"},"acf":[],"yoast_head":"<!-- This site is optimized with the Yoast SEO Premium plugin v25.3.1 (Yoast SEO v25.3.1) - https:\/\/yoast.com\/wordpress\/plugins\/seo\/ -->\n<title>Visite priv\u00e9e \u00e0 pied de Pampelune en compagnie d&#039;un guide priv\u00e9<\/title>\n<meta name=\"description\" content=\"Explorez les principales attractions de Pampelune et d\u00e9couvrez son histoire int\u00e9ressante lors de notre visite priv\u00e9e \u00e0 pied de cette ville m\u00e9di\u00e9vale renomm\u00e9e.\" \/>\n<meta name=\"robots\" content=\"index, follow, max-snippet:-1, max-image-preview:large, max-video-preview:-1\" \/>\n<link rel=\"canonical\" href=\"https:\/\/tourtravelandmore.com\/fr\/tours\/espagne-fr\/pamplona-fr\/visite-privee-a-pied-de-pampelune\/\" \/>\n<meta property=\"og:locale\" content=\"fr_FR\" \/>\n<meta property=\"og:type\" content=\"article\" \/>\n<meta property=\"og:title\" content=\"Visite priv\u00e9e \u00e0 pied de Pampelune\" \/>\n<meta property=\"og:description\" content=\"Explorez les principales attractions de Pampelune et d\u00e9couvrez son histoire int\u00e9ressante lors de notre visite priv\u00e9e \u00e0 pied de cette ville m\u00e9di\u00e9vale renomm\u00e9e.\" \/>\n<meta property=\"og:url\" content=\"https:\/\/tourtravelandmore.com\/fr\/tours\/espagne-fr\/pamplona-fr\/visite-privee-a-pied-de-pampelune\/\" \/>\n<meta property=\"og:site_name\" content=\"Tour Travel And More\" \/>\n<meta property=\"article:publisher\" content=\"https:\/\/www.facebook.com\/tourtravelandmore\/\" \/>\n<meta property=\"article:modified_time\" content=\"2022-04-27T15:02:23+00:00\" \/>\n<meta property=\"og:image\" content=\"https:\/\/tourtravelandmore.com\/wp-content\/uploads\/2022\/04\/image1-18.jpg\" \/>\n\t<meta property=\"og:image:width\" content=\"900\" \/>\n\t<meta property=\"og:image:height\" content=\"680\" \/>\n\t<meta property=\"og:image:type\" content=\"image\/jpeg\" \/>\n<meta name=\"twitter:card\" content=\"summary_large_image\" \/>\n<meta name=\"twitter:site\" content=\"@TourTravel_More\" \/>\n<meta name=\"twitter:label1\" content=\"Dur\u00e9e de lecture estim\u00e9e\" \/>\n\t<meta name=\"twitter:data1\" content=\"4 minutes\" \/>\n<script type=\"application\/ld+json\" class=\"yoast-schema-graph\">{\"@context\":\"https:\/\/schema.org\",\"@graph\":[{\"@type\":\"WebPage\",\"@id\":\"https:\/\/tourtravelandmore.com\/fr\/tours\/espagne-fr\/pamplona-fr\/visite-privee-a-pied-de-pampelune\/\",\"url\":\"https:\/\/tourtravelandmore.com\/fr\/tours\/espagne-fr\/pamplona-fr\/visite-privee-a-pied-de-pampelune\/\",\"name\":\"Visite priv\u00e9e \u00e0 pied de Pampelune en compagnie d'un guide priv\u00e9\",\"isPartOf\":{\"@id\":\"https:\/\/tourtravelandmore.com\/fr\/#website\"},\"primaryImageOfPage\":{\"@id\":\"https:\/\/tourtravelandmore.com\/fr\/tours\/espagne-fr\/pamplona-fr\/visite-privee-a-pied-de-pampelune\/#primaryimage\"},\"image\":{\"@id\":\"https:\/\/tourtravelandmore.com\/fr\/tours\/espagne-fr\/pamplona-fr\/visite-privee-a-pied-de-pampelune\/#primaryimage\"},\"thumbnailUrl\":\"https:\/\/tourtravelandmore.com\/wp-content\/uploads\/2022\/04\/image1-18.jpg\",\"datePublished\":\"2022-04-19T16:06:53+00:00\",\"dateModified\":\"2022-04-27T15:02:23+00:00\",\"description\":\"Explorez les principales attractions de Pampelune et d\u00e9couvrez son histoire int\u00e9ressante lors de notre visite priv\u00e9e \u00e0 pied de cette ville m\u00e9di\u00e9vale renomm\u00e9e.\",\"breadcrumb\":{\"@id\":\"https:\/\/tourtravelandmore.com\/fr\/tours\/espagne-fr\/pamplona-fr\/visite-privee-a-pied-de-pampelune\/#breadcrumb\"},\"inLanguage\":\"fr-FR\",\"potentialAction\":[{\"@type\":\"ReadAction\",\"target\":[\"https:\/\/tourtravelandmore.com\/fr\/tours\/espagne-fr\/pamplona-fr\/visite-privee-a-pied-de-pampelune\/\"]}]},{\"@type\":\"ImageObject\",\"inLanguage\":\"fr-FR\",\"@id\":\"https:\/\/tourtravelandmore.com\/fr\/tours\/espagne-fr\/pamplona-fr\/visite-privee-a-pied-de-pampelune\/#primaryimage\",\"url\":\"https:\/\/tourtravelandmore.com\/wp-content\/uploads\/2022\/04\/image1-18.jpg\",\"contentUrl\":\"https:\/\/tourtravelandmore.com\/wp-content\/uploads\/2022\/04\/image1-18.jpg\",\"width\":900,\"height\":680},{\"@type\":\"BreadcrumbList\",\"@id\":\"https:\/\/tourtravelandmore.com\/fr\/tours\/espagne-fr\/pamplona-fr\/visite-privee-a-pied-de-pampelune\/#breadcrumb\",\"itemListElement\":[{\"@type\":\"ListItem\",\"position\":1,\"name\":\"Home\",\"item\":\"https:\/\/tourtravelandmore.com\/fr\/\"},{\"@type\":\"ListItem\",\"position\":2,\"name\":\"Tours\",\"item\":\"https:\/\/tourtravelandmore.com\/fr\/tours\/\"},{\"@type\":\"ListItem\",\"position\":3,\"name\":\"Visite priv\u00e9e \u00e0 pied de Pampelune\"}]},{\"@type\":\"WebSite\",\"@id\":\"https:\/\/tourtravelandmore.com\/fr\/#website\",\"url\":\"https:\/\/tourtravelandmore.com\/fr\/\",\"name\":\"Tour Travel And More\",\"description\":\"Private sightseeing tours and luxury transfers in Spain\",\"publisher\":{\"@id\":\"https:\/\/tourtravelandmore.com\/fr\/#organization\"},\"potentialAction\":[{\"@type\":\"SearchAction\",\"target\":{\"@type\":\"EntryPoint\",\"urlTemplate\":\"https:\/\/tourtravelandmore.com\/fr\/?s={search_term_string}\"},\"query-input\":{\"@type\":\"PropertyValueSpecification\",\"valueRequired\":true,\"valueName\":\"search_term_string\"}}],\"inLanguage\":\"fr-FR\"},{\"@type\":\"Organization\",\"@id\":\"https:\/\/tourtravelandmore.com\/fr\/#organization\",\"name\":\"Tour Travel And More\",\"url\":\"https:\/\/tourtravelandmore.com\/fr\/\",\"logo\":{\"@type\":\"ImageObject\",\"inLanguage\":\"fr-FR\",\"@id\":\"https:\/\/tourtravelandmore.com\/fr\/#\/schema\/logo\/image\/\",\"url\":\"https:\/\/tourtravelandmore.com\/wp-content\/uploads\/2022\/12\/cropped-logo-cabecera-new.png\",\"contentUrl\":\"https:\/\/tourtravelandmore.com\/wp-content\/uploads\/2022\/12\/cropped-logo-cabecera-new.png\",\"width\":430,\"height\":61,\"caption\":\"Tour Travel And More\"},\"image\":{\"@id\":\"https:\/\/tourtravelandmore.com\/fr\/#\/schema\/logo\/image\/\"},\"sameAs\":[\"https:\/\/www.facebook.com\/tourtravelandmore\/\",\"https:\/\/x.com\/TourTravel_More\"]}]}<\/script>\n<!-- \/ Yoast SEO Premium plugin. -->","yoast_head_json":{"title":"Visite priv\u00e9e \u00e0 pied de Pampelune en compagnie d'un guide priv\u00e9","description":"Explorez les principales attractions de Pampelune et d\u00e9couvrez son histoire int\u00e9ressante lors de notre visite priv\u00e9e \u00e0 pied de cette ville m\u00e9di\u00e9vale renomm\u00e9e.","robots":{"index":"index","follow":"follow","max-snippet":"max-snippet:-1","max-image-preview":"max-image-preview:large","max-video-preview":"max-video-preview:-1"},"canonical":"https:\/\/tourtravelandmore.com\/fr\/tours\/espagne-fr\/pamplona-fr\/visite-privee-a-pied-de-pampelune\/","og_locale":"fr_FR","og_type":"article","og_title":"Visite priv\u00e9e \u00e0 pied de Pampelune","og_description":"Explorez les principales attractions de Pampelune et d\u00e9couvrez son histoire int\u00e9ressante lors de notre visite priv\u00e9e \u00e0 pied de cette ville m\u00e9di\u00e9vale renomm\u00e9e.","og_url":"https:\/\/tourtravelandmore.com\/fr\/tours\/espagne-fr\/pamplona-fr\/visite-privee-a-pied-de-pampelune\/","og_site_name":"Tour Travel And More","article_publisher":"https:\/\/www.facebook.com\/tourtravelandmore\/","article_modified_time":"2022-04-27T15:02:23+00:00","og_image":[{"width":900,"height":680,"url":"https:\/\/tourtravelandmore.com\/wp-content\/uploads\/2022\/04\/image1-18.jpg","type":"image\/jpeg"}],"twitter_card":"summary_large_image","twitter_site":"@TourTravel_More","twitter_misc":{"Dur\u00e9e de lecture estim\u00e9e":"4 minutes"},"schema":{"@context":"https:\/\/schema.org","@graph":[{"@type":"WebPage","@id":"https:\/\/tourtravelandmore.com\/fr\/tours\/espagne-fr\/pamplona-fr\/visite-privee-a-pied-de-pampelune\/","url":"https:\/\/tourtravelandmore.com\/fr\/tours\/espagne-fr\/pamplona-fr\/visite-privee-a-pied-de-pampelune\/","name":"Visite priv\u00e9e \u00e0 pied de Pampelune en compagnie d'un guide priv\u00e9","isPartOf":{"@id":"https:\/\/tourtravelandmore.com\/fr\/#website"},"primaryImageOfPage":{"@id":"https:\/\/tourtravelandmore.com\/fr\/tours\/espagne-fr\/pamplona-fr\/visite-privee-a-pied-de-pampelune\/#primaryimage"},"image":{"@id":"https:\/\/tourtravelandmore.com\/fr\/tours\/espagne-fr\/pamplona-fr\/visite-privee-a-pied-de-pampelune\/#primaryimage"},"thumbnailUrl":"https:\/\/tourtravelandmore.com\/wp-content\/uploads\/2022\/04\/image1-18.jpg","datePublished":"2022-04-19T16:06:53+00:00","dateModified":"2022-04-27T15:02:23+00:00","description":"Explorez les principales attractions de Pampelune et d\u00e9couvrez son histoire int\u00e9ressante lors de notre visite priv\u00e9e \u00e0 pied de cette ville m\u00e9di\u00e9vale renomm\u00e9e.","breadcrumb":{"@id":"https:\/\/tourtravelandmore.com\/fr\/tours\/espagne-fr\/pamplona-fr\/visite-privee-a-pied-de-pampelune\/#breadcrumb"},"inLanguage":"fr-FR","potentialAction":[{"@type":"ReadAction","target":["https:\/\/tourtravelandmore.com\/fr\/tours\/espagne-fr\/pamplona-fr\/visite-privee-a-pied-de-pampelune\/"]}]},{"@type":"ImageObject","inLanguage":"fr-FR","@id":"https:\/\/tourtravelandmore.com\/fr\/tours\/espagne-fr\/pamplona-fr\/visite-privee-a-pied-de-pampelune\/#primaryimage","url":"https:\/\/tourtravelandmore.com\/wp-content\/uploads\/2022\/04\/image1-18.jpg","contentUrl":"https:\/\/tourtravelandmore.com\/wp-content\/uploads\/2022\/04\/image1-18.jpg","width":900,"height":680},{"@type":"BreadcrumbList","@id":"https:\/\/tourtravelandmore.com\/fr\/tours\/espagne-fr\/pamplona-fr\/visite-privee-a-pied-de-pampelune\/#breadcrumb","itemListElement":[{"@type":"ListItem","position":1,"name":"Home","item":"https:\/\/tourtravelandmore.com\/fr\/"},{"@type":"ListItem","position":2,"name":"Tours","item":"https:\/\/tourtravelandmore.com\/fr\/tours\/"},{"@type":"ListItem","position":3,"name":"Visite priv\u00e9e \u00e0 pied de Pampelune"}]},{"@type":"WebSite","@id":"https:\/\/tourtravelandmore.com\/fr\/#website","url":"https:\/\/tourtravelandmore.com\/fr\/","name":"Tour Travel And More","description":"Private sightseeing tours and luxury transfers in Spain","publisher":{"@id":"https:\/\/tourtravelandmore.com\/fr\/#organization"},"potentialAction":[{"@type":"SearchAction","target":{"@type":"EntryPoint","urlTemplate":"https:\/\/tourtravelandmore.com\/fr\/?s={search_term_string}"},"query-input":{"@type":"PropertyValueSpecification","valueRequired":true,"valueName":"search_term_string"}}],"inLanguage":"fr-FR"},{"@type":"Organization","@id":"https:\/\/tourtravelandmore.com\/fr\/#organization","name":"Tour Travel And More","url":"https:\/\/tourtravelandmore.com\/fr\/","logo":{"@type":"ImageObject","inLanguage":"fr-FR","@id":"https:\/\/tourtravelandmore.com\/fr\/#\/schema\/logo\/image\/","url":"https:\/\/tourtravelandmore.com\/wp-content\/uploads\/2022\/12\/cropped-logo-cabecera-new.png","contentUrl":"https:\/\/tourtravelandmore.com\/wp-content\/uploads\/2022\/12\/cropped-logo-cabecera-new.png","width":430,"height":61,"caption":"Tour Travel And More"},"image":{"@id":"https:\/\/tourtravelandmore.com\/fr\/#\/schema\/logo\/image\/"},"sameAs":["https:\/\/www.facebook.com\/tourtravelandmore\/","https:\/\/x.com\/TourTravel_More"]}]}},"_links":{"self":[{"href":"https:\/\/tourtravelandmore.com\/fr\/wp-json\/wp\/v2\/product\/124063","targetHints":{"allow":["GET"]}}],"collection":[{"href":"https:\/\/tourtravelandmore.com\/fr\/wp-json\/wp\/v2\/product"}],"about":[{"href":"https:\/\/tourtravelandmore.com\/fr\/wp-json\/wp\/v2\/types\/product"}],"replies":[{"embeddable":true,"href":"https:\/\/tourtravelandmore.com\/fr\/wp-json\/wp\/v2\/comments?post=124063"}],"wp:featuredmedia":[{"embeddable":true,"href":"https:\/\/tourtravelandmore.com\/fr\/wp-json\/wp\/v2\/media\/124075"}],"wp:attachment":[{"href":"https:\/\/tourtravelandmore.com\/fr\/wp-json\/wp\/v2\/media?parent=124063"}],"wp:term":[{"taxonomy":"product_brand","embeddable":true,"href":"https:\/\/tourtravelandmore.com\/fr\/wp-json\/wp\/v2\/product_brand?post=124063"},{"taxonomy":"product_cat","embeddable":true,"href":"https:\/\/tourtravelandmore.com\/fr\/wp-json\/wp\/v2\/product_cat?post=124063"},{"taxonomy":"product_tag","embeddable":true,"href":"https:\/\/tourtravelandmore.com\/fr\/wp-json\/wp\/v2\/product_tag?post=124063"}],"curies":[{"name":"wp","href":"https:\/\/api.w.org\/{rel}","templated":true}]}}