{"id":124017,"date":"2022-04-19T17:13:36","date_gmt":"2022-04-19T15:13:45","guid":{"rendered":"https:\/\/tourtravelandmore.com\/?post_type=product&#038;p=124017"},"modified":"2022-04-19T18:06:08","modified_gmt":"2022-04-19T16:06:08","slug":"excursion-privee-au-monastere-de-la-oliva-ujue-et-olite-depuis-pampelune","status":"publish","type":"product","link":"https:\/\/tourtravelandmore.com\/fr\/tours\/espagne-fr\/pamplona-fr\/excursion-privee-au-monastere-de-la-oliva-ujue-et-olite-depuis-pampelune\/","title":{"rendered":"Excursion priv\u00e9e au monast\u00e8re de La Oliva, Uju\u00e9 et Olite depuis Pampelune"},"content":{"rendered":"<h2><b>Description de l&#8217;excursion priv\u00e9e au monast\u00e8re de La Oliva, Uju\u00e9 et Olite depuis Pampelune<\/b><\/h2>\n<p><span style=\"font-weight: 400;\">Explorez les terres de Castille-et-Le\u00f3n avec cette excursion priv\u00e9e au monast\u00e8re de La Oliva, Uju\u00e9 et Olite au d\u00e9part de Pampelune.<\/span><\/p>\n<p><span style=\"font-weight: 400;\">Notre excursion commence lorsque nous venons vous chercher \u00e0 un point convenu de la ville pour vous transf\u00e9rer dans une voiture de luxe \u00e0 travers des paysages de montagne magiques. Pendant les 8 heures de route, vous serez accompagn\u00e9 d&#8217;un guide priv\u00e9 qui vous montrera chaque d\u00e9tail d&#8217;int\u00e9r\u00eat de ces lieux enchanteurs.\u00a0<\/span><\/p>\n<p><span style=\"font-weight: 400;\">Nous ferons un premier arr\u00eat au monast\u00e8re de Santa Mar\u00eda de La Oliva, un lieu paisible et spirituel qui a \u00e9t\u00e9 fond\u00e9 au 12\u00e8me si\u00e8cle. Ce monument est consid\u00e9r\u00e9 comme le plus ancien monast\u00e8re d&#8217;Espagne.\u00a0<\/span><\/p>\n<p><span style=\"font-weight: 400;\">Vous pourrez y voir les moines dans leurs robes caract\u00e9ristiques et vous apprendrez \u00e9galement \u00e0 conna\u00eetre chacune de ses galeries, car la visite comprend une entr\u00e9e exclusive au monast\u00e8re.\u00a0<\/span><\/p>\n<p><span style=\"font-weight: 400;\">Nous vous emm\u00e8nerons ensuite \u00e0 Uju\u00e9, l&#8217;un des villages fortifi\u00e9s les plus beaux et les mieux pr\u00e9serv\u00e9s d&#8217;Europe. En vous promenant dans ses rues et ses coins, vous aurez l&#8217;impression d&#8217;\u00eatre dans un film m\u00e9di\u00e9val.\u00a0<\/span><\/p>\n<p><span style=\"font-weight: 400;\">Nous nous dirigerons ensuite vers Olite, une ville qui regorge de tr\u00e9sors historiques et architecturaux.\u00a0<\/span><\/p>\n<p><span style=\"font-weight: 400;\">En effet, ses rues abritent le palais royal d&#8217;Olite, qui \u00e9tait la r\u00e9sidence pr\u00e9f\u00e9r\u00e9e de la monarchie de Navarre. Vous apprendrez \u00e0 conna\u00eetre chaque d\u00e9tail de ce monument, car nous vous donnerons \u00e9galement des billets exclusifs pour cet incroyable palais.<\/span><\/p>\n<p><span style=\"font-weight: 400;\">L&#8217;excursion se termine par le retour \u00e0 Pampelune, o\u00f9 nous vous d\u00e9poserons \u00e0 un point convenu pour que vous puissiez vous reposer tranquillement.<\/span><\/p>\n<h2><b>Points forts de l&#8217;excursion priv\u00e9e au monast\u00e8re de La Oliva, Uju\u00e9 et Olite depuis Pampelune<\/b><\/h2>\n<p><span style=\"font-weight: 400;\">Profitez d&#8217;une excursion priv\u00e9e dans trois des lieux les plus embl\u00e9matiques du sud de la Navarre.\u00a0<\/span><\/p>\n<p><span style=\"font-weight: 400;\">Il s&#8217;agira d&#8217;une visite guid\u00e9e dans une r\u00e9gion au patrimoine culturel unique qui abrite des b\u00e2timents et des paysages magnifiques. Nous viendrons vous chercher dans une voiture de luxe \u00e0 Pampelune pour vous emmener aux points d&#8217;int\u00e9r\u00eat suivants :\u00a0<\/span><\/p>\n<h3><span style=\"color: #d3af37;\"><b>Monast\u00e8re de La Oliva<\/b><\/span><\/h3>\n<p><span style=\"font-weight: 400;\">Ce monument, construit entre le 12e et le 12e si\u00e8cle, a \u00e9t\u00e9 d\u00e9clar\u00e9 patrimoine mondial par l&#8217;Unesco et constitue l&#8217;un des meilleurs exemples de l&#8217;art cistercien.\u00a0<\/span><\/p>\n<p><span style=\"font-weight: 400;\">En fait, elle abrite toujours l&#8217;ordre des moines cisterciens qui vivent dans son clo\u00eetre.\u00a0<\/span><\/p>\n<p><span style=\"font-weight: 400;\">Vous pourrez explorer tous les coins et recoins, car la visite vous donne l&#8217;acc\u00e8s exclusif au site. En outre, le guide priv\u00e9 vous emm\u00e8nera dans les zones les plus int\u00e9ressantes et les plus attrayantes du b\u00e2timent.\u00a0<\/span><\/p>\n<p><span style=\"font-weight: 400;\">Veuillez noter que dans certaines zones du monast\u00e8re, il est interdit de parler afin de pr\u00e9server le silence et la m\u00e9ditation des moines.\u00a0<\/span><\/p>\n<h3><span style=\"color: #d3af37;\"><b>Uju\u00e9\u00a0<\/b><\/span><\/h3>\n<p><span style=\"font-weight: 400;\">Entour\u00e9 de champs verdoyants, se trouve le joli village d&#8217;Uju\u00e9. C&#8217;est l&#8217;une des villes m\u00e9di\u00e9vales les plus embl\u00e9matiques de Navarre et elle conserve encore tout son charme m\u00e9di\u00e9val.\u00a0<\/span><\/p>\n<p><span style=\"font-weight: 400;\">L&#8217;une des choses que vous aimerez \u00e0 Uju\u00e9 est que vous aurez une vue magnifique sur les Pyr\u00e9n\u00e9es d&#8217;ici, ce qui vaudra la peine de prendre beaucoup de photos pour s&#8217;en souvenir.\u00a0<\/span><\/p>\n<p><span style=\"font-weight: 400;\">Vous verrez \u00e9galement l&#8217;\u00e9glise de Santa Mar\u00eda de Uju\u00e9, o\u00f9 ont lieu les plus anciens p\u00e8lerinages mariaux d&#8217;Espagne.\u00a0<\/span><\/p>\n<h3><span style=\"color: #d3af37;\"><b>Olite<\/b><\/span><\/h3>\n<p><span style=\"font-weight: 400;\">Cette visite guid\u00e9e se poursuit dans le charmant village d&#8217;Olite. Ses rues m\u00e9di\u00e9vales abritent ce qui \u00e9tait la forteresse pr\u00e9f\u00e9r\u00e9e des rois de Navarre : le Palais royal d&#8217;Olite.\u00a0<\/span><\/p>\n<p><span style=\"font-weight: 400;\">Ce palais gothique a \u00e9t\u00e9 construit au 14e si\u00e8cle et a servi de r\u00e9sidence officielle \u00e0 Charles III. Cet imposant ch\u00e2teau \u00e9tait \u00e9galement le si\u00e8ge de la cour royale du royaume de Navarre au Moyen \u00c2ge.\u00a0<\/span><\/p>\n<p><span style=\"font-weight: 400;\">Vous d\u00e9couvrirez ce palais en exclusivit\u00e9 et en compagnie d&#8217;un guide officiel priv\u00e9.\u00a0<\/span><\/p>\n<p><span style=\"font-weight: 400;\">Enfin, nous vous ram\u00e8nerons \u00e0 Pampelune pour vous d\u00e9poser \u00e0 l&#8217;endroit qui vous convient le mieux.\u00a0<\/span><\/p>\n<p><span style=\"font-weight: 400;\">Nous vous recommandons de compl\u00e9ter votre voyage avec notre visite<\/span><span style=\"font-weight: 400;\"> priv\u00e9e \u00e0 pied de Pampelune<\/span><span style=\"font-weight: 400;\"> pour explorer la capitale de la Navarre sous un autre angle. <\/span><\/p>\n","protected":false},"excerpt":{"rendered":"<p><span style=\"font-weight: 400;\">Profitez de votre s\u00e9jour en Navarre pour faire une excursion guid\u00e9e au monast\u00e8re de La Oliva, Uju\u00e9 et Olite au d\u00e9part de Pampelune. Ce sera une occasion unique de voir de pr\u00e8s un monast\u00e8re construit par des moines cisterciens et deux des villages m\u00e9di\u00e9vaux les mieux conserv\u00e9s d&#8217;Europe.<\/span><\/p>\n","protected":false},"featured_media":124038,"comment_status":"open","ping_status":"closed","template":"","meta":{"_acf_changed":false},"product_brand":[],"product_cat":[3541,4101],"product_tag":[],"class_list":{"0":"post-124017","1":"product","2":"type-product","3":"status-publish","4":"has-post-thumbnail","6":"product_cat-espagne-fr","7":"product_cat-pamplona-fr","9":"first","10":"instock","11":"shipping-taxable","12":"purchasable","13":"product-type-simple"},"acf":[],"yoast_head":"<!-- This site is optimized with the Yoast SEO Premium plugin v25.3.1 (Yoast SEO v25.3.1) - https:\/\/yoast.com\/wordpress\/plugins\/seo\/ -->\n<title>Visite priv\u00e9e du monast\u00e8re de La Oliva, Uju\u00e9 et Olite depuis Pampelune avec transfert en voiture priv\u00e9e et avec un guide officiel<\/title>\n<meta name=\"description\" content=\"Parcourez la route de la Navarre m\u00e9di\u00e9vale lors de cette visite priv\u00e9e au monast\u00e8re de La Oliva, Uju\u00e9 et Olite depuis Pampelune. Le transfert se fera dans une voiture de luxe et sera accompagn\u00e9 d&#039;un guide officiel.\" \/>\n<meta name=\"robots\" content=\"index, follow, max-snippet:-1, max-image-preview:large, max-video-preview:-1\" \/>\n<link rel=\"canonical\" href=\"https:\/\/tourtravelandmore.com\/fr\/tours\/espagne-fr\/pamplona-fr\/excursion-privee-au-monastere-de-la-oliva-ujue-et-olite-depuis-pampelune\/\" \/>\n<meta property=\"og:locale\" content=\"fr_FR\" \/>\n<meta property=\"og:type\" content=\"article\" \/>\n<meta property=\"og:title\" content=\"Excursion priv\u00e9e au monast\u00e8re de La Oliva, Uju\u00e9 et Olite depuis Pampelune\" \/>\n<meta property=\"og:description\" content=\"Parcourez la route de la Navarre m\u00e9di\u00e9vale lors de cette visite priv\u00e9e au monast\u00e8re de La Oliva, Uju\u00e9 et Olite depuis Pampelune. Le transfert se fera dans une voiture de luxe et sera accompagn\u00e9 d&#039;un guide officiel.\" \/>\n<meta property=\"og:url\" content=\"https:\/\/tourtravelandmore.com\/fr\/tours\/espagne-fr\/pamplona-fr\/excursion-privee-au-monastere-de-la-oliva-ujue-et-olite-depuis-pampelune\/\" \/>\n<meta property=\"og:site_name\" content=\"Tour Travel And More\" \/>\n<meta property=\"article:publisher\" content=\"https:\/\/www.facebook.com\/tourtravelandmore\/\" \/>\n<meta property=\"article:modified_time\" content=\"2022-04-19T16:06:08+00:00\" \/>\n<meta property=\"og:image\" content=\"https:\/\/tourtravelandmore.com\/wp-content\/uploads\/2022\/04\/image5-18.jpg\" \/>\n\t<meta property=\"og:image:width\" content=\"900\" \/>\n\t<meta property=\"og:image:height\" content=\"680\" \/>\n\t<meta property=\"og:image:type\" content=\"image\/jpeg\" \/>\n<meta name=\"twitter:card\" content=\"summary_large_image\" \/>\n<meta name=\"twitter:site\" content=\"@TourTravel_More\" \/>\n<meta name=\"twitter:label1\" content=\"Dur\u00e9e de lecture estim\u00e9e\" \/>\n\t<meta name=\"twitter:data1\" content=\"4 minutes\" \/>\n<script type=\"application\/ld+json\" class=\"yoast-schema-graph\">{\"@context\":\"https:\/\/schema.org\",\"@graph\":[{\"@type\":\"WebPage\",\"@id\":\"https:\/\/tourtravelandmore.com\/fr\/tours\/espagne-fr\/pamplona-fr\/excursion-privee-au-monastere-de-la-oliva-ujue-et-olite-depuis-pampelune\/\",\"url\":\"https:\/\/tourtravelandmore.com\/fr\/tours\/espagne-fr\/pamplona-fr\/excursion-privee-au-monastere-de-la-oliva-ujue-et-olite-depuis-pampelune\/\",\"name\":\"Visite priv\u00e9e du monast\u00e8re de La Oliva, Uju\u00e9 et Olite depuis Pampelune avec transfert en voiture priv\u00e9e et avec un guide officiel\",\"isPartOf\":{\"@id\":\"https:\/\/tourtravelandmore.com\/fr\/#website\"},\"primaryImageOfPage\":{\"@id\":\"https:\/\/tourtravelandmore.com\/fr\/tours\/espagne-fr\/pamplona-fr\/excursion-privee-au-monastere-de-la-oliva-ujue-et-olite-depuis-pampelune\/#primaryimage\"},\"image\":{\"@id\":\"https:\/\/tourtravelandmore.com\/fr\/tours\/espagne-fr\/pamplona-fr\/excursion-privee-au-monastere-de-la-oliva-ujue-et-olite-depuis-pampelune\/#primaryimage\"},\"thumbnailUrl\":\"https:\/\/tourtravelandmore.com\/wp-content\/uploads\/2022\/04\/image5-18.jpg\",\"datePublished\":\"2022-04-19T15:13:45+00:00\",\"dateModified\":\"2022-04-19T16:06:08+00:00\",\"description\":\"Parcourez la route de la Navarre m\u00e9di\u00e9vale lors de cette visite priv\u00e9e au monast\u00e8re de La Oliva, Uju\u00e9 et Olite depuis Pampelune. Le transfert se fera dans une voiture de luxe et sera accompagn\u00e9 d'un guide officiel.\",\"breadcrumb\":{\"@id\":\"https:\/\/tourtravelandmore.com\/fr\/tours\/espagne-fr\/pamplona-fr\/excursion-privee-au-monastere-de-la-oliva-ujue-et-olite-depuis-pampelune\/#breadcrumb\"},\"inLanguage\":\"fr-FR\",\"potentialAction\":[{\"@type\":\"ReadAction\",\"target\":[\"https:\/\/tourtravelandmore.com\/fr\/tours\/espagne-fr\/pamplona-fr\/excursion-privee-au-monastere-de-la-oliva-ujue-et-olite-depuis-pampelune\/\"]}]},{\"@type\":\"ImageObject\",\"inLanguage\":\"fr-FR\",\"@id\":\"https:\/\/tourtravelandmore.com\/fr\/tours\/espagne-fr\/pamplona-fr\/excursion-privee-au-monastere-de-la-oliva-ujue-et-olite-depuis-pampelune\/#primaryimage\",\"url\":\"https:\/\/tourtravelandmore.com\/wp-content\/uploads\/2022\/04\/image5-18.jpg\",\"contentUrl\":\"https:\/\/tourtravelandmore.com\/wp-content\/uploads\/2022\/04\/image5-18.jpg\",\"width\":900,\"height\":680},{\"@type\":\"BreadcrumbList\",\"@id\":\"https:\/\/tourtravelandmore.com\/fr\/tours\/espagne-fr\/pamplona-fr\/excursion-privee-au-monastere-de-la-oliva-ujue-et-olite-depuis-pampelune\/#breadcrumb\",\"itemListElement\":[{\"@type\":\"ListItem\",\"position\":1,\"name\":\"Home\",\"item\":\"https:\/\/tourtravelandmore.com\/fr\/\"},{\"@type\":\"ListItem\",\"position\":2,\"name\":\"Tours\",\"item\":\"https:\/\/tourtravelandmore.com\/fr\/tours\/\"},{\"@type\":\"ListItem\",\"position\":3,\"name\":\"Excursion priv\u00e9e au monast\u00e8re de La Oliva, Uju\u00e9 et Olite depuis Pampelune\"}]},{\"@type\":\"WebSite\",\"@id\":\"https:\/\/tourtravelandmore.com\/fr\/#website\",\"url\":\"https:\/\/tourtravelandmore.com\/fr\/\",\"name\":\"Tour Travel And More\",\"description\":\"Private sightseeing tours and luxury transfers in Spain\",\"publisher\":{\"@id\":\"https:\/\/tourtravelandmore.com\/fr\/#organization\"},\"potentialAction\":[{\"@type\":\"SearchAction\",\"target\":{\"@type\":\"EntryPoint\",\"urlTemplate\":\"https:\/\/tourtravelandmore.com\/fr\/?s={search_term_string}\"},\"query-input\":{\"@type\":\"PropertyValueSpecification\",\"valueRequired\":true,\"valueName\":\"search_term_string\"}}],\"inLanguage\":\"fr-FR\"},{\"@type\":\"Organization\",\"@id\":\"https:\/\/tourtravelandmore.com\/fr\/#organization\",\"name\":\"Tour Travel And More\",\"url\":\"https:\/\/tourtravelandmore.com\/fr\/\",\"logo\":{\"@type\":\"ImageObject\",\"inLanguage\":\"fr-FR\",\"@id\":\"https:\/\/tourtravelandmore.com\/fr\/#\/schema\/logo\/image\/\",\"url\":\"https:\/\/tourtravelandmore.com\/wp-content\/uploads\/2022\/12\/cropped-logo-cabecera-new.png\",\"contentUrl\":\"https:\/\/tourtravelandmore.com\/wp-content\/uploads\/2022\/12\/cropped-logo-cabecera-new.png\",\"width\":430,\"height\":61,\"caption\":\"Tour Travel And More\"},\"image\":{\"@id\":\"https:\/\/tourtravelandmore.com\/fr\/#\/schema\/logo\/image\/\"},\"sameAs\":[\"https:\/\/www.facebook.com\/tourtravelandmore\/\",\"https:\/\/x.com\/TourTravel_More\"]}]}<\/script>\n<!-- \/ Yoast SEO Premium plugin. -->","yoast_head_json":{"title":"Visite priv\u00e9e du monast\u00e8re de La Oliva, Uju\u00e9 et Olite depuis Pampelune avec transfert en voiture priv\u00e9e et avec un guide officiel","description":"Parcourez la route de la Navarre m\u00e9di\u00e9vale lors de cette visite priv\u00e9e au monast\u00e8re de La Oliva, Uju\u00e9 et Olite depuis Pampelune. Le transfert se fera dans une voiture de luxe et sera accompagn\u00e9 d'un guide officiel.","robots":{"index":"index","follow":"follow","max-snippet":"max-snippet:-1","max-image-preview":"max-image-preview:large","max-video-preview":"max-video-preview:-1"},"canonical":"https:\/\/tourtravelandmore.com\/fr\/tours\/espagne-fr\/pamplona-fr\/excursion-privee-au-monastere-de-la-oliva-ujue-et-olite-depuis-pampelune\/","og_locale":"fr_FR","og_type":"article","og_title":"Excursion priv\u00e9e au monast\u00e8re de La Oliva, Uju\u00e9 et Olite depuis Pampelune","og_description":"Parcourez la route de la Navarre m\u00e9di\u00e9vale lors de cette visite priv\u00e9e au monast\u00e8re de La Oliva, Uju\u00e9 et Olite depuis Pampelune. Le transfert se fera dans une voiture de luxe et sera accompagn\u00e9 d'un guide officiel.","og_url":"https:\/\/tourtravelandmore.com\/fr\/tours\/espagne-fr\/pamplona-fr\/excursion-privee-au-monastere-de-la-oliva-ujue-et-olite-depuis-pampelune\/","og_site_name":"Tour Travel And More","article_publisher":"https:\/\/www.facebook.com\/tourtravelandmore\/","article_modified_time":"2022-04-19T16:06:08+00:00","og_image":[{"width":900,"height":680,"url":"https:\/\/tourtravelandmore.com\/wp-content\/uploads\/2022\/04\/image5-18.jpg","type":"image\/jpeg"}],"twitter_card":"summary_large_image","twitter_site":"@TourTravel_More","twitter_misc":{"Dur\u00e9e de lecture estim\u00e9e":"4 minutes"},"schema":{"@context":"https:\/\/schema.org","@graph":[{"@type":"WebPage","@id":"https:\/\/tourtravelandmore.com\/fr\/tours\/espagne-fr\/pamplona-fr\/excursion-privee-au-monastere-de-la-oliva-ujue-et-olite-depuis-pampelune\/","url":"https:\/\/tourtravelandmore.com\/fr\/tours\/espagne-fr\/pamplona-fr\/excursion-privee-au-monastere-de-la-oliva-ujue-et-olite-depuis-pampelune\/","name":"Visite priv\u00e9e du monast\u00e8re de La Oliva, Uju\u00e9 et Olite depuis Pampelune avec transfert en voiture priv\u00e9e et avec un guide officiel","isPartOf":{"@id":"https:\/\/tourtravelandmore.com\/fr\/#website"},"primaryImageOfPage":{"@id":"https:\/\/tourtravelandmore.com\/fr\/tours\/espagne-fr\/pamplona-fr\/excursion-privee-au-monastere-de-la-oliva-ujue-et-olite-depuis-pampelune\/#primaryimage"},"image":{"@id":"https:\/\/tourtravelandmore.com\/fr\/tours\/espagne-fr\/pamplona-fr\/excursion-privee-au-monastere-de-la-oliva-ujue-et-olite-depuis-pampelune\/#primaryimage"},"thumbnailUrl":"https:\/\/tourtravelandmore.com\/wp-content\/uploads\/2022\/04\/image5-18.jpg","datePublished":"2022-04-19T15:13:45+00:00","dateModified":"2022-04-19T16:06:08+00:00","description":"Parcourez la route de la Navarre m\u00e9di\u00e9vale lors de cette visite priv\u00e9e au monast\u00e8re de La Oliva, Uju\u00e9 et Olite depuis Pampelune. Le transfert se fera dans une voiture de luxe et sera accompagn\u00e9 d'un guide officiel.","breadcrumb":{"@id":"https:\/\/tourtravelandmore.com\/fr\/tours\/espagne-fr\/pamplona-fr\/excursion-privee-au-monastere-de-la-oliva-ujue-et-olite-depuis-pampelune\/#breadcrumb"},"inLanguage":"fr-FR","potentialAction":[{"@type":"ReadAction","target":["https:\/\/tourtravelandmore.com\/fr\/tours\/espagne-fr\/pamplona-fr\/excursion-privee-au-monastere-de-la-oliva-ujue-et-olite-depuis-pampelune\/"]}]},{"@type":"ImageObject","inLanguage":"fr-FR","@id":"https:\/\/tourtravelandmore.com\/fr\/tours\/espagne-fr\/pamplona-fr\/excursion-privee-au-monastere-de-la-oliva-ujue-et-olite-depuis-pampelune\/#primaryimage","url":"https:\/\/tourtravelandmore.com\/wp-content\/uploads\/2022\/04\/image5-18.jpg","contentUrl":"https:\/\/tourtravelandmore.com\/wp-content\/uploads\/2022\/04\/image5-18.jpg","width":900,"height":680},{"@type":"BreadcrumbList","@id":"https:\/\/tourtravelandmore.com\/fr\/tours\/espagne-fr\/pamplona-fr\/excursion-privee-au-monastere-de-la-oliva-ujue-et-olite-depuis-pampelune\/#breadcrumb","itemListElement":[{"@type":"ListItem","position":1,"name":"Home","item":"https:\/\/tourtravelandmore.com\/fr\/"},{"@type":"ListItem","position":2,"name":"Tours","item":"https:\/\/tourtravelandmore.com\/fr\/tours\/"},{"@type":"ListItem","position":3,"name":"Excursion priv\u00e9e au monast\u00e8re de La Oliva, Uju\u00e9 et Olite depuis Pampelune"}]},{"@type":"WebSite","@id":"https:\/\/tourtravelandmore.com\/fr\/#website","url":"https:\/\/tourtravelandmore.com\/fr\/","name":"Tour Travel And More","description":"Private sightseeing tours and luxury transfers in Spain","publisher":{"@id":"https:\/\/tourtravelandmore.com\/fr\/#organization"},"potentialAction":[{"@type":"SearchAction","target":{"@type":"EntryPoint","urlTemplate":"https:\/\/tourtravelandmore.com\/fr\/?s={search_term_string}"},"query-input":{"@type":"PropertyValueSpecification","valueRequired":true,"valueName":"search_term_string"}}],"inLanguage":"fr-FR"},{"@type":"Organization","@id":"https:\/\/tourtravelandmore.com\/fr\/#organization","name":"Tour Travel And More","url":"https:\/\/tourtravelandmore.com\/fr\/","logo":{"@type":"ImageObject","inLanguage":"fr-FR","@id":"https:\/\/tourtravelandmore.com\/fr\/#\/schema\/logo\/image\/","url":"https:\/\/tourtravelandmore.com\/wp-content\/uploads\/2022\/12\/cropped-logo-cabecera-new.png","contentUrl":"https:\/\/tourtravelandmore.com\/wp-content\/uploads\/2022\/12\/cropped-logo-cabecera-new.png","width":430,"height":61,"caption":"Tour Travel And More"},"image":{"@id":"https:\/\/tourtravelandmore.com\/fr\/#\/schema\/logo\/image\/"},"sameAs":["https:\/\/www.facebook.com\/tourtravelandmore\/","https:\/\/x.com\/TourTravel_More"]}]}},"_links":{"self":[{"href":"https:\/\/tourtravelandmore.com\/fr\/wp-json\/wp\/v2\/product\/124017","targetHints":{"allow":["GET"]}}],"collection":[{"href":"https:\/\/tourtravelandmore.com\/fr\/wp-json\/wp\/v2\/product"}],"about":[{"href":"https:\/\/tourtravelandmore.com\/fr\/wp-json\/wp\/v2\/types\/product"}],"replies":[{"embeddable":true,"href":"https:\/\/tourtravelandmore.com\/fr\/wp-json\/wp\/v2\/comments?post=124017"}],"wp:featuredmedia":[{"embeddable":true,"href":"https:\/\/tourtravelandmore.com\/fr\/wp-json\/wp\/v2\/media\/124038"}],"wp:attachment":[{"href":"https:\/\/tourtravelandmore.com\/fr\/wp-json\/wp\/v2\/media?parent=124017"}],"wp:term":[{"taxonomy":"product_brand","embeddable":true,"href":"https:\/\/tourtravelandmore.com\/fr\/wp-json\/wp\/v2\/product_brand?post=124017"},{"taxonomy":"product_cat","embeddable":true,"href":"https:\/\/tourtravelandmore.com\/fr\/wp-json\/wp\/v2\/product_cat?post=124017"},{"taxonomy":"product_tag","embeddable":true,"href":"https:\/\/tourtravelandmore.com\/fr\/wp-json\/wp\/v2\/product_tag?post=124017"}],"curies":[{"name":"wp","href":"https:\/\/api.w.org\/{rel}","templated":true}]}}