{"id":123528,"date":"2022-04-11T18:27:42","date_gmt":"2022-04-11T16:27:47","guid":{"rendered":"https:\/\/tourtravelandmore.com\/?post_type=product&#038;p=123528"},"modified":"2024-04-05T20:22:18","modified_gmt":"2024-04-05T18:22:18","slug":"visite-privee-doxford-et-de-cambridge","status":"publish","type":"product","link":"https:\/\/tourtravelandmore.com\/fr\/tours\/royaume-uni-fr\/londres-fr\/toutes-les-visites-et-activites-privees-fr-2\/visite-privee-doxford-et-de-cambridge\/","title":{"rendered":"Visite priv\u00e9e d&#8217;Oxford et de Cambridge"},"content":{"rendered":"<h2><b>Description de l&#8217;excursion priv\u00e9e \u00e0 Oxford et Cambridge<\/b><\/h2>\n<p><span style=\"font-weight: 400;\">Laissez-vous envelopper par la magie d&#8217;Oxford et de Cambridge lors de notre visite priv\u00e9e et ramenez chez vous des souvenirs incroyables de votre voyage au Royaume-Uni.<\/span><\/p>\n<p><span style=\"font-weight: 400;\">Il s&#8217;agit d&#8217;une visite personnalis\u00e9e de 12 heures au cours de laquelle vous d\u00e9couvrirez l&#8217;histoire de ces villes anciennes, tout en visitant les coll\u00e8ges, mus\u00e9es et biblioth\u00e8ques les plus anciens et les plus renomm\u00e9s du monde.<\/span><\/p>\n<p><span style=\"font-weight: 400;\">Vous ferez connaissance avec la culture locale et entendrez les histoires captivantes de ces villes, car vous serez accompagn\u00e9 d&#8217;un guide local officiel.<\/span><\/p>\n<p><span style=\"font-weight: 400;\">Nous commen\u00e7ons cette visite priv\u00e9e en venant vous chercher \u00e0 un endroit du centre de Londres dans une voiture priv\u00e9e de luxe \u00e0 l&#8217;heure de votre choix.<\/span><\/p>\n<p><span style=\"font-weight: 400;\">De l\u00e0, vous pourrez admirer l&#8217;architecture \u00e9tonnante du Sheldonian Theatre d&#8217;Oxford, voir la Bodleian Library, les &#8220;fl\u00e8ches r\u00eaveuses&#8221; d&#8217;Oxford, les universit\u00e9s les plus prestigieuses d&#8217;Oxford et de Cambridge, et bien plus encore.<\/span><\/p>\n<p><span style=\"font-weight: 400;\">Vous ferez ensuite un tour sur les rives de la rivi\u00e8re Cam, qui serpente entre les universit\u00e9s et les endroits les plus attrayants de Cambridge.<\/span><\/p>\n<p><span style=\"font-weight: 400;\">Nous vous emm\u00e8nerons \u00e9galement \u00e0 diverses attractions telles que le Magdalen College, Oxford et la chapelle du King&#8217;s College, Cambridge.<\/span><\/p>\n<p><span style=\"font-weight: 400;\">\u00c0 la fin de cette merveilleuse excursion, nous vous transf\u00e9rons \u00e0 Londres pour que vous puissiez revenir dans la capitale anglaise dans le confort et sans d\u00e9lai.<\/span><\/p>\n<h2><b>Points forts de l&#8217;excursion priv\u00e9e \u00e0 Oxford et Cambridge<\/b><\/h2>\n<p><span style=\"font-weight: 400;\">Profitez d&#8217;une visite priv\u00e9e \u00e0 Oxford et Cambridge pour explorer ces deux villes universitaires anglaises embl\u00e9matiques, ainsi que leurs magnifiques b\u00e2timents universitaires et mus\u00e9es.<\/span><\/p>\n<p><span style=\"font-weight: 400;\">Nous pouvons venir vous chercher \u00e0 un endroit du centre de Londres et vous emmener visiter certains des paysages les plus \u00e9poustouflants de la campagne anglaise dans les lieux d&#8217;int\u00e9r\u00eat suivants :<\/span><\/p>\n<p><span style=\"font-weight: 400;\">La premi\u00e8re \u00e9tape de cette visite priv\u00e9e sera la ville embl\u00e9matique d&#8217;Oxford, c\u00e9l\u00e8bre pour abriter la plus ancienne universit\u00e9 du monde et le berceau de l&#8217;\u00e9ducation au Royaume-Uni.<\/span><\/p>\n<p><span style=\"font-weight: 400;\">Oxford est connue comme &#8220;la ville aux fl\u00e8ches r\u00eaveuses&#8221;. Cette visite vous permettra de d\u00e9couvrir \u00e0 votre rythme les sites les plus attrayants et les tr\u00e9sors cach\u00e9s que cette ville ancienne et renomm\u00e9e a \u00e0 offrir :<\/span><b><\/b><\/p>\n<ul>\n<li><b>Biblioth\u00e8que Bodleian.<\/b><\/li>\n<li><b>Tour Carfax.<\/b><\/li>\n<li><b>Oxford University Press.<\/b><\/li>\n<li><b>Radcliffe Camera.<\/b><\/li>\n<li><b>Tour de Saxe.<\/b><\/li>\n<li><b>Grand March\u00e9 Couvert.<\/b><\/li>\n<li><b>School of Divinity et bien d&#8217;autres endroits encore.<\/b><\/li>\n<\/ul>\n<p><span style=\"font-weight: 400;\">En plus, si vous \u00eates un fan de la saga Harry Potter, vous verrez \u00e0 Oxford plusieurs des d\u00e9cors originaux qui ont \u00e9t\u00e9 utilis\u00e9s pour filmer certains des films Harry Potter.<\/span><\/p>\n<p><span style=\"font-weight: 400;\">Ensuite, vous visiterez Cambridge, ville r\u00e9put\u00e9e dans le monde entier pour \u00eatre le si\u00e8ge de l&#8217;universit\u00e9 o\u00f9 de grands personnages comme Isaac Newton, Charles Darwin, parmi beaucoup d&#8217;autres, ont \u00e9tudi\u00e9.<\/span><\/p>\n<p><span style=\"font-weight: 400;\">L&#8217;architecture de Cambridge est tout simplement \u00e9poustouflante. Vous explorerez donc chacun des points les plus attrayants de cette ville, par exemple :<\/span><b><\/b><\/p>\n<ul>\n<li><strong>Le pont des math\u00e9maticiens de Newton.<\/strong><\/li>\n<li><strong>King&#8217;s College.<\/strong><\/li>\n<li><strong>Rue Trinity.<\/strong><\/li>\n<li><strong>\u00c9glise St Mary<\/strong><\/li>\n<li><strong>St John&#8217;s College.<\/strong><\/li>\n<li><strong>March\u00e9 Sq.<\/strong><\/li>\n<li><strong>Le Peterhouse.<\/strong><\/li>\n<li><strong>Le Fitzwilliam Museum et bien d&#8217;autres encore.<\/strong><\/li>\n<\/ul>\n<p><span style=\"font-weight: 400;\">Chaque minute de cette visite priv\u00e9e est pr\u00e9vue pour vous permettre de vous connecter \u00e0 l&#8217;histoire de ces grandes villes et de vivre une journ\u00e9e diff\u00e9rente et divertissante.<\/span><\/p>\n<p><span style=\"font-weight: 400;\">Si vous souhaitez compl\u00e9ter votre voyage en Angleterre et tout savoir sur la saga Harry Potter, il est pr\u00e9f\u00e9rable d&#8217;inclure dans votre itin\u00e9raire notre <a href=\"\/?p=99528\">visite priv\u00e9e Harry Potter \u00e0 Londres<\/a> ou <a href=\"https:\/\/tourtravelandmore.com\/fr\/tours\/royaume-uni-fr\/londres-fr\/toutes-les-visites-et-activites-privees-fr-2\/visite-guidee-de-harry-potter-aux-studios-warner\/\">notre visite Harry Potter aux studios Warner.\u00a0<\/a><\/span><\/p>\n","protected":false},"excerpt":{"rendered":"<p><span style=\"font-weight: 400;\">D\u00e9couvrez deux des destinations les plus historiques d&#8217;Angleterre lors d&#8217;une visite priv\u00e9e d&#8217;Oxford et de Cambridge pour explorer les deux villes qui ont \u00e9t\u00e9 le berceau de la culture et du patrimoine britanniques. Vous serez conduit de Londres dans une voiture de luxe et vous obtiendrez tous les d\u00e9tails les plus importants car vous serez accompagn\u00e9 d&#8217;un guide priv\u00e9 qui est un expert en histoire locale<\/span><\/p>\n","protected":false},"featured_media":123543,"comment_status":"open","ping_status":"closed","template":"","meta":{"_acf_changed":false},"product_brand":[],"product_cat":[3545,3546,4117,4118],"product_tag":[],"class_list":{"0":"post-123528","1":"product","2":"type-product","3":"status-publish","4":"has-post-thumbnail","6":"product_cat-royaume-uni-fr","7":"product_cat-londres-fr","8":"product_cat-toutes-les-visites-et-activites-privees-fr-2","9":"product_cat-visites-touristiques","11":"first","12":"instock","13":"shipping-taxable","14":"purchasable","15":"product-type-simple"},"acf":[],"yoast_head":"<!-- This site is optimized with the Yoast SEO Premium plugin v25.3.1 (Yoast SEO v25.3.1) - https:\/\/yoast.com\/wordpress\/plugins\/seo\/ -->\n<title>Visite priv\u00e9e d&#039;Oxford et de Cambridge au d\u00e9part de Londres avec voiture priv\u00e9e et guide priv\u00e9 inclus<\/title>\n<meta name=\"description\" content=\"Explorez l&#039;un des principaux centres d&#039;\u00e9ducation au Royaume-Uni et dans le monde, avec une visite priv\u00e9e des villes universitaires d&#039;Oxford et de Cambridge\" \/>\n<meta name=\"robots\" content=\"index, follow, max-snippet:-1, max-image-preview:large, max-video-preview:-1\" \/>\n<link rel=\"canonical\" href=\"https:\/\/tourtravelandmore.com\/fr\/tours\/royaume-uni-fr\/londres-fr\/toutes-les-visites-et-activites-privees-fr-2\/visite-privee-doxford-et-de-cambridge\/\" \/>\n<meta property=\"og:locale\" content=\"fr_FR\" \/>\n<meta property=\"og:type\" content=\"article\" \/>\n<meta property=\"og:title\" content=\"Visite priv\u00e9e d&#039;Oxford et de Cambridge\" \/>\n<meta property=\"og:description\" content=\"Explorez l&#039;un des principaux centres d&#039;\u00e9ducation au Royaume-Uni et dans le monde, avec une visite priv\u00e9e des villes universitaires d&#039;Oxford et de Cambridge\" \/>\n<meta property=\"og:url\" content=\"https:\/\/tourtravelandmore.com\/fr\/tours\/royaume-uni-fr\/londres-fr\/toutes-les-visites-et-activites-privees-fr-2\/visite-privee-doxford-et-de-cambridge\/\" \/>\n<meta property=\"og:site_name\" content=\"Tour Travel And More\" \/>\n<meta property=\"article:publisher\" content=\"https:\/\/www.facebook.com\/tourtravelandmore\/\" \/>\n<meta property=\"article:modified_time\" content=\"2024-04-05T18:22:18+00:00\" \/>\n<meta property=\"og:image\" content=\"https:\/\/tourtravelandmore.com\/wp-content\/uploads\/2022\/04\/image3-12.jpg\" \/>\n\t<meta property=\"og:image:width\" content=\"900\" \/>\n\t<meta property=\"og:image:height\" content=\"680\" \/>\n\t<meta property=\"og:image:type\" content=\"image\/jpeg\" \/>\n<meta name=\"twitter:card\" content=\"summary_large_image\" \/>\n<meta name=\"twitter:site\" content=\"@TourTravel_More\" \/>\n<meta name=\"twitter:label1\" content=\"Dur\u00e9e de lecture estim\u00e9e\" \/>\n\t<meta name=\"twitter:data1\" content=\"3 minutes\" \/>\n<script type=\"application\/ld+json\" class=\"yoast-schema-graph\">{\"@context\":\"https:\/\/schema.org\",\"@graph\":[{\"@type\":\"WebPage\",\"@id\":\"https:\/\/tourtravelandmore.com\/fr\/tours\/royaume-uni-fr\/londres-fr\/toutes-les-visites-et-activites-privees-fr-2\/visite-privee-doxford-et-de-cambridge\/\",\"url\":\"https:\/\/tourtravelandmore.com\/fr\/tours\/royaume-uni-fr\/londres-fr\/toutes-les-visites-et-activites-privees-fr-2\/visite-privee-doxford-et-de-cambridge\/\",\"name\":\"Visite priv\u00e9e d'Oxford et de Cambridge au d\u00e9part de Londres avec voiture priv\u00e9e et guide priv\u00e9 inclus\",\"isPartOf\":{\"@id\":\"https:\/\/tourtravelandmore.com\/fr\/#website\"},\"primaryImageOfPage\":{\"@id\":\"https:\/\/tourtravelandmore.com\/fr\/tours\/royaume-uni-fr\/londres-fr\/toutes-les-visites-et-activites-privees-fr-2\/visite-privee-doxford-et-de-cambridge\/#primaryimage\"},\"image\":{\"@id\":\"https:\/\/tourtravelandmore.com\/fr\/tours\/royaume-uni-fr\/londres-fr\/toutes-les-visites-et-activites-privees-fr-2\/visite-privee-doxford-et-de-cambridge\/#primaryimage\"},\"thumbnailUrl\":\"https:\/\/tourtravelandmore.com\/wp-content\/uploads\/2022\/04\/image3-12.jpg\",\"datePublished\":\"2022-04-11T16:27:47+00:00\",\"dateModified\":\"2024-04-05T18:22:18+00:00\",\"description\":\"Explorez l'un des principaux centres d'\u00e9ducation au Royaume-Uni et dans le monde, avec une visite priv\u00e9e des villes universitaires d'Oxford et de Cambridge\",\"breadcrumb\":{\"@id\":\"https:\/\/tourtravelandmore.com\/fr\/tours\/royaume-uni-fr\/londres-fr\/toutes-les-visites-et-activites-privees-fr-2\/visite-privee-doxford-et-de-cambridge\/#breadcrumb\"},\"inLanguage\":\"fr-FR\",\"potentialAction\":[{\"@type\":\"ReadAction\",\"target\":[\"https:\/\/tourtravelandmore.com\/fr\/tours\/royaume-uni-fr\/londres-fr\/toutes-les-visites-et-activites-privees-fr-2\/visite-privee-doxford-et-de-cambridge\/\"]}]},{\"@type\":\"ImageObject\",\"inLanguage\":\"fr-FR\",\"@id\":\"https:\/\/tourtravelandmore.com\/fr\/tours\/royaume-uni-fr\/londres-fr\/toutes-les-visites-et-activites-privees-fr-2\/visite-privee-doxford-et-de-cambridge\/#primaryimage\",\"url\":\"https:\/\/tourtravelandmore.com\/wp-content\/uploads\/2022\/04\/image3-12.jpg\",\"contentUrl\":\"https:\/\/tourtravelandmore.com\/wp-content\/uploads\/2022\/04\/image3-12.jpg\",\"width\":900,\"height\":680},{\"@type\":\"BreadcrumbList\",\"@id\":\"https:\/\/tourtravelandmore.com\/fr\/tours\/royaume-uni-fr\/londres-fr\/toutes-les-visites-et-activites-privees-fr-2\/visite-privee-doxford-et-de-cambridge\/#breadcrumb\",\"itemListElement\":[{\"@type\":\"ListItem\",\"position\":1,\"name\":\"Home\",\"item\":\"https:\/\/tourtravelandmore.com\/fr\/\"},{\"@type\":\"ListItem\",\"position\":2,\"name\":\"Tours\",\"item\":\"https:\/\/tourtravelandmore.com\/fr\/tours\/\"},{\"@type\":\"ListItem\",\"position\":3,\"name\":\"Visite priv\u00e9e d&#8217;Oxford et de Cambridge\"}]},{\"@type\":\"WebSite\",\"@id\":\"https:\/\/tourtravelandmore.com\/fr\/#website\",\"url\":\"https:\/\/tourtravelandmore.com\/fr\/\",\"name\":\"Tour Travel And More\",\"description\":\"Private sightseeing tours and luxury transfers in Spain\",\"publisher\":{\"@id\":\"https:\/\/tourtravelandmore.com\/fr\/#organization\"},\"potentialAction\":[{\"@type\":\"SearchAction\",\"target\":{\"@type\":\"EntryPoint\",\"urlTemplate\":\"https:\/\/tourtravelandmore.com\/fr\/?s={search_term_string}\"},\"query-input\":{\"@type\":\"PropertyValueSpecification\",\"valueRequired\":true,\"valueName\":\"search_term_string\"}}],\"inLanguage\":\"fr-FR\"},{\"@type\":\"Organization\",\"@id\":\"https:\/\/tourtravelandmore.com\/fr\/#organization\",\"name\":\"Tour Travel And More\",\"url\":\"https:\/\/tourtravelandmore.com\/fr\/\",\"logo\":{\"@type\":\"ImageObject\",\"inLanguage\":\"fr-FR\",\"@id\":\"https:\/\/tourtravelandmore.com\/fr\/#\/schema\/logo\/image\/\",\"url\":\"https:\/\/tourtravelandmore.com\/wp-content\/uploads\/2022\/12\/cropped-logo-cabecera-new.png\",\"contentUrl\":\"https:\/\/tourtravelandmore.com\/wp-content\/uploads\/2022\/12\/cropped-logo-cabecera-new.png\",\"width\":430,\"height\":61,\"caption\":\"Tour Travel And More\"},\"image\":{\"@id\":\"https:\/\/tourtravelandmore.com\/fr\/#\/schema\/logo\/image\/\"},\"sameAs\":[\"https:\/\/www.facebook.com\/tourtravelandmore\/\",\"https:\/\/x.com\/TourTravel_More\"]}]}<\/script>\n<!-- \/ Yoast SEO Premium plugin. -->","yoast_head_json":{"title":"Visite priv\u00e9e d'Oxford et de Cambridge au d\u00e9part de Londres avec voiture priv\u00e9e et guide priv\u00e9 inclus","description":"Explorez l'un des principaux centres d'\u00e9ducation au Royaume-Uni et dans le monde, avec une visite priv\u00e9e des villes universitaires d'Oxford et de Cambridge","robots":{"index":"index","follow":"follow","max-snippet":"max-snippet:-1","max-image-preview":"max-image-preview:large","max-video-preview":"max-video-preview:-1"},"canonical":"https:\/\/tourtravelandmore.com\/fr\/tours\/royaume-uni-fr\/londres-fr\/toutes-les-visites-et-activites-privees-fr-2\/visite-privee-doxford-et-de-cambridge\/","og_locale":"fr_FR","og_type":"article","og_title":"Visite priv\u00e9e d'Oxford et de Cambridge","og_description":"Explorez l'un des principaux centres d'\u00e9ducation au Royaume-Uni et dans le monde, avec une visite priv\u00e9e des villes universitaires d'Oxford et de Cambridge","og_url":"https:\/\/tourtravelandmore.com\/fr\/tours\/royaume-uni-fr\/londres-fr\/toutes-les-visites-et-activites-privees-fr-2\/visite-privee-doxford-et-de-cambridge\/","og_site_name":"Tour Travel And More","article_publisher":"https:\/\/www.facebook.com\/tourtravelandmore\/","article_modified_time":"2024-04-05T18:22:18+00:00","og_image":[{"width":900,"height":680,"url":"https:\/\/tourtravelandmore.com\/wp-content\/uploads\/2022\/04\/image3-12.jpg","type":"image\/jpeg"}],"twitter_card":"summary_large_image","twitter_site":"@TourTravel_More","twitter_misc":{"Dur\u00e9e de lecture estim\u00e9e":"3 minutes"},"schema":{"@context":"https:\/\/schema.org","@graph":[{"@type":"WebPage","@id":"https:\/\/tourtravelandmore.com\/fr\/tours\/royaume-uni-fr\/londres-fr\/toutes-les-visites-et-activites-privees-fr-2\/visite-privee-doxford-et-de-cambridge\/","url":"https:\/\/tourtravelandmore.com\/fr\/tours\/royaume-uni-fr\/londres-fr\/toutes-les-visites-et-activites-privees-fr-2\/visite-privee-doxford-et-de-cambridge\/","name":"Visite priv\u00e9e d'Oxford et de Cambridge au d\u00e9part de Londres avec voiture priv\u00e9e et guide priv\u00e9 inclus","isPartOf":{"@id":"https:\/\/tourtravelandmore.com\/fr\/#website"},"primaryImageOfPage":{"@id":"https:\/\/tourtravelandmore.com\/fr\/tours\/royaume-uni-fr\/londres-fr\/toutes-les-visites-et-activites-privees-fr-2\/visite-privee-doxford-et-de-cambridge\/#primaryimage"},"image":{"@id":"https:\/\/tourtravelandmore.com\/fr\/tours\/royaume-uni-fr\/londres-fr\/toutes-les-visites-et-activites-privees-fr-2\/visite-privee-doxford-et-de-cambridge\/#primaryimage"},"thumbnailUrl":"https:\/\/tourtravelandmore.com\/wp-content\/uploads\/2022\/04\/image3-12.jpg","datePublished":"2022-04-11T16:27:47+00:00","dateModified":"2024-04-05T18:22:18+00:00","description":"Explorez l'un des principaux centres d'\u00e9ducation au Royaume-Uni et dans le monde, avec une visite priv\u00e9e des villes universitaires d'Oxford et de Cambridge","breadcrumb":{"@id":"https:\/\/tourtravelandmore.com\/fr\/tours\/royaume-uni-fr\/londres-fr\/toutes-les-visites-et-activites-privees-fr-2\/visite-privee-doxford-et-de-cambridge\/#breadcrumb"},"inLanguage":"fr-FR","potentialAction":[{"@type":"ReadAction","target":["https:\/\/tourtravelandmore.com\/fr\/tours\/royaume-uni-fr\/londres-fr\/toutes-les-visites-et-activites-privees-fr-2\/visite-privee-doxford-et-de-cambridge\/"]}]},{"@type":"ImageObject","inLanguage":"fr-FR","@id":"https:\/\/tourtravelandmore.com\/fr\/tours\/royaume-uni-fr\/londres-fr\/toutes-les-visites-et-activites-privees-fr-2\/visite-privee-doxford-et-de-cambridge\/#primaryimage","url":"https:\/\/tourtravelandmore.com\/wp-content\/uploads\/2022\/04\/image3-12.jpg","contentUrl":"https:\/\/tourtravelandmore.com\/wp-content\/uploads\/2022\/04\/image3-12.jpg","width":900,"height":680},{"@type":"BreadcrumbList","@id":"https:\/\/tourtravelandmore.com\/fr\/tours\/royaume-uni-fr\/londres-fr\/toutes-les-visites-et-activites-privees-fr-2\/visite-privee-doxford-et-de-cambridge\/#breadcrumb","itemListElement":[{"@type":"ListItem","position":1,"name":"Home","item":"https:\/\/tourtravelandmore.com\/fr\/"},{"@type":"ListItem","position":2,"name":"Tours","item":"https:\/\/tourtravelandmore.com\/fr\/tours\/"},{"@type":"ListItem","position":3,"name":"Visite priv\u00e9e d&#8217;Oxford et de Cambridge"}]},{"@type":"WebSite","@id":"https:\/\/tourtravelandmore.com\/fr\/#website","url":"https:\/\/tourtravelandmore.com\/fr\/","name":"Tour Travel And More","description":"Private sightseeing tours and luxury transfers in Spain","publisher":{"@id":"https:\/\/tourtravelandmore.com\/fr\/#organization"},"potentialAction":[{"@type":"SearchAction","target":{"@type":"EntryPoint","urlTemplate":"https:\/\/tourtravelandmore.com\/fr\/?s={search_term_string}"},"query-input":{"@type":"PropertyValueSpecification","valueRequired":true,"valueName":"search_term_string"}}],"inLanguage":"fr-FR"},{"@type":"Organization","@id":"https:\/\/tourtravelandmore.com\/fr\/#organization","name":"Tour Travel And More","url":"https:\/\/tourtravelandmore.com\/fr\/","logo":{"@type":"ImageObject","inLanguage":"fr-FR","@id":"https:\/\/tourtravelandmore.com\/fr\/#\/schema\/logo\/image\/","url":"https:\/\/tourtravelandmore.com\/wp-content\/uploads\/2022\/12\/cropped-logo-cabecera-new.png","contentUrl":"https:\/\/tourtravelandmore.com\/wp-content\/uploads\/2022\/12\/cropped-logo-cabecera-new.png","width":430,"height":61,"caption":"Tour Travel And More"},"image":{"@id":"https:\/\/tourtravelandmore.com\/fr\/#\/schema\/logo\/image\/"},"sameAs":["https:\/\/www.facebook.com\/tourtravelandmore\/","https:\/\/x.com\/TourTravel_More"]}]}},"_links":{"self":[{"href":"https:\/\/tourtravelandmore.com\/fr\/wp-json\/wp\/v2\/product\/123528","targetHints":{"allow":["GET"]}}],"collection":[{"href":"https:\/\/tourtravelandmore.com\/fr\/wp-json\/wp\/v2\/product"}],"about":[{"href":"https:\/\/tourtravelandmore.com\/fr\/wp-json\/wp\/v2\/types\/product"}],"replies":[{"embeddable":true,"href":"https:\/\/tourtravelandmore.com\/fr\/wp-json\/wp\/v2\/comments?post=123528"}],"wp:featuredmedia":[{"embeddable":true,"href":"https:\/\/tourtravelandmore.com\/fr\/wp-json\/wp\/v2\/media\/123543"}],"wp:attachment":[{"href":"https:\/\/tourtravelandmore.com\/fr\/wp-json\/wp\/v2\/media?parent=123528"}],"wp:term":[{"taxonomy":"product_brand","embeddable":true,"href":"https:\/\/tourtravelandmore.com\/fr\/wp-json\/wp\/v2\/product_brand?post=123528"},{"taxonomy":"product_cat","embeddable":true,"href":"https:\/\/tourtravelandmore.com\/fr\/wp-json\/wp\/v2\/product_cat?post=123528"},{"taxonomy":"product_tag","embeddable":true,"href":"https:\/\/tourtravelandmore.com\/fr\/wp-json\/wp\/v2\/product_tag?post=123528"}],"curies":[{"name":"wp","href":"https:\/\/api.w.org\/{rel}","templated":true}]}}