{"id":123479,"date":"2022-04-11T17:38:30","date_gmt":"2022-04-11T15:38:35","guid":{"rendered":"https:\/\/tourtravelandmore.com\/?post_type=product&#038;p=123479"},"modified":"2024-04-08T21:35:38","modified_gmt":"2024-04-08T19:35:38","slug":"visite-privee-du-chateau-de-leeds-de-canterbury-et-de-douvres","status":"publish","type":"product","link":"https:\/\/tourtravelandmore.com\/fr\/tours\/royaume-uni-fr\/londres-fr\/toutes-les-visites-et-activites-privees-fr-2\/visite-privee-du-chateau-de-leeds-de-canterbury-et-de-douvres\/","title":{"rendered":"Visite priv\u00e9e de Canterbury et Douvres au d\u00e9part de Londres"},"content":{"rendered":"<h2>Description de la visite priv\u00e9e de Canterbury et Douvres au d\u00e9part de Londres<\/h2>\n<p>Embarquez pour un voyage inoubliable depuis la vibrante ville de Londres vers deux des destinations les plus embl\u00e9matiques d&#8217;Angleterre : Canterbury et Douvres. Cette visite priv\u00e9e exclusive de 12 heures, con\u00e7ue par Tour Travel &amp; More, vous permettra d&#8217;explorer la riche histoire, l&#8217;architecture \u00e9tonnante et les paysages \u00e0 couper le souffle qui font de ces lieux de v\u00e9ritables joyaux du patrimoine britannique.<\/p>\n<p>Votre chauffeur priv\u00e9 et votre guide vous accueilleront \u00e0 votre h\u00f4tel ou \u00e0 l&#8217;endroit d\u00e9sign\u00e9 \u00e0 Londres, pr\u00eats \u00e0 commencer cette fascinante aventure.<\/p>\n<p>\u00c0 la fin de cette visite inoubliable de 12 heures, votre chauffeur priv\u00e9 vous ram\u00e8nera \u00e0 Londres.<\/p>\n<h2>Points forts de la visite priv\u00e9e de Canterbury et Douvres au d\u00e9part de Londres<\/h2>\n<p>Votre aventure commence par un accueil chaleureux de la part de notre chauffeur exp\u00e9riment\u00e9 et de notre guide comp\u00e9tent, qui vous accompagneront tout au long de la journ\u00e9e. Au d\u00e9part de Londres, nous prendrons la route vers la ville historique de Canterbury, r\u00e9put\u00e9e pour sa magnifique cath\u00e9drale et son charme m\u00e9di\u00e9val.<\/p>\n<p>\u00c0 votre arriv\u00e9e, pr\u00e9parez-vous \u00e0 \u00eatre enchant\u00e9 par la grandeur de la cath\u00e9drale de Canterbury, un site class\u00e9 au patrimoine mondial de l&#8217;UNESCO, riche de plusieurs si\u00e8cles de signification religieuse et de splendeur architecturale. Promenez-vous dans ses salles sacr\u00e9es, orn\u00e9es d&#8217;\u00e9tonnants vitraux et de sculptures en pierre complexes, tandis que votre guide vous d\u00e9voile les r\u00e9cits des p\u00e8lerins et des saints qui r\u00e9sonnent entre ses murs.<\/p>\n<p>Apr\u00e8s avoir explor\u00e9 Canterbury, nous nous dirigerons vers les embl\u00e9matiques falaises de Douvres, o\u00f9 l&#8217;histoire se m\u00eale \u00e0 la beaut\u00e9 naturelle dans un spectacle \u00e0 couper le souffle. \u00c9merveillez-vous devant les spectaculaires falaises blanches qui prot\u00e8gent les c\u00f4tes anglaises depuis des mill\u00e9naires, et plongez dans le riche patrimoine du ch\u00e2teau de Douvres, une formidable forteresse au pass\u00e9 charg\u00e9 d&#8217;histoire qui s&#8217;\u00e9tend sur des si\u00e8cles de conqu\u00eate et de d\u00e9fense.<\/p>\n<p>Au fil de la journ\u00e9e, vous aurez tout le loisir de savourer les saveurs de la cuisine locale dans de charmants restaurants nich\u00e9s \u00e0 Canterbury et \u00e0 Douvres, vous immergeant dans les saveurs authentiques de la gastronomie anglaise.<\/p>\n<p>Compl\u00e9tez votre visite de Londres par une visite priv\u00e9e du British Museum pour vous impr\u00e9gner de l&#8217;histoire anglaise.<\/p>\n","protected":false},"excerpt":{"rendered":"<p>Embarquez pour un voyage inoubliable depuis la vibrante ville de Londres vers deux des destinations les plus embl\u00e9matiques d&#8217;Angleterre : Canterbury et Douvres. Cette visite priv\u00e9e exclusive de 12 heures, con\u00e7ue par Tour Travel &amp; More, vous permettra d&#8217;explorer la riche histoire, l&#8217;architecture \u00e9tonnante et les paysages \u00e0 couper le souffle qui font de ces lieux de v\u00e9ritables joyaux du patrimoine britannique.<\/p>\n","protected":false},"featured_media":174186,"comment_status":"open","ping_status":"closed","template":"","meta":{"_acf_changed":false},"product_brand":[],"product_cat":[3545,3546,4117,4118],"product_tag":[],"class_list":{"0":"post-123479","1":"product","2":"type-product","3":"status-publish","4":"has-post-thumbnail","6":"product_cat-royaume-uni-fr","7":"product_cat-londres-fr","8":"product_cat-toutes-les-visites-et-activites-privees-fr-2","9":"product_cat-visites-touristiques","11":"first","12":"instock","13":"shipping-taxable","14":"purchasable","15":"product-type-simple"},"acf":[],"yoast_head":"<!-- This site is optimized with the Yoast SEO Premium plugin v25.3.1 (Yoast SEO v25.3.1) - https:\/\/yoast.com\/wordpress\/plugins\/seo\/ -->\n<title>\u27a1\ufe0f Excursion priv\u00e9e \u00e0 Canterbury et Douvres depuis Londres | TTM<\/title>\n<meta name=\"description\" content=\"Profitez d&#039;une excursion priv\u00e9e \u00e0 Canterbury et Douvres au d\u00e9part de Londres pour explorer quelques-unes des merveilles architecturales et naturelles de la ville avec Tour Travel and More ! \u2705\" \/>\n<meta name=\"robots\" content=\"index, follow, max-snippet:-1, max-image-preview:large, max-video-preview:-1\" \/>\n<link rel=\"canonical\" href=\"https:\/\/tourtravelandmore.com\/fr\/tours\/royaume-uni-fr\/londres-fr\/toutes-les-visites-et-activites-privees-fr-2\/visite-privee-du-chateau-de-leeds-de-canterbury-et-de-douvres\/\" \/>\n<meta property=\"og:locale\" content=\"fr_FR\" \/>\n<meta property=\"og:type\" content=\"article\" \/>\n<meta property=\"og:title\" content=\"Visite priv\u00e9e de Canterbury et Douvres au d\u00e9part de Londres\" \/>\n<meta property=\"og:description\" content=\"Profitez d&#039;une excursion priv\u00e9e \u00e0 Canterbury et Douvres au d\u00e9part de Londres pour explorer quelques-unes des merveilles architecturales et naturelles de la ville avec Tour Travel and More ! \u2705\" \/>\n<meta property=\"og:url\" content=\"https:\/\/tourtravelandmore.com\/fr\/tours\/royaume-uni-fr\/londres-fr\/toutes-les-visites-et-activites-privees-fr-2\/visite-privee-du-chateau-de-leeds-de-canterbury-et-de-douvres\/\" \/>\n<meta property=\"og:site_name\" content=\"Tour Travel And More\" \/>\n<meta property=\"article:publisher\" content=\"https:\/\/www.facebook.com\/tourtravelandmore\/\" \/>\n<meta property=\"article:modified_time\" content=\"2024-04-08T19:35:38+00:00\" \/>\n<meta property=\"og:image\" content=\"https:\/\/tourtravelandmore.com\/wp-content\/uploads\/2022\/04\/pexels-bernd-feurich-9692909.jpg\" \/>\n\t<meta property=\"og:image:width\" content=\"1280\" \/>\n\t<meta property=\"og:image:height\" content=\"720\" \/>\n\t<meta property=\"og:image:type\" content=\"image\/jpeg\" \/>\n<meta name=\"twitter:card\" content=\"summary_large_image\" \/>\n<meta name=\"twitter:site\" content=\"@TourTravel_More\" \/>\n<meta name=\"twitter:label1\" content=\"Dur\u00e9e de lecture estim\u00e9e\" \/>\n\t<meta name=\"twitter:data1\" content=\"2 minutes\" \/>\n<script type=\"application\/ld+json\" class=\"yoast-schema-graph\">{\"@context\":\"https:\/\/schema.org\",\"@graph\":[{\"@type\":\"WebPage\",\"@id\":\"https:\/\/tourtravelandmore.com\/fr\/tours\/royaume-uni-fr\/londres-fr\/toutes-les-visites-et-activites-privees-fr-2\/visite-privee-du-chateau-de-leeds-de-canterbury-et-de-douvres\/\",\"url\":\"https:\/\/tourtravelandmore.com\/fr\/tours\/royaume-uni-fr\/londres-fr\/toutes-les-visites-et-activites-privees-fr-2\/visite-privee-du-chateau-de-leeds-de-canterbury-et-de-douvres\/\",\"name\":\"\u27a1\ufe0f Excursion priv\u00e9e \u00e0 Canterbury et Douvres depuis Londres | TTM\",\"isPartOf\":{\"@id\":\"https:\/\/tourtravelandmore.com\/fr\/#website\"},\"primaryImageOfPage\":{\"@id\":\"https:\/\/tourtravelandmore.com\/fr\/tours\/royaume-uni-fr\/londres-fr\/toutes-les-visites-et-activites-privees-fr-2\/visite-privee-du-chateau-de-leeds-de-canterbury-et-de-douvres\/#primaryimage\"},\"image\":{\"@id\":\"https:\/\/tourtravelandmore.com\/fr\/tours\/royaume-uni-fr\/londres-fr\/toutes-les-visites-et-activites-privees-fr-2\/visite-privee-du-chateau-de-leeds-de-canterbury-et-de-douvres\/#primaryimage\"},\"thumbnailUrl\":\"https:\/\/tourtravelandmore.com\/wp-content\/uploads\/2022\/04\/pexels-bernd-feurich-9692909.jpg\",\"datePublished\":\"2022-04-11T15:38:35+00:00\",\"dateModified\":\"2024-04-08T19:35:38+00:00\",\"description\":\"Profitez d'une excursion priv\u00e9e \u00e0 Canterbury et Douvres au d\u00e9part de Londres pour explorer quelques-unes des merveilles architecturales et naturelles de la ville avec Tour Travel and More ! \u2705\",\"breadcrumb\":{\"@id\":\"https:\/\/tourtravelandmore.com\/fr\/tours\/royaume-uni-fr\/londres-fr\/toutes-les-visites-et-activites-privees-fr-2\/visite-privee-du-chateau-de-leeds-de-canterbury-et-de-douvres\/#breadcrumb\"},\"inLanguage\":\"fr-FR\",\"potentialAction\":[{\"@type\":\"ReadAction\",\"target\":[\"https:\/\/tourtravelandmore.com\/fr\/tours\/royaume-uni-fr\/londres-fr\/toutes-les-visites-et-activites-privees-fr-2\/visite-privee-du-chateau-de-leeds-de-canterbury-et-de-douvres\/\"]}]},{\"@type\":\"ImageObject\",\"inLanguage\":\"fr-FR\",\"@id\":\"https:\/\/tourtravelandmore.com\/fr\/tours\/royaume-uni-fr\/londres-fr\/toutes-les-visites-et-activites-privees-fr-2\/visite-privee-du-chateau-de-leeds-de-canterbury-et-de-douvres\/#primaryimage\",\"url\":\"https:\/\/tourtravelandmore.com\/wp-content\/uploads\/2022\/04\/pexels-bernd-feurich-9692909.jpg\",\"contentUrl\":\"https:\/\/tourtravelandmore.com\/wp-content\/uploads\/2022\/04\/pexels-bernd-feurich-9692909.jpg\",\"width\":1280,\"height\":720},{\"@type\":\"BreadcrumbList\",\"@id\":\"https:\/\/tourtravelandmore.com\/fr\/tours\/royaume-uni-fr\/londres-fr\/toutes-les-visites-et-activites-privees-fr-2\/visite-privee-du-chateau-de-leeds-de-canterbury-et-de-douvres\/#breadcrumb\",\"itemListElement\":[{\"@type\":\"ListItem\",\"position\":1,\"name\":\"Home\",\"item\":\"https:\/\/tourtravelandmore.com\/fr\/\"},{\"@type\":\"ListItem\",\"position\":2,\"name\":\"Tours\",\"item\":\"https:\/\/tourtravelandmore.com\/fr\/tours\/\"},{\"@type\":\"ListItem\",\"position\":3,\"name\":\"Visite priv\u00e9e de Canterbury et Douvres au d\u00e9part de Londres\"}]},{\"@type\":\"WebSite\",\"@id\":\"https:\/\/tourtravelandmore.com\/fr\/#website\",\"url\":\"https:\/\/tourtravelandmore.com\/fr\/\",\"name\":\"Tour Travel And More\",\"description\":\"Private sightseeing tours and luxury transfers in Spain\",\"publisher\":{\"@id\":\"https:\/\/tourtravelandmore.com\/fr\/#organization\"},\"potentialAction\":[{\"@type\":\"SearchAction\",\"target\":{\"@type\":\"EntryPoint\",\"urlTemplate\":\"https:\/\/tourtravelandmore.com\/fr\/?s={search_term_string}\"},\"query-input\":{\"@type\":\"PropertyValueSpecification\",\"valueRequired\":true,\"valueName\":\"search_term_string\"}}],\"inLanguage\":\"fr-FR\"},{\"@type\":\"Organization\",\"@id\":\"https:\/\/tourtravelandmore.com\/fr\/#organization\",\"name\":\"Tour Travel And More\",\"url\":\"https:\/\/tourtravelandmore.com\/fr\/\",\"logo\":{\"@type\":\"ImageObject\",\"inLanguage\":\"fr-FR\",\"@id\":\"https:\/\/tourtravelandmore.com\/fr\/#\/schema\/logo\/image\/\",\"url\":\"https:\/\/tourtravelandmore.com\/wp-content\/uploads\/2022\/12\/cropped-logo-cabecera-new.png\",\"contentUrl\":\"https:\/\/tourtravelandmore.com\/wp-content\/uploads\/2022\/12\/cropped-logo-cabecera-new.png\",\"width\":430,\"height\":61,\"caption\":\"Tour Travel And More\"},\"image\":{\"@id\":\"https:\/\/tourtravelandmore.com\/fr\/#\/schema\/logo\/image\/\"},\"sameAs\":[\"https:\/\/www.facebook.com\/tourtravelandmore\/\",\"https:\/\/x.com\/TourTravel_More\"]}]}<\/script>\n<!-- \/ Yoast SEO Premium plugin. -->","yoast_head_json":{"title":"\u27a1\ufe0f Excursion priv\u00e9e \u00e0 Canterbury et Douvres depuis Londres | TTM","description":"Profitez d'une excursion priv\u00e9e \u00e0 Canterbury et Douvres au d\u00e9part de Londres pour explorer quelques-unes des merveilles architecturales et naturelles de la ville avec Tour Travel and More ! \u2705","robots":{"index":"index","follow":"follow","max-snippet":"max-snippet:-1","max-image-preview":"max-image-preview:large","max-video-preview":"max-video-preview:-1"},"canonical":"https:\/\/tourtravelandmore.com\/fr\/tours\/royaume-uni-fr\/londres-fr\/toutes-les-visites-et-activites-privees-fr-2\/visite-privee-du-chateau-de-leeds-de-canterbury-et-de-douvres\/","og_locale":"fr_FR","og_type":"article","og_title":"Visite priv\u00e9e de Canterbury et Douvres au d\u00e9part de Londres","og_description":"Profitez d'une excursion priv\u00e9e \u00e0 Canterbury et Douvres au d\u00e9part de Londres pour explorer quelques-unes des merveilles architecturales et naturelles de la ville avec Tour Travel and More ! \u2705","og_url":"https:\/\/tourtravelandmore.com\/fr\/tours\/royaume-uni-fr\/londres-fr\/toutes-les-visites-et-activites-privees-fr-2\/visite-privee-du-chateau-de-leeds-de-canterbury-et-de-douvres\/","og_site_name":"Tour Travel And More","article_publisher":"https:\/\/www.facebook.com\/tourtravelandmore\/","article_modified_time":"2024-04-08T19:35:38+00:00","og_image":[{"width":1280,"height":720,"url":"https:\/\/tourtravelandmore.com\/wp-content\/uploads\/2022\/04\/pexels-bernd-feurich-9692909.jpg","type":"image\/jpeg"}],"twitter_card":"summary_large_image","twitter_site":"@TourTravel_More","twitter_misc":{"Dur\u00e9e de lecture estim\u00e9e":"2 minutes"},"schema":{"@context":"https:\/\/schema.org","@graph":[{"@type":"WebPage","@id":"https:\/\/tourtravelandmore.com\/fr\/tours\/royaume-uni-fr\/londres-fr\/toutes-les-visites-et-activites-privees-fr-2\/visite-privee-du-chateau-de-leeds-de-canterbury-et-de-douvres\/","url":"https:\/\/tourtravelandmore.com\/fr\/tours\/royaume-uni-fr\/londres-fr\/toutes-les-visites-et-activites-privees-fr-2\/visite-privee-du-chateau-de-leeds-de-canterbury-et-de-douvres\/","name":"\u27a1\ufe0f Excursion priv\u00e9e \u00e0 Canterbury et Douvres depuis Londres | TTM","isPartOf":{"@id":"https:\/\/tourtravelandmore.com\/fr\/#website"},"primaryImageOfPage":{"@id":"https:\/\/tourtravelandmore.com\/fr\/tours\/royaume-uni-fr\/londres-fr\/toutes-les-visites-et-activites-privees-fr-2\/visite-privee-du-chateau-de-leeds-de-canterbury-et-de-douvres\/#primaryimage"},"image":{"@id":"https:\/\/tourtravelandmore.com\/fr\/tours\/royaume-uni-fr\/londres-fr\/toutes-les-visites-et-activites-privees-fr-2\/visite-privee-du-chateau-de-leeds-de-canterbury-et-de-douvres\/#primaryimage"},"thumbnailUrl":"https:\/\/tourtravelandmore.com\/wp-content\/uploads\/2022\/04\/pexels-bernd-feurich-9692909.jpg","datePublished":"2022-04-11T15:38:35+00:00","dateModified":"2024-04-08T19:35:38+00:00","description":"Profitez d'une excursion priv\u00e9e \u00e0 Canterbury et Douvres au d\u00e9part de Londres pour explorer quelques-unes des merveilles architecturales et naturelles de la ville avec Tour Travel and More ! \u2705","breadcrumb":{"@id":"https:\/\/tourtravelandmore.com\/fr\/tours\/royaume-uni-fr\/londres-fr\/toutes-les-visites-et-activites-privees-fr-2\/visite-privee-du-chateau-de-leeds-de-canterbury-et-de-douvres\/#breadcrumb"},"inLanguage":"fr-FR","potentialAction":[{"@type":"ReadAction","target":["https:\/\/tourtravelandmore.com\/fr\/tours\/royaume-uni-fr\/londres-fr\/toutes-les-visites-et-activites-privees-fr-2\/visite-privee-du-chateau-de-leeds-de-canterbury-et-de-douvres\/"]}]},{"@type":"ImageObject","inLanguage":"fr-FR","@id":"https:\/\/tourtravelandmore.com\/fr\/tours\/royaume-uni-fr\/londres-fr\/toutes-les-visites-et-activites-privees-fr-2\/visite-privee-du-chateau-de-leeds-de-canterbury-et-de-douvres\/#primaryimage","url":"https:\/\/tourtravelandmore.com\/wp-content\/uploads\/2022\/04\/pexels-bernd-feurich-9692909.jpg","contentUrl":"https:\/\/tourtravelandmore.com\/wp-content\/uploads\/2022\/04\/pexels-bernd-feurich-9692909.jpg","width":1280,"height":720},{"@type":"BreadcrumbList","@id":"https:\/\/tourtravelandmore.com\/fr\/tours\/royaume-uni-fr\/londres-fr\/toutes-les-visites-et-activites-privees-fr-2\/visite-privee-du-chateau-de-leeds-de-canterbury-et-de-douvres\/#breadcrumb","itemListElement":[{"@type":"ListItem","position":1,"name":"Home","item":"https:\/\/tourtravelandmore.com\/fr\/"},{"@type":"ListItem","position":2,"name":"Tours","item":"https:\/\/tourtravelandmore.com\/fr\/tours\/"},{"@type":"ListItem","position":3,"name":"Visite priv\u00e9e de Canterbury et Douvres au d\u00e9part de Londres"}]},{"@type":"WebSite","@id":"https:\/\/tourtravelandmore.com\/fr\/#website","url":"https:\/\/tourtravelandmore.com\/fr\/","name":"Tour Travel And More","description":"Private sightseeing tours and luxury transfers in Spain","publisher":{"@id":"https:\/\/tourtravelandmore.com\/fr\/#organization"},"potentialAction":[{"@type":"SearchAction","target":{"@type":"EntryPoint","urlTemplate":"https:\/\/tourtravelandmore.com\/fr\/?s={search_term_string}"},"query-input":{"@type":"PropertyValueSpecification","valueRequired":true,"valueName":"search_term_string"}}],"inLanguage":"fr-FR"},{"@type":"Organization","@id":"https:\/\/tourtravelandmore.com\/fr\/#organization","name":"Tour Travel And More","url":"https:\/\/tourtravelandmore.com\/fr\/","logo":{"@type":"ImageObject","inLanguage":"fr-FR","@id":"https:\/\/tourtravelandmore.com\/fr\/#\/schema\/logo\/image\/","url":"https:\/\/tourtravelandmore.com\/wp-content\/uploads\/2022\/12\/cropped-logo-cabecera-new.png","contentUrl":"https:\/\/tourtravelandmore.com\/wp-content\/uploads\/2022\/12\/cropped-logo-cabecera-new.png","width":430,"height":61,"caption":"Tour Travel And More"},"image":{"@id":"https:\/\/tourtravelandmore.com\/fr\/#\/schema\/logo\/image\/"},"sameAs":["https:\/\/www.facebook.com\/tourtravelandmore\/","https:\/\/x.com\/TourTravel_More"]}]}},"_links":{"self":[{"href":"https:\/\/tourtravelandmore.com\/fr\/wp-json\/wp\/v2\/product\/123479","targetHints":{"allow":["GET"]}}],"collection":[{"href":"https:\/\/tourtravelandmore.com\/fr\/wp-json\/wp\/v2\/product"}],"about":[{"href":"https:\/\/tourtravelandmore.com\/fr\/wp-json\/wp\/v2\/types\/product"}],"replies":[{"embeddable":true,"href":"https:\/\/tourtravelandmore.com\/fr\/wp-json\/wp\/v2\/comments?post=123479"}],"wp:featuredmedia":[{"embeddable":true,"href":"https:\/\/tourtravelandmore.com\/fr\/wp-json\/wp\/v2\/media\/174186"}],"wp:attachment":[{"href":"https:\/\/tourtravelandmore.com\/fr\/wp-json\/wp\/v2\/media?parent=123479"}],"wp:term":[{"taxonomy":"product_brand","embeddable":true,"href":"https:\/\/tourtravelandmore.com\/fr\/wp-json\/wp\/v2\/product_brand?post=123479"},{"taxonomy":"product_cat","embeddable":true,"href":"https:\/\/tourtravelandmore.com\/fr\/wp-json\/wp\/v2\/product_cat?post=123479"},{"taxonomy":"product_tag","embeddable":true,"href":"https:\/\/tourtravelandmore.com\/fr\/wp-json\/wp\/v2\/product_tag?post=123479"}],"curies":[{"name":"wp","href":"https:\/\/api.w.org\/{rel}","templated":true}]}}