{"id":123433,"date":"2022-04-11T17:12:40","date_gmt":"2022-04-11T15:12:47","guid":{"rendered":"https:\/\/tourtravelandmore.com\/?post_type=product&#038;p=123433"},"modified":"2024-04-08T19:17:16","modified_gmt":"2024-04-08T17:17:16","slug":"visite-privee-de-stonehenge-et-bath-au-depart-de-londres","status":"publish","type":"product","link":"https:\/\/tourtravelandmore.com\/fr\/tours\/royaume-uni-fr\/londres-fr\/toutes-les-visites-et-activites-privees-fr-2\/visite-privee-de-stonehenge-et-bath-au-depart-de-londres\/","title":{"rendered":"Visite priv\u00e9e de Stonehenge et Bath au d\u00e9part de Londres"},"content":{"rendered":"<h2><b>Description de l&#8217;excursion priv\u00e9e \u00e0 Stonehenge et Bath au d\u00e9part de Londres<\/b><\/h2>\n<p><span style=\"font-weight: 400;\">Cette visite priv\u00e9e combine deux des sites les plus c\u00e9l\u00e8bres &#8211; et les plus remarquables &#8211; d&#8217;Angleterre : Stonehenge, monument historique class\u00e9 par l&#8217;UNESCO, et la ville thermale romaine de Bath, \u00e9galement class\u00e9e au patrimoine mondial depuis 1987.<\/span><\/p>\n<p><span style=\"font-weight: 400;\">L&#8217;excursion priv\u00e9e \u00e0 Stonehenge et Bath depuis Londres commence par vous prendre en charge \u00e0 un point central de la capitale anglaise et vous transf\u00e8re dans une voiture de luxe \u00e0 travers la campagne anglaise.\u00a0<\/span><\/p>\n<p><span style=\"font-weight: 400;\">Vous ferez un premier arr\u00eat \u00e0 Stonehenge, qui est consid\u00e9r\u00e9 comme le cercle de pierres le plus myst\u00e9rieux du monde. Vous d\u00e9couvrirez \u00e9galement tous ses secrets, car vous serez accompagn\u00e9 d&#8217;un guide priv\u00e9, expert en histoire locale, et vous recevrez des billets d&#8217;entr\u00e9e exclusifs pour le monument.\u00a0<\/span><\/p>\n<p><span style=\"font-weight: 400;\">Ensuite, vous explorerez la ville g\u00e9orgienne de Bath, qui abrite les bains romains du XVIIIe si\u00e8cle et qui est la ville pr\u00e9f\u00e9r\u00e9e de la famille royale anglaise.\u00a0<\/span><\/p>\n<p><span style=\"font-weight: 400;\">Vous aurez le temps, dans ce site class\u00e9 au patrimoine mondial de l&#8217;UNESCO, de d\u00e9couvrir l&#8217;abbaye de Bath, le Royal Crescent et bien d&#8217;autres choses encore.\u00a0<\/span><\/p>\n<p><span style=\"font-weight: 400;\">Il s&#8217;agit d&#8217;une visite priv\u00e9e de 12 heures adapt\u00e9e \u00e0 vos go\u00fbts et \u00e0 vos besoins. \u00c0 la fin de la visite, la voiture vous ram\u00e8nera \u00e0 Londres.\u00a0<\/span><\/p>\n<h2><b>Points forts de l&#8217;excursion priv\u00e9e \u00e0 Stonehenge et Bath au d\u00e9part de Londres<\/b><\/h2>\n<p><span style=\"font-weight: 400;\">Lors de cette visite priv\u00e9e, vous d\u00e9couvrirez le site de Stonehenge, class\u00e9 au patrimoine mondial, et profiterez d&#8217;une visite guid\u00e9e de l&#8217;\u00e9l\u00e9gante ville g\u00e9orgienne de Bath.<\/span><\/p>\n<p><span style=\"font-weight: 400;\">En outre, vous pouvez convenir avec le chauffeur d&#8217;un point de rencontre \u00e0 Londres qui vous convient mieux.\u00a0<\/span><\/p>\n<p><span style=\"font-weight: 400;\">Vous partirez ensuite dans une voiture de luxe pour traverser la magnifique campagne anglaise vers les destinations suivantes :\u00a0<\/span><\/p>\n<p><span style=\"font-weight: 400;\">Le premier arr\u00eat de la visite sera la plaine de Salisbury pour explorer le monument pr\u00e9historique le plus c\u00e9l\u00e8bre du monde. Il s&#8217;agit d&#8217;une construction faite de plusieurs pierres plac\u00e9es de mani\u00e8re concentrique, il y a environ 5 000 ans, entre le n\u00e9olithique et l&#8217;\u00e2ge du bronze.\u00a0<\/span><\/p>\n<p><span style=\"font-weight: 400;\">Ce qui est frappant \u00e0 Stonehenge, c&#8217;est que l&#8217;on ne sait toujours pas avec certitude \u00e0 quoi il servait ni comment ses cr\u00e9ateurs ont r\u00e9ussi \u00e0 transporter et \u00e0 disposer ces pierres, qui p\u00e8sent plus de 40 tonnes chacune.\u00a0<\/span><\/p>\n<p><span style=\"font-weight: 400;\">Stonehenge a \u00e9galement \u00e9t\u00e9 d\u00e9clar\u00e9 site du patrimoine mondial et des milliers de touristes le visitent chaque ann\u00e9e.\u00a0<\/span><\/p>\n<p><span style=\"font-weight: 400;\">Bath est l&#8217;une des villes les plus attrayantes d&#8217;Angleterre, class\u00e9e au patrimoine mondial. Son architecture est l&#8217;une des premi\u00e8res attractions qui retiendra votre attention, car elle conserve un \u00e9l\u00e9gant style gr\u00e9gorien traditionnel.\u00a0<\/span><\/p>\n<p><span style=\"font-weight: 400;\">Nous vous emm\u00e8nerons en voiture priv\u00e9e pour visiter chacun des lieux les plus importants et les plus frappants de cette importante ville romaine antique, comme par exemple :\u00a0<\/span><\/p>\n<ul>\n<li><b>Les bains romains.\u00a0<\/b><\/li>\n<li><b>Pont de Pulteney.<\/b><\/li>\n<li><b>Abbaye de Bath.<\/b><\/li>\n<li><b>Le cirque.<\/b><\/li>\n<li><b>Le mus\u00e9e du Centre Jane Austen.<\/b><\/li>\n<li><b>Royal Victoria Park et bien plus encore.\u00a0<\/b><\/li>\n<\/ul>\n<p><b>Apr\u00e8s ce voyage enchanteur et magique, le chauffeur vous ram\u00e8nera \u00e0 Londres.\u00a0<\/b><\/p>\n<p><span style=\"font-weight: 400;\">Si vous souhaitez voir davantage de la capitale anglaise, nous vous recommandons d&#8217;opter pour notre <strong>visite <\/strong><\/span><a href=\"https:\/\/tourtravelandmore.com\/fr\/tours\/royaume-uni-fr\/londres-fr\/toutes-les-visites-et-activites-privees-fr-2\/visite-privee-de-londres-avec-guide-et-vehicule\/\"><strong>priv\u00e9e de Londres avec guide et v\u00e9hicule.<\/strong><\/a><\/p>\n","protected":false},"excerpt":{"rendered":"<p><span style=\"font-weight: 400;\">Vous voulez voir deux des monuments les plus c\u00e9l\u00e8bres d&#8217;Angleterre et des sites du patrimoine mondial ? Profitez de cette visite priv\u00e9e de Stonehenge et Bath au d\u00e9part de Londres pour d\u00e9couvrir l&#8217;un des plus anciens m\u00e9galithes du monde et la ville pr\u00e9f\u00e9r\u00e9e de la royaut\u00e9 anglaise au XVIIIe si\u00e8cle<\/span><\/p>\n","protected":false},"featured_media":123454,"comment_status":"open","ping_status":"closed","template":"","meta":{"_acf_changed":false},"product_brand":[],"product_cat":[3545,3546,4117,4118],"product_tag":[],"class_list":{"0":"post-123433","1":"product","2":"type-product","3":"status-publish","4":"has-post-thumbnail","6":"product_cat-royaume-uni-fr","7":"product_cat-londres-fr","8":"product_cat-toutes-les-visites-et-activites-privees-fr-2","9":"product_cat-visites-touristiques","11":"first","12":"instock","13":"shipping-taxable","14":"purchasable","15":"product-type-simple"},"acf":[],"yoast_head":"<!-- This site is optimized with the Yoast SEO Premium plugin v25.3.1 (Yoast SEO v25.3.1) - https:\/\/yoast.com\/wordpress\/plugins\/seo\/ -->\n<title>Visite priv\u00e9e de Stonehenge et Bath depuis Londres en voiture de luxe et avec un guide priv\u00e9<\/title>\n<meta name=\"description\" content=\"Profitez d&#039;une visite priv\u00e9e pour d\u00e9couvrir le myst\u00e9rieux monument pr\u00e9historique de Stonehenge et la magnifique ville de Bath, class\u00e9e au patrimoine mondial de l&#039;UNESCO\" \/>\n<meta name=\"robots\" content=\"index, follow, max-snippet:-1, max-image-preview:large, max-video-preview:-1\" \/>\n<link rel=\"canonical\" href=\"https:\/\/tourtravelandmore.com\/fr\/tours\/royaume-uni-fr\/londres-fr\/toutes-les-visites-et-activites-privees-fr-2\/visite-privee-de-stonehenge-et-bath-au-depart-de-londres\/\" \/>\n<meta property=\"og:locale\" content=\"fr_FR\" \/>\n<meta property=\"og:type\" content=\"article\" \/>\n<meta property=\"og:title\" content=\"Visite priv\u00e9e de Stonehenge et Bath au d\u00e9part de Londres\" \/>\n<meta property=\"og:description\" content=\"Profitez d&#039;une visite priv\u00e9e pour d\u00e9couvrir le myst\u00e9rieux monument pr\u00e9historique de Stonehenge et la magnifique ville de Bath, class\u00e9e au patrimoine mondial de l&#039;UNESCO\" \/>\n<meta property=\"og:url\" content=\"https:\/\/tourtravelandmore.com\/fr\/tours\/royaume-uni-fr\/londres-fr\/toutes-les-visites-et-activites-privees-fr-2\/visite-privee-de-stonehenge-et-bath-au-depart-de-londres\/\" \/>\n<meta property=\"og:site_name\" content=\"Tour Travel And More\" \/>\n<meta property=\"article:publisher\" content=\"https:\/\/www.facebook.com\/tourtravelandmore\/\" \/>\n<meta property=\"article:modified_time\" content=\"2024-04-08T17:17:16+00:00\" \/>\n<meta property=\"og:image\" content=\"https:\/\/tourtravelandmore.com\/wp-content\/uploads\/2022\/04\/image5-15.jpg\" \/>\n\t<meta property=\"og:image:width\" content=\"900\" \/>\n\t<meta property=\"og:image:height\" content=\"680\" \/>\n\t<meta property=\"og:image:type\" content=\"image\/jpeg\" \/>\n<meta name=\"twitter:card\" content=\"summary_large_image\" \/>\n<meta name=\"twitter:site\" content=\"@TourTravel_More\" \/>\n<meta name=\"twitter:label1\" content=\"Dur\u00e9e de lecture estim\u00e9e\" \/>\n\t<meta name=\"twitter:data1\" content=\"3 minutes\" \/>\n<script type=\"application\/ld+json\" class=\"yoast-schema-graph\">{\"@context\":\"https:\/\/schema.org\",\"@graph\":[{\"@type\":\"WebPage\",\"@id\":\"https:\/\/tourtravelandmore.com\/fr\/tours\/royaume-uni-fr\/londres-fr\/toutes-les-visites-et-activites-privees-fr-2\/visite-privee-de-stonehenge-et-bath-au-depart-de-londres\/\",\"url\":\"https:\/\/tourtravelandmore.com\/fr\/tours\/royaume-uni-fr\/londres-fr\/toutes-les-visites-et-activites-privees-fr-2\/visite-privee-de-stonehenge-et-bath-au-depart-de-londres\/\",\"name\":\"Visite priv\u00e9e de Stonehenge et Bath depuis Londres en voiture de luxe et avec un guide priv\u00e9\",\"isPartOf\":{\"@id\":\"https:\/\/tourtravelandmore.com\/fr\/#website\"},\"primaryImageOfPage\":{\"@id\":\"https:\/\/tourtravelandmore.com\/fr\/tours\/royaume-uni-fr\/londres-fr\/toutes-les-visites-et-activites-privees-fr-2\/visite-privee-de-stonehenge-et-bath-au-depart-de-londres\/#primaryimage\"},\"image\":{\"@id\":\"https:\/\/tourtravelandmore.com\/fr\/tours\/royaume-uni-fr\/londres-fr\/toutes-les-visites-et-activites-privees-fr-2\/visite-privee-de-stonehenge-et-bath-au-depart-de-londres\/#primaryimage\"},\"thumbnailUrl\":\"https:\/\/tourtravelandmore.com\/wp-content\/uploads\/2022\/04\/image5-15.jpg\",\"datePublished\":\"2022-04-11T15:12:47+00:00\",\"dateModified\":\"2024-04-08T17:17:16+00:00\",\"description\":\"Profitez d'une visite priv\u00e9e pour d\u00e9couvrir le myst\u00e9rieux monument pr\u00e9historique de Stonehenge et la magnifique ville de Bath, class\u00e9e au patrimoine mondial de l'UNESCO\",\"breadcrumb\":{\"@id\":\"https:\/\/tourtravelandmore.com\/fr\/tours\/royaume-uni-fr\/londres-fr\/toutes-les-visites-et-activites-privees-fr-2\/visite-privee-de-stonehenge-et-bath-au-depart-de-londres\/#breadcrumb\"},\"inLanguage\":\"fr-FR\",\"potentialAction\":[{\"@type\":\"ReadAction\",\"target\":[\"https:\/\/tourtravelandmore.com\/fr\/tours\/royaume-uni-fr\/londres-fr\/toutes-les-visites-et-activites-privees-fr-2\/visite-privee-de-stonehenge-et-bath-au-depart-de-londres\/\"]}]},{\"@type\":\"ImageObject\",\"inLanguage\":\"fr-FR\",\"@id\":\"https:\/\/tourtravelandmore.com\/fr\/tours\/royaume-uni-fr\/londres-fr\/toutes-les-visites-et-activites-privees-fr-2\/visite-privee-de-stonehenge-et-bath-au-depart-de-londres\/#primaryimage\",\"url\":\"https:\/\/tourtravelandmore.com\/wp-content\/uploads\/2022\/04\/image5-15.jpg\",\"contentUrl\":\"https:\/\/tourtravelandmore.com\/wp-content\/uploads\/2022\/04\/image5-15.jpg\",\"width\":900,\"height\":680},{\"@type\":\"BreadcrumbList\",\"@id\":\"https:\/\/tourtravelandmore.com\/fr\/tours\/royaume-uni-fr\/londres-fr\/toutes-les-visites-et-activites-privees-fr-2\/visite-privee-de-stonehenge-et-bath-au-depart-de-londres\/#breadcrumb\",\"itemListElement\":[{\"@type\":\"ListItem\",\"position\":1,\"name\":\"Home\",\"item\":\"https:\/\/tourtravelandmore.com\/fr\/\"},{\"@type\":\"ListItem\",\"position\":2,\"name\":\"Tours\",\"item\":\"https:\/\/tourtravelandmore.com\/fr\/tours\/\"},{\"@type\":\"ListItem\",\"position\":3,\"name\":\"Visite priv\u00e9e de Stonehenge et Bath au d\u00e9part de Londres\"}]},{\"@type\":\"WebSite\",\"@id\":\"https:\/\/tourtravelandmore.com\/fr\/#website\",\"url\":\"https:\/\/tourtravelandmore.com\/fr\/\",\"name\":\"Tour Travel And More\",\"description\":\"Private sightseeing tours and luxury transfers in Spain\",\"publisher\":{\"@id\":\"https:\/\/tourtravelandmore.com\/fr\/#organization\"},\"potentialAction\":[{\"@type\":\"SearchAction\",\"target\":{\"@type\":\"EntryPoint\",\"urlTemplate\":\"https:\/\/tourtravelandmore.com\/fr\/?s={search_term_string}\"},\"query-input\":{\"@type\":\"PropertyValueSpecification\",\"valueRequired\":true,\"valueName\":\"search_term_string\"}}],\"inLanguage\":\"fr-FR\"},{\"@type\":\"Organization\",\"@id\":\"https:\/\/tourtravelandmore.com\/fr\/#organization\",\"name\":\"Tour Travel And More\",\"url\":\"https:\/\/tourtravelandmore.com\/fr\/\",\"logo\":{\"@type\":\"ImageObject\",\"inLanguage\":\"fr-FR\",\"@id\":\"https:\/\/tourtravelandmore.com\/fr\/#\/schema\/logo\/image\/\",\"url\":\"https:\/\/tourtravelandmore.com\/wp-content\/uploads\/2022\/12\/cropped-logo-cabecera-new.png\",\"contentUrl\":\"https:\/\/tourtravelandmore.com\/wp-content\/uploads\/2022\/12\/cropped-logo-cabecera-new.png\",\"width\":430,\"height\":61,\"caption\":\"Tour Travel And More\"},\"image\":{\"@id\":\"https:\/\/tourtravelandmore.com\/fr\/#\/schema\/logo\/image\/\"},\"sameAs\":[\"https:\/\/www.facebook.com\/tourtravelandmore\/\",\"https:\/\/x.com\/TourTravel_More\"]}]}<\/script>\n<!-- \/ Yoast SEO Premium plugin. -->","yoast_head_json":{"title":"Visite priv\u00e9e de Stonehenge et Bath depuis Londres en voiture de luxe et avec un guide priv\u00e9","description":"Profitez d'une visite priv\u00e9e pour d\u00e9couvrir le myst\u00e9rieux monument pr\u00e9historique de Stonehenge et la magnifique ville de Bath, class\u00e9e au patrimoine mondial de l'UNESCO","robots":{"index":"index","follow":"follow","max-snippet":"max-snippet:-1","max-image-preview":"max-image-preview:large","max-video-preview":"max-video-preview:-1"},"canonical":"https:\/\/tourtravelandmore.com\/fr\/tours\/royaume-uni-fr\/londres-fr\/toutes-les-visites-et-activites-privees-fr-2\/visite-privee-de-stonehenge-et-bath-au-depart-de-londres\/","og_locale":"fr_FR","og_type":"article","og_title":"Visite priv\u00e9e de Stonehenge et Bath au d\u00e9part de Londres","og_description":"Profitez d'une visite priv\u00e9e pour d\u00e9couvrir le myst\u00e9rieux monument pr\u00e9historique de Stonehenge et la magnifique ville de Bath, class\u00e9e au patrimoine mondial de l'UNESCO","og_url":"https:\/\/tourtravelandmore.com\/fr\/tours\/royaume-uni-fr\/londres-fr\/toutes-les-visites-et-activites-privees-fr-2\/visite-privee-de-stonehenge-et-bath-au-depart-de-londres\/","og_site_name":"Tour Travel And More","article_publisher":"https:\/\/www.facebook.com\/tourtravelandmore\/","article_modified_time":"2024-04-08T17:17:16+00:00","og_image":[{"width":900,"height":680,"url":"https:\/\/tourtravelandmore.com\/wp-content\/uploads\/2022\/04\/image5-15.jpg","type":"image\/jpeg"}],"twitter_card":"summary_large_image","twitter_site":"@TourTravel_More","twitter_misc":{"Dur\u00e9e de lecture estim\u00e9e":"3 minutes"},"schema":{"@context":"https:\/\/schema.org","@graph":[{"@type":"WebPage","@id":"https:\/\/tourtravelandmore.com\/fr\/tours\/royaume-uni-fr\/londres-fr\/toutes-les-visites-et-activites-privees-fr-2\/visite-privee-de-stonehenge-et-bath-au-depart-de-londres\/","url":"https:\/\/tourtravelandmore.com\/fr\/tours\/royaume-uni-fr\/londres-fr\/toutes-les-visites-et-activites-privees-fr-2\/visite-privee-de-stonehenge-et-bath-au-depart-de-londres\/","name":"Visite priv\u00e9e de Stonehenge et Bath depuis Londres en voiture de luxe et avec un guide priv\u00e9","isPartOf":{"@id":"https:\/\/tourtravelandmore.com\/fr\/#website"},"primaryImageOfPage":{"@id":"https:\/\/tourtravelandmore.com\/fr\/tours\/royaume-uni-fr\/londres-fr\/toutes-les-visites-et-activites-privees-fr-2\/visite-privee-de-stonehenge-et-bath-au-depart-de-londres\/#primaryimage"},"image":{"@id":"https:\/\/tourtravelandmore.com\/fr\/tours\/royaume-uni-fr\/londres-fr\/toutes-les-visites-et-activites-privees-fr-2\/visite-privee-de-stonehenge-et-bath-au-depart-de-londres\/#primaryimage"},"thumbnailUrl":"https:\/\/tourtravelandmore.com\/wp-content\/uploads\/2022\/04\/image5-15.jpg","datePublished":"2022-04-11T15:12:47+00:00","dateModified":"2024-04-08T17:17:16+00:00","description":"Profitez d'une visite priv\u00e9e pour d\u00e9couvrir le myst\u00e9rieux monument pr\u00e9historique de Stonehenge et la magnifique ville de Bath, class\u00e9e au patrimoine mondial de l'UNESCO","breadcrumb":{"@id":"https:\/\/tourtravelandmore.com\/fr\/tours\/royaume-uni-fr\/londres-fr\/toutes-les-visites-et-activites-privees-fr-2\/visite-privee-de-stonehenge-et-bath-au-depart-de-londres\/#breadcrumb"},"inLanguage":"fr-FR","potentialAction":[{"@type":"ReadAction","target":["https:\/\/tourtravelandmore.com\/fr\/tours\/royaume-uni-fr\/londres-fr\/toutes-les-visites-et-activites-privees-fr-2\/visite-privee-de-stonehenge-et-bath-au-depart-de-londres\/"]}]},{"@type":"ImageObject","inLanguage":"fr-FR","@id":"https:\/\/tourtravelandmore.com\/fr\/tours\/royaume-uni-fr\/londres-fr\/toutes-les-visites-et-activites-privees-fr-2\/visite-privee-de-stonehenge-et-bath-au-depart-de-londres\/#primaryimage","url":"https:\/\/tourtravelandmore.com\/wp-content\/uploads\/2022\/04\/image5-15.jpg","contentUrl":"https:\/\/tourtravelandmore.com\/wp-content\/uploads\/2022\/04\/image5-15.jpg","width":900,"height":680},{"@type":"BreadcrumbList","@id":"https:\/\/tourtravelandmore.com\/fr\/tours\/royaume-uni-fr\/londres-fr\/toutes-les-visites-et-activites-privees-fr-2\/visite-privee-de-stonehenge-et-bath-au-depart-de-londres\/#breadcrumb","itemListElement":[{"@type":"ListItem","position":1,"name":"Home","item":"https:\/\/tourtravelandmore.com\/fr\/"},{"@type":"ListItem","position":2,"name":"Tours","item":"https:\/\/tourtravelandmore.com\/fr\/tours\/"},{"@type":"ListItem","position":3,"name":"Visite priv\u00e9e de Stonehenge et Bath au d\u00e9part de Londres"}]},{"@type":"WebSite","@id":"https:\/\/tourtravelandmore.com\/fr\/#website","url":"https:\/\/tourtravelandmore.com\/fr\/","name":"Tour Travel And More","description":"Private sightseeing tours and luxury transfers in Spain","publisher":{"@id":"https:\/\/tourtravelandmore.com\/fr\/#organization"},"potentialAction":[{"@type":"SearchAction","target":{"@type":"EntryPoint","urlTemplate":"https:\/\/tourtravelandmore.com\/fr\/?s={search_term_string}"},"query-input":{"@type":"PropertyValueSpecification","valueRequired":true,"valueName":"search_term_string"}}],"inLanguage":"fr-FR"},{"@type":"Organization","@id":"https:\/\/tourtravelandmore.com\/fr\/#organization","name":"Tour Travel And More","url":"https:\/\/tourtravelandmore.com\/fr\/","logo":{"@type":"ImageObject","inLanguage":"fr-FR","@id":"https:\/\/tourtravelandmore.com\/fr\/#\/schema\/logo\/image\/","url":"https:\/\/tourtravelandmore.com\/wp-content\/uploads\/2022\/12\/cropped-logo-cabecera-new.png","contentUrl":"https:\/\/tourtravelandmore.com\/wp-content\/uploads\/2022\/12\/cropped-logo-cabecera-new.png","width":430,"height":61,"caption":"Tour Travel And More"},"image":{"@id":"https:\/\/tourtravelandmore.com\/fr\/#\/schema\/logo\/image\/"},"sameAs":["https:\/\/www.facebook.com\/tourtravelandmore\/","https:\/\/x.com\/TourTravel_More"]}]}},"_links":{"self":[{"href":"https:\/\/tourtravelandmore.com\/fr\/wp-json\/wp\/v2\/product\/123433","targetHints":{"allow":["GET"]}}],"collection":[{"href":"https:\/\/tourtravelandmore.com\/fr\/wp-json\/wp\/v2\/product"}],"about":[{"href":"https:\/\/tourtravelandmore.com\/fr\/wp-json\/wp\/v2\/types\/product"}],"replies":[{"embeddable":true,"href":"https:\/\/tourtravelandmore.com\/fr\/wp-json\/wp\/v2\/comments?post=123433"}],"wp:featuredmedia":[{"embeddable":true,"href":"https:\/\/tourtravelandmore.com\/fr\/wp-json\/wp\/v2\/media\/123454"}],"wp:attachment":[{"href":"https:\/\/tourtravelandmore.com\/fr\/wp-json\/wp\/v2\/media?parent=123433"}],"wp:term":[{"taxonomy":"product_brand","embeddable":true,"href":"https:\/\/tourtravelandmore.com\/fr\/wp-json\/wp\/v2\/product_brand?post=123433"},{"taxonomy":"product_cat","embeddable":true,"href":"https:\/\/tourtravelandmore.com\/fr\/wp-json\/wp\/v2\/product_cat?post=123433"},{"taxonomy":"product_tag","embeddable":true,"href":"https:\/\/tourtravelandmore.com\/fr\/wp-json\/wp\/v2\/product_tag?post=123433"}],"curies":[{"name":"wp","href":"https:\/\/api.w.org\/{rel}","templated":true}]}}