{"id":123358,"date":"2022-04-11T13:21:29","date_gmt":"2022-04-11T11:21:34","guid":{"rendered":"https:\/\/tourtravelandmore.com\/?post_type=product&#038;p=123358"},"modified":"2024-04-05T20:03:35","modified_gmt":"2024-04-05T18:03:35","slug":"visite-privee-du-chateau-de-windsor-au-depart-de-londres","status":"publish","type":"product","link":"https:\/\/tourtravelandmore.com\/fr\/tours\/royaume-uni-fr\/londres-fr\/toutes-les-visites-et-activites-privees-fr-2\/visite-privee-du-chateau-de-windsor-au-depart-de-londres\/","title":{"rendered":"Visite priv\u00e9e du ch\u00e2teau de Windsor au d\u00e9part de Londres"},"content":{"rendered":"<h2><b>Description de l&#8217;excursion priv\u00e9e au ch\u00e2teau de Windsor depuis Londres<\/b><\/h2>\n<p><span style=\"font-weight: 400;\">\u00c0 environ 40 minutes de Londres, vous trouverez le ch\u00e2teau symbolique de Windsor. C&#8217;est un b\u00e2timent de grande valeur historique pour la famille royale anglaise.\u00a0<\/span><\/p>\n<p><span style=\"font-weight: 400;\">Lors de notre visite priv\u00e9e de Windsor au d\u00e9part de Londres, vous profiterez d&#8217;une promenade pittoresque dans les magnifiques jardins de style fran\u00e7ais et gothique qui entourent le ch\u00e2teau.\u00a0<\/span><\/p>\n<p><span style=\"font-weight: 400;\">Vous vous promenez \u00e9galement dans les couloirs, les halls et les galeries de cet incroyable palais et d\u00e9couvrez la beaut\u00e9 qui entoure la chapelle Saint-Georges.\u00a0<\/span><\/p>\n<p><span style=\"font-weight: 400;\">La visite guid\u00e9e de 8 heures commence dans un lieu du centre de Londres de votre choix. L\u00e0, nous viendrons vous chercher dans une voiture de luxe pour vous conduire directement et sans d\u00e9lai au majestueux ch\u00e2teau de Windsor.\u00a0<\/span><\/p>\n<p><span style=\"font-weight: 400;\">Toute la visite sera accompagn\u00e9e d&#8217;un guide officiel priv\u00e9, expert de l&#8217;histoire de chaque recoin de ce palais.\u00a0<\/span><\/p>\n<p><span style=\"font-weight: 400;\">\u00c0 la fin de votre visite, votre chauffeur priv\u00e9 vous ram\u00e8nera \u00e0 Londres.\u00a0<\/span><\/p>\n<h2><b>Points forts de l&#8217;excursion priv\u00e9e au ch\u00e2teau de Windsor au d\u00e9part de Londres<\/b><\/h2>\n<p><span style=\"font-weight: 400;\">Le ch\u00e2teau de Windsor est la plus ancienne r\u00e9sidence encore occup\u00e9e au monde. Elle a \u00e9galement accueilli la famille royale britannique pendant plusieurs si\u00e8cles.<\/span><\/p>\n<p><span style=\"font-weight: 400;\">Cette visite priv\u00e9e du ch\u00e2teau de Windsor avec notre guide local commencera par un rendez-vous \u00e0 un endroit du centre de Londres pour vous emmener dans ce magnifique ch\u00e2teau afin de voir les diff\u00e9rents points d&#8217;int\u00e9r\u00eat :\u00a0<\/span><\/p>\n<p><span style=\"font-weight: 400;\">Le ch\u00e2teau est la r\u00e9sidence priv\u00e9e pr\u00e9f\u00e9r\u00e9e de la reine Elizabeth II. Ce palais fortifi\u00e9 a \u00e9t\u00e9 construit par Guillaume Ier au cours du 11e si\u00e8cle, et devait servir de d\u00e9fense sur les rives de la Tamise.\u00a0<\/span><\/p>\n<p><span style=\"font-weight: 400;\">La famille royale britannique occupe toujours une partie du ch\u00e2teau, et il est possible de voir la chapelle royale, o\u00f9 sont enterr\u00e9s la reine Victoria, Henri VIII et plusieurs autres rois anglais.\u00a0<\/span><\/p>\n<p><span style=\"font-weight: 400;\">Comme nous vous donnerons l&#8217;acc\u00e8s exclusif au palais, vous pourrez explorer les 9 acres de terrain, l&#8217;ext\u00e9rieur et l&#8217;int\u00e9rieur du ch\u00e2teau pour admirer les chambres de la reine et les diverses \u0153uvres d&#8217;art qui y sont conserv\u00e9es.\u00a0<\/span><\/p>\n<p><span style=\"font-weight: 400;\">Mais ce n&#8217;est pas tout, car cette visite priv\u00e9e vous emm\u00e8nera \u00e9galement aux endroits suivants :\u00a0<\/span><b><\/b><\/p>\n<ul>\n<li><b>La maison de poup\u00e9e de la reine Mary.\u00a0<\/b><\/li>\n<li><b>Les appartements d&#8217;\u00c9tat.\u00a0<\/b><\/li>\n<li><b>Windsor Gardens et bien plus encore.\u00a0<\/b><\/li>\n<\/ul>\n<p><span style=\"font-weight: 400;\">Tout au long de la visite, votre guide sera pr\u00e9sent pour s&#8217;assurer qu&#8217;aucun d\u00e9tail n&#8217;est laiss\u00e9 de c\u00f4t\u00e9 ou non d\u00e9couvert.\u00a0<\/span><\/p>\n<p><span style=\"font-weight: 400;\">\u00c0 la fin de la visite priv\u00e9e, le chauffeur vous ram\u00e8nera \u00e0 Londres. Vous pouvez compl\u00e9ter votre itin\u00e9raire de <\/span><span style=\"font-weight: 400;\">voyage avec notre <a href=\"https:\/\/tourtravelandmore.com\/fr\/tours\/royaume-uni-fr\/londres-fr\/toutes-les-visites-et-activites-privees-fr-2\/visite-privee-de-labbaye-de-westminster\/\">visite priv\u00e9e de l&#8217;abbaye de Westminster.<\/a><\/span><\/p>\n<p>&nbsp;<\/p>\n","protected":false},"excerpt":{"rendered":"<p><span style=\"font-weight: 400;\">Explorez le ch\u00e2teau de Windsor, qui est le plus ancien et le plus grand palais du monde et la r\u00e9sidence de week-end pr\u00e9f\u00e9r\u00e9e de la reine Elizabeth. Lors de cette visite priv\u00e9e du ch\u00e2teau de Windsor au d\u00e9part de Londres, vous visiterez \u00e9galement la chapelle St George et verrez le tombeau d&#8217;Henry VIII. En outre, le transfert s&#8217;effectuera en voiture priv\u00e9e et sera accompagn\u00e9 d&#8217;un guide officiel. <\/span><\/p>\n","protected":false},"featured_media":123376,"comment_status":"open","ping_status":"closed","template":"","meta":{"_acf_changed":false},"product_brand":[],"product_cat":[3545,3546,4117,4118],"product_tag":[],"class_list":{"0":"post-123358","1":"product","2":"type-product","3":"status-publish","4":"has-post-thumbnail","6":"product_cat-royaume-uni-fr","7":"product_cat-londres-fr","8":"product_cat-toutes-les-visites-et-activites-privees-fr-2","9":"product_cat-visites-touristiques","11":"first","12":"instock","13":"shipping-taxable","14":"purchasable","15":"product-type-simple"},"acf":[],"yoast_head":"<!-- This site is optimized with the Yoast SEO Premium plugin v25.3.1 (Yoast SEO v25.3.1) - https:\/\/yoast.com\/wordpress\/plugins\/seo\/ -->\n<title>Visite priv\u00e9e du ch\u00e2teau de Windsor depuis Londres en voiture priv\u00e9e et avec un guide officiel.<\/title>\n<meta name=\"description\" content=\"Profitez d&#039;une visite priv\u00e9e de Windsor pour d\u00e9couvrir le plus ancien et le plus grand ch\u00e2teau du monde. Vous verrez \u00e9galement la tombe d&#039;Henry VIII et de 10 autres rois d&#039;Angleterre.\" \/>\n<meta name=\"robots\" content=\"index, follow, max-snippet:-1, max-image-preview:large, max-video-preview:-1\" \/>\n<link rel=\"canonical\" href=\"https:\/\/tourtravelandmore.com\/fr\/tours\/royaume-uni-fr\/londres-fr\/toutes-les-visites-et-activites-privees-fr-2\/visite-privee-du-chateau-de-windsor-au-depart-de-londres\/\" \/>\n<meta property=\"og:locale\" content=\"fr_FR\" \/>\n<meta property=\"og:type\" content=\"article\" \/>\n<meta property=\"og:title\" content=\"Visite priv\u00e9e du ch\u00e2teau de Windsor au d\u00e9part de Londres\" \/>\n<meta property=\"og:description\" content=\"Profitez d&#039;une visite priv\u00e9e de Windsor pour d\u00e9couvrir le plus ancien et le plus grand ch\u00e2teau du monde. Vous verrez \u00e9galement la tombe d&#039;Henry VIII et de 10 autres rois d&#039;Angleterre.\" \/>\n<meta property=\"og:url\" content=\"https:\/\/tourtravelandmore.com\/fr\/tours\/royaume-uni-fr\/londres-fr\/toutes-les-visites-et-activites-privees-fr-2\/visite-privee-du-chateau-de-windsor-au-depart-de-londres\/\" \/>\n<meta property=\"og:site_name\" content=\"Tour Travel And More\" \/>\n<meta property=\"article:publisher\" content=\"https:\/\/www.facebook.com\/tourtravelandmore\/\" \/>\n<meta property=\"article:modified_time\" content=\"2024-04-05T18:03:35+00:00\" \/>\n<meta property=\"og:image\" content=\"https:\/\/tourtravelandmore.com\/wp-content\/uploads\/2022\/04\/image4-12.jpg\" \/>\n\t<meta property=\"og:image:width\" content=\"900\" \/>\n\t<meta property=\"og:image:height\" content=\"680\" \/>\n\t<meta property=\"og:image:type\" content=\"image\/jpeg\" \/>\n<meta name=\"twitter:card\" content=\"summary_large_image\" \/>\n<meta name=\"twitter:site\" content=\"@TourTravel_More\" \/>\n<meta name=\"twitter:label1\" content=\"Dur\u00e9e de lecture estim\u00e9e\" \/>\n\t<meta name=\"twitter:data1\" content=\"2 minutes\" \/>\n<script type=\"application\/ld+json\" class=\"yoast-schema-graph\">{\"@context\":\"https:\/\/schema.org\",\"@graph\":[{\"@type\":\"WebPage\",\"@id\":\"https:\/\/tourtravelandmore.com\/fr\/tours\/royaume-uni-fr\/londres-fr\/toutes-les-visites-et-activites-privees-fr-2\/visite-privee-du-chateau-de-windsor-au-depart-de-londres\/\",\"url\":\"https:\/\/tourtravelandmore.com\/fr\/tours\/royaume-uni-fr\/londres-fr\/toutes-les-visites-et-activites-privees-fr-2\/visite-privee-du-chateau-de-windsor-au-depart-de-londres\/\",\"name\":\"Visite priv\u00e9e du ch\u00e2teau de Windsor depuis Londres en voiture priv\u00e9e et avec un guide officiel.\",\"isPartOf\":{\"@id\":\"https:\/\/tourtravelandmore.com\/fr\/#website\"},\"primaryImageOfPage\":{\"@id\":\"https:\/\/tourtravelandmore.com\/fr\/tours\/royaume-uni-fr\/londres-fr\/toutes-les-visites-et-activites-privees-fr-2\/visite-privee-du-chateau-de-windsor-au-depart-de-londres\/#primaryimage\"},\"image\":{\"@id\":\"https:\/\/tourtravelandmore.com\/fr\/tours\/royaume-uni-fr\/londres-fr\/toutes-les-visites-et-activites-privees-fr-2\/visite-privee-du-chateau-de-windsor-au-depart-de-londres\/#primaryimage\"},\"thumbnailUrl\":\"https:\/\/tourtravelandmore.com\/wp-content\/uploads\/2022\/04\/image4-12.jpg\",\"datePublished\":\"2022-04-11T11:21:34+00:00\",\"dateModified\":\"2024-04-05T18:03:35+00:00\",\"description\":\"Profitez d'une visite priv\u00e9e de Windsor pour d\u00e9couvrir le plus ancien et le plus grand ch\u00e2teau du monde. Vous verrez \u00e9galement la tombe d'Henry VIII et de 10 autres rois d'Angleterre.\",\"breadcrumb\":{\"@id\":\"https:\/\/tourtravelandmore.com\/fr\/tours\/royaume-uni-fr\/londres-fr\/toutes-les-visites-et-activites-privees-fr-2\/visite-privee-du-chateau-de-windsor-au-depart-de-londres\/#breadcrumb\"},\"inLanguage\":\"fr-FR\",\"potentialAction\":[{\"@type\":\"ReadAction\",\"target\":[\"https:\/\/tourtravelandmore.com\/fr\/tours\/royaume-uni-fr\/londres-fr\/toutes-les-visites-et-activites-privees-fr-2\/visite-privee-du-chateau-de-windsor-au-depart-de-londres\/\"]}]},{\"@type\":\"ImageObject\",\"inLanguage\":\"fr-FR\",\"@id\":\"https:\/\/tourtravelandmore.com\/fr\/tours\/royaume-uni-fr\/londres-fr\/toutes-les-visites-et-activites-privees-fr-2\/visite-privee-du-chateau-de-windsor-au-depart-de-londres\/#primaryimage\",\"url\":\"https:\/\/tourtravelandmore.com\/wp-content\/uploads\/2022\/04\/image4-12.jpg\",\"contentUrl\":\"https:\/\/tourtravelandmore.com\/wp-content\/uploads\/2022\/04\/image4-12.jpg\",\"width\":900,\"height\":680},{\"@type\":\"BreadcrumbList\",\"@id\":\"https:\/\/tourtravelandmore.com\/fr\/tours\/royaume-uni-fr\/londres-fr\/toutes-les-visites-et-activites-privees-fr-2\/visite-privee-du-chateau-de-windsor-au-depart-de-londres\/#breadcrumb\",\"itemListElement\":[{\"@type\":\"ListItem\",\"position\":1,\"name\":\"Home\",\"item\":\"https:\/\/tourtravelandmore.com\/fr\/\"},{\"@type\":\"ListItem\",\"position\":2,\"name\":\"Tours\",\"item\":\"https:\/\/tourtravelandmore.com\/fr\/tours\/\"},{\"@type\":\"ListItem\",\"position\":3,\"name\":\"Visite priv\u00e9e du ch\u00e2teau de Windsor au d\u00e9part de Londres\"}]},{\"@type\":\"WebSite\",\"@id\":\"https:\/\/tourtravelandmore.com\/fr\/#website\",\"url\":\"https:\/\/tourtravelandmore.com\/fr\/\",\"name\":\"Tour Travel And More\",\"description\":\"Private sightseeing tours and luxury transfers in Spain\",\"publisher\":{\"@id\":\"https:\/\/tourtravelandmore.com\/fr\/#organization\"},\"potentialAction\":[{\"@type\":\"SearchAction\",\"target\":{\"@type\":\"EntryPoint\",\"urlTemplate\":\"https:\/\/tourtravelandmore.com\/fr\/?s={search_term_string}\"},\"query-input\":{\"@type\":\"PropertyValueSpecification\",\"valueRequired\":true,\"valueName\":\"search_term_string\"}}],\"inLanguage\":\"fr-FR\"},{\"@type\":\"Organization\",\"@id\":\"https:\/\/tourtravelandmore.com\/fr\/#organization\",\"name\":\"Tour Travel And More\",\"url\":\"https:\/\/tourtravelandmore.com\/fr\/\",\"logo\":{\"@type\":\"ImageObject\",\"inLanguage\":\"fr-FR\",\"@id\":\"https:\/\/tourtravelandmore.com\/fr\/#\/schema\/logo\/image\/\",\"url\":\"https:\/\/tourtravelandmore.com\/wp-content\/uploads\/2022\/12\/cropped-logo-cabecera-new.png\",\"contentUrl\":\"https:\/\/tourtravelandmore.com\/wp-content\/uploads\/2022\/12\/cropped-logo-cabecera-new.png\",\"width\":430,\"height\":61,\"caption\":\"Tour Travel And More\"},\"image\":{\"@id\":\"https:\/\/tourtravelandmore.com\/fr\/#\/schema\/logo\/image\/\"},\"sameAs\":[\"https:\/\/www.facebook.com\/tourtravelandmore\/\",\"https:\/\/x.com\/TourTravel_More\"]}]}<\/script>\n<!-- \/ Yoast SEO Premium plugin. -->","yoast_head_json":{"title":"Visite priv\u00e9e du ch\u00e2teau de Windsor depuis Londres en voiture priv\u00e9e et avec un guide officiel.","description":"Profitez d'une visite priv\u00e9e de Windsor pour d\u00e9couvrir le plus ancien et le plus grand ch\u00e2teau du monde. Vous verrez \u00e9galement la tombe d'Henry VIII et de 10 autres rois d'Angleterre.","robots":{"index":"index","follow":"follow","max-snippet":"max-snippet:-1","max-image-preview":"max-image-preview:large","max-video-preview":"max-video-preview:-1"},"canonical":"https:\/\/tourtravelandmore.com\/fr\/tours\/royaume-uni-fr\/londres-fr\/toutes-les-visites-et-activites-privees-fr-2\/visite-privee-du-chateau-de-windsor-au-depart-de-londres\/","og_locale":"fr_FR","og_type":"article","og_title":"Visite priv\u00e9e du ch\u00e2teau de Windsor au d\u00e9part de Londres","og_description":"Profitez d'une visite priv\u00e9e de Windsor pour d\u00e9couvrir le plus ancien et le plus grand ch\u00e2teau du monde. Vous verrez \u00e9galement la tombe d'Henry VIII et de 10 autres rois d'Angleterre.","og_url":"https:\/\/tourtravelandmore.com\/fr\/tours\/royaume-uni-fr\/londres-fr\/toutes-les-visites-et-activites-privees-fr-2\/visite-privee-du-chateau-de-windsor-au-depart-de-londres\/","og_site_name":"Tour Travel And More","article_publisher":"https:\/\/www.facebook.com\/tourtravelandmore\/","article_modified_time":"2024-04-05T18:03:35+00:00","og_image":[{"width":900,"height":680,"url":"https:\/\/tourtravelandmore.com\/wp-content\/uploads\/2022\/04\/image4-12.jpg","type":"image\/jpeg"}],"twitter_card":"summary_large_image","twitter_site":"@TourTravel_More","twitter_misc":{"Dur\u00e9e de lecture estim\u00e9e":"2 minutes"},"schema":{"@context":"https:\/\/schema.org","@graph":[{"@type":"WebPage","@id":"https:\/\/tourtravelandmore.com\/fr\/tours\/royaume-uni-fr\/londres-fr\/toutes-les-visites-et-activites-privees-fr-2\/visite-privee-du-chateau-de-windsor-au-depart-de-londres\/","url":"https:\/\/tourtravelandmore.com\/fr\/tours\/royaume-uni-fr\/londres-fr\/toutes-les-visites-et-activites-privees-fr-2\/visite-privee-du-chateau-de-windsor-au-depart-de-londres\/","name":"Visite priv\u00e9e du ch\u00e2teau de Windsor depuis Londres en voiture priv\u00e9e et avec un guide officiel.","isPartOf":{"@id":"https:\/\/tourtravelandmore.com\/fr\/#website"},"primaryImageOfPage":{"@id":"https:\/\/tourtravelandmore.com\/fr\/tours\/royaume-uni-fr\/londres-fr\/toutes-les-visites-et-activites-privees-fr-2\/visite-privee-du-chateau-de-windsor-au-depart-de-londres\/#primaryimage"},"image":{"@id":"https:\/\/tourtravelandmore.com\/fr\/tours\/royaume-uni-fr\/londres-fr\/toutes-les-visites-et-activites-privees-fr-2\/visite-privee-du-chateau-de-windsor-au-depart-de-londres\/#primaryimage"},"thumbnailUrl":"https:\/\/tourtravelandmore.com\/wp-content\/uploads\/2022\/04\/image4-12.jpg","datePublished":"2022-04-11T11:21:34+00:00","dateModified":"2024-04-05T18:03:35+00:00","description":"Profitez d'une visite priv\u00e9e de Windsor pour d\u00e9couvrir le plus ancien et le plus grand ch\u00e2teau du monde. Vous verrez \u00e9galement la tombe d'Henry VIII et de 10 autres rois d'Angleterre.","breadcrumb":{"@id":"https:\/\/tourtravelandmore.com\/fr\/tours\/royaume-uni-fr\/londres-fr\/toutes-les-visites-et-activites-privees-fr-2\/visite-privee-du-chateau-de-windsor-au-depart-de-londres\/#breadcrumb"},"inLanguage":"fr-FR","potentialAction":[{"@type":"ReadAction","target":["https:\/\/tourtravelandmore.com\/fr\/tours\/royaume-uni-fr\/londres-fr\/toutes-les-visites-et-activites-privees-fr-2\/visite-privee-du-chateau-de-windsor-au-depart-de-londres\/"]}]},{"@type":"ImageObject","inLanguage":"fr-FR","@id":"https:\/\/tourtravelandmore.com\/fr\/tours\/royaume-uni-fr\/londres-fr\/toutes-les-visites-et-activites-privees-fr-2\/visite-privee-du-chateau-de-windsor-au-depart-de-londres\/#primaryimage","url":"https:\/\/tourtravelandmore.com\/wp-content\/uploads\/2022\/04\/image4-12.jpg","contentUrl":"https:\/\/tourtravelandmore.com\/wp-content\/uploads\/2022\/04\/image4-12.jpg","width":900,"height":680},{"@type":"BreadcrumbList","@id":"https:\/\/tourtravelandmore.com\/fr\/tours\/royaume-uni-fr\/londres-fr\/toutes-les-visites-et-activites-privees-fr-2\/visite-privee-du-chateau-de-windsor-au-depart-de-londres\/#breadcrumb","itemListElement":[{"@type":"ListItem","position":1,"name":"Home","item":"https:\/\/tourtravelandmore.com\/fr\/"},{"@type":"ListItem","position":2,"name":"Tours","item":"https:\/\/tourtravelandmore.com\/fr\/tours\/"},{"@type":"ListItem","position":3,"name":"Visite priv\u00e9e du ch\u00e2teau de Windsor au d\u00e9part de Londres"}]},{"@type":"WebSite","@id":"https:\/\/tourtravelandmore.com\/fr\/#website","url":"https:\/\/tourtravelandmore.com\/fr\/","name":"Tour Travel And More","description":"Private sightseeing tours and luxury transfers in Spain","publisher":{"@id":"https:\/\/tourtravelandmore.com\/fr\/#organization"},"potentialAction":[{"@type":"SearchAction","target":{"@type":"EntryPoint","urlTemplate":"https:\/\/tourtravelandmore.com\/fr\/?s={search_term_string}"},"query-input":{"@type":"PropertyValueSpecification","valueRequired":true,"valueName":"search_term_string"}}],"inLanguage":"fr-FR"},{"@type":"Organization","@id":"https:\/\/tourtravelandmore.com\/fr\/#organization","name":"Tour Travel And More","url":"https:\/\/tourtravelandmore.com\/fr\/","logo":{"@type":"ImageObject","inLanguage":"fr-FR","@id":"https:\/\/tourtravelandmore.com\/fr\/#\/schema\/logo\/image\/","url":"https:\/\/tourtravelandmore.com\/wp-content\/uploads\/2022\/12\/cropped-logo-cabecera-new.png","contentUrl":"https:\/\/tourtravelandmore.com\/wp-content\/uploads\/2022\/12\/cropped-logo-cabecera-new.png","width":430,"height":61,"caption":"Tour Travel And More"},"image":{"@id":"https:\/\/tourtravelandmore.com\/fr\/#\/schema\/logo\/image\/"},"sameAs":["https:\/\/www.facebook.com\/tourtravelandmore\/","https:\/\/x.com\/TourTravel_More"]}]}},"_links":{"self":[{"href":"https:\/\/tourtravelandmore.com\/fr\/wp-json\/wp\/v2\/product\/123358","targetHints":{"allow":["GET"]}}],"collection":[{"href":"https:\/\/tourtravelandmore.com\/fr\/wp-json\/wp\/v2\/product"}],"about":[{"href":"https:\/\/tourtravelandmore.com\/fr\/wp-json\/wp\/v2\/types\/product"}],"replies":[{"embeddable":true,"href":"https:\/\/tourtravelandmore.com\/fr\/wp-json\/wp\/v2\/comments?post=123358"}],"wp:featuredmedia":[{"embeddable":true,"href":"https:\/\/tourtravelandmore.com\/fr\/wp-json\/wp\/v2\/media\/123376"}],"wp:attachment":[{"href":"https:\/\/tourtravelandmore.com\/fr\/wp-json\/wp\/v2\/media?parent=123358"}],"wp:term":[{"taxonomy":"product_brand","embeddable":true,"href":"https:\/\/tourtravelandmore.com\/fr\/wp-json\/wp\/v2\/product_brand?post=123358"},{"taxonomy":"product_cat","embeddable":true,"href":"https:\/\/tourtravelandmore.com\/fr\/wp-json\/wp\/v2\/product_cat?post=123358"},{"taxonomy":"product_tag","embeddable":true,"href":"https:\/\/tourtravelandmore.com\/fr\/wp-json\/wp\/v2\/product_tag?post=123358"}],"curies":[{"name":"wp","href":"https:\/\/api.w.org\/{rel}","templated":true}]}}