{"id":123314,"date":"2022-04-11T12:36:33","date_gmt":"2022-04-11T10:36:39","guid":{"rendered":"https:\/\/tourtravelandmore.com\/?post_type=product&#038;p=123314"},"modified":"2024-04-08T17:55:56","modified_gmt":"2024-04-08T15:55:56","slug":"visite-privee-de-stonehenge-et-avebury-au-depart-de-londres","status":"publish","type":"product","link":"https:\/\/tourtravelandmore.com\/fr\/tours\/royaume-uni-fr\/londres-fr\/toutes-les-visites-et-activites-privees-fr-2\/visite-privee-de-stonehenge-et-avebury-au-depart-de-londres\/","title":{"rendered":"Visite priv\u00e9e de Stonehenge et Avebury au d\u00e9part de Londres"},"content":{"rendered":"<h2><b>Description de l&#8217;excursion priv\u00e9e Stonehenge &amp; Avebury au d\u00e9part de Londres<\/b><\/h2>\n<p><span style=\"font-weight: 400;\">L&#8217;Angleterre est un lieu charg\u00e9 d&#8217;histoire et de monuments de grande valeur pour l&#8217;humanit\u00e9. Lors de cette visite priv\u00e9e de Stonehenge et Avebury au d\u00e9part de Londres, vous d\u00e9couvrirez certaines des merveilles architecturales les plus myst\u00e9rieuses et les plus s\u00e9duisantes du monde.<\/span><\/p>\n<p><span style=\"font-weight: 400;\">Nous quitterons Londres dans une voiture de luxe confortable et nous nous dirigerons vers la campagne anglaise pour admirer les &#8220;trilithons&#8221; de Stonehenge, d&#8217;\u00e9normes structures de pierre cr\u00e9\u00e9es \u00e0 la main sans l&#8217;aide d&#8217;aucune machine. Le meilleur est que la visite guid\u00e9e comprend une entr\u00e9e exclusive au monument de Stonehenge.<\/span><\/p>\n<p><span style=\"font-weight: 400;\">Nous irons \u00e0 Avebury pour voir les cercles de pierre, qui est le plus grand m\u00e9galithe du monde avec un village autour. <\/span><span style=\"font-weight: 400;\">Vous visiterez \u00e9galement d&#8217;autres sites pr\u00e9historiques tels que Durrington Walls, Woodhenge, West Kennet et Long Barrow. Nous vous emmenons \u00e9galement \u00e0 Silbury Hill, une \u00e9norme colline artificielle plus haute que la Grande Pyramide d&#8217;\u00c9gypte.<\/span><\/p>\n<p><span style=\"font-weight: 400;\">Apr\u00e8s une journ\u00e9e divertissante et riche en histoire, nous vous ramenons \u00e0 Londres.<\/span><\/p>\n<h2><b>Points forts de la visite priv\u00e9e de Stonehenge et Avebury au d\u00e9part de Londres<\/b><\/h2>\n<p><span style=\"font-weight: 400;\">Vivez une exp\u00e9rience unique et laissez-vous surprendre en visitant deux des monuments pr\u00e9historiques inscrits au patrimoine mondial.<\/span><\/p>\n<p><span style=\"font-weight: 400;\">Nous commencerons la visite en vous rencontrant \u00e0 un point convenu dans le centre de Londres et vous transf\u00e9rerons en voiture priv\u00e9e aux points d&#8217;int\u00e9r\u00eat suivants :<\/span><\/p>\n<h3><b>Site arch\u00e9ologique d&#8217;Avebury<\/b><\/h3>\n<p><span style=\"font-weight: 400;\">Il s&#8217;agit d&#8217;une s\u00e9rie de monuments circulaires datant de l&#8217;\u00e2ge du bronze qui sont \u00e9tonnamment bien conserv\u00e9s, malgr\u00e9 le fait qu&#8217;ils remontent \u00e0 la p\u00e9riode n\u00e9olithique.<\/span><\/p>\n<p><span style=\"font-weight: 400;\">La chose la plus \u00e9tonnante \u00e0 Avebury est le c\u00e9l\u00e8bre cercle de pierres qui entoure la ville et qui a \u00e9t\u00e9 construit entre 2850 et 2200 avant J.-C..<\/span><\/p>\n<p><span style=\"font-weight: 400;\">En outre, \u00e0 Avebury, vous pouvez admirer d&#8217;autres monuments arch\u00e9ologiques, par exemple :<\/span><b><\/b><\/p>\n<ul>\n<li><strong>Enclos de la chauss\u00e9e de Windmill Hill.<\/strong><\/li>\n<li><strong>West Kennet Avenue.<\/strong><\/li>\n<li><strong>West Kennet Long Barrow.<\/strong><\/li>\n<li><strong>Le Sanctuaire.<\/strong><\/li>\n<li><strong>Silbury Hill et bien plus encore.<\/strong><\/li>\n<\/ul>\n<h3><b>Les m\u00e9galithes de Stonehenge<\/b><\/h3>\n<p><span style=\"font-weight: 400;\">Stonehenge est un monument m\u00e9galithique situ\u00e9 dans la plaine de Salisbury, \u00e0 100 km \u00e0 l&#8217;ouest de Londres. Sa cr\u00e9ation remonte \u00e0 quelque 5000 ans, mais elle est abandonn\u00e9e depuis des mill\u00e9naires et la raison en est inconnue.<\/span><\/p>\n<p><span style=\"font-weight: 400;\">Le but de ce monument est \u00e9galement incertain et inconnu. Il s&#8217;agit pourtant d&#8217;une construction pleine de secrets et d&#8217;une magnifique combinaison de m\u00e9galithes sans l&#8217;utilisation d&#8217;aucune machine connue.<\/span><\/p>\n<p><span style=\"font-weight: 400;\">En outre, Stonehenge offre un spectacle unique chaque solstice d&#8217;\u00e9t\u00e9 lorsqu&#8217;il s&#8217;aligne directement sur le soleil de mani\u00e8re impressionnante.<\/span><\/p>\n<p><span style=\"font-weight: 400;\">\u00c0 la fin de cette visite spectaculaire de 12 heures, nous retournerons \u00e0 Londres pour recharger vos batteries.<\/span><\/p>\n<p><span style=\"font-weight: 400;\">Nous vous recommandons de compl\u00e9ter votre itin\u00e9raire avec notre <a href=\"https:\/\/tourtravelandmore.com\/fr\/tours\/royaume-uni-fr\/londres-fr\/toutes-les-visites-et-activites-privees-fr-2\/visite-privee-du-chateau-de-leeds-de-canterbury-et-de-douvres\/\">visite priv\u00e9e du ch\u00e2teau de Leeds, de Canterbury et de Douvres<\/a>. De cette fa\u00e7on, vous visiterez certains des sites les plus importants et les plus frappants d&#8217;Angleterre.<\/span><\/p>\n","protected":false},"excerpt":{"rendered":"<p><span style=\"font-weight: 400;\">Visitez l&#8217;ancien cercle de pierres d&#8217;Avebury et explorez le monument monolithique le plus c\u00e9l\u00e8bre du monde lors d&#8217;une visite priv\u00e9e de Stonehenge et Avebury au d\u00e9part de Londres en voiture priv\u00e9e avec un guide expert en histoire locale.<\/span><\/p>\n","protected":false},"featured_media":123338,"comment_status":"open","ping_status":"closed","template":"","meta":{"_acf_changed":false},"product_brand":[],"product_cat":[3545,3546,4117,4118],"product_tag":[],"class_list":{"0":"post-123314","1":"product","2":"type-product","3":"status-publish","4":"has-post-thumbnail","6":"product_cat-royaume-uni-fr","7":"product_cat-londres-fr","8":"product_cat-toutes-les-visites-et-activites-privees-fr-2","9":"product_cat-visites-touristiques","11":"first","12":"instock","13":"shipping-taxable","14":"purchasable","15":"product-type-simple"},"acf":[],"yoast_head":"<!-- This site is optimized with the Yoast SEO Premium plugin v25.3.1 (Yoast SEO v25.3.1) - https:\/\/yoast.com\/wordpress\/plugins\/seo\/ -->\n<title>Visite priv\u00e9e de Stonehenge et Avebury au d\u00e9part de Londres avec voiture priv\u00e9e et guide priv\u00e9 inclus<\/title>\n<meta name=\"description\" content=\"Explorez deux des monuments pr\u00e9historiques les plus fascinants du monde lors d&#039;une visite priv\u00e9e \u00e0 Stonehenge et Avebury pour admirer certaines des constructions les plus \u00e9nigmatiques du monde.\" \/>\n<meta name=\"robots\" content=\"index, follow, max-snippet:-1, max-image-preview:large, max-video-preview:-1\" \/>\n<link rel=\"canonical\" href=\"https:\/\/tourtravelandmore.com\/fr\/tours\/royaume-uni-fr\/londres-fr\/toutes-les-visites-et-activites-privees-fr-2\/visite-privee-de-stonehenge-et-avebury-au-depart-de-londres\/\" \/>\n<meta property=\"og:locale\" content=\"fr_FR\" \/>\n<meta property=\"og:type\" content=\"article\" \/>\n<meta property=\"og:title\" content=\"Visite priv\u00e9e de Stonehenge et Avebury au d\u00e9part de Londres\" \/>\n<meta property=\"og:description\" content=\"Explorez deux des monuments pr\u00e9historiques les plus fascinants du monde lors d&#039;une visite priv\u00e9e \u00e0 Stonehenge et Avebury pour admirer certaines des constructions les plus \u00e9nigmatiques du monde.\" \/>\n<meta property=\"og:url\" content=\"https:\/\/tourtravelandmore.com\/fr\/tours\/royaume-uni-fr\/londres-fr\/toutes-les-visites-et-activites-privees-fr-2\/visite-privee-de-stonehenge-et-avebury-au-depart-de-londres\/\" \/>\n<meta property=\"og:site_name\" content=\"Tour Travel And More\" \/>\n<meta property=\"article:publisher\" content=\"https:\/\/www.facebook.com\/tourtravelandmore\/\" \/>\n<meta property=\"article:modified_time\" content=\"2024-04-08T15:55:56+00:00\" \/>\n<meta property=\"og:image\" content=\"https:\/\/tourtravelandmore.com\/wp-content\/uploads\/2022\/04\/image6-12.jpg\" \/>\n\t<meta property=\"og:image:width\" content=\"900\" \/>\n\t<meta property=\"og:image:height\" content=\"680\" \/>\n\t<meta property=\"og:image:type\" content=\"image\/jpeg\" \/>\n<meta name=\"twitter:card\" content=\"summary_large_image\" \/>\n<meta name=\"twitter:site\" content=\"@TourTravel_More\" \/>\n<meta name=\"twitter:label1\" content=\"Dur\u00e9e de lecture estim\u00e9e\" \/>\n\t<meta name=\"twitter:data1\" content=\"2 minutes\" \/>\n<script type=\"application\/ld+json\" class=\"yoast-schema-graph\">{\"@context\":\"https:\/\/schema.org\",\"@graph\":[{\"@type\":\"WebPage\",\"@id\":\"https:\/\/tourtravelandmore.com\/fr\/tours\/royaume-uni-fr\/londres-fr\/toutes-les-visites-et-activites-privees-fr-2\/visite-privee-de-stonehenge-et-avebury-au-depart-de-londres\/\",\"url\":\"https:\/\/tourtravelandmore.com\/fr\/tours\/royaume-uni-fr\/londres-fr\/toutes-les-visites-et-activites-privees-fr-2\/visite-privee-de-stonehenge-et-avebury-au-depart-de-londres\/\",\"name\":\"Visite priv\u00e9e de Stonehenge et Avebury au d\u00e9part de Londres avec voiture priv\u00e9e et guide priv\u00e9 inclus\",\"isPartOf\":{\"@id\":\"https:\/\/tourtravelandmore.com\/fr\/#website\"},\"primaryImageOfPage\":{\"@id\":\"https:\/\/tourtravelandmore.com\/fr\/tours\/royaume-uni-fr\/londres-fr\/toutes-les-visites-et-activites-privees-fr-2\/visite-privee-de-stonehenge-et-avebury-au-depart-de-londres\/#primaryimage\"},\"image\":{\"@id\":\"https:\/\/tourtravelandmore.com\/fr\/tours\/royaume-uni-fr\/londres-fr\/toutes-les-visites-et-activites-privees-fr-2\/visite-privee-de-stonehenge-et-avebury-au-depart-de-londres\/#primaryimage\"},\"thumbnailUrl\":\"https:\/\/tourtravelandmore.com\/wp-content\/uploads\/2022\/04\/image6-12.jpg\",\"datePublished\":\"2022-04-11T10:36:39+00:00\",\"dateModified\":\"2024-04-08T15:55:56+00:00\",\"description\":\"Explorez deux des monuments pr\u00e9historiques les plus fascinants du monde lors d'une visite priv\u00e9e \u00e0 Stonehenge et Avebury pour admirer certaines des constructions les plus \u00e9nigmatiques du monde.\",\"breadcrumb\":{\"@id\":\"https:\/\/tourtravelandmore.com\/fr\/tours\/royaume-uni-fr\/londres-fr\/toutes-les-visites-et-activites-privees-fr-2\/visite-privee-de-stonehenge-et-avebury-au-depart-de-londres\/#breadcrumb\"},\"inLanguage\":\"fr-FR\",\"potentialAction\":[{\"@type\":\"ReadAction\",\"target\":[\"https:\/\/tourtravelandmore.com\/fr\/tours\/royaume-uni-fr\/londres-fr\/toutes-les-visites-et-activites-privees-fr-2\/visite-privee-de-stonehenge-et-avebury-au-depart-de-londres\/\"]}]},{\"@type\":\"ImageObject\",\"inLanguage\":\"fr-FR\",\"@id\":\"https:\/\/tourtravelandmore.com\/fr\/tours\/royaume-uni-fr\/londres-fr\/toutes-les-visites-et-activites-privees-fr-2\/visite-privee-de-stonehenge-et-avebury-au-depart-de-londres\/#primaryimage\",\"url\":\"https:\/\/tourtravelandmore.com\/wp-content\/uploads\/2022\/04\/image6-12.jpg\",\"contentUrl\":\"https:\/\/tourtravelandmore.com\/wp-content\/uploads\/2022\/04\/image6-12.jpg\",\"width\":900,\"height\":680},{\"@type\":\"BreadcrumbList\",\"@id\":\"https:\/\/tourtravelandmore.com\/fr\/tours\/royaume-uni-fr\/londres-fr\/toutes-les-visites-et-activites-privees-fr-2\/visite-privee-de-stonehenge-et-avebury-au-depart-de-londres\/#breadcrumb\",\"itemListElement\":[{\"@type\":\"ListItem\",\"position\":1,\"name\":\"Home\",\"item\":\"https:\/\/tourtravelandmore.com\/fr\/\"},{\"@type\":\"ListItem\",\"position\":2,\"name\":\"Tours\",\"item\":\"https:\/\/tourtravelandmore.com\/fr\/tours\/\"},{\"@type\":\"ListItem\",\"position\":3,\"name\":\"Visite priv\u00e9e de Stonehenge et Avebury au d\u00e9part de Londres\"}]},{\"@type\":\"WebSite\",\"@id\":\"https:\/\/tourtravelandmore.com\/fr\/#website\",\"url\":\"https:\/\/tourtravelandmore.com\/fr\/\",\"name\":\"Tour Travel And More\",\"description\":\"Private sightseeing tours and luxury transfers in Spain\",\"publisher\":{\"@id\":\"https:\/\/tourtravelandmore.com\/fr\/#organization\"},\"potentialAction\":[{\"@type\":\"SearchAction\",\"target\":{\"@type\":\"EntryPoint\",\"urlTemplate\":\"https:\/\/tourtravelandmore.com\/fr\/?s={search_term_string}\"},\"query-input\":{\"@type\":\"PropertyValueSpecification\",\"valueRequired\":true,\"valueName\":\"search_term_string\"}}],\"inLanguage\":\"fr-FR\"},{\"@type\":\"Organization\",\"@id\":\"https:\/\/tourtravelandmore.com\/fr\/#organization\",\"name\":\"Tour Travel And More\",\"url\":\"https:\/\/tourtravelandmore.com\/fr\/\",\"logo\":{\"@type\":\"ImageObject\",\"inLanguage\":\"fr-FR\",\"@id\":\"https:\/\/tourtravelandmore.com\/fr\/#\/schema\/logo\/image\/\",\"url\":\"https:\/\/tourtravelandmore.com\/wp-content\/uploads\/2022\/12\/cropped-logo-cabecera-new.png\",\"contentUrl\":\"https:\/\/tourtravelandmore.com\/wp-content\/uploads\/2022\/12\/cropped-logo-cabecera-new.png\",\"width\":430,\"height\":61,\"caption\":\"Tour Travel And More\"},\"image\":{\"@id\":\"https:\/\/tourtravelandmore.com\/fr\/#\/schema\/logo\/image\/\"},\"sameAs\":[\"https:\/\/www.facebook.com\/tourtravelandmore\/\",\"https:\/\/x.com\/TourTravel_More\"]}]}<\/script>\n<!-- \/ Yoast SEO Premium plugin. -->","yoast_head_json":{"title":"Visite priv\u00e9e de Stonehenge et Avebury au d\u00e9part de Londres avec voiture priv\u00e9e et guide priv\u00e9 inclus","description":"Explorez deux des monuments pr\u00e9historiques les plus fascinants du monde lors d'une visite priv\u00e9e \u00e0 Stonehenge et Avebury pour admirer certaines des constructions les plus \u00e9nigmatiques du monde.","robots":{"index":"index","follow":"follow","max-snippet":"max-snippet:-1","max-image-preview":"max-image-preview:large","max-video-preview":"max-video-preview:-1"},"canonical":"https:\/\/tourtravelandmore.com\/fr\/tours\/royaume-uni-fr\/londres-fr\/toutes-les-visites-et-activites-privees-fr-2\/visite-privee-de-stonehenge-et-avebury-au-depart-de-londres\/","og_locale":"fr_FR","og_type":"article","og_title":"Visite priv\u00e9e de Stonehenge et Avebury au d\u00e9part de Londres","og_description":"Explorez deux des monuments pr\u00e9historiques les plus fascinants du monde lors d'une visite priv\u00e9e \u00e0 Stonehenge et Avebury pour admirer certaines des constructions les plus \u00e9nigmatiques du monde.","og_url":"https:\/\/tourtravelandmore.com\/fr\/tours\/royaume-uni-fr\/londres-fr\/toutes-les-visites-et-activites-privees-fr-2\/visite-privee-de-stonehenge-et-avebury-au-depart-de-londres\/","og_site_name":"Tour Travel And More","article_publisher":"https:\/\/www.facebook.com\/tourtravelandmore\/","article_modified_time":"2024-04-08T15:55:56+00:00","og_image":[{"width":900,"height":680,"url":"https:\/\/tourtravelandmore.com\/wp-content\/uploads\/2022\/04\/image6-12.jpg","type":"image\/jpeg"}],"twitter_card":"summary_large_image","twitter_site":"@TourTravel_More","twitter_misc":{"Dur\u00e9e de lecture estim\u00e9e":"2 minutes"},"schema":{"@context":"https:\/\/schema.org","@graph":[{"@type":"WebPage","@id":"https:\/\/tourtravelandmore.com\/fr\/tours\/royaume-uni-fr\/londres-fr\/toutes-les-visites-et-activites-privees-fr-2\/visite-privee-de-stonehenge-et-avebury-au-depart-de-londres\/","url":"https:\/\/tourtravelandmore.com\/fr\/tours\/royaume-uni-fr\/londres-fr\/toutes-les-visites-et-activites-privees-fr-2\/visite-privee-de-stonehenge-et-avebury-au-depart-de-londres\/","name":"Visite priv\u00e9e de Stonehenge et Avebury au d\u00e9part de Londres avec voiture priv\u00e9e et guide priv\u00e9 inclus","isPartOf":{"@id":"https:\/\/tourtravelandmore.com\/fr\/#website"},"primaryImageOfPage":{"@id":"https:\/\/tourtravelandmore.com\/fr\/tours\/royaume-uni-fr\/londres-fr\/toutes-les-visites-et-activites-privees-fr-2\/visite-privee-de-stonehenge-et-avebury-au-depart-de-londres\/#primaryimage"},"image":{"@id":"https:\/\/tourtravelandmore.com\/fr\/tours\/royaume-uni-fr\/londres-fr\/toutes-les-visites-et-activites-privees-fr-2\/visite-privee-de-stonehenge-et-avebury-au-depart-de-londres\/#primaryimage"},"thumbnailUrl":"https:\/\/tourtravelandmore.com\/wp-content\/uploads\/2022\/04\/image6-12.jpg","datePublished":"2022-04-11T10:36:39+00:00","dateModified":"2024-04-08T15:55:56+00:00","description":"Explorez deux des monuments pr\u00e9historiques les plus fascinants du monde lors d'une visite priv\u00e9e \u00e0 Stonehenge et Avebury pour admirer certaines des constructions les plus \u00e9nigmatiques du monde.","breadcrumb":{"@id":"https:\/\/tourtravelandmore.com\/fr\/tours\/royaume-uni-fr\/londres-fr\/toutes-les-visites-et-activites-privees-fr-2\/visite-privee-de-stonehenge-et-avebury-au-depart-de-londres\/#breadcrumb"},"inLanguage":"fr-FR","potentialAction":[{"@type":"ReadAction","target":["https:\/\/tourtravelandmore.com\/fr\/tours\/royaume-uni-fr\/londres-fr\/toutes-les-visites-et-activites-privees-fr-2\/visite-privee-de-stonehenge-et-avebury-au-depart-de-londres\/"]}]},{"@type":"ImageObject","inLanguage":"fr-FR","@id":"https:\/\/tourtravelandmore.com\/fr\/tours\/royaume-uni-fr\/londres-fr\/toutes-les-visites-et-activites-privees-fr-2\/visite-privee-de-stonehenge-et-avebury-au-depart-de-londres\/#primaryimage","url":"https:\/\/tourtravelandmore.com\/wp-content\/uploads\/2022\/04\/image6-12.jpg","contentUrl":"https:\/\/tourtravelandmore.com\/wp-content\/uploads\/2022\/04\/image6-12.jpg","width":900,"height":680},{"@type":"BreadcrumbList","@id":"https:\/\/tourtravelandmore.com\/fr\/tours\/royaume-uni-fr\/londres-fr\/toutes-les-visites-et-activites-privees-fr-2\/visite-privee-de-stonehenge-et-avebury-au-depart-de-londres\/#breadcrumb","itemListElement":[{"@type":"ListItem","position":1,"name":"Home","item":"https:\/\/tourtravelandmore.com\/fr\/"},{"@type":"ListItem","position":2,"name":"Tours","item":"https:\/\/tourtravelandmore.com\/fr\/tours\/"},{"@type":"ListItem","position":3,"name":"Visite priv\u00e9e de Stonehenge et Avebury au d\u00e9part de Londres"}]},{"@type":"WebSite","@id":"https:\/\/tourtravelandmore.com\/fr\/#website","url":"https:\/\/tourtravelandmore.com\/fr\/","name":"Tour Travel And More","description":"Private sightseeing tours and luxury transfers in Spain","publisher":{"@id":"https:\/\/tourtravelandmore.com\/fr\/#organization"},"potentialAction":[{"@type":"SearchAction","target":{"@type":"EntryPoint","urlTemplate":"https:\/\/tourtravelandmore.com\/fr\/?s={search_term_string}"},"query-input":{"@type":"PropertyValueSpecification","valueRequired":true,"valueName":"search_term_string"}}],"inLanguage":"fr-FR"},{"@type":"Organization","@id":"https:\/\/tourtravelandmore.com\/fr\/#organization","name":"Tour Travel And More","url":"https:\/\/tourtravelandmore.com\/fr\/","logo":{"@type":"ImageObject","inLanguage":"fr-FR","@id":"https:\/\/tourtravelandmore.com\/fr\/#\/schema\/logo\/image\/","url":"https:\/\/tourtravelandmore.com\/wp-content\/uploads\/2022\/12\/cropped-logo-cabecera-new.png","contentUrl":"https:\/\/tourtravelandmore.com\/wp-content\/uploads\/2022\/12\/cropped-logo-cabecera-new.png","width":430,"height":61,"caption":"Tour Travel And More"},"image":{"@id":"https:\/\/tourtravelandmore.com\/fr\/#\/schema\/logo\/image\/"},"sameAs":["https:\/\/www.facebook.com\/tourtravelandmore\/","https:\/\/x.com\/TourTravel_More"]}]}},"_links":{"self":[{"href":"https:\/\/tourtravelandmore.com\/fr\/wp-json\/wp\/v2\/product\/123314","targetHints":{"allow":["GET"]}}],"collection":[{"href":"https:\/\/tourtravelandmore.com\/fr\/wp-json\/wp\/v2\/product"}],"about":[{"href":"https:\/\/tourtravelandmore.com\/fr\/wp-json\/wp\/v2\/types\/product"}],"replies":[{"embeddable":true,"href":"https:\/\/tourtravelandmore.com\/fr\/wp-json\/wp\/v2\/comments?post=123314"}],"wp:featuredmedia":[{"embeddable":true,"href":"https:\/\/tourtravelandmore.com\/fr\/wp-json\/wp\/v2\/media\/123338"}],"wp:attachment":[{"href":"https:\/\/tourtravelandmore.com\/fr\/wp-json\/wp\/v2\/media?parent=123314"}],"wp:term":[{"taxonomy":"product_brand","embeddable":true,"href":"https:\/\/tourtravelandmore.com\/fr\/wp-json\/wp\/v2\/product_brand?post=123314"},{"taxonomy":"product_cat","embeddable":true,"href":"https:\/\/tourtravelandmore.com\/fr\/wp-json\/wp\/v2\/product_cat?post=123314"},{"taxonomy":"product_tag","embeddable":true,"href":"https:\/\/tourtravelandmore.com\/fr\/wp-json\/wp\/v2\/product_tag?post=123314"}],"curies":[{"name":"wp","href":"https:\/\/api.w.org\/{rel}","templated":true}]}}