{"id":123134,"date":"2022-04-10T17:33:21","date_gmt":"2022-04-10T15:33:27","guid":{"rendered":"https:\/\/tourtravelandmore.com\/?post_type=product&#038;p=123134"},"modified":"2024-04-25T20:45:17","modified_gmt":"2024-04-25T18:45:17","slug":"visite-privee-de-la-cathedrale-saint-paul","status":"publish","type":"product","link":"https:\/\/tourtravelandmore.com\/fr\/tours\/royaume-uni-fr\/londres-fr\/toutes-les-visites-et-activites-privees-fr-2\/visite-privee-de-la-cathedrale-saint-paul\/","title":{"rendered":"Visite priv\u00e9e \u00e0 pied de la cath\u00e9drale Saint-Paul"},"content":{"rendered":"<h2><b>Description de la Visite priv\u00e9e \u00e0 pied de la cath\u00e9drale Saint-Paul<\/b><\/h2>\n<p>La cath\u00e9drale Saint-Paul (anciennement connue sous le nom de Cathedral Church of St Mary of St Paul) est un \u00e9difice anglican d&#8217;architecture gothique et le si\u00e8ge de l&#8217;\u00e9v\u00eaque de Londres.<\/p>\n<p>Le b\u00e2timent actuel, situ\u00e9 sur le site historique de la cath\u00e9drale Saint-Paul, a \u00e9t\u00e9 con\u00e7u par Sir Christopher Wren et porte le nom du saint fondateur de cette \u00e9glise.<\/p>\n<p>Lors de notre visite priv\u00e9e de la cath\u00e9drale Saint-Paul, vous verrez cet incroyable monument qui a r\u00e9sist\u00e9 \u00e0 la Seconde Guerre mondiale et qui est rest\u00e9 presque intact face aux bombardements de la capitale anglaise. C&#8217;est d&#8217;ailleurs dans cette cath\u00e9drale que Lady Di et le prince Charles se sont mari\u00e9s.<\/p>\n<p>Nous savons que tous les d\u00e9tails de cette ancienne construction vous surprendront. Par exemple, des gargouilles soutiennent l&#8217;\u00e9difice sur la fa\u00e7ade avant, tandis que sur les fa\u00e7ades lat\u00e9rales apparaissent des saints et des anges.<\/p>\n<p>Vous pourrez \u00e9galement admirer sa magnifique coupole, qui s&#8217;inspire du dessin original du si\u00e8ge du Vatican et qui est consid\u00e9r\u00e9e comme l&#8217;une des plus belles au monde.<\/p>\n<p>Nous vous remettrons des billets exclusifs afin que vous n&#8217;ayez pas \u00e0 faire la queue ou \u00e0 attendre pour entrer.<\/p>\n<p>Il s&#8217;agit d&#8217;une visite personnalis\u00e9e de 2 heures au cours de laquelle vous serez accompagn\u00e9 d&#8217;un guide priv\u00e9, expert en histoire locale. Vous conna\u00eetrez ainsi tous les d\u00e9tails de cet incroyable monument.<\/p>\n<p>Il n&#8217;y a aucun probl\u00e8me pour convenir avec le guide de l&#8217;heure la plus propice pour commencer la visite. \u00c0 la fin, nous vous ram\u00e8nerons \u00e0 l&#8217;entr\u00e9e ou \u00e0 un point central de la ville pour que vous puissiez poursuivre votre itin\u00e9raire dans la capitale britannique.<\/p>\n<h2>Points forts de la visite priv\u00e9e de la cath\u00e9drale Saint-Paul<\/h2>\n<p>Situ\u00e9e au point le plus \u00e9lev\u00e9 de la ville de Londres, l&#8217;embl\u00e9matique cath\u00e9drale Saint-Paul a \u00e9t\u00e9 le t\u00e9moin d&#8217;innombrables \u00e9v\u00e9nements historiques de grande importance.<\/p>\n<p>Avec notre guide expert, vous apprendrez \u00e0 conna\u00eetre les diff\u00e9rents points d&#8217;int\u00e9r\u00eat de la cath\u00e9drale Saint-Paul, tels que :<\/p>\n<p>L&#8217;une des plus belles salles de la cath\u00e9drale Saint-Paul est la galerie des chuchotements. Cette impressionnante construction poss\u00e8de une forme architecturale unique, qui permet au son de s&#8217;\u00e9tendre, de sorte que m\u00eame un faible murmure peut \u00eatre entendu tout autour.<\/p>\n<p>Certes, il vous faudra monter plus de 700 marches pour atteindre le sommet, mais la vue que vous aurez de Londres depuis ce point restera \u00e0 jamais grav\u00e9e dans votre m\u00e9moire.<\/p>\n<p><span style=\"font-weight: 400;\">Outre ces sites int\u00e9ressants, notre visite priv\u00e9e vous permettra \u00e9galement de d\u00e9couvrir d&#8217;autres grandes attractions, telles que.. :\u00a0<\/span><\/p>\n<ul>\n<li><b>All Soul Chapel.<\/b><\/li>\n<li><b>La chapelle de St Dunstan.<\/b><\/li>\n<li><b>La chapelle de St Michael.\u00a0<\/b><\/li>\n<li><b>Middlesex Chapel et American Memorial Chapel.\u00a0<\/b><\/li>\n<\/ul>\n<p><span style=\"font-weight: 400;\">\u00c0 la fin de cette magnifique visite, nous vous ram\u00e8nerons \u00e0 l&#8217;entr\u00e9e de la cath\u00e9drale ou \u00e0 un point central de la ville.\u00a0<\/span><\/p>\n<p><span style=\"font-weight: 400;\">Vous pouvez compl\u00e9ter votre visite du Royaume-Uni avec notre <strong>v<\/strong><\/span><span style=\"font-weight: 400;\"><strong>isite <a href=\"https:\/\/tourtravelandmore.com\/fr\/tours\/royaume-uni-fr\/londres-fr\/toutes-les-visites-et-activites-privees-fr-2\/visite-privee-de-windsor-stonehenge-et-oxford-au-depart-de-londres\/\">priv\u00e9e de Windsor, Stonehenge et Oxford au d\u00e9part de Londres<\/a><\/strong>. <\/span><\/p>\n","protected":false},"excerpt":{"rendered":"<p><span style=\"font-weight: 400;\">Visitez la cath\u00e9drale Saint-Paul lors d&#8217;une visite priv\u00e9e et personnalis\u00e9e, accompagn\u00e9e d&#8217;un guide expert en histoire, pour d\u00e9couvrir le site du mariage du prince Charles et de Lady Di et les d\u00e9pouilles de Winston Churchill et Margaret Thatcher.<\/span><\/p>\n","protected":false},"featured_media":123161,"comment_status":"open","ping_status":"closed","template":"","meta":{"_acf_changed":false},"product_brand":[],"product_cat":[3545,3546,4117,4118],"product_tag":[],"class_list":{"0":"post-123134","1":"product","2":"type-product","3":"status-publish","4":"has-post-thumbnail","6":"product_cat-royaume-uni-fr","7":"product_cat-londres-fr","8":"product_cat-toutes-les-visites-et-activites-privees-fr-2","9":"product_cat-visites-touristiques","11":"first","12":"instock","13":"shipping-taxable","14":"purchasable","15":"product-type-simple"},"acf":[],"yoast_head":"<!-- This site is optimized with the Yoast SEO Premium plugin v25.3.1 (Yoast SEO v25.3.1) - https:\/\/yoast.com\/wordpress\/plugins\/seo\/ -->\n<title>Visite priv\u00e9e de la cath\u00e9drale Saint-Paul avec un guide officiel<\/title>\n<meta name=\"description\" content=\"Profitez d&#039;une visite priv\u00e9e de la cath\u00e9drale St Paul accompagn\u00e9e d&#039;un guide officiel pour d\u00e9couvrir le si\u00e8ge de l&#039;\u00e9v\u00eaque de Londres et l&#039;un des plus grands temples religieux de Londres.\" \/>\n<meta name=\"robots\" content=\"index, follow, max-snippet:-1, max-image-preview:large, max-video-preview:-1\" \/>\n<link rel=\"canonical\" href=\"https:\/\/tourtravelandmore.com\/fr\/tours\/royaume-uni-fr\/londres-fr\/toutes-les-visites-et-activites-privees-fr-2\/visite-privee-de-la-cathedrale-saint-paul\/\" \/>\n<meta property=\"og:locale\" content=\"fr_FR\" \/>\n<meta property=\"og:type\" content=\"article\" \/>\n<meta property=\"og:title\" content=\"Visite priv\u00e9e \u00e0 pied de la cath\u00e9drale Saint-Paul\" \/>\n<meta property=\"og:description\" content=\"Profitez d&#039;une visite priv\u00e9e de la cath\u00e9drale St Paul accompagn\u00e9e d&#039;un guide officiel pour d\u00e9couvrir le si\u00e8ge de l&#039;\u00e9v\u00eaque de Londres et l&#039;un des plus grands temples religieux de Londres.\" \/>\n<meta property=\"og:url\" content=\"https:\/\/tourtravelandmore.com\/fr\/tours\/royaume-uni-fr\/londres-fr\/toutes-les-visites-et-activites-privees-fr-2\/visite-privee-de-la-cathedrale-saint-paul\/\" \/>\n<meta property=\"og:site_name\" content=\"Tour Travel And More\" \/>\n<meta property=\"article:publisher\" content=\"https:\/\/www.facebook.com\/tourtravelandmore\/\" \/>\n<meta property=\"article:modified_time\" content=\"2024-04-25T18:45:17+00:00\" \/>\n<meta property=\"og:image\" content=\"https:\/\/tourtravelandmore.com\/wp-content\/uploads\/2022\/04\/image5-9.jpg\" \/>\n\t<meta property=\"og:image:width\" content=\"900\" \/>\n\t<meta property=\"og:image:height\" content=\"680\" \/>\n\t<meta property=\"og:image:type\" content=\"image\/jpeg\" \/>\n<meta name=\"twitter:card\" content=\"summary_large_image\" \/>\n<meta name=\"twitter:site\" content=\"@TourTravel_More\" \/>\n<meta name=\"twitter:label1\" content=\"Dur\u00e9e de lecture estim\u00e9e\" \/>\n\t<meta name=\"twitter:data1\" content=\"3 minutes\" \/>\n<script type=\"application\/ld+json\" class=\"yoast-schema-graph\">{\"@context\":\"https:\/\/schema.org\",\"@graph\":[{\"@type\":\"WebPage\",\"@id\":\"https:\/\/tourtravelandmore.com\/fr\/tours\/royaume-uni-fr\/londres-fr\/toutes-les-visites-et-activites-privees-fr-2\/visite-privee-de-la-cathedrale-saint-paul\/\",\"url\":\"https:\/\/tourtravelandmore.com\/fr\/tours\/royaume-uni-fr\/londres-fr\/toutes-les-visites-et-activites-privees-fr-2\/visite-privee-de-la-cathedrale-saint-paul\/\",\"name\":\"Visite priv\u00e9e de la cath\u00e9drale Saint-Paul avec un guide officiel\",\"isPartOf\":{\"@id\":\"https:\/\/tourtravelandmore.com\/fr\/#website\"},\"primaryImageOfPage\":{\"@id\":\"https:\/\/tourtravelandmore.com\/fr\/tours\/royaume-uni-fr\/londres-fr\/toutes-les-visites-et-activites-privees-fr-2\/visite-privee-de-la-cathedrale-saint-paul\/#primaryimage\"},\"image\":{\"@id\":\"https:\/\/tourtravelandmore.com\/fr\/tours\/royaume-uni-fr\/londres-fr\/toutes-les-visites-et-activites-privees-fr-2\/visite-privee-de-la-cathedrale-saint-paul\/#primaryimage\"},\"thumbnailUrl\":\"https:\/\/tourtravelandmore.com\/wp-content\/uploads\/2022\/04\/image5-9.jpg\",\"datePublished\":\"2022-04-10T15:33:27+00:00\",\"dateModified\":\"2024-04-25T18:45:17+00:00\",\"description\":\"Profitez d'une visite priv\u00e9e de la cath\u00e9drale St Paul accompagn\u00e9e d'un guide officiel pour d\u00e9couvrir le si\u00e8ge de l'\u00e9v\u00eaque de Londres et l'un des plus grands temples religieux de Londres.\",\"breadcrumb\":{\"@id\":\"https:\/\/tourtravelandmore.com\/fr\/tours\/royaume-uni-fr\/londres-fr\/toutes-les-visites-et-activites-privees-fr-2\/visite-privee-de-la-cathedrale-saint-paul\/#breadcrumb\"},\"inLanguage\":\"fr-FR\",\"potentialAction\":[{\"@type\":\"ReadAction\",\"target\":[\"https:\/\/tourtravelandmore.com\/fr\/tours\/royaume-uni-fr\/londres-fr\/toutes-les-visites-et-activites-privees-fr-2\/visite-privee-de-la-cathedrale-saint-paul\/\"]}]},{\"@type\":\"ImageObject\",\"inLanguage\":\"fr-FR\",\"@id\":\"https:\/\/tourtravelandmore.com\/fr\/tours\/royaume-uni-fr\/londres-fr\/toutes-les-visites-et-activites-privees-fr-2\/visite-privee-de-la-cathedrale-saint-paul\/#primaryimage\",\"url\":\"https:\/\/tourtravelandmore.com\/wp-content\/uploads\/2022\/04\/image5-9.jpg\",\"contentUrl\":\"https:\/\/tourtravelandmore.com\/wp-content\/uploads\/2022\/04\/image5-9.jpg\",\"width\":900,\"height\":680},{\"@type\":\"BreadcrumbList\",\"@id\":\"https:\/\/tourtravelandmore.com\/fr\/tours\/royaume-uni-fr\/londres-fr\/toutes-les-visites-et-activites-privees-fr-2\/visite-privee-de-la-cathedrale-saint-paul\/#breadcrumb\",\"itemListElement\":[{\"@type\":\"ListItem\",\"position\":1,\"name\":\"Home\",\"item\":\"https:\/\/tourtravelandmore.com\/fr\/\"},{\"@type\":\"ListItem\",\"position\":2,\"name\":\"Tours\",\"item\":\"https:\/\/tourtravelandmore.com\/fr\/tours\/\"},{\"@type\":\"ListItem\",\"position\":3,\"name\":\"Visite priv\u00e9e \u00e0 pied de la cath\u00e9drale Saint-Paul\"}]},{\"@type\":\"WebSite\",\"@id\":\"https:\/\/tourtravelandmore.com\/fr\/#website\",\"url\":\"https:\/\/tourtravelandmore.com\/fr\/\",\"name\":\"Tour Travel And More\",\"description\":\"Private sightseeing tours and luxury transfers in Spain\",\"publisher\":{\"@id\":\"https:\/\/tourtravelandmore.com\/fr\/#organization\"},\"potentialAction\":[{\"@type\":\"SearchAction\",\"target\":{\"@type\":\"EntryPoint\",\"urlTemplate\":\"https:\/\/tourtravelandmore.com\/fr\/?s={search_term_string}\"},\"query-input\":{\"@type\":\"PropertyValueSpecification\",\"valueRequired\":true,\"valueName\":\"search_term_string\"}}],\"inLanguage\":\"fr-FR\"},{\"@type\":\"Organization\",\"@id\":\"https:\/\/tourtravelandmore.com\/fr\/#organization\",\"name\":\"Tour Travel And More\",\"url\":\"https:\/\/tourtravelandmore.com\/fr\/\",\"logo\":{\"@type\":\"ImageObject\",\"inLanguage\":\"fr-FR\",\"@id\":\"https:\/\/tourtravelandmore.com\/fr\/#\/schema\/logo\/image\/\",\"url\":\"https:\/\/tourtravelandmore.com\/wp-content\/uploads\/2022\/12\/cropped-logo-cabecera-new.png\",\"contentUrl\":\"https:\/\/tourtravelandmore.com\/wp-content\/uploads\/2022\/12\/cropped-logo-cabecera-new.png\",\"width\":430,\"height\":61,\"caption\":\"Tour Travel And More\"},\"image\":{\"@id\":\"https:\/\/tourtravelandmore.com\/fr\/#\/schema\/logo\/image\/\"},\"sameAs\":[\"https:\/\/www.facebook.com\/tourtravelandmore\/\",\"https:\/\/x.com\/TourTravel_More\"]}]}<\/script>\n<!-- \/ Yoast SEO Premium plugin. -->","yoast_head_json":{"title":"Visite priv\u00e9e de la cath\u00e9drale Saint-Paul avec un guide officiel","description":"Profitez d'une visite priv\u00e9e de la cath\u00e9drale St Paul accompagn\u00e9e d'un guide officiel pour d\u00e9couvrir le si\u00e8ge de l'\u00e9v\u00eaque de Londres et l'un des plus grands temples religieux de Londres.","robots":{"index":"index","follow":"follow","max-snippet":"max-snippet:-1","max-image-preview":"max-image-preview:large","max-video-preview":"max-video-preview:-1"},"canonical":"https:\/\/tourtravelandmore.com\/fr\/tours\/royaume-uni-fr\/londres-fr\/toutes-les-visites-et-activites-privees-fr-2\/visite-privee-de-la-cathedrale-saint-paul\/","og_locale":"fr_FR","og_type":"article","og_title":"Visite priv\u00e9e \u00e0 pied de la cath\u00e9drale Saint-Paul","og_description":"Profitez d'une visite priv\u00e9e de la cath\u00e9drale St Paul accompagn\u00e9e d'un guide officiel pour d\u00e9couvrir le si\u00e8ge de l'\u00e9v\u00eaque de Londres et l'un des plus grands temples religieux de Londres.","og_url":"https:\/\/tourtravelandmore.com\/fr\/tours\/royaume-uni-fr\/londres-fr\/toutes-les-visites-et-activites-privees-fr-2\/visite-privee-de-la-cathedrale-saint-paul\/","og_site_name":"Tour Travel And More","article_publisher":"https:\/\/www.facebook.com\/tourtravelandmore\/","article_modified_time":"2024-04-25T18:45:17+00:00","og_image":[{"width":900,"height":680,"url":"https:\/\/tourtravelandmore.com\/wp-content\/uploads\/2022\/04\/image5-9.jpg","type":"image\/jpeg"}],"twitter_card":"summary_large_image","twitter_site":"@TourTravel_More","twitter_misc":{"Dur\u00e9e de lecture estim\u00e9e":"3 minutes"},"schema":{"@context":"https:\/\/schema.org","@graph":[{"@type":"WebPage","@id":"https:\/\/tourtravelandmore.com\/fr\/tours\/royaume-uni-fr\/londres-fr\/toutes-les-visites-et-activites-privees-fr-2\/visite-privee-de-la-cathedrale-saint-paul\/","url":"https:\/\/tourtravelandmore.com\/fr\/tours\/royaume-uni-fr\/londres-fr\/toutes-les-visites-et-activites-privees-fr-2\/visite-privee-de-la-cathedrale-saint-paul\/","name":"Visite priv\u00e9e de la cath\u00e9drale Saint-Paul avec un guide officiel","isPartOf":{"@id":"https:\/\/tourtravelandmore.com\/fr\/#website"},"primaryImageOfPage":{"@id":"https:\/\/tourtravelandmore.com\/fr\/tours\/royaume-uni-fr\/londres-fr\/toutes-les-visites-et-activites-privees-fr-2\/visite-privee-de-la-cathedrale-saint-paul\/#primaryimage"},"image":{"@id":"https:\/\/tourtravelandmore.com\/fr\/tours\/royaume-uni-fr\/londres-fr\/toutes-les-visites-et-activites-privees-fr-2\/visite-privee-de-la-cathedrale-saint-paul\/#primaryimage"},"thumbnailUrl":"https:\/\/tourtravelandmore.com\/wp-content\/uploads\/2022\/04\/image5-9.jpg","datePublished":"2022-04-10T15:33:27+00:00","dateModified":"2024-04-25T18:45:17+00:00","description":"Profitez d'une visite priv\u00e9e de la cath\u00e9drale St Paul accompagn\u00e9e d'un guide officiel pour d\u00e9couvrir le si\u00e8ge de l'\u00e9v\u00eaque de Londres et l'un des plus grands temples religieux de Londres.","breadcrumb":{"@id":"https:\/\/tourtravelandmore.com\/fr\/tours\/royaume-uni-fr\/londres-fr\/toutes-les-visites-et-activites-privees-fr-2\/visite-privee-de-la-cathedrale-saint-paul\/#breadcrumb"},"inLanguage":"fr-FR","potentialAction":[{"@type":"ReadAction","target":["https:\/\/tourtravelandmore.com\/fr\/tours\/royaume-uni-fr\/londres-fr\/toutes-les-visites-et-activites-privees-fr-2\/visite-privee-de-la-cathedrale-saint-paul\/"]}]},{"@type":"ImageObject","inLanguage":"fr-FR","@id":"https:\/\/tourtravelandmore.com\/fr\/tours\/royaume-uni-fr\/londres-fr\/toutes-les-visites-et-activites-privees-fr-2\/visite-privee-de-la-cathedrale-saint-paul\/#primaryimage","url":"https:\/\/tourtravelandmore.com\/wp-content\/uploads\/2022\/04\/image5-9.jpg","contentUrl":"https:\/\/tourtravelandmore.com\/wp-content\/uploads\/2022\/04\/image5-9.jpg","width":900,"height":680},{"@type":"BreadcrumbList","@id":"https:\/\/tourtravelandmore.com\/fr\/tours\/royaume-uni-fr\/londres-fr\/toutes-les-visites-et-activites-privees-fr-2\/visite-privee-de-la-cathedrale-saint-paul\/#breadcrumb","itemListElement":[{"@type":"ListItem","position":1,"name":"Home","item":"https:\/\/tourtravelandmore.com\/fr\/"},{"@type":"ListItem","position":2,"name":"Tours","item":"https:\/\/tourtravelandmore.com\/fr\/tours\/"},{"@type":"ListItem","position":3,"name":"Visite priv\u00e9e \u00e0 pied de la cath\u00e9drale Saint-Paul"}]},{"@type":"WebSite","@id":"https:\/\/tourtravelandmore.com\/fr\/#website","url":"https:\/\/tourtravelandmore.com\/fr\/","name":"Tour Travel And More","description":"Private sightseeing tours and luxury transfers in Spain","publisher":{"@id":"https:\/\/tourtravelandmore.com\/fr\/#organization"},"potentialAction":[{"@type":"SearchAction","target":{"@type":"EntryPoint","urlTemplate":"https:\/\/tourtravelandmore.com\/fr\/?s={search_term_string}"},"query-input":{"@type":"PropertyValueSpecification","valueRequired":true,"valueName":"search_term_string"}}],"inLanguage":"fr-FR"},{"@type":"Organization","@id":"https:\/\/tourtravelandmore.com\/fr\/#organization","name":"Tour Travel And More","url":"https:\/\/tourtravelandmore.com\/fr\/","logo":{"@type":"ImageObject","inLanguage":"fr-FR","@id":"https:\/\/tourtravelandmore.com\/fr\/#\/schema\/logo\/image\/","url":"https:\/\/tourtravelandmore.com\/wp-content\/uploads\/2022\/12\/cropped-logo-cabecera-new.png","contentUrl":"https:\/\/tourtravelandmore.com\/wp-content\/uploads\/2022\/12\/cropped-logo-cabecera-new.png","width":430,"height":61,"caption":"Tour Travel And More"},"image":{"@id":"https:\/\/tourtravelandmore.com\/fr\/#\/schema\/logo\/image\/"},"sameAs":["https:\/\/www.facebook.com\/tourtravelandmore\/","https:\/\/x.com\/TourTravel_More"]}]}},"_links":{"self":[{"href":"https:\/\/tourtravelandmore.com\/fr\/wp-json\/wp\/v2\/product\/123134","targetHints":{"allow":["GET"]}}],"collection":[{"href":"https:\/\/tourtravelandmore.com\/fr\/wp-json\/wp\/v2\/product"}],"about":[{"href":"https:\/\/tourtravelandmore.com\/fr\/wp-json\/wp\/v2\/types\/product"}],"replies":[{"embeddable":true,"href":"https:\/\/tourtravelandmore.com\/fr\/wp-json\/wp\/v2\/comments?post=123134"}],"wp:featuredmedia":[{"embeddable":true,"href":"https:\/\/tourtravelandmore.com\/fr\/wp-json\/wp\/v2\/media\/123161"}],"wp:attachment":[{"href":"https:\/\/tourtravelandmore.com\/fr\/wp-json\/wp\/v2\/media?parent=123134"}],"wp:term":[{"taxonomy":"product_brand","embeddable":true,"href":"https:\/\/tourtravelandmore.com\/fr\/wp-json\/wp\/v2\/product_brand?post=123134"},{"taxonomy":"product_cat","embeddable":true,"href":"https:\/\/tourtravelandmore.com\/fr\/wp-json\/wp\/v2\/product_cat?post=123134"},{"taxonomy":"product_tag","embeddable":true,"href":"https:\/\/tourtravelandmore.com\/fr\/wp-json\/wp\/v2\/product_tag?post=123134"}],"curies":[{"name":"wp","href":"https:\/\/api.w.org\/{rel}","templated":true}]}}